{"id":19173,"date":"2019-01-17T21:33:03","date_gmt":"2019-01-17T21:33:03","guid":{"rendered":"http:\/\/www.softub.ch\/product\/power-blue-foil-cleaner-waterline-and-tilecleaner\/"},"modified":"2022-07-13T08:16:02","modified_gmt":"2022-07-13T08:16:02","slug":"foil-waterline-and-tilecleaner","status":"publish","type":"product","link":"https:\/\/www.softub.ch\/en\/product\/foil-waterline-and-tilecleaner\/","title":{"rendered":"Power Blue &#8211; Foil, Waterline and Tilecleaner"},"content":{"rendered":"<h1><span style=\"color: #3c9bba;\">Foil, Waterline and Tilecleaner<\/span><\/h1>\n<p>This foil, waterline and tile cleaner is used to clean and remove dirt rims in your whirlpool.<\/p>\n<p>It is also good to clean the inner lining of your Softub when exchanging the water.<\/p>\n<p>&nbsp;<\/p>\n<h3>Directions for use:<\/h3>\n<p>Spray directly onto the to be cleaned surface. Lightly brush using the Power Blue brush, sponge or cloth, and rinse. Safe for all pool &amp; spa surfaces, vinyl, fiberglass, acrylic &amp; tile.<\/p>\n<p>Not for use on deteriorated or older liners, may remove oxidized print &#8211; always spot test first. Do not use on glass or allow to completely dry on surface before rinsing.<\/p>\n<p>Persons with sensitive skin may need to use rubber gloves.<\/p>\n<p><a class=\"sds-btn\" href=\"https:\/\/jacksmagic.com\/wp-content\/uploads\/2017\/02\/Power-Blue-Waterline-Tile-Cleaner-SDS.pdf\" target=\"_blank\" rel=\"noopener\">Safety data sheet<\/a><\/p>\n<p>&nbsp;<\/p>\n<h3 class=\"fusion-responsive-typography-calculated\" data-fontsize=\"16\" data-lineheight=\"24px\"><span lang=\"EN-US\">Why water care is so important:<\/span><\/h3>\n<p><span lang=\"EN-US\">For an unforgettable experience in your Softub whirlpool, consistent water care and regular cleaning of your pool is pivotal to ensure long-lasting protection and maintenance. Hence, using suitable products with precise application is essential.<\/span><\/p>\n<p><span lang=\"EN-US\">Water care products can prevent the growth of microorganisms, remove organic impurities and regulate the water\u2019s pH value. It is crucial to use the prescribed dosages found on the product descriptions.<\/span><\/p>\n<p><span lang=\"EN-US\">Grant your Softub the right care and inform yourself thoroughly. Should you have any further questions, we are happy to advise you via phone call, one of our showrooms or directly at home.<\/span><\/p>\n<p>&nbsp;<\/p>\n<h3>Further water care and cleaning products from Softub:<\/h3>\n<p>We have assembled a wide range of\u00a0additional <a href=\"https:\/\/softub.ch\/en\/shop-2\/water-care-and-cleaning\/\" target=\"_blank\" rel=\"noopener\">water care and cleaning products<\/a> from Softub that you can choose from in our online shop.<\/p>\n<p>Moreover, if you want to create your own personal wellness oasis and want to make your Softub the centre of attention in your garden, have a look at our Italian handmade <a href=\"https:\/\/meinschattenspender.ch\/\" target=\"_blank\" rel=\"noopener\">Unosider Pavilions<\/a> and canopies.<\/p>\n<p>We are happy to advise you and provide further information via phone, in one of our showrooms or even in your own personal home.<\/p>\n","protected":false},"excerpt":{"rendered":"<h1><span style=\"color: #3c9bba;\">Foil, Waterline and Tilecleaner<\/span><\/h1>\n<p>Power Blue is used to clean stubborn, dirty edges on the inner lining of your Softub when the water is exchanged.<\/p>\n<p>Content: 250 ml<\/p>\n","protected":false},"featured_media":19174,"template":"","meta":{"_acf_changed":false},"product_brand":[],"product_cat":[238],"product_tag":[1066,1313,412,1293,679,1453,1457,1456,1312,1455,413,1245,1454],"woo-feed-brand":[],"class_list":{"0":"post-19173","1":"product","2":"type-product","3":"status-publish","4":"has-post-thumbnail","6":"product_cat-water-care-cleaning","7":"product_tag-chemie-en","8":"product_tag-foil-cleaner","9":"product_tag-jacuzzi-en","10":"product_tag-pool-care","11":"product_tag-softub-en","12":"product_tag-softub-care","13":"product_tag-spa-care","14":"product_tag-sun-protection-for-hot-tubs","15":"product_tag-uv-protection","16":"product_tag-uv-protection-for-pools","17":"product_tag-wellness-en","18":"product_tag-wellness-oasis","19":"product_tag-whirlpool-care","20":"product_shipping_class-post-15","22":"first","23":"instock","24":"featured","25":"taxable","26":"shipping-taxable","27":"purchasable","28":"product-type-variable"},"acf":[],"yoast_head":"<!-- This site is optimized with the Yoast SEO Premium plugin v27.6 (Yoast SEO v27.6) - https:\/\/yoast.com\/product\/yoast-seo-premium-wordpress\/ -->\n<title>Foil, Waterline and Tilecleaner - Power Blue<\/title>\n<meta name=\"description\" content=\"Power Blue foil, Waterline and Tilecleaner is used to clean stubborn dirty edges in your Softub whirlpool.\" \/>\n<meta name=\"robots\" content=\"index, follow, max-snippet:-1, max-image-preview:large, max-video-preview:-1\" \/>\n<link rel=\"canonical\" href=\"https:\/\/www.softub.ch\/en\/product\/foil-waterline-and-tilecleaner\/\" \/>\n<meta property=\"og:locale\" content=\"en_US\" \/>\n<meta property=\"og:type\" content=\"article\" \/>\n<meta property=\"og:title\" content=\"Power Blue - Foil, Waterline and Tilecleaner\" \/>\n<meta property=\"og:description\" content=\"Power Blue foil, Waterline and Tilecleaner is used to clean stubborn dirty edges in your Softub whirlpool.\" \/>\n<meta property=\"og:url\" content=\"https:\/\/www.softub.ch\/en\/product\/foil-waterline-and-tilecleaner\/\" \/>\n<meta property=\"og:site_name\" content=\"Softub Schweiz\" \/>\n<meta property=\"article:publisher\" content=\"https:\/\/www.facebook.com\/softubschweiz\" \/>\n<meta property=\"article:modified_time\" content=\"2022-07-13T08:16:02+00:00\" \/>\n<meta property=\"og:image\" content=\"https:\/\/www.softub.ch\/wp-content\/uploads\/Powe-Blue-innen-1-1.jpg\" \/>\n\t<meta property=\"og:image:width\" content=\"561\" \/>\n\t<meta property=\"og:image:height\" content=\"379\" \/>\n\t<meta property=\"og:image:type\" content=\"image\/jpeg\" \/>\n<meta name=\"twitter:card\" content=\"summary_large_image\" \/>\n<meta name=\"twitter:label1\" content=\"Est. reading time\" \/>\n\t<meta name=\"twitter:data1\" content=\"2 minutes\" \/>\n<script type=\"application\/ld+json\" class=\"yoast-schema-graph\">{\"@context\":\"https:\\\/\\\/schema.org\",\"@graph\":[{\"@type\":\"WebPage\",\"@id\":\"https:\\\/\\\/www.softub.ch\\\/en\\\/product\\\/foil-waterline-and-tilecleaner\\\/\",\"url\":\"https:\\\/\\\/www.softub.ch\\\/en\\\/product\\\/foil-waterline-and-tilecleaner\\\/\",\"name\":\"Foil, Waterline and Tilecleaner - Power Blue\",\"isPartOf\":{\"@id\":\"https:\\\/\\\/www.softub.ch\\\/fr\\\/#website\"},\"primaryImageOfPage\":{\"@id\":\"https:\\\/\\\/www.softub.ch\\\/en\\\/product\\\/foil-waterline-and-tilecleaner\\\/#primaryimage\"},\"image\":{\"@id\":\"https:\\\/\\\/www.softub.ch\\\/en\\\/product\\\/foil-waterline-and-tilecleaner\\\/#primaryimage\"},\"thumbnailUrl\":\"https:\\\/\\\/www.softub.ch\\\/wp-content\\\/uploads\\\/Powe-Blue-innen-1-1.jpg\",\"datePublished\":\"2019-01-17T21:33:03+00:00\",\"dateModified\":\"2022-07-13T08:16:02+00:00\",\"description\":\"Power Blue foil, Waterline and Tilecleaner is used to clean stubborn dirty edges in your Softub whirlpool.\",\"breadcrumb\":{\"@id\":\"https:\\\/\\\/www.softub.ch\\\/en\\\/product\\\/foil-waterline-and-tilecleaner\\\/#breadcrumb\"},\"inLanguage\":\"en-US\",\"potentialAction\":[{\"@type\":\"ReadAction\",\"target\":[\"https:\\\/\\\/www.softub.ch\\\/en\\\/product\\\/foil-waterline-and-tilecleaner\\\/\"]}]},{\"@type\":\"ImageObject\",\"inLanguage\":\"en-US\",\"@id\":\"https:\\\/\\\/www.softub.ch\\\/en\\\/product\\\/foil-waterline-and-tilecleaner\\\/#primaryimage\",\"url\":\"https:\\\/\\\/www.softub.ch\\\/wp-content\\\/uploads\\\/Powe-Blue-innen-1-1.jpg\",\"contentUrl\":\"https:\\\/\\\/www.softub.ch\\\/wp-content\\\/uploads\\\/Powe-Blue-innen-1-1.jpg\",\"width\":561,\"height\":379,\"caption\":\"Die Waterline, Tile und Innenhaut Reinigung dient zur Reinigung hartn\u00e4ckiger Schmutzr\u00e4nder in Ihrem Softub und zur gr\u00fcndlichen Innenhautreinigung beim Wassserwechsel.\"},{\"@type\":\"BreadcrumbList\",\"@id\":\"https:\\\/\\\/www.softub.ch\\\/en\\\/product\\\/foil-waterline-and-tilecleaner\\\/#breadcrumb\",\"itemListElement\":[{\"@type\":\"ListItem\",\"position\":1,\"name\":\"Startseite\",\"item\":\"https:\\\/\\\/www.softub.ch\\\/en\\\/\"},{\"@type\":\"ListItem\",\"position\":2,\"name\":\"Shop\",\"item\":\"https:\\\/\\\/www.softub.ch\\\/en\\\/shop-2\\\/\"},{\"@type\":\"ListItem\",\"position\":3,\"name\":\"Power Blue &#8211; Foil, Waterline and Tilecleaner\"}]},{\"@type\":\"WebSite\",\"@id\":\"https:\\\/\\\/www.softub.ch\\\/fr\\\/#website\",\"url\":\"https:\\\/\\\/www.softub.ch\\\/fr\\\/\",\"name\":\"Softub Schweiz\",\"description\":\"Softub - Wir machen Ferien Zuhause\",\"publisher\":{\"@id\":\"https:\\\/\\\/www.softub.ch\\\/fr\\\/#organization\"},\"potentialAction\":[{\"@type\":\"SearchAction\",\"target\":{\"@type\":\"EntryPoint\",\"urlTemplate\":\"https:\\\/\\\/www.softub.ch\\\/fr\\\/?s={search_term_string}\"},\"query-input\":{\"@type\":\"PropertyValueSpecification\",\"valueRequired\":true,\"valueName\":\"search_term_string\"}}],\"inLanguage\":\"en-US\"},{\"@type\":\"Organization\",\"@id\":\"https:\\\/\\\/www.softub.ch\\\/fr\\\/#organization\",\"name\":\"Softub Schweiz AG\",\"url\":\"https:\\\/\\\/www.softub.ch\\\/fr\\\/\",\"logo\":{\"@type\":\"ImageObject\",\"inLanguage\":\"en-US\",\"@id\":\"https:\\\/\\\/www.softub.ch\\\/fr\\\/#\\\/schema\\\/logo\\\/image\\\/\",\"url\":\"https:\\\/\\\/www.softub.ch\\\/wp-content\\\/uploads\\\/Softub-Logo-Softub-Schweiz-.png\",\"contentUrl\":\"https:\\\/\\\/www.softub.ch\\\/wp-content\\\/uploads\\\/Softub-Logo-Softub-Schweiz-.png\",\"width\":200,\"height\":73,\"caption\":\"Softub Schweiz AG\"},\"image\":{\"@id\":\"https:\\\/\\\/www.softub.ch\\\/fr\\\/#\\\/schema\\\/logo\\\/image\\\/\"},\"sameAs\":[\"https:\\\/\\\/www.facebook.com\\\/softubschweiz\",\"https:\\\/\\\/www.instagram.com\\\/softub_schweiz\\\/\",\"https:\\\/\\\/ch.pinterest.com\\\/softub_schweiz\\\/\",\"https:\\\/\\\/www.linkedin.com\\\/company\\\/softub-schweiz-ag\\\/\"]}]}<\/script>\n<!-- \/ Yoast SEO Premium plugin. -->","yoast_head_json":{"title":"Foil, Waterline and Tilecleaner - Power Blue","description":"Power Blue foil, Waterline and Tilecleaner is used to clean stubborn dirty edges in your Softub whirlpool.","robots":{"index":"index","follow":"follow","max-snippet":"max-snippet:-1","max-image-preview":"max-image-preview:large","max-video-preview":"max-video-preview:-1"},"canonical":"https:\/\/www.softub.ch\/en\/product\/foil-waterline-and-tilecleaner\/","og_locale":"en_US","og_type":"article","og_title":"Power Blue - Foil, Waterline and Tilecleaner","og_description":"Power Blue foil, Waterline and Tilecleaner is used to clean stubborn dirty edges in your Softub whirlpool.","og_url":"https:\/\/www.softub.ch\/en\/product\/foil-waterline-and-tilecleaner\/","og_site_name":"Softub Schweiz","article_publisher":"https:\/\/www.facebook.com\/softubschweiz","article_modified_time":"2022-07-13T08:16:02+00:00","og_image":[{"width":561,"height":379,"url":"https:\/\/www.softub.ch\/wp-content\/uploads\/Powe-Blue-innen-1-1.jpg","type":"image\/jpeg"}],"twitter_card":"summary_large_image","twitter_misc":{"Est. reading time":"2 minutes"},"schema":{"@context":"https:\/\/schema.org","@graph":[{"@type":"WebPage","@id":"https:\/\/www.softub.ch\/en\/product\/foil-waterline-and-tilecleaner\/","url":"https:\/\/www.softub.ch\/en\/product\/foil-waterline-and-tilecleaner\/","name":"Foil, Waterline and Tilecleaner - Power Blue","isPartOf":{"@id":"https:\/\/www.softub.ch\/fr\/#website"},"primaryImageOfPage":{"@id":"https:\/\/www.softub.ch\/en\/product\/foil-waterline-and-tilecleaner\/#primaryimage"},"image":{"@id":"https:\/\/www.softub.ch\/en\/product\/foil-waterline-and-tilecleaner\/#primaryimage"},"thumbnailUrl":"https:\/\/www.softub.ch\/wp-content\/uploads\/Powe-Blue-innen-1-1.jpg","datePublished":"2019-01-17T21:33:03+00:00","dateModified":"2022-07-13T08:16:02+00:00","description":"Power Blue foil, Waterline and Tilecleaner is used to clean stubborn dirty edges in your Softub whirlpool.","breadcrumb":{"@id":"https:\/\/www.softub.ch\/en\/product\/foil-waterline-and-tilecleaner\/#breadcrumb"},"inLanguage":"en-US","potentialAction":[{"@type":"ReadAction","target":["https:\/\/www.softub.ch\/en\/product\/foil-waterline-and-tilecleaner\/"]}]},{"@type":"ImageObject","inLanguage":"en-US","@id":"https:\/\/www.softub.ch\/en\/product\/foil-waterline-and-tilecleaner\/#primaryimage","url":"https:\/\/www.softub.ch\/wp-content\/uploads\/Powe-Blue-innen-1-1.jpg","contentUrl":"https:\/\/www.softub.ch\/wp-content\/uploads\/Powe-Blue-innen-1-1.jpg","width":561,"height":379,"caption":"Die Waterline, Tile und Innenhaut Reinigung dient zur Reinigung hartn\u00e4ckiger Schmutzr\u00e4nder in Ihrem Softub und zur gr\u00fcndlichen Innenhautreinigung beim Wassserwechsel."},{"@type":"BreadcrumbList","@id":"https:\/\/www.softub.ch\/en\/product\/foil-waterline-and-tilecleaner\/#breadcrumb","itemListElement":[{"@type":"ListItem","position":1,"name":"Startseite","item":"https:\/\/www.softub.ch\/en\/"},{"@type":"ListItem","position":2,"name":"Shop","item":"https:\/\/www.softub.ch\/en\/shop-2\/"},{"@type":"ListItem","position":3,"name":"Power Blue &#8211; Foil, Waterline and Tilecleaner"}]},{"@type":"WebSite","@id":"https:\/\/www.softub.ch\/fr\/#website","url":"https:\/\/www.softub.ch\/fr\/","name":"Softub Schweiz","description":"Softub - Wir machen Ferien Zuhause","publisher":{"@id":"https:\/\/www.softub.ch\/fr\/#organization"},"potentialAction":[{"@type":"SearchAction","target":{"@type":"EntryPoint","urlTemplate":"https:\/\/www.softub.ch\/fr\/?s={search_term_string}"},"query-input":{"@type":"PropertyValueSpecification","valueRequired":true,"valueName":"search_term_string"}}],"inLanguage":"en-US"},{"@type":"Organization","@id":"https:\/\/www.softub.ch\/fr\/#organization","name":"Softub Schweiz AG","url":"https:\/\/www.softub.ch\/fr\/","logo":{"@type":"ImageObject","inLanguage":"en-US","@id":"https:\/\/www.softub.ch\/fr\/#\/schema\/logo\/image\/","url":"https:\/\/www.softub.ch\/wp-content\/uploads\/Softub-Logo-Softub-Schweiz-.png","contentUrl":"https:\/\/www.softub.ch\/wp-content\/uploads\/Softub-Logo-Softub-Schweiz-.png","width":200,"height":73,"caption":"Softub Schweiz AG"},"image":{"@id":"https:\/\/www.softub.ch\/fr\/#\/schema\/logo\/image\/"},"sameAs":["https:\/\/www.facebook.com\/softubschweiz","https:\/\/www.instagram.com\/softub_schweiz\/","https:\/\/ch.pinterest.com\/softub_schweiz\/","https:\/\/www.linkedin.com\/company\/softub-schweiz-ag\/"]}]}},"_links":{"self":[{"href":"https:\/\/www.softub.ch\/en\/wp-json\/wp\/v2\/product\/19173","targetHints":{"allow":["GET"]}}],"collection":[{"href":"https:\/\/www.softub.ch\/en\/wp-json\/wp\/v2\/product"}],"about":[{"href":"https:\/\/www.softub.ch\/en\/wp-json\/wp\/v2\/types\/product"}],"wp:featuredmedia":[{"embeddable":true,"href":"https:\/\/www.softub.ch\/en\/wp-json\/wp\/v2\/media\/19174"}],"wp:attachment":[{"href":"https:\/\/www.softub.ch\/en\/wp-json\/wp\/v2\/media?parent=19173"}],"wp:term":[{"taxonomy":"product_brand","embeddable":true,"href":"https:\/\/www.softub.ch\/en\/wp-json\/wp\/v2\/product_brand?post=19173"},{"taxonomy":"product_cat","embeddable":true,"href":"https:\/\/www.softub.ch\/en\/wp-json\/wp\/v2\/product_cat?post=19173"},{"taxonomy":"product_tag","embeddable":true,"href":"https:\/\/www.softub.ch\/en\/wp-json\/wp\/v2\/product_tag?post=19173"},{"taxonomy":"woo-feed-brand","embeddable":true,"href":"https:\/\/www.softub.ch\/en\/wp-json\/wp\/v2\/woo-feed-brand?post=19173"}],"curies":[{"name":"wp","href":"https:\/\/api.w.org\/{rel}","templated":true}]}}