{"id":33814,"date":"2021-06-14T08:27:41","date_gmt":"2021-06-14T08:27:41","guid":{"rendered":"https:\/\/www.softub.ch\/product\/biohort-foundation-smartbase\/"},"modified":"2024-10-02T09:17:45","modified_gmt":"2024-10-02T07:17:45","slug":"biohort-smartbase-foundation","status":"publish","type":"product","link":"https:\/\/www.softub.ch\/en\/product\/biohort-smartbase-foundation\/","title":{"rendered":"Biohort Foundation SmartBase &#8211; floor for solid ground"},"content":{"rendered":"<div class=\"fusion-fullwidth fullwidth-box fusion-builder-row-1 fusion-flex-container nonhundred-percent-fullwidth non-hundred-percent-height-scrolling\" style=\"--awb-border-radius-top-left:0px;--awb-border-radius-top-right:0px;--awb-border-radius-bottom-right:0px;--awb-border-radius-bottom-left:0px;--awb-flex-wrap:wrap;\" ><div class=\"fusion-builder-row fusion-row fusion-flex-align-items-flex-start fusion-flex-content-wrap\" style=\"max-width:1248px;margin-left: calc(-4% \/ 2 );margin-right: calc(-4% \/ 2 );\"><div class=\"fusion-layout-column fusion_builder_column fusion-builder-column-0 fusion_builder_column_1_1 1_1 fusion-flex-column\" style=\"--awb-bg-size:cover;--awb-width-large:100%;--awb-margin-top-large:0px;--awb-spacing-right-large:1.92%;--awb-margin-bottom-large:0px;--awb-spacing-left-large:1.92%;--awb-width-medium:100%;--awb-spacing-right-medium:1.92%;--awb-spacing-left-medium:1.92%;--awb-width-small:100%;--awb-spacing-right-small:1.92%;--awb-spacing-left-small:1.92%;\"><div class=\"fusion-column-wrapper fusion-flex-justify-content-flex-start fusion-content-layout-column\"><div class=\"fusion-text fusion-text-1\"><h1><span style=\"color: #429bba;\">Fundament Biohort SmartBase<\/span><\/h1>\n<p>Das Fundament Biohort SmartBase ist der perfekte Boden f\u00fcr festen Untergrund. Es besteht aus hochwertigen Aludielen, einem speziellen Fundamentrahmen und h\u00f6henverstellbaren Stellf\u00fcssen. So k\u00f6nnen leichte Bodenunebenheiten von bis zu 4 cm ausgeglichen werden. Bei Bedarf leicht zu entfernen, exakte Abstimmung auf alle <a href=\"https:\/\/www.softub.ch\/produkt-kategorie\/biohort-geraetehaus\/\" target=\"_blank\" rel=\"noopener\">biohort Ger\u00e4teh\u00e4user<\/a>, Ger\u00e4teschr\u00e4nke und MiniGarage, Sturmsicherheit und eine Belastbarkeit von bis zu 200 kg\/m\u00b2.<\/p>\n<h3><span style=\"color: #429bba;\">Artikeldetails:<\/span><\/h3>\n<ul>\n<li>Anwendung: Stabilisieren<\/li>\n<li>Material: Metall<\/li>\n<li>Materialspezifizierung: Aluminium, Stahl<\/li>\n<li>Gewicht: 118 kg<\/li>\n<\/ul>\n<h3><span style=\"color: #429bba;\">Weiteres Zubeh\u00f6r f\u00fcr Ihr Zuhause:<\/span><\/h3>\n<div id=\"colors-and-sizes\" class=\"tab-holder\">\n<div class=\"tab-wrapper\">\n<div class=\"tab-content colors-and-sizes\">\n<div class=\"api-content\">\n<div id=\"c8205\" class=\"ecx-cframe ecx-layout0 ecx-imagepos-17 \">\n<div class=\"ecx-ctype ecx-ctype-textmedia\">\n<div class=\"ce-textpic ce-right ce-intext\">\n<div class=\"ce-bodytext\">\n<p>Wir haben ein reichhaltiges Zubeh\u00f6rsortiment f\u00fcr Sie zusammengestellt, so dass Sie sich die passenden Produkte in Ruhe in unserem Onlineshop ausw\u00e4hlen k\u00f6nnen. Wenn Sie sich dar\u00fcber hinaus Ihre ganz pers\u00f6nliche Wellness-Oase schaffen wollen, so schauen Sie sich doch einfach unsere Softub\u00a0<a href=\"https:\/\/softub.ch\/simply-relaxing\/softub-whirlpools\/\">Whirlpools<\/a> oder Weka Saunen an \u2013 eventuell auch in Kombination mit einem <a href=\"https:\/\/meinschattenspender.ch\/\">Unosider-<\/a><a href=\"https:\/\/meinschattenspender.ch\/\">Pavillon<\/a>.<\/p>\n<p>Wir beraten Sie gerne, telefonisch, in einem unserer Showrooms oder bei Ihnen Zuhause.<\/p>\n<\/div>\n<\/div>\n<\/div>\n<\/div>\n<\/div>\n<\/div>\n<\/div>\n<\/div>\n<\/div><\/div><\/div><\/div><\/div>\n","protected":false},"excerpt":{"rendered":"<h1><span style=\"color: #429bba;\">Biohort <\/span><span style=\"color: #429bba;\">SmartBase <\/span><span style=\"color: #429bba;\">Foundation\u00a0<\/span><\/h1>\n<ul>\n<li>to stabilize your garden shed<\/li>\n<li>material: metal<\/li>\n<li>material specification: aluminium, steel<\/li>\n<li>weight: 118 kg<\/li>\n<\/ul>\n","protected":false},"featured_media":32530,"template":"","meta":{"_acf_changed":false},"product_brand":[],"product_cat":[5277],"product_tag":[4465,4467,4422,2975,4421,4516,4515,4512,4468,4466,4511,4513,679,3045,1334,4514],"woo-feed-brand":[],"class_list":{"0":"post-33814","1":"product","2":"type-product","3":"status-publish","4":"has-post-thumbnail","6":"product_cat-biohort-accessoires-replacement-parts","7":"product_tag-accessories-for-garden-house","8":"product_tag-accessories-for-garden-shed","9":"product_tag-accessories-from-biohort","10":"product_tag-biohort-en","11":"product_tag-biohort-accessories","12":"product_tag-biohort-foundation-smartbase","13":"product_tag-floor-for-solid-ground","14":"product_tag-foundation-for-garden-sheds","15":"product_tag-garden-house-accessories","16":"product_tag-garden-shed-accessories","17":"product_tag-garden-shed-foundation","18":"product_tag-garden-shed-stabilizations","19":"product_tag-softub-en","20":"product_tag-softub-schweiz-ag-en","21":"product_tag-softub-switzerland","22":"product_tag-stabilization-for-garden-sheds","23":"product_shipping_class-biohort-kostenlose-lieferung","25":"first","26":"instock","27":"sale","28":"taxable","29":"shipping-taxable","30":"purchasable","31":"product-type-variable"},"acf":[],"yoast_head":"<!-- This site is optimized with the Yoast SEO Premium plugin v27.4 (Yoast SEO v27.4) - https:\/\/yoast.com\/product\/yoast-seo-premium-wordpress\/ -->\n<title>Biohort SmartBase Foundation - floor for solid ground<\/title>\n<meta name=\"description\" content=\"The Biohort SmartBase Foundation is the perfect floor for a solid ground. Slight ground unevenness of up to 4 cm can be compensated.\" \/>\n<meta name=\"robots\" content=\"index, follow, max-snippet:-1, max-image-preview:large, max-video-preview:-1\" \/>\n<link rel=\"canonical\" href=\"https:\/\/www.softub.ch\/en\/product\/biohort-smartbase-foundation\/\" \/>\n<meta property=\"og:locale\" content=\"en_US\" \/>\n<meta property=\"og:type\" content=\"article\" \/>\n<meta property=\"og:title\" content=\"Biohort Foundation SmartBase - floor for solid ground\" \/>\n<meta property=\"og:description\" content=\"The Biohort SmartBase Foundation is the perfect floor for a solid ground. Slight ground unevenness of up to 4 cm can be compensated.\" \/>\n<meta property=\"og:url\" content=\"https:\/\/www.softub.ch\/en\/product\/biohort-smartbase-foundation\/\" \/>\n<meta property=\"og:site_name\" content=\"Softub Schweiz\" \/>\n<meta property=\"article:publisher\" content=\"https:\/\/www.facebook.com\/softubschweiz\" \/>\n<meta property=\"article:modified_time\" content=\"2024-10-02T07:17:45+00:00\" \/>\n<meta property=\"og:image\" content=\"https:\/\/www.softub.ch\/wp-content\/uploads\/Biohort-Fundament-SmartBase-Softub-Schweiz-0.jpg\" \/>\n\t<meta property=\"og:image:width\" content=\"500\" \/>\n\t<meta property=\"og:image:height\" content=\"400\" \/>\n\t<meta property=\"og:image:type\" content=\"image\/jpeg\" \/>\n<meta name=\"twitter:card\" content=\"summary_large_image\" \/>\n<meta name=\"twitter:label1\" content=\"Est. reading time\" \/>\n\t<meta name=\"twitter:data1\" content=\"1 minute\" \/>\n<script type=\"application\/ld+json\" class=\"yoast-schema-graph\">{\"@context\":\"https:\\\/\\\/schema.org\",\"@graph\":[{\"@type\":\"WebPage\",\"@id\":\"https:\\\/\\\/www.softub.ch\\\/en\\\/product\\\/biohort-smartbase-foundation\\\/\",\"url\":\"https:\\\/\\\/www.softub.ch\\\/en\\\/product\\\/biohort-smartbase-foundation\\\/\",\"name\":\"Biohort SmartBase Foundation - floor for solid ground\",\"isPartOf\":{\"@id\":\"https:\\\/\\\/www.softub.ch\\\/fr\\\/#website\"},\"primaryImageOfPage\":{\"@id\":\"https:\\\/\\\/www.softub.ch\\\/en\\\/product\\\/biohort-smartbase-foundation\\\/#primaryimage\"},\"image\":{\"@id\":\"https:\\\/\\\/www.softub.ch\\\/en\\\/product\\\/biohort-smartbase-foundation\\\/#primaryimage\"},\"thumbnailUrl\":\"https:\\\/\\\/www.softub.ch\\\/wp-content\\\/uploads\\\/Biohort-Fundament-SmartBase-Softub-Schweiz-0.jpg\",\"datePublished\":\"2021-06-14T08:27:41+00:00\",\"dateModified\":\"2024-10-02T07:17:45+00:00\",\"description\":\"The Biohort SmartBase Foundation is the perfect floor for a solid ground. Slight ground unevenness of up to 4 cm can be compensated.\",\"breadcrumb\":{\"@id\":\"https:\\\/\\\/www.softub.ch\\\/en\\\/product\\\/biohort-smartbase-foundation\\\/#breadcrumb\"},\"inLanguage\":\"en-US\",\"potentialAction\":[{\"@type\":\"ReadAction\",\"target\":[\"https:\\\/\\\/www.softub.ch\\\/en\\\/product\\\/biohort-smartbase-foundation\\\/\"]}]},{\"@type\":\"ImageObject\",\"inLanguage\":\"en-US\",\"@id\":\"https:\\\/\\\/www.softub.ch\\\/en\\\/product\\\/biohort-smartbase-foundation\\\/#primaryimage\",\"url\":\"https:\\\/\\\/www.softub.ch\\\/wp-content\\\/uploads\\\/Biohort-Fundament-SmartBase-Softub-Schweiz-0.jpg\",\"contentUrl\":\"https:\\\/\\\/www.softub.ch\\\/wp-content\\\/uploads\\\/Biohort-Fundament-SmartBase-Softub-Schweiz-0.jpg\",\"width\":500,\"height\":400,\"caption\":\"Biohort Foundation SmartBase Softub Switzerland. A shed that is built with a SmartBase construction.\"},{\"@type\":\"BreadcrumbList\",\"@id\":\"https:\\\/\\\/www.softub.ch\\\/en\\\/product\\\/biohort-smartbase-foundation\\\/#breadcrumb\",\"itemListElement\":[{\"@type\":\"ListItem\",\"position\":1,\"name\":\"Startseite\",\"item\":\"https:\\\/\\\/www.softub.ch\\\/en\\\/\"},{\"@type\":\"ListItem\",\"position\":2,\"name\":\"Shop\",\"item\":\"https:\\\/\\\/www.softub.ch\\\/en\\\/shop-2\\\/\"},{\"@type\":\"ListItem\",\"position\":3,\"name\":\"Biohort Foundation SmartBase &#8211; floor for solid ground\"}]},{\"@type\":\"WebSite\",\"@id\":\"https:\\\/\\\/www.softub.ch\\\/fr\\\/#website\",\"url\":\"https:\\\/\\\/www.softub.ch\\\/fr\\\/\",\"name\":\"Softub Schweiz\",\"description\":\"Softub - Wir machen Ferien Zuhause\",\"publisher\":{\"@id\":\"https:\\\/\\\/www.softub.ch\\\/fr\\\/#organization\"},\"potentialAction\":[{\"@type\":\"SearchAction\",\"target\":{\"@type\":\"EntryPoint\",\"urlTemplate\":\"https:\\\/\\\/www.softub.ch\\\/fr\\\/?s={search_term_string}\"},\"query-input\":{\"@type\":\"PropertyValueSpecification\",\"valueRequired\":true,\"valueName\":\"search_term_string\"}}],\"inLanguage\":\"en-US\"},{\"@type\":\"Organization\",\"@id\":\"https:\\\/\\\/www.softub.ch\\\/fr\\\/#organization\",\"name\":\"Softub Schweiz AG\",\"url\":\"https:\\\/\\\/www.softub.ch\\\/fr\\\/\",\"logo\":{\"@type\":\"ImageObject\",\"inLanguage\":\"en-US\",\"@id\":\"https:\\\/\\\/www.softub.ch\\\/fr\\\/#\\\/schema\\\/logo\\\/image\\\/\",\"url\":\"https:\\\/\\\/www.softub.ch\\\/wp-content\\\/uploads\\\/Softub-Logo-Softub-Schweiz-.png\",\"contentUrl\":\"https:\\\/\\\/www.softub.ch\\\/wp-content\\\/uploads\\\/Softub-Logo-Softub-Schweiz-.png\",\"width\":200,\"height\":73,\"caption\":\"Softub Schweiz AG\"},\"image\":{\"@id\":\"https:\\\/\\\/www.softub.ch\\\/fr\\\/#\\\/schema\\\/logo\\\/image\\\/\"},\"sameAs\":[\"https:\\\/\\\/www.facebook.com\\\/softubschweiz\",\"https:\\\/\\\/www.instagram.com\\\/softub_schweiz\\\/\",\"https:\\\/\\\/ch.pinterest.com\\\/softub_schweiz\\\/\",\"https:\\\/\\\/www.linkedin.com\\\/company\\\/softub-schweiz-ag\\\/\"]}]}<\/script>\n<!-- \/ Yoast SEO Premium plugin. -->","yoast_head_json":{"title":"Biohort SmartBase Foundation - floor for solid ground","description":"The Biohort SmartBase Foundation is the perfect floor for a solid ground. Slight ground unevenness of up to 4 cm can be compensated.","robots":{"index":"index","follow":"follow","max-snippet":"max-snippet:-1","max-image-preview":"max-image-preview:large","max-video-preview":"max-video-preview:-1"},"canonical":"https:\/\/www.softub.ch\/en\/product\/biohort-smartbase-foundation\/","og_locale":"en_US","og_type":"article","og_title":"Biohort Foundation SmartBase - floor for solid ground","og_description":"The Biohort SmartBase Foundation is the perfect floor for a solid ground. Slight ground unevenness of up to 4 cm can be compensated.","og_url":"https:\/\/www.softub.ch\/en\/product\/biohort-smartbase-foundation\/","og_site_name":"Softub Schweiz","article_publisher":"https:\/\/www.facebook.com\/softubschweiz","article_modified_time":"2024-10-02T07:17:45+00:00","og_image":[{"width":500,"height":400,"url":"https:\/\/www.softub.ch\/wp-content\/uploads\/Biohort-Fundament-SmartBase-Softub-Schweiz-0.jpg","type":"image\/jpeg"}],"twitter_card":"summary_large_image","twitter_misc":{"Est. reading time":"1 minute"},"schema":{"@context":"https:\/\/schema.org","@graph":[{"@type":"WebPage","@id":"https:\/\/www.softub.ch\/en\/product\/biohort-smartbase-foundation\/","url":"https:\/\/www.softub.ch\/en\/product\/biohort-smartbase-foundation\/","name":"Biohort SmartBase Foundation - floor for solid ground","isPartOf":{"@id":"https:\/\/www.softub.ch\/fr\/#website"},"primaryImageOfPage":{"@id":"https:\/\/www.softub.ch\/en\/product\/biohort-smartbase-foundation\/#primaryimage"},"image":{"@id":"https:\/\/www.softub.ch\/en\/product\/biohort-smartbase-foundation\/#primaryimage"},"thumbnailUrl":"https:\/\/www.softub.ch\/wp-content\/uploads\/Biohort-Fundament-SmartBase-Softub-Schweiz-0.jpg","datePublished":"2021-06-14T08:27:41+00:00","dateModified":"2024-10-02T07:17:45+00:00","description":"The Biohort SmartBase Foundation is the perfect floor for a solid ground. Slight ground unevenness of up to 4 cm can be compensated.","breadcrumb":{"@id":"https:\/\/www.softub.ch\/en\/product\/biohort-smartbase-foundation\/#breadcrumb"},"inLanguage":"en-US","potentialAction":[{"@type":"ReadAction","target":["https:\/\/www.softub.ch\/en\/product\/biohort-smartbase-foundation\/"]}]},{"@type":"ImageObject","inLanguage":"en-US","@id":"https:\/\/www.softub.ch\/en\/product\/biohort-smartbase-foundation\/#primaryimage","url":"https:\/\/www.softub.ch\/wp-content\/uploads\/Biohort-Fundament-SmartBase-Softub-Schweiz-0.jpg","contentUrl":"https:\/\/www.softub.ch\/wp-content\/uploads\/Biohort-Fundament-SmartBase-Softub-Schweiz-0.jpg","width":500,"height":400,"caption":"Biohort Foundation SmartBase Softub Switzerland. A shed that is built with a SmartBase construction."},{"@type":"BreadcrumbList","@id":"https:\/\/www.softub.ch\/en\/product\/biohort-smartbase-foundation\/#breadcrumb","itemListElement":[{"@type":"ListItem","position":1,"name":"Startseite","item":"https:\/\/www.softub.ch\/en\/"},{"@type":"ListItem","position":2,"name":"Shop","item":"https:\/\/www.softub.ch\/en\/shop-2\/"},{"@type":"ListItem","position":3,"name":"Biohort Foundation SmartBase &#8211; floor for solid ground"}]},{"@type":"WebSite","@id":"https:\/\/www.softub.ch\/fr\/#website","url":"https:\/\/www.softub.ch\/fr\/","name":"Softub Schweiz","description":"Softub - Wir machen Ferien Zuhause","publisher":{"@id":"https:\/\/www.softub.ch\/fr\/#organization"},"potentialAction":[{"@type":"SearchAction","target":{"@type":"EntryPoint","urlTemplate":"https:\/\/www.softub.ch\/fr\/?s={search_term_string}"},"query-input":{"@type":"PropertyValueSpecification","valueRequired":true,"valueName":"search_term_string"}}],"inLanguage":"en-US"},{"@type":"Organization","@id":"https:\/\/www.softub.ch\/fr\/#organization","name":"Softub Schweiz AG","url":"https:\/\/www.softub.ch\/fr\/","logo":{"@type":"ImageObject","inLanguage":"en-US","@id":"https:\/\/www.softub.ch\/fr\/#\/schema\/logo\/image\/","url":"https:\/\/www.softub.ch\/wp-content\/uploads\/Softub-Logo-Softub-Schweiz-.png","contentUrl":"https:\/\/www.softub.ch\/wp-content\/uploads\/Softub-Logo-Softub-Schweiz-.png","width":200,"height":73,"caption":"Softub Schweiz AG"},"image":{"@id":"https:\/\/www.softub.ch\/fr\/#\/schema\/logo\/image\/"},"sameAs":["https:\/\/www.facebook.com\/softubschweiz","https:\/\/www.instagram.com\/softub_schweiz\/","https:\/\/ch.pinterest.com\/softub_schweiz\/","https:\/\/www.linkedin.com\/company\/softub-schweiz-ag\/"]}]}},"_links":{"self":[{"href":"https:\/\/www.softub.ch\/en\/wp-json\/wp\/v2\/product\/33814","targetHints":{"allow":["GET"]}}],"collection":[{"href":"https:\/\/www.softub.ch\/en\/wp-json\/wp\/v2\/product"}],"about":[{"href":"https:\/\/www.softub.ch\/en\/wp-json\/wp\/v2\/types\/product"}],"wp:featuredmedia":[{"embeddable":true,"href":"https:\/\/www.softub.ch\/en\/wp-json\/wp\/v2\/media\/32530"}],"wp:attachment":[{"href":"https:\/\/www.softub.ch\/en\/wp-json\/wp\/v2\/media?parent=33814"}],"wp:term":[{"taxonomy":"product_brand","embeddable":true,"href":"https:\/\/www.softub.ch\/en\/wp-json\/wp\/v2\/product_brand?post=33814"},{"taxonomy":"product_cat","embeddable":true,"href":"https:\/\/www.softub.ch\/en\/wp-json\/wp\/v2\/product_cat?post=33814"},{"taxonomy":"product_tag","embeddable":true,"href":"https:\/\/www.softub.ch\/en\/wp-json\/wp\/v2\/product_tag?post=33814"},{"taxonomy":"woo-feed-brand","embeddable":true,"href":"https:\/\/www.softub.ch\/en\/wp-json\/wp\/v2\/woo-feed-brand?post=33814"}],"curies":[{"name":"wp","href":"https:\/\/api.w.org\/{rel}","templated":true}]}}