{"id":33869,"date":"2021-06-14T12:46:09","date_gmt":"2021-06-14T12:46:09","guid":{"rendered":"https:\/\/www.softub.ch\/product\/biohort-aluminium-floor-plate-high-quality-aluminium\/"},"modified":"2024-10-02T09:15:09","modified_gmt":"2024-10-02T07:15:09","slug":"biohort-aluminium-floor-plate","status":"publish","type":"product","link":"https:\/\/www.softub.ch\/en\/product\/biohort-aluminium-floor-plate\/","title":{"rendered":"Biohort Aluminium Floor Plate &#8211; high-quality aluminium checkered plate floor"},"content":{"rendered":"<div class=\"fusion-fullwidth fullwidth-box fusion-builder-row-1 fusion-flex-container nonhundred-percent-fullwidth non-hundred-percent-height-scrolling\" style=\"--awb-border-radius-top-left:0px;--awb-border-radius-top-right:0px;--awb-border-radius-bottom-right:0px;--awb-border-radius-bottom-left:0px;--awb-flex-wrap:wrap;\" ><div class=\"fusion-builder-row fusion-row fusion-flex-align-items-flex-start fusion-flex-content-wrap\" style=\"max-width:1248px;margin-left: calc(-4% \/ 2 );margin-right: calc(-4% \/ 2 );\"><div class=\"fusion-layout-column fusion_builder_column fusion-builder-column-0 fusion_builder_column_1_1 1_1 fusion-flex-column\" style=\"--awb-bg-size:cover;--awb-width-large:100%;--awb-margin-top-large:0px;--awb-spacing-right-large:1.92%;--awb-margin-bottom-large:0px;--awb-spacing-left-large:1.92%;--awb-width-medium:100%;--awb-spacing-right-medium:1.92%;--awb-spacing-left-medium:1.92%;--awb-width-small:100%;--awb-spacing-right-small:1.92%;--awb-spacing-left-small:1.92%;\"><div class=\"fusion-column-wrapper fusion-flex-justify-content-flex-start fusion-content-layout-column\"><div class=\"fusion-text fusion-text-1\"><h1><span style=\"color: #429bba;\">Biohort Alu Bodenplatte<\/span><\/h1>\n<p>Die hochwertige Biohort Alu Bodenplatte besteht je nach Hausgr\u00f6sse aus 2-4 Segmenten inkl. Verbindungsprofilen.<\/p>\n<p><strong>Zur Verlegung ist der <a href=\"https:\/\/softub.ch\/produkt\/biohort-alu-bodenrahmen\/\">Alu-Bodenrahmen<\/a> erforderlich.\u00a0<\/strong><\/p>\n<h3><span style=\"color: #429bba;\">Artikeldetails:\u00a0<\/span><\/h3>\n<ul>\n<li>UV Best\u00e4ndigkeit<\/li>\n<li>Ben\u00f6tigtes Zubeh\u00f6r: Zur optimalen Verlegung ist der Alu-Bodenrahmen erforderlich<\/li>\n<li>Anwendung: Befestigung, Stabilisieren<\/li>\n<li>Anwendungsbereich: Gartenhaus<\/li>\n<li>Material: Metall<\/li>\n<li>Materialspezifizierung: Aluminium<\/li>\n<li>Grundfarbe: Aluminium<\/li>\n<\/ul>\n<h3><span style=\"color: #429bba;\">Im Lieferumfang enthalten:\u00a0<\/span><\/h3>\n<p>Besteht je nach Hausgr\u00f6sse aus 3 bis 4 Segmenten inkl. Verbindungsprofilen. Bodenrahmen zur optimalen Verlegung erforderlich.<\/p>\n<h3><span style=\"color: #429bba;\">Weiteres Zubeh\u00f6r f\u00fcr Ihr Zuhause:<\/span><\/h3>\n<div id=\"colors-and-sizes\" class=\"tab-holder\">\n<div class=\"tab-wrapper\">\n<div class=\"tab-content colors-and-sizes\">\n<div class=\"api-content\">\n<div id=\"c8205\" class=\"ecx-cframe ecx-layout0 ecx-imagepos-17 \">\n<div class=\"ecx-ctype ecx-ctype-textmedia\">\n<div class=\"ce-textpic ce-right ce-intext\">\n<div class=\"ce-bodytext\">\n<p>Wir haben ein reichhaltiges Zubeh\u00f6rsortiment f\u00fcr Sie zusammengestellt, so dass Sie sich die passenden Produkte in Ruhe in unserem Onlineshop ausw\u00e4hlen k\u00f6nnen. Wenn Sie sich dar\u00fcber hinaus Ihre ganz pers\u00f6nliche Wellness-Oase schaffen wollen, so schauen Sie sich doch einfach unsere Softub\u00a0<a href=\"https:\/\/softub.ch\/simply-relaxing\/softub-whirlpools\/\">Whirlpools<\/a> oder Weka Saunen an \u2013 eventuell auch in Kombination mit einem <a href=\"https:\/\/meinschattenspender.ch\/\">Unosider-<\/a><a href=\"https:\/\/meinschattenspender.ch\/\">Pavillon<\/a>.<\/p>\n<p>Wir beraten Sie gerne, telefonisch, in einem unserer Showrooms oder bei Ihnen Zuhause.<\/p>\n<\/div>\n<\/div>\n<\/div>\n<\/div>\n<\/div>\n<\/div>\n<\/div>\n<\/div>\n<\/div><\/div><\/div><\/div><\/div>\n","protected":false},"excerpt":{"rendered":"<h1><span style=\"color: #429bba;\">Biohort Aluminium Floor Plate<\/span><\/h1>\n<ul>\n<li>UV resistant<\/li>\n<li>necessary equipment: the aluminum floor frame is required for optimal installation<\/li>\n<li>application: fastening, stabilizing<\/li>\n<li>to be used in: garden sheds<\/li>\n<li>material: metal<\/li>\n<li>material specification: aluminium<\/li>\n<li>color: aluminium<\/li>\n<\/ul>\n<p><strong>The<a href=\"https:\/\/softub.ch\/en\/product\/biohort-aluminium-floor-frame\/\" target=\"_blank\" rel=\"noopener\"> aluminum floor<\/a> frame is required for installation.<\/strong><\/p>\n","protected":false},"featured_media":32639,"template":"","meta":{"_acf_changed":false},"product_brand":[],"product_cat":[5277],"product_tag":[4465,4467,4422,2975,4421,4448,4426,3090,4516,4425,4559,4522,4515,4512,4468,4466,4511,4513,4520,4521,679,3045,1334,4514],"woo-feed-brand":[],"class_list":{"0":"post-33869","1":"product","2":"type-product","3":"status-publish","4":"has-post-thumbnail","6":"product_cat-biohort-accessoires-replacement-parts","7":"product_tag-accessories-for-garden-house","8":"product_tag-accessories-for-garden-shed","9":"product_tag-accessories-from-biohort","10":"product_tag-biohort-en","11":"product_tag-biohort-accessories","12":"product_tag-biohort-aluminium-floor-plate","13":"product_tag-biohort-avantgarde-en","14":"product_tag-biohort-europa-en","15":"product_tag-biohort-foundation-smartbase","16":"product_tag-biohort-highline-en","17":"product_tag-biohort-panorama-en","18":"product_tag-biohort-smartbase-plus-en","19":"product_tag-floor-for-solid-ground","20":"product_tag-foundation-for-garden-sheds","21":"product_tag-garden-house-accessories","22":"product_tag-garden-shed-accessories","23":"product_tag-garden-shed-foundation","24":"product_tag-garden-shed-stabilizations","25":"product_tag-smartbase-plus-en","26":"product_tag-smartbase-plus-foundation","27":"product_tag-softub-en","28":"product_tag-softub-schweiz-ag-en","29":"product_tag-softub-switzerland","30":"product_tag-stabilization-for-garden-sheds","31":"product_shipping_class-biohort-kostenlose-lieferung","33":"first","34":"instock","35":"sale","36":"taxable","37":"shipping-taxable","38":"purchasable","39":"product-type-variable"},"acf":[],"yoast_head":"<!-- This site is optimized with the Yoast SEO Premium plugin v27.4 (Yoast SEO v27.4) - https:\/\/yoast.com\/product\/yoast-seo-premium-wordpress\/ -->\n<title>Biohort Aluminium Floor Plate - high quality aluminum checkered plate floor<\/title>\n<meta name=\"description\" content=\"The Biohort Aluminium Floor Plate consists of 2 - 4 segments including connection profiles, depending on the size of the house.\u00a0\" \/>\n<meta name=\"robots\" content=\"index, follow, max-snippet:-1, max-image-preview:large, max-video-preview:-1\" \/>\n<link rel=\"canonical\" href=\"https:\/\/www.softub.ch\/en\/product\/biohort-aluminium-floor-plate\/\" \/>\n<meta property=\"og:locale\" content=\"en_US\" \/>\n<meta property=\"og:type\" content=\"article\" \/>\n<meta property=\"og:title\" content=\"Biohort Aluminium Floor Plate - high-quality aluminium checkered plate floor\" \/>\n<meta property=\"og:description\" content=\"The Biohort Aluminium Floor Plate consists of 2 - 4 segments including connection profiles, depending on the size of the house.\u00a0\" \/>\n<meta property=\"og:url\" content=\"https:\/\/www.softub.ch\/en\/product\/biohort-aluminium-floor-plate\/\" \/>\n<meta property=\"og:site_name\" content=\"Softub Schweiz\" \/>\n<meta property=\"article:publisher\" content=\"https:\/\/www.facebook.com\/softubschweiz\" \/>\n<meta property=\"article:modified_time\" content=\"2024-10-02T07:15:09+00:00\" \/>\n<meta property=\"og:image\" content=\"https:\/\/www.softub.ch\/wp-content\/uploads\/Biohort-Alu-Bodenplatte-Softub-Schweiz-.jpg\" \/>\n\t<meta property=\"og:image:width\" content=\"500\" \/>\n\t<meta property=\"og:image:height\" content=\"400\" \/>\n\t<meta property=\"og:image:type\" content=\"image\/jpeg\" \/>\n<meta name=\"twitter:card\" content=\"summary_large_image\" \/>\n<meta name=\"twitter:label1\" content=\"Est. reading time\" \/>\n\t<meta name=\"twitter:data1\" content=\"2 minutes\" \/>\n<script type=\"application\/ld+json\" class=\"yoast-schema-graph\">{\"@context\":\"https:\\\/\\\/schema.org\",\"@graph\":[{\"@type\":\"WebPage\",\"@id\":\"https:\\\/\\\/www.softub.ch\\\/en\\\/product\\\/biohort-aluminium-floor-plate\\\/\",\"url\":\"https:\\\/\\\/www.softub.ch\\\/en\\\/product\\\/biohort-aluminium-floor-plate\\\/\",\"name\":\"Biohort Aluminium Floor Plate - high quality aluminum checkered plate floor\",\"isPartOf\":{\"@id\":\"https:\\\/\\\/www.softub.ch\\\/fr\\\/#website\"},\"primaryImageOfPage\":{\"@id\":\"https:\\\/\\\/www.softub.ch\\\/en\\\/product\\\/biohort-aluminium-floor-plate\\\/#primaryimage\"},\"image\":{\"@id\":\"https:\\\/\\\/www.softub.ch\\\/en\\\/product\\\/biohort-aluminium-floor-plate\\\/#primaryimage\"},\"thumbnailUrl\":\"https:\\\/\\\/www.softub.ch\\\/wp-content\\\/uploads\\\/Biohort-Alu-Bodenplatte-Softub-Schweiz-.jpg\",\"datePublished\":\"2021-06-14T12:46:09+00:00\",\"dateModified\":\"2024-10-02T07:15:09+00:00\",\"description\":\"The Biohort Aluminium Floor Plate consists of 2 - 4 segments including connection profiles, depending on the size of the house.\u00a0\",\"breadcrumb\":{\"@id\":\"https:\\\/\\\/www.softub.ch\\\/en\\\/product\\\/biohort-aluminium-floor-plate\\\/#breadcrumb\"},\"inLanguage\":\"en-US\",\"potentialAction\":[{\"@type\":\"ReadAction\",\"target\":[\"https:\\\/\\\/www.softub.ch\\\/en\\\/product\\\/biohort-aluminium-floor-plate\\\/\"]}]},{\"@type\":\"ImageObject\",\"inLanguage\":\"en-US\",\"@id\":\"https:\\\/\\\/www.softub.ch\\\/en\\\/product\\\/biohort-aluminium-floor-plate\\\/#primaryimage\",\"url\":\"https:\\\/\\\/www.softub.ch\\\/wp-content\\\/uploads\\\/Biohort-Alu-Bodenplatte-Softub-Schweiz-.jpg\",\"contentUrl\":\"https:\\\/\\\/www.softub.ch\\\/wp-content\\\/uploads\\\/Biohort-Alu-Bodenplatte-Softub-Schweiz-.jpg\",\"width\":500,\"height\":400,\"caption\":\"An aluminium floor plate in a metal garden house\"},{\"@type\":\"BreadcrumbList\",\"@id\":\"https:\\\/\\\/www.softub.ch\\\/en\\\/product\\\/biohort-aluminium-floor-plate\\\/#breadcrumb\",\"itemListElement\":[{\"@type\":\"ListItem\",\"position\":1,\"name\":\"Startseite\",\"item\":\"https:\\\/\\\/www.softub.ch\\\/en\\\/\"},{\"@type\":\"ListItem\",\"position\":2,\"name\":\"Shop\",\"item\":\"https:\\\/\\\/www.softub.ch\\\/en\\\/shop-2\\\/\"},{\"@type\":\"ListItem\",\"position\":3,\"name\":\"Biohort Aluminium Floor Plate &#8211; high-quality aluminium checkered plate floor\"}]},{\"@type\":\"WebSite\",\"@id\":\"https:\\\/\\\/www.softub.ch\\\/fr\\\/#website\",\"url\":\"https:\\\/\\\/www.softub.ch\\\/fr\\\/\",\"name\":\"Softub Schweiz\",\"description\":\"Softub - Wir machen Ferien Zuhause\",\"publisher\":{\"@id\":\"https:\\\/\\\/www.softub.ch\\\/fr\\\/#organization\"},\"potentialAction\":[{\"@type\":\"SearchAction\",\"target\":{\"@type\":\"EntryPoint\",\"urlTemplate\":\"https:\\\/\\\/www.softub.ch\\\/fr\\\/?s={search_term_string}\"},\"query-input\":{\"@type\":\"PropertyValueSpecification\",\"valueRequired\":true,\"valueName\":\"search_term_string\"}}],\"inLanguage\":\"en-US\"},{\"@type\":\"Organization\",\"@id\":\"https:\\\/\\\/www.softub.ch\\\/fr\\\/#organization\",\"name\":\"Softub Schweiz AG\",\"url\":\"https:\\\/\\\/www.softub.ch\\\/fr\\\/\",\"logo\":{\"@type\":\"ImageObject\",\"inLanguage\":\"en-US\",\"@id\":\"https:\\\/\\\/www.softub.ch\\\/fr\\\/#\\\/schema\\\/logo\\\/image\\\/\",\"url\":\"https:\\\/\\\/www.softub.ch\\\/wp-content\\\/uploads\\\/Softub-Logo-Softub-Schweiz-.png\",\"contentUrl\":\"https:\\\/\\\/www.softub.ch\\\/wp-content\\\/uploads\\\/Softub-Logo-Softub-Schweiz-.png\",\"width\":200,\"height\":73,\"caption\":\"Softub Schweiz AG\"},\"image\":{\"@id\":\"https:\\\/\\\/www.softub.ch\\\/fr\\\/#\\\/schema\\\/logo\\\/image\\\/\"},\"sameAs\":[\"https:\\\/\\\/www.facebook.com\\\/softubschweiz\",\"https:\\\/\\\/www.instagram.com\\\/softub_schweiz\\\/\",\"https:\\\/\\\/ch.pinterest.com\\\/softub_schweiz\\\/\",\"https:\\\/\\\/www.linkedin.com\\\/company\\\/softub-schweiz-ag\\\/\"]}]}<\/script>\n<!-- \/ Yoast SEO Premium plugin. -->","yoast_head_json":{"title":"Biohort Aluminium Floor Plate - high quality aluminum checkered plate floor","description":"The Biohort Aluminium Floor Plate consists of 2 - 4 segments including connection profiles, depending on the size of the house.\u00a0","robots":{"index":"index","follow":"follow","max-snippet":"max-snippet:-1","max-image-preview":"max-image-preview:large","max-video-preview":"max-video-preview:-1"},"canonical":"https:\/\/www.softub.ch\/en\/product\/biohort-aluminium-floor-plate\/","og_locale":"en_US","og_type":"article","og_title":"Biohort Aluminium Floor Plate - high-quality aluminium checkered plate floor","og_description":"The Biohort Aluminium Floor Plate consists of 2 - 4 segments including connection profiles, depending on the size of the house.\u00a0","og_url":"https:\/\/www.softub.ch\/en\/product\/biohort-aluminium-floor-plate\/","og_site_name":"Softub Schweiz","article_publisher":"https:\/\/www.facebook.com\/softubschweiz","article_modified_time":"2024-10-02T07:15:09+00:00","og_image":[{"width":500,"height":400,"url":"https:\/\/www.softub.ch\/wp-content\/uploads\/Biohort-Alu-Bodenplatte-Softub-Schweiz-.jpg","type":"image\/jpeg"}],"twitter_card":"summary_large_image","twitter_misc":{"Est. reading time":"2 minutes"},"schema":{"@context":"https:\/\/schema.org","@graph":[{"@type":"WebPage","@id":"https:\/\/www.softub.ch\/en\/product\/biohort-aluminium-floor-plate\/","url":"https:\/\/www.softub.ch\/en\/product\/biohort-aluminium-floor-plate\/","name":"Biohort Aluminium Floor Plate - high quality aluminum checkered plate floor","isPartOf":{"@id":"https:\/\/www.softub.ch\/fr\/#website"},"primaryImageOfPage":{"@id":"https:\/\/www.softub.ch\/en\/product\/biohort-aluminium-floor-plate\/#primaryimage"},"image":{"@id":"https:\/\/www.softub.ch\/en\/product\/biohort-aluminium-floor-plate\/#primaryimage"},"thumbnailUrl":"https:\/\/www.softub.ch\/wp-content\/uploads\/Biohort-Alu-Bodenplatte-Softub-Schweiz-.jpg","datePublished":"2021-06-14T12:46:09+00:00","dateModified":"2024-10-02T07:15:09+00:00","description":"The Biohort Aluminium Floor Plate consists of 2 - 4 segments including connection profiles, depending on the size of the house.\u00a0","breadcrumb":{"@id":"https:\/\/www.softub.ch\/en\/product\/biohort-aluminium-floor-plate\/#breadcrumb"},"inLanguage":"en-US","potentialAction":[{"@type":"ReadAction","target":["https:\/\/www.softub.ch\/en\/product\/biohort-aluminium-floor-plate\/"]}]},{"@type":"ImageObject","inLanguage":"en-US","@id":"https:\/\/www.softub.ch\/en\/product\/biohort-aluminium-floor-plate\/#primaryimage","url":"https:\/\/www.softub.ch\/wp-content\/uploads\/Biohort-Alu-Bodenplatte-Softub-Schweiz-.jpg","contentUrl":"https:\/\/www.softub.ch\/wp-content\/uploads\/Biohort-Alu-Bodenplatte-Softub-Schweiz-.jpg","width":500,"height":400,"caption":"An aluminium floor plate in a metal garden house"},{"@type":"BreadcrumbList","@id":"https:\/\/www.softub.ch\/en\/product\/biohort-aluminium-floor-plate\/#breadcrumb","itemListElement":[{"@type":"ListItem","position":1,"name":"Startseite","item":"https:\/\/www.softub.ch\/en\/"},{"@type":"ListItem","position":2,"name":"Shop","item":"https:\/\/www.softub.ch\/en\/shop-2\/"},{"@type":"ListItem","position":3,"name":"Biohort Aluminium Floor Plate &#8211; high-quality aluminium checkered plate floor"}]},{"@type":"WebSite","@id":"https:\/\/www.softub.ch\/fr\/#website","url":"https:\/\/www.softub.ch\/fr\/","name":"Softub Schweiz","description":"Softub - Wir machen Ferien Zuhause","publisher":{"@id":"https:\/\/www.softub.ch\/fr\/#organization"},"potentialAction":[{"@type":"SearchAction","target":{"@type":"EntryPoint","urlTemplate":"https:\/\/www.softub.ch\/fr\/?s={search_term_string}"},"query-input":{"@type":"PropertyValueSpecification","valueRequired":true,"valueName":"search_term_string"}}],"inLanguage":"en-US"},{"@type":"Organization","@id":"https:\/\/www.softub.ch\/fr\/#organization","name":"Softub Schweiz AG","url":"https:\/\/www.softub.ch\/fr\/","logo":{"@type":"ImageObject","inLanguage":"en-US","@id":"https:\/\/www.softub.ch\/fr\/#\/schema\/logo\/image\/","url":"https:\/\/www.softub.ch\/wp-content\/uploads\/Softub-Logo-Softub-Schweiz-.png","contentUrl":"https:\/\/www.softub.ch\/wp-content\/uploads\/Softub-Logo-Softub-Schweiz-.png","width":200,"height":73,"caption":"Softub Schweiz AG"},"image":{"@id":"https:\/\/www.softub.ch\/fr\/#\/schema\/logo\/image\/"},"sameAs":["https:\/\/www.facebook.com\/softubschweiz","https:\/\/www.instagram.com\/softub_schweiz\/","https:\/\/ch.pinterest.com\/softub_schweiz\/","https:\/\/www.linkedin.com\/company\/softub-schweiz-ag\/"]}]}},"_links":{"self":[{"href":"https:\/\/www.softub.ch\/en\/wp-json\/wp\/v2\/product\/33869","targetHints":{"allow":["GET"]}}],"collection":[{"href":"https:\/\/www.softub.ch\/en\/wp-json\/wp\/v2\/product"}],"about":[{"href":"https:\/\/www.softub.ch\/en\/wp-json\/wp\/v2\/types\/product"}],"wp:featuredmedia":[{"embeddable":true,"href":"https:\/\/www.softub.ch\/en\/wp-json\/wp\/v2\/media\/32639"}],"wp:attachment":[{"href":"https:\/\/www.softub.ch\/en\/wp-json\/wp\/v2\/media?parent=33869"}],"wp:term":[{"taxonomy":"product_brand","embeddable":true,"href":"https:\/\/www.softub.ch\/en\/wp-json\/wp\/v2\/product_brand?post=33869"},{"taxonomy":"product_cat","embeddable":true,"href":"https:\/\/www.softub.ch\/en\/wp-json\/wp\/v2\/product_cat?post=33869"},{"taxonomy":"product_tag","embeddable":true,"href":"https:\/\/www.softub.ch\/en\/wp-json\/wp\/v2\/product_tag?post=33869"},{"taxonomy":"woo-feed-brand","embeddable":true,"href":"https:\/\/www.softub.ch\/en\/wp-json\/wp\/v2\/woo-feed-brand?post=33869"}],"curies":[{"name":"wp","href":"https:\/\/api.w.org\/{rel}","templated":true}]}}