{"id":40874,"date":"2022-04-22T11:35:23","date_gmt":"2022-04-22T11:35:27","guid":{"rendered":"https:\/\/www.softub.ch\/?post_type=product&#038;p=40874"},"modified":"2024-10-02T09:49:09","modified_gmt":"2024-10-02T07:49:09","slug":"biohort-side-wall","status":"publish","type":"product","link":"https:\/\/www.softub.ch\/en\/product\/biohort-side-wall\/","title":{"rendered":"Neo Biohort Side Wall for Side Canopy &#8211; can be attached optionally"},"content":{"rendered":"<div class=\"fusion-fullwidth fullwidth-box fusion-builder-row-1 fusion-flex-container nonhundred-percent-fullwidth non-hundred-percent-height-scrolling\" style=\"--awb-border-radius-top-left:0px;--awb-border-radius-top-right:0px;--awb-border-radius-bottom-right:0px;--awb-border-radius-bottom-left:0px;--awb-flex-wrap:wrap;\" ><div class=\"fusion-builder-row fusion-row fusion-flex-align-items-flex-start fusion-flex-content-wrap\" style=\"max-width:1248px;margin-left: calc(-4% \/ 2 );margin-right: calc(-4% \/ 2 );\"><div class=\"fusion-layout-column fusion_builder_column fusion-builder-column-0 fusion_builder_column_1_1 1_1 fusion-flex-column\" style=\"--awb-bg-size:cover;--awb-width-large:100%;--awb-margin-top-large:0px;--awb-spacing-right-large:1.92%;--awb-margin-bottom-large:0px;--awb-spacing-left-large:1.92%;--awb-width-medium:100%;--awb-spacing-right-medium:1.92%;--awb-spacing-left-medium:1.92%;--awb-width-small:100%;--awb-spacing-right-small:1.92%;--awb-spacing-left-small:1.92%;\"><div class=\"fusion-column-wrapper fusion-flex-justify-content-flex-start fusion-content-layout-column\"><div class=\"fusion-text fusion-text-1\"><h1><span style=\"color: #429bba;\">Neo Seitenwand f\u00fcr Seitendach<\/span><\/h1>\n<p>Die Neo Seitenwand f\u00fcr Seitendach! Kann wahlweise am Seitendach des <a href=\"https:\/\/www.softub.ch\/produkt\/biohort-geraetehaus-neo\/\" target=\"_blank\" rel=\"noopener\">Ger\u00e4tehauses Neo<\/a> angebracht werden. Ist in allen drei Farben des Hauses erh\u00e4ltlich.<\/p>\n<h3>Artikeldetails:<\/h3>\n<ul>\n<li>F\u00fcr folgende <a href=\"https:\/\/softub.ch\/produkt\/biohort-geraetehaus-neo\/\">Neo Ger\u00e4tehaus<\/a> Gr\u00f6ssen: 2A, 2B, 2C, 2D, 3A, 3B, 3C, 3D, 4A, 4B, 4C und 4D<\/li>\n<li>Farben: silber-metallic, quarzgrau-metallic, dunkelgrau-metallic<\/li>\n<\/ul>\n<h3>Erg\u00e4nzungen zur Seitenwand:<\/h3>\n<ul>\n<li><a href=\"https:\/\/softub.ch\/produkt\/neo-rueckwand-fuer-seitendach\/\">R\u00fcckwand f\u00fcr Seitendach<\/a><\/li>\n<li><a href=\"https:\/\/softub.ch\/produkt\/neo-biohort-seitendach\/\">Seitendach\u00a0<\/a><\/li>\n<\/ul>\n<h3 class=\"fusion-responsive-typography-calculated\" data-fontsize=\"18\" data-lineheight=\"27px\">Zubeh\u00f6r f\u00fcr Ihr Zuhause:<\/h3>\n<div id=\"colors-and-sizes\" class=\"tab-holder\">\n<div class=\"tab-wrapper\">\n<div class=\"tab-content colors-and-sizes\">\n<div class=\"api-content\">\n<div id=\"c8205\" class=\"ecx-cframe ecx-layout0 ecx-imagepos-17 \">\n<div class=\"ecx-ctype ecx-ctype-textmedia\">\n<div class=\"ce-textpic ce-right ce-intext\">\n<div class=\"ce-bodytext\">\n<p>Wir haben ein reichhaltiges Zubeh\u00f6rsortiment f\u00fcr Sie zusammengestellt, so dass Sie sich die passenden Produkte in Ruhe in unserem Onlineshop ausw\u00e4hlen k\u00f6nnen. Wenn Sie sich dar\u00fcber hinaus Ihre ganz pers\u00f6nliche Wellness-Oase schaffen wollen, so schauen Sie sich doch einfach unsere Softub\u00a0<a href=\"https:\/\/softub.ch\/simply-relaxing\/softub-whirlpools\/\">Whirlpools<\/a>\u00a0oder Weka Saunen an \u2013 eventuell auch in Kombination mit einem\u00a0<a href=\"https:\/\/meinschattenspender.ch\/\">Unosider-<\/a><a href=\"https:\/\/meinschattenspender.ch\/\">Pavillon<\/a>.<\/p>\n<p>Wir beraten Sie gerne, telefonisch, in einem unserer Showrooms oder bei Ihnen Zuhause.<\/p>\n<\/div>\n<\/div>\n<\/div>\n<\/div>\n<\/div>\n<\/div>\n<\/div>\n<\/div>\n<\/div><\/div><\/div><\/div><\/div>\n","protected":false},"excerpt":{"rendered":"<h1><span style=\"color: #429bba;\">Biohort Side Wall for Side Canopy<\/span><\/h1>\n<ul>\n<li>dimensions for the following Neo Biohort garden shed: 2A, 2B, 2C, 2D, 3A, 3B, 3C, 3D, 4A, 4B, 4C and 4D<\/li>\n<li>colors: silver metallic, quartzgrey metallic, darkgrey metallic<\/li>\n<\/ul>\n","protected":false},"featured_media":40894,"template":"","meta":{"_acf_changed":false},"product_brand":[],"product_cat":[5277],"product_tag":[4569,2975,4530,4561,4562,3070,3373,1236,3086,4531,4528,4566,4565,4423,3456,3444,5492,4564,3045,1334],"woo-feed-brand":[],"class_list":{"0":"post-40874","1":"product","2":"type-product","3":"status-publish","4":"has-post-thumbnail","6":"product_cat-biohort-accessoires-replacement-parts","7":"product_tag-back-wall-for-side-roof","8":"product_tag-biohort-en","9":"product_tag-biohort-garden-shed-neo","10":"product_tag-biohort-side-wall","11":"product_tag-biohort-side-wall-for-side-roof","12":"product_tag-equipment-locker","13":"product_tag-garden-house","14":"product_tag-garden-oasis","15":"product_tag-garden-shed-made-out-of-metal","16":"product_tag-garden-shed-neo-en","17":"product_tag-garden-shed-neo","18":"product_tag-garden-shed-with-canopy","19":"product_tag-garden-shed-with-side-roof","20":"product_tag-metallic-garden-shed","21":"product_tag-modern-garden-house","22":"product_tag-modern-garden-shed","23":"product_tag-side-wall-for-side-canopy","24":"product_tag-silver-garden-shed","25":"product_tag-softub-schweiz-ag-en","26":"product_tag-softub-switzerland","27":"product_shipping_class-biohort-kostenlose-lieferung","29":"first","30":"instock","31":"sale","32":"taxable","33":"shipping-taxable","34":"purchasable","35":"product-type-variable"},"acf":[],"yoast_head":"<!-- This site is optimized with the Yoast SEO Premium plugin v27.4 (Yoast SEO v27.4) - https:\/\/yoast.com\/product\/yoast-seo-premium-wordpress\/ -->\n<title>Biohort Side Wall - can be attached optionally<\/title>\n<meta name=\"description\" content=\"The biohort side wall for side canopy can be attached optionally to the side canopy of the biohort garden shed neo.\" \/>\n<meta name=\"robots\" content=\"index, follow, max-snippet:-1, max-image-preview:large, max-video-preview:-1\" \/>\n<link rel=\"canonical\" href=\"https:\/\/www.softub.ch\/en\/product\/biohort-side-wall\/\" \/>\n<meta property=\"og:locale\" content=\"en_US\" \/>\n<meta property=\"og:type\" content=\"article\" \/>\n<meta property=\"og:title\" content=\"Neo Biohort Side Wall for Side Canopy - can be attached optionally\" \/>\n<meta property=\"og:description\" content=\"The biohort side wall for side canopy can be attached optionally to the side canopy of the biohort garden shed neo.\" \/>\n<meta property=\"og:url\" content=\"https:\/\/www.softub.ch\/en\/product\/biohort-side-wall\/\" \/>\n<meta property=\"og:site_name\" content=\"Softub Schweiz\" \/>\n<meta property=\"article:publisher\" content=\"https:\/\/www.facebook.com\/softubschweiz\" \/>\n<meta property=\"article:modified_time\" content=\"2024-10-02T07:49:09+00:00\" \/>\n<meta property=\"og:image\" content=\"https:\/\/www.softub.ch\/wp-content\/uploads\/Biohort-Neo-Seitenwand-fuer-Seitendach-Softub-Schweiz-Softub-Schweiz-AG.jpg\" \/>\n\t<meta property=\"og:image:width\" content=\"527\" \/>\n\t<meta property=\"og:image:height\" content=\"527\" \/>\n\t<meta property=\"og:image:type\" content=\"image\/jpeg\" \/>\n<meta name=\"twitter:card\" content=\"summary_large_image\" \/>\n<meta name=\"twitter:label1\" content=\"Est. reading time\" \/>\n\t<meta name=\"twitter:data1\" content=\"2 minutes\" \/>\n<script type=\"application\/ld+json\" class=\"yoast-schema-graph\">{\"@context\":\"https:\\\/\\\/schema.org\",\"@graph\":[{\"@type\":\"WebPage\",\"@id\":\"https:\\\/\\\/www.softub.ch\\\/en\\\/product\\\/biohort-side-wall\\\/\",\"url\":\"https:\\\/\\\/www.softub.ch\\\/en\\\/product\\\/biohort-side-wall\\\/\",\"name\":\"Biohort Side Wall - can be attached optionally\",\"isPartOf\":{\"@id\":\"https:\\\/\\\/www.softub.ch\\\/fr\\\/#website\"},\"primaryImageOfPage\":{\"@id\":\"https:\\\/\\\/www.softub.ch\\\/en\\\/product\\\/biohort-side-wall\\\/#primaryimage\"},\"image\":{\"@id\":\"https:\\\/\\\/www.softub.ch\\\/en\\\/product\\\/biohort-side-wall\\\/#primaryimage\"},\"thumbnailUrl\":\"https:\\\/\\\/www.softub.ch\\\/wp-content\\\/uploads\\\/Biohort-Neo-Seitenwand-fuer-Seitendach-Softub-Schweiz-Softub-Schweiz-AG.jpg\",\"datePublished\":\"2022-04-22T11:35:27+00:00\",\"dateModified\":\"2024-10-02T07:49:09+00:00\",\"description\":\"The biohort side wall for side canopy can be attached optionally to the side canopy of the biohort garden shed neo.\",\"breadcrumb\":{\"@id\":\"https:\\\/\\\/www.softub.ch\\\/en\\\/product\\\/biohort-side-wall\\\/#breadcrumb\"},\"inLanguage\":\"en-US\",\"potentialAction\":[{\"@type\":\"ReadAction\",\"target\":[\"https:\\\/\\\/www.softub.ch\\\/en\\\/product\\\/biohort-side-wall\\\/\"]}]},{\"@type\":\"ImageObject\",\"inLanguage\":\"en-US\",\"@id\":\"https:\\\/\\\/www.softub.ch\\\/en\\\/product\\\/biohort-side-wall\\\/#primaryimage\",\"url\":\"https:\\\/\\\/www.softub.ch\\\/wp-content\\\/uploads\\\/Biohort-Neo-Seitenwand-fuer-Seitendach-Softub-Schweiz-Softub-Schweiz-AG.jpg\",\"contentUrl\":\"https:\\\/\\\/www.softub.ch\\\/wp-content\\\/uploads\\\/Biohort-Neo-Seitenwand-fuer-Seitendach-Softub-Schweiz-Softub-Schweiz-AG.jpg\",\"width\":527,\"height\":527,\"caption\":\"Biohort Neo Side wall for side canopy Softub Switzerland Softub Schweiz AG\"},{\"@type\":\"BreadcrumbList\",\"@id\":\"https:\\\/\\\/www.softub.ch\\\/en\\\/product\\\/biohort-side-wall\\\/#breadcrumb\",\"itemListElement\":[{\"@type\":\"ListItem\",\"position\":1,\"name\":\"Startseite\",\"item\":\"https:\\\/\\\/www.softub.ch\\\/en\\\/\"},{\"@type\":\"ListItem\",\"position\":2,\"name\":\"Shop\",\"item\":\"https:\\\/\\\/www.softub.ch\\\/en\\\/shop-2\\\/\"},{\"@type\":\"ListItem\",\"position\":3,\"name\":\"Neo Biohort Side Wall for Side Canopy &#8211; can be attached optionally\"}]},{\"@type\":\"WebSite\",\"@id\":\"https:\\\/\\\/www.softub.ch\\\/fr\\\/#website\",\"url\":\"https:\\\/\\\/www.softub.ch\\\/fr\\\/\",\"name\":\"Softub Schweiz\",\"description\":\"Softub - Wir machen Ferien Zuhause\",\"publisher\":{\"@id\":\"https:\\\/\\\/www.softub.ch\\\/fr\\\/#organization\"},\"potentialAction\":[{\"@type\":\"SearchAction\",\"target\":{\"@type\":\"EntryPoint\",\"urlTemplate\":\"https:\\\/\\\/www.softub.ch\\\/fr\\\/?s={search_term_string}\"},\"query-input\":{\"@type\":\"PropertyValueSpecification\",\"valueRequired\":true,\"valueName\":\"search_term_string\"}}],\"inLanguage\":\"en-US\"},{\"@type\":\"Organization\",\"@id\":\"https:\\\/\\\/www.softub.ch\\\/fr\\\/#organization\",\"name\":\"Softub Schweiz AG\",\"url\":\"https:\\\/\\\/www.softub.ch\\\/fr\\\/\",\"logo\":{\"@type\":\"ImageObject\",\"inLanguage\":\"en-US\",\"@id\":\"https:\\\/\\\/www.softub.ch\\\/fr\\\/#\\\/schema\\\/logo\\\/image\\\/\",\"url\":\"https:\\\/\\\/www.softub.ch\\\/wp-content\\\/uploads\\\/Softub-Logo-Softub-Schweiz-.png\",\"contentUrl\":\"https:\\\/\\\/www.softub.ch\\\/wp-content\\\/uploads\\\/Softub-Logo-Softub-Schweiz-.png\",\"width\":200,\"height\":73,\"caption\":\"Softub Schweiz AG\"},\"image\":{\"@id\":\"https:\\\/\\\/www.softub.ch\\\/fr\\\/#\\\/schema\\\/logo\\\/image\\\/\"},\"sameAs\":[\"https:\\\/\\\/www.facebook.com\\\/softubschweiz\",\"https:\\\/\\\/www.instagram.com\\\/softub_schweiz\\\/\",\"https:\\\/\\\/ch.pinterest.com\\\/softub_schweiz\\\/\",\"https:\\\/\\\/www.linkedin.com\\\/company\\\/softub-schweiz-ag\\\/\"]}]}<\/script>\n<!-- \/ Yoast SEO Premium plugin. -->","yoast_head_json":{"title":"Biohort Side Wall - can be attached optionally","description":"The biohort side wall for side canopy can be attached optionally to the side canopy of the biohort garden shed neo.","robots":{"index":"index","follow":"follow","max-snippet":"max-snippet:-1","max-image-preview":"max-image-preview:large","max-video-preview":"max-video-preview:-1"},"canonical":"https:\/\/www.softub.ch\/en\/product\/biohort-side-wall\/","og_locale":"en_US","og_type":"article","og_title":"Neo Biohort Side Wall for Side Canopy - can be attached optionally","og_description":"The biohort side wall for side canopy can be attached optionally to the side canopy of the biohort garden shed neo.","og_url":"https:\/\/www.softub.ch\/en\/product\/biohort-side-wall\/","og_site_name":"Softub Schweiz","article_publisher":"https:\/\/www.facebook.com\/softubschweiz","article_modified_time":"2024-10-02T07:49:09+00:00","og_image":[{"width":527,"height":527,"url":"https:\/\/www.softub.ch\/wp-content\/uploads\/Biohort-Neo-Seitenwand-fuer-Seitendach-Softub-Schweiz-Softub-Schweiz-AG.jpg","type":"image\/jpeg"}],"twitter_card":"summary_large_image","twitter_misc":{"Est. reading time":"2 minutes"},"schema":{"@context":"https:\/\/schema.org","@graph":[{"@type":"WebPage","@id":"https:\/\/www.softub.ch\/en\/product\/biohort-side-wall\/","url":"https:\/\/www.softub.ch\/en\/product\/biohort-side-wall\/","name":"Biohort Side Wall - can be attached optionally","isPartOf":{"@id":"https:\/\/www.softub.ch\/fr\/#website"},"primaryImageOfPage":{"@id":"https:\/\/www.softub.ch\/en\/product\/biohort-side-wall\/#primaryimage"},"image":{"@id":"https:\/\/www.softub.ch\/en\/product\/biohort-side-wall\/#primaryimage"},"thumbnailUrl":"https:\/\/www.softub.ch\/wp-content\/uploads\/Biohort-Neo-Seitenwand-fuer-Seitendach-Softub-Schweiz-Softub-Schweiz-AG.jpg","datePublished":"2022-04-22T11:35:27+00:00","dateModified":"2024-10-02T07:49:09+00:00","description":"The biohort side wall for side canopy can be attached optionally to the side canopy of the biohort garden shed neo.","breadcrumb":{"@id":"https:\/\/www.softub.ch\/en\/product\/biohort-side-wall\/#breadcrumb"},"inLanguage":"en-US","potentialAction":[{"@type":"ReadAction","target":["https:\/\/www.softub.ch\/en\/product\/biohort-side-wall\/"]}]},{"@type":"ImageObject","inLanguage":"en-US","@id":"https:\/\/www.softub.ch\/en\/product\/biohort-side-wall\/#primaryimage","url":"https:\/\/www.softub.ch\/wp-content\/uploads\/Biohort-Neo-Seitenwand-fuer-Seitendach-Softub-Schweiz-Softub-Schweiz-AG.jpg","contentUrl":"https:\/\/www.softub.ch\/wp-content\/uploads\/Biohort-Neo-Seitenwand-fuer-Seitendach-Softub-Schweiz-Softub-Schweiz-AG.jpg","width":527,"height":527,"caption":"Biohort Neo Side wall for side canopy Softub Switzerland Softub Schweiz AG"},{"@type":"BreadcrumbList","@id":"https:\/\/www.softub.ch\/en\/product\/biohort-side-wall\/#breadcrumb","itemListElement":[{"@type":"ListItem","position":1,"name":"Startseite","item":"https:\/\/www.softub.ch\/en\/"},{"@type":"ListItem","position":2,"name":"Shop","item":"https:\/\/www.softub.ch\/en\/shop-2\/"},{"@type":"ListItem","position":3,"name":"Neo Biohort Side Wall for Side Canopy &#8211; can be attached optionally"}]},{"@type":"WebSite","@id":"https:\/\/www.softub.ch\/fr\/#website","url":"https:\/\/www.softub.ch\/fr\/","name":"Softub Schweiz","description":"Softub - Wir machen Ferien Zuhause","publisher":{"@id":"https:\/\/www.softub.ch\/fr\/#organization"},"potentialAction":[{"@type":"SearchAction","target":{"@type":"EntryPoint","urlTemplate":"https:\/\/www.softub.ch\/fr\/?s={search_term_string}"},"query-input":{"@type":"PropertyValueSpecification","valueRequired":true,"valueName":"search_term_string"}}],"inLanguage":"en-US"},{"@type":"Organization","@id":"https:\/\/www.softub.ch\/fr\/#organization","name":"Softub Schweiz AG","url":"https:\/\/www.softub.ch\/fr\/","logo":{"@type":"ImageObject","inLanguage":"en-US","@id":"https:\/\/www.softub.ch\/fr\/#\/schema\/logo\/image\/","url":"https:\/\/www.softub.ch\/wp-content\/uploads\/Softub-Logo-Softub-Schweiz-.png","contentUrl":"https:\/\/www.softub.ch\/wp-content\/uploads\/Softub-Logo-Softub-Schweiz-.png","width":200,"height":73,"caption":"Softub Schweiz AG"},"image":{"@id":"https:\/\/www.softub.ch\/fr\/#\/schema\/logo\/image\/"},"sameAs":["https:\/\/www.facebook.com\/softubschweiz","https:\/\/www.instagram.com\/softub_schweiz\/","https:\/\/ch.pinterest.com\/softub_schweiz\/","https:\/\/www.linkedin.com\/company\/softub-schweiz-ag\/"]}]}},"_links":{"self":[{"href":"https:\/\/www.softub.ch\/en\/wp-json\/wp\/v2\/product\/40874","targetHints":{"allow":["GET"]}}],"collection":[{"href":"https:\/\/www.softub.ch\/en\/wp-json\/wp\/v2\/product"}],"about":[{"href":"https:\/\/www.softub.ch\/en\/wp-json\/wp\/v2\/types\/product"}],"wp:featuredmedia":[{"embeddable":true,"href":"https:\/\/www.softub.ch\/en\/wp-json\/wp\/v2\/media\/40894"}],"wp:attachment":[{"href":"https:\/\/www.softub.ch\/en\/wp-json\/wp\/v2\/media?parent=40874"}],"wp:term":[{"taxonomy":"product_brand","embeddable":true,"href":"https:\/\/www.softub.ch\/en\/wp-json\/wp\/v2\/product_brand?post=40874"},{"taxonomy":"product_cat","embeddable":true,"href":"https:\/\/www.softub.ch\/en\/wp-json\/wp\/v2\/product_cat?post=40874"},{"taxonomy":"product_tag","embeddable":true,"href":"https:\/\/www.softub.ch\/en\/wp-json\/wp\/v2\/product_tag?post=40874"},{"taxonomy":"woo-feed-brand","embeddable":true,"href":"https:\/\/www.softub.ch\/en\/wp-json\/wp\/v2\/woo-feed-brand?post=40874"}],"curies":[{"name":"wp","href":"https:\/\/api.w.org\/{rel}","templated":true}]}}