{"id":44518,"date":"2022-10-19T11:51:52","date_gmt":"2022-10-19T11:51:52","guid":{"rendered":"https:\/\/www.softub.ch\/?post_type=product&#038;p=44518"},"modified":"2025-10-07T10:20:30","modified_gmt":"2025-10-07T08:20:30","slug":"hot-pot-badebottich-bibi","status":"publish","type":"product","link":"https:\/\/www.softub.ch\/en\/product\/hot-pot-badebottich-bibi\/","title":{"rendered":"Hot Pot &#8211; Badebottich BIBI aus Thermoholz"},"content":{"rendered":"<div class=\"fusion-fullwidth fullwidth-box fusion-builder-row-1 fusion-flex-container nonhundred-percent-fullwidth non-hundred-percent-height-scrolling\" style=\"--awb-border-radius-top-left:0px;--awb-border-radius-top-right:0px;--awb-border-radius-bottom-right:0px;--awb-border-radius-bottom-left:0px;--awb-flex-wrap:wrap;\" ><div class=\"fusion-builder-row fusion-row fusion-flex-align-items-flex-start fusion-flex-content-wrap\" style=\"max-width:1248px;margin-left: calc(-4% \/ 2 );margin-right: calc(-4% \/ 2 );\"><div class=\"fusion-layout-column fusion_builder_column fusion-builder-column-0 fusion_builder_column_1_1 1_1 fusion-flex-column\" style=\"--awb-bg-size:cover;--awb-width-large:100%;--awb-margin-top-large:0px;--awb-spacing-right-large:1.92%;--awb-margin-bottom-large:0px;--awb-spacing-left-large:1.92%;--awb-width-medium:100%;--awb-spacing-right-medium:1.92%;--awb-spacing-left-medium:1.92%;--awb-width-small:100%;--awb-spacing-right-small:1.92%;--awb-spacing-left-small:1.92%;\"><div class=\"fusion-column-wrapper fusion-flex-justify-content-flex-start fusion-content-layout-column\"><div class=\"fusion-text fusion-text-1\"><h1>Badebottich BIBI<\/h1>\n<p>Mit dem Badebottich Hot Tub BIBI machen Sie aus Ihrem Garten Ihren besonderen Wohlf\u00fchlort!\u00a0 Geniessen Sie entspannende Momente im wohltemperierten Wasser und lassen Ihre Seele baumeln. Aussen mit Thermoholz verkleidet, l\u00e4dt im Inneren eine ergonomisch geformte Wanne aus weissem Glasfaser verst\u00e4rktem Kunststoff zum bequemen Sitzen ein. Der Einstieg erfolgt komfortabel \u00fcber schicke halbmondf\u00f6rmige Holzpodeste. Ist der Badebottich Bibi 2020 nicht im Einsatz, sch\u00fctzt eine Thermo-Kunstlederabdeckung. Hot Tub und Badebottich kaufen Schweiz.<\/p>\n<h3>Thermoholz:<\/h3>\n<p>Durch das langsame mehrst\u00fcndige Erhitzen des Holzes von 160\u00b0 C bis max. 230 \u00b0 C in sauerstoffarmer Atmosph\u00e4re werden die Inhaltstoffe des Holzes umgewandelt. F\u00fcr unsere Saunaf\u00e4sser und Gartenh\u00e4user aus thermisch behandeltem Holz ergeben sich durch diese Ver\u00e4nderung einige Vorteile:<\/p>\n<ul>\n<li>Die nat\u00fcrliche Resistenz gegen Pilzbefall und tierische Sch\u00e4dlinge Resistenz gegen Pilzbefall und tierische Sch\u00e4dlinge erh\u00f6ht sich dadurch, dass bestimmte Holzbestandteile an denen Mikroorganismen sich g\u00fctlich tun, merklich durch den Erhitzungsprozess abgebaut werden.<\/li>\n<li>Die Wasseraufnahmef\u00e4higkeit des Holzes verringert sich. Das Quellen, Reissen oder Schwinden des Holzes nimmt ab. Der Pflegeaufwand bei unseren Thermo-Saunaf\u00e4ssern und Gartenh\u00e4usern wird geringer.<\/li>\n<li>Durch das stundenlange erhitzen des Holzes verdampft die darin gefangene Feuchtigkeit.<\/li>\n<li>Kiefer und Fichte sind damit witterungsfest: statt (unbehandelt) weniger Monate \u00fcberdauern sie jetzt Jahre.<\/li>\n<\/ul>\n<p>Durch den Umwandlungsprozess erh\u00e4lt das Holz einen rauchigen Geruch, der mit der Zeit nachl\u00e4sst. Die Farbe des behandelten Holzes ist dunkel bis Kaffeebraun. Wer die durch die Witterung entstehende graue Farbe des Holzes liebt, kann bei thermisch behandeltem Holz auf weitere Pflegebehandlungen verzichten.<\/p>\n<h3>Technische Daten:<\/h3>\n<ul>\n<li>Sockel-Aussenmass (Breite und Tiefe): 200 cm<\/li>\n<li>Seitenwandh\u00f6he: 95 cm<\/li>\n<li>Kamin: 270 cm aus Edelstahl<\/li>\n<li>Wandst\u00e4rke: 19 mm<\/li>\n<li>Einsatz inklusive Sitzb\u00e4nken: Fiberglas<\/li>\n<li>F\u00fcllmenge: ca. 2000 Liter<\/li>\n<li>Innenofen: 35 kW aus Edelstahl (von Aussen zu befeuern)<\/li>\n<li>Leergewicht: 250 kg<\/li>\n<li>Grundfl\u00e4che: 3,1 m\u00b2<\/li>\n<li>Rauminhalt: 3,1 m\u00b3<\/li>\n<\/ul>\n<h3>Ausstattung:<\/h3>\n<ul>\n<li>Podest aus Zedernholz f\u00fcr bequemen Einstieg<\/li>\n<li>Fiberglaseinsatz (weiss oder grau)<\/li>\n<li>Abdeckung aus Fiberglas (weiss oder grau)<\/li>\n<li>Edelstahl-Kaminrohr<\/li>\n<li>Innenhof mit Hitzeschutz<\/li>\n<li>Verkleidung aus thermisch behandelter Kiefer<\/li>\n<li>Ablasshahn<\/li>\n<li>Bodenbalken f\u00fcr festen Stand<\/li>\n<li>fertig vormontiert<\/li>\n<\/ul>\n<h3 class=\"\" data-fontsize=\"18\" data-lineheight=\"27px\">Pers\u00f6nliche Beratung:<\/h3>\n<p><strong>F\u00fcr weitere Informationen beraten wir Sie gerne per Telefon. Preise zum Aufbau und zum Heimlieferservice Ihres neuen Hot Pots erhalten Sie auf Anfrage.\u00a0<\/strong><\/p>\n<h3 class=\"fusion-responsive-typography-calculated\" data-fontsize=\"18\" data-lineheight=\"27px\">Extra Zubeh\u00f6r f\u00fcr Ihr Zuhause:<\/h3>\n<div id=\"colors-and-sizes\" class=\"tab-holder\">\n<div class=\"tab-wrapper\">\n<div class=\"tab-content colors-and-sizes\">\n<div class=\"api-content\">\n<div id=\"c8205\" class=\"ecx-cframe ecx-layout0 ecx-imagepos-17 \">\n<div class=\"ecx-ctype ecx-ctype-textmedia\">\n<div class=\"ce-textpic ce-right ce-intext\">\n<div class=\"ce-bodytext\">\n<p>Wir haben ein reichhaltiges Zubeh\u00f6rsortiment f\u00fcr Sie zusammengestellt, so dass Sie sich die passenden Produkte in Ruhe in unserem Onlineshop ausw\u00e4hlen k\u00f6nnen. Wenn Sie ein weicheres Modell suchen, so schauen Sie sich doch einfach unsere Softub\u00a0<a href=\"https:\/\/softub.ch\/simply-relaxing\/softub-whirlpools\/\" target=\"_blank\" rel=\"noopener\">Whirlpools<\/a>\u00a0an\u00a0 \u2013 eventuell auch in Kombination mit einem\u00a0<a href=\"https:\/\/meinschattenspender.ch\/\">Unosider-<\/a><a href=\"https:\/\/meinschattenspender.ch\/\">Pavillon<\/a>.<\/p>\n<p>Wir beraten Sie gerne, telefonisch, in einem unserer Showrooms oder bei Ihnen Zuhause.<\/p>\n<\/div>\n<\/div>\n<\/div>\n<\/div>\n<\/div>\n<\/div>\n<\/div>\n<\/div>\n<\/div><\/div><\/div><\/div><\/div>\n","protected":false},"excerpt":{"rendered":"<h2>Finnhaus Wolff Badebottich BIBI<\/h2>\n<p>Wellness im eigenen Garten. Klingt unglaublich? Mit dem Badebottich Bibi 2020 Weiss oder Grau von Finnhaus Wolff ist das m\u00f6glich. Das Ofenrohr aus Edelstahl zieht alle Blicke auf sich. Der Hingucker in Ihrem Garten.<\/p>\n<ul>\n<li>Badebottich aus Thermoholz mit GFK-Einsatz<\/li>\n<li>Durchmesser 200 cm<\/li>\n<li>inkl. Aussenofen (35 kW)<\/li>\n<li>Edelstahl-Ofenrohr mit Schornsteinschutz<\/li>\n<li>Thermodeckel<\/li>\n<\/ul>\n","protected":false},"featured_media":44537,"template":"","meta":{"_acf_changed":false},"product_brand":[],"product_cat":[6783],"product_tag":[6715,6728,6721,6730,6716,182,6732,6727,6731,6718,6729,6724,1179,6723,6719,6726],"woo-feed-brand":[],"class_list":{"0":"post-44518","1":"product","2":"type-product","3":"status-publish","4":"has-post-thumbnail","6":"product_cat-hot-pot","7":"product_tag-badebottich","8":"product_tag-badebottich-schweiz","9":"product_tag-badebottich-von-finnhaus-wolff","10":"product_tag-badebottich-zuerich-kaufen","11":"product_tag-finnhaus-wolff","12":"product_tag-hot-pot","13":"product_tag-hot-pot-aus-holz","14":"product_tag-hot-pot-schweiz","15":"product_tag-hot-pot-schweiz-kaufen","16":"product_tag-hot-pot-softub-schweiz","17":"product_tag-hot-pot-zuerich-kaufen","18":"product_tag-hot-tub-holz","19":"product_tag-softub-schweiz","20":"product_tag-softub-schweiz-badebottich","21":"product_tag-softub-schweiz-hot-pot","22":"product_tag-whirlpool-mit-holz-heizbar","24":"first","25":"instock","26":"sale","27":"taxable","28":"shipping-taxable","29":"purchasable","30":"product-type-variable"},"acf":[],"yoast_head":"<!-- This site is optimized with the Yoast SEO Premium plugin v27.5 (Yoast SEO v27.5) - https:\/\/yoast.com\/product\/yoast-seo-premium-wordpress\/ -->\n<title>Badebottich Hot Tub BIBI - Softub Schweiz<\/title>\n<meta name=\"description\" content=\"Mit dem Badebottich Hot Tub Bibi erm\u00f6glichen Sie Wellness in Ihrem Garten zum Geniessen mit Freunden und Familie. Erhitzen Sie Ihren Badebottich mit Holz.\" \/>\n<meta name=\"robots\" content=\"index, follow, max-snippet:-1, max-image-preview:large, max-video-preview:-1\" \/>\n<link rel=\"canonical\" href=\"https:\/\/www.softub.ch\/produkt\/hot-pot-badebottich-bibi\/\" \/>\n<meta property=\"og:locale\" content=\"en_US\" \/>\n<meta property=\"og:type\" content=\"article\" \/>\n<meta property=\"og:title\" content=\"Hot Pot - Badebottich BIBI aus Thermoholz\" \/>\n<meta property=\"og:description\" content=\"Mit dem Badebottich Hot Tub Bibi erm\u00f6glichen Sie Wellness in Ihrem Garten zum Geniessen mit Freunden und Familie. Erhitzen Sie Ihren Badebottich mit Holz.\" \/>\n<meta property=\"og:url\" content=\"https:\/\/www.softub.ch\/produkt\/hot-pot-badebottich-bibi\/\" \/>\n<meta property=\"og:site_name\" content=\"Softub Schweiz\" \/>\n<meta property=\"article:publisher\" content=\"https:\/\/www.facebook.com\/softubschweiz\" \/>\n<meta property=\"article:modified_time\" content=\"2025-10-07T08:20:30+00:00\" \/>\n<meta property=\"og:image\" content=\"https:\/\/www.softub.ch\/wp-content\/uploads\/Badebottich-Bibi-Thermoholz-Hot-Pot-Softub-Schweiz.jpg\" \/>\n\t<meta property=\"og:image:width\" content=\"1024\" \/>\n\t<meta property=\"og:image:height\" content=\"1024\" \/>\n\t<meta property=\"og:image:type\" content=\"image\/png\" \/>\n<meta name=\"twitter:card\" content=\"summary_large_image\" \/>\n<meta name=\"twitter:label1\" content=\"Est. reading time\" \/>\n\t<meta name=\"twitter:data1\" content=\"3 minutes\" \/>\n<script type=\"application\/ld+json\" class=\"yoast-schema-graph\">{\"@context\":\"https:\\\/\\\/schema.org\",\"@graph\":[{\"@type\":\"WebPage\",\"@id\":\"https:\\\/\\\/www.softub.ch\\\/produkt\\\/hot-pot-badebottich-bibi\\\/\",\"url\":\"https:\\\/\\\/www.softub.ch\\\/produkt\\\/hot-pot-badebottich-bibi\\\/\",\"name\":\"Badebottich Hot Tub BIBI - Softub Schweiz\",\"isPartOf\":{\"@id\":\"https:\\\/\\\/www.softub.ch\\\/fr\\\/#website\"},\"primaryImageOfPage\":{\"@id\":\"https:\\\/\\\/www.softub.ch\\\/produkt\\\/hot-pot-badebottich-bibi\\\/#primaryimage\"},\"image\":{\"@id\":\"https:\\\/\\\/www.softub.ch\\\/produkt\\\/hot-pot-badebottich-bibi\\\/#primaryimage\"},\"thumbnailUrl\":\"https:\\\/\\\/www.softub.ch\\\/wp-content\\\/uploads\\\/Badebottich-Bibi-Thermoholz-Hot-Pot-Softub-Schweiz.jpg\",\"datePublished\":\"2022-10-19T11:51:52+00:00\",\"dateModified\":\"2025-10-07T08:20:30+00:00\",\"description\":\"Mit dem Badebottich Hot Tub Bibi erm\u00f6glichen Sie Wellness in Ihrem Garten zum Geniessen mit Freunden und Familie. Erhitzen Sie Ihren Badebottich mit Holz.\",\"breadcrumb\":{\"@id\":\"https:\\\/\\\/www.softub.ch\\\/produkt\\\/hot-pot-badebottich-bibi\\\/#breadcrumb\"},\"inLanguage\":\"en-US\",\"potentialAction\":[{\"@type\":\"ReadAction\",\"target\":[\"https:\\\/\\\/www.softub.ch\\\/produkt\\\/hot-pot-badebottich-bibi\\\/\"]}]},{\"@type\":\"ImageObject\",\"inLanguage\":\"en-US\",\"@id\":\"https:\\\/\\\/www.softub.ch\\\/produkt\\\/hot-pot-badebottich-bibi\\\/#primaryimage\",\"url\":\"https:\\\/\\\/www.softub.ch\\\/wp-content\\\/uploads\\\/Badebottich-Bibi-Thermoholz-Hot-Pot-Softub-Schweiz.jpg\",\"contentUrl\":\"https:\\\/\\\/www.softub.ch\\\/wp-content\\\/uploads\\\/Badebottich-Bibi-Thermoholz-Hot-Pot-Softub-Schweiz.jpg\",\"width\":1024,\"height\":1024,\"caption\":\"Hot Pot mit Treppeneinstieg auf einer Terrasse aus Holz in einem grossen Garten.\"},{\"@type\":\"BreadcrumbList\",\"@id\":\"https:\\\/\\\/www.softub.ch\\\/produkt\\\/hot-pot-badebottich-bibi\\\/#breadcrumb\",\"itemListElement\":[{\"@type\":\"ListItem\",\"position\":1,\"name\":\"Startseite\",\"item\":\"https:\\\/\\\/www.softub.ch\\\/en\\\/\"},{\"@type\":\"ListItem\",\"position\":2,\"name\":\"Shop\",\"item\":\"https:\\\/\\\/www.softub.ch\\\/en\\\/shop-2\\\/\"},{\"@type\":\"ListItem\",\"position\":3,\"name\":\"Hot Pot &#8211; Badebottich BIBI aus Thermoholz\"}]},{\"@type\":\"WebSite\",\"@id\":\"https:\\\/\\\/www.softub.ch\\\/fr\\\/#website\",\"url\":\"https:\\\/\\\/www.softub.ch\\\/fr\\\/\",\"name\":\"Softub Schweiz\",\"description\":\"Softub - Wir machen Ferien Zuhause\",\"publisher\":{\"@id\":\"https:\\\/\\\/www.softub.ch\\\/fr\\\/#organization\"},\"potentialAction\":[{\"@type\":\"SearchAction\",\"target\":{\"@type\":\"EntryPoint\",\"urlTemplate\":\"https:\\\/\\\/www.softub.ch\\\/fr\\\/?s={search_term_string}\"},\"query-input\":{\"@type\":\"PropertyValueSpecification\",\"valueRequired\":true,\"valueName\":\"search_term_string\"}}],\"inLanguage\":\"en-US\"},{\"@type\":\"Organization\",\"@id\":\"https:\\\/\\\/www.softub.ch\\\/fr\\\/#organization\",\"name\":\"Softub Schweiz AG\",\"url\":\"https:\\\/\\\/www.softub.ch\\\/fr\\\/\",\"logo\":{\"@type\":\"ImageObject\",\"inLanguage\":\"en-US\",\"@id\":\"https:\\\/\\\/www.softub.ch\\\/fr\\\/#\\\/schema\\\/logo\\\/image\\\/\",\"url\":\"https:\\\/\\\/www.softub.ch\\\/wp-content\\\/uploads\\\/Softub-Logo-Softub-Schweiz-.png\",\"contentUrl\":\"https:\\\/\\\/www.softub.ch\\\/wp-content\\\/uploads\\\/Softub-Logo-Softub-Schweiz-.png\",\"width\":200,\"height\":73,\"caption\":\"Softub Schweiz AG\"},\"image\":{\"@id\":\"https:\\\/\\\/www.softub.ch\\\/fr\\\/#\\\/schema\\\/logo\\\/image\\\/\"},\"sameAs\":[\"https:\\\/\\\/www.facebook.com\\\/softubschweiz\",\"https:\\\/\\\/www.instagram.com\\\/softub_schweiz\\\/\",\"https:\\\/\\\/ch.pinterest.com\\\/softub_schweiz\\\/\",\"https:\\\/\\\/www.linkedin.com\\\/company\\\/softub-schweiz-ag\\\/\"]}]}<\/script>\n<!-- \/ Yoast SEO Premium plugin. -->","yoast_head_json":{"title":"Badebottich Hot Tub BIBI - Softub Schweiz","description":"Mit dem Badebottich Hot Tub Bibi erm\u00f6glichen Sie Wellness in Ihrem Garten zum Geniessen mit Freunden und Familie. Erhitzen Sie Ihren Badebottich mit Holz.","robots":{"index":"index","follow":"follow","max-snippet":"max-snippet:-1","max-image-preview":"max-image-preview:large","max-video-preview":"max-video-preview:-1"},"canonical":"https:\/\/www.softub.ch\/produkt\/hot-pot-badebottich-bibi\/","og_locale":"en_US","og_type":"article","og_title":"Hot Pot - Badebottich BIBI aus Thermoholz","og_description":"Mit dem Badebottich Hot Tub Bibi erm\u00f6glichen Sie Wellness in Ihrem Garten zum Geniessen mit Freunden und Familie. Erhitzen Sie Ihren Badebottich mit Holz.","og_url":"https:\/\/www.softub.ch\/produkt\/hot-pot-badebottich-bibi\/","og_site_name":"Softub Schweiz","article_publisher":"https:\/\/www.facebook.com\/softubschweiz","article_modified_time":"2025-10-07T08:20:30+00:00","og_image":[{"width":1024,"height":1024,"url":"https:\/\/www.softub.ch\/wp-content\/uploads\/Badebottich-Bibi-Thermoholz-Hot-Pot-Softub-Schweiz.jpg","type":"image\/png"}],"twitter_card":"summary_large_image","twitter_misc":{"Est. reading time":"3 minutes"},"schema":{"@context":"https:\/\/schema.org","@graph":[{"@type":"WebPage","@id":"https:\/\/www.softub.ch\/produkt\/hot-pot-badebottich-bibi\/","url":"https:\/\/www.softub.ch\/produkt\/hot-pot-badebottich-bibi\/","name":"Badebottich Hot Tub BIBI - Softub Schweiz","isPartOf":{"@id":"https:\/\/www.softub.ch\/fr\/#website"},"primaryImageOfPage":{"@id":"https:\/\/www.softub.ch\/produkt\/hot-pot-badebottich-bibi\/#primaryimage"},"image":{"@id":"https:\/\/www.softub.ch\/produkt\/hot-pot-badebottich-bibi\/#primaryimage"},"thumbnailUrl":"https:\/\/www.softub.ch\/wp-content\/uploads\/Badebottich-Bibi-Thermoholz-Hot-Pot-Softub-Schweiz.jpg","datePublished":"2022-10-19T11:51:52+00:00","dateModified":"2025-10-07T08:20:30+00:00","description":"Mit dem Badebottich Hot Tub Bibi erm\u00f6glichen Sie Wellness in Ihrem Garten zum Geniessen mit Freunden und Familie. Erhitzen Sie Ihren Badebottich mit Holz.","breadcrumb":{"@id":"https:\/\/www.softub.ch\/produkt\/hot-pot-badebottich-bibi\/#breadcrumb"},"inLanguage":"en-US","potentialAction":[{"@type":"ReadAction","target":["https:\/\/www.softub.ch\/produkt\/hot-pot-badebottich-bibi\/"]}]},{"@type":"ImageObject","inLanguage":"en-US","@id":"https:\/\/www.softub.ch\/produkt\/hot-pot-badebottich-bibi\/#primaryimage","url":"https:\/\/www.softub.ch\/wp-content\/uploads\/Badebottich-Bibi-Thermoholz-Hot-Pot-Softub-Schweiz.jpg","contentUrl":"https:\/\/www.softub.ch\/wp-content\/uploads\/Badebottich-Bibi-Thermoholz-Hot-Pot-Softub-Schweiz.jpg","width":1024,"height":1024,"caption":"Hot Pot mit Treppeneinstieg auf einer Terrasse aus Holz in einem grossen Garten."},{"@type":"BreadcrumbList","@id":"https:\/\/www.softub.ch\/produkt\/hot-pot-badebottich-bibi\/#breadcrumb","itemListElement":[{"@type":"ListItem","position":1,"name":"Startseite","item":"https:\/\/www.softub.ch\/en\/"},{"@type":"ListItem","position":2,"name":"Shop","item":"https:\/\/www.softub.ch\/en\/shop-2\/"},{"@type":"ListItem","position":3,"name":"Hot Pot &#8211; Badebottich BIBI aus Thermoholz"}]},{"@type":"WebSite","@id":"https:\/\/www.softub.ch\/fr\/#website","url":"https:\/\/www.softub.ch\/fr\/","name":"Softub Schweiz","description":"Softub - Wir machen Ferien Zuhause","publisher":{"@id":"https:\/\/www.softub.ch\/fr\/#organization"},"potentialAction":[{"@type":"SearchAction","target":{"@type":"EntryPoint","urlTemplate":"https:\/\/www.softub.ch\/fr\/?s={search_term_string}"},"query-input":{"@type":"PropertyValueSpecification","valueRequired":true,"valueName":"search_term_string"}}],"inLanguage":"en-US"},{"@type":"Organization","@id":"https:\/\/www.softub.ch\/fr\/#organization","name":"Softub Schweiz AG","url":"https:\/\/www.softub.ch\/fr\/","logo":{"@type":"ImageObject","inLanguage":"en-US","@id":"https:\/\/www.softub.ch\/fr\/#\/schema\/logo\/image\/","url":"https:\/\/www.softub.ch\/wp-content\/uploads\/Softub-Logo-Softub-Schweiz-.png","contentUrl":"https:\/\/www.softub.ch\/wp-content\/uploads\/Softub-Logo-Softub-Schweiz-.png","width":200,"height":73,"caption":"Softub Schweiz AG"},"image":{"@id":"https:\/\/www.softub.ch\/fr\/#\/schema\/logo\/image\/"},"sameAs":["https:\/\/www.facebook.com\/softubschweiz","https:\/\/www.instagram.com\/softub_schweiz\/","https:\/\/ch.pinterest.com\/softub_schweiz\/","https:\/\/www.linkedin.com\/company\/softub-schweiz-ag\/"]}]}},"_links":{"self":[{"href":"https:\/\/www.softub.ch\/en\/wp-json\/wp\/v2\/product\/44518","targetHints":{"allow":["GET"]}}],"collection":[{"href":"https:\/\/www.softub.ch\/en\/wp-json\/wp\/v2\/product"}],"about":[{"href":"https:\/\/www.softub.ch\/en\/wp-json\/wp\/v2\/types\/product"}],"wp:featuredmedia":[{"embeddable":true,"href":"https:\/\/www.softub.ch\/en\/wp-json\/wp\/v2\/media\/44537"}],"wp:attachment":[{"href":"https:\/\/www.softub.ch\/en\/wp-json\/wp\/v2\/media?parent=44518"}],"wp:term":[{"taxonomy":"product_brand","embeddable":true,"href":"https:\/\/www.softub.ch\/en\/wp-json\/wp\/v2\/product_brand?post=44518"},{"taxonomy":"product_cat","embeddable":true,"href":"https:\/\/www.softub.ch\/en\/wp-json\/wp\/v2\/product_cat?post=44518"},{"taxonomy":"product_tag","embeddable":true,"href":"https:\/\/www.softub.ch\/en\/wp-json\/wp\/v2\/product_tag?post=44518"},{"taxonomy":"woo-feed-brand","embeddable":true,"href":"https:\/\/www.softub.ch\/en\/wp-json\/wp\/v2\/woo-feed-brand?post=44518"}],"curies":[{"name":"wp","href":"https:\/\/api.w.org\/{rel}","templated":true}]}}