{"id":44572,"date":"2022-10-19T14:03:11","date_gmt":"2022-10-19T14:03:11","guid":{"rendered":"https:\/\/www.softub.ch\/?post_type=product&#038;p=44572"},"modified":"2025-02-19T11:02:54","modified_gmt":"2025-02-19T10:02:54","slug":"der-kiefer-hot-pot","status":"publish","type":"product","link":"https:\/\/www.softub.ch\/en\/product\/der-kiefer-hot-pot\/","title":{"rendered":"Hot Pot &#8211; 46mm Kiefer mit Innen- oder Aussenofen"},"content":{"rendered":"<div class=\"fusion-fullwidth fullwidth-box fusion-builder-row-1 fusion-flex-container nonhundred-percent-fullwidth non-hundred-percent-height-scrolling\" style=\"--awb-border-radius-top-left:0px;--awb-border-radius-top-right:0px;--awb-border-radius-bottom-right:0px;--awb-border-radius-bottom-left:0px;--awb-flex-wrap:wrap;\" ><div class=\"fusion-builder-row fusion-row fusion-flex-align-items-flex-start fusion-flex-content-wrap\" style=\"max-width:1248px;margin-left: calc(-4% \/ 2 );margin-right: calc(-4% \/ 2 );\"><div class=\"fusion-layout-column fusion_builder_column fusion-builder-column-0 fusion_builder_column_1_1 1_1 fusion-flex-column\" style=\"--awb-bg-size:cover;--awb-width-large:100%;--awb-margin-top-large:0px;--awb-spacing-right-large:1.92%;--awb-margin-bottom-large:0px;--awb-spacing-left-large:1.92%;--awb-width-medium:100%;--awb-spacing-right-medium:1.92%;--awb-spacing-left-medium:1.92%;--awb-width-small:100%;--awb-spacing-right-small:1.92%;--awb-spacing-left-small:1.92%;\"><div class=\"fusion-column-wrapper fusion-flex-justify-content-flex-start fusion-content-layout-column\"><div class=\"fusion-text fusion-text-1\"><h1>Der Kiefer Hot Pot<\/h1>\n<p>Mit dem Kiefer Hot Pot erleben Sie ein uriges Badevergn\u00fcgen f\u00fcr bis zu 10 Personen! Geniessen Si mit Familie oder Freunden wundersch\u00f6ne Abende im warmen Wasser des Hot Pots. Wasser auff\u00fcllen &#8211; aufheizen &#8211; und los gehts!<\/p>\n<h3>Drei verschiedene Varianten:<\/h3>\n<ul>\n<li>150er Bottich &#8211; geeignet f\u00fcr 4 &#8211; 6 Personen<\/li>\n<li>190er Bottich &#8211; geeignet f\u00fcr 6 &#8211; 8 Personen<\/li>\n<li>220er Bottich &#8211; geeignet f\u00fcr 8 &#8211; 10 Personen<\/li>\n<\/ul>\n<h3>Technische Daten:<\/h3>\n<ul>\n<li>Wandaussenmass:\n<ul>\n<li>150er Bottich:\u00a0\u00d8 150 cm + ca. 6 cm f\u00fcr Handlauf<\/li>\n<li>190er Bottich: \u00d8 190 cm\u00a0+ ca. 6 cm f\u00fcr Handlauf<\/li>\n<li>220er Bottich: \u00d8 220 cm\u00a0+ ca. 6 cm f\u00fcr Handlauf<\/li>\n<\/ul>\n<\/li>\n<li>Grundfl\u00e4che:\n<ul>\n<li>150er Bottich: ca. 1.76 m2<\/li>\n<li>190er Bottich: ca. 2.83 m2<\/li>\n<li>220er Bottich: ca. 3.80 m2<\/li>\n<\/ul>\n<\/li>\n<li>F\u00fcllmenge:\n<ul>\n<li>150er Bottich: ca. 1&#8217;230 Liter<\/li>\n<li>190er Bottich: ca. 1&#8217;980 Liter<\/li>\n<li>220er Bottich: ca. 2&#8217;660 Liter<\/li>\n<\/ul>\n<\/li>\n<li>H\u00f6he Badebottich inkl. Handlauf: 110 cm<\/li>\n<\/ul>\n<h3>Ausstattung:<\/h3>\n<ul>\n<li>Sitzb\u00e4nke aus Kiefer<\/li>\n<li>Getr\u00e4nkehalter<\/li>\n<li>Paddel zum Umr\u00fchren<\/li>\n<li>Einstiegsleiter<\/li>\n<li>PVC Abdeckplane<\/li>\n<li>Ablasshahn<\/li>\n<li>Bodenbalken f\u00fcr festen Stand<\/li>\n<li>2 x Spannb\u00e4nder aus Edelstahl<\/li>\n<\/ul>\n<h3>Variationen:<\/h3>\n<ul>\n<li>Innen oder Aussenofen (18-40 kW)<\/li>\n<li>Holzabdeckung aus Kiefernholz<\/li>\n<li>Schutzanstrich in diversen Farben<\/li>\n<li>Optional im Bausatz lieferbar<\/li>\n<\/ul>\n<h3>Benutzung und Pflege:<\/h3>\n<ul>\n<li>Es ist strengstens untersagt, den Whirlpool aufzuheizen, wenn er leer oder halb leer ist. Es ist wichtig, dass Sie warten, bis das Wasser die erforderliche H\u00f6he erreicht hat &#8211; 10 cm bis zum oberen Rand der Wanne.<\/li>\n<li>Es ist v\u00f6llig normal, dass der Whirlpool nach dem ersten Bef\u00fcllen mit Wasser undicht wird. Nach einigen Tagen quillt das Holz auf, die Mikrorisse verschwinden und die Leckage h\u00f6rt auf.<\/li>\n<li>Verwenden Sie zum Heizen Brennholz, Briketts oder anderes trockenes Holz. Keine Kohle!<\/li>\n<li>R\u00fchren Sie das Wasser von Zeit zu Zeit mit einem Paddel um, um es gleichm\u00e4ssig zu erw\u00e4rmen.<\/li>\n<li>Verwenden Sie ein Thermometer, um die Wassertemperatur abzusch\u00e4tzen. Die empfohlene Wassertemperatur f\u00fcr das Baden im Freien betr\u00e4gt 36 &#8211; 38\u00b0C.<\/li>\n<li>Es ist strengstens untersagt, Wasser aus der Wanne abzulassen, bevor der Ofen heiss ist.<\/li>\n<li>In der warmen Jahreszeit ist es wichtig, dass die Wanne immer mit Wasser gef\u00fcllt ist. Die Wanne darf nur zum Reinigen und f\u00fcr den Wasserwechsel geleert werden.<\/li>\n<li>In der kalten Jahreszeit, wenn die Temperatur unter Null liegt, ist es wichtig, die Wanne und den Backofen zu entleeren.<\/li>\n<li>Falls Ihr Ofen eingefroren ist, muss er vor dem Einheizen aufgetaut werden.<\/li>\n<li>Verwenden Sie Seife, Soda und andere nat\u00fcrliche Substanzen f\u00fcr die Reinigung der Innenseite der Wanne. Zum Absp\u00fclen verwenden Sie eine B\u00fcrste. Wir empfehlen, den Ofen nach jedem Gebrauch von der Asche zu reinigen.<\/li>\n<li>Behandeln Sie die Aussenverkleidung des Whirlpools mindestens einmal im Jahr mit Lein\u00f6l oder einem anderen Holzimpr\u00e4gniermittel, um die Lebensdauer des Whirlpools zu verl\u00e4ngern. Die Aussenseite des Whirlpools kann auch gestrichen werden.<\/li>\n<li>Passen Sie die B\u00e4nder des Whirlpools an, wenn dies erforderlich ist (falls nach einiger Zeit der Nutzung des Whirlpools ein Leck auftritt).<\/li>\n<li>Verwenden Sie kein Salzwasser\/Meerwasser, da f\u00fcr den Ofen eine andere Stahlsorte erforderlich ist (fragen Sie den Betreiber).<\/li>\n<\/ul>\n<h3 class=\"\" data-fontsize=\"18\" data-lineheight=\"27px\">Pers\u00f6nliche Beratung:<\/h3>\n<p><strong>F\u00fcr weitere Informationen beraten wir Sie gerne per Telefon. Preise zum Aufbau und zum Heimlieferservice Ihres neuen Hot Pots erhalten Sie auf Anfrage.\u00a0<\/strong><\/p>\n<h3 class=\"fusion-responsive-typography-calculated\" data-fontsize=\"18\" data-lineheight=\"27px\">Extra Zubeh\u00f6r f\u00fcr Ihr Zuhause:<\/h3>\n<div id=\"colors-and-sizes\" class=\"tab-holder\">\n<div class=\"tab-wrapper\">\n<div class=\"tab-content colors-and-sizes\">\n<div class=\"api-content\">\n<div id=\"c8205\" class=\"ecx-cframe ecx-layout0 ecx-imagepos-17 \">\n<div class=\"ecx-ctype ecx-ctype-textmedia\">\n<div class=\"ce-textpic ce-right ce-intext\">\n<div class=\"ce-bodytext\">\n<p>Wir haben ein reichhaltiges Zubeh\u00f6rsortiment f\u00fcr Sie zusammengestellt, so dass Sie sich die passenden Produkte in Ruhe in unserem Onlineshop ausw\u00e4hlen k\u00f6nnen. Wenn Sie ein weicheres Modell suchen, so schauen Sie sich doch einfach unsere Softub\u00a0<a href=\"https:\/\/www.softub.ch\/shop\/softub-whirlpools\/\" target=\"_blank\" rel=\"noopener\">Whirlpools<\/a>\u00a0an\u00a0 \u2013 eventuell auch in Kombination mit einem\u00a0<a href=\"https:\/\/meinschattenspender.ch\/\">Unosider-<\/a><a href=\"https:\/\/meinschattenspender.ch\/\">Pavillon<\/a>.<\/p>\n<p>Wir beraten Sie gerne, telefonisch, in einem unserer Showrooms oder bei Ihnen Zuhause.<\/p>\n<\/div>\n<\/div>\n<\/div>\n<\/div>\n<\/div>\n<\/div>\n<\/div>\n<\/div>\n<\/div><\/div><\/div><\/div><\/div>\n","protected":false},"excerpt":{"rendered":"<h2>Finnhaus Wolff Badebottich BIBI<\/h2>\n<p>Wellness im eigenen Garten. Klingt unglaublich? Mit dem Badebottich Bibi 2020 Weiss oder Grau von Finnhaus Wolff ist das m\u00f6glich. Das Ofenrohr aus Edelstahl zieht alle Blicke auf sich. Der Hingucker in Ihrem Garten.<\/p>\n<ul>\n<li>Badebottich aus Thermoholz mit GFK-Einsatz<\/li>\n<li>Durchmesser 200 cm<\/li>\n<li>inkl. Aussenofen (35 kW)<\/li>\n<li>Edelstahl-Ofenrohr mit Schornsteinschutz<\/li>\n<li>Thermodeckel<\/li>\n<\/ul>\n","protected":false},"featured_media":44642,"template":"","meta":{"_acf_changed":false},"product_brand":[],"product_cat":[7279],"product_tag":[6715,6728,6744,9532,182,6732,6740,6742,6727,6731,10801,6729,6724,6741,4949,6726],"woo-feed-brand":[],"class_list":{"0":"post-44572","1":"product","2":"type-product","3":"status-publish","4":"has-post-thumbnail","6":"product_cat-pots-en-bois","7":"product_tag-badebottich","8":"product_tag-badebottich-schweiz","9":"product_tag-badefass","10":"product_tag-die-besten-hot-pots-schweiz","11":"product_tag-hot-pot","12":"product_tag-hot-pot-aus-holz","13":"product_tag-hot-pot-aus-kieferholz","14":"product_tag-hot-pot-kaufen-schweiz","15":"product_tag-hot-pot-schweiz","16":"product_tag-hot-pot-schweiz-kaufen","17":"product_tag-hot-pot-softub-schweiz","18":"product_tag-hot-pot-zuerich-kaufen","19":"product_tag-hot-tub-holz","20":"product_tag-kieferholz-hot-pot","21":"product_tag-softub-suisse","22":"product_tag-whirlpool-mit-holz-heizbar","24":"first","25":"instock","26":"taxable","27":"shipping-taxable","28":"purchasable","29":"product-type-variable"},"acf":[],"yoast_head":"<!-- This site is optimized with the Yoast SEO Premium plugin v27.5 (Yoast SEO v27.5) - https:\/\/yoast.com\/product\/yoast-seo-premium-wordpress\/ -->\n<title>Der Kiefer Hot Pot - 46 mm SOFTUB Schweiz<\/title>\n<meta name=\"description\" content=\"Mit dem Kiefer Hot Pot erleben Sie ein uriges Badevergn\u00fcgen. Geniessen Si mit Familie oder Freunden wundersch\u00f6ne Abende im warmen Wasser.\" \/>\n<meta name=\"robots\" content=\"index, follow, max-snippet:-1, max-image-preview:large, max-video-preview:-1\" \/>\n<link rel=\"canonical\" href=\"https:\/\/www.softub.ch\/produkt\/der-kiefer-hot-pot\/\" \/>\n<meta property=\"og:locale\" content=\"en_US\" \/>\n<meta property=\"og:type\" content=\"article\" \/>\n<meta property=\"og:title\" content=\"Hot Pot - 46mm Kiefer mit Innen- oder Aussenofen\" \/>\n<meta property=\"og:description\" content=\"Mit dem Kiefer Hot Pot erleben Sie ein uriges Badevergn\u00fcgen. Geniessen Si mit Familie oder Freunden wundersch\u00f6ne Abende im warmen Wasser.\" \/>\n<meta property=\"og:url\" content=\"https:\/\/www.softub.ch\/produkt\/der-kiefer-hot-pot\/\" \/>\n<meta property=\"og:site_name\" content=\"Softub Schweiz\" \/>\n<meta property=\"article:publisher\" content=\"https:\/\/www.facebook.com\/softubschweiz\" \/>\n<meta property=\"article:modified_time\" content=\"2025-02-19T10:02:54+00:00\" \/>\n<meta property=\"og:image\" content=\"https:\/\/www.softub.ch\/wp-content\/uploads\/Kiefer_Hot_Pot_Softub_Schweiz-Wellness_Schweiz_03.jpg\" \/>\n\t<meta property=\"og:image:width\" content=\"2048\" \/>\n\t<meta property=\"og:image:height\" content=\"1536\" \/>\n\t<meta property=\"og:image:type\" content=\"image\/jpeg\" \/>\n<meta name=\"twitter:card\" content=\"summary_large_image\" \/>\n<meta name=\"twitter:label1\" content=\"Est. reading time\" \/>\n\t<meta name=\"twitter:data1\" content=\"4 minutes\" \/>\n<script type=\"application\/ld+json\" class=\"yoast-schema-graph\">{\"@context\":\"https:\\\/\\\/schema.org\",\"@graph\":[{\"@type\":\"WebPage\",\"@id\":\"https:\\\/\\\/www.softub.ch\\\/produkt\\\/der-kiefer-hot-pot\\\/\",\"url\":\"https:\\\/\\\/www.softub.ch\\\/produkt\\\/der-kiefer-hot-pot\\\/\",\"name\":\"Der Kiefer Hot Pot - 46 mm SOFTUB Schweiz\",\"isPartOf\":{\"@id\":\"https:\\\/\\\/www.softub.ch\\\/fr\\\/#website\"},\"primaryImageOfPage\":{\"@id\":\"https:\\\/\\\/www.softub.ch\\\/produkt\\\/der-kiefer-hot-pot\\\/#primaryimage\"},\"image\":{\"@id\":\"https:\\\/\\\/www.softub.ch\\\/produkt\\\/der-kiefer-hot-pot\\\/#primaryimage\"},\"thumbnailUrl\":\"https:\\\/\\\/www.softub.ch\\\/wp-content\\\/uploads\\\/Kiefer_Hot_Pot_Softub_Schweiz-Wellness_Schweiz_03.jpg\",\"datePublished\":\"2022-10-19T14:03:11+00:00\",\"dateModified\":\"2025-02-19T10:02:54+00:00\",\"description\":\"Mit dem Kiefer Hot Pot erleben Sie ein uriges Badevergn\u00fcgen. Geniessen Si mit Familie oder Freunden wundersch\u00f6ne Abende im warmen Wasser.\",\"breadcrumb\":{\"@id\":\"https:\\\/\\\/www.softub.ch\\\/produkt\\\/der-kiefer-hot-pot\\\/#breadcrumb\"},\"inLanguage\":\"en-US\",\"potentialAction\":[{\"@type\":\"ReadAction\",\"target\":[\"https:\\\/\\\/www.softub.ch\\\/produkt\\\/der-kiefer-hot-pot\\\/\"]}]},{\"@type\":\"ImageObject\",\"inLanguage\":\"en-US\",\"@id\":\"https:\\\/\\\/www.softub.ch\\\/produkt\\\/der-kiefer-hot-pot\\\/#primaryimage\",\"url\":\"https:\\\/\\\/www.softub.ch\\\/wp-content\\\/uploads\\\/Kiefer_Hot_Pot_Softub_Schweiz-Wellness_Schweiz_03.jpg\",\"contentUrl\":\"https:\\\/\\\/www.softub.ch\\\/wp-content\\\/uploads\\\/Kiefer_Hot_Pot_Softub_Schweiz-Wellness_Schweiz_03.jpg\",\"width\":2048,\"height\":1536,\"caption\":\"Ein Kiefer Badebottich mit einem runden Aussenofen aus Edelstahl in einem Garten mit \u00dcberdachung\"},{\"@type\":\"BreadcrumbList\",\"@id\":\"https:\\\/\\\/www.softub.ch\\\/produkt\\\/der-kiefer-hot-pot\\\/#breadcrumb\",\"itemListElement\":[{\"@type\":\"ListItem\",\"position\":1,\"name\":\"Startseite\",\"item\":\"https:\\\/\\\/www.softub.ch\\\/en\\\/\"},{\"@type\":\"ListItem\",\"position\":2,\"name\":\"Shop\",\"item\":\"https:\\\/\\\/www.softub.ch\\\/en\\\/shop-2\\\/\"},{\"@type\":\"ListItem\",\"position\":3,\"name\":\"Hot Pot &#8211; 46mm Kiefer mit Innen- oder Aussenofen\"}]},{\"@type\":\"WebSite\",\"@id\":\"https:\\\/\\\/www.softub.ch\\\/fr\\\/#website\",\"url\":\"https:\\\/\\\/www.softub.ch\\\/fr\\\/\",\"name\":\"Softub Schweiz\",\"description\":\"Softub - Wir machen Ferien Zuhause\",\"publisher\":{\"@id\":\"https:\\\/\\\/www.softub.ch\\\/fr\\\/#organization\"},\"potentialAction\":[{\"@type\":\"SearchAction\",\"target\":{\"@type\":\"EntryPoint\",\"urlTemplate\":\"https:\\\/\\\/www.softub.ch\\\/fr\\\/?s={search_term_string}\"},\"query-input\":{\"@type\":\"PropertyValueSpecification\",\"valueRequired\":true,\"valueName\":\"search_term_string\"}}],\"inLanguage\":\"en-US\"},{\"@type\":\"Organization\",\"@id\":\"https:\\\/\\\/www.softub.ch\\\/fr\\\/#organization\",\"name\":\"Softub Schweiz AG\",\"url\":\"https:\\\/\\\/www.softub.ch\\\/fr\\\/\",\"logo\":{\"@type\":\"ImageObject\",\"inLanguage\":\"en-US\",\"@id\":\"https:\\\/\\\/www.softub.ch\\\/fr\\\/#\\\/schema\\\/logo\\\/image\\\/\",\"url\":\"https:\\\/\\\/www.softub.ch\\\/wp-content\\\/uploads\\\/Softub-Logo-Softub-Schweiz-.png\",\"contentUrl\":\"https:\\\/\\\/www.softub.ch\\\/wp-content\\\/uploads\\\/Softub-Logo-Softub-Schweiz-.png\",\"width\":200,\"height\":73,\"caption\":\"Softub Schweiz AG\"},\"image\":{\"@id\":\"https:\\\/\\\/www.softub.ch\\\/fr\\\/#\\\/schema\\\/logo\\\/image\\\/\"},\"sameAs\":[\"https:\\\/\\\/www.facebook.com\\\/softubschweiz\",\"https:\\\/\\\/www.instagram.com\\\/softub_schweiz\\\/\",\"https:\\\/\\\/ch.pinterest.com\\\/softub_schweiz\\\/\",\"https:\\\/\\\/www.linkedin.com\\\/company\\\/softub-schweiz-ag\\\/\"]}]}<\/script>\n<!-- \/ Yoast SEO Premium plugin. -->","yoast_head_json":{"title":"Der Kiefer Hot Pot - 46 mm SOFTUB Schweiz","description":"Mit dem Kiefer Hot Pot erleben Sie ein uriges Badevergn\u00fcgen. Geniessen Si mit Familie oder Freunden wundersch\u00f6ne Abende im warmen Wasser.","robots":{"index":"index","follow":"follow","max-snippet":"max-snippet:-1","max-image-preview":"max-image-preview:large","max-video-preview":"max-video-preview:-1"},"canonical":"https:\/\/www.softub.ch\/produkt\/der-kiefer-hot-pot\/","og_locale":"en_US","og_type":"article","og_title":"Hot Pot - 46mm Kiefer mit Innen- oder Aussenofen","og_description":"Mit dem Kiefer Hot Pot erleben Sie ein uriges Badevergn\u00fcgen. Geniessen Si mit Familie oder Freunden wundersch\u00f6ne Abende im warmen Wasser.","og_url":"https:\/\/www.softub.ch\/produkt\/der-kiefer-hot-pot\/","og_site_name":"Softub Schweiz","article_publisher":"https:\/\/www.facebook.com\/softubschweiz","article_modified_time":"2025-02-19T10:02:54+00:00","og_image":[{"width":2048,"height":1536,"url":"https:\/\/www.softub.ch\/wp-content\/uploads\/Kiefer_Hot_Pot_Softub_Schweiz-Wellness_Schweiz_03.jpg","type":"image\/jpeg"}],"twitter_card":"summary_large_image","twitter_misc":{"Est. reading time":"4 minutes"},"schema":{"@context":"https:\/\/schema.org","@graph":[{"@type":"WebPage","@id":"https:\/\/www.softub.ch\/produkt\/der-kiefer-hot-pot\/","url":"https:\/\/www.softub.ch\/produkt\/der-kiefer-hot-pot\/","name":"Der Kiefer Hot Pot - 46 mm SOFTUB Schweiz","isPartOf":{"@id":"https:\/\/www.softub.ch\/fr\/#website"},"primaryImageOfPage":{"@id":"https:\/\/www.softub.ch\/produkt\/der-kiefer-hot-pot\/#primaryimage"},"image":{"@id":"https:\/\/www.softub.ch\/produkt\/der-kiefer-hot-pot\/#primaryimage"},"thumbnailUrl":"https:\/\/www.softub.ch\/wp-content\/uploads\/Kiefer_Hot_Pot_Softub_Schweiz-Wellness_Schweiz_03.jpg","datePublished":"2022-10-19T14:03:11+00:00","dateModified":"2025-02-19T10:02:54+00:00","description":"Mit dem Kiefer Hot Pot erleben Sie ein uriges Badevergn\u00fcgen. Geniessen Si mit Familie oder Freunden wundersch\u00f6ne Abende im warmen Wasser.","breadcrumb":{"@id":"https:\/\/www.softub.ch\/produkt\/der-kiefer-hot-pot\/#breadcrumb"},"inLanguage":"en-US","potentialAction":[{"@type":"ReadAction","target":["https:\/\/www.softub.ch\/produkt\/der-kiefer-hot-pot\/"]}]},{"@type":"ImageObject","inLanguage":"en-US","@id":"https:\/\/www.softub.ch\/produkt\/der-kiefer-hot-pot\/#primaryimage","url":"https:\/\/www.softub.ch\/wp-content\/uploads\/Kiefer_Hot_Pot_Softub_Schweiz-Wellness_Schweiz_03.jpg","contentUrl":"https:\/\/www.softub.ch\/wp-content\/uploads\/Kiefer_Hot_Pot_Softub_Schweiz-Wellness_Schweiz_03.jpg","width":2048,"height":1536,"caption":"Ein Kiefer Badebottich mit einem runden Aussenofen aus Edelstahl in einem Garten mit \u00dcberdachung"},{"@type":"BreadcrumbList","@id":"https:\/\/www.softub.ch\/produkt\/der-kiefer-hot-pot\/#breadcrumb","itemListElement":[{"@type":"ListItem","position":1,"name":"Startseite","item":"https:\/\/www.softub.ch\/en\/"},{"@type":"ListItem","position":2,"name":"Shop","item":"https:\/\/www.softub.ch\/en\/shop-2\/"},{"@type":"ListItem","position":3,"name":"Hot Pot &#8211; 46mm Kiefer mit Innen- oder Aussenofen"}]},{"@type":"WebSite","@id":"https:\/\/www.softub.ch\/fr\/#website","url":"https:\/\/www.softub.ch\/fr\/","name":"Softub Schweiz","description":"Softub - Wir machen Ferien Zuhause","publisher":{"@id":"https:\/\/www.softub.ch\/fr\/#organization"},"potentialAction":[{"@type":"SearchAction","target":{"@type":"EntryPoint","urlTemplate":"https:\/\/www.softub.ch\/fr\/?s={search_term_string}"},"query-input":{"@type":"PropertyValueSpecification","valueRequired":true,"valueName":"search_term_string"}}],"inLanguage":"en-US"},{"@type":"Organization","@id":"https:\/\/www.softub.ch\/fr\/#organization","name":"Softub Schweiz AG","url":"https:\/\/www.softub.ch\/fr\/","logo":{"@type":"ImageObject","inLanguage":"en-US","@id":"https:\/\/www.softub.ch\/fr\/#\/schema\/logo\/image\/","url":"https:\/\/www.softub.ch\/wp-content\/uploads\/Softub-Logo-Softub-Schweiz-.png","contentUrl":"https:\/\/www.softub.ch\/wp-content\/uploads\/Softub-Logo-Softub-Schweiz-.png","width":200,"height":73,"caption":"Softub Schweiz AG"},"image":{"@id":"https:\/\/www.softub.ch\/fr\/#\/schema\/logo\/image\/"},"sameAs":["https:\/\/www.facebook.com\/softubschweiz","https:\/\/www.instagram.com\/softub_schweiz\/","https:\/\/ch.pinterest.com\/softub_schweiz\/","https:\/\/www.linkedin.com\/company\/softub-schweiz-ag\/"]}]}},"_links":{"self":[{"href":"https:\/\/www.softub.ch\/en\/wp-json\/wp\/v2\/product\/44572","targetHints":{"allow":["GET"]}}],"collection":[{"href":"https:\/\/www.softub.ch\/en\/wp-json\/wp\/v2\/product"}],"about":[{"href":"https:\/\/www.softub.ch\/en\/wp-json\/wp\/v2\/types\/product"}],"wp:featuredmedia":[{"embeddable":true,"href":"https:\/\/www.softub.ch\/en\/wp-json\/wp\/v2\/media\/44642"}],"wp:attachment":[{"href":"https:\/\/www.softub.ch\/en\/wp-json\/wp\/v2\/media?parent=44572"}],"wp:term":[{"taxonomy":"product_brand","embeddable":true,"href":"https:\/\/www.softub.ch\/en\/wp-json\/wp\/v2\/product_brand?post=44572"},{"taxonomy":"product_cat","embeddable":true,"href":"https:\/\/www.softub.ch\/en\/wp-json\/wp\/v2\/product_cat?post=44572"},{"taxonomy":"product_tag","embeddable":true,"href":"https:\/\/www.softub.ch\/en\/wp-json\/wp\/v2\/product_tag?post=44572"},{"taxonomy":"woo-feed-brand","embeddable":true,"href":"https:\/\/www.softub.ch\/en\/wp-json\/wp\/v2\/woo-feed-brand?post=44572"}],"curies":[{"name":"wp","href":"https:\/\/api.w.org\/{rel}","templated":true}]}}