{"id":44663,"date":"2022-10-26T07:11:34","date_gmt":"2022-10-26T07:11:34","guid":{"rendered":"https:\/\/www.softub.ch\/?post_type=product&#038;p=44663"},"modified":"2022-10-26T11:44:03","modified_gmt":"2022-10-26T11:44:03","slug":"de-luxe-fiberglas-badebottich","status":"publish","type":"product","link":"https:\/\/www.softub.ch\/en\/product\/de-luxe-fiberglas-badebottich\/","title":{"rendered":"Badebottich de Luxe Fiberglass 205\/226 cm"},"content":{"rendered":"<div class=\"fusion-fullwidth fullwidth-box fusion-builder-row-1 fusion-flex-container nonhundred-percent-fullwidth non-hundred-percent-height-scrolling\" style=\"--awb-border-radius-top-left:0px;--awb-border-radius-top-right:0px;--awb-border-radius-bottom-right:0px;--awb-border-radius-bottom-left:0px;--awb-flex-wrap:wrap;\" ><div class=\"fusion-builder-row fusion-row fusion-flex-align-items-flex-start fusion-flex-content-wrap\" style=\"max-width:1248px;margin-left: calc(-4% \/ 2 );margin-right: calc(-4% \/ 2 );\"><div class=\"fusion-layout-column fusion_builder_column fusion-builder-column-0 fusion_builder_column_1_1 1_1 fusion-flex-column\" style=\"--awb-bg-size:cover;--awb-width-large:100%;--awb-margin-top-large:0px;--awb-spacing-right-large:1.92%;--awb-margin-bottom-large:0px;--awb-spacing-left-large:1.92%;--awb-width-medium:100%;--awb-spacing-right-medium:1.92%;--awb-spacing-left-medium:1.92%;--awb-width-small:100%;--awb-spacing-right-small:1.92%;--awb-spacing-left-small:1.92%;\"><div class=\"fusion-column-wrapper fusion-flex-justify-content-flex-start fusion-content-layout-column\"><div class=\"fusion-text fusion-text-1\"><h1 data-fontsize=\"18\" data-lineheight=\"27px\">De Luxe Fiberglas Badebottich<\/h1>\n<p>Der De Luxe Fiberglas Badebottich. Wundersch\u00f6n verarbeitetes Kiefernholz mit hygienischem Einsatz aus Fiberglas. Dazu sind verschiedene Ofenm\u00f6glichkeiten, ganz nach ihren W\u00fcnschen oder M\u00f6glichkeiten verf\u00fcgbar. Ein langer Kamin f\u00fcr sauberen Abzug auch bei schlechtem Wetter. Bestellen sie dazu das grossz\u00fcgige Podest f\u00fcr einen bequemen und sichern Einstieg.<\/p>\n<p>Optional auszustatten mit Luftd\u00fcsen oder Massaged\u00fcsen und Multi LED Beleuchtung. Komplett vormontiert angeliefert.<\/p>\n<h3>\u00d6fen:<\/h3>\n<p>Wir bieten Fiberglas-Whirlpools mit Edelstahl-Ofen an, der im Inneren des Whirlpools, ausserhalb des Whirlpools oder integriert installiert werden kann.<\/p>\n<ul>\n<li>Mit Aussenofen rund 30 kW<\/li>\n<li>Mit Aussenofen Alu 40 kW<\/li>\n<li>Mit Innenofen &#8211; von aussen zu befeuern<\/li>\n<\/ul>\n<h3>Technische Daten:<\/h3>\n<ul>\n<li>Aussenmass: 226 cm<\/li>\n<li>Innenmass: 205 cm<\/li>\n<li>Innenh\u00f6he: 90 cm<\/li>\n<li>Kamin: 270 cm aus Edelstahl<\/li>\n<li>Wandst\u00e4rke: 14 mm<\/li>\n<li>Einsatz inklusive Sitzb\u00e4nke: Fiberglas \/ Acryl in 3 Farben<\/li>\n<li>F\u00fcllmenge: ca. 1&#8217;850 Liter<\/li>\n<li>Ofen (Je nach Variante):\n<ul>\n<li>Mit Aussenofen rund 30 kW<\/li>\n<li>Mit Aussenofen ALU 40 KW<\/li>\n<li>Mit Innenofen-von aussen zu befeuern<\/li>\n<\/ul>\n<\/li>\n<li>Leergewicht: 260 kg<\/li>\n<\/ul>\n<h3>Ausstattung:<\/h3>\n<ul>\n<li>Podest gerundet f\u00fcr bequemen Einstieg<\/li>\n<li>Fiberglasseinsatz mit Acryl (weiss, grau oder blau)<\/li>\n<li>Isolationsabdeckung Klappbar Grau<\/li>\n<li>Edelstahl-Kaminrohr<\/li>\n<li>Verkleidung aus thermisch behandelter Kiefer<\/li>\n<li>Ablasshahn<\/li>\n<li>Bodenbalken f\u00fcr festen Stand<\/li>\n<li>fertig Vormontiert<\/li>\n<\/ul>\n<h3>Optional gegen Aufpreis verf\u00fcgbar:<\/h3>\n<ul>\n<li>Isolationsabdeckung klappbar<\/li>\n<li>Flammschutz 100 cm f\u00fcr Kaminrohr<\/li>\n<li>Doppeltritt gerundet<\/li>\n<li>Ofen aus Aluminium oder V 4 (Norm AISI 316)<\/li>\n<li>Multi LED-Beleuchtung<\/li>\n<li>Hydro-Massage-System (Wasserd\u00fcsen)<\/li>\n<li>Bubble-Gebl\u00e4se-System (Luftd\u00fcsen)<\/li>\n<\/ul>\n<h3>Benutzung und Pflege<\/h3>\n<ul>\n<li>Es ist strengstens untersagt, den Whirlpool aufzuheizen, wenn er leer oder halb leer ist. Es ist wichtig, dass Sie warten, bis das Wasser die erforderliche H\u00f6he erreicht hat &#8211; 10 cm bis zum oberen Rand der Wanne.<\/li>\n<li>Verwenden Sie zum Heizen Brennholz, Briketts oder anderes trockenes Holz. Keine Kohle!<\/li>\n<li>R\u00fchren Sie das Wasser von Zeit zu Zeit mit einem Paddel um, um es gleichm\u00e4ssig zu erhitzen.<\/li>\n<li>Verwenden Sie ein Thermometer, um die Wassertemperatur abzusch\u00e4tzen. Die empfohlene Wassertemperatur f\u00fcr das Baden im Freien betr\u00e4gt 36 &#8211; 38\u00b0C.<\/li>\n<li>Entleeren Sie die Wanne nach jedem Bad.<\/li>\n<li>Es ist strengstens untersagt, das Wasser aus der Wanne abzulassen, bevor der Ofen heiss ist.<\/li>\n<li>In der kalten Jahreszeit, wenn die Temperatur unter Null liegt, m\u00fcssen Sie die Wanne und den Ofen entleeren. Sollte Ihr Ofen eingefroren sein, muss er vor dem Befeuern wieder aufgetaut werden.<\/li>\n<li>Diese Art von Whirlpools erfordert keine besondere Wartung: Verwenden Sie die \u00fcblichen Mittel zur Reinigung von B\u00e4dern oder Pools. Wir empfehlen, den Ofen jedes Mal nach der Benutzung von der Asche zu reinigen.<\/li>\n<li>Behandeln Sie die Aussenverkleidung des Whirlpools mindestens einmal im Jahr mit Lein\u00f6l oder einem anderen Holzimpr\u00e4gniermittel, um die Lebensdauer des Whirlpools zu verl\u00e4ngern. Die Aussenseite des Whirlpools kann auch gestrichen werden.<\/li>\n<li>Verwenden Sie kein Salzwasser\/Meerwasser, da f\u00fcr den Ofen eine andere Stahlsorte erforderlich ist.<\/li>\n<\/ul>\n<h3 class=\"\" data-fontsize=\"18\" data-lineheight=\"27px\">Pers\u00f6nliche Beratung:<\/h3>\n<p><strong>F\u00fcr weitere Informationen beraten wir Sie gerne per Telefon. Preise zum Aufbau und zum Heimlieferservice Ihres neuen Hot Pots erhalten Sie auf Anfrage.\u00a0<\/strong><\/p>\n<h3 class=\"fusion-responsive-typography-calculated\" data-fontsize=\"18\" data-lineheight=\"27px\">Extra Zubeh\u00f6r f\u00fcr Ihr Zuhause:<\/h3>\n<div id=\"colors-and-sizes\" class=\"tab-holder\">\n<div class=\"tab-wrapper\">\n<div class=\"tab-content colors-and-sizes\">\n<div class=\"api-content\">\n<div id=\"c8205\" class=\"ecx-cframe ecx-layout0 ecx-imagepos-17 \">\n<div class=\"ecx-ctype ecx-ctype-textmedia\">\n<div class=\"ce-textpic ce-right ce-intext\">\n<div class=\"ce-bodytext\">\n<p>Wir haben ein reichhaltiges Zubeh\u00f6rsortiment f\u00fcr Sie zusammengestellt, so dass Sie sich die passenden Produkte in Ruhe in unserem Onlineshop ausw\u00e4hlen k\u00f6nnen. Wenn Sie ein weicheres Modell suchen, so schauen Sie sich doch einfach unsere Softub\u00a0<a href=\"https:\/\/softub.ch\/simply-relaxing\/softub-whirlpools\/\">Whirlpools<\/a>\u00a0an\u00a0 \u2013 eventuell auch in Kombination mit einem\u00a0<a href=\"https:\/\/meinschattenspender.ch\/\">Unosider-<\/a><a href=\"https:\/\/meinschattenspender.ch\/\">Pavillon<\/a>.<\/p>\n<p>Wir beraten Sie gerne, telefonisch, in einem unserer Showrooms oder bei Ihnen Zuhause.<\/p>\n<\/div>\n<\/div>\n<\/div>\n<\/div>\n<\/div>\n<\/div>\n<\/div>\n<\/div>\n<\/div><\/div><\/div><\/div><\/div>\n","protected":false},"excerpt":{"rendered":"<h1 data-fontsize=\"18\" data-lineheight=\"27px\">Badebottich de Luxe Fiberglass<\/h1>\n<p>Fertig vormontiert angeliefert \u2013 optional verf\u00fcgbar mit Sprudeld\u00fcsen, Massaged\u00fcsen oder Multi LED-Beleuchtung.<\/p>\n<p>&nbsp;<\/p>\n","protected":false},"featured_media":44667,"template":"","meta":{"_acf_changed":false},"product_brand":[],"product_cat":[9578],"product_tag":[6715,6728,6722,6721,6730,6737,1148,411,6736,6732,6735,6727,6731,10813,6717,6729,6724,10178,3045,6723,6719,6725,6726],"woo-feed-brand":[],"class_list":{"0":"post-44663","1":"product","2":"type-product","3":"status-publish","4":"has-post-thumbnail","6":"product_cat-hot-pot-en","7":"product_tag-badebottich","8":"product_tag-badebottich-schweiz","9":"product_tag-badebottich-softub-schweiz","10":"product_tag-badebottich-von-finnhaus-wolff","11":"product_tag-badebottich-zuerich-kaufen","12":"product_tag-fiberglas","13":"product_tag-wood-en","14":"product_tag-hot-pot-en","15":"product_tag-hot-pot-aus-fiberglas","16":"product_tag-hot-pot-aus-holz","17":"product_tag-hot-pot-fiberglas","18":"product_tag-hot-pot-schweiz","19":"product_tag-hot-pot-schweiz-kaufen","20":"product_tag-hot-pot-softub-schweiz","21":"product_tag-hot-pot-von-finnhaus-wolff","22":"product_tag-hot-pot-zuerich-kaufen","23":"product_tag-hot-tub-holz","24":"product_tag-softub-schweiz-en","25":"product_tag-softub-schweiz-ag-en","26":"product_tag-softub-schweiz-badebottich","27":"product_tag-softub-schweiz-hot-pot","28":"product_tag-thermoholz-hot-pot","29":"product_tag-whirlpool-mit-holz-heizbar","31":"first","32":"instock","33":"taxable","34":"shipping-taxable","35":"purchasable","36":"product-type-variable"},"acf":[],"yoast_head":"<!-- This site is optimized with the Yoast SEO Premium plugin v27.5 (Yoast SEO v27.5) - https:\/\/yoast.com\/product\/yoast-seo-premium-wordpress\/ -->\n<title>De Luxe Fiberglas Badebottich SOFTUB Schweiz<\/title>\n<meta name=\"description\" content=\"Der de Luxe Fiberglas Badebottich ist optional auszustatten mit Luftd\u00fcsen oder Massaged\u00fcsen und Multi LED Beleuchtung. Eintauchen und geniessen!\" \/>\n<meta name=\"robots\" content=\"index, follow, max-snippet:-1, max-image-preview:large, max-video-preview:-1\" \/>\n<link rel=\"canonical\" href=\"https:\/\/www.softub.ch\/produkt\/de-luxe-fiberglas-badebottich\/\" \/>\n<meta property=\"og:locale\" content=\"en_US\" \/>\n<meta property=\"og:type\" content=\"article\" \/>\n<meta property=\"og:title\" content=\"Badebottich de Luxe Fiberglass 205\/226 cm\" \/>\n<meta property=\"og:description\" content=\"Der de Luxe Fiberglas Badebottich ist optional auszustatten mit Luftd\u00fcsen oder Massaged\u00fcsen und Multi LED Beleuchtung. Eintauchen und geniessen!\" \/>\n<meta property=\"og:url\" content=\"https:\/\/www.softub.ch\/produkt\/de-luxe-fiberglas-badebottich\/\" \/>\n<meta property=\"og:site_name\" content=\"Softub Schweiz\" \/>\n<meta property=\"article:publisher\" content=\"https:\/\/www.facebook.com\/softubschweiz\" \/>\n<meta property=\"article:modified_time\" content=\"2022-10-26T11:44:03+00:00\" \/>\n<meta property=\"og:image\" content=\"https:\/\/www.softub.ch\/wp-content\/uploads\/Badebottich_De_Luxe_Fiberglas_226_Softub_Schweiz_Hot_Pot_kaufen_Schweiz_01.jpg\" \/>\n\t<meta property=\"og:image:width\" content=\"1646\" \/>\n\t<meta property=\"og:image:height\" content=\"800\" \/>\n\t<meta property=\"og:image:type\" content=\"image\/jpeg\" \/>\n<meta name=\"twitter:card\" content=\"summary_large_image\" \/>\n<meta name=\"twitter:label1\" content=\"Est. reading time\" \/>\n\t<meta name=\"twitter:data1\" content=\"4 minutes\" \/>\n<script type=\"application\/ld+json\" class=\"yoast-schema-graph\">{\"@context\":\"https:\\\/\\\/schema.org\",\"@graph\":[{\"@type\":\"WebPage\",\"@id\":\"https:\\\/\\\/www.softub.ch\\\/produkt\\\/de-luxe-fiberglas-badebottich\\\/\",\"url\":\"https:\\\/\\\/www.softub.ch\\\/produkt\\\/de-luxe-fiberglas-badebottich\\\/\",\"name\":\"De Luxe Fiberglas Badebottich SOFTUB Schweiz\",\"isPartOf\":{\"@id\":\"https:\\\/\\\/www.softub.ch\\\/fr\\\/#website\"},\"primaryImageOfPage\":{\"@id\":\"https:\\\/\\\/www.softub.ch\\\/produkt\\\/de-luxe-fiberglas-badebottich\\\/#primaryimage\"},\"image\":{\"@id\":\"https:\\\/\\\/www.softub.ch\\\/produkt\\\/de-luxe-fiberglas-badebottich\\\/#primaryimage\"},\"thumbnailUrl\":\"https:\\\/\\\/www.softub.ch\\\/wp-content\\\/uploads\\\/Badebottich_De_Luxe_Fiberglas_226_Softub_Schweiz_Hot_Pot_kaufen_Schweiz_01.jpg\",\"datePublished\":\"2022-10-26T07:11:34+00:00\",\"dateModified\":\"2022-10-26T11:44:03+00:00\",\"description\":\"Der de Luxe Fiberglas Badebottich ist optional auszustatten mit Luftd\u00fcsen oder Massaged\u00fcsen und Multi LED Beleuchtung. Eintauchen und geniessen!\",\"breadcrumb\":{\"@id\":\"https:\\\/\\\/www.softub.ch\\\/produkt\\\/de-luxe-fiberglas-badebottich\\\/#breadcrumb\"},\"inLanguage\":\"en-US\",\"potentialAction\":[{\"@type\":\"ReadAction\",\"target\":[\"https:\\\/\\\/www.softub.ch\\\/produkt\\\/de-luxe-fiberglas-badebottich\\\/\"]}]},{\"@type\":\"ImageObject\",\"inLanguage\":\"en-US\",\"@id\":\"https:\\\/\\\/www.softub.ch\\\/produkt\\\/de-luxe-fiberglas-badebottich\\\/#primaryimage\",\"url\":\"https:\\\/\\\/www.softub.ch\\\/wp-content\\\/uploads\\\/Badebottich_De_Luxe_Fiberglas_226_Softub_Schweiz_Hot_Pot_kaufen_Schweiz_01.jpg\",\"contentUrl\":\"https:\\\/\\\/www.softub.ch\\\/wp-content\\\/uploads\\\/Badebottich_De_Luxe_Fiberglas_226_Softub_Schweiz_Hot_Pot_kaufen_Schweiz_01.jpg\",\"width\":1646,\"height\":800,\"caption\":\"Ein Hot Pot aus Kiefernholz mir grauem Deckel, weisser Innenwand und Treppeneinstieg\"},{\"@type\":\"BreadcrumbList\",\"@id\":\"https:\\\/\\\/www.softub.ch\\\/produkt\\\/de-luxe-fiberglas-badebottich\\\/#breadcrumb\",\"itemListElement\":[{\"@type\":\"ListItem\",\"position\":1,\"name\":\"Startseite\",\"item\":\"https:\\\/\\\/www.softub.ch\\\/en\\\/\"},{\"@type\":\"ListItem\",\"position\":2,\"name\":\"Shop\",\"item\":\"https:\\\/\\\/www.softub.ch\\\/en\\\/shop-2\\\/\"},{\"@type\":\"ListItem\",\"position\":3,\"name\":\"Badebottich de Luxe Fiberglass 205\\\/226 cm\"}]},{\"@type\":\"WebSite\",\"@id\":\"https:\\\/\\\/www.softub.ch\\\/fr\\\/#website\",\"url\":\"https:\\\/\\\/www.softub.ch\\\/fr\\\/\",\"name\":\"Softub Schweiz\",\"description\":\"Softub - Wir machen Ferien Zuhause\",\"publisher\":{\"@id\":\"https:\\\/\\\/www.softub.ch\\\/fr\\\/#organization\"},\"potentialAction\":[{\"@type\":\"SearchAction\",\"target\":{\"@type\":\"EntryPoint\",\"urlTemplate\":\"https:\\\/\\\/www.softub.ch\\\/fr\\\/?s={search_term_string}\"},\"query-input\":{\"@type\":\"PropertyValueSpecification\",\"valueRequired\":true,\"valueName\":\"search_term_string\"}}],\"inLanguage\":\"en-US\"},{\"@type\":\"Organization\",\"@id\":\"https:\\\/\\\/www.softub.ch\\\/fr\\\/#organization\",\"name\":\"Softub Schweiz AG\",\"url\":\"https:\\\/\\\/www.softub.ch\\\/fr\\\/\",\"logo\":{\"@type\":\"ImageObject\",\"inLanguage\":\"en-US\",\"@id\":\"https:\\\/\\\/www.softub.ch\\\/fr\\\/#\\\/schema\\\/logo\\\/image\\\/\",\"url\":\"https:\\\/\\\/www.softub.ch\\\/wp-content\\\/uploads\\\/Softub-Logo-Softub-Schweiz-.png\",\"contentUrl\":\"https:\\\/\\\/www.softub.ch\\\/wp-content\\\/uploads\\\/Softub-Logo-Softub-Schweiz-.png\",\"width\":200,\"height\":73,\"caption\":\"Softub Schweiz AG\"},\"image\":{\"@id\":\"https:\\\/\\\/www.softub.ch\\\/fr\\\/#\\\/schema\\\/logo\\\/image\\\/\"},\"sameAs\":[\"https:\\\/\\\/www.facebook.com\\\/softubschweiz\",\"https:\\\/\\\/www.instagram.com\\\/softub_schweiz\\\/\",\"https:\\\/\\\/ch.pinterest.com\\\/softub_schweiz\\\/\",\"https:\\\/\\\/www.linkedin.com\\\/company\\\/softub-schweiz-ag\\\/\"]}]}<\/script>\n<!-- \/ Yoast SEO Premium plugin. -->","yoast_head_json":{"title":"De Luxe Fiberglas Badebottich SOFTUB Schweiz","description":"Der de Luxe Fiberglas Badebottich ist optional auszustatten mit Luftd\u00fcsen oder Massaged\u00fcsen und Multi LED Beleuchtung. Eintauchen und geniessen!","robots":{"index":"index","follow":"follow","max-snippet":"max-snippet:-1","max-image-preview":"max-image-preview:large","max-video-preview":"max-video-preview:-1"},"canonical":"https:\/\/www.softub.ch\/produkt\/de-luxe-fiberglas-badebottich\/","og_locale":"en_US","og_type":"article","og_title":"Badebottich de Luxe Fiberglass 205\/226 cm","og_description":"Der de Luxe Fiberglas Badebottich ist optional auszustatten mit Luftd\u00fcsen oder Massaged\u00fcsen und Multi LED Beleuchtung. Eintauchen und geniessen!","og_url":"https:\/\/www.softub.ch\/produkt\/de-luxe-fiberglas-badebottich\/","og_site_name":"Softub Schweiz","article_publisher":"https:\/\/www.facebook.com\/softubschweiz","article_modified_time":"2022-10-26T11:44:03+00:00","og_image":[{"width":1646,"height":800,"url":"https:\/\/www.softub.ch\/wp-content\/uploads\/Badebottich_De_Luxe_Fiberglas_226_Softub_Schweiz_Hot_Pot_kaufen_Schweiz_01.jpg","type":"image\/jpeg"}],"twitter_card":"summary_large_image","twitter_misc":{"Est. reading time":"4 minutes"},"schema":{"@context":"https:\/\/schema.org","@graph":[{"@type":"WebPage","@id":"https:\/\/www.softub.ch\/produkt\/de-luxe-fiberglas-badebottich\/","url":"https:\/\/www.softub.ch\/produkt\/de-luxe-fiberglas-badebottich\/","name":"De Luxe Fiberglas Badebottich SOFTUB Schweiz","isPartOf":{"@id":"https:\/\/www.softub.ch\/fr\/#website"},"primaryImageOfPage":{"@id":"https:\/\/www.softub.ch\/produkt\/de-luxe-fiberglas-badebottich\/#primaryimage"},"image":{"@id":"https:\/\/www.softub.ch\/produkt\/de-luxe-fiberglas-badebottich\/#primaryimage"},"thumbnailUrl":"https:\/\/www.softub.ch\/wp-content\/uploads\/Badebottich_De_Luxe_Fiberglas_226_Softub_Schweiz_Hot_Pot_kaufen_Schweiz_01.jpg","datePublished":"2022-10-26T07:11:34+00:00","dateModified":"2022-10-26T11:44:03+00:00","description":"Der de Luxe Fiberglas Badebottich ist optional auszustatten mit Luftd\u00fcsen oder Massaged\u00fcsen und Multi LED Beleuchtung. Eintauchen und geniessen!","breadcrumb":{"@id":"https:\/\/www.softub.ch\/produkt\/de-luxe-fiberglas-badebottich\/#breadcrumb"},"inLanguage":"en-US","potentialAction":[{"@type":"ReadAction","target":["https:\/\/www.softub.ch\/produkt\/de-luxe-fiberglas-badebottich\/"]}]},{"@type":"ImageObject","inLanguage":"en-US","@id":"https:\/\/www.softub.ch\/produkt\/de-luxe-fiberglas-badebottich\/#primaryimage","url":"https:\/\/www.softub.ch\/wp-content\/uploads\/Badebottich_De_Luxe_Fiberglas_226_Softub_Schweiz_Hot_Pot_kaufen_Schweiz_01.jpg","contentUrl":"https:\/\/www.softub.ch\/wp-content\/uploads\/Badebottich_De_Luxe_Fiberglas_226_Softub_Schweiz_Hot_Pot_kaufen_Schweiz_01.jpg","width":1646,"height":800,"caption":"Ein Hot Pot aus Kiefernholz mir grauem Deckel, weisser Innenwand und Treppeneinstieg"},{"@type":"BreadcrumbList","@id":"https:\/\/www.softub.ch\/produkt\/de-luxe-fiberglas-badebottich\/#breadcrumb","itemListElement":[{"@type":"ListItem","position":1,"name":"Startseite","item":"https:\/\/www.softub.ch\/en\/"},{"@type":"ListItem","position":2,"name":"Shop","item":"https:\/\/www.softub.ch\/en\/shop-2\/"},{"@type":"ListItem","position":3,"name":"Badebottich de Luxe Fiberglass 205\/226 cm"}]},{"@type":"WebSite","@id":"https:\/\/www.softub.ch\/fr\/#website","url":"https:\/\/www.softub.ch\/fr\/","name":"Softub Schweiz","description":"Softub - Wir machen Ferien Zuhause","publisher":{"@id":"https:\/\/www.softub.ch\/fr\/#organization"},"potentialAction":[{"@type":"SearchAction","target":{"@type":"EntryPoint","urlTemplate":"https:\/\/www.softub.ch\/fr\/?s={search_term_string}"},"query-input":{"@type":"PropertyValueSpecification","valueRequired":true,"valueName":"search_term_string"}}],"inLanguage":"en-US"},{"@type":"Organization","@id":"https:\/\/www.softub.ch\/fr\/#organization","name":"Softub Schweiz AG","url":"https:\/\/www.softub.ch\/fr\/","logo":{"@type":"ImageObject","inLanguage":"en-US","@id":"https:\/\/www.softub.ch\/fr\/#\/schema\/logo\/image\/","url":"https:\/\/www.softub.ch\/wp-content\/uploads\/Softub-Logo-Softub-Schweiz-.png","contentUrl":"https:\/\/www.softub.ch\/wp-content\/uploads\/Softub-Logo-Softub-Schweiz-.png","width":200,"height":73,"caption":"Softub Schweiz AG"},"image":{"@id":"https:\/\/www.softub.ch\/fr\/#\/schema\/logo\/image\/"},"sameAs":["https:\/\/www.facebook.com\/softubschweiz","https:\/\/www.instagram.com\/softub_schweiz\/","https:\/\/ch.pinterest.com\/softub_schweiz\/","https:\/\/www.linkedin.com\/company\/softub-schweiz-ag\/"]}]}},"_links":{"self":[{"href":"https:\/\/www.softub.ch\/en\/wp-json\/wp\/v2\/product\/44663","targetHints":{"allow":["GET"]}}],"collection":[{"href":"https:\/\/www.softub.ch\/en\/wp-json\/wp\/v2\/product"}],"about":[{"href":"https:\/\/www.softub.ch\/en\/wp-json\/wp\/v2\/types\/product"}],"wp:featuredmedia":[{"embeddable":true,"href":"https:\/\/www.softub.ch\/en\/wp-json\/wp\/v2\/media\/44667"}],"wp:attachment":[{"href":"https:\/\/www.softub.ch\/en\/wp-json\/wp\/v2\/media?parent=44663"}],"wp:term":[{"taxonomy":"product_brand","embeddable":true,"href":"https:\/\/www.softub.ch\/en\/wp-json\/wp\/v2\/product_brand?post=44663"},{"taxonomy":"product_cat","embeddable":true,"href":"https:\/\/www.softub.ch\/en\/wp-json\/wp\/v2\/product_cat?post=44663"},{"taxonomy":"product_tag","embeddable":true,"href":"https:\/\/www.softub.ch\/en\/wp-json\/wp\/v2\/product_tag?post=44663"},{"taxonomy":"woo-feed-brand","embeddable":true,"href":"https:\/\/www.softub.ch\/en\/wp-json\/wp\/v2\/woo-feed-brand?post=44663"}],"curies":[{"name":"wp","href":"https:\/\/api.w.org\/{rel}","templated":true}]}}