{"id":44774,"date":"2022-10-26T09:58:16","date_gmt":"2022-10-26T09:58:16","guid":{"rendered":"https:\/\/www.softub.ch\/?post_type=product&#038;p=44774"},"modified":"2025-02-19T10:14:16","modified_gmt":"2025-02-19T09:14:16","slug":"sauna-badebottich-softub-schweiz","status":"publish","type":"product","link":"https:\/\/www.softub.ch\/en\/product\/sauna-badebottich-softub-schweiz\/","title":{"rendered":"Sauna-Badebottich \/ Outdoorbottich"},"content":{"rendered":"<div class=\"fusion-fullwidth fullwidth-box fusion-builder-row-1 fusion-flex-container nonhundred-percent-fullwidth non-hundred-percent-height-scrolling\" style=\"--awb-border-radius-top-left:0px;--awb-border-radius-top-right:0px;--awb-border-radius-bottom-right:0px;--awb-border-radius-bottom-left:0px;--awb-flex-wrap:wrap;\" ><div class=\"fusion-builder-row fusion-row fusion-flex-align-items-flex-start fusion-flex-content-wrap\" style=\"max-width:1248px;margin-left: calc(-4% \/ 2 );margin-right: calc(-4% \/ 2 );\"><div class=\"fusion-layout-column fusion_builder_column fusion-builder-column-0 fusion_builder_column_1_1 1_1 fusion-flex-column\" style=\"--awb-bg-size:cover;--awb-width-large:100%;--awb-margin-top-large:0px;--awb-spacing-right-large:1.92%;--awb-margin-bottom-large:0px;--awb-spacing-left-large:1.92%;--awb-width-medium:100%;--awb-spacing-right-medium:1.92%;--awb-spacing-left-medium:1.92%;--awb-width-small:100%;--awb-spacing-right-small:1.92%;--awb-spacing-left-small:1.92%;\"><div class=\"fusion-column-wrapper fusion-flex-justify-content-flex-start fusion-content-layout-column\"><div class=\"fusion-text fusion-text-1\"><h1>Sauna Badebottich<\/h1>\n<h3>Bottiche mit gr\u00f6sserem Wasserinhalt<\/h3>\n<p>Der Tauchbottich hat eine funktionelle ovale Form und ist sauber rund ausgehobelt und geschliffen. Die transparente Hygieneversiegelung ist nicht uv-best\u00e4ndig, nach einem Outdoor-Lasuranstrich kann der Bottich jedoch auch im Aussenbereich verwendet werden. <strong>Auch diese Bottiche sind aus Kambala- oder L\u00e4rchenholz erh\u00e4ltlich.<\/strong> Beim Durchmesser 153 cm sind Edelstahlreifen im Standardlieferumfang enthalten. Bottiche, die voraussichtlich \u00fcber einen l\u00e4ngeren Zeitraum bef\u00fcllt bleiben und solche, die im Freien aufgestellt werden, m\u00fcssen jedoch zwingend mit diesen extra starken Edelstahlreifen ausgestattet werden (k\u00f6nnen sonst reissen).<\/p>\n<h3>Verschiedene Varianten (L\u00e4nge x Breite):<\/h3>\n<ul>\n<li>122 x 72 Kambala<\/li>\n<li>122 x 72 L\u00e4rche<\/li>\n<li>130 x 79 Kambala<\/li>\n<li>130 x 79 L\u00e4rche<\/li>\n<li>149 x 90 Kambala<\/li>\n<li>149 x 90 L\u00e4rche<\/li>\n<li>161 x 79 Kambala<\/li>\n<li>161 x 79 L\u00e4rche<\/li>\n<li>168 x 106 Kambala<\/li>\n<li>168 x 106 L\u00e4rche<\/li>\n<li>Durchmesser 112 Kambala<\/li>\n<li>Durchmesser 112 L\u00e4rche<\/li>\n<li>Durchmesser 153 Kambala<\/li>\n<li>Durchmesser 153 L\u00e4rche<\/li>\n<\/ul>\n<h3>Technische Daten:<\/h3>\n<ul>\n<li>Aussenh\u00f6he: 100 cm<\/li>\n<li>Innentiefe: 82,5 cm<\/li>\n<li>Inhalt bei 70 cm Wasserstandsh\u00f6he: 434 l<\/li>\n<li>Versiegelung: transparente Hygieneversiegelung innen und aussen, nicht uv-best\u00e4ndig<\/li>\n<li>Konstruktion: L\u00e4rche\/Kambala, mit doppelter Keilnut verleimt, 3 verzinkte nachspannbare Bandstahlreifen, Wasserablaufventil 1 1\/4 mit Edelstahl-Standrohr als \u00dcberlaufsicherung, Aussenleiter zum Anh\u00e4ngen<\/li>\n<li>F\u00fcr Aufpreis erh\u00e4ltlich:\n<ul>\n<li>Sondermasse<\/li>\n<li>Edelstahlreifen<\/li>\n<li>Outdoor-Lasuranstrich ohne Deckel<\/li>\n<li>Thermo-Sperrholz (dunkel)<\/li>\n<li>Red Cedar (massiv, astfrei)<\/li>\n<li>freistehender Blockauftritt aus L\u00e4rche oder Kambala, mit transparenter Versiegelung<\/li>\n<\/ul>\n<\/li>\n<\/ul>\n<h3 class=\"\" data-fontsize=\"18\" data-lineheight=\"27px\">Pers\u00f6nliche Beratung:<\/h3>\n<p><strong>F\u00fcr weitere Informationen beraten wir Sie gerne per Telefon. Preise zum Aufbau und zum Heimlieferservice Ihres neuen Hot Pots erhalten Sie auf Anfrage.\u00a0<\/strong><\/p>\n<h3 class=\"fusion-responsive-typography-calculated\" data-fontsize=\"18\" data-lineheight=\"27px\">Extra Zubeh\u00f6r f\u00fcr Ihr Zuhause:<\/h3>\n<div id=\"colors-and-sizes\" class=\"tab-holder\">\n<div class=\"tab-wrapper\">\n<div class=\"tab-content colors-and-sizes\">\n<div class=\"api-content\">\n<div id=\"c8205\" class=\"ecx-cframe ecx-layout0 ecx-imagepos-17 \">\n<div class=\"ecx-ctype ecx-ctype-textmedia\">\n<div class=\"ce-textpic ce-right ce-intext\">\n<div class=\"ce-bodytext\">\n<p>Wir haben ein reichhaltiges Zubeh\u00f6rsortiment f\u00fcr Sie zusammengestellt, so dass Sie sich die passenden Produkte in Ruhe in unserem Onlineshop ausw\u00e4hlen k\u00f6nnen. Wenn Sie ein weicheres Modell suchen, so schauen Sie sich doch einfach unsere Softub\u00a0<a href=\"https:\/\/softub.ch\/simply-relaxing\/softub-whirlpools\/\">Whirlpools<\/a>\u00a0an\u00a0 \u2013 eventuell auch in Kombination mit einem\u00a0<a href=\"https:\/\/meinschattenspender.ch\/\">Unosider-<\/a><a href=\"https:\/\/meinschattenspender.ch\/\">Pavillon<\/a>.<\/p>\n<p>Wir beraten Sie gerne, telefonisch, in einem unserer Showrooms oder bei Ihnen Zuhause.<\/p>\n<\/div>\n<\/div>\n<\/div>\n<\/div>\n<\/div>\n<\/div>\n<\/div>\n<\/div>\n<\/div><\/div><\/div><\/div><\/div>\n","protected":false},"excerpt":{"rendered":"<h1>Sauna-Badebottich \/ Outdoorbottich<\/h1>\n<p>Der Tauchbottich hat eine funktionelle ovale Form und ist sauber rund ausgehobelt und geschliffen.<\/p>\n<p>In verschiedenen Variationen erh\u00e4ltlich.<\/p>\n","protected":false},"featured_media":44781,"template":"","meta":{"_acf_changed":false},"product_brand":[],"product_cat":[9578],"product_tag":[6715,6744,9516,9524,9518,9528,9529,6782,9521,1392,10178,9517,409],"woo-feed-brand":[],"class_list":{"0":"post-44774","1":"product","2":"type-product","3":"status-publish","4":"has-post-thumbnail","6":"product_cat-hot-pot-en","7":"product_tag-badebottich","8":"product_tag-badefass","9":"product_tag-badefass-kaufen-schweiz","10":"product_tag-badefass-schweiz","11":"product_tag-bottich-kaufen-schweiz","12":"product_tag-holz-tub","13":"product_tag-holzbadefass-kaufen-schweiz","14":"product_tag-outdoorbottich","15":"product_tag-outdoorbottich-kaufen-schweiz","16":"product_tag-sauna-en","17":"product_tag-softub-schweiz-en","18":"product_tag-tauchbottich","19":"product_tag-whirlpool-en","21":"first","22":"instock","23":"taxable","24":"shipping-taxable","25":"purchasable","26":"product-type-variable"},"acf":[],"yoast_head":"<!-- This site is optimized with the Yoast SEO Premium plugin v27.5 (Yoast SEO v27.5) - https:\/\/yoast.com\/product\/yoast-seo-premium-wordpress\/ -->\n<title>Sauna Badebottich - SOFTUB Schweiz<\/title>\n<meta name=\"description\" content=\"Sauna Badebottich bei SOFTUB Schweiz. Der Tauchbottich hat eine funktionelle ovale Form und ist sauber rund ausgehobelt und geschliffen.\" \/>\n<meta name=\"robots\" content=\"index, follow, max-snippet:-1, max-image-preview:large, max-video-preview:-1\" \/>\n<link rel=\"canonical\" href=\"https:\/\/www.softub.ch\/produkt\/sauna-badebottich-softub-schweiz\/\" \/>\n<meta property=\"og:locale\" content=\"en_US\" \/>\n<meta property=\"og:type\" content=\"article\" \/>\n<meta property=\"og:title\" content=\"Sauna-Badebottich \/ Outdoorbottich\" \/>\n<meta property=\"og:description\" content=\"Sauna Badebottich bei SOFTUB Schweiz. Der Tauchbottich hat eine funktionelle ovale Form und ist sauber rund ausgehobelt und geschliffen.\" \/>\n<meta property=\"og:url\" content=\"https:\/\/www.softub.ch\/produkt\/sauna-badebottich-softub-schweiz\/\" \/>\n<meta property=\"og:site_name\" content=\"Softub Schweiz\" \/>\n<meta property=\"article:publisher\" content=\"https:\/\/www.facebook.com\/softubschweiz\" \/>\n<meta property=\"article:modified_time\" content=\"2025-02-19T09:14:16+00:00\" \/>\n<meta property=\"og:image\" content=\"https:\/\/www.softub.ch\/wp-content\/uploads\/Sauna_Badebottich_Outdoorbottich_Softub_Schweiz_Hot_Pot_kaufen_Schweiz.jpg\" \/>\n\t<meta property=\"og:image:width\" content=\"233\" \/>\n\t<meta property=\"og:image:height\" content=\"216\" \/>\n\t<meta property=\"og:image:type\" content=\"image\/jpeg\" \/>\n<meta name=\"twitter:card\" content=\"summary_large_image\" \/>\n<meta name=\"twitter:label1\" content=\"Est. reading time\" \/>\n\t<meta name=\"twitter:data1\" content=\"3 minutes\" \/>\n<script type=\"application\/ld+json\" class=\"yoast-schema-graph\">{\"@context\":\"https:\\\/\\\/schema.org\",\"@graph\":[{\"@type\":\"WebPage\",\"@id\":\"https:\\\/\\\/www.softub.ch\\\/produkt\\\/sauna-badebottich-softub-schweiz\\\/\",\"url\":\"https:\\\/\\\/www.softub.ch\\\/produkt\\\/sauna-badebottich-softub-schweiz\\\/\",\"name\":\"Sauna Badebottich - SOFTUB Schweiz\",\"isPartOf\":{\"@id\":\"https:\\\/\\\/www.softub.ch\\\/fr\\\/#website\"},\"primaryImageOfPage\":{\"@id\":\"https:\\\/\\\/www.softub.ch\\\/produkt\\\/sauna-badebottich-softub-schweiz\\\/#primaryimage\"},\"image\":{\"@id\":\"https:\\\/\\\/www.softub.ch\\\/produkt\\\/sauna-badebottich-softub-schweiz\\\/#primaryimage\"},\"thumbnailUrl\":\"https:\\\/\\\/www.softub.ch\\\/wp-content\\\/uploads\\\/Sauna_Badebottich_Outdoorbottich_Softub_Schweiz_Hot_Pot_kaufen_Schweiz.jpg\",\"datePublished\":\"2022-10-26T09:58:16+00:00\",\"dateModified\":\"2025-02-19T09:14:16+00:00\",\"description\":\"Sauna Badebottich bei SOFTUB Schweiz. Der Tauchbottich hat eine funktionelle ovale Form und ist sauber rund ausgehobelt und geschliffen.\",\"breadcrumb\":{\"@id\":\"https:\\\/\\\/www.softub.ch\\\/produkt\\\/sauna-badebottich-softub-schweiz\\\/#breadcrumb\"},\"inLanguage\":\"en-US\",\"potentialAction\":[{\"@type\":\"ReadAction\",\"target\":[\"https:\\\/\\\/www.softub.ch\\\/produkt\\\/sauna-badebottich-softub-schweiz\\\/\"]}]},{\"@type\":\"ImageObject\",\"inLanguage\":\"en-US\",\"@id\":\"https:\\\/\\\/www.softub.ch\\\/produkt\\\/sauna-badebottich-softub-schweiz\\\/#primaryimage\",\"url\":\"https:\\\/\\\/www.softub.ch\\\/wp-content\\\/uploads\\\/Sauna_Badebottich_Outdoorbottich_Softub_Schweiz_Hot_Pot_kaufen_Schweiz.jpg\",\"contentUrl\":\"https:\\\/\\\/www.softub.ch\\\/wp-content\\\/uploads\\\/Sauna_Badebottich_Outdoorbottich_Softub_Schweiz_Hot_Pot_kaufen_Schweiz.jpg\",\"width\":233,\"height\":216,\"caption\":\"Sauna Badebottich Outdoorbottich Softub Schweiz Hot Pot kaufen Schweiz\"},{\"@type\":\"BreadcrumbList\",\"@id\":\"https:\\\/\\\/www.softub.ch\\\/produkt\\\/sauna-badebottich-softub-schweiz\\\/#breadcrumb\",\"itemListElement\":[{\"@type\":\"ListItem\",\"position\":1,\"name\":\"Startseite\",\"item\":\"https:\\\/\\\/www.softub.ch\\\/en\\\/\"},{\"@type\":\"ListItem\",\"position\":2,\"name\":\"Shop\",\"item\":\"https:\\\/\\\/www.softub.ch\\\/en\\\/shop-2\\\/\"},{\"@type\":\"ListItem\",\"position\":3,\"name\":\"Sauna-Badebottich \\\/ Outdoorbottich\"}]},{\"@type\":\"WebSite\",\"@id\":\"https:\\\/\\\/www.softub.ch\\\/fr\\\/#website\",\"url\":\"https:\\\/\\\/www.softub.ch\\\/fr\\\/\",\"name\":\"Softub Schweiz\",\"description\":\"Softub - Wir machen Ferien Zuhause\",\"publisher\":{\"@id\":\"https:\\\/\\\/www.softub.ch\\\/fr\\\/#organization\"},\"potentialAction\":[{\"@type\":\"SearchAction\",\"target\":{\"@type\":\"EntryPoint\",\"urlTemplate\":\"https:\\\/\\\/www.softub.ch\\\/fr\\\/?s={search_term_string}\"},\"query-input\":{\"@type\":\"PropertyValueSpecification\",\"valueRequired\":true,\"valueName\":\"search_term_string\"}}],\"inLanguage\":\"en-US\"},{\"@type\":\"Organization\",\"@id\":\"https:\\\/\\\/www.softub.ch\\\/fr\\\/#organization\",\"name\":\"Softub Schweiz AG\",\"url\":\"https:\\\/\\\/www.softub.ch\\\/fr\\\/\",\"logo\":{\"@type\":\"ImageObject\",\"inLanguage\":\"en-US\",\"@id\":\"https:\\\/\\\/www.softub.ch\\\/fr\\\/#\\\/schema\\\/logo\\\/image\\\/\",\"url\":\"https:\\\/\\\/www.softub.ch\\\/wp-content\\\/uploads\\\/Softub-Logo-Softub-Schweiz-.png\",\"contentUrl\":\"https:\\\/\\\/www.softub.ch\\\/wp-content\\\/uploads\\\/Softub-Logo-Softub-Schweiz-.png\",\"width\":200,\"height\":73,\"caption\":\"Softub Schweiz AG\"},\"image\":{\"@id\":\"https:\\\/\\\/www.softub.ch\\\/fr\\\/#\\\/schema\\\/logo\\\/image\\\/\"},\"sameAs\":[\"https:\\\/\\\/www.facebook.com\\\/softubschweiz\",\"https:\\\/\\\/www.instagram.com\\\/softub_schweiz\\\/\",\"https:\\\/\\\/ch.pinterest.com\\\/softub_schweiz\\\/\",\"https:\\\/\\\/www.linkedin.com\\\/company\\\/softub-schweiz-ag\\\/\"]}]}<\/script>\n<!-- \/ Yoast SEO Premium plugin. -->","yoast_head_json":{"title":"Sauna Badebottich - SOFTUB Schweiz","description":"Sauna Badebottich bei SOFTUB Schweiz. Der Tauchbottich hat eine funktionelle ovale Form und ist sauber rund ausgehobelt und geschliffen.","robots":{"index":"index","follow":"follow","max-snippet":"max-snippet:-1","max-image-preview":"max-image-preview:large","max-video-preview":"max-video-preview:-1"},"canonical":"https:\/\/www.softub.ch\/produkt\/sauna-badebottich-softub-schweiz\/","og_locale":"en_US","og_type":"article","og_title":"Sauna-Badebottich \/ Outdoorbottich","og_description":"Sauna Badebottich bei SOFTUB Schweiz. Der Tauchbottich hat eine funktionelle ovale Form und ist sauber rund ausgehobelt und geschliffen.","og_url":"https:\/\/www.softub.ch\/produkt\/sauna-badebottich-softub-schweiz\/","og_site_name":"Softub Schweiz","article_publisher":"https:\/\/www.facebook.com\/softubschweiz","article_modified_time":"2025-02-19T09:14:16+00:00","og_image":[{"width":233,"height":216,"url":"https:\/\/www.softub.ch\/wp-content\/uploads\/Sauna_Badebottich_Outdoorbottich_Softub_Schweiz_Hot_Pot_kaufen_Schweiz.jpg","type":"image\/jpeg"}],"twitter_card":"summary_large_image","twitter_misc":{"Est. reading time":"3 minutes"},"schema":{"@context":"https:\/\/schema.org","@graph":[{"@type":"WebPage","@id":"https:\/\/www.softub.ch\/produkt\/sauna-badebottich-softub-schweiz\/","url":"https:\/\/www.softub.ch\/produkt\/sauna-badebottich-softub-schweiz\/","name":"Sauna Badebottich - SOFTUB Schweiz","isPartOf":{"@id":"https:\/\/www.softub.ch\/fr\/#website"},"primaryImageOfPage":{"@id":"https:\/\/www.softub.ch\/produkt\/sauna-badebottich-softub-schweiz\/#primaryimage"},"image":{"@id":"https:\/\/www.softub.ch\/produkt\/sauna-badebottich-softub-schweiz\/#primaryimage"},"thumbnailUrl":"https:\/\/www.softub.ch\/wp-content\/uploads\/Sauna_Badebottich_Outdoorbottich_Softub_Schweiz_Hot_Pot_kaufen_Schweiz.jpg","datePublished":"2022-10-26T09:58:16+00:00","dateModified":"2025-02-19T09:14:16+00:00","description":"Sauna Badebottich bei SOFTUB Schweiz. Der Tauchbottich hat eine funktionelle ovale Form und ist sauber rund ausgehobelt und geschliffen.","breadcrumb":{"@id":"https:\/\/www.softub.ch\/produkt\/sauna-badebottich-softub-schweiz\/#breadcrumb"},"inLanguage":"en-US","potentialAction":[{"@type":"ReadAction","target":["https:\/\/www.softub.ch\/produkt\/sauna-badebottich-softub-schweiz\/"]}]},{"@type":"ImageObject","inLanguage":"en-US","@id":"https:\/\/www.softub.ch\/produkt\/sauna-badebottich-softub-schweiz\/#primaryimage","url":"https:\/\/www.softub.ch\/wp-content\/uploads\/Sauna_Badebottich_Outdoorbottich_Softub_Schweiz_Hot_Pot_kaufen_Schweiz.jpg","contentUrl":"https:\/\/www.softub.ch\/wp-content\/uploads\/Sauna_Badebottich_Outdoorbottich_Softub_Schweiz_Hot_Pot_kaufen_Schweiz.jpg","width":233,"height":216,"caption":"Sauna Badebottich Outdoorbottich Softub Schweiz Hot Pot kaufen Schweiz"},{"@type":"BreadcrumbList","@id":"https:\/\/www.softub.ch\/produkt\/sauna-badebottich-softub-schweiz\/#breadcrumb","itemListElement":[{"@type":"ListItem","position":1,"name":"Startseite","item":"https:\/\/www.softub.ch\/en\/"},{"@type":"ListItem","position":2,"name":"Shop","item":"https:\/\/www.softub.ch\/en\/shop-2\/"},{"@type":"ListItem","position":3,"name":"Sauna-Badebottich \/ Outdoorbottich"}]},{"@type":"WebSite","@id":"https:\/\/www.softub.ch\/fr\/#website","url":"https:\/\/www.softub.ch\/fr\/","name":"Softub Schweiz","description":"Softub - Wir machen Ferien Zuhause","publisher":{"@id":"https:\/\/www.softub.ch\/fr\/#organization"},"potentialAction":[{"@type":"SearchAction","target":{"@type":"EntryPoint","urlTemplate":"https:\/\/www.softub.ch\/fr\/?s={search_term_string}"},"query-input":{"@type":"PropertyValueSpecification","valueRequired":true,"valueName":"search_term_string"}}],"inLanguage":"en-US"},{"@type":"Organization","@id":"https:\/\/www.softub.ch\/fr\/#organization","name":"Softub Schweiz AG","url":"https:\/\/www.softub.ch\/fr\/","logo":{"@type":"ImageObject","inLanguage":"en-US","@id":"https:\/\/www.softub.ch\/fr\/#\/schema\/logo\/image\/","url":"https:\/\/www.softub.ch\/wp-content\/uploads\/Softub-Logo-Softub-Schweiz-.png","contentUrl":"https:\/\/www.softub.ch\/wp-content\/uploads\/Softub-Logo-Softub-Schweiz-.png","width":200,"height":73,"caption":"Softub Schweiz AG"},"image":{"@id":"https:\/\/www.softub.ch\/fr\/#\/schema\/logo\/image\/"},"sameAs":["https:\/\/www.facebook.com\/softubschweiz","https:\/\/www.instagram.com\/softub_schweiz\/","https:\/\/ch.pinterest.com\/softub_schweiz\/","https:\/\/www.linkedin.com\/company\/softub-schweiz-ag\/"]}]}},"_links":{"self":[{"href":"https:\/\/www.softub.ch\/en\/wp-json\/wp\/v2\/product\/44774","targetHints":{"allow":["GET"]}}],"collection":[{"href":"https:\/\/www.softub.ch\/en\/wp-json\/wp\/v2\/product"}],"about":[{"href":"https:\/\/www.softub.ch\/en\/wp-json\/wp\/v2\/types\/product"}],"wp:featuredmedia":[{"embeddable":true,"href":"https:\/\/www.softub.ch\/en\/wp-json\/wp\/v2\/media\/44781"}],"wp:attachment":[{"href":"https:\/\/www.softub.ch\/en\/wp-json\/wp\/v2\/media?parent=44774"}],"wp:term":[{"taxonomy":"product_brand","embeddable":true,"href":"https:\/\/www.softub.ch\/en\/wp-json\/wp\/v2\/product_brand?post=44774"},{"taxonomy":"product_cat","embeddable":true,"href":"https:\/\/www.softub.ch\/en\/wp-json\/wp\/v2\/product_cat?post=44774"},{"taxonomy":"product_tag","embeddable":true,"href":"https:\/\/www.softub.ch\/en\/wp-json\/wp\/v2\/product_tag?post=44774"},{"taxonomy":"woo-feed-brand","embeddable":true,"href":"https:\/\/www.softub.ch\/en\/wp-json\/wp\/v2\/woo-feed-brand?post=44774"}],"curies":[{"name":"wp","href":"https:\/\/api.w.org\/{rel}","templated":true}]}}