{"id":50380,"date":"2023-07-26T14:13:16","date_gmt":"2023-07-26T12:13:16","guid":{"rendered":"https:\/\/www.softub.ch\/?post_type=product&#038;p=50380"},"modified":"2023-11-15T11:34:56","modified_gmt":"2023-11-15T10:34:56","slug":"unosider-pavillon-malatesta-slide","status":"publish","type":"product","link":"https:\/\/www.softub.ch\/en\/product\/unosider-pavillon-malatesta-slide\/","title":{"rendered":"Pavillon Malatesta Slide"},"content":{"rendered":"<div class=\"fusion-fullwidth fullwidth-box fusion-builder-row-1 fusion-flex-container has-pattern-background has-mask-background nonhundred-percent-fullwidth non-hundred-percent-height-scrolling\" style=\"--awb-border-radius-top-left:0px;--awb-border-radius-top-right:0px;--awb-border-radius-bottom-right:0px;--awb-border-radius-bottom-left:0px;--awb-flex-wrap:wrap;\" ><div class=\"fusion-builder-row fusion-row fusion-flex-align-items-flex-start fusion-flex-content-wrap\" style=\"max-width:1248px;margin-left: calc(-4% \/ 2 );margin-right: calc(-4% \/ 2 );\"><div class=\"fusion-layout-column fusion_builder_column fusion-builder-column-0 fusion_builder_column_3_4 3_4 fusion-flex-column\" style=\"--awb-bg-size:cover;--awb-width-large:75%;--awb-margin-top-large:0px;--awb-spacing-right-large:2.56%;--awb-margin-bottom-large:20px;--awb-spacing-left-large:2.56%;--awb-width-medium:100%;--awb-order-medium:0;--awb-spacing-right-medium:1.92%;--awb-spacing-left-medium:1.92%;--awb-width-small:100%;--awb-order-small:0;--awb-spacing-right-small:1.92%;--awb-spacing-left-small:1.92%;\"><div class=\"fusion-column-wrapper fusion-column-has-shadow fusion-flex-justify-content-flex-start fusion-content-layout-column\"><div class=\"fusion-text fusion-text-1\"><h1>Unosider Pavillon Malatesta Slide<\/h1>\n<p>Der Unosider Pavillon Malatesta Slide ist das klassische \u00c4quivalent zum Pavillon Mood.<\/p>\n<h3>Tragende Konstruktion:<\/h3>\n<ul>\n<li>Selbsttragende Struktur aus Stahl mit Feuerverzinkung<\/li>\n<li>UV-best\u00e4ndig Epoxid-Pulverbeschichtung auf Polyesterharzbasis<\/li>\n<li>Erh\u00e4ltlich in 9 Standardfarben<\/li>\n<li>Kann bis zu einer maximalen Gr\u00f6sse von 430 x 550 cm<\/li>\n<li>S\u00e4ulenquerschnitt 80 x 80 mm<\/li>\n<li>H\u00f6he des Balkenumfangs 260 mm<\/li>\n<li>Die Dekoration der Frontbalken ist in drei Varianten erh\u00e4ltlich<\/li>\n<\/ul>\n<h3>Markisentuch:<\/h3>\n<ul>\n<li>Manuell einfahrbares Dach<\/li>\n<li>Regenwasserabfluss (an einer oder beiden B-Seiten) durch schr\u00e4ge Rinnen im Gewebe der Dachabdeckung<\/li>\n<li>Standardmarkise aus PVC STAM, thermoverschweisst, Brandklasse 2\/UNI9177<\/li>\n<li>in 9 Standardfarben erh\u00e4ltlich<\/li>\n<li>Man\u00f6vrierstange<\/li>\n<\/ul>\n<h3>Erg\u00e4nzendes Zubeh\u00f6r:<\/h3>\n<ul>\n<li>Seitenteile aus Acrylgewebe Progar oder PVC mit Reissverschluss und Metallb\u00fcgeln zum Festhalten<\/li>\n<li>Schmuck-Markisen aus Acrylgewebe Progar als Dekoration des Traggest\u00e4nges<\/li>\n<li>Schutzdach aus transparentem Polykarbonat f\u00fcr das geraffte Stoffdach<\/li>\n<li>Integrierter LED-Streifen mit Dimmer in den Aluminiumprofilen des Schiebedachs<\/li>\n<\/ul>\n<p><strong>Standardmasse:<\/strong>\u00a0ab 3 \u00d7 3 Meter bis 4 \u00d7 5 Meter<\/p>\n<p><i class=\"fa sl-wrench minti-icon\"><\/i><strong>Massanfertigung m\u00f6glich bis 430 x 550 cm<\/strong><\/p>\n<h3>Malatesta XL<\/h3>\n<p>Suchen Sie noch gr\u00f6ssere Abmessungen? Dann ist das Malatesta XL genau das richtige f\u00fcr Sie. Eine Fl\u00e4che bis zu 100 Quadratmetern, ohne dass zentrale S\u00e4ulen erforderlich sind, wodurch ein offener und fliessender Raum entsteht. Auf Anfrage in unterschiedlichen Farbkombinationen bei uns erh\u00e4ltlich.<\/p>\n<h3 class=\"fusion-responsive-typography-calculated\" data-fontsize=\"18\" data-lineheight=\"27px\">Familie Malatesta:<\/h3>\n<ul>\n<li><a href=\"https:\/\/softub.ch\/produkt\/unosider-pavillon-malatesta\/\" target=\"_blank\" rel=\"noopener\">Malatesta<\/a><\/li>\n<li><a href=\"https:\/\/softub.ch\/produkt\/unosider-wandpergola-malatesta\/\" target=\"_blank\" rel=\"noopener\">Malatesta Pergola\u00a0<\/a><\/li>\n<li><a href=\"https:\/\/softub.ch\/produkt\/unosider-wandpergola-malatesta-elettra\/\" target=\"_blank\" rel=\"noopener\">Malatesta Pergola Elettra<\/a><\/li>\n<li><a href=\"https:\/\/softub.ch\/produkt\/unosider-pavillon-malatesta-plain\/\" target=\"_blank\" rel=\"noopener\">Malatesta Plain<\/a><\/li>\n<li>Malatesta Slide<\/li>\n<li>Malatesta XL<\/li>\n<\/ul>\n<div>\n<h3 class=\"\" data-fontsize=\"18\" data-lineheight=\"27px\">Montage Ihres neuen Pavillons<\/h3>\n<\/div>\n<div>\n<p>F\u00fcr die Installation Ihres neuen Pavillons m\u00fcssen Sie sich keine Gedanken machen! Wir stellen Ihnen gerne unser Hauseigen, fachm\u00e4nnisches Installationsteam f\u00fcr die Montage zur Verf\u00fcgung.<\/p>\n<\/div>\n<div>\n<h3 class=\"\" data-fontsize=\"18\" data-lineheight=\"27px\">Unosider \u2013 Pavillon, Pergola, Sonnenschutzsystem und Wetterschutzsystem<\/h3>\n<\/div>\n<div>\n<p><strong>25 Jahre Erfahrung<\/strong><span class=\"apple-converted-space\">\u00a0<\/span>im Bereich Beschattung und Sonnenschutz f\u00fcr Garten und Terrasse:<span class=\"apple-converted-space\">\u00a0<\/span><strong>Unosider<\/strong><span class=\"apple-converted-space\">\u00a0<\/span>aus Italien, hat im Laufe der Jahre vielseitig einsetzbare<span class=\"apple-converted-space\">\u00a0<\/span><strong>Outdoor Locations<\/strong><span class=\"apple-converted-space\">\u00a0<\/span>entwickelt. Mit Freude ist man st\u00e4ndig auf der Suche nach innovativen L\u00f6sungen und Formen f\u00fcr Pavillons und Pergolen.<\/p>\n<\/div>\n<div>\n<p><strong>Eigene Werkst\u00e4tten und betriebsinterne Produktion<\/strong>, sind der ganze Stolz von Unosider. Man legt grossen Wert auf die Wurzeln, die in der<span class=\"apple-converted-space\">\u00a0<\/span><strong>italienische Handwerkstradition<\/strong><span class=\"apple-converted-space\">\u00a0<\/span>liegen. Dies setzt sich mit<span class=\"apple-converted-space\">\u00a0<\/span><strong>hochwertiger Qualit\u00e4t, Flexibilit\u00e4t und massgefertigten L\u00f6sungen<\/strong><span class=\"apple-converted-space\">\u00a0<\/span>f\u00fcr Ihre Pergola und ihren Pavillon um.<\/p>\n<\/div>\n<div>\n<p>Ihr Traumgarten mit Dolce Vita von Softub Schweiz AG.<\/p>\n<\/div>\n<div>\n<h3 class=\"\" data-fontsize=\"18\" data-lineheight=\"27px\">Weiteres Zubeh\u00f6r f\u00fcr Ihr Zuhause<\/h3>\n<\/div>\n<div>\n<p>Wir haben ein reichhaltiges Zubeh\u00f6rsortiment f\u00fcr Sie zusammengestellt, so dass Sie sich die passenden Produkte in Ruhe in unserem Onlineshop ausw\u00e4hlen k\u00f6nnen.<\/p>\n<\/div>\n<div>\n<p>Wenn Sie sich dar\u00fcber hinaus Ihre ganz pers\u00f6nliche Wellness-Oase schaffen wollen, so schauen Sie sich doch einfach unsere Softub<span class=\"apple-converted-space\">\u00a0<\/span><a href=\"https:\/\/softub.ch\/shop\/softub-whirlpools\/\">Whirlpools<\/a><span class=\"apple-converted-space\">\u00a0<\/span>an der perfekt zur Ihrem<span class=\"apple-converted-space\">\u00a0<\/span><a href=\"https:\/\/www.meinschattenspender.ch\/\" target=\"_blank\" rel=\"noopener\">Unosider Pavillon<\/a><span class=\"apple-converted-space\">\u00a0<\/span>passen k\u00f6nnte.<\/p>\n<\/div>\n<div>\n<p>Wir beraten Sie gerne,<span class=\"apple-converted-space\">\u00a0<\/span><a href=\"tel:+41443969060\">telefonisch<\/a>, in einem unserer Showrooms oder bei Ihnen Zuhause.<\/p>\n<\/div>\n<\/div><\/div><\/div><\/div><\/div>\n","protected":false},"excerpt":{"rendered":"<p>Dies ist das klassische \u00c4quivalent zum modernen\u00a0<strong>Mood Pavillon<\/strong>.<\/p>\n<p>Die Materialien der Pavillons sind unterschiedlich \u2013 Eisen statt Aluminium \u2013 aber mit einem \u00e4hnlichen manuellen System zum \u00d6ffnen der Markise.<\/p>\n<p>Die Struktur ist im klassischen Stil mit raffinierter Geometrie.<\/p>\n<p>Die als Zubeh\u00f6r erh\u00e4ltlichen Seitenvorh\u00e4nge unterstreichen die Optik sowie die Abschirmung vor Sonne und m\u00e4ssigen Winden.<\/p>\n<p><strong>Im Preis inbegriffen ist der Plexiglasschutz.\u00a0<\/strong><\/p>\n<h4 class=\"fusion-responsive-typography-calculated\" data-fontsize=\"13\" data-lineheight=\"19.5px\"><em>Fast jeder Schattenspender kann auf Mass angefertigt werden.\u00a0<a href=\"https:\/\/www.meinschattenspender.ch\/atelier-massgeschneidert-pavillon\/\" target=\"_blank\" rel=\"noopener\"><strong>Diverse<\/strong>\u00a0<strong>Farben<\/strong><\/a>\u00a0f\u00fcr Gestell. Dach und Vorh\u00e4nge und Gr\u00f6ssen bis zu 100m2 passen perfekt zu jedem Haus.<\/em><em><strong><br \/>\n<\/strong><\/em><em><strong><a href=\"tel:+41443969060\">Rufen Sie uns an<\/a><\/strong>, vereinbaren Sie einen<strong><a href=\"https:\/\/softub.ch\/kontakt\/\">\u00a0Termin im Showroom Ihrer Wahl<\/a>,<\/strong>\u00a0klicken Sie hier auf die<strong><a href=\"https:\/\/www.unosider.com\/de\/produkte\/malatesta-slide\/\" target=\"_blank\" rel=\"noopener\">\u00a0Website vom Hersteller<\/a>\u00a0<\/strong>f\u00fcr noch mehr online Informationen.<\/em><\/h4>\n[fusion_button link=\"https:\/\/softub.ch\/wp-content\/uploads\/unosider_malatesta_slide_gazebo_technical_sheet.pdf\" title=\"\" target=\"_self\" link_attributes=\"\" alignment_medium=\"\" alignment_small=\"\" alignment=\"\" modal=\"\" hide_on_mobile=\"small-visibility,medium-visibility,large-visibility\" sticky_display=\"normal,sticky\" class=\"\" id=\"\" color=\"default\" button_gradient_top_color_hover=\"\" hue=\"\" saturation=\"\" lightness=\"\" alpha=\"\" button_gradient_top_color=\"\" button_gradient_bottom_color_hover=\"\" button_gradient_bottom_color=\"\" gradient_start_position=\"\" gradient_end_position=\"\" gradient_type=\"\" radial_direction=\"\" linear_angle=\"180\" accent_hover_color=\"\" accent_color=\"\" type=\"\" bevel_color=\"\" bevel_color_hover=\"\" border_top=\"\" border_right=\"\" border_bottom=\"\" border_left=\"\" border_radius_top_left=\"\" border_radius_top_right=\"\" border_radius_bottom_right=\"\" border_radius_bottom_left=\"\" border_hover_color=\"\" border_color=\"\" size=\"\" padding_top=\"\" padding_right=\"\" padding_bottom=\"\" padding_left=\"\" fusion_font_family_button_font=\"\" fusion_font_variant_button_font=\"\" font_size=\"\" line_height=\"\" letter_spacing=\"\" text_transform=\"\" stretch=\"default\" margin_top=\"\" margin_right=\"\" margin_bottom=\"\" margin_left=\"\" icon=\"\" icon_position=\"left\" icon_divider=\"no\" hover_transition=\"none\" animation_type=\"\" animation_direction=\"left\" animation_color=\"\" animation_speed=\"0.3\" animation_delay=\"0\" animation_offset=\"\"]PDF Datenblatt[\/fusion_button]\n","protected":false},"featured_media":50381,"template":"","meta":{"_acf_changed":false},"product_brand":[],"product_cat":[7382],"product_tag":[831,7418,7405,7397,7398,7400,1195,7399,802,7393,140,2751,2748,1180,7408,7428,7426,7409,7391,7419,567,1179,3040,569,142,7390,948,7401,139,1163,7386,7424,7392,7389,1188,548],"woo-feed-brand":[],"class_list":{"0":"post-50380","1":"product","2":"type-product","3":"status-publish","4":"has-post-thumbnail","6":"product_cat-unosider-pavillon","7":"product_tag-elegant","8":"product_tag-eleganter-pavillon","9":"product_tag-hochwertiger-pavillon","10":"product_tag-italien","11":"product_tag-italienische-handwerkstradition","12":"product_tag-italienische-pergola","13":"product_tag-italienischer-pavillon","14":"product_tag-italienischer-sonnensegel","15":"product_tag-outdoor","16":"product_tag-outdoor-location","17":"product_tag-pavillon","18":"product_tag-pavillon-aus-italien","19":"product_tag-pavillon-fuer-garten","20":"product_tag-pavillon-kaufen","21":"product_tag-pavillon-kaufen-schweiz","22":"product_tag-pavillon-malatesta-slide","23":"product_tag-pavillon-malatesta-slide-von-unosider","24":"product_tag-pavillon-von-unosider","25":"product_tag-pergola","26":"product_tag-schlichter-pavillon","27":"product_tag-softub","28":"product_tag-softub-schweiz","29":"product_tag-softub-schweiz-ag","30":"product_tag-softub-whirlpool","31":"product_tag-sonnenschutz","32":"product_tag-sonnenschutzsystem","33":"product_tag-sonnensegel","34":"product_tag-sonnensegel-aus-italien","35":"product_tag-unosider","36":"product_tag-unosider-pavillon","37":"product_tag-unosider-sonnensegel","38":"product_tag-venice-cabana-pavillon-von-unosider","39":"product_tag-wandpergola","40":"product_tag-wetterschutzsystem","41":"product_tag-whirlpool-ueberdachung","42":"product_tag-whirlpools","44":"first","45":"instock","46":"taxable","47":"shipping-taxable","48":"purchasable","49":"product-type-variable"},"acf":[],"yoast_head":"<!-- This site is optimized with the Yoast SEO Premium plugin v27.5 (Yoast SEO v27.5) - https:\/\/yoast.com\/product\/yoast-seo-premium-wordpress\/ -->\n<title>Unosider Pavillon Malatesta Slide - SOFTUB Schweiz<\/title>\n<meta name=\"description\" content=\"Der Unosider Pavillon Malatesta Slide ist ein echtes Upgrade f\u00fcr Ihren Traumgarten. Die Struktur ist im klassischen Stil mit raffinierter Geometrie.\" \/>\n<meta name=\"robots\" content=\"index, follow, max-snippet:-1, max-image-preview:large, max-video-preview:-1\" \/>\n<link rel=\"canonical\" href=\"https:\/\/www.softub.ch\/produkt\/unosider-pavillon-malatesta-slide\/\" \/>\n<meta property=\"og:locale\" content=\"en_US\" \/>\n<meta property=\"og:type\" content=\"article\" \/>\n<meta property=\"og:title\" content=\"Pavillon Malatesta Slide\" \/>\n<meta property=\"og:description\" content=\"Der Unosider Pavillon Malatesta Slide ist ein echtes Upgrade f\u00fcr Ihren Traumgarten. Die Struktur ist im klassischen Stil mit raffinierter Geometrie.\" \/>\n<meta property=\"og:url\" content=\"https:\/\/www.softub.ch\/produkt\/unosider-pavillon-malatesta-slide\/\" \/>\n<meta property=\"og:site_name\" content=\"Softub Schweiz\" \/>\n<meta property=\"article:publisher\" content=\"https:\/\/www.facebook.com\/softubschweiz\" \/>\n<meta property=\"article:modified_time\" content=\"2023-11-15T10:34:56+00:00\" \/>\n<meta property=\"og:image\" content=\"https:\/\/www.softub.ch\/wp-content\/uploads\/domus-5.jpg\" \/>\n\t<meta property=\"og:image:width\" content=\"1920\" \/>\n\t<meta property=\"og:image:height\" content=\"1080\" \/>\n\t<meta property=\"og:image:type\" content=\"image\/jpeg\" \/>\n<meta name=\"twitter:card\" content=\"summary_large_image\" \/>\n<meta name=\"twitter:label1\" content=\"Est. reading time\" \/>\n\t<meta name=\"twitter:data1\" content=\"5 minutes\" \/>\n<script type=\"application\/ld+json\" class=\"yoast-schema-graph\">{\"@context\":\"https:\\\/\\\/schema.org\",\"@graph\":[{\"@type\":\"WebPage\",\"@id\":\"https:\\\/\\\/www.softub.ch\\\/produkt\\\/unosider-pavillon-malatesta-slide\\\/\",\"url\":\"https:\\\/\\\/www.softub.ch\\\/produkt\\\/unosider-pavillon-malatesta-slide\\\/\",\"name\":\"Unosider Pavillon Malatesta Slide - SOFTUB Schweiz\",\"isPartOf\":{\"@id\":\"https:\\\/\\\/www.softub.ch\\\/fr\\\/#website\"},\"primaryImageOfPage\":{\"@id\":\"https:\\\/\\\/www.softub.ch\\\/produkt\\\/unosider-pavillon-malatesta-slide\\\/#primaryimage\"},\"image\":{\"@id\":\"https:\\\/\\\/www.softub.ch\\\/produkt\\\/unosider-pavillon-malatesta-slide\\\/#primaryimage\"},\"thumbnailUrl\":\"https:\\\/\\\/www.softub.ch\\\/wp-content\\\/uploads\\\/domus-5.jpg\",\"datePublished\":\"2023-07-26T12:13:16+00:00\",\"dateModified\":\"2023-11-15T10:34:56+00:00\",\"description\":\"Der Unosider Pavillon Malatesta Slide ist ein echtes Upgrade f\u00fcr Ihren Traumgarten. Die Struktur ist im klassischen Stil mit raffinierter Geometrie.\",\"breadcrumb\":{\"@id\":\"https:\\\/\\\/www.softub.ch\\\/produkt\\\/unosider-pavillon-malatesta-slide\\\/#breadcrumb\"},\"inLanguage\":\"en-US\",\"potentialAction\":[{\"@type\":\"ReadAction\",\"target\":[\"https:\\\/\\\/www.softub.ch\\\/produkt\\\/unosider-pavillon-malatesta-slide\\\/\"]}]},{\"@type\":\"ImageObject\",\"inLanguage\":\"en-US\",\"@id\":\"https:\\\/\\\/www.softub.ch\\\/produkt\\\/unosider-pavillon-malatesta-slide\\\/#primaryimage\",\"url\":\"https:\\\/\\\/www.softub.ch\\\/wp-content\\\/uploads\\\/domus-5.jpg\",\"contentUrl\":\"https:\\\/\\\/www.softub.ch\\\/wp-content\\\/uploads\\\/domus-5.jpg\",\"width\":1920,\"height\":1080,\"caption\":\"Der Unosider Classic Pavillon Malatesta Slide in gr\u00fcn an der Wand eines Hauses angebracht . Darunter steht eine Gartenlounge.\"},{\"@type\":\"BreadcrumbList\",\"@id\":\"https:\\\/\\\/www.softub.ch\\\/produkt\\\/unosider-pavillon-malatesta-slide\\\/#breadcrumb\",\"itemListElement\":[{\"@type\":\"ListItem\",\"position\":1,\"name\":\"Startseite\",\"item\":\"https:\\\/\\\/www.softub.ch\\\/en\\\/\"},{\"@type\":\"ListItem\",\"position\":2,\"name\":\"Shop\",\"item\":\"https:\\\/\\\/www.softub.ch\\\/en\\\/shop-2\\\/\"},{\"@type\":\"ListItem\",\"position\":3,\"name\":\"Pavillon Malatesta Slide\"}]},{\"@type\":\"WebSite\",\"@id\":\"https:\\\/\\\/www.softub.ch\\\/fr\\\/#website\",\"url\":\"https:\\\/\\\/www.softub.ch\\\/fr\\\/\",\"name\":\"Softub Schweiz\",\"description\":\"Softub - Wir machen Ferien Zuhause\",\"publisher\":{\"@id\":\"https:\\\/\\\/www.softub.ch\\\/fr\\\/#organization\"},\"potentialAction\":[{\"@type\":\"SearchAction\",\"target\":{\"@type\":\"EntryPoint\",\"urlTemplate\":\"https:\\\/\\\/www.softub.ch\\\/fr\\\/?s={search_term_string}\"},\"query-input\":{\"@type\":\"PropertyValueSpecification\",\"valueRequired\":true,\"valueName\":\"search_term_string\"}}],\"inLanguage\":\"en-US\"},{\"@type\":\"Organization\",\"@id\":\"https:\\\/\\\/www.softub.ch\\\/fr\\\/#organization\",\"name\":\"Softub Schweiz AG\",\"url\":\"https:\\\/\\\/www.softub.ch\\\/fr\\\/\",\"logo\":{\"@type\":\"ImageObject\",\"inLanguage\":\"en-US\",\"@id\":\"https:\\\/\\\/www.softub.ch\\\/fr\\\/#\\\/schema\\\/logo\\\/image\\\/\",\"url\":\"https:\\\/\\\/www.softub.ch\\\/wp-content\\\/uploads\\\/Softub-Logo-Softub-Schweiz-.png\",\"contentUrl\":\"https:\\\/\\\/www.softub.ch\\\/wp-content\\\/uploads\\\/Softub-Logo-Softub-Schweiz-.png\",\"width\":200,\"height\":73,\"caption\":\"Softub Schweiz AG\"},\"image\":{\"@id\":\"https:\\\/\\\/www.softub.ch\\\/fr\\\/#\\\/schema\\\/logo\\\/image\\\/\"},\"sameAs\":[\"https:\\\/\\\/www.facebook.com\\\/softubschweiz\",\"https:\\\/\\\/www.instagram.com\\\/softub_schweiz\\\/\",\"https:\\\/\\\/ch.pinterest.com\\\/softub_schweiz\\\/\",\"https:\\\/\\\/www.linkedin.com\\\/company\\\/softub-schweiz-ag\\\/\"]}]}<\/script>\n<!-- \/ Yoast SEO Premium plugin. -->","yoast_head_json":{"title":"Unosider Pavillon Malatesta Slide - SOFTUB Schweiz","description":"Der Unosider Pavillon Malatesta Slide ist ein echtes Upgrade f\u00fcr Ihren Traumgarten. Die Struktur ist im klassischen Stil mit raffinierter Geometrie.","robots":{"index":"index","follow":"follow","max-snippet":"max-snippet:-1","max-image-preview":"max-image-preview:large","max-video-preview":"max-video-preview:-1"},"canonical":"https:\/\/www.softub.ch\/produkt\/unosider-pavillon-malatesta-slide\/","og_locale":"en_US","og_type":"article","og_title":"Pavillon Malatesta Slide","og_description":"Der Unosider Pavillon Malatesta Slide ist ein echtes Upgrade f\u00fcr Ihren Traumgarten. Die Struktur ist im klassischen Stil mit raffinierter Geometrie.","og_url":"https:\/\/www.softub.ch\/produkt\/unosider-pavillon-malatesta-slide\/","og_site_name":"Softub Schweiz","article_publisher":"https:\/\/www.facebook.com\/softubschweiz","article_modified_time":"2023-11-15T10:34:56+00:00","og_image":[{"width":1920,"height":1080,"url":"https:\/\/www.softub.ch\/wp-content\/uploads\/domus-5.jpg","type":"image\/jpeg"}],"twitter_card":"summary_large_image","twitter_misc":{"Est. reading time":"5 minutes"},"schema":{"@context":"https:\/\/schema.org","@graph":[{"@type":"WebPage","@id":"https:\/\/www.softub.ch\/produkt\/unosider-pavillon-malatesta-slide\/","url":"https:\/\/www.softub.ch\/produkt\/unosider-pavillon-malatesta-slide\/","name":"Unosider Pavillon Malatesta Slide - SOFTUB Schweiz","isPartOf":{"@id":"https:\/\/www.softub.ch\/fr\/#website"},"primaryImageOfPage":{"@id":"https:\/\/www.softub.ch\/produkt\/unosider-pavillon-malatesta-slide\/#primaryimage"},"image":{"@id":"https:\/\/www.softub.ch\/produkt\/unosider-pavillon-malatesta-slide\/#primaryimage"},"thumbnailUrl":"https:\/\/www.softub.ch\/wp-content\/uploads\/domus-5.jpg","datePublished":"2023-07-26T12:13:16+00:00","dateModified":"2023-11-15T10:34:56+00:00","description":"Der Unosider Pavillon Malatesta Slide ist ein echtes Upgrade f\u00fcr Ihren Traumgarten. Die Struktur ist im klassischen Stil mit raffinierter Geometrie.","breadcrumb":{"@id":"https:\/\/www.softub.ch\/produkt\/unosider-pavillon-malatesta-slide\/#breadcrumb"},"inLanguage":"en-US","potentialAction":[{"@type":"ReadAction","target":["https:\/\/www.softub.ch\/produkt\/unosider-pavillon-malatesta-slide\/"]}]},{"@type":"ImageObject","inLanguage":"en-US","@id":"https:\/\/www.softub.ch\/produkt\/unosider-pavillon-malatesta-slide\/#primaryimage","url":"https:\/\/www.softub.ch\/wp-content\/uploads\/domus-5.jpg","contentUrl":"https:\/\/www.softub.ch\/wp-content\/uploads\/domus-5.jpg","width":1920,"height":1080,"caption":"Der Unosider Classic Pavillon Malatesta Slide in gr\u00fcn an der Wand eines Hauses angebracht . Darunter steht eine Gartenlounge."},{"@type":"BreadcrumbList","@id":"https:\/\/www.softub.ch\/produkt\/unosider-pavillon-malatesta-slide\/#breadcrumb","itemListElement":[{"@type":"ListItem","position":1,"name":"Startseite","item":"https:\/\/www.softub.ch\/en\/"},{"@type":"ListItem","position":2,"name":"Shop","item":"https:\/\/www.softub.ch\/en\/shop-2\/"},{"@type":"ListItem","position":3,"name":"Pavillon Malatesta Slide"}]},{"@type":"WebSite","@id":"https:\/\/www.softub.ch\/fr\/#website","url":"https:\/\/www.softub.ch\/fr\/","name":"Softub Schweiz","description":"Softub - Wir machen Ferien Zuhause","publisher":{"@id":"https:\/\/www.softub.ch\/fr\/#organization"},"potentialAction":[{"@type":"SearchAction","target":{"@type":"EntryPoint","urlTemplate":"https:\/\/www.softub.ch\/fr\/?s={search_term_string}"},"query-input":{"@type":"PropertyValueSpecification","valueRequired":true,"valueName":"search_term_string"}}],"inLanguage":"en-US"},{"@type":"Organization","@id":"https:\/\/www.softub.ch\/fr\/#organization","name":"Softub Schweiz AG","url":"https:\/\/www.softub.ch\/fr\/","logo":{"@type":"ImageObject","inLanguage":"en-US","@id":"https:\/\/www.softub.ch\/fr\/#\/schema\/logo\/image\/","url":"https:\/\/www.softub.ch\/wp-content\/uploads\/Softub-Logo-Softub-Schweiz-.png","contentUrl":"https:\/\/www.softub.ch\/wp-content\/uploads\/Softub-Logo-Softub-Schweiz-.png","width":200,"height":73,"caption":"Softub Schweiz AG"},"image":{"@id":"https:\/\/www.softub.ch\/fr\/#\/schema\/logo\/image\/"},"sameAs":["https:\/\/www.facebook.com\/softubschweiz","https:\/\/www.instagram.com\/softub_schweiz\/","https:\/\/ch.pinterest.com\/softub_schweiz\/","https:\/\/www.linkedin.com\/company\/softub-schweiz-ag\/"]}]}},"_links":{"self":[{"href":"https:\/\/www.softub.ch\/en\/wp-json\/wp\/v2\/product\/50380","targetHints":{"allow":["GET"]}}],"collection":[{"href":"https:\/\/www.softub.ch\/en\/wp-json\/wp\/v2\/product"}],"about":[{"href":"https:\/\/www.softub.ch\/en\/wp-json\/wp\/v2\/types\/product"}],"wp:featuredmedia":[{"embeddable":true,"href":"https:\/\/www.softub.ch\/en\/wp-json\/wp\/v2\/media\/50381"}],"wp:attachment":[{"href":"https:\/\/www.softub.ch\/en\/wp-json\/wp\/v2\/media?parent=50380"}],"wp:term":[{"taxonomy":"product_brand","embeddable":true,"href":"https:\/\/www.softub.ch\/en\/wp-json\/wp\/v2\/product_brand?post=50380"},{"taxonomy":"product_cat","embeddable":true,"href":"https:\/\/www.softub.ch\/en\/wp-json\/wp\/v2\/product_cat?post=50380"},{"taxonomy":"product_tag","embeddable":true,"href":"https:\/\/www.softub.ch\/en\/wp-json\/wp\/v2\/product_tag?post=50380"},{"taxonomy":"woo-feed-brand","embeddable":true,"href":"https:\/\/www.softub.ch\/en\/wp-json\/wp\/v2\/woo-feed-brand?post=50380"}],"curies":[{"name":"wp","href":"https:\/\/api.w.org\/{rel}","templated":true}]}}