{"id":50448,"date":"2023-07-27T09:16:29","date_gmt":"2023-07-27T07:16:29","guid":{"rendered":"https:\/\/www.softub.ch\/?post_type=product&#038;p=50448"},"modified":"2023-11-15T13:33:32","modified_gmt":"2023-11-15T12:33:32","slug":"unosider-wandpergola-novecento-rain","status":"publish","type":"product","link":"https:\/\/www.softub.ch\/en\/product\/unosider-wandpergola-novecento-rain\/","title":{"rendered":"Wandpergola Novecento Rain"},"content":{"rendered":"<div class=\"fusion-fullwidth fullwidth-box fusion-builder-row-1 fusion-flex-container has-pattern-background has-mask-background nonhundred-percent-fullwidth non-hundred-percent-height-scrolling\" style=\"--awb-border-radius-top-left:0px;--awb-border-radius-top-right:0px;--awb-border-radius-bottom-right:0px;--awb-border-radius-bottom-left:0px;--awb-flex-wrap:wrap;\" ><div class=\"fusion-builder-row fusion-row fusion-flex-align-items-flex-start fusion-flex-content-wrap\" style=\"max-width:1248px;margin-left: calc(-4% \/ 2 );margin-right: calc(-4% \/ 2 );\"><div class=\"fusion-layout-column fusion_builder_column fusion-builder-column-0 fusion_builder_column_3_4 3_4 fusion-flex-column\" style=\"--awb-bg-size:cover;--awb-width-large:75%;--awb-margin-top-large:0px;--awb-spacing-right-large:2.56%;--awb-margin-bottom-large:20px;--awb-spacing-left-large:2.56%;--awb-width-medium:100%;--awb-order-medium:0;--awb-spacing-right-medium:1.92%;--awb-spacing-left-medium:1.92%;--awb-width-small:100%;--awb-order-small:0;--awb-spacing-right-small:1.92%;--awb-spacing-left-small:1.92%;\"><div class=\"fusion-column-wrapper fusion-column-has-shadow fusion-flex-justify-content-flex-start fusion-content-layout-column\"><div class=\"fusion-text fusion-text-1\"><h1>Unosider Wandpergola Novecento Rain<\/h1>\n<p>Die Unosider Wandpergola Novecento Rain bietet Ihnen mehr Schatten in Ihrem Garten. Eine <strong>elegante und stilvolle<\/strong> Wandpergola als Erweiterung des Wohnbereichs.<\/p>\n<h3>Tragende Konstruktion:<\/h3>\n<ul>\n<li>Stahlprofile, feuerverzinkt<\/li>\n<li>UV best\u00e4ndig<\/li>\n<li>Erh\u00e4ltlich in 9 Standardfarben<\/li>\n<li>Kundenspezifische Module bis zu einer Gr\u00f6sse von 4 x 5 Meter k\u00f6nnen realisiert werden<\/li>\n<li>S\u00e4ulenquerschnitt 60 x 60 mm<\/li>\n<li>Tr\u00e4gerquerschnitt 180 x 35 mm<\/li>\n<li>Schr\u00e4gschnitt 30 x 30 x 2 mm<\/li>\n<li>Dekoration der Frontbalken ist in drei Varianten erh\u00e4ltlich<\/li>\n<\/ul>\n<h3>Markisentuch:<\/h3>\n<ul>\n<li>Standardmarkise aus PVC PRECONTRAINT 602, thermoverschweisst, Brandklasse 2\/UNI9177<\/li>\n<li>Farbe champagner oder weiss<\/li>\n<li>Ableitung und Kanalisierung des Regenwassers durch die Neigung des Daches, das Vorhandensein von Dachrinnen an der Fassade und Rinnen im Inneren der Pfeiler<\/li>\n<\/ul>\n<h3>Zubeh\u00f6r:<\/h3>\n<ul>\n<li>PVC-Schutzgitter zur inneren Abschirmung des vorderen Balkens<\/li>\n<li>Blechabdeckungen, die wie die Struktur lackiert sind, um das Eindringen von Wasser zwischen der Pergola und der Wand zu verhindern<\/li>\n<li>Dekorierte Seitentr\u00e4ger, auch mit PVC-Innenauskleidung erh\u00e4ltlich<\/li>\n<li>Seitenvorh\u00e4nge mit Reissverschl\u00fcssen, Gleitschienen und Vorhanghalteprofilen zur Befestigung der Vorh\u00e4nge an den S\u00e4ulen. Erh\u00e4ltlich in Acryl oder PVC-Gewebe<\/li>\n<li>Anordnung f\u00fcr die Montage von Kronleuchtern auf schr\u00e4gen D\u00e4chern<\/li>\n<\/ul>\n<p><strong>Standardmasse:<\/strong>\u00a0 ab 3 x 2,5 Meter bis 4 x 5 Meter<br \/>\n<strong>Massanfertigung m\u00f6glich<\/strong><\/p>\n<h3>Familie Novecento<\/h3>\n<ul>\n<li><a href=\"https:\/\/softub.ch\/produkt\/der-unosider-pavillon-novecento\/\" target=\"_blank\" rel=\"noopener\">Pavillon Novecento<\/a><\/li>\n<li><a href=\"https:\/\/softub.ch\/produkt\/unosider-pavillon-novecento-rain\/\" target=\"_blank\" rel=\"noopener\">Pavillon Novecento Rain<\/a><\/li>\n<li><a href=\"https:\/\/softub.ch\/produkt\/unosider-wandpergola-novecento\/\" target=\"_blank\" rel=\"noopener\">Pergola Novecento<\/a><\/li>\n<li>Pergola Novecento Rain<\/li>\n<li><a href=\"https:\/\/softub.ch\/produkt\/unosider-pavillon-novecento-sechseckig\/\" target=\"_blank\" rel=\"noopener\">Novecento Hexagon<\/a><\/li>\n<li>Novecento Hexagon Rain<\/li>\n<li><a href=\"https:\/\/softub.ch\/produkt\/unosider-freistehende-pergola-novecento-gallery\/\" target=\"_blank\" rel=\"noopener\">Freistehende Pergola Novecento Gallery<\/a><\/li>\n<\/ul>\n<div>\n<h3 class=\"fusion-responsive-typography-calculated\" data-fontsize=\"18\" data-lineheight=\"27px\">Montage Ihrer neuen Pergola<\/h3>\n<\/div>\n<div>\n<p>F\u00fcr die Installation Ihrer neuen Pergola m\u00fcssen Sie sich keine Gedanken machen!\u00a0Wir stellen Ihnen gerne unser hauseigenes, fachm\u00e4nnisches Installationsteam f\u00fcr die Montage zur Verf\u00fcgung.<\/p>\n<\/div>\n<div>\n<h3 class=\"fusion-responsive-typography-calculated\" data-fontsize=\"18\" data-lineheight=\"27px\">Unosider \u2013 Pavillon, Pergola, Sonnenschutzsystem und Wetterschutzsystem<\/h3>\n<\/div>\n<div>\n<p><strong>25 Jahre Erfahrung<\/strong>\u00a0im Bereich Beschattung und Sonnenschutz f\u00fcr Garten und Terrasse:\u00a0<strong>Unosider<\/strong>\u00a0aus Italien, hat im Laufe der Jahre vielseitig einsetzbare\u00a0<strong>Outdoor Locations<\/strong>\u00a0entwickelt.\u00a0Mit Freude ist man st\u00e4ndig auf der Suche nach innovativen L\u00f6sungen und Formen f\u00fcr Pavillons und Pergolen.<span class=\"apple-converted-space\">\u00a0<\/span><span class=\"apple-converted-space\">\u00a0<\/span><span class=\"apple-converted-space\">\u00a0<\/span><span class=\"apple-converted-space\">\u00a0<\/span><span class=\"apple-converted-space\">\u00a0<\/span><\/p>\n<\/div>\n<div>\n<p><strong>Eigene Werkst\u00e4tten und betriebsinterne Produktion<\/strong> , sind der ganze Stolz von Unosider. Man legt grossen Wert auf die Wurzeln, die in der <strong>italienischen Handwerkstradition<\/strong>\u00a0liegen.\u00a0Dies setzt sich mit\u00a0<strong>hochwertiger Qualit\u00e4t, Flexibilit\u00e4t und massengefertigten L\u00f6sungen<\/strong>\u00a0f\u00fcr Ihre Pergola und ihren Pavillon um.<span class=\"apple-converted-space\">\u00a0<\/span><span class=\"apple-converted-space\">\u00a0<\/span><span class=\"apple-converted-space\">\u00a0<\/span><span class=\"apple-converted-space\">\u00a0<\/span><\/p>\n<\/div>\n<div>\n<p>Ihr Traumgarten mit Dolce Vita von Softub Schweiz AG.<\/p>\n<\/div>\n<div>\n<h3 class=\"fusion-responsive-typography-calculated\" data-fontsize=\"18\" data-lineheight=\"27px\">Weiteres Zubeh\u00f6r f\u00fcr Ihr Zuhause<\/h3>\n<\/div>\n<div>\n<p>Wir haben ein umfangreiches Zubeh\u00f6rsortiment f\u00fcr Sie zusammengestellt, damit Sie sich die passenden Produkte in Ruhe in unserem Onlineshop ausw\u00e4hlen k\u00f6nnen.<\/p>\n<\/div>\n<div>\n<p>Wenn Sie sich dar\u00fcber hinaus Ihre ganz pers\u00f6nliche Wellness-Oase schaffen wollen, schauen Sie sich doch einfach unsere Softub\u00a0<a href=\"https:\/\/softub.ch\/shop\/softub-whirlpools\/\">Whirlpools<\/a>\u00a0an, die perfekt zu Ihrem\u00a0<a href=\"https:\/\/www.meinschattenspender.ch\/\" target=\"_blank\" rel=\"noopener\">Unosider Pavillon<\/a>\u00a0passen k\u00f6nnten.<span class=\"apple-converted-space\">\u00a0<\/span><span class=\"apple-converted-space\">\u00a0<\/span><span class=\"apple-converted-space\">\u00a0<\/span><span class=\"apple-converted-space\">\u00a0<\/span><\/p>\n<\/div>\n<div>\n<p>Wir beraten Sie gerne,\u00a0<a href=\"tel:+41443969060\">telefonisch<\/a>\u00a0, in einem unserer Showrooms oder bei Ihnen Zuhause.<span class=\"apple-converted-space\">\u00a0<\/span><\/p>\n<\/div>\n<\/div><\/div><\/div><\/div><\/div>\n","protected":false},"excerpt":{"rendered":"<p><b>Die Novecento Rain Pergola\u00a0<\/b>verbindet die Eleganz der Novecento-Familie mit dem frontalen Regenwassersystem und wird so zu einer nat\u00fcrlichen Erweiterung der R\u00e4ume, an denen sie angebracht ist.<\/p>\n<p>Ein einmaliges System mit speziellen konstruktiven Details und vornehmer Ausstrahlung zeigt sich mit Novecento Rain.<br \/>\nDie\u00a0serienm\u00e4ssige Frontrinne und auf Wunsch das Quergest\u00e4nge mit Metalldekoration sind die besonderen Merkmale dieser Pergola.<\/p>\n<p><span style=\"color: #808080;\"><strong>Novecento Rain gibt es auch als Pavillon<\/strong><\/span>.\u00a0 Sch\u00fctzen Sie sich vor der Sonne mit italienischem Chic.<\/p>\n<h4 class=\"fusion-responsive-typography-calculated\" data-fontsize=\"13\" data-lineheight=\"19.5px\"><em>Fast jeder Schattenspender kann auf Mass angefertigt werden.\u00a0<a href=\"https:\/\/www.meinschattenspender.ch\/atelier-massgeschneidert-pavillon\/\" target=\"_blank\" rel=\"noopener\"><strong>Diverse<\/strong>\u00a0<strong>Farben<\/strong><\/a>\u00a0f\u00fcr Gestell. Dach und Vorh\u00e4nge und Gr\u00f6ssen bis zu 100m2 passen perfekt zu jedem Haus.<\/em><em><strong><br \/>\n<\/strong><\/em><em><strong><a href=\"tel:+41443969060\">Rufen Sie uns an<\/a><\/strong>, vereinbaren Sie einen<strong><a href=\"https:\/\/softub.ch\/kontakt\/\">\u00a0Termin im Showroom Ihrer Wahl<\/a>,<\/strong>\u00a0klicken Sie hier auf die<strong><a href=\"https:\/\/www.unosider.com\/de\/produkte\/novecento-pergola-rain\/\" target=\"_blank\" rel=\"noopener\">\u00a0Website vom Hersteller<\/a>\u00a0<\/strong>f\u00fcr noch mehr online Informationen.<\/em><\/h4>\n","protected":false},"featured_media":50312,"template":"","meta":{"_acf_changed":false},"product_brand":[],"product_cat":[7383],"product_tag":[7418,7405,7397,7398,7436,1195,7399,7507,7506,7505,7438,802,7393,140,2751,2748,1180,7408,7409,7391,7419,567,1179,142,7390,948,7401,139,1163,7386,7392,7389,1188,548],"woo-feed-brand":[],"class_list":{"0":"post-50448","1":"product","2":"type-product","3":"status-publish","4":"has-post-thumbnail","6":"product_cat-unosider-pergola-und-wandpergola","7":"product_tag-eleganter-pavillon","8":"product_tag-hochwertiger-pavillon","9":"product_tag-italien","10":"product_tag-italienische-handwerkstradition","11":"product_tag-italienische-wandpergola","12":"product_tag-italienischer-pavillon","13":"product_tag-italienischer-sonnensegel","14":"product_tag-novecento-gallery-carport","15":"product_tag-novecento-pergola","16":"product_tag-novecento-rain","17":"product_tag-novocento-rain-wandpergola","18":"product_tag-outdoor","19":"product_tag-outdoor-location","20":"product_tag-pavillon","21":"product_tag-pavillon-aus-italien","22":"product_tag-pavillon-fuer-garten","23":"product_tag-pavillon-kaufen","24":"product_tag-pavillon-kaufen-schweiz","25":"product_tag-pavillon-von-unosider","26":"product_tag-pergola","27":"product_tag-schlichter-pavillon","28":"product_tag-softub","29":"product_tag-softub-schweiz","30":"product_tag-sonnenschutz","31":"product_tag-sonnenschutzsystem","32":"product_tag-sonnensegel","33":"product_tag-sonnensegel-aus-italien","34":"product_tag-unosider","35":"product_tag-unosider-pavillon","36":"product_tag-unosider-sonnensegel","37":"product_tag-wandpergola","38":"product_tag-wetterschutzsystem","39":"product_tag-whirlpool-ueberdachung","40":"product_tag-whirlpools","42":"first","43":"instock","44":"taxable","45":"shipping-taxable","46":"purchasable","47":"product-type-variable"},"acf":[],"yoast_head":"<!-- This site is optimized with the Yoast SEO Premium plugin v27.3 (Yoast SEO v27.3) - https:\/\/yoast.com\/product\/yoast-seo-premium-wordpress\/ -->\n<title>Unosider Wandpergola Novecento Rain - SOFTUB Schweiz<\/title>\n<meta name=\"description\" content=\"Die Unosider Wandpergola Novecento Rain f\u00fcr mehr Schatten in Ihrem Garten. Ein einmaliges System mit speziellen konstruktiven Detail.\" \/>\n<meta name=\"robots\" content=\"index, follow, max-snippet:-1, max-image-preview:large, max-video-preview:-1\" \/>\n<link rel=\"canonical\" href=\"https:\/\/www.softub.ch\/produkt\/unosider-wandpergola-novecento-rain\/\" \/>\n<meta property=\"og:locale\" content=\"en_US\" \/>\n<meta property=\"og:type\" content=\"article\" \/>\n<meta property=\"og:title\" content=\"Wandpergola Novecento Rain\" \/>\n<meta property=\"og:description\" content=\"Die Unosider Wandpergola Novecento Rain f\u00fcr mehr Schatten in Ihrem Garten. Ein einmaliges System mit speziellen konstruktiven Detail.\" \/>\n<meta property=\"og:url\" content=\"https:\/\/www.softub.ch\/produkt\/unosider-wandpergola-novecento-rain\/\" \/>\n<meta property=\"og:site_name\" content=\"Softub Schweiz\" \/>\n<meta property=\"article:publisher\" content=\"https:\/\/www.facebook.com\/softubschweiz\" \/>\n<meta property=\"article:modified_time\" content=\"2023-11-15T12:33:32+00:00\" \/>\n<meta property=\"og:image\" content=\"https:\/\/www.softub.ch\/wp-content\/uploads\/villa-fiorentina-malta-unosider-classic-pergola-suite-bespoke-project-ph-briangrech-1242.jpg\" \/>\n\t<meta property=\"og:image:width\" content=\"1920\" \/>\n\t<meta property=\"og:image:height\" content=\"1280\" \/>\n\t<meta property=\"og:image:type\" content=\"image\/jpeg\" \/>\n<meta name=\"twitter:card\" content=\"summary_large_image\" \/>\n<meta name=\"twitter:label1\" content=\"Est. reading time\" \/>\n\t<meta name=\"twitter:data1\" content=\"5 minutes\" \/>\n<script type=\"application\/ld+json\" class=\"yoast-schema-graph\">{\"@context\":\"https:\\\/\\\/schema.org\",\"@graph\":[{\"@type\":\"WebPage\",\"@id\":\"https:\\\/\\\/www.softub.ch\\\/produkt\\\/unosider-wandpergola-novecento-rain\\\/\",\"url\":\"https:\\\/\\\/www.softub.ch\\\/produkt\\\/unosider-wandpergola-novecento-rain\\\/\",\"name\":\"Unosider Wandpergola Novecento Rain - SOFTUB Schweiz\",\"isPartOf\":{\"@id\":\"https:\\\/\\\/www.softub.ch\\\/fr\\\/#website\"},\"primaryImageOfPage\":{\"@id\":\"https:\\\/\\\/www.softub.ch\\\/produkt\\\/unosider-wandpergola-novecento-rain\\\/#primaryimage\"},\"image\":{\"@id\":\"https:\\\/\\\/www.softub.ch\\\/produkt\\\/unosider-wandpergola-novecento-rain\\\/#primaryimage\"},\"thumbnailUrl\":\"https:\\\/\\\/www.softub.ch\\\/wp-content\\\/uploads\\\/villa-fiorentina-malta-unosider-classic-pergola-suite-bespoke-project-ph-briangrech-1242.jpg\",\"datePublished\":\"2023-07-27T07:16:29+00:00\",\"dateModified\":\"2023-11-15T12:33:32+00:00\",\"description\":\"Die Unosider Wandpergola Novecento Rain f\u00fcr mehr Schatten in Ihrem Garten. Ein einmaliges System mit speziellen konstruktiven Detail.\",\"breadcrumb\":{\"@id\":\"https:\\\/\\\/www.softub.ch\\\/produkt\\\/unosider-wandpergola-novecento-rain\\\/#breadcrumb\"},\"inLanguage\":\"en-US\",\"potentialAction\":[{\"@type\":\"ReadAction\",\"target\":[\"https:\\\/\\\/www.softub.ch\\\/produkt\\\/unosider-wandpergola-novecento-rain\\\/\"]}]},{\"@type\":\"ImageObject\",\"inLanguage\":\"en-US\",\"@id\":\"https:\\\/\\\/www.softub.ch\\\/produkt\\\/unosider-wandpergola-novecento-rain\\\/#primaryimage\",\"url\":\"https:\\\/\\\/www.softub.ch\\\/wp-content\\\/uploads\\\/villa-fiorentina-malta-unosider-classic-pergola-suite-bespoke-project-ph-briangrech-1242.jpg\",\"contentUrl\":\"https:\\\/\\\/www.softub.ch\\\/wp-content\\\/uploads\\\/villa-fiorentina-malta-unosider-classic-pergola-suite-bespoke-project-ph-briangrech-1242.jpg\",\"width\":1920,\"height\":1280,\"caption\":\"Weisse Pergola Novocento Rain von Unosider an einer Wand befestigt eines Balkons.\"},{\"@type\":\"BreadcrumbList\",\"@id\":\"https:\\\/\\\/www.softub.ch\\\/produkt\\\/unosider-wandpergola-novecento-rain\\\/#breadcrumb\",\"itemListElement\":[{\"@type\":\"ListItem\",\"position\":1,\"name\":\"Startseite\",\"item\":\"https:\\\/\\\/www.softub.ch\\\/en\\\/\"},{\"@type\":\"ListItem\",\"position\":2,\"name\":\"Shop\",\"item\":\"https:\\\/\\\/www.softub.ch\\\/en\\\/shop-2\\\/\"},{\"@type\":\"ListItem\",\"position\":3,\"name\":\"Wandpergola Novecento Rain\"}]},{\"@type\":\"WebSite\",\"@id\":\"https:\\\/\\\/www.softub.ch\\\/fr\\\/#website\",\"url\":\"https:\\\/\\\/www.softub.ch\\\/fr\\\/\",\"name\":\"Softub Schweiz\",\"description\":\"Softub - Wir machen Ferien Zuhause\",\"publisher\":{\"@id\":\"https:\\\/\\\/www.softub.ch\\\/fr\\\/#organization\"},\"potentialAction\":[{\"@type\":\"SearchAction\",\"target\":{\"@type\":\"EntryPoint\",\"urlTemplate\":\"https:\\\/\\\/www.softub.ch\\\/fr\\\/?s={search_term_string}\"},\"query-input\":{\"@type\":\"PropertyValueSpecification\",\"valueRequired\":true,\"valueName\":\"search_term_string\"}}],\"inLanguage\":\"en-US\"},{\"@type\":\"Organization\",\"@id\":\"https:\\\/\\\/www.softub.ch\\\/fr\\\/#organization\",\"name\":\"Softub Schweiz AG\",\"url\":\"https:\\\/\\\/www.softub.ch\\\/fr\\\/\",\"logo\":{\"@type\":\"ImageObject\",\"inLanguage\":\"en-US\",\"@id\":\"https:\\\/\\\/www.softub.ch\\\/fr\\\/#\\\/schema\\\/logo\\\/image\\\/\",\"url\":\"https:\\\/\\\/www.softub.ch\\\/wp-content\\\/uploads\\\/Softub-Logo-Softub-Schweiz-.png\",\"contentUrl\":\"https:\\\/\\\/www.softub.ch\\\/wp-content\\\/uploads\\\/Softub-Logo-Softub-Schweiz-.png\",\"width\":200,\"height\":73,\"caption\":\"Softub Schweiz AG\"},\"image\":{\"@id\":\"https:\\\/\\\/www.softub.ch\\\/fr\\\/#\\\/schema\\\/logo\\\/image\\\/\"},\"sameAs\":[\"https:\\\/\\\/www.facebook.com\\\/softubschweiz\",\"https:\\\/\\\/www.instagram.com\\\/softub_schweiz\\\/\",\"https:\\\/\\\/ch.pinterest.com\\\/softub_schweiz\\\/\",\"https:\\\/\\\/www.linkedin.com\\\/company\\\/softub-schweiz-ag\\\/\"]}]}<\/script>\n<!-- \/ Yoast SEO Premium plugin. -->","yoast_head_json":{"title":"Unosider Wandpergola Novecento Rain - SOFTUB Schweiz","description":"Die Unosider Wandpergola Novecento Rain f\u00fcr mehr Schatten in Ihrem Garten. Ein einmaliges System mit speziellen konstruktiven Detail.","robots":{"index":"index","follow":"follow","max-snippet":"max-snippet:-1","max-image-preview":"max-image-preview:large","max-video-preview":"max-video-preview:-1"},"canonical":"https:\/\/www.softub.ch\/produkt\/unosider-wandpergola-novecento-rain\/","og_locale":"en_US","og_type":"article","og_title":"Wandpergola Novecento Rain","og_description":"Die Unosider Wandpergola Novecento Rain f\u00fcr mehr Schatten in Ihrem Garten. Ein einmaliges System mit speziellen konstruktiven Detail.","og_url":"https:\/\/www.softub.ch\/produkt\/unosider-wandpergola-novecento-rain\/","og_site_name":"Softub Schweiz","article_publisher":"https:\/\/www.facebook.com\/softubschweiz","article_modified_time":"2023-11-15T12:33:32+00:00","og_image":[{"width":1920,"height":1280,"url":"https:\/\/www.softub.ch\/wp-content\/uploads\/villa-fiorentina-malta-unosider-classic-pergola-suite-bespoke-project-ph-briangrech-1242.jpg","type":"image\/jpeg"}],"twitter_card":"summary_large_image","twitter_misc":{"Est. reading time":"5 minutes"},"schema":{"@context":"https:\/\/schema.org","@graph":[{"@type":"WebPage","@id":"https:\/\/www.softub.ch\/produkt\/unosider-wandpergola-novecento-rain\/","url":"https:\/\/www.softub.ch\/produkt\/unosider-wandpergola-novecento-rain\/","name":"Unosider Wandpergola Novecento Rain - SOFTUB Schweiz","isPartOf":{"@id":"https:\/\/www.softub.ch\/fr\/#website"},"primaryImageOfPage":{"@id":"https:\/\/www.softub.ch\/produkt\/unosider-wandpergola-novecento-rain\/#primaryimage"},"image":{"@id":"https:\/\/www.softub.ch\/produkt\/unosider-wandpergola-novecento-rain\/#primaryimage"},"thumbnailUrl":"https:\/\/www.softub.ch\/wp-content\/uploads\/villa-fiorentina-malta-unosider-classic-pergola-suite-bespoke-project-ph-briangrech-1242.jpg","datePublished":"2023-07-27T07:16:29+00:00","dateModified":"2023-11-15T12:33:32+00:00","description":"Die Unosider Wandpergola Novecento Rain f\u00fcr mehr Schatten in Ihrem Garten. Ein einmaliges System mit speziellen konstruktiven Detail.","breadcrumb":{"@id":"https:\/\/www.softub.ch\/produkt\/unosider-wandpergola-novecento-rain\/#breadcrumb"},"inLanguage":"en-US","potentialAction":[{"@type":"ReadAction","target":["https:\/\/www.softub.ch\/produkt\/unosider-wandpergola-novecento-rain\/"]}]},{"@type":"ImageObject","inLanguage":"en-US","@id":"https:\/\/www.softub.ch\/produkt\/unosider-wandpergola-novecento-rain\/#primaryimage","url":"https:\/\/www.softub.ch\/wp-content\/uploads\/villa-fiorentina-malta-unosider-classic-pergola-suite-bespoke-project-ph-briangrech-1242.jpg","contentUrl":"https:\/\/www.softub.ch\/wp-content\/uploads\/villa-fiorentina-malta-unosider-classic-pergola-suite-bespoke-project-ph-briangrech-1242.jpg","width":1920,"height":1280,"caption":"Weisse Pergola Novocento Rain von Unosider an einer Wand befestigt eines Balkons."},{"@type":"BreadcrumbList","@id":"https:\/\/www.softub.ch\/produkt\/unosider-wandpergola-novecento-rain\/#breadcrumb","itemListElement":[{"@type":"ListItem","position":1,"name":"Startseite","item":"https:\/\/www.softub.ch\/en\/"},{"@type":"ListItem","position":2,"name":"Shop","item":"https:\/\/www.softub.ch\/en\/shop-2\/"},{"@type":"ListItem","position":3,"name":"Wandpergola Novecento Rain"}]},{"@type":"WebSite","@id":"https:\/\/www.softub.ch\/fr\/#website","url":"https:\/\/www.softub.ch\/fr\/","name":"Softub Schweiz","description":"Softub - Wir machen Ferien Zuhause","publisher":{"@id":"https:\/\/www.softub.ch\/fr\/#organization"},"potentialAction":[{"@type":"SearchAction","target":{"@type":"EntryPoint","urlTemplate":"https:\/\/www.softub.ch\/fr\/?s={search_term_string}"},"query-input":{"@type":"PropertyValueSpecification","valueRequired":true,"valueName":"search_term_string"}}],"inLanguage":"en-US"},{"@type":"Organization","@id":"https:\/\/www.softub.ch\/fr\/#organization","name":"Softub Schweiz AG","url":"https:\/\/www.softub.ch\/fr\/","logo":{"@type":"ImageObject","inLanguage":"en-US","@id":"https:\/\/www.softub.ch\/fr\/#\/schema\/logo\/image\/","url":"https:\/\/www.softub.ch\/wp-content\/uploads\/Softub-Logo-Softub-Schweiz-.png","contentUrl":"https:\/\/www.softub.ch\/wp-content\/uploads\/Softub-Logo-Softub-Schweiz-.png","width":200,"height":73,"caption":"Softub Schweiz AG"},"image":{"@id":"https:\/\/www.softub.ch\/fr\/#\/schema\/logo\/image\/"},"sameAs":["https:\/\/www.facebook.com\/softubschweiz","https:\/\/www.instagram.com\/softub_schweiz\/","https:\/\/ch.pinterest.com\/softub_schweiz\/","https:\/\/www.linkedin.com\/company\/softub-schweiz-ag\/"]}]}},"_links":{"self":[{"href":"https:\/\/www.softub.ch\/en\/wp-json\/wp\/v2\/product\/50448","targetHints":{"allow":["GET"]}}],"collection":[{"href":"https:\/\/www.softub.ch\/en\/wp-json\/wp\/v2\/product"}],"about":[{"href":"https:\/\/www.softub.ch\/en\/wp-json\/wp\/v2\/types\/product"}],"wp:featuredmedia":[{"embeddable":true,"href":"https:\/\/www.softub.ch\/en\/wp-json\/wp\/v2\/media\/50312"}],"wp:attachment":[{"href":"https:\/\/www.softub.ch\/en\/wp-json\/wp\/v2\/media?parent=50448"}],"wp:term":[{"taxonomy":"product_brand","embeddable":true,"href":"https:\/\/www.softub.ch\/en\/wp-json\/wp\/v2\/product_brand?post=50448"},{"taxonomy":"product_cat","embeddable":true,"href":"https:\/\/www.softub.ch\/en\/wp-json\/wp\/v2\/product_cat?post=50448"},{"taxonomy":"product_tag","embeddable":true,"href":"https:\/\/www.softub.ch\/en\/wp-json\/wp\/v2\/product_tag?post=50448"},{"taxonomy":"woo-feed-brand","embeddable":true,"href":"https:\/\/www.softub.ch\/en\/wp-json\/wp\/v2\/woo-feed-brand?post=50448"}],"curies":[{"name":"wp","href":"https:\/\/api.w.org\/{rel}","templated":true}]}}