{"id":53268,"date":"2023-10-17T14:24:34","date_gmt":"2023-10-17T12:24:34","guid":{"rendered":"https:\/\/www.softub.ch\/?post_type=product&#038;p=53268"},"modified":"2024-11-12T16:36:10","modified_gmt":"2024-11-12T15:36:10","slug":"floating-golf-green-schwimmendes-golf-green","status":"publish","type":"product","link":"https:\/\/www.softub.ch\/en\/product\/floating-golf-green-schwimmendes-golf-green\/","title":{"rendered":"Floating Golf Green &#8211; Schwimmendes Golf Green"},"content":{"rendered":"<div class=\"fusion-fullwidth fullwidth-box fusion-builder-row-1 nonhundred-percent-fullwidth non-hundred-percent-height-scrolling\" style=\"--awb-border-radius-top-left:0px;--awb-border-radius-top-right:0px;--awb-border-radius-bottom-right:0px;--awb-border-radius-bottom-left:0px;--awb-flex-wrap:wrap;\" ><div class=\"fusion-builder-row fusion-row\"><div class=\"fusion-layout-column fusion_builder_column fusion-builder-column-0 fusion_builder_column_3_4 3_4 fusion-three-fourth fusion-column-first\" style=\"--awb-bg-size:cover;width:75%;width:calc(75% - ( ( 4% ) * 0.75 ) );margin-right: 4%;\"><div class=\"fusion-column-wrapper fusion-flex-column-wrapper-legacy\"><div class=\"fusion-text fusion-text-1\"><h2>Gute Golfer werden am Pool gemacht!<\/h2>\n<p>Wenn Sie auf dem Floating Golf Green spielen, werden Sie sehen, dass dies kein gew\u00f6hnliches Golfgr\u00fcn ist. Der Rand reicht \u00fcber die Schwimmk\u00f6rper hinaus und bietet ein Gr\u00fcn, das eher gross ist.<\/p>\n<h3>Pool Spiele f\u00fcr das ganze Jahr<\/h3>\n<\/div><div class=\"fusion-video fusion-vimeo fusion-alignleft\" style=\"--awb-max-width:600px;--awb-max-height:360px;--awb-width:100%;\"><div class=\"video-shortcode\"><div class=\"fluid-width-video-wrapper\" style=\"padding-top:60%;\" ><iframe title=\"Vimeo video player 1\" src=\"https:\/\/player.vimeo.com\/video\/208311044?autoplay=0&amp;autopause=0\" width=\"600\" height=\"360\" allowfullscreen allow=\"autoplay; fullscreen\"><\/iframe><\/div><\/div><\/div><div class=\"fusion-text fusion-text-2\"><p>Das <strong>Floating Golf Green<\/strong> eignet sich hervorragend f\u00fcr grosse Pools und Teiche. Wenn Sie ein ge\u00fcbter Golfer sind, ist dieses Gr\u00fcn schwer zu verfehlen,\u00a0 dennoch eine grosse Herausforderung aus jeder Entfernung. Sie k\u00f6nnen es weiter treiben lassen und l\u00e4ngere Schl\u00e4ge machen. Das schwimmende Golfgr\u00fcn ist die Freude jeder Party oder Veranstaltung und wird den ganze Zeit \u00fcber im Mittelpunkt stehen und das Stadtgespr\u00e4ch sein. Ihre G\u00e4ste, G\u00f6nner oder Konkurrenten werden den Spass und die Spannung der Wettk\u00e4mpfe lieben, die dieses grosse schwimmende Golfgr\u00fcn hervorrufen wird.<\/p>\n<\/div><div class=\"fusion-text fusion-text-3\"><h3>Inhalt:<\/h3>\n<p>70 Kunststoffn\u00e4gel<br \/>\n70 Unterlagscheiben aus Kunststoff<br \/>\n4 Kabelbinder<br \/>\n2 Paneele, mit Nummern zur Ausrichtung und \u00d6sen 1 Vier-Zoll-Plastikbecher<br \/>\n1 Tee Box<br \/>\n4 St\u00fcck Fransen mit den Nummern 1-4<br \/>\n1 aufgerollter Golfrasen in einer separaten Verpackung<br \/>\n1 \u00dcbungsgr\u00fcn-Flagge<br \/>\n1 Fahnenstange f\u00fcr das \u00dcbungsgr\u00fcn<br \/>\n12 Golfb\u00e4lle<\/p>\n<p><strong>Anweisungen:<\/strong><\/p>\n<ol>\n<li>Verbindung der Auftriebsk\u00f6rper &#8211; verwenden Sie Kabelbinder, um die 2 Pads zu verbinden. Drehen Sie die Pads um, so dass die Nummernmarkierungen nach unten zeigen, richten Sie die \u00d6senl\u00f6cher aus, f\u00fchren Sie die Kabelbinder durch beide \u00d6sen und achten Sie darauf, dass sich der Steckerteil des Kabelbinders auf der gegen\u00fcberliegenden Seite der Pad-Markierungen befindet. Die Krawattenschl\u00f6sser verursachen Falten, wenn sie sich auf der Oberseite befinden. Ziehen Sie nicht zu fest, sondern nur so weit, bis die Polster festsitzen.<\/li>\n<li>Bringen Sie 20 Plastikn\u00e4gel entlang der Aussenkante des Gr\u00fcns an, indem Sie einen Nagel oder Eispickel verwenden, um ein F\u00fchrungsloch f\u00fcr den Plastiknagel zu schaffen. 10 auf jeder Seite der Nahtlinie. Der Nagelkopf sollte auf der Oberseite des Rasens liegen, nicht auf der Unterseite.<\/li>\n<li>F\u00fchren Sie 5 Kunststoffn\u00e4gel um das Becherloch herum ein und verwenden Sie einen Nagel oder Eispickel, um ein F\u00fchrungsloch f\u00fcr den Kunststoffnagel zu schaffen. Der Nagelkopf sollte sich auf der Oberseite der Grasnarbe befinden, nicht auf der R\u00fcckseite.<\/li>\n<li>Positionieren Sie das Golf Green \u00fcber dem Becher und stellen Sie sicher, dass die Ausrichtungsmarkierung mit den Nummern 1-4 korrekt mit den Ausrichtungsnummern des Golf Greens auf der Unterseite des Rasens ausgerichtet sind.<\/li>\n<li>F\u00fchren Sie die N\u00e4gel mit dem Daumen oder durch leichte Schl\u00e4ge mit einem kleinen Hammer durch das Polster. Beginnen Sie mit den 5 N\u00e4geln um den Cup herum und arbeiten Sie sich dann an der Naht der Platten entlang, um sicherzustellen, dass keine Falten im Gr\u00fcn entstehen.<\/li>\n<li>F\u00fchlen Sie von unten her Plastikn\u00e4gel unter die Unterlage und befestigen Sie Unterlegscheiben an den N\u00e4geln.<\/li>\n<li>Bringen Sie die Randst\u00fccke 2 und 4 (die Endst\u00fccke) an, indem Sie die Kunststoffn\u00e4gel in den Rasen einschlagen und die Kanten der Endst\u00fccke neben den Markierungen positionieren. Lassen Sie 1\/8 Zoll Abstand zwischen dem Rand und dem Gr\u00fcn, um Faltenbildung zu vermeiden. Verwenden Sie 8 N\u00e4gel pro Ende. Beginnen Sie in der Mitte und arbeiten Sie sich zu jeder Seite hin vor. Wiederholen Sie den Vorgang mit den Teilen 1 und 3.<\/li>\n<li>Optionale Stabilit\u00e4t &#8211; Bringen Sie Kunststoffn\u00e4gel an der Naht der Platte an, indem Sie auf jeder Seite der Plattennaht ein Vorbohrloch durch die Grasnarbe machen. 5-6 auf jeder Seite der Plattennaht.<\/li>\n<li>Heben Sie das Gr\u00fcn in den Pool, stellen Sie das Cup ein, installieren Sie die Fahne und den Fahnenmast und beginnen Sie mit dem Chippen.<\/li>\n<li>Geniessen Sie Ihr schwimmendes Golfgreen.<\/li>\n<\/ol>\n<p>Wichtiger Hinweis: Softub Schweiz AG \u00fcbernimmt keine Haftung f\u00fcr den kompletten Inhalt.<\/p>\n<\/div><div class=\"fusion-clearfix\"><\/div><\/div><\/div><\/div><\/div>\n","protected":false},"excerpt":{"rendered":"<h3>Pool und Golf lassen sich fabelhaft kombinieren.<\/h3>\n<p>Trainieren Sie Zuhause Ihren <strong>Chip<\/strong> und <strong>Pitch<\/strong> aufs Wasser. Das ideale Pool Spiel f\u00fcr Golfer und solche, die es noch werden m\u00f6chten.<\/p>\n<p>Mit dem\u00a0 schwimmende Green ist f\u00fcr Spannung, Herausforderung und noch mehr Spass mit Ihrem Pool von Softub gesorgt.<br \/>\n\u00dcben an einem schwimmenden Ziel wird Ihr Spiel mit Sicherheit verbessern, indem Sie die wichtigsten Schl\u00e4ger in Ihrer Tasche, Ihre Wedges, sch\u00e4rfen.<\/p>\n<p>Bei <strong>Betriebsausfl\u00fcgen<\/strong>, Hole-in-One-Wettbewerben, <strong>Poolpartys <\/strong>im Club oder Ihrer n\u00e4chsten Wohlt\u00e4tigkeitsveranstaltung sollten Sie \u00a0das <strong>Floating Golf Green<\/strong> einbeziehen. Dies ist ein Partygeschenk und ein Wettbewerb, den niemand vergessen wird.<\/p>\n<h3><a href=\"https:\/\/www.floatinggolfgreen.com\/\" target=\"_blank\" rel=\"noopener\">Link zum Original<\/a><\/h3>\n","protected":false},"featured_media":53272,"template":"","meta":{"_acf_changed":false},"product_brand":[],"product_cat":[7560,5113],"product_tag":[7571,7566,7565,7573,7572,7569,7561,7563,7567,7574,7570,7568,7564,7562],"woo-feed-brand":[],"class_list":{"0":"post-53268","1":"product","2":"type-product","3":"status-publish","4":"has-post-thumbnail","6":"product_cat-golf","7":"product_cat-super-sale-black-friday-24-7","8":"product_tag-abschlag","9":"product_tag-chip","10":"product_tag-floating-golf-green","11":"product_tag-golf-green","12":"product_tag-golfbaelle","13":"product_tag-golfer","14":"product_tag-golfgreen","15":"product_tag-golfmatte","16":"product_tag-pitch","17":"product_tag-poolparty","18":"product_tag-poolspass","19":"product_tag-poolspiele","20":"product_tag-schwimmendes-green","21":"product_tag-teebox","22":"product_shipping_class-sperrgut","24":"first","25":"instock","26":"sale","27":"taxable","28":"shipping-taxable","29":"purchasable","30":"product-type-variable"},"acf":[],"yoast_head":"<!-- This site is optimized with the Yoast SEO Premium plugin v27.4 (Yoast SEO v27.4) - https:\/\/yoast.com\/product\/yoast-seo-premium-wordpress\/ -->\n<title>Floating Golf Green - Schwimmendes Golf Green - Softub Schweiz<\/title>\n<meta name=\"description\" content=\"Floating Golf Green - Schwimmendes Golf Green. Das ideale Pool Spiel f\u00fcr Golfer und solche, die es werden wollen. Teebox und Golfb\u00e4lle inklusive\" \/>\n<meta name=\"robots\" content=\"index, follow, max-snippet:-1, max-image-preview:large, max-video-preview:-1\" \/>\n<link rel=\"canonical\" href=\"https:\/\/www.softub.ch\/produkt\/floating-golf-green-schwimmendes-golf-green\/\" \/>\n<meta property=\"og:locale\" content=\"en_US\" \/>\n<meta property=\"og:type\" content=\"article\" \/>\n<meta property=\"og:title\" content=\"Floating Golf Green - Schwimmendes Golf Green\" \/>\n<meta property=\"og:description\" content=\"Floating Golf Green - Schwimmendes Golf Green. Das ideale Pool Spiel f\u00fcr Golfer und solche, die es werden wollen. Teebox und Golfb\u00e4lle inklusive\" \/>\n<meta property=\"og:url\" content=\"https:\/\/www.softub.ch\/produkt\/floating-golf-green-schwimmendes-golf-green\/\" \/>\n<meta property=\"og:site_name\" content=\"Softub Schweiz\" \/>\n<meta property=\"article:publisher\" content=\"https:\/\/www.facebook.com\/softubschweiz\" \/>\n<meta property=\"article:modified_time\" content=\"2024-11-12T15:36:10+00:00\" \/>\n<meta property=\"og:image\" content=\"https:\/\/www.softub.ch\/wp-content\/uploads\/Golfgreen_Pool_Golfmatte_Golftraining_schwimmendes-Green.png\" \/>\n\t<meta property=\"og:image:width\" content=\"600\" \/>\n\t<meta property=\"og:image:height\" content=\"600\" \/>\n\t<meta property=\"og:image:type\" content=\"image\/png\" \/>\n<meta name=\"twitter:card\" content=\"summary_large_image\" \/>\n<meta name=\"twitter:label1\" content=\"Est. reading time\" \/>\n\t<meta name=\"twitter:data1\" content=\"4 minutes\" \/>\n<script type=\"application\/ld+json\" class=\"yoast-schema-graph\">{\"@context\":\"https:\\\/\\\/schema.org\",\"@graph\":[{\"@type\":\"WebPage\",\"@id\":\"https:\\\/\\\/www.softub.ch\\\/produkt\\\/floating-golf-green-schwimmendes-golf-green\\\/\",\"url\":\"https:\\\/\\\/www.softub.ch\\\/produkt\\\/floating-golf-green-schwimmendes-golf-green\\\/\",\"name\":\"Floating Golf Green - Schwimmendes Golf Green - Softub Schweiz\",\"isPartOf\":{\"@id\":\"https:\\\/\\\/www.softub.ch\\\/fr\\\/#website\"},\"primaryImageOfPage\":{\"@id\":\"https:\\\/\\\/www.softub.ch\\\/produkt\\\/floating-golf-green-schwimmendes-golf-green\\\/#primaryimage\"},\"image\":{\"@id\":\"https:\\\/\\\/www.softub.ch\\\/produkt\\\/floating-golf-green-schwimmendes-golf-green\\\/#primaryimage\"},\"thumbnailUrl\":\"https:\\\/\\\/www.softub.ch\\\/wp-content\\\/uploads\\\/Golfgreen_Pool_Golfmatte_Golftraining_schwimmendes-Green.png\",\"datePublished\":\"2023-10-17T12:24:34+00:00\",\"dateModified\":\"2024-11-12T15:36:10+00:00\",\"description\":\"Floating Golf Green - Schwimmendes Golf Green. Das ideale Pool Spiel f\u00fcr Golfer und solche, die es werden wollen. Teebox und Golfb\u00e4lle inklusive\",\"breadcrumb\":{\"@id\":\"https:\\\/\\\/www.softub.ch\\\/produkt\\\/floating-golf-green-schwimmendes-golf-green\\\/#breadcrumb\"},\"inLanguage\":\"en-US\",\"potentialAction\":[{\"@type\":\"ReadAction\",\"target\":[\"https:\\\/\\\/www.softub.ch\\\/produkt\\\/floating-golf-green-schwimmendes-golf-green\\\/\"]}]},{\"@type\":\"ImageObject\",\"inLanguage\":\"en-US\",\"@id\":\"https:\\\/\\\/www.softub.ch\\\/produkt\\\/floating-golf-green-schwimmendes-golf-green\\\/#primaryimage\",\"url\":\"https:\\\/\\\/www.softub.ch\\\/wp-content\\\/uploads\\\/Golfgreen_Pool_Golfmatte_Golftraining_schwimmendes-Green.png\",\"contentUrl\":\"https:\\\/\\\/www.softub.ch\\\/wp-content\\\/uploads\\\/Golfgreen_Pool_Golfmatte_Golftraining_schwimmendes-Green.png\",\"width\":600,\"height\":600,\"caption\":\"Schwimmendes Golfgreen im Pool mit Golfball und Fahne\"},{\"@type\":\"BreadcrumbList\",\"@id\":\"https:\\\/\\\/www.softub.ch\\\/produkt\\\/floating-golf-green-schwimmendes-golf-green\\\/#breadcrumb\",\"itemListElement\":[{\"@type\":\"ListItem\",\"position\":1,\"name\":\"Startseite\",\"item\":\"https:\\\/\\\/www.softub.ch\\\/en\\\/\"},{\"@type\":\"ListItem\",\"position\":2,\"name\":\"Shop\",\"item\":\"https:\\\/\\\/www.softub.ch\\\/en\\\/shop-2\\\/\"},{\"@type\":\"ListItem\",\"position\":3,\"name\":\"Floating Golf Green &#8211; Schwimmendes Golf Green\"}]},{\"@type\":\"WebSite\",\"@id\":\"https:\\\/\\\/www.softub.ch\\\/fr\\\/#website\",\"url\":\"https:\\\/\\\/www.softub.ch\\\/fr\\\/\",\"name\":\"Softub Schweiz\",\"description\":\"Softub - Wir machen Ferien Zuhause\",\"publisher\":{\"@id\":\"https:\\\/\\\/www.softub.ch\\\/fr\\\/#organization\"},\"potentialAction\":[{\"@type\":\"SearchAction\",\"target\":{\"@type\":\"EntryPoint\",\"urlTemplate\":\"https:\\\/\\\/www.softub.ch\\\/fr\\\/?s={search_term_string}\"},\"query-input\":{\"@type\":\"PropertyValueSpecification\",\"valueRequired\":true,\"valueName\":\"search_term_string\"}}],\"inLanguage\":\"en-US\"},{\"@type\":\"Organization\",\"@id\":\"https:\\\/\\\/www.softub.ch\\\/fr\\\/#organization\",\"name\":\"Softub Schweiz AG\",\"url\":\"https:\\\/\\\/www.softub.ch\\\/fr\\\/\",\"logo\":{\"@type\":\"ImageObject\",\"inLanguage\":\"en-US\",\"@id\":\"https:\\\/\\\/www.softub.ch\\\/fr\\\/#\\\/schema\\\/logo\\\/image\\\/\",\"url\":\"https:\\\/\\\/www.softub.ch\\\/wp-content\\\/uploads\\\/Softub-Logo-Softub-Schweiz-.png\",\"contentUrl\":\"https:\\\/\\\/www.softub.ch\\\/wp-content\\\/uploads\\\/Softub-Logo-Softub-Schweiz-.png\",\"width\":200,\"height\":73,\"caption\":\"Softub Schweiz AG\"},\"image\":{\"@id\":\"https:\\\/\\\/www.softub.ch\\\/fr\\\/#\\\/schema\\\/logo\\\/image\\\/\"},\"sameAs\":[\"https:\\\/\\\/www.facebook.com\\\/softubschweiz\",\"https:\\\/\\\/www.instagram.com\\\/softub_schweiz\\\/\",\"https:\\\/\\\/ch.pinterest.com\\\/softub_schweiz\\\/\",\"https:\\\/\\\/www.linkedin.com\\\/company\\\/softub-schweiz-ag\\\/\"]}]}<\/script>\n<!-- \/ Yoast SEO Premium plugin. -->","yoast_head_json":{"title":"Floating Golf Green - Schwimmendes Golf Green - Softub Schweiz","description":"Floating Golf Green - Schwimmendes Golf Green. Das ideale Pool Spiel f\u00fcr Golfer und solche, die es werden wollen. Teebox und Golfb\u00e4lle inklusive","robots":{"index":"index","follow":"follow","max-snippet":"max-snippet:-1","max-image-preview":"max-image-preview:large","max-video-preview":"max-video-preview:-1"},"canonical":"https:\/\/www.softub.ch\/produkt\/floating-golf-green-schwimmendes-golf-green\/","og_locale":"en_US","og_type":"article","og_title":"Floating Golf Green - Schwimmendes Golf Green","og_description":"Floating Golf Green - Schwimmendes Golf Green. Das ideale Pool Spiel f\u00fcr Golfer und solche, die es werden wollen. Teebox und Golfb\u00e4lle inklusive","og_url":"https:\/\/www.softub.ch\/produkt\/floating-golf-green-schwimmendes-golf-green\/","og_site_name":"Softub Schweiz","article_publisher":"https:\/\/www.facebook.com\/softubschweiz","article_modified_time":"2024-11-12T15:36:10+00:00","og_image":[{"width":600,"height":600,"url":"https:\/\/www.softub.ch\/wp-content\/uploads\/Golfgreen_Pool_Golfmatte_Golftraining_schwimmendes-Green.png","type":"image\/png"}],"twitter_card":"summary_large_image","twitter_misc":{"Est. reading time":"4 minutes"},"schema":{"@context":"https:\/\/schema.org","@graph":[{"@type":"WebPage","@id":"https:\/\/www.softub.ch\/produkt\/floating-golf-green-schwimmendes-golf-green\/","url":"https:\/\/www.softub.ch\/produkt\/floating-golf-green-schwimmendes-golf-green\/","name":"Floating Golf Green - Schwimmendes Golf Green - Softub Schweiz","isPartOf":{"@id":"https:\/\/www.softub.ch\/fr\/#website"},"primaryImageOfPage":{"@id":"https:\/\/www.softub.ch\/produkt\/floating-golf-green-schwimmendes-golf-green\/#primaryimage"},"image":{"@id":"https:\/\/www.softub.ch\/produkt\/floating-golf-green-schwimmendes-golf-green\/#primaryimage"},"thumbnailUrl":"https:\/\/www.softub.ch\/wp-content\/uploads\/Golfgreen_Pool_Golfmatte_Golftraining_schwimmendes-Green.png","datePublished":"2023-10-17T12:24:34+00:00","dateModified":"2024-11-12T15:36:10+00:00","description":"Floating Golf Green - Schwimmendes Golf Green. Das ideale Pool Spiel f\u00fcr Golfer und solche, die es werden wollen. Teebox und Golfb\u00e4lle inklusive","breadcrumb":{"@id":"https:\/\/www.softub.ch\/produkt\/floating-golf-green-schwimmendes-golf-green\/#breadcrumb"},"inLanguage":"en-US","potentialAction":[{"@type":"ReadAction","target":["https:\/\/www.softub.ch\/produkt\/floating-golf-green-schwimmendes-golf-green\/"]}]},{"@type":"ImageObject","inLanguage":"en-US","@id":"https:\/\/www.softub.ch\/produkt\/floating-golf-green-schwimmendes-golf-green\/#primaryimage","url":"https:\/\/www.softub.ch\/wp-content\/uploads\/Golfgreen_Pool_Golfmatte_Golftraining_schwimmendes-Green.png","contentUrl":"https:\/\/www.softub.ch\/wp-content\/uploads\/Golfgreen_Pool_Golfmatte_Golftraining_schwimmendes-Green.png","width":600,"height":600,"caption":"Schwimmendes Golfgreen im Pool mit Golfball und Fahne"},{"@type":"BreadcrumbList","@id":"https:\/\/www.softub.ch\/produkt\/floating-golf-green-schwimmendes-golf-green\/#breadcrumb","itemListElement":[{"@type":"ListItem","position":1,"name":"Startseite","item":"https:\/\/www.softub.ch\/en\/"},{"@type":"ListItem","position":2,"name":"Shop","item":"https:\/\/www.softub.ch\/en\/shop-2\/"},{"@type":"ListItem","position":3,"name":"Floating Golf Green &#8211; Schwimmendes Golf Green"}]},{"@type":"WebSite","@id":"https:\/\/www.softub.ch\/fr\/#website","url":"https:\/\/www.softub.ch\/fr\/","name":"Softub Schweiz","description":"Softub - Wir machen Ferien Zuhause","publisher":{"@id":"https:\/\/www.softub.ch\/fr\/#organization"},"potentialAction":[{"@type":"SearchAction","target":{"@type":"EntryPoint","urlTemplate":"https:\/\/www.softub.ch\/fr\/?s={search_term_string}"},"query-input":{"@type":"PropertyValueSpecification","valueRequired":true,"valueName":"search_term_string"}}],"inLanguage":"en-US"},{"@type":"Organization","@id":"https:\/\/www.softub.ch\/fr\/#organization","name":"Softub Schweiz AG","url":"https:\/\/www.softub.ch\/fr\/","logo":{"@type":"ImageObject","inLanguage":"en-US","@id":"https:\/\/www.softub.ch\/fr\/#\/schema\/logo\/image\/","url":"https:\/\/www.softub.ch\/wp-content\/uploads\/Softub-Logo-Softub-Schweiz-.png","contentUrl":"https:\/\/www.softub.ch\/wp-content\/uploads\/Softub-Logo-Softub-Schweiz-.png","width":200,"height":73,"caption":"Softub Schweiz AG"},"image":{"@id":"https:\/\/www.softub.ch\/fr\/#\/schema\/logo\/image\/"},"sameAs":["https:\/\/www.facebook.com\/softubschweiz","https:\/\/www.instagram.com\/softub_schweiz\/","https:\/\/ch.pinterest.com\/softub_schweiz\/","https:\/\/www.linkedin.com\/company\/softub-schweiz-ag\/"]}]}},"_links":{"self":[{"href":"https:\/\/www.softub.ch\/en\/wp-json\/wp\/v2\/product\/53268","targetHints":{"allow":["GET"]}}],"collection":[{"href":"https:\/\/www.softub.ch\/en\/wp-json\/wp\/v2\/product"}],"about":[{"href":"https:\/\/www.softub.ch\/en\/wp-json\/wp\/v2\/types\/product"}],"wp:featuredmedia":[{"embeddable":true,"href":"https:\/\/www.softub.ch\/en\/wp-json\/wp\/v2\/media\/53272"}],"wp:attachment":[{"href":"https:\/\/www.softub.ch\/en\/wp-json\/wp\/v2\/media?parent=53268"}],"wp:term":[{"taxonomy":"product_brand","embeddable":true,"href":"https:\/\/www.softub.ch\/en\/wp-json\/wp\/v2\/product_brand?post=53268"},{"taxonomy":"product_cat","embeddable":true,"href":"https:\/\/www.softub.ch\/en\/wp-json\/wp\/v2\/product_cat?post=53268"},{"taxonomy":"product_tag","embeddable":true,"href":"https:\/\/www.softub.ch\/en\/wp-json\/wp\/v2\/product_tag?post=53268"},{"taxonomy":"woo-feed-brand","embeddable":true,"href":"https:\/\/www.softub.ch\/en\/wp-json\/wp\/v2\/woo-feed-brand?post=53268"}],"curies":[{"name":"wp","href":"https:\/\/api.w.org\/{rel}","templated":true}]}}