{"id":62968,"date":"2024-07-11T14:38:59","date_gmt":"2024-07-11T12:38:59","guid":{"rendered":"https:\/\/www.softub.ch\/product\/biohort-sichtschutz-fur-pflanzbeet-belvedere-und-hochbeet\/"},"modified":"2024-10-08T16:37:08","modified_gmt":"2024-10-08T14:37:08","slug":"biohort-sichtschutz-fur-pflanzbeet-belvedere-und-hochbeet","status":"publish","type":"product","link":"https:\/\/www.softub.ch\/en\/product\/biohort-sichtschutz-fur-pflanzbeet-belvedere-und-hochbeet\/","title":{"rendered":"biohort Sichtschutz f\u00fcr Pflanzbeet BELVEDERE und HOCHBEET"},"content":{"rendered":"<div class=\"fusion-fullwidth fullwidth-box fusion-builder-row-1 fusion-flex-container has-pattern-background has-mask-background nonhundred-percent-fullwidth non-hundred-percent-height-scrolling\" style=\"--awb-border-radius-top-left:0px;--awb-border-radius-top-right:0px;--awb-border-radius-bottom-right:0px;--awb-border-radius-bottom-left:0px;--awb-flex-wrap:wrap;\" ><div class=\"fusion-builder-row fusion-row fusion-flex-align-items-flex-start fusion-flex-content-wrap\" style=\"max-width:1248px;margin-left: calc(-4% \/ 2 );margin-right: calc(-4% \/ 2 );\"><div class=\"fusion-layout-column fusion_builder_column fusion-builder-column-0 fusion_builder_column_1_1 1_1 fusion-flex-column\" style=\"--awb-bg-size:cover;--awb-width-large:100%;--awb-margin-top-large:0px;--awb-spacing-right-large:1.92%;--awb-margin-bottom-large:20px;--awb-spacing-left-large:1.92%;--awb-width-medium:100%;--awb-order-medium:0;--awb-spacing-right-medium:1.92%;--awb-spacing-left-medium:1.92%;--awb-width-small:100%;--awb-order-small:0;--awb-spacing-right-small:1.92%;--awb-spacing-left-small:1.92%;\"><div class=\"fusion-column-wrapper fusion-column-has-shadow fusion-flex-justify-content-flex-start fusion-content-layout-column\"><div class=\"fusion-text fusion-text-1\"><div id=\"related-products\" class=\"tab-holder\">\n<div class=\"tab-wrapper\">\n<div class=\"tab-content related-products\">\n<div id=\"accessories\" class=\"\">\n<h1>Biohort Sichtschutz f\u00fcr Pflanzbeet<\/h1>\n<p>Biohort Sichtschutz f\u00fcr <a href=\"https:\/\/www.softub.ch\/produkt\/biohort-pflanzbeet-belvedere\/\" target=\"_blank\" rel=\"noopener\">Pflanzbeet Belvedere<\/a> und <a href=\"https:\/\/www.softub.ch\/produkt\/biohort-hochbeet\/\" target=\"_blank\" rel=\"noopener\">Biohort Hochbeet<\/a>. In Verbindung mit dem Pflanzbeet bildet der Sichtschutz eine dekorative Abgrenzung und dient nicht nur als Blick-, sondern auch als Windschutz. Nicht kombinierbar mit Fr\u00fchbeetaufsatz oder Schneckenschutz. H\u00f6he: 91 cm<\/p>\n<p><strong>Hinweis:<\/strong> An windexponierten Stellen ist das Produkt stark kippgef\u00e4hrdet, daher muss auf eine ad\u00e4quate Bodenbefestigung &#8211; mittels mitgelieferter Befestigungsmaterialen &#8211; unbedingt geachtet werden.<\/p>\n<p><strong>ACHTUNG:<\/strong> Eine Nichtbefolgung kann zu Sch\u00e4den am Produkt selbst und\/oder an Gegenst\u00e4nden in der Umgebung f\u00fchren.<\/p>\n<h3><span style=\"color: #429bba;\">Zubeh\u00f6r f\u00fcr Ihr Zuhause:\u00a0<\/span><\/h3>\n<\/div>\n<\/div>\n<\/div>\n<\/div>\n<div id=\"service\" class=\"tab-holder\">\n<div class=\"tab-wrapper\">\n<div class=\"tab-header\">\n<p>Wir haben ein reichhaltiges Zubeh\u00f6rsortiment f\u00fcr Sie zusammengestellt, so dass Sie sich die passenden Produkte in Ruhe in unserem Onlineshop ausw\u00e4hlen k\u00f6nnen. Wenn Sie sich dar\u00fcber hinaus Ihre ganz pers\u00f6nliche Wellness-Oase schaffen wollen, so schauen Sie sich doch einfach unsere Softub <a href=\"https:\/\/softub.ch\/simply-relaxing\/softub-whirlpools\/\">Whirlpools<\/a>\u00a0an \u2013 eventuell auch in Kombination mit einem\u00a0<a href=\"https:\/\/meinschattenspender.ch\/\">Unosider-<\/a><a href=\"https:\/\/meinschattenspender.ch\/\">Pavillon<\/a>.<\/p>\n<p>Wir beraten Sie gerne, telefonisch, in einem unserer Showrooms oder bei Ihnen Zuhause.<\/p>\n<\/div>\n<\/div>\n<\/div>\n<\/div><\/div><\/div><\/div><\/div>\n","protected":false},"excerpt":{"rendered":"","protected":false},"featured_media":59807,"template":"","meta":{"_acf_changed":false},"product_brand":[],"product_cat":[5277,5275],"product_tag":[8991,5493,8887,1334],"woo-feed-brand":[],"class_list":{"0":"post-62968","1":"product","2":"type-product","3":"status-publish","4":"has-post-thumbnail","6":"product_cat-biohort-accessoires-replacement-parts","7":"product_cat-biohort-garden-beds","8":"product_tag-biohort-ersatzteile-en","9":"product_tag-biohort-switzerland","10":"product_tag-biohort-zubehoer-und-ersatzteile-en","11":"product_tag-softub-switzerland","12":"product_shipping_class-biohort-kostenlose-lieferung","14":"first","15":"instock","16":"sale","17":"taxable","18":"shipping-taxable","19":"purchasable","20":"product-type-variable"},"acf":[],"yoast_head":"<!-- This site is optimized with the Yoast SEO Premium plugin v27.4 (Yoast SEO v27.4) - https:\/\/yoast.com\/product\/yoast-seo-premium-wordpress\/ -->\n<title>biohort Sichtschutz f\u00fcr Pflanzbeet BELVEDERE und HOCHBEET - Softub Schweiz<\/title>\n<meta name=\"robots\" content=\"index, follow, max-snippet:-1, max-image-preview:large, max-video-preview:-1\" \/>\n<link rel=\"canonical\" href=\"https:\/\/www.softub.ch\/en\/product\/biohort-sichtschutz-fur-pflanzbeet-belvedere-und-hochbeet\/\" \/>\n<meta property=\"og:locale\" content=\"en_US\" \/>\n<meta property=\"og:type\" content=\"article\" \/>\n<meta property=\"og:title\" content=\"biohort Sichtschutz f\u00fcr Pflanzbeet BELVEDERE und HOCHBEET\" \/>\n<meta property=\"og:url\" content=\"https:\/\/www.softub.ch\/en\/product\/biohort-sichtschutz-fur-pflanzbeet-belvedere-und-hochbeet\/\" \/>\n<meta property=\"og:site_name\" content=\"Softub Schweiz\" \/>\n<meta property=\"article:publisher\" content=\"https:\/\/www.facebook.com\/softubschweiz\" \/>\n<meta property=\"article:modified_time\" content=\"2024-10-08T14:37:08+00:00\" \/>\n<meta property=\"og:image\" content=\"https:\/\/www.softub.ch\/wp-content\/uploads\/Biohort_Belvedere_100_quarzgrau_sichtschutz_acryl_Softub_Schweiz.jpeg\" \/>\n\t<meta property=\"og:image:width\" content=\"650\" \/>\n\t<meta property=\"og:image:height\" content=\"650\" \/>\n\t<meta property=\"og:image:type\" content=\"image\/jpeg\" \/>\n<meta name=\"twitter:card\" content=\"summary_large_image\" \/>\n<meta name=\"twitter:label1\" content=\"Est. reading time\" \/>\n\t<meta name=\"twitter:data1\" content=\"6 minutes\" \/>\n<script type=\"application\/ld+json\" class=\"yoast-schema-graph\">{\"@context\":\"https:\\\/\\\/schema.org\",\"@graph\":[{\"@type\":\"WebPage\",\"@id\":\"https:\\\/\\\/www.softub.ch\\\/en\\\/product\\\/biohort-sichtschutz-fur-pflanzbeet-belvedere-und-hochbeet\\\/\",\"url\":\"https:\\\/\\\/www.softub.ch\\\/en\\\/product\\\/biohort-sichtschutz-fur-pflanzbeet-belvedere-und-hochbeet\\\/\",\"name\":\"biohort Sichtschutz f\u00fcr Pflanzbeet BELVEDERE und HOCHBEET - Softub Schweiz\",\"isPartOf\":{\"@id\":\"https:\\\/\\\/www.softub.ch\\\/fr\\\/#website\"},\"primaryImageOfPage\":{\"@id\":\"https:\\\/\\\/www.softub.ch\\\/en\\\/product\\\/biohort-sichtschutz-fur-pflanzbeet-belvedere-und-hochbeet\\\/#primaryimage\"},\"image\":{\"@id\":\"https:\\\/\\\/www.softub.ch\\\/en\\\/product\\\/biohort-sichtschutz-fur-pflanzbeet-belvedere-und-hochbeet\\\/#primaryimage\"},\"thumbnailUrl\":\"https:\\\/\\\/www.softub.ch\\\/wp-content\\\/uploads\\\/Biohort_Belvedere_100_quarzgrau_sichtschutz_acryl_Softub_Schweiz.jpeg\",\"datePublished\":\"2024-07-11T12:38:59+00:00\",\"dateModified\":\"2024-10-08T14:37:08+00:00\",\"breadcrumb\":{\"@id\":\"https:\\\/\\\/www.softub.ch\\\/en\\\/product\\\/biohort-sichtschutz-fur-pflanzbeet-belvedere-und-hochbeet\\\/#breadcrumb\"},\"inLanguage\":\"en-US\",\"potentialAction\":[{\"@type\":\"ReadAction\",\"target\":[\"https:\\\/\\\/www.softub.ch\\\/en\\\/product\\\/biohort-sichtschutz-fur-pflanzbeet-belvedere-und-hochbeet\\\/\"]}]},{\"@type\":\"ImageObject\",\"inLanguage\":\"en-US\",\"@id\":\"https:\\\/\\\/www.softub.ch\\\/en\\\/product\\\/biohort-sichtschutz-fur-pflanzbeet-belvedere-und-hochbeet\\\/#primaryimage\",\"url\":\"https:\\\/\\\/www.softub.ch\\\/wp-content\\\/uploads\\\/Biohort_Belvedere_100_quarzgrau_sichtschutz_acryl_Softub_Schweiz.jpeg\",\"contentUrl\":\"https:\\\/\\\/www.softub.ch\\\/wp-content\\\/uploads\\\/Biohort_Belvedere_100_quarzgrau_sichtschutz_acryl_Softub_Schweiz.jpeg\",\"width\":650,\"height\":650,\"caption\":\"Biohort Sichtschutz f\u00fcr Pflanzbeet in silber metallic mit Acrylglas auf ein Belvedere Hochbeet aufesetzt.\"},{\"@type\":\"BreadcrumbList\",\"@id\":\"https:\\\/\\\/www.softub.ch\\\/en\\\/product\\\/biohort-sichtschutz-fur-pflanzbeet-belvedere-und-hochbeet\\\/#breadcrumb\",\"itemListElement\":[{\"@type\":\"ListItem\",\"position\":1,\"name\":\"Startseite\",\"item\":\"https:\\\/\\\/www.softub.ch\\\/en\\\/\"},{\"@type\":\"ListItem\",\"position\":2,\"name\":\"Shop\",\"item\":\"https:\\\/\\\/www.softub.ch\\\/en\\\/shop-2\\\/\"},{\"@type\":\"ListItem\",\"position\":3,\"name\":\"biohort Sichtschutz f\u00fcr Pflanzbeet BELVEDERE und HOCHBEET\"}]},{\"@type\":\"WebSite\",\"@id\":\"https:\\\/\\\/www.softub.ch\\\/fr\\\/#website\",\"url\":\"https:\\\/\\\/www.softub.ch\\\/fr\\\/\",\"name\":\"Softub Schweiz\",\"description\":\"Softub - Wir machen Ferien Zuhause\",\"publisher\":{\"@id\":\"https:\\\/\\\/www.softub.ch\\\/fr\\\/#organization\"},\"potentialAction\":[{\"@type\":\"SearchAction\",\"target\":{\"@type\":\"EntryPoint\",\"urlTemplate\":\"https:\\\/\\\/www.softub.ch\\\/fr\\\/?s={search_term_string}\"},\"query-input\":{\"@type\":\"PropertyValueSpecification\",\"valueRequired\":true,\"valueName\":\"search_term_string\"}}],\"inLanguage\":\"en-US\"},{\"@type\":\"Organization\",\"@id\":\"https:\\\/\\\/www.softub.ch\\\/fr\\\/#organization\",\"name\":\"Softub Schweiz AG\",\"url\":\"https:\\\/\\\/www.softub.ch\\\/fr\\\/\",\"logo\":{\"@type\":\"ImageObject\",\"inLanguage\":\"en-US\",\"@id\":\"https:\\\/\\\/www.softub.ch\\\/fr\\\/#\\\/schema\\\/logo\\\/image\\\/\",\"url\":\"https:\\\/\\\/www.softub.ch\\\/wp-content\\\/uploads\\\/Softub-Logo-Softub-Schweiz-.png\",\"contentUrl\":\"https:\\\/\\\/www.softub.ch\\\/wp-content\\\/uploads\\\/Softub-Logo-Softub-Schweiz-.png\",\"width\":200,\"height\":73,\"caption\":\"Softub Schweiz AG\"},\"image\":{\"@id\":\"https:\\\/\\\/www.softub.ch\\\/fr\\\/#\\\/schema\\\/logo\\\/image\\\/\"},\"sameAs\":[\"https:\\\/\\\/www.facebook.com\\\/softubschweiz\",\"https:\\\/\\\/www.instagram.com\\\/softub_schweiz\\\/\",\"https:\\\/\\\/ch.pinterest.com\\\/softub_schweiz\\\/\",\"https:\\\/\\\/www.linkedin.com\\\/company\\\/softub-schweiz-ag\\\/\"]}]}<\/script>\n<!-- \/ Yoast SEO Premium plugin. -->","yoast_head_json":{"title":"biohort Sichtschutz f\u00fcr Pflanzbeet BELVEDERE und HOCHBEET - Softub Schweiz","robots":{"index":"index","follow":"follow","max-snippet":"max-snippet:-1","max-image-preview":"max-image-preview:large","max-video-preview":"max-video-preview:-1"},"canonical":"https:\/\/www.softub.ch\/en\/product\/biohort-sichtschutz-fur-pflanzbeet-belvedere-und-hochbeet\/","og_locale":"en_US","og_type":"article","og_title":"biohort Sichtschutz f\u00fcr Pflanzbeet BELVEDERE und HOCHBEET","og_url":"https:\/\/www.softub.ch\/en\/product\/biohort-sichtschutz-fur-pflanzbeet-belvedere-und-hochbeet\/","og_site_name":"Softub Schweiz","article_publisher":"https:\/\/www.facebook.com\/softubschweiz","article_modified_time":"2024-10-08T14:37:08+00:00","og_image":[{"width":650,"height":650,"url":"https:\/\/www.softub.ch\/wp-content\/uploads\/Biohort_Belvedere_100_quarzgrau_sichtschutz_acryl_Softub_Schweiz.jpeg","type":"image\/jpeg"}],"twitter_card":"summary_large_image","twitter_misc":{"Est. reading time":"6 minutes"},"schema":{"@context":"https:\/\/schema.org","@graph":[{"@type":"WebPage","@id":"https:\/\/www.softub.ch\/en\/product\/biohort-sichtschutz-fur-pflanzbeet-belvedere-und-hochbeet\/","url":"https:\/\/www.softub.ch\/en\/product\/biohort-sichtschutz-fur-pflanzbeet-belvedere-und-hochbeet\/","name":"biohort Sichtschutz f\u00fcr Pflanzbeet BELVEDERE und HOCHBEET - Softub Schweiz","isPartOf":{"@id":"https:\/\/www.softub.ch\/fr\/#website"},"primaryImageOfPage":{"@id":"https:\/\/www.softub.ch\/en\/product\/biohort-sichtschutz-fur-pflanzbeet-belvedere-und-hochbeet\/#primaryimage"},"image":{"@id":"https:\/\/www.softub.ch\/en\/product\/biohort-sichtschutz-fur-pflanzbeet-belvedere-und-hochbeet\/#primaryimage"},"thumbnailUrl":"https:\/\/www.softub.ch\/wp-content\/uploads\/Biohort_Belvedere_100_quarzgrau_sichtschutz_acryl_Softub_Schweiz.jpeg","datePublished":"2024-07-11T12:38:59+00:00","dateModified":"2024-10-08T14:37:08+00:00","breadcrumb":{"@id":"https:\/\/www.softub.ch\/en\/product\/biohort-sichtschutz-fur-pflanzbeet-belvedere-und-hochbeet\/#breadcrumb"},"inLanguage":"en-US","potentialAction":[{"@type":"ReadAction","target":["https:\/\/www.softub.ch\/en\/product\/biohort-sichtschutz-fur-pflanzbeet-belvedere-und-hochbeet\/"]}]},{"@type":"ImageObject","inLanguage":"en-US","@id":"https:\/\/www.softub.ch\/en\/product\/biohort-sichtschutz-fur-pflanzbeet-belvedere-und-hochbeet\/#primaryimage","url":"https:\/\/www.softub.ch\/wp-content\/uploads\/Biohort_Belvedere_100_quarzgrau_sichtschutz_acryl_Softub_Schweiz.jpeg","contentUrl":"https:\/\/www.softub.ch\/wp-content\/uploads\/Biohort_Belvedere_100_quarzgrau_sichtschutz_acryl_Softub_Schweiz.jpeg","width":650,"height":650,"caption":"Biohort Sichtschutz f\u00fcr Pflanzbeet in silber metallic mit Acrylglas auf ein Belvedere Hochbeet aufesetzt."},{"@type":"BreadcrumbList","@id":"https:\/\/www.softub.ch\/en\/product\/biohort-sichtschutz-fur-pflanzbeet-belvedere-und-hochbeet\/#breadcrumb","itemListElement":[{"@type":"ListItem","position":1,"name":"Startseite","item":"https:\/\/www.softub.ch\/en\/"},{"@type":"ListItem","position":2,"name":"Shop","item":"https:\/\/www.softub.ch\/en\/shop-2\/"},{"@type":"ListItem","position":3,"name":"biohort Sichtschutz f\u00fcr Pflanzbeet BELVEDERE und HOCHBEET"}]},{"@type":"WebSite","@id":"https:\/\/www.softub.ch\/fr\/#website","url":"https:\/\/www.softub.ch\/fr\/","name":"Softub Schweiz","description":"Softub - Wir machen Ferien Zuhause","publisher":{"@id":"https:\/\/www.softub.ch\/fr\/#organization"},"potentialAction":[{"@type":"SearchAction","target":{"@type":"EntryPoint","urlTemplate":"https:\/\/www.softub.ch\/fr\/?s={search_term_string}"},"query-input":{"@type":"PropertyValueSpecification","valueRequired":true,"valueName":"search_term_string"}}],"inLanguage":"en-US"},{"@type":"Organization","@id":"https:\/\/www.softub.ch\/fr\/#organization","name":"Softub Schweiz AG","url":"https:\/\/www.softub.ch\/fr\/","logo":{"@type":"ImageObject","inLanguage":"en-US","@id":"https:\/\/www.softub.ch\/fr\/#\/schema\/logo\/image\/","url":"https:\/\/www.softub.ch\/wp-content\/uploads\/Softub-Logo-Softub-Schweiz-.png","contentUrl":"https:\/\/www.softub.ch\/wp-content\/uploads\/Softub-Logo-Softub-Schweiz-.png","width":200,"height":73,"caption":"Softub Schweiz AG"},"image":{"@id":"https:\/\/www.softub.ch\/fr\/#\/schema\/logo\/image\/"},"sameAs":["https:\/\/www.facebook.com\/softubschweiz","https:\/\/www.instagram.com\/softub_schweiz\/","https:\/\/ch.pinterest.com\/softub_schweiz\/","https:\/\/www.linkedin.com\/company\/softub-schweiz-ag\/"]}]}},"_links":{"self":[{"href":"https:\/\/www.softub.ch\/en\/wp-json\/wp\/v2\/product\/62968","targetHints":{"allow":["GET"]}}],"collection":[{"href":"https:\/\/www.softub.ch\/en\/wp-json\/wp\/v2\/product"}],"about":[{"href":"https:\/\/www.softub.ch\/en\/wp-json\/wp\/v2\/types\/product"}],"wp:featuredmedia":[{"embeddable":true,"href":"https:\/\/www.softub.ch\/en\/wp-json\/wp\/v2\/media\/59807"}],"wp:attachment":[{"href":"https:\/\/www.softub.ch\/en\/wp-json\/wp\/v2\/media?parent=62968"}],"wp:term":[{"taxonomy":"product_brand","embeddable":true,"href":"https:\/\/www.softub.ch\/en\/wp-json\/wp\/v2\/product_brand?post=62968"},{"taxonomy":"product_cat","embeddable":true,"href":"https:\/\/www.softub.ch\/en\/wp-json\/wp\/v2\/product_cat?post=62968"},{"taxonomy":"product_tag","embeddable":true,"href":"https:\/\/www.softub.ch\/en\/wp-json\/wp\/v2\/product_tag?post=62968"},{"taxonomy":"woo-feed-brand","embeddable":true,"href":"https:\/\/www.softub.ch\/en\/wp-json\/wp\/v2\/woo-feed-brand?post=62968"}],"curies":[{"name":"wp","href":"https:\/\/api.w.org\/{rel}","templated":true}]}}