{"id":63574,"date":"2022-04-22T09:42:48","date_gmt":"2022-04-22T07:42:48","guid":{"rendered":"https:\/\/www.softub.ch\/product\/neo-biohort-ruckwand-fur-seitendach-fur-eine-sichtgeschutzte-wohlfuhlzone\/"},"modified":"2024-10-10T10:35:07","modified_gmt":"2024-10-10T08:35:07","slug":"neo-biohort-ruckwand-fur-seitendach-fur-eine-sichtgeschutzte-wohlfuhlzone","status":"publish","type":"product","link":"https:\/\/www.softub.ch\/en\/product\/neo-biohort-ruckwand-fur-seitendach-fur-eine-sichtgeschutzte-wohlfuhlzone\/","title":{"rendered":"NEO biohort R\u00fcckwand f\u00fcr Seitendach &#8211; f\u00fcr eine sichtgesch\u00fctzte Wohlf\u00fchlzone"},"content":{"rendered":"<div class=\"fusion-fullwidth fullwidth-box fusion-builder-row-1 fusion-flex-container nonhundred-percent-fullwidth non-hundred-percent-height-scrolling\" style=\"--awb-border-radius-top-left:0px;--awb-border-radius-top-right:0px;--awb-border-radius-bottom-right:0px;--awb-border-radius-bottom-left:0px;--awb-flex-wrap:wrap;\" ><div class=\"fusion-builder-row fusion-row fusion-flex-align-items-flex-start fusion-flex-content-wrap\" style=\"max-width:1248px;margin-left: calc(-4% \/ 2 );margin-right: calc(-4% \/ 2 );\"><div class=\"fusion-layout-column fusion_builder_column fusion-builder-column-0 fusion_builder_column_1_1 1_1 fusion-flex-column\" style=\"--awb-bg-size:cover;--awb-width-large:100%;--awb-margin-top-large:0px;--awb-spacing-right-large:1.92%;--awb-margin-bottom-large:0px;--awb-spacing-left-large:1.92%;--awb-width-medium:100%;--awb-spacing-right-medium:1.92%;--awb-spacing-left-medium:1.92%;--awb-width-small:100%;--awb-spacing-right-small:1.92%;--awb-spacing-left-small:1.92%;\"><div class=\"fusion-column-wrapper fusion-flex-justify-content-flex-start fusion-content-layout-column\"><div class=\"fusion-text fusion-text-1\"><h1><span style=\"color: #429bba;\">Neo R\u00fcckwand f\u00fcr Seitendach<\/span><\/h1>\n<p>Mit der Neo R\u00fcckwand f\u00fcr Seitendach verwandeln Sie Ihr <a href=\"https:\/\/www.softub.ch\/produkt\/biohort-geraetehaus-neo\/\" target=\"_blank\" rel=\"noopener\">Neo Ger\u00e4tehaus<\/a> in eine gem\u00fctliche wind- und sichtgesch\u00fctzte Wohlf\u00fchlzone! Die W\u00e4nde gibt es passend zur Hausfarbe und lassen sich mit wenigen Handgriffen nachr\u00fcsten.<\/p>\n<h3>Artikeldetails:<\/h3>\n<ul>\n<li>Farben: silber-metallic, quarzgrau-metallic, dunkelgrau-metallic<\/li>\n<\/ul>\n<h3>Passend zu der Biohort R\u00fcckwand f\u00fcr Seitendach:<\/h3>\n<ul>\n<li><a href=\"https:\/\/softub.ch\/produkt\/neo-biohort-seitendach\/\">Biohort Neo Seitendach<\/a><\/li>\n<li><a href=\"https:\/\/softub.ch\/produkt\/neo-seitenwand-fuer-seitendach\/\">Biohort Neo Seitenwand f\u00fcr Seitendach<\/a><\/li>\n<\/ul>\n<h3 class=\"fusion-responsive-typography-calculated\" data-fontsize=\"18\" data-lineheight=\"27px\">Zubeh\u00f6r f\u00fcr Ihr Zuhause:<\/h3>\n<div id=\"colors-and-sizes\" class=\"tab-holder\">\n<div class=\"tab-wrapper\">\n<div class=\"tab-content colors-and-sizes\">\n<div class=\"api-content\">\n<div id=\"c8205\" class=\"ecx-cframe ecx-layout0 ecx-imagepos-17 \">\n<div class=\"ecx-ctype ecx-ctype-textmedia\">\n<div class=\"ce-textpic ce-right ce-intext\">\n<div class=\"ce-bodytext\">\n<p>Wir haben ein reichhaltiges Zubeh\u00f6rsortiment f\u00fcr Sie zusammengestellt, so dass Sie sich die passenden Produkte in Ruhe in unserem Onlineshop ausw\u00e4hlen k\u00f6nnen. Wenn Sie sich dar\u00fcber hinaus Ihre ganz pers\u00f6nliche Wellness-Oase schaffen wollen, so schauen Sie sich doch einfach unsere Softub\u00a0<a href=\"https:\/\/softub.ch\/simply-relaxing\/softub-whirlpools\/\">Whirlpools<\/a>\u00a0oder Weka Saunen an \u2013 eventuell auch in Kombination mit einem\u00a0<a href=\"https:\/\/meinschattenspender.ch\/\">Unosider-<\/a><a href=\"https:\/\/meinschattenspender.ch\/\">Pavillon<\/a>.<\/p>\n<p>Wir beraten Sie gerne, telefonisch, in einem unserer Showrooms oder bei Ihnen Zuhause.<\/p>\n<\/div>\n<\/div>\n<\/div>\n<\/div>\n<\/div>\n<\/div>\n<\/div>\n<\/div>\n<\/div><\/div><\/div><\/div><\/div>\n","protected":false},"excerpt":{"rendered":"","protected":false},"featured_media":40831,"template":"","meta":{"_acf_changed":false},"product_brand":[],"product_cat":[5277],"product_tag":[4569,2975,4561,4562,3070,3373,4560,1236,4563,3086,4531,4566,4565,4423,3456,3444,4564,3045,1334],"woo-feed-brand":[],"class_list":{"0":"post-63574","1":"product","2":"type-product","3":"status-publish","4":"has-post-thumbnail","6":"product_cat-biohort-accessoires-replacement-parts","7":"product_tag-back-wall-for-side-roof","8":"product_tag-biohort-en","9":"product_tag-biohort-side-wall","10":"product_tag-biohort-side-wall-for-side-roof","11":"product_tag-equipment-locker","12":"product_tag-garden-house","13":"product_tag-garden-house-highline","14":"product_tag-garden-oasis","15":"product_tag-garden-shed-highline","16":"product_tag-garden-shed-made-out-of-metal","17":"product_tag-garden-shed-neo-en","18":"product_tag-garden-shed-with-canopy","19":"product_tag-garden-shed-with-side-roof","20":"product_tag-metallic-garden-shed","21":"product_tag-modern-garden-house","22":"product_tag-modern-garden-shed","23":"product_tag-silver-garden-shed","24":"product_tag-softub-schweiz-ag-en","25":"product_tag-softub-switzerland","26":"product_shipping_class-biohort-kostenlose-lieferung","28":"first","29":"instock","30":"sale","31":"taxable","32":"shipping-taxable","33":"purchasable","34":"product-type-variable"},"acf":[],"yoast_head":"<!-- This site is optimized with the Yoast SEO Premium plugin v27.4 (Yoast SEO v27.4) - https:\/\/yoast.com\/product\/yoast-seo-premium-wordpress\/ -->\n<title>NEO biohort R\u00fcckwand f\u00fcr Seitendach - f\u00fcr eine sichtgesch\u00fctzte Wohlf\u00fchlzone - Softub Schweiz<\/title>\n<meta name=\"robots\" content=\"index, follow, max-snippet:-1, max-image-preview:large, max-video-preview:-1\" \/>\n<link rel=\"canonical\" href=\"https:\/\/www.softub.ch\/en\/product\/neo-biohort-ruckwand-fur-seitendach-fur-eine-sichtgeschutzte-wohlfuhlzone\/\" \/>\n<meta property=\"og:locale\" content=\"en_US\" \/>\n<meta property=\"og:type\" content=\"article\" \/>\n<meta property=\"og:title\" content=\"NEO biohort R\u00fcckwand f\u00fcr Seitendach - f\u00fcr eine sichtgesch\u00fctzte Wohlf\u00fchlzone\" \/>\n<meta property=\"og:url\" content=\"https:\/\/www.softub.ch\/en\/product\/neo-biohort-ruckwand-fur-seitendach-fur-eine-sichtgeschutzte-wohlfuhlzone\/\" \/>\n<meta property=\"og:site_name\" content=\"Softub Schweiz\" \/>\n<meta property=\"article:publisher\" content=\"https:\/\/www.facebook.com\/softubschweiz\" \/>\n<meta property=\"article:modified_time\" content=\"2024-10-10T08:35:07+00:00\" \/>\n<meta property=\"og:image\" content=\"https:\/\/www.softub.ch\/wp-content\/uploads\/Biohort-Neo-Rueckwand-zu-Seitendach-Softub-Schweiz-Softub-Schweiz-AG.jpg\" \/>\n\t<meta property=\"og:image:width\" content=\"527\" \/>\n\t<meta property=\"og:image:height\" content=\"527\" \/>\n\t<meta property=\"og:image:type\" content=\"image\/jpeg\" \/>\n<meta name=\"twitter:card\" content=\"summary_large_image\" \/>\n<meta name=\"twitter:label1\" content=\"Est. reading time\" \/>\n\t<meta name=\"twitter:data1\" content=\"2 minutes\" \/>\n<script type=\"application\/ld+json\" class=\"yoast-schema-graph\">{\"@context\":\"https:\\\/\\\/schema.org\",\"@graph\":[{\"@type\":\"WebPage\",\"@id\":\"https:\\\/\\\/www.softub.ch\\\/en\\\/product\\\/neo-biohort-ruckwand-fur-seitendach-fur-eine-sichtgeschutzte-wohlfuhlzone\\\/\",\"url\":\"https:\\\/\\\/www.softub.ch\\\/en\\\/product\\\/neo-biohort-ruckwand-fur-seitendach-fur-eine-sichtgeschutzte-wohlfuhlzone\\\/\",\"name\":\"NEO biohort R\u00fcckwand f\u00fcr Seitendach - f\u00fcr eine sichtgesch\u00fctzte Wohlf\u00fchlzone - Softub Schweiz\",\"isPartOf\":{\"@id\":\"https:\\\/\\\/www.softub.ch\\\/fr\\\/#website\"},\"primaryImageOfPage\":{\"@id\":\"https:\\\/\\\/www.softub.ch\\\/en\\\/product\\\/neo-biohort-ruckwand-fur-seitendach-fur-eine-sichtgeschutzte-wohlfuhlzone\\\/#primaryimage\"},\"image\":{\"@id\":\"https:\\\/\\\/www.softub.ch\\\/en\\\/product\\\/neo-biohort-ruckwand-fur-seitendach-fur-eine-sichtgeschutzte-wohlfuhlzone\\\/#primaryimage\"},\"thumbnailUrl\":\"https:\\\/\\\/www.softub.ch\\\/wp-content\\\/uploads\\\/Biohort-Neo-Rueckwand-zu-Seitendach-Softub-Schweiz-Softub-Schweiz-AG.jpg\",\"datePublished\":\"2022-04-22T07:42:48+00:00\",\"dateModified\":\"2024-10-10T08:35:07+00:00\",\"breadcrumb\":{\"@id\":\"https:\\\/\\\/www.softub.ch\\\/en\\\/product\\\/neo-biohort-ruckwand-fur-seitendach-fur-eine-sichtgeschutzte-wohlfuhlzone\\\/#breadcrumb\"},\"inLanguage\":\"en-US\",\"potentialAction\":[{\"@type\":\"ReadAction\",\"target\":[\"https:\\\/\\\/www.softub.ch\\\/en\\\/product\\\/neo-biohort-ruckwand-fur-seitendach-fur-eine-sichtgeschutzte-wohlfuhlzone\\\/\"]}]},{\"@type\":\"ImageObject\",\"inLanguage\":\"en-US\",\"@id\":\"https:\\\/\\\/www.softub.ch\\\/en\\\/product\\\/neo-biohort-ruckwand-fur-seitendach-fur-eine-sichtgeschutzte-wohlfuhlzone\\\/#primaryimage\",\"url\":\"https:\\\/\\\/www.softub.ch\\\/wp-content\\\/uploads\\\/Biohort-Neo-Rueckwand-zu-Seitendach-Softub-Schweiz-Softub-Schweiz-AG.jpg\",\"contentUrl\":\"https:\\\/\\\/www.softub.ch\\\/wp-content\\\/uploads\\\/Biohort-Neo-Rueckwand-zu-Seitendach-Softub-Schweiz-Softub-Schweiz-AG.jpg\",\"width\":527,\"height\":527,\"caption\":\"Biohort Neo back wall for side canopy Softub Switzerland Softub Schweiz AG\"},{\"@type\":\"BreadcrumbList\",\"@id\":\"https:\\\/\\\/www.softub.ch\\\/en\\\/product\\\/neo-biohort-ruckwand-fur-seitendach-fur-eine-sichtgeschutzte-wohlfuhlzone\\\/#breadcrumb\",\"itemListElement\":[{\"@type\":\"ListItem\",\"position\":1,\"name\":\"Startseite\",\"item\":\"https:\\\/\\\/www.softub.ch\\\/en\\\/\"},{\"@type\":\"ListItem\",\"position\":2,\"name\":\"Shop\",\"item\":\"https:\\\/\\\/www.softub.ch\\\/en\\\/shop-2\\\/\"},{\"@type\":\"ListItem\",\"position\":3,\"name\":\"NEO biohort R\u00fcckwand f\u00fcr Seitendach &#8211; f\u00fcr eine sichtgesch\u00fctzte Wohlf\u00fchlzone\"}]},{\"@type\":\"WebSite\",\"@id\":\"https:\\\/\\\/www.softub.ch\\\/fr\\\/#website\",\"url\":\"https:\\\/\\\/www.softub.ch\\\/fr\\\/\",\"name\":\"Softub Schweiz\",\"description\":\"Softub - Wir machen Ferien Zuhause\",\"publisher\":{\"@id\":\"https:\\\/\\\/www.softub.ch\\\/fr\\\/#organization\"},\"potentialAction\":[{\"@type\":\"SearchAction\",\"target\":{\"@type\":\"EntryPoint\",\"urlTemplate\":\"https:\\\/\\\/www.softub.ch\\\/fr\\\/?s={search_term_string}\"},\"query-input\":{\"@type\":\"PropertyValueSpecification\",\"valueRequired\":true,\"valueName\":\"search_term_string\"}}],\"inLanguage\":\"en-US\"},{\"@type\":\"Organization\",\"@id\":\"https:\\\/\\\/www.softub.ch\\\/fr\\\/#organization\",\"name\":\"Softub Schweiz AG\",\"url\":\"https:\\\/\\\/www.softub.ch\\\/fr\\\/\",\"logo\":{\"@type\":\"ImageObject\",\"inLanguage\":\"en-US\",\"@id\":\"https:\\\/\\\/www.softub.ch\\\/fr\\\/#\\\/schema\\\/logo\\\/image\\\/\",\"url\":\"https:\\\/\\\/www.softub.ch\\\/wp-content\\\/uploads\\\/Softub-Logo-Softub-Schweiz-.png\",\"contentUrl\":\"https:\\\/\\\/www.softub.ch\\\/wp-content\\\/uploads\\\/Softub-Logo-Softub-Schweiz-.png\",\"width\":200,\"height\":73,\"caption\":\"Softub Schweiz AG\"},\"image\":{\"@id\":\"https:\\\/\\\/www.softub.ch\\\/fr\\\/#\\\/schema\\\/logo\\\/image\\\/\"},\"sameAs\":[\"https:\\\/\\\/www.facebook.com\\\/softubschweiz\",\"https:\\\/\\\/www.instagram.com\\\/softub_schweiz\\\/\",\"https:\\\/\\\/ch.pinterest.com\\\/softub_schweiz\\\/\",\"https:\\\/\\\/www.linkedin.com\\\/company\\\/softub-schweiz-ag\\\/\"]}]}<\/script>\n<!-- \/ Yoast SEO Premium plugin. -->","yoast_head_json":{"title":"NEO biohort R\u00fcckwand f\u00fcr Seitendach - f\u00fcr eine sichtgesch\u00fctzte Wohlf\u00fchlzone - Softub Schweiz","robots":{"index":"index","follow":"follow","max-snippet":"max-snippet:-1","max-image-preview":"max-image-preview:large","max-video-preview":"max-video-preview:-1"},"canonical":"https:\/\/www.softub.ch\/en\/product\/neo-biohort-ruckwand-fur-seitendach-fur-eine-sichtgeschutzte-wohlfuhlzone\/","og_locale":"en_US","og_type":"article","og_title":"NEO biohort R\u00fcckwand f\u00fcr Seitendach - f\u00fcr eine sichtgesch\u00fctzte Wohlf\u00fchlzone","og_url":"https:\/\/www.softub.ch\/en\/product\/neo-biohort-ruckwand-fur-seitendach-fur-eine-sichtgeschutzte-wohlfuhlzone\/","og_site_name":"Softub Schweiz","article_publisher":"https:\/\/www.facebook.com\/softubschweiz","article_modified_time":"2024-10-10T08:35:07+00:00","og_image":[{"width":527,"height":527,"url":"https:\/\/www.softub.ch\/wp-content\/uploads\/Biohort-Neo-Rueckwand-zu-Seitendach-Softub-Schweiz-Softub-Schweiz-AG.jpg","type":"image\/jpeg"}],"twitter_card":"summary_large_image","twitter_misc":{"Est. reading time":"2 minutes"},"schema":{"@context":"https:\/\/schema.org","@graph":[{"@type":"WebPage","@id":"https:\/\/www.softub.ch\/en\/product\/neo-biohort-ruckwand-fur-seitendach-fur-eine-sichtgeschutzte-wohlfuhlzone\/","url":"https:\/\/www.softub.ch\/en\/product\/neo-biohort-ruckwand-fur-seitendach-fur-eine-sichtgeschutzte-wohlfuhlzone\/","name":"NEO biohort R\u00fcckwand f\u00fcr Seitendach - f\u00fcr eine sichtgesch\u00fctzte Wohlf\u00fchlzone - Softub Schweiz","isPartOf":{"@id":"https:\/\/www.softub.ch\/fr\/#website"},"primaryImageOfPage":{"@id":"https:\/\/www.softub.ch\/en\/product\/neo-biohort-ruckwand-fur-seitendach-fur-eine-sichtgeschutzte-wohlfuhlzone\/#primaryimage"},"image":{"@id":"https:\/\/www.softub.ch\/en\/product\/neo-biohort-ruckwand-fur-seitendach-fur-eine-sichtgeschutzte-wohlfuhlzone\/#primaryimage"},"thumbnailUrl":"https:\/\/www.softub.ch\/wp-content\/uploads\/Biohort-Neo-Rueckwand-zu-Seitendach-Softub-Schweiz-Softub-Schweiz-AG.jpg","datePublished":"2022-04-22T07:42:48+00:00","dateModified":"2024-10-10T08:35:07+00:00","breadcrumb":{"@id":"https:\/\/www.softub.ch\/en\/product\/neo-biohort-ruckwand-fur-seitendach-fur-eine-sichtgeschutzte-wohlfuhlzone\/#breadcrumb"},"inLanguage":"en-US","potentialAction":[{"@type":"ReadAction","target":["https:\/\/www.softub.ch\/en\/product\/neo-biohort-ruckwand-fur-seitendach-fur-eine-sichtgeschutzte-wohlfuhlzone\/"]}]},{"@type":"ImageObject","inLanguage":"en-US","@id":"https:\/\/www.softub.ch\/en\/product\/neo-biohort-ruckwand-fur-seitendach-fur-eine-sichtgeschutzte-wohlfuhlzone\/#primaryimage","url":"https:\/\/www.softub.ch\/wp-content\/uploads\/Biohort-Neo-Rueckwand-zu-Seitendach-Softub-Schweiz-Softub-Schweiz-AG.jpg","contentUrl":"https:\/\/www.softub.ch\/wp-content\/uploads\/Biohort-Neo-Rueckwand-zu-Seitendach-Softub-Schweiz-Softub-Schweiz-AG.jpg","width":527,"height":527,"caption":"Biohort Neo back wall for side canopy Softub Switzerland Softub Schweiz AG"},{"@type":"BreadcrumbList","@id":"https:\/\/www.softub.ch\/en\/product\/neo-biohort-ruckwand-fur-seitendach-fur-eine-sichtgeschutzte-wohlfuhlzone\/#breadcrumb","itemListElement":[{"@type":"ListItem","position":1,"name":"Startseite","item":"https:\/\/www.softub.ch\/en\/"},{"@type":"ListItem","position":2,"name":"Shop","item":"https:\/\/www.softub.ch\/en\/shop-2\/"},{"@type":"ListItem","position":3,"name":"NEO biohort R\u00fcckwand f\u00fcr Seitendach &#8211; f\u00fcr eine sichtgesch\u00fctzte Wohlf\u00fchlzone"}]},{"@type":"WebSite","@id":"https:\/\/www.softub.ch\/fr\/#website","url":"https:\/\/www.softub.ch\/fr\/","name":"Softub Schweiz","description":"Softub - Wir machen Ferien Zuhause","publisher":{"@id":"https:\/\/www.softub.ch\/fr\/#organization"},"potentialAction":[{"@type":"SearchAction","target":{"@type":"EntryPoint","urlTemplate":"https:\/\/www.softub.ch\/fr\/?s={search_term_string}"},"query-input":{"@type":"PropertyValueSpecification","valueRequired":true,"valueName":"search_term_string"}}],"inLanguage":"en-US"},{"@type":"Organization","@id":"https:\/\/www.softub.ch\/fr\/#organization","name":"Softub Schweiz AG","url":"https:\/\/www.softub.ch\/fr\/","logo":{"@type":"ImageObject","inLanguage":"en-US","@id":"https:\/\/www.softub.ch\/fr\/#\/schema\/logo\/image\/","url":"https:\/\/www.softub.ch\/wp-content\/uploads\/Softub-Logo-Softub-Schweiz-.png","contentUrl":"https:\/\/www.softub.ch\/wp-content\/uploads\/Softub-Logo-Softub-Schweiz-.png","width":200,"height":73,"caption":"Softub Schweiz AG"},"image":{"@id":"https:\/\/www.softub.ch\/fr\/#\/schema\/logo\/image\/"},"sameAs":["https:\/\/www.facebook.com\/softubschweiz","https:\/\/www.instagram.com\/softub_schweiz\/","https:\/\/ch.pinterest.com\/softub_schweiz\/","https:\/\/www.linkedin.com\/company\/softub-schweiz-ag\/"]}]}},"_links":{"self":[{"href":"https:\/\/www.softub.ch\/en\/wp-json\/wp\/v2\/product\/63574","targetHints":{"allow":["GET"]}}],"collection":[{"href":"https:\/\/www.softub.ch\/en\/wp-json\/wp\/v2\/product"}],"about":[{"href":"https:\/\/www.softub.ch\/en\/wp-json\/wp\/v2\/types\/product"}],"wp:featuredmedia":[{"embeddable":true,"href":"https:\/\/www.softub.ch\/en\/wp-json\/wp\/v2\/media\/40831"}],"wp:attachment":[{"href":"https:\/\/www.softub.ch\/en\/wp-json\/wp\/v2\/media?parent=63574"}],"wp:term":[{"taxonomy":"product_brand","embeddable":true,"href":"https:\/\/www.softub.ch\/en\/wp-json\/wp\/v2\/product_brand?post=63574"},{"taxonomy":"product_cat","embeddable":true,"href":"https:\/\/www.softub.ch\/en\/wp-json\/wp\/v2\/product_cat?post=63574"},{"taxonomy":"product_tag","embeddable":true,"href":"https:\/\/www.softub.ch\/en\/wp-json\/wp\/v2\/product_tag?post=63574"},{"taxonomy":"woo-feed-brand","embeddable":true,"href":"https:\/\/www.softub.ch\/en\/wp-json\/wp\/v2\/woo-feed-brand?post=63574"}],"curies":[{"name":"wp","href":"https:\/\/api.w.org\/{rel}","templated":true}]}}