{"id":63659,"date":"2024-08-07T13:19:06","date_gmt":"2024-08-07T11:19:06","guid":{"rendered":"https:\/\/www.softub.ch\/product\/biohort-sichtschutz-steher\/"},"modified":"2024-10-10T11:24:15","modified_gmt":"2024-10-10T09:24:15","slug":"biohort-sichtschutz-steher","status":"publish","type":"product","link":"https:\/\/www.softub.ch\/en\/product\/biohort-sichtschutz-steher\/","title":{"rendered":"biohort SICHTSCHUTZ Steher"},"content":{"rendered":"<div class=\"fusion-fullwidth fullwidth-box fusion-builder-row-1 fusion-flex-container has-pattern-background has-mask-background nonhundred-percent-fullwidth non-hundred-percent-height-scrolling\" style=\"--awb-border-radius-top-left:0px;--awb-border-radius-top-right:0px;--awb-border-radius-bottom-right:0px;--awb-border-radius-bottom-left:0px;--awb-flex-wrap:wrap;\" ><div class=\"fusion-builder-row fusion-row fusion-flex-align-items-flex-start fusion-flex-content-wrap\" style=\"max-width:1248px;margin-left: calc(-4% \/ 2 );margin-right: calc(-4% \/ 2 );\"><div class=\"fusion-layout-column fusion_builder_column fusion-builder-column-0 fusion_builder_column_1_1 1_1 fusion-flex-column\" style=\"--awb-bg-size:cover;--awb-width-large:100%;--awb-margin-top-large:0px;--awb-spacing-right-large:1.92%;--awb-margin-bottom-large:20px;--awb-spacing-left-large:1.92%;--awb-width-medium:100%;--awb-order-medium:0;--awb-spacing-right-medium:1.92%;--awb-spacing-left-medium:1.92%;--awb-width-small:100%;--awb-order-small:0;--awb-spacing-right-small:1.92%;--awb-spacing-left-small:1.92%;\"><div class=\"fusion-column-wrapper fusion-column-has-shadow fusion-flex-justify-content-flex-start fusion-content-layout-column\"><div class=\"fusion-text fusion-text-1\"><h1>Steher f\u00fcr biohort Sichtschutz<\/h1>\n<p>Die Steher f\u00fcr den <a href=\"https:\/\/www.softub.ch\/produkt\/biohort-sichtschutz\/\" target=\"_blank\" rel=\"noopener\">biohort Sichtschutz<\/a> k\u00f6nnen sowohl als seitlicher Abschlusssteher, Ecksteher oder als Verbindungssteher zwischen zwei Sichtschutzelementen verwendet werden. Die Sichtschutzelemente sollen passend zur H\u00f6he der Steher ausgew\u00e4hlt werden!<\/p>\n<ul>\n<li>Durchmesser: 9,8 cm<\/li>\n<li>Jeder Artikel besteht aus einem Steher<\/li>\n<li>Befestigungsmaterial ist nicht im Lieferumfang enthalten<\/li>\n<\/ul>\n<h3>Varianten<\/h3>\n<p><strong>Variante 1: Steher zum And\u00fcbeln, h\u00f6henverstellbar bis zu 25 cm<\/strong><\/p>\n<p>Die Sockelplatte wird mithilfe von Ankerstangen<strong>\u00a0(nicht im Lieferumfang inkludiert)<\/strong>\u00a0auf einem frostsicheren Betonfundament anged\u00fcbelt. Die Montage auf Terrassenplatten oder Holz- \/ WPC-Dielen ist nicht ausreichend.<\/p>\n<ul>\n<li>Sockelpalette (B x T cm): 15 x 15<\/li>\n<li>Abdeckblech der Sockelpalette (B x T cm): 18 x 18<\/li>\n<\/ul>\n<p><img decoding=\"async\" class=\"lazyload alignnone wp-image-60634\" src=\"https:\/\/www.softub.ch\/wp-content\/uploads\/Biohort_Sichtschutz_Steher_Duebeln_Softub_Schweiz_01.jpg\" data-orig-src=\"https:\/\/www.softub.ch\/wp-content\/uploads\/Biohort_Sichtschutz_Steher_Duebeln_Softub_Schweiz_01.jpg\" alt=\"Ein grauer Steher im Boden mit vier Schrauben befestigt\" width=\"155\" height=\"155\" srcset=\"data:image\/svg+xml,%3Csvg%20xmlns%3D%27http%3A%2F%2Fwww.w3.org%2F2000%2Fsvg%27%20width%3D%27155%27%20height%3D%27155%27%20viewBox%3D%270%200%20155%20155%27%3E%3Crect%20width%3D%27155%27%20height%3D%27155%27%20fill-opacity%3D%220%22%2F%3E%3C%2Fsvg%3E\" data-srcset=\"https:\/\/www.softub.ch\/wp-content\/uploads\/Biohort_Sichtschutz_Steher_Duebeln_Softub_Schweiz_01-66x66.jpg 66w, https:\/\/www.softub.ch\/wp-content\/uploads\/Biohort_Sichtschutz_Steher_Duebeln_Softub_Schweiz_01-100x100.jpg 100w, https:\/\/www.softub.ch\/wp-content\/uploads\/Biohort_Sichtschutz_Steher_Duebeln_Softub_Schweiz_01-150x150.jpg 150w, https:\/\/www.softub.ch\/wp-content\/uploads\/Biohort_Sichtschutz_Steher_Duebeln_Softub_Schweiz_01-200x200.jpg 200w, https:\/\/www.softub.ch\/wp-content\/uploads\/Biohort_Sichtschutz_Steher_Duebeln_Softub_Schweiz_01.jpg 250w\" data-sizes=\"auto\" data-orig-sizes=\"(max-width: 155px) 100vw, 155px\" \/><\/p>\n<p><img decoding=\"async\" class=\"lazyload alignnone wp-image-60637\" src=\"https:\/\/www.softub.ch\/wp-content\/uploads\/Biohort_Sichtschutz_Steher_Duebeln_Softub_Schweiz_02.jpg\" data-orig-src=\"https:\/\/www.softub.ch\/wp-content\/uploads\/Biohort_Sichtschutz_Steher_Duebeln_Softub_Schweiz_02.jpg\" alt=\"Grauer Steher f\u00fcr biohort Sichtschutz anged\u00fcbelt und mit Sockelpalette bedeckt.\" width=\"153\" height=\"153\" srcset=\"data:image\/svg+xml,%3Csvg%20xmlns%3D%27http%3A%2F%2Fwww.w3.org%2F2000%2Fsvg%27%20width%3D%27153%27%20height%3D%27153%27%20viewBox%3D%270%200%20153%20153%27%3E%3Crect%20width%3D%27153%27%20height%3D%27153%27%20fill-opacity%3D%220%22%2F%3E%3C%2Fsvg%3E\" data-srcset=\"https:\/\/www.softub.ch\/wp-content\/uploads\/Biohort_Sichtschutz_Steher_Duebeln_Softub_Schweiz_02-66x66.jpg 66w, https:\/\/www.softub.ch\/wp-content\/uploads\/Biohort_Sichtschutz_Steher_Duebeln_Softub_Schweiz_02-100x100.jpg 100w, https:\/\/www.softub.ch\/wp-content\/uploads\/Biohort_Sichtschutz_Steher_Duebeln_Softub_Schweiz_02-150x150.jpg 150w, https:\/\/www.softub.ch\/wp-content\/uploads\/Biohort_Sichtschutz_Steher_Duebeln_Softub_Schweiz_02-200x200.jpg 200w, https:\/\/www.softub.ch\/wp-content\/uploads\/Biohort_Sichtschutz_Steher_Duebeln_Softub_Schweiz_02.jpg 250w\" data-sizes=\"auto\" data-orig-sizes=\"(max-width: 153px) 100vw, 153px\" \/><\/p>\n<p><strong>Variante 2: Steher zum Einbetonieren, h\u00f6henverstellbar bis zu 25 cm<\/strong><\/p>\n<p>Bei dieser Variante wird der Steher direkt in das Betonfundament einbetoniert. Gr\u00f6sse der Fundamentpunkte (variiert je nach Bodenbeschaffenheit): mind. 50 x 50 cm. Empfohlene Tiefe: 80 cm bei 90 cm Steherh\u00f6he, 100 cm bei 135 cm Steherh\u00f6he und 115 cm bei 180 cm Steherh\u00f6he.<\/p>\n<p><img decoding=\"async\" class=\"lazyload alignnone wp-image-60640\" src=\"https:\/\/www.softub.ch\/wp-content\/uploads\/Biohort_Sichtschutz_Steher_einbetoniert_Softub_Schweiz.jpg\" data-orig-src=\"https:\/\/www.softub.ch\/wp-content\/uploads\/Biohort_Sichtschutz_Steher_einbetoniert_Softub_Schweiz.jpg\" alt=\"Grauer Steher f\u00fcr biohort Sichtschutz einbetoniert\" width=\"150\" height=\"150\" srcset=\"data:image\/svg+xml,%3Csvg%20xmlns%3D%27http%3A%2F%2Fwww.w3.org%2F2000%2Fsvg%27%20width%3D%27150%27%20height%3D%27150%27%20viewBox%3D%270%200%20150%20150%27%3E%3Crect%20width%3D%27150%27%20height%3D%27150%27%20fill-opacity%3D%220%22%2F%3E%3C%2Fsvg%3E\" data-srcset=\"https:\/\/www.softub.ch\/wp-content\/uploads\/Biohort_Sichtschutz_Steher_einbetoniert_Softub_Schweiz-66x66.jpg 66w, https:\/\/www.softub.ch\/wp-content\/uploads\/Biohort_Sichtschutz_Steher_einbetoniert_Softub_Schweiz-100x100.jpg 100w, https:\/\/www.softub.ch\/wp-content\/uploads\/Biohort_Sichtschutz_Steher_einbetoniert_Softub_Schweiz-150x150.jpg 150w, https:\/\/www.softub.ch\/wp-content\/uploads\/Biohort_Sichtschutz_Steher_einbetoniert_Softub_Schweiz-200x200.jpg 200w, https:\/\/www.softub.ch\/wp-content\/uploads\/Biohort_Sichtschutz_Steher_einbetoniert_Softub_Schweiz.jpg 250w\" data-sizes=\"auto\" data-orig-sizes=\"(max-width: 150px) 100vw, 150px\" \/><\/p>\n<h3 class=\"fusion-responsive-typography-calculated\" data-fontsize=\"18\" data-lineheight=\"27px\">Weiteres Zubeh\u00f6r f\u00fcr Ihr Zuhause:<\/h3>\n<div id=\"colors-and-sizes\" class=\"tab-holder\">\n<div class=\"tab-wrapper\">\n<div class=\"tab-content colors-and-sizes\">\n<div class=\"api-content\">\n<div id=\"c8205\" class=\"ecx-cframe ecx-layout0 ecx-imagepos-17 \">\n<div class=\"ecx-ctype ecx-ctype-textmedia\">\n<div class=\"ce-textpic ce-right ce-intext\">\n<div class=\"ce-bodytext\">\n<p>Wir haben ein reichhaltiges Zubeh\u00f6rsortiment f\u00fcr Sie zusammengestellt, so dass Sie sich die passenden Produkte in Ruhe in unserem Onlineshop ausw\u00e4hlen k\u00f6nnen. Wenn Sie sich dar\u00fcber hinaus Ihre ganz pers\u00f6nliche Wellness-Oase schaffen wollen, so schauen Sie sich doch einfach unsere Softub\u00a0<a href=\"https:\/\/softub.ch\/simply-relaxing\/softub-whirlpools\/\">Whirlpools<\/a>\u00a0oder Weka Saunen an \u2013 eventuell auch in Kombination mit einem\u00a0<a href=\"https:\/\/meinschattenspender.ch\/\">Unosider-<\/a><a href=\"https:\/\/meinschattenspender.ch\/\">Pavillon<\/a>.<\/p>\n<p>Wir beraten Sie gerne, telefonisch, in einem unserer Showrooms oder bei Ihnen Zuhause.<\/p>\n<\/div>\n<\/div>\n<\/div>\n<\/div>\n<\/div>\n<\/div>\n<\/div>\n<\/div>\n<\/div><\/div><\/div><\/div><\/div>\n","protected":false},"excerpt":{"rendered":"","protected":false},"featured_media":60635,"template":"","meta":{"_acf_changed":false},"product_brand":[],"product_cat":[5277],"product_tag":[5493,1345,679,1334],"woo-feed-brand":[],"class_list":{"0":"post-63659","1":"product","2":"type-product","3":"status-publish","4":"has-post-thumbnail","6":"product_cat-biohort-accessoires-replacement-parts","7":"product_tag-biohort-switzerland","8":"product_tag-garden-accessories-en","9":"product_tag-softub-en","10":"product_tag-softub-switzerland","11":"product_shipping_class-biohort-kostenlose-lieferung","13":"first","14":"instock","15":"sale","16":"taxable","17":"shipping-taxable","18":"purchasable","19":"product-type-variable"},"acf":[],"yoast_head":"<!-- This site is optimized with the Yoast SEO Premium plugin v27.4 (Yoast SEO v27.4) - https:\/\/yoast.com\/product\/yoast-seo-premium-wordpress\/ -->\n<title>biohort SICHTSCHUTZ Steher - Softub Schweiz<\/title>\n<meta name=\"robots\" content=\"index, follow, max-snippet:-1, max-image-preview:large, max-video-preview:-1\" \/>\n<link rel=\"canonical\" href=\"https:\/\/www.softub.ch\/en\/product\/biohort-sichtschutz-steher\/\" \/>\n<meta property=\"og:locale\" content=\"en_US\" \/>\n<meta property=\"og:type\" content=\"article\" \/>\n<meta property=\"og:title\" content=\"biohort SICHTSCHUTZ Steher\" \/>\n<meta property=\"og:url\" content=\"https:\/\/www.softub.ch\/en\/product\/biohort-sichtschutz-steher\/\" \/>\n<meta property=\"og:site_name\" content=\"Softub Schweiz\" \/>\n<meta property=\"article:publisher\" content=\"https:\/\/www.facebook.com\/softubschweiz\" \/>\n<meta property=\"article:modified_time\" content=\"2024-10-10T09:24:15+00:00\" \/>\n<meta property=\"og:image\" content=\"https:\/\/www.softub.ch\/wp-content\/uploads\/Biohort_Sichtschutz_Steher_Duebeln_Softub_Schweiz_01.jpg\" \/>\n\t<meta property=\"og:image:width\" content=\"250\" \/>\n\t<meta property=\"og:image:height\" content=\"250\" \/>\n\t<meta property=\"og:image:type\" content=\"image\/jpeg\" \/>\n<meta name=\"twitter:card\" content=\"summary_large_image\" \/>\n<meta name=\"twitter:label1\" content=\"Est. reading time\" \/>\n\t<meta name=\"twitter:data1\" content=\"6 minutes\" \/>\n<script type=\"application\/ld+json\" class=\"yoast-schema-graph\">{\"@context\":\"https:\\\/\\\/schema.org\",\"@graph\":[{\"@type\":\"WebPage\",\"@id\":\"https:\\\/\\\/www.softub.ch\\\/en\\\/product\\\/biohort-sichtschutz-steher\\\/\",\"url\":\"https:\\\/\\\/www.softub.ch\\\/en\\\/product\\\/biohort-sichtschutz-steher\\\/\",\"name\":\"biohort SICHTSCHUTZ Steher - Softub Schweiz\",\"isPartOf\":{\"@id\":\"https:\\\/\\\/www.softub.ch\\\/fr\\\/#website\"},\"primaryImageOfPage\":{\"@id\":\"https:\\\/\\\/www.softub.ch\\\/en\\\/product\\\/biohort-sichtschutz-steher\\\/#primaryimage\"},\"image\":{\"@id\":\"https:\\\/\\\/www.softub.ch\\\/en\\\/product\\\/biohort-sichtschutz-steher\\\/#primaryimage\"},\"thumbnailUrl\":\"https:\\\/\\\/www.softub.ch\\\/wp-content\\\/uploads\\\/Biohort_Sichtschutz_Steher_Duebeln_Softub_Schweiz_01.jpg\",\"datePublished\":\"2024-08-07T11:19:06+00:00\",\"dateModified\":\"2024-10-10T09:24:15+00:00\",\"breadcrumb\":{\"@id\":\"https:\\\/\\\/www.softub.ch\\\/en\\\/product\\\/biohort-sichtschutz-steher\\\/#breadcrumb\"},\"inLanguage\":\"en-US\",\"potentialAction\":[{\"@type\":\"ReadAction\",\"target\":[\"https:\\\/\\\/www.softub.ch\\\/en\\\/product\\\/biohort-sichtschutz-steher\\\/\"]}]},{\"@type\":\"ImageObject\",\"inLanguage\":\"en-US\",\"@id\":\"https:\\\/\\\/www.softub.ch\\\/en\\\/product\\\/biohort-sichtschutz-steher\\\/#primaryimage\",\"url\":\"https:\\\/\\\/www.softub.ch\\\/wp-content\\\/uploads\\\/Biohort_Sichtschutz_Steher_Duebeln_Softub_Schweiz_01.jpg\",\"contentUrl\":\"https:\\\/\\\/www.softub.ch\\\/wp-content\\\/uploads\\\/Biohort_Sichtschutz_Steher_Duebeln_Softub_Schweiz_01.jpg\",\"width\":250,\"height\":250,\"caption\":\"Ein grauer Steher im Boden mit vier Schrauben befestigt\"},{\"@type\":\"BreadcrumbList\",\"@id\":\"https:\\\/\\\/www.softub.ch\\\/en\\\/product\\\/biohort-sichtschutz-steher\\\/#breadcrumb\",\"itemListElement\":[{\"@type\":\"ListItem\",\"position\":1,\"name\":\"Startseite\",\"item\":\"https:\\\/\\\/www.softub.ch\\\/en\\\/\"},{\"@type\":\"ListItem\",\"position\":2,\"name\":\"Shop\",\"item\":\"https:\\\/\\\/www.softub.ch\\\/en\\\/shop-2\\\/\"},{\"@type\":\"ListItem\",\"position\":3,\"name\":\"biohort SICHTSCHUTZ Steher\"}]},{\"@type\":\"WebSite\",\"@id\":\"https:\\\/\\\/www.softub.ch\\\/fr\\\/#website\",\"url\":\"https:\\\/\\\/www.softub.ch\\\/fr\\\/\",\"name\":\"Softub Schweiz\",\"description\":\"Softub - Wir machen Ferien Zuhause\",\"publisher\":{\"@id\":\"https:\\\/\\\/www.softub.ch\\\/fr\\\/#organization\"},\"potentialAction\":[{\"@type\":\"SearchAction\",\"target\":{\"@type\":\"EntryPoint\",\"urlTemplate\":\"https:\\\/\\\/www.softub.ch\\\/fr\\\/?s={search_term_string}\"},\"query-input\":{\"@type\":\"PropertyValueSpecification\",\"valueRequired\":true,\"valueName\":\"search_term_string\"}}],\"inLanguage\":\"en-US\"},{\"@type\":\"Organization\",\"@id\":\"https:\\\/\\\/www.softub.ch\\\/fr\\\/#organization\",\"name\":\"Softub Schweiz AG\",\"url\":\"https:\\\/\\\/www.softub.ch\\\/fr\\\/\",\"logo\":{\"@type\":\"ImageObject\",\"inLanguage\":\"en-US\",\"@id\":\"https:\\\/\\\/www.softub.ch\\\/fr\\\/#\\\/schema\\\/logo\\\/image\\\/\",\"url\":\"https:\\\/\\\/www.softub.ch\\\/wp-content\\\/uploads\\\/Softub-Logo-Softub-Schweiz-.png\",\"contentUrl\":\"https:\\\/\\\/www.softub.ch\\\/wp-content\\\/uploads\\\/Softub-Logo-Softub-Schweiz-.png\",\"width\":200,\"height\":73,\"caption\":\"Softub Schweiz AG\"},\"image\":{\"@id\":\"https:\\\/\\\/www.softub.ch\\\/fr\\\/#\\\/schema\\\/logo\\\/image\\\/\"},\"sameAs\":[\"https:\\\/\\\/www.facebook.com\\\/softubschweiz\",\"https:\\\/\\\/www.instagram.com\\\/softub_schweiz\\\/\",\"https:\\\/\\\/ch.pinterest.com\\\/softub_schweiz\\\/\",\"https:\\\/\\\/www.linkedin.com\\\/company\\\/softub-schweiz-ag\\\/\"]}]}<\/script>\n<!-- \/ Yoast SEO Premium plugin. -->","yoast_head_json":{"title":"biohort SICHTSCHUTZ Steher - Softub Schweiz","robots":{"index":"index","follow":"follow","max-snippet":"max-snippet:-1","max-image-preview":"max-image-preview:large","max-video-preview":"max-video-preview:-1"},"canonical":"https:\/\/www.softub.ch\/en\/product\/biohort-sichtschutz-steher\/","og_locale":"en_US","og_type":"article","og_title":"biohort SICHTSCHUTZ Steher","og_url":"https:\/\/www.softub.ch\/en\/product\/biohort-sichtschutz-steher\/","og_site_name":"Softub Schweiz","article_publisher":"https:\/\/www.facebook.com\/softubschweiz","article_modified_time":"2024-10-10T09:24:15+00:00","og_image":[{"width":250,"height":250,"url":"https:\/\/www.softub.ch\/wp-content\/uploads\/Biohort_Sichtschutz_Steher_Duebeln_Softub_Schweiz_01.jpg","type":"image\/jpeg"}],"twitter_card":"summary_large_image","twitter_misc":{"Est. reading time":"6 minutes"},"schema":{"@context":"https:\/\/schema.org","@graph":[{"@type":"WebPage","@id":"https:\/\/www.softub.ch\/en\/product\/biohort-sichtschutz-steher\/","url":"https:\/\/www.softub.ch\/en\/product\/biohort-sichtschutz-steher\/","name":"biohort SICHTSCHUTZ Steher - Softub Schweiz","isPartOf":{"@id":"https:\/\/www.softub.ch\/fr\/#website"},"primaryImageOfPage":{"@id":"https:\/\/www.softub.ch\/en\/product\/biohort-sichtschutz-steher\/#primaryimage"},"image":{"@id":"https:\/\/www.softub.ch\/en\/product\/biohort-sichtschutz-steher\/#primaryimage"},"thumbnailUrl":"https:\/\/www.softub.ch\/wp-content\/uploads\/Biohort_Sichtschutz_Steher_Duebeln_Softub_Schweiz_01.jpg","datePublished":"2024-08-07T11:19:06+00:00","dateModified":"2024-10-10T09:24:15+00:00","breadcrumb":{"@id":"https:\/\/www.softub.ch\/en\/product\/biohort-sichtschutz-steher\/#breadcrumb"},"inLanguage":"en-US","potentialAction":[{"@type":"ReadAction","target":["https:\/\/www.softub.ch\/en\/product\/biohort-sichtschutz-steher\/"]}]},{"@type":"ImageObject","inLanguage":"en-US","@id":"https:\/\/www.softub.ch\/en\/product\/biohort-sichtschutz-steher\/#primaryimage","url":"https:\/\/www.softub.ch\/wp-content\/uploads\/Biohort_Sichtschutz_Steher_Duebeln_Softub_Schweiz_01.jpg","contentUrl":"https:\/\/www.softub.ch\/wp-content\/uploads\/Biohort_Sichtschutz_Steher_Duebeln_Softub_Schweiz_01.jpg","width":250,"height":250,"caption":"Ein grauer Steher im Boden mit vier Schrauben befestigt"},{"@type":"BreadcrumbList","@id":"https:\/\/www.softub.ch\/en\/product\/biohort-sichtschutz-steher\/#breadcrumb","itemListElement":[{"@type":"ListItem","position":1,"name":"Startseite","item":"https:\/\/www.softub.ch\/en\/"},{"@type":"ListItem","position":2,"name":"Shop","item":"https:\/\/www.softub.ch\/en\/shop-2\/"},{"@type":"ListItem","position":3,"name":"biohort SICHTSCHUTZ Steher"}]},{"@type":"WebSite","@id":"https:\/\/www.softub.ch\/fr\/#website","url":"https:\/\/www.softub.ch\/fr\/","name":"Softub Schweiz","description":"Softub - Wir machen Ferien Zuhause","publisher":{"@id":"https:\/\/www.softub.ch\/fr\/#organization"},"potentialAction":[{"@type":"SearchAction","target":{"@type":"EntryPoint","urlTemplate":"https:\/\/www.softub.ch\/fr\/?s={search_term_string}"},"query-input":{"@type":"PropertyValueSpecification","valueRequired":true,"valueName":"search_term_string"}}],"inLanguage":"en-US"},{"@type":"Organization","@id":"https:\/\/www.softub.ch\/fr\/#organization","name":"Softub Schweiz AG","url":"https:\/\/www.softub.ch\/fr\/","logo":{"@type":"ImageObject","inLanguage":"en-US","@id":"https:\/\/www.softub.ch\/fr\/#\/schema\/logo\/image\/","url":"https:\/\/www.softub.ch\/wp-content\/uploads\/Softub-Logo-Softub-Schweiz-.png","contentUrl":"https:\/\/www.softub.ch\/wp-content\/uploads\/Softub-Logo-Softub-Schweiz-.png","width":200,"height":73,"caption":"Softub Schweiz AG"},"image":{"@id":"https:\/\/www.softub.ch\/fr\/#\/schema\/logo\/image\/"},"sameAs":["https:\/\/www.facebook.com\/softubschweiz","https:\/\/www.instagram.com\/softub_schweiz\/","https:\/\/ch.pinterest.com\/softub_schweiz\/","https:\/\/www.linkedin.com\/company\/softub-schweiz-ag\/"]}]}},"_links":{"self":[{"href":"https:\/\/www.softub.ch\/en\/wp-json\/wp\/v2\/product\/63659","targetHints":{"allow":["GET"]}}],"collection":[{"href":"https:\/\/www.softub.ch\/en\/wp-json\/wp\/v2\/product"}],"about":[{"href":"https:\/\/www.softub.ch\/en\/wp-json\/wp\/v2\/types\/product"}],"wp:featuredmedia":[{"embeddable":true,"href":"https:\/\/www.softub.ch\/en\/wp-json\/wp\/v2\/media\/60635"}],"wp:attachment":[{"href":"https:\/\/www.softub.ch\/en\/wp-json\/wp\/v2\/media?parent=63659"}],"wp:term":[{"taxonomy":"product_brand","embeddable":true,"href":"https:\/\/www.softub.ch\/en\/wp-json\/wp\/v2\/product_brand?post=63659"},{"taxonomy":"product_cat","embeddable":true,"href":"https:\/\/www.softub.ch\/en\/wp-json\/wp\/v2\/product_cat?post=63659"},{"taxonomy":"product_tag","embeddable":true,"href":"https:\/\/www.softub.ch\/en\/wp-json\/wp\/v2\/product_tag?post=63659"},{"taxonomy":"woo-feed-brand","embeddable":true,"href":"https:\/\/www.softub.ch\/en\/wp-json\/wp\/v2\/woo-feed-brand?post=63659"}],"curies":[{"name":"wp","href":"https:\/\/api.w.org\/{rel}","templated":true}]}}