{"id":63705,"date":"2024-08-20T14:15:49","date_gmt":"2024-08-20T12:15:49","guid":{"rendered":"https:\/\/www.softub.ch\/product\/biohort-ausblaser-und-reinigungsburste\/"},"modified":"2024-10-10T11:26:53","modified_gmt":"2024-10-10T09:26:53","slug":"biohort-ausblaser-und-reinigungsburste","status":"publish","type":"product","link":"https:\/\/www.softub.ch\/en\/product\/biohort-ausblaser-und-reinigungsburste\/","title":{"rendered":"biohort Ausbl\u00e4ser und Reinigungsb\u00fcrste"},"content":{"rendered":"<div class=\"fusion-fullwidth fullwidth-box fusion-builder-row-1 fusion-flex-container has-pattern-background has-mask-background nonhundred-percent-fullwidth non-hundred-percent-height-scrolling\" style=\"--awb-border-radius-top-left:0px;--awb-border-radius-top-right:0px;--awb-border-radius-bottom-right:0px;--awb-border-radius-bottom-left:0px;--awb-flex-wrap:wrap;\" ><div class=\"fusion-builder-row fusion-row fusion-flex-align-items-flex-start fusion-flex-content-wrap\" style=\"max-width:1248px;margin-left: calc(-4% \/ 2 );margin-right: calc(-4% \/ 2 );\"><div class=\"fusion-layout-column fusion_builder_column fusion-builder-column-0 fusion_builder_column_1_1 1_1 fusion-flex-column\" style=\"--awb-bg-size:cover;--awb-width-large:100%;--awb-margin-top-large:0px;--awb-spacing-right-large:1.92%;--awb-margin-bottom-large:20px;--awb-spacing-left-large:1.92%;--awb-width-medium:100%;--awb-order-medium:0;--awb-spacing-right-medium:1.92%;--awb-spacing-left-medium:1.92%;--awb-width-small:100%;--awb-order-small:0;--awb-spacing-right-small:1.92%;--awb-spacing-left-small:1.92%;\"><div class=\"fusion-column-wrapper fusion-column-has-shadow fusion-flex-justify-content-flex-start fusion-content-layout-column\"><div class=\"fusion-text fusion-text-1\"><h1>biohort Ausbl\u00e4ser und Reinigungsb\u00fcrste<\/h1>\n<p>Biohort Ausbl\u00e4ser und Reinigungsb\u00fcrste. Der Ausbl\u00e4ser und die Reinigungsb\u00fcrste werden zur sicheren und einfachen Reinigung vom Bohrloch eingesetzt.<\/p>\n<h3>Produktvorteile<\/h3>\n<ul>\n<li>Manueller Ausbl\u00e4ser zur leichten Reinigung von Bohrl\u00f6chern<\/li>\n<li>Der Ausbl\u00e4ser erzeugt einen hohen Druck und bl\u00e4st das Bohrmehl zuverl\u00e4ssig aus dem Bohrloch.<\/li>\n<li>Die Bohrlochabdeckung verhindert zuverl\u00e4ssig, dass der Anwender kein Bohrmehl in die Augen bekommt.<\/li>\n<li>Kompakte und platzsparende Bauform inkl. Halterung f\u00fcr das Rohr<\/li>\n<li>Borsten der B\u00fcrste aus rostfreiem Stahl<\/li>\n<li>Die B\u00fcrste kann maschinell (Akkuschrauber\/Kombihammer) oder manuell (mit Hilfe des beigef\u00fcgten Handgriffs) verwendet werden.<\/li>\n<\/ul>\n<h3 class=\"\" data-fontsize=\"18\" data-lineheight=\"27px\">Weiteres Zubeh\u00f6r f\u00fcr Ihr Zuhause:<\/h3>\n<div id=\"colors-and-sizes\" class=\"tab-holder\">\n<div class=\"tab-wrapper\">\n<div class=\"tab-content colors-and-sizes\">\n<div class=\"api-content\">\n<div id=\"c8205\" class=\"ecx-cframe ecx-layout0 ecx-imagepos-17 \">\n<div class=\"ecx-ctype ecx-ctype-textmedia\">\n<div class=\"ce-textpic ce-right ce-intext\">\n<div class=\"ce-bodytext\">\n<p>Wir haben ein reichhaltiges Zubeh\u00f6rsortiment f\u00fcr Sie zusammengestellt, so dass Sie sich die passenden Produkte in Ruhe in unserem Onlineshop ausw\u00e4hlen k\u00f6nnen. Wenn Sie sich dar\u00fcber hinaus Ihre ganz pers\u00f6nliche Wellness-Oase schaffen wollen, so schauen Sie sich doch einfach unsere Softub\u00a0<a href=\"https:\/\/softub.ch\/simply-relaxing\/softub-whirlpools\/\">Whirlpools<\/a>\u00a0oder Weka Saunen an \u2013 eventuell auch in Kombination mit einem\u00a0<a href=\"https:\/\/meinschattenspender.ch\/\">Unosider-<\/a><a href=\"https:\/\/meinschattenspender.ch\/\">Pavillon<\/a>.<\/p>\n<p>Wir beraten Sie gerne, telefonisch, in einem unserer Showrooms oder bei Ihnen Zuhause.<\/p>\n<\/div>\n<\/div>\n<\/div>\n<\/div>\n<\/div>\n<\/div>\n<\/div>\n<\/div>\n<\/div><\/div><\/div><\/div><\/div>\n","protected":false},"excerpt":{"rendered":"","protected":false},"featured_media":61057,"template":"","meta":{"_acf_changed":false},"product_brand":[],"product_cat":[5277],"product_tag":[2975,5493,679,1334],"woo-feed-brand":[],"class_list":{"0":"post-63705","1":"product","2":"type-product","3":"status-publish","4":"has-post-thumbnail","6":"product_cat-biohort-accessoires-replacement-parts","7":"product_tag-biohort-en","8":"product_tag-biohort-switzerland","9":"product_tag-softub-en","10":"product_tag-softub-switzerland","11":"product_shipping_class-biohort-kostenlose-lieferung","13":"first","14":"instock","15":"sale","16":"taxable","17":"shipping-taxable","18":"purchasable","19":"product-type-simple"},"acf":[],"yoast_head":"<!-- This site is optimized with the Yoast SEO Premium plugin v27.4 (Yoast SEO v27.4) - https:\/\/yoast.com\/product\/yoast-seo-premium-wordpress\/ -->\n<title>biohort Ausbl\u00e4ser und Reinigungsb\u00fcrste - Softub Schweiz<\/title>\n<meta name=\"robots\" content=\"index, follow, max-snippet:-1, max-image-preview:large, max-video-preview:-1\" \/>\n<link rel=\"canonical\" href=\"https:\/\/www.softub.ch\/en\/product\/biohort-ausblaser-und-reinigungsburste\/\" \/>\n<meta property=\"og:locale\" content=\"en_US\" \/>\n<meta property=\"og:type\" content=\"article\" \/>\n<meta property=\"og:title\" content=\"biohort Ausbl\u00e4ser und Reinigungsb\u00fcrste\" \/>\n<meta property=\"og:url\" content=\"https:\/\/www.softub.ch\/en\/product\/biohort-ausblaser-und-reinigungsburste\/\" \/>\n<meta property=\"og:site_name\" content=\"Softub Schweiz\" \/>\n<meta property=\"article:publisher\" content=\"https:\/\/www.facebook.com\/softubschweiz\" \/>\n<meta property=\"article:modified_time\" content=\"2024-10-10T09:26:53+00:00\" \/>\n<meta property=\"og:image\" content=\"https:\/\/www.softub.ch\/wp-content\/uploads\/biohort_Ausblaspumpe_Reinigungsbuerste_Sichtschutz_Softub_Schweiz.jpg\" \/>\n\t<meta property=\"og:image:width\" content=\"650\" \/>\n\t<meta property=\"og:image:height\" content=\"650\" \/>\n\t<meta property=\"og:image:type\" content=\"image\/jpeg\" \/>\n<meta name=\"twitter:card\" content=\"summary_large_image\" \/>\n<meta name=\"twitter:label1\" content=\"Est. reading time\" \/>\n\t<meta name=\"twitter:data1\" content=\"6 minutes\" \/>\n<script type=\"application\/ld+json\" class=\"yoast-schema-graph\">{\"@context\":\"https:\\\/\\\/schema.org\",\"@graph\":[{\"@type\":\"WebPage\",\"@id\":\"https:\\\/\\\/www.softub.ch\\\/en\\\/product\\\/biohort-ausblaser-und-reinigungsburste\\\/\",\"url\":\"https:\\\/\\\/www.softub.ch\\\/en\\\/product\\\/biohort-ausblaser-und-reinigungsburste\\\/\",\"name\":\"biohort Ausbl\u00e4ser und Reinigungsb\u00fcrste - Softub Schweiz\",\"isPartOf\":{\"@id\":\"https:\\\/\\\/www.softub.ch\\\/fr\\\/#website\"},\"primaryImageOfPage\":{\"@id\":\"https:\\\/\\\/www.softub.ch\\\/en\\\/product\\\/biohort-ausblaser-und-reinigungsburste\\\/#primaryimage\"},\"image\":{\"@id\":\"https:\\\/\\\/www.softub.ch\\\/en\\\/product\\\/biohort-ausblaser-und-reinigungsburste\\\/#primaryimage\"},\"thumbnailUrl\":\"https:\\\/\\\/www.softub.ch\\\/wp-content\\\/uploads\\\/biohort_Ausblaspumpe_Reinigungsbuerste_Sichtschutz_Softub_Schweiz.jpg\",\"datePublished\":\"2024-08-20T12:15:49+00:00\",\"dateModified\":\"2024-10-10T09:26:53+00:00\",\"breadcrumb\":{\"@id\":\"https:\\\/\\\/www.softub.ch\\\/en\\\/product\\\/biohort-ausblaser-und-reinigungsburste\\\/#breadcrumb\"},\"inLanguage\":\"en-US\",\"potentialAction\":[{\"@type\":\"ReadAction\",\"target\":[\"https:\\\/\\\/www.softub.ch\\\/en\\\/product\\\/biohort-ausblaser-und-reinigungsburste\\\/\"]}]},{\"@type\":\"ImageObject\",\"inLanguage\":\"en-US\",\"@id\":\"https:\\\/\\\/www.softub.ch\\\/en\\\/product\\\/biohort-ausblaser-und-reinigungsburste\\\/#primaryimage\",\"url\":\"https:\\\/\\\/www.softub.ch\\\/wp-content\\\/uploads\\\/biohort_Ausblaspumpe_Reinigungsbuerste_Sichtschutz_Softub_Schweiz.jpg\",\"contentUrl\":\"https:\\\/\\\/www.softub.ch\\\/wp-content\\\/uploads\\\/biohort_Ausblaspumpe_Reinigungsbuerste_Sichtschutz_Softub_Schweiz.jpg\",\"width\":650,\"height\":650,\"caption\":\"Reinigungsb\u00fcrste und silberner Ausbl\u00e4ser auf weissem Hintergrund.\"},{\"@type\":\"BreadcrumbList\",\"@id\":\"https:\\\/\\\/www.softub.ch\\\/en\\\/product\\\/biohort-ausblaser-und-reinigungsburste\\\/#breadcrumb\",\"itemListElement\":[{\"@type\":\"ListItem\",\"position\":1,\"name\":\"Startseite\",\"item\":\"https:\\\/\\\/www.softub.ch\\\/en\\\/\"},{\"@type\":\"ListItem\",\"position\":2,\"name\":\"Shop\",\"item\":\"https:\\\/\\\/www.softub.ch\\\/en\\\/shop-2\\\/\"},{\"@type\":\"ListItem\",\"position\":3,\"name\":\"biohort Ausbl\u00e4ser und Reinigungsb\u00fcrste\"}]},{\"@type\":\"WebSite\",\"@id\":\"https:\\\/\\\/www.softub.ch\\\/fr\\\/#website\",\"url\":\"https:\\\/\\\/www.softub.ch\\\/fr\\\/\",\"name\":\"Softub Schweiz\",\"description\":\"Softub - Wir machen Ferien Zuhause\",\"publisher\":{\"@id\":\"https:\\\/\\\/www.softub.ch\\\/fr\\\/#organization\"},\"potentialAction\":[{\"@type\":\"SearchAction\",\"target\":{\"@type\":\"EntryPoint\",\"urlTemplate\":\"https:\\\/\\\/www.softub.ch\\\/fr\\\/?s={search_term_string}\"},\"query-input\":{\"@type\":\"PropertyValueSpecification\",\"valueRequired\":true,\"valueName\":\"search_term_string\"}}],\"inLanguage\":\"en-US\"},{\"@type\":\"Organization\",\"@id\":\"https:\\\/\\\/www.softub.ch\\\/fr\\\/#organization\",\"name\":\"Softub Schweiz AG\",\"url\":\"https:\\\/\\\/www.softub.ch\\\/fr\\\/\",\"logo\":{\"@type\":\"ImageObject\",\"inLanguage\":\"en-US\",\"@id\":\"https:\\\/\\\/www.softub.ch\\\/fr\\\/#\\\/schema\\\/logo\\\/image\\\/\",\"url\":\"https:\\\/\\\/www.softub.ch\\\/wp-content\\\/uploads\\\/Softub-Logo-Softub-Schweiz-.png\",\"contentUrl\":\"https:\\\/\\\/www.softub.ch\\\/wp-content\\\/uploads\\\/Softub-Logo-Softub-Schweiz-.png\",\"width\":200,\"height\":73,\"caption\":\"Softub Schweiz AG\"},\"image\":{\"@id\":\"https:\\\/\\\/www.softub.ch\\\/fr\\\/#\\\/schema\\\/logo\\\/image\\\/\"},\"sameAs\":[\"https:\\\/\\\/www.facebook.com\\\/softubschweiz\",\"https:\\\/\\\/www.instagram.com\\\/softub_schweiz\\\/\",\"https:\\\/\\\/ch.pinterest.com\\\/softub_schweiz\\\/\",\"https:\\\/\\\/www.linkedin.com\\\/company\\\/softub-schweiz-ag\\\/\"]}]}<\/script>\n<!-- \/ Yoast SEO Premium plugin. -->","yoast_head_json":{"title":"biohort Ausbl\u00e4ser und Reinigungsb\u00fcrste - Softub Schweiz","robots":{"index":"index","follow":"follow","max-snippet":"max-snippet:-1","max-image-preview":"max-image-preview:large","max-video-preview":"max-video-preview:-1"},"canonical":"https:\/\/www.softub.ch\/en\/product\/biohort-ausblaser-und-reinigungsburste\/","og_locale":"en_US","og_type":"article","og_title":"biohort Ausbl\u00e4ser und Reinigungsb\u00fcrste","og_url":"https:\/\/www.softub.ch\/en\/product\/biohort-ausblaser-und-reinigungsburste\/","og_site_name":"Softub Schweiz","article_publisher":"https:\/\/www.facebook.com\/softubschweiz","article_modified_time":"2024-10-10T09:26:53+00:00","og_image":[{"width":650,"height":650,"url":"https:\/\/www.softub.ch\/wp-content\/uploads\/biohort_Ausblaspumpe_Reinigungsbuerste_Sichtschutz_Softub_Schweiz.jpg","type":"image\/jpeg"}],"twitter_card":"summary_large_image","twitter_misc":{"Est. reading time":"6 minutes"},"schema":{"@context":"https:\/\/schema.org","@graph":[{"@type":"WebPage","@id":"https:\/\/www.softub.ch\/en\/product\/biohort-ausblaser-und-reinigungsburste\/","url":"https:\/\/www.softub.ch\/en\/product\/biohort-ausblaser-und-reinigungsburste\/","name":"biohort Ausbl\u00e4ser und Reinigungsb\u00fcrste - Softub Schweiz","isPartOf":{"@id":"https:\/\/www.softub.ch\/fr\/#website"},"primaryImageOfPage":{"@id":"https:\/\/www.softub.ch\/en\/product\/biohort-ausblaser-und-reinigungsburste\/#primaryimage"},"image":{"@id":"https:\/\/www.softub.ch\/en\/product\/biohort-ausblaser-und-reinigungsburste\/#primaryimage"},"thumbnailUrl":"https:\/\/www.softub.ch\/wp-content\/uploads\/biohort_Ausblaspumpe_Reinigungsbuerste_Sichtschutz_Softub_Schweiz.jpg","datePublished":"2024-08-20T12:15:49+00:00","dateModified":"2024-10-10T09:26:53+00:00","breadcrumb":{"@id":"https:\/\/www.softub.ch\/en\/product\/biohort-ausblaser-und-reinigungsburste\/#breadcrumb"},"inLanguage":"en-US","potentialAction":[{"@type":"ReadAction","target":["https:\/\/www.softub.ch\/en\/product\/biohort-ausblaser-und-reinigungsburste\/"]}]},{"@type":"ImageObject","inLanguage":"en-US","@id":"https:\/\/www.softub.ch\/en\/product\/biohort-ausblaser-und-reinigungsburste\/#primaryimage","url":"https:\/\/www.softub.ch\/wp-content\/uploads\/biohort_Ausblaspumpe_Reinigungsbuerste_Sichtschutz_Softub_Schweiz.jpg","contentUrl":"https:\/\/www.softub.ch\/wp-content\/uploads\/biohort_Ausblaspumpe_Reinigungsbuerste_Sichtschutz_Softub_Schweiz.jpg","width":650,"height":650,"caption":"Reinigungsb\u00fcrste und silberner Ausbl\u00e4ser auf weissem Hintergrund."},{"@type":"BreadcrumbList","@id":"https:\/\/www.softub.ch\/en\/product\/biohort-ausblaser-und-reinigungsburste\/#breadcrumb","itemListElement":[{"@type":"ListItem","position":1,"name":"Startseite","item":"https:\/\/www.softub.ch\/en\/"},{"@type":"ListItem","position":2,"name":"Shop","item":"https:\/\/www.softub.ch\/en\/shop-2\/"},{"@type":"ListItem","position":3,"name":"biohort Ausbl\u00e4ser und Reinigungsb\u00fcrste"}]},{"@type":"WebSite","@id":"https:\/\/www.softub.ch\/fr\/#website","url":"https:\/\/www.softub.ch\/fr\/","name":"Softub Schweiz","description":"Softub - Wir machen Ferien Zuhause","publisher":{"@id":"https:\/\/www.softub.ch\/fr\/#organization"},"potentialAction":[{"@type":"SearchAction","target":{"@type":"EntryPoint","urlTemplate":"https:\/\/www.softub.ch\/fr\/?s={search_term_string}"},"query-input":{"@type":"PropertyValueSpecification","valueRequired":true,"valueName":"search_term_string"}}],"inLanguage":"en-US"},{"@type":"Organization","@id":"https:\/\/www.softub.ch\/fr\/#organization","name":"Softub Schweiz AG","url":"https:\/\/www.softub.ch\/fr\/","logo":{"@type":"ImageObject","inLanguage":"en-US","@id":"https:\/\/www.softub.ch\/fr\/#\/schema\/logo\/image\/","url":"https:\/\/www.softub.ch\/wp-content\/uploads\/Softub-Logo-Softub-Schweiz-.png","contentUrl":"https:\/\/www.softub.ch\/wp-content\/uploads\/Softub-Logo-Softub-Schweiz-.png","width":200,"height":73,"caption":"Softub Schweiz AG"},"image":{"@id":"https:\/\/www.softub.ch\/fr\/#\/schema\/logo\/image\/"},"sameAs":["https:\/\/www.facebook.com\/softubschweiz","https:\/\/www.instagram.com\/softub_schweiz\/","https:\/\/ch.pinterest.com\/softub_schweiz\/","https:\/\/www.linkedin.com\/company\/softub-schweiz-ag\/"]}]}},"_links":{"self":[{"href":"https:\/\/www.softub.ch\/en\/wp-json\/wp\/v2\/product\/63705","targetHints":{"allow":["GET"]}}],"collection":[{"href":"https:\/\/www.softub.ch\/en\/wp-json\/wp\/v2\/product"}],"about":[{"href":"https:\/\/www.softub.ch\/en\/wp-json\/wp\/v2\/types\/product"}],"wp:featuredmedia":[{"embeddable":true,"href":"https:\/\/www.softub.ch\/en\/wp-json\/wp\/v2\/media\/61057"}],"wp:attachment":[{"href":"https:\/\/www.softub.ch\/en\/wp-json\/wp\/v2\/media?parent=63705"}],"wp:term":[{"taxonomy":"product_brand","embeddable":true,"href":"https:\/\/www.softub.ch\/en\/wp-json\/wp\/v2\/product_brand?post=63705"},{"taxonomy":"product_cat","embeddable":true,"href":"https:\/\/www.softub.ch\/en\/wp-json\/wp\/v2\/product_cat?post=63705"},{"taxonomy":"product_tag","embeddable":true,"href":"https:\/\/www.softub.ch\/en\/wp-json\/wp\/v2\/product_tag?post=63705"},{"taxonomy":"woo-feed-brand","embeddable":true,"href":"https:\/\/www.softub.ch\/en\/wp-json\/wp\/v2\/woo-feed-brand?post=63705"}],"curies":[{"name":"wp","href":"https:\/\/api.w.org\/{rel}","templated":true}]}}