{"id":63850,"date":"2024-08-27T11:41:13","date_gmt":"2024-08-27T09:41:13","guid":{"rendered":"https:\/\/www.softub.ch\/product\/biohort-eckprofil-abschluss-rankgitter-sichtschutz-fur-das-pflanzbeet-davinci\/"},"modified":"2024-10-10T11:35:16","modified_gmt":"2024-10-10T09:35:16","slug":"biohort-eckprofil-abschluss-rankgitter-sichtschutz-fur-das-pflanzbeet-davinci","status":"publish","type":"product","link":"https:\/\/www.softub.ch\/en\/product\/biohort-eckprofil-abschluss-rankgitter-sichtschutz-fur-das-pflanzbeet-davinci\/","title":{"rendered":"biohort Eckprofil Abschluss Rankgitter\/Sichtschutz f\u00fcr das Pflanzbeet DaVinci"},"content":{"rendered":"<div class=\"fusion-fullwidth fullwidth-box fusion-builder-row-1 fusion-flex-container has-pattern-background has-mask-background nonhundred-percent-fullwidth non-hundred-percent-height-scrolling\" style=\"--awb-border-radius-top-left:0px;--awb-border-radius-top-right:0px;--awb-border-radius-bottom-right:0px;--awb-border-radius-bottom-left:0px;--awb-flex-wrap:wrap;\" ><div class=\"fusion-builder-row fusion-row fusion-flex-align-items-flex-start fusion-flex-content-wrap\" style=\"max-width:1248px;margin-left: calc(-4% \/ 2 );margin-right: calc(-4% \/ 2 );\"><div class=\"fusion-layout-column fusion_builder_column fusion-builder-column-0 fusion_builder_column_1_1 1_1 fusion-flex-column\" style=\"--awb-bg-size:cover;--awb-width-large:100%;--awb-margin-top-large:0px;--awb-spacing-right-large:1.92%;--awb-margin-bottom-large:20px;--awb-spacing-left-large:1.92%;--awb-width-medium:100%;--awb-order-medium:0;--awb-spacing-right-medium:1.92%;--awb-spacing-left-medium:1.92%;--awb-width-small:100%;--awb-order-small:0;--awb-spacing-right-small:1.92%;--awb-spacing-left-small:1.92%;\"><div class=\"fusion-column-wrapper fusion-column-has-shadow fusion-flex-justify-content-flex-start fusion-content-layout-column\"><div class=\"fusion-text fusion-text-1\"><h1>biohort Eckprofil Abschluss<\/h1>\n<p>Das biohort Eckprofil Abschluss f\u00fcr <a href=\"https:\/\/www.softub.ch\/produkt\/biohort-rankgitter-davinci\/\" target=\"_blank\" rel=\"noopener\">Rankgitter<\/a> und <a href=\"https:\/\/www.softub.ch\/produkt\/biohort-sichtschutz-davinci\/\" target=\"_blank\" rel=\"noopener\">Sichtschutz<\/a> im DaVinci-System dient als Abschlusselement und verleiht zus\u00e4tzliche Stabilit\u00e4t. Das Profil sorgt f\u00fcr einen sauberen und optisch ansprechenden Abschluss der vertikalen Elemente im DaVinci-System. Die modulare Erweiterung erm\u00f6glicht die flexible Integration von Rankgittern oder Sichtschutzelementen in das bestehende Pflanzkasten-System. Gleichzeitig unterst\u00fctzt der Abschluss die Schaffung von Privatsph\u00e4re oder die Anbringung von Kletterpflanzen im Garten.<\/p>\n<h3>Produktvorteile<\/h3>\n<ul>\n<li>Material: Aluminium<\/li>\n<li>Farben: silber-metallic, quarzgrau-metallic, dunkelgrau-metallic<\/li>\n<li>Kompatibilit\u00e4t: speziell f\u00fcr das DaVinci Pflanzkasten-System von Biohort entwickelt<\/li>\n<\/ul>\n<h3 class=\"fusion-responsive-typography-calculated\" data-fontsize=\"18\" data-lineheight=\"27px\"><strong>Zubeh\u00f6r f\u00fcr Ihr Zuhause<\/strong><\/h3>\n<p>Wir haben ein reichhaltiges Zubeh\u00f6rsortiment f\u00fcr Sie zusammengestellt, so dass Sie sich die passenden Produkte in Ruhe in unserem Onlineshop ausw\u00e4hlen k\u00f6nnen. Wenn Sie sich dar\u00fcber hinaus Ihre ganz pers\u00f6nliche Wellness-Oase schaffen wollen, so schauen Sie sich doch einfach unsere Softub\u00a0<a href=\"https:\/\/softub.ch\/shop\/softub-whirlpools\/\">Whirlpools<\/a>\u00a0oder\u00a0<a href=\"https:\/\/softub.ch\/shop\/saunen-zubehoer\/\">Weka Saunen<\/a>\u00a0an \u2013 eventuell auch in Kombination mit einem\u00a0<a href=\"https:\/\/softub.ch\/shop\/unosider-bedachungen\/\">Unosider-<\/a><a href=\"https:\/\/meinschattenspender.ch\/\">Pavillon<\/a>.<\/p>\n<p>Wir beraten Sie gerne, telefonisch, in einem unserer Showrooms oder bei Ihnen Zuhause.<\/p>\n<\/div><\/div><\/div><\/div><\/div>\n","protected":false},"excerpt":{"rendered":"","protected":false},"featured_media":61482,"template":"","meta":{"_acf_changed":false},"product_brand":[],"product_cat":[5277],"product_tag":[4598,2988,5488,2987,3139,679,1334],"woo-feed-brand":[],"class_list":{"0":"post-63850","1":"product","2":"type-product","3":"status-publish","4":"has-post-thumbnail","6":"product_cat-biohort-accessoires-replacement-parts","7":"product_tag-biohort-garden-accessories","8":"product_tag-flower-bed","9":"product_tag-modern-garden-accessories","10":"product_tag-raised-vegetable-beds","11":"product_tag-sight-protection-for-garden","12":"product_tag-softub-en","13":"product_tag-softub-switzerland","14":"product_shipping_class-biohort-kostenlose-lieferung","16":"first","17":"instock","18":"sale","19":"taxable","20":"shipping-taxable","21":"purchasable","22":"product-type-variable"},"acf":[],"yoast_head":"<!-- This site is optimized with the Yoast SEO Premium plugin v27.4 (Yoast SEO v27.4) - https:\/\/yoast.com\/product\/yoast-seo-premium-wordpress\/ -->\n<title>biohort Eckprofil Abschluss Rankgitter\/Sichtschutz f\u00fcr das Pflanzbeet DaVinci - Softub Schweiz<\/title>\n<meta name=\"robots\" content=\"index, follow, max-snippet:-1, max-image-preview:large, max-video-preview:-1\" \/>\n<link rel=\"canonical\" href=\"https:\/\/www.softub.ch\/en\/product\/biohort-eckprofil-abschluss-rankgitter-sichtschutz-fur-das-pflanzbeet-davinci\/\" \/>\n<meta property=\"og:locale\" content=\"en_US\" \/>\n<meta property=\"og:type\" content=\"article\" \/>\n<meta property=\"og:title\" content=\"biohort Eckprofil Abschluss Rankgitter\/Sichtschutz f\u00fcr das Pflanzbeet DaVinci\" \/>\n<meta property=\"og:url\" content=\"https:\/\/www.softub.ch\/en\/product\/biohort-eckprofil-abschluss-rankgitter-sichtschutz-fur-das-pflanzbeet-davinci\/\" \/>\n<meta property=\"og:site_name\" content=\"Softub Schweiz\" \/>\n<meta property=\"article:publisher\" content=\"https:\/\/www.facebook.com\/softubschweiz\" \/>\n<meta property=\"article:modified_time\" content=\"2024-10-10T09:35:16+00:00\" \/>\n<meta property=\"og:image\" content=\"https:\/\/www.softub.ch\/wp-content\/uploads\/biohort_Alu-Eckprofil_Abschluss_Rankgitter_Sichtschutz_silber_Softub_Schweiz-scaled.jpg\" \/>\n\t<meta property=\"og:image:width\" content=\"2560\" \/>\n\t<meta property=\"og:image:height\" content=\"1712\" \/>\n\t<meta property=\"og:image:type\" content=\"image\/jpeg\" \/>\n<meta name=\"twitter:card\" content=\"summary_large_image\" \/>\n<meta name=\"twitter:label1\" content=\"Est. reading time\" \/>\n\t<meta name=\"twitter:data1\" content=\"6 minutes\" \/>\n<script type=\"application\/ld+json\" class=\"yoast-schema-graph\">{\"@context\":\"https:\\\/\\\/schema.org\",\"@graph\":[{\"@type\":\"WebPage\",\"@id\":\"https:\\\/\\\/www.softub.ch\\\/en\\\/product\\\/biohort-eckprofil-abschluss-rankgitter-sichtschutz-fur-das-pflanzbeet-davinci\\\/\",\"url\":\"https:\\\/\\\/www.softub.ch\\\/en\\\/product\\\/biohort-eckprofil-abschluss-rankgitter-sichtschutz-fur-das-pflanzbeet-davinci\\\/\",\"name\":\"biohort Eckprofil Abschluss Rankgitter\\\/Sichtschutz f\u00fcr das Pflanzbeet DaVinci - Softub Schweiz\",\"isPartOf\":{\"@id\":\"https:\\\/\\\/www.softub.ch\\\/fr\\\/#website\"},\"primaryImageOfPage\":{\"@id\":\"https:\\\/\\\/www.softub.ch\\\/en\\\/product\\\/biohort-eckprofil-abschluss-rankgitter-sichtschutz-fur-das-pflanzbeet-davinci\\\/#primaryimage\"},\"image\":{\"@id\":\"https:\\\/\\\/www.softub.ch\\\/en\\\/product\\\/biohort-eckprofil-abschluss-rankgitter-sichtschutz-fur-das-pflanzbeet-davinci\\\/#primaryimage\"},\"thumbnailUrl\":\"https:\\\/\\\/www.softub.ch\\\/wp-content\\\/uploads\\\/biohort_Alu-Eckprofil_Abschluss_Rankgitter_Sichtschutz_silber_Softub_Schweiz-scaled.jpg\",\"datePublished\":\"2024-08-27T09:41:13+00:00\",\"dateModified\":\"2024-10-10T09:35:16+00:00\",\"breadcrumb\":{\"@id\":\"https:\\\/\\\/www.softub.ch\\\/en\\\/product\\\/biohort-eckprofil-abschluss-rankgitter-sichtschutz-fur-das-pflanzbeet-davinci\\\/#breadcrumb\"},\"inLanguage\":\"en-US\",\"potentialAction\":[{\"@type\":\"ReadAction\",\"target\":[\"https:\\\/\\\/www.softub.ch\\\/en\\\/product\\\/biohort-eckprofil-abschluss-rankgitter-sichtschutz-fur-das-pflanzbeet-davinci\\\/\"]}]},{\"@type\":\"ImageObject\",\"inLanguage\":\"en-US\",\"@id\":\"https:\\\/\\\/www.softub.ch\\\/en\\\/product\\\/biohort-eckprofil-abschluss-rankgitter-sichtschutz-fur-das-pflanzbeet-davinci\\\/#primaryimage\",\"url\":\"https:\\\/\\\/www.softub.ch\\\/wp-content\\\/uploads\\\/biohort_Alu-Eckprofil_Abschluss_Rankgitter_Sichtschutz_silber_Softub_Schweiz-scaled.jpg\",\"contentUrl\":\"https:\\\/\\\/www.softub.ch\\\/wp-content\\\/uploads\\\/biohort_Alu-Eckprofil_Abschluss_Rankgitter_Sichtschutz_silber_Softub_Schweiz-scaled.jpg\",\"width\":2560,\"height\":1712,\"caption\":\"silberne Metallstange auf weissem Hintergrund.\"},{\"@type\":\"BreadcrumbList\",\"@id\":\"https:\\\/\\\/www.softub.ch\\\/en\\\/product\\\/biohort-eckprofil-abschluss-rankgitter-sichtschutz-fur-das-pflanzbeet-davinci\\\/#breadcrumb\",\"itemListElement\":[{\"@type\":\"ListItem\",\"position\":1,\"name\":\"Startseite\",\"item\":\"https:\\\/\\\/www.softub.ch\\\/en\\\/\"},{\"@type\":\"ListItem\",\"position\":2,\"name\":\"Shop\",\"item\":\"https:\\\/\\\/www.softub.ch\\\/en\\\/shop-2\\\/\"},{\"@type\":\"ListItem\",\"position\":3,\"name\":\"biohort Eckprofil Abschluss Rankgitter\\\/Sichtschutz f\u00fcr das Pflanzbeet DaVinci\"}]},{\"@type\":\"WebSite\",\"@id\":\"https:\\\/\\\/www.softub.ch\\\/fr\\\/#website\",\"url\":\"https:\\\/\\\/www.softub.ch\\\/fr\\\/\",\"name\":\"Softub Schweiz\",\"description\":\"Softub - Wir machen Ferien Zuhause\",\"publisher\":{\"@id\":\"https:\\\/\\\/www.softub.ch\\\/fr\\\/#organization\"},\"potentialAction\":[{\"@type\":\"SearchAction\",\"target\":{\"@type\":\"EntryPoint\",\"urlTemplate\":\"https:\\\/\\\/www.softub.ch\\\/fr\\\/?s={search_term_string}\"},\"query-input\":{\"@type\":\"PropertyValueSpecification\",\"valueRequired\":true,\"valueName\":\"search_term_string\"}}],\"inLanguage\":\"en-US\"},{\"@type\":\"Organization\",\"@id\":\"https:\\\/\\\/www.softub.ch\\\/fr\\\/#organization\",\"name\":\"Softub Schweiz AG\",\"url\":\"https:\\\/\\\/www.softub.ch\\\/fr\\\/\",\"logo\":{\"@type\":\"ImageObject\",\"inLanguage\":\"en-US\",\"@id\":\"https:\\\/\\\/www.softub.ch\\\/fr\\\/#\\\/schema\\\/logo\\\/image\\\/\",\"url\":\"https:\\\/\\\/www.softub.ch\\\/wp-content\\\/uploads\\\/Softub-Logo-Softub-Schweiz-.png\",\"contentUrl\":\"https:\\\/\\\/www.softub.ch\\\/wp-content\\\/uploads\\\/Softub-Logo-Softub-Schweiz-.png\",\"width\":200,\"height\":73,\"caption\":\"Softub Schweiz AG\"},\"image\":{\"@id\":\"https:\\\/\\\/www.softub.ch\\\/fr\\\/#\\\/schema\\\/logo\\\/image\\\/\"},\"sameAs\":[\"https:\\\/\\\/www.facebook.com\\\/softubschweiz\",\"https:\\\/\\\/www.instagram.com\\\/softub_schweiz\\\/\",\"https:\\\/\\\/ch.pinterest.com\\\/softub_schweiz\\\/\",\"https:\\\/\\\/www.linkedin.com\\\/company\\\/softub-schweiz-ag\\\/\"]}]}<\/script>\n<!-- \/ Yoast SEO Premium plugin. -->","yoast_head_json":{"title":"biohort Eckprofil Abschluss Rankgitter\/Sichtschutz f\u00fcr das Pflanzbeet DaVinci - Softub Schweiz","robots":{"index":"index","follow":"follow","max-snippet":"max-snippet:-1","max-image-preview":"max-image-preview:large","max-video-preview":"max-video-preview:-1"},"canonical":"https:\/\/www.softub.ch\/en\/product\/biohort-eckprofil-abschluss-rankgitter-sichtschutz-fur-das-pflanzbeet-davinci\/","og_locale":"en_US","og_type":"article","og_title":"biohort Eckprofil Abschluss Rankgitter\/Sichtschutz f\u00fcr das Pflanzbeet DaVinci","og_url":"https:\/\/www.softub.ch\/en\/product\/biohort-eckprofil-abschluss-rankgitter-sichtschutz-fur-das-pflanzbeet-davinci\/","og_site_name":"Softub Schweiz","article_publisher":"https:\/\/www.facebook.com\/softubschweiz","article_modified_time":"2024-10-10T09:35:16+00:00","og_image":[{"width":2560,"height":1712,"url":"https:\/\/www.softub.ch\/wp-content\/uploads\/biohort_Alu-Eckprofil_Abschluss_Rankgitter_Sichtschutz_silber_Softub_Schweiz-scaled.jpg","type":"image\/jpeg"}],"twitter_card":"summary_large_image","twitter_misc":{"Est. reading time":"6 minutes"},"schema":{"@context":"https:\/\/schema.org","@graph":[{"@type":"WebPage","@id":"https:\/\/www.softub.ch\/en\/product\/biohort-eckprofil-abschluss-rankgitter-sichtschutz-fur-das-pflanzbeet-davinci\/","url":"https:\/\/www.softub.ch\/en\/product\/biohort-eckprofil-abschluss-rankgitter-sichtschutz-fur-das-pflanzbeet-davinci\/","name":"biohort Eckprofil Abschluss Rankgitter\/Sichtschutz f\u00fcr das Pflanzbeet DaVinci - Softub Schweiz","isPartOf":{"@id":"https:\/\/www.softub.ch\/fr\/#website"},"primaryImageOfPage":{"@id":"https:\/\/www.softub.ch\/en\/product\/biohort-eckprofil-abschluss-rankgitter-sichtschutz-fur-das-pflanzbeet-davinci\/#primaryimage"},"image":{"@id":"https:\/\/www.softub.ch\/en\/product\/biohort-eckprofil-abschluss-rankgitter-sichtschutz-fur-das-pflanzbeet-davinci\/#primaryimage"},"thumbnailUrl":"https:\/\/www.softub.ch\/wp-content\/uploads\/biohort_Alu-Eckprofil_Abschluss_Rankgitter_Sichtschutz_silber_Softub_Schweiz-scaled.jpg","datePublished":"2024-08-27T09:41:13+00:00","dateModified":"2024-10-10T09:35:16+00:00","breadcrumb":{"@id":"https:\/\/www.softub.ch\/en\/product\/biohort-eckprofil-abschluss-rankgitter-sichtschutz-fur-das-pflanzbeet-davinci\/#breadcrumb"},"inLanguage":"en-US","potentialAction":[{"@type":"ReadAction","target":["https:\/\/www.softub.ch\/en\/product\/biohort-eckprofil-abschluss-rankgitter-sichtschutz-fur-das-pflanzbeet-davinci\/"]}]},{"@type":"ImageObject","inLanguage":"en-US","@id":"https:\/\/www.softub.ch\/en\/product\/biohort-eckprofil-abschluss-rankgitter-sichtschutz-fur-das-pflanzbeet-davinci\/#primaryimage","url":"https:\/\/www.softub.ch\/wp-content\/uploads\/biohort_Alu-Eckprofil_Abschluss_Rankgitter_Sichtschutz_silber_Softub_Schweiz-scaled.jpg","contentUrl":"https:\/\/www.softub.ch\/wp-content\/uploads\/biohort_Alu-Eckprofil_Abschluss_Rankgitter_Sichtschutz_silber_Softub_Schweiz-scaled.jpg","width":2560,"height":1712,"caption":"silberne Metallstange auf weissem Hintergrund."},{"@type":"BreadcrumbList","@id":"https:\/\/www.softub.ch\/en\/product\/biohort-eckprofil-abschluss-rankgitter-sichtschutz-fur-das-pflanzbeet-davinci\/#breadcrumb","itemListElement":[{"@type":"ListItem","position":1,"name":"Startseite","item":"https:\/\/www.softub.ch\/en\/"},{"@type":"ListItem","position":2,"name":"Shop","item":"https:\/\/www.softub.ch\/en\/shop-2\/"},{"@type":"ListItem","position":3,"name":"biohort Eckprofil Abschluss Rankgitter\/Sichtschutz f\u00fcr das Pflanzbeet DaVinci"}]},{"@type":"WebSite","@id":"https:\/\/www.softub.ch\/fr\/#website","url":"https:\/\/www.softub.ch\/fr\/","name":"Softub Schweiz","description":"Softub - Wir machen Ferien Zuhause","publisher":{"@id":"https:\/\/www.softub.ch\/fr\/#organization"},"potentialAction":[{"@type":"SearchAction","target":{"@type":"EntryPoint","urlTemplate":"https:\/\/www.softub.ch\/fr\/?s={search_term_string}"},"query-input":{"@type":"PropertyValueSpecification","valueRequired":true,"valueName":"search_term_string"}}],"inLanguage":"en-US"},{"@type":"Organization","@id":"https:\/\/www.softub.ch\/fr\/#organization","name":"Softub Schweiz AG","url":"https:\/\/www.softub.ch\/fr\/","logo":{"@type":"ImageObject","inLanguage":"en-US","@id":"https:\/\/www.softub.ch\/fr\/#\/schema\/logo\/image\/","url":"https:\/\/www.softub.ch\/wp-content\/uploads\/Softub-Logo-Softub-Schweiz-.png","contentUrl":"https:\/\/www.softub.ch\/wp-content\/uploads\/Softub-Logo-Softub-Schweiz-.png","width":200,"height":73,"caption":"Softub Schweiz AG"},"image":{"@id":"https:\/\/www.softub.ch\/fr\/#\/schema\/logo\/image\/"},"sameAs":["https:\/\/www.facebook.com\/softubschweiz","https:\/\/www.instagram.com\/softub_schweiz\/","https:\/\/ch.pinterest.com\/softub_schweiz\/","https:\/\/www.linkedin.com\/company\/softub-schweiz-ag\/"]}]}},"_links":{"self":[{"href":"https:\/\/www.softub.ch\/en\/wp-json\/wp\/v2\/product\/63850","targetHints":{"allow":["GET"]}}],"collection":[{"href":"https:\/\/www.softub.ch\/en\/wp-json\/wp\/v2\/product"}],"about":[{"href":"https:\/\/www.softub.ch\/en\/wp-json\/wp\/v2\/types\/product"}],"wp:featuredmedia":[{"embeddable":true,"href":"https:\/\/www.softub.ch\/en\/wp-json\/wp\/v2\/media\/61482"}],"wp:attachment":[{"href":"https:\/\/www.softub.ch\/en\/wp-json\/wp\/v2\/media?parent=63850"}],"wp:term":[{"taxonomy":"product_brand","embeddable":true,"href":"https:\/\/www.softub.ch\/en\/wp-json\/wp\/v2\/product_brand?post=63850"},{"taxonomy":"product_cat","embeddable":true,"href":"https:\/\/www.softub.ch\/en\/wp-json\/wp\/v2\/product_cat?post=63850"},{"taxonomy":"product_tag","embeddable":true,"href":"https:\/\/www.softub.ch\/en\/wp-json\/wp\/v2\/product_tag?post=63850"},{"taxonomy":"woo-feed-brand","embeddable":true,"href":"https:\/\/www.softub.ch\/en\/wp-json\/wp\/v2\/woo-feed-brand?post=63850"}],"curies":[{"name":"wp","href":"https:\/\/api.w.org\/{rel}","templated":true}]}}