{"id":64032,"date":"2024-03-06T15:01:14","date_gmt":"2024-03-06T14:01:14","guid":{"rendered":"https:\/\/www.softub.ch\/product\/pavillon-premium-made-of-aluminium\/"},"modified":"2024-10-10T11:39:11","modified_gmt":"2024-10-10T09:39:11","slug":"pavillon-premium-made-of-aluminium","status":"publish","type":"product","link":"https:\/\/www.softub.ch\/en\/product\/pavillon-premium-made-of-aluminium\/","title":{"rendered":"Pavillon Premium made of Aluminium"},"content":{"rendered":"<div class=\"fusion-fullwidth fullwidth-box fusion-builder-row-1 fusion-flex-container has-pattern-background has-mask-background nonhundred-percent-fullwidth non-hundred-percent-height-scrolling\" style=\"--awb-border-radius-top-left:0px;--awb-border-radius-top-right:0px;--awb-border-radius-bottom-right:0px;--awb-border-radius-bottom-left:0px;--awb-flex-wrap:wrap;\" ><div class=\"fusion-builder-row fusion-row fusion-flex-align-items-flex-start fusion-flex-content-wrap\" style=\"max-width:1248px;margin-left: calc(-4% \/ 2 );margin-right: calc(-4% \/ 2 );\"><div class=\"fusion-layout-column fusion_builder_column fusion-builder-column-0 fusion_builder_column_1_1 1_1 fusion-flex-column\" style=\"--awb-bg-size:cover;--awb-width-large:100%;--awb-margin-top-large:0px;--awb-spacing-right-large:1.92%;--awb-margin-bottom-large:20px;--awb-spacing-left-large:1.92%;--awb-width-medium:100%;--awb-order-medium:0;--awb-spacing-right-medium:1.92%;--awb-spacing-left-medium:1.92%;--awb-width-small:100%;--awb-order-small:0;--awb-spacing-right-small:1.92%;--awb-spacing-left-small:1.92%;\"><div class=\"fusion-column-wrapper fusion-column-has-shadow fusion-flex-justify-content-flex-start fusion-content-layout-column\"><div class=\"fusion-text fusion-text-1\"><h2>Pavillon Premium aus Aluminium<\/h2>\n<p>Suchen Sie eine einfach und schnell selbst zu montierenden Pavillon? Dann ist der Pavillon Premium aus Aluminium genau das richtige f\u00fcr Sie. Dieser Schattenspender verbindet Luxus mit h\u00f6chster Funktionalit\u00e4t. Ob freistehend oder auch als <a href=\"https:\/\/www.softub.ch\/produkt\/pergola-premium-aus-aluminium\/\"><strong>Pergola<\/strong><\/a>, es ist die perfekte Erweiterung f\u00fcr Ihren Wohnbereich. Das schwenkbare Lamellendach bietet viele M\u00f6glichkeiten zum Schutz vor Sonne, Regen und Wind. Durch das integrierte Entw\u00e4sserungssystem wird das Wasser direkt und kontrolliert zum Boden abgeleitet. Im Lieferumfang sind die Dehnungsbolzen der \u00dcberdachung f\u00fcr die Befestigung am Boden enthalten. Die Pergola muss auf einem soliden Untergrund montiert werden, wie zum Beispiel durch ein Betonfundament oder Terrassenplatten.<\/p>\n<p><strong>Achtung<\/strong>: Im Winter oder bei Schneevorhersage sollten Sie das Dach in vertikaler Position stellen, um Sch\u00e4den an Ihrem Pavillon zu vermeiden.<\/p>\n<h3 style=\"font-weight: 400;\"><strong>Vorteile<\/strong><\/h3>\n<ul>\n<li>Ausziehbarer Sichtschutz<\/li>\n<li>Seitenwandelemente<\/li>\n<li>Verstellbare Sichtschutzwand mit Lamellen<\/li>\n<li>Kippbares Lamellendach<\/li>\n<li>Konstruktion aus rostfreiem Aluminium<\/li>\n<li>Leicht zusammenzubauen<\/li>\n<li>Leicht zu bedienen<\/li>\n<li>Wartungsfrei<\/li>\n<li>Verl\u00e4ngerung der Freiluftsaison<\/li>\n<li>100 % wasserfest<\/li>\n<li>Innovatives integriertes Wasserablaufsystem<\/li>\n<\/ul>\n<div>\n<h3 class=\"fusion-responsive-typography-calculated\" data-fontsize=\"18\" data-lineheight=\"27px\"><strong>Weiteres Zubeh\u00f6r f\u00fcr Ihr Zuhause<\/strong><\/h3>\n<\/div>\n<div>\n<p>Wir haben ein umfangreiches Zubeh\u00f6rsortiment f\u00fcr Sie zusammengestellt, damit Sie sich die passenden Produkte in Ruhe in unserem Onlineshop ausw\u00e4hlen k\u00f6nnen.<\/p>\n<\/div>\n<div>\n<p>Wenn Sie sich dar\u00fcber hinaus Ihre ganz pers\u00f6nliche Wellness-Oase schaffen wollen, schauen Sie sich doch einfach unsere Softub\u00a0<a href=\"https:\/\/softub.ch\/shop\/softub-whirlpools\/\">Whirlpools<\/a>\u00a0an, die perfekt zu Ihrem\u00a0<a href=\"https:\/\/www.meinschattenspender.ch\/\" target=\"_blank\" rel=\"noopener\">Unosider Pavillon<\/a>\u00a0passen k\u00f6nnten.<span class=\"apple-converted-space\">\u00a0<\/span><span class=\"apple-converted-space\">\u00a0<\/span><span class=\"apple-converted-space\">\u00a0<\/span><span class=\"apple-converted-space\">\u00a0<\/span><\/p>\n<\/div>\n<div>\n<p>Wir beraten Sie gerne,\u00a0<a href=\"tel:+41443969060\">telefonisch<\/a>\u00a0, in einem unserer Showrooms oder bei Ihnen Zuhause.<span class=\"apple-converted-space\">\u00a0<\/span><\/p>\n<\/div>\n<\/div><\/div><\/div><\/div><\/div>\n","protected":false},"excerpt":{"rendered":"","protected":false},"featured_media":57031,"template":"","meta":{"_acf_changed":false},"product_brand":[],"product_cat":[2936,2937],"product_tag":[1321,679,1334,1349],"woo-feed-brand":[],"class_list":{"0":"post-64032","1":"product","2":"type-product","3":"status-publish","4":"has-post-thumbnail","6":"product_cat-pavilions-from-weka","7":"product_cat-pavilions-and-terrace-roofs","8":"product_tag-pavilion","9":"product_tag-softub-en","10":"product_tag-softub-switzerland","11":"product_tag-sun-protection-en","13":"first","14":"instock","15":"sale","16":"taxable","17":"shipping-taxable","18":"purchasable","19":"product-type-variable"},"acf":[],"yoast_head":"<!-- This site is optimized with the Yoast SEO Premium plugin v27.4 (Yoast SEO v27.4) - https:\/\/yoast.com\/product\/yoast-seo-premium-wordpress\/ -->\n<title>Pavillon Premium made of Aluminium - Softub Schweiz<\/title>\n<meta name=\"robots\" content=\"index, follow, max-snippet:-1, max-image-preview:large, max-video-preview:-1\" \/>\n<link rel=\"canonical\" href=\"https:\/\/www.softub.ch\/en\/product\/pavillon-premium-made-of-aluminium\/\" \/>\n<meta property=\"og:locale\" content=\"en_US\" \/>\n<meta property=\"og:type\" content=\"article\" \/>\n<meta property=\"og:title\" content=\"Pavillon Premium made of Aluminium\" \/>\n<meta property=\"og:url\" content=\"https:\/\/www.softub.ch\/en\/product\/pavillon-premium-made-of-aluminium\/\" \/>\n<meta property=\"og:site_name\" content=\"Softub Schweiz\" \/>\n<meta property=\"article:publisher\" content=\"https:\/\/www.facebook.com\/softubschweiz\" \/>\n<meta property=\"article:modified_time\" content=\"2024-10-10T09:39:11+00:00\" \/>\n<meta property=\"og:image\" content=\"https:\/\/www.softub.ch\/wp-content\/uploads\/Pergola_Premium_aus_Aluminium_Softub_Schweiz_01-e1719994949632.jpg\" \/>\n\t<meta property=\"og:image:width\" content=\"640\" \/>\n\t<meta property=\"og:image:height\" content=\"640\" \/>\n\t<meta property=\"og:image:type\" content=\"image\/jpeg\" \/>\n<meta name=\"twitter:card\" content=\"summary_large_image\" \/>\n<meta name=\"twitter:label1\" content=\"Est. reading time\" \/>\n\t<meta name=\"twitter:data1\" content=\"6 minutes\" \/>\n<script type=\"application\/ld+json\" class=\"yoast-schema-graph\">{\"@context\":\"https:\\\/\\\/schema.org\",\"@graph\":[{\"@type\":\"WebPage\",\"@id\":\"https:\\\/\\\/www.softub.ch\\\/en\\\/product\\\/pavillon-premium-made-of-aluminium\\\/\",\"url\":\"https:\\\/\\\/www.softub.ch\\\/en\\\/product\\\/pavillon-premium-made-of-aluminium\\\/\",\"name\":\"Pavillon Premium made of Aluminium - Softub Schweiz\",\"isPartOf\":{\"@id\":\"https:\\\/\\\/www.softub.ch\\\/fr\\\/#website\"},\"primaryImageOfPage\":{\"@id\":\"https:\\\/\\\/www.softub.ch\\\/en\\\/product\\\/pavillon-premium-made-of-aluminium\\\/#primaryimage\"},\"image\":{\"@id\":\"https:\\\/\\\/www.softub.ch\\\/en\\\/product\\\/pavillon-premium-made-of-aluminium\\\/#primaryimage\"},\"thumbnailUrl\":\"https:\\\/\\\/www.softub.ch\\\/wp-content\\\/uploads\\\/Pergola_Premium_aus_Aluminium_Softub_Schweiz_01-e1719994949632.jpg\",\"datePublished\":\"2024-03-06T14:01:14+00:00\",\"dateModified\":\"2024-10-10T09:39:11+00:00\",\"breadcrumb\":{\"@id\":\"https:\\\/\\\/www.softub.ch\\\/en\\\/product\\\/pavillon-premium-made-of-aluminium\\\/#breadcrumb\"},\"inLanguage\":\"en-US\",\"potentialAction\":[{\"@type\":\"ReadAction\",\"target\":[\"https:\\\/\\\/www.softub.ch\\\/en\\\/product\\\/pavillon-premium-made-of-aluminium\\\/\"]}]},{\"@type\":\"ImageObject\",\"inLanguage\":\"en-US\",\"@id\":\"https:\\\/\\\/www.softub.ch\\\/en\\\/product\\\/pavillon-premium-made-of-aluminium\\\/#primaryimage\",\"url\":\"https:\\\/\\\/www.softub.ch\\\/wp-content\\\/uploads\\\/Pergola_Premium_aus_Aluminium_Softub_Schweiz_01-e1719994949632.jpg\",\"contentUrl\":\"https:\\\/\\\/www.softub.ch\\\/wp-content\\\/uploads\\\/Pergola_Premium_aus_Aluminium_Softub_Schweiz_01-e1719994949632.jpg\",\"width\":640,\"height\":640,\"caption\":\"Pergola Premium aus Aluminium in schwarz in einem Garten. mit Lounge und Pflanzenbeeten.\"},{\"@type\":\"BreadcrumbList\",\"@id\":\"https:\\\/\\\/www.softub.ch\\\/en\\\/product\\\/pavillon-premium-made-of-aluminium\\\/#breadcrumb\",\"itemListElement\":[{\"@type\":\"ListItem\",\"position\":1,\"name\":\"Startseite\",\"item\":\"https:\\\/\\\/www.softub.ch\\\/en\\\/\"},{\"@type\":\"ListItem\",\"position\":2,\"name\":\"Shop\",\"item\":\"https:\\\/\\\/www.softub.ch\\\/en\\\/shop-2\\\/\"},{\"@type\":\"ListItem\",\"position\":3,\"name\":\"Pavillon Premium made of Aluminium\"}]},{\"@type\":\"WebSite\",\"@id\":\"https:\\\/\\\/www.softub.ch\\\/fr\\\/#website\",\"url\":\"https:\\\/\\\/www.softub.ch\\\/fr\\\/\",\"name\":\"Softub Schweiz\",\"description\":\"Softub - Wir machen Ferien Zuhause\",\"publisher\":{\"@id\":\"https:\\\/\\\/www.softub.ch\\\/fr\\\/#organization\"},\"potentialAction\":[{\"@type\":\"SearchAction\",\"target\":{\"@type\":\"EntryPoint\",\"urlTemplate\":\"https:\\\/\\\/www.softub.ch\\\/fr\\\/?s={search_term_string}\"},\"query-input\":{\"@type\":\"PropertyValueSpecification\",\"valueRequired\":true,\"valueName\":\"search_term_string\"}}],\"inLanguage\":\"en-US\"},{\"@type\":\"Organization\",\"@id\":\"https:\\\/\\\/www.softub.ch\\\/fr\\\/#organization\",\"name\":\"Softub Schweiz AG\",\"url\":\"https:\\\/\\\/www.softub.ch\\\/fr\\\/\",\"logo\":{\"@type\":\"ImageObject\",\"inLanguage\":\"en-US\",\"@id\":\"https:\\\/\\\/www.softub.ch\\\/fr\\\/#\\\/schema\\\/logo\\\/image\\\/\",\"url\":\"https:\\\/\\\/www.softub.ch\\\/wp-content\\\/uploads\\\/Softub-Logo-Softub-Schweiz-.png\",\"contentUrl\":\"https:\\\/\\\/www.softub.ch\\\/wp-content\\\/uploads\\\/Softub-Logo-Softub-Schweiz-.png\",\"width\":200,\"height\":73,\"caption\":\"Softub Schweiz AG\"},\"image\":{\"@id\":\"https:\\\/\\\/www.softub.ch\\\/fr\\\/#\\\/schema\\\/logo\\\/image\\\/\"},\"sameAs\":[\"https:\\\/\\\/www.facebook.com\\\/softubschweiz\",\"https:\\\/\\\/www.instagram.com\\\/softub_schweiz\\\/\",\"https:\\\/\\\/ch.pinterest.com\\\/softub_schweiz\\\/\",\"https:\\\/\\\/www.linkedin.com\\\/company\\\/softub-schweiz-ag\\\/\"]}]}<\/script>\n<!-- \/ Yoast SEO Premium plugin. -->","yoast_head_json":{"title":"Pavillon Premium made of Aluminium - Softub Schweiz","robots":{"index":"index","follow":"follow","max-snippet":"max-snippet:-1","max-image-preview":"max-image-preview:large","max-video-preview":"max-video-preview:-1"},"canonical":"https:\/\/www.softub.ch\/en\/product\/pavillon-premium-made-of-aluminium\/","og_locale":"en_US","og_type":"article","og_title":"Pavillon Premium made of Aluminium","og_url":"https:\/\/www.softub.ch\/en\/product\/pavillon-premium-made-of-aluminium\/","og_site_name":"Softub Schweiz","article_publisher":"https:\/\/www.facebook.com\/softubschweiz","article_modified_time":"2024-10-10T09:39:11+00:00","og_image":[{"width":640,"height":640,"url":"https:\/\/www.softub.ch\/wp-content\/uploads\/Pergola_Premium_aus_Aluminium_Softub_Schweiz_01-e1719994949632.jpg","type":"image\/jpeg"}],"twitter_card":"summary_large_image","twitter_misc":{"Est. reading time":"6 minutes"},"schema":{"@context":"https:\/\/schema.org","@graph":[{"@type":"WebPage","@id":"https:\/\/www.softub.ch\/en\/product\/pavillon-premium-made-of-aluminium\/","url":"https:\/\/www.softub.ch\/en\/product\/pavillon-premium-made-of-aluminium\/","name":"Pavillon Premium made of Aluminium - Softub Schweiz","isPartOf":{"@id":"https:\/\/www.softub.ch\/fr\/#website"},"primaryImageOfPage":{"@id":"https:\/\/www.softub.ch\/en\/product\/pavillon-premium-made-of-aluminium\/#primaryimage"},"image":{"@id":"https:\/\/www.softub.ch\/en\/product\/pavillon-premium-made-of-aluminium\/#primaryimage"},"thumbnailUrl":"https:\/\/www.softub.ch\/wp-content\/uploads\/Pergola_Premium_aus_Aluminium_Softub_Schweiz_01-e1719994949632.jpg","datePublished":"2024-03-06T14:01:14+00:00","dateModified":"2024-10-10T09:39:11+00:00","breadcrumb":{"@id":"https:\/\/www.softub.ch\/en\/product\/pavillon-premium-made-of-aluminium\/#breadcrumb"},"inLanguage":"en-US","potentialAction":[{"@type":"ReadAction","target":["https:\/\/www.softub.ch\/en\/product\/pavillon-premium-made-of-aluminium\/"]}]},{"@type":"ImageObject","inLanguage":"en-US","@id":"https:\/\/www.softub.ch\/en\/product\/pavillon-premium-made-of-aluminium\/#primaryimage","url":"https:\/\/www.softub.ch\/wp-content\/uploads\/Pergola_Premium_aus_Aluminium_Softub_Schweiz_01-e1719994949632.jpg","contentUrl":"https:\/\/www.softub.ch\/wp-content\/uploads\/Pergola_Premium_aus_Aluminium_Softub_Schweiz_01-e1719994949632.jpg","width":640,"height":640,"caption":"Pergola Premium aus Aluminium in schwarz in einem Garten. mit Lounge und Pflanzenbeeten."},{"@type":"BreadcrumbList","@id":"https:\/\/www.softub.ch\/en\/product\/pavillon-premium-made-of-aluminium\/#breadcrumb","itemListElement":[{"@type":"ListItem","position":1,"name":"Startseite","item":"https:\/\/www.softub.ch\/en\/"},{"@type":"ListItem","position":2,"name":"Shop","item":"https:\/\/www.softub.ch\/en\/shop-2\/"},{"@type":"ListItem","position":3,"name":"Pavillon Premium made of Aluminium"}]},{"@type":"WebSite","@id":"https:\/\/www.softub.ch\/fr\/#website","url":"https:\/\/www.softub.ch\/fr\/","name":"Softub Schweiz","description":"Softub - Wir machen Ferien Zuhause","publisher":{"@id":"https:\/\/www.softub.ch\/fr\/#organization"},"potentialAction":[{"@type":"SearchAction","target":{"@type":"EntryPoint","urlTemplate":"https:\/\/www.softub.ch\/fr\/?s={search_term_string}"},"query-input":{"@type":"PropertyValueSpecification","valueRequired":true,"valueName":"search_term_string"}}],"inLanguage":"en-US"},{"@type":"Organization","@id":"https:\/\/www.softub.ch\/fr\/#organization","name":"Softub Schweiz AG","url":"https:\/\/www.softub.ch\/fr\/","logo":{"@type":"ImageObject","inLanguage":"en-US","@id":"https:\/\/www.softub.ch\/fr\/#\/schema\/logo\/image\/","url":"https:\/\/www.softub.ch\/wp-content\/uploads\/Softub-Logo-Softub-Schweiz-.png","contentUrl":"https:\/\/www.softub.ch\/wp-content\/uploads\/Softub-Logo-Softub-Schweiz-.png","width":200,"height":73,"caption":"Softub Schweiz AG"},"image":{"@id":"https:\/\/www.softub.ch\/fr\/#\/schema\/logo\/image\/"},"sameAs":["https:\/\/www.facebook.com\/softubschweiz","https:\/\/www.instagram.com\/softub_schweiz\/","https:\/\/ch.pinterest.com\/softub_schweiz\/","https:\/\/www.linkedin.com\/company\/softub-schweiz-ag\/"]}]}},"_links":{"self":[{"href":"https:\/\/www.softub.ch\/en\/wp-json\/wp\/v2\/product\/64032","targetHints":{"allow":["GET"]}}],"collection":[{"href":"https:\/\/www.softub.ch\/en\/wp-json\/wp\/v2\/product"}],"about":[{"href":"https:\/\/www.softub.ch\/en\/wp-json\/wp\/v2\/types\/product"}],"wp:featuredmedia":[{"embeddable":true,"href":"https:\/\/www.softub.ch\/en\/wp-json\/wp\/v2\/media\/57031"}],"wp:attachment":[{"href":"https:\/\/www.softub.ch\/en\/wp-json\/wp\/v2\/media?parent=64032"}],"wp:term":[{"taxonomy":"product_brand","embeddable":true,"href":"https:\/\/www.softub.ch\/en\/wp-json\/wp\/v2\/product_brand?post=64032"},{"taxonomy":"product_cat","embeddable":true,"href":"https:\/\/www.softub.ch\/en\/wp-json\/wp\/v2\/product_cat?post=64032"},{"taxonomy":"product_tag","embeddable":true,"href":"https:\/\/www.softub.ch\/en\/wp-json\/wp\/v2\/product_tag?post=64032"},{"taxonomy":"woo-feed-brand","embeddable":true,"href":"https:\/\/www.softub.ch\/en\/wp-json\/wp\/v2\/woo-feed-brand?post=64032"}],"curies":[{"name":"wp","href":"https:\/\/api.w.org\/{rel}","templated":true}]}}