{"id":64103,"date":"2023-08-08T10:38:28","date_gmt":"2023-08-08T08:38:28","guid":{"rendered":"https:\/\/www.softub.ch\/product\/unosider-shape-gitterwande-und-blumenkasten\/"},"modified":"2024-10-10T11:43:12","modified_gmt":"2024-10-10T09:43:12","slug":"unosider-shape-gitterwande-und-blumenkasten","status":"publish","type":"product","link":"https:\/\/www.softub.ch\/en\/product\/unosider-shape-gitterwande-und-blumenkasten\/","title":{"rendered":"Unosider Shape &#8211; Gitterw\u00e4nde und Blumenk\u00e4sten"},"content":{"rendered":"<div class=\"fusion-fullwidth fullwidth-box fusion-builder-row-1 fusion-flex-container has-pattern-background has-mask-background nonhundred-percent-fullwidth non-hundred-percent-height-scrolling\" style=\"--awb-border-radius-top-left:0px;--awb-border-radius-top-right:0px;--awb-border-radius-bottom-right:0px;--awb-border-radius-bottom-left:0px;--awb-flex-wrap:wrap;\" ><div class=\"fusion-builder-row fusion-row fusion-flex-align-items-flex-start fusion-flex-content-wrap\" style=\"max-width:1248px;margin-left: calc(-4% \/ 2 );margin-right: calc(-4% \/ 2 );\"><div class=\"fusion-layout-column fusion_builder_column fusion-builder-column-0 fusion_builder_column_3_4 3_4 fusion-flex-column\" style=\"--awb-bg-size:cover;--awb-width-large:75%;--awb-margin-top-large:0px;--awb-spacing-right-large:2.56%;--awb-margin-bottom-large:20px;--awb-spacing-left-large:2.56%;--awb-width-medium:100%;--awb-order-medium:0;--awb-spacing-right-medium:1.92%;--awb-spacing-left-medium:1.92%;--awb-width-small:100%;--awb-order-small:0;--awb-spacing-right-small:1.92%;--awb-spacing-left-small:1.92%;\"><div class=\"fusion-column-wrapper fusion-column-has-shadow fusion-flex-justify-content-flex-start fusion-content-layout-column\"><div class=\"fusion-text fusion-text-1\"><h1>Unosider Shape<\/h1>\n<p>Die neue Produktreihe Unosider Shape bietet spezifische, diversifizierte L\u00f6sungen f\u00fcr die zeitgem\u00e4sse Gestaltung von Outdoor Locations.<\/p>\n<p><strong>Technische Daten:<\/strong><\/p>\n<ul>\n<li>Aluminium-Strangpressprofile, Prim\u00e4rlegierung UNI6060 und Edelstahl<\/li>\n<li>Epoxidharz-Pulverbeschichtung auf Polyesterbasis, UV-best\u00e4ndig<\/li>\n<li>Erh\u00e4ltlich in 12 Standardfarben<\/li>\n<li>Individuelle Oberfl\u00e4chenbehandlung auf Anfrage (RAL-Farbtabelle) nach Absprache mit der Planungsabteilung<\/li>\n<\/ul>\n<p><strong>Optionen:<\/strong><\/p>\n<ul>\n<li>Deckel f\u00fcr die Umwandlung des Pflanzk\u00fcbels in eine Sitzbank<\/li>\n<li>Dekorative, abnehmbare Outdoor-Kissen aus Acrylgewebe<\/li>\n<li>St\u00e4nder zum Verbinden mehrerer Platten und zur Befestigung am Boden<\/li>\n<li>Stahlfuss f\u00fcr selbsttragende Gitterroste<\/li>\n<li>Dimmbare LED-Leiste, die am oberen Ende installiert wird, mit Fernbedienung<\/li>\n<\/ul>\n<p><strong>Standardmasse:<\/strong>\u00a0siehe Datenblatt<\/p>\n<p><strong>Massanfertigungen sind m\u00f6glich<\/strong><\/p>\n<h3>Familie Blumenk\u00e4sten und Spaliere von Unosider:<\/h3>\n<ul>\n<li><a href=\"https:\/\/softub.ch\/produkt\/unosider-pavillon-calicanto\/\" target=\"_blank\" rel=\"noopener\">Pavillon Calicanto\u00a0<\/a><\/li>\n<li><a href=\"https:\/\/softub.ch\/produkt\/unosider-altea-gitterwand-und-blumenkasten\/\" target=\"_blank\" rel=\"noopener\">Altea\u00a0<\/a><\/li>\n<li>Shape<\/li>\n<\/ul>\n<div>\n<div>\n<h3 class=\"fusion-responsive-typography-calculated\" data-fontsize=\"18\" data-lineheight=\"27px\">Montage<\/h3>\n<\/div>\n<div>\n<p>F\u00fcr die Installation Ihres neuen Hochbeets m\u00fcssen Sie sich keine Gedanken machen! Wir stellen Ihnen gerne unser Hauseigen, fachm\u00e4nnisches Installationsteam f\u00fcr die Montage zur Verf\u00fcgung.<\/p>\n<\/div>\n<div>\n<h3 class=\"fusion-responsive-typography-calculated\" data-fontsize=\"18\" data-lineheight=\"27px\">Unosider \u2013 Pavillon, Pergola, Sonnenschutzsystem und Wetterschutzsystem<\/h3>\n<\/div>\n<div>\n<p><strong>25 Jahre Erfahrung<\/strong><span class=\"apple-converted-space\">\u00a0<\/span>im Bereich Beschattung und Sonnenschutz f\u00fcr Garten und Terrasse:<span class=\"apple-converted-space\">\u00a0<\/span><strong>Unosider<\/strong><span class=\"apple-converted-space\">\u00a0<\/span>aus Italien, hat im Laufe der Jahre vielseitig einsetzbare<span class=\"apple-converted-space\">\u00a0<\/span><strong>Outdoor Locations<\/strong><span class=\"apple-converted-space\">\u00a0<\/span>entwickelt. Mit Freude ist man st\u00e4ndig auf der Suche nach innovativen L\u00f6sungen und Formen f\u00fcr Pavillons und Pergolen.<\/p>\n<\/div>\n<div>\n<p><strong>Eigene Werkst\u00e4tten und betriebsinterne Produktion<\/strong>, sind der ganze Stolz von Unosider. Man legt grossen Wert auf die Wurzeln, die in der<span class=\"apple-converted-space\">\u00a0<\/span><strong>italienische Handwerkstradition<\/strong><span class=\"apple-converted-space\">\u00a0<\/span>liegen. Dies setzt sich mit<span class=\"apple-converted-space\">\u00a0<\/span><strong>hochwertiger Qualit\u00e4t, Flexibilit\u00e4t und massgefertigten L\u00f6sungen<\/strong><span class=\"apple-converted-space\">\u00a0<\/span>f\u00fcr Ihre Pergola und ihren Pavillon um.<\/p>\n<\/div>\n<div>\n<p>Ihr Traumgarten mit Dolce Vita von Softub Schweiz AG.<\/p>\n<\/div>\n<div>\n<h3 class=\"fusion-responsive-typography-calculated\" data-fontsize=\"18\" data-lineheight=\"27px\">Weiteres Zubeh\u00f6r f\u00fcr Ihr Zuhause<\/h3>\n<\/div>\n<div>\n<p>Wir haben ein reichhaltiges Zubeh\u00f6rsortiment f\u00fcr Sie zusammengestellt, so dass Sie sich die passenden Produkte in Ruhe in unserem Onlineshop ausw\u00e4hlen k\u00f6nnen.<\/p>\n<\/div>\n<div>\n<p>Wenn Sie sich dar\u00fcber hinaus Ihre ganz pers\u00f6nliche Wellness-Oase schaffen wollen, so schauen Sie sich doch einfach unsere Softub<span class=\"apple-converted-space\">\u00a0<\/span><a href=\"https:\/\/softub.ch\/shop\/softub-whirlpools\/\">Whirlpools<\/a><span class=\"apple-converted-space\">\u00a0<\/span>an der perfekt zur Ihrem<span class=\"apple-converted-space\">\u00a0<\/span><a href=\"https:\/\/www.meinschattenspender.ch\/\" target=\"_blank\" rel=\"noopener\">Unosider Pavillon<\/a><span class=\"apple-converted-space\">\u00a0<\/span>passen k\u00f6nnte.<\/p>\n<\/div>\n<div>\n<p>Wir beraten Sie gerne,<span class=\"apple-converted-space\">\u00a0<\/span><a href=\"tel:+41443969060\">telefonisch<\/a>, in einem unserer Showrooms oder bei Ihnen Zuhause.<\/p>\n<\/div>\n<\/div>\n<\/div><\/div><\/div><\/div><\/div>\n","protected":false},"excerpt":{"rendered":"","protected":false},"featured_media":51040,"template":"","meta":{"_acf_changed":false},"product_brand":[],"product_cat":[3057],"product_tag":[1233,1984,2939,2987,3045,1334,681,1237],"woo-feed-brand":[],"class_list":{"0":"post-64103","1":"product","2":"type-product","3":"status-publish","4":"has-post-thumbnail","6":"product_cat-garden-furniture-accessories","7":"product_tag-garden","8":"product_tag-garden-furniture","9":"product_tag-garden-seating-area","10":"product_tag-raised-vegetable-beds","11":"product_tag-softub-schweiz-ag-en","12":"product_tag-softub-switzerland","13":"product_tag-softub-whirlpool-en","14":"product_tag-terrace","16":"first","17":"instock","18":"taxable","19":"shipping-taxable","20":"purchasable","21":"product-type-variable"},"acf":[],"yoast_head":"<!-- This site is optimized with the Yoast SEO Premium plugin v27.5 (Yoast SEO v27.5) - https:\/\/yoast.com\/product\/yoast-seo-premium-wordpress\/ -->\n<title>Unosider Shape - Gitterw\u00e4nde und Blumenk\u00e4sten - Softub Schweiz<\/title>\n<meta name=\"robots\" content=\"index, follow, max-snippet:-1, max-image-preview:large, max-video-preview:-1\" \/>\n<link rel=\"canonical\" href=\"https:\/\/www.softub.ch\/en\/product\/unosider-shape-gitterwande-und-blumenkasten\/\" \/>\n<meta property=\"og:locale\" content=\"en_US\" \/>\n<meta property=\"og:type\" content=\"article\" \/>\n<meta property=\"og:title\" content=\"Unosider Shape - Gitterw\u00e4nde und Blumenk\u00e4sten\" \/>\n<meta property=\"og:url\" content=\"https:\/\/www.softub.ch\/en\/product\/unosider-shape-gitterwande-und-blumenkasten\/\" \/>\n<meta property=\"og:site_name\" content=\"Softub Schweiz\" \/>\n<meta property=\"article:publisher\" content=\"https:\/\/www.facebook.com\/softubschweiz\" \/>\n<meta property=\"article:modified_time\" content=\"2024-10-10T09:43:12+00:00\" \/>\n<meta property=\"og:image\" content=\"https:\/\/www.softub.ch\/wp-content\/uploads\/unosider-contemporary-shape-flower-Softub-Schweiz-AG.jpg\" \/>\n\t<meta property=\"og:image:width\" content=\"800\" \/>\n\t<meta property=\"og:image:height\" content=\"400\" \/>\n\t<meta property=\"og:image:type\" content=\"image\/jpeg\" \/>\n<meta name=\"twitter:card\" content=\"summary_large_image\" \/>\n<meta name=\"twitter:label1\" content=\"Est. reading time\" \/>\n\t<meta name=\"twitter:data1\" content=\"6 minutes\" \/>\n<script type=\"application\/ld+json\" class=\"yoast-schema-graph\">{\"@context\":\"https:\\\/\\\/schema.org\",\"@graph\":[{\"@type\":\"WebPage\",\"@id\":\"https:\\\/\\\/www.softub.ch\\\/en\\\/product\\\/unosider-shape-gitterwande-und-blumenkasten\\\/\",\"url\":\"https:\\\/\\\/www.softub.ch\\\/en\\\/product\\\/unosider-shape-gitterwande-und-blumenkasten\\\/\",\"name\":\"Unosider Shape - Gitterw\u00e4nde und Blumenk\u00e4sten - Softub Schweiz\",\"isPartOf\":{\"@id\":\"https:\\\/\\\/www.softub.ch\\\/fr\\\/#website\"},\"primaryImageOfPage\":{\"@id\":\"https:\\\/\\\/www.softub.ch\\\/en\\\/product\\\/unosider-shape-gitterwande-und-blumenkasten\\\/#primaryimage\"},\"image\":{\"@id\":\"https:\\\/\\\/www.softub.ch\\\/en\\\/product\\\/unosider-shape-gitterwande-und-blumenkasten\\\/#primaryimage\"},\"thumbnailUrl\":\"https:\\\/\\\/www.softub.ch\\\/wp-content\\\/uploads\\\/unosider-contemporary-shape-flower-Softub-Schweiz-AG.jpg\",\"datePublished\":\"2023-08-08T08:38:28+00:00\",\"dateModified\":\"2024-10-10T09:43:12+00:00\",\"breadcrumb\":{\"@id\":\"https:\\\/\\\/www.softub.ch\\\/en\\\/product\\\/unosider-shape-gitterwande-und-blumenkasten\\\/#breadcrumb\"},\"inLanguage\":\"en-US\",\"potentialAction\":[{\"@type\":\"ReadAction\",\"target\":[\"https:\\\/\\\/www.softub.ch\\\/en\\\/product\\\/unosider-shape-gitterwande-und-blumenkasten\\\/\"]}]},{\"@type\":\"ImageObject\",\"inLanguage\":\"en-US\",\"@id\":\"https:\\\/\\\/www.softub.ch\\\/en\\\/product\\\/unosider-shape-gitterwande-und-blumenkasten\\\/#primaryimage\",\"url\":\"https:\\\/\\\/www.softub.ch\\\/wp-content\\\/uploads\\\/unosider-contemporary-shape-flower-Softub-Schweiz-AG.jpg\",\"contentUrl\":\"https:\\\/\\\/www.softub.ch\\\/wp-content\\\/uploads\\\/unosider-contemporary-shape-flower-Softub-Schweiz-AG.jpg\",\"width\":800,\"height\":400,\"caption\":\"Unosider Gitterw\u00e4nde und Blumenk\u00e4sten\"},{\"@type\":\"BreadcrumbList\",\"@id\":\"https:\\\/\\\/www.softub.ch\\\/en\\\/product\\\/unosider-shape-gitterwande-und-blumenkasten\\\/#breadcrumb\",\"itemListElement\":[{\"@type\":\"ListItem\",\"position\":1,\"name\":\"Startseite\",\"item\":\"https:\\\/\\\/www.softub.ch\\\/en\\\/\"},{\"@type\":\"ListItem\",\"position\":2,\"name\":\"Shop\",\"item\":\"https:\\\/\\\/www.softub.ch\\\/en\\\/shop-2\\\/\"},{\"@type\":\"ListItem\",\"position\":3,\"name\":\"Unosider Shape &#8211; Gitterw\u00e4nde und Blumenk\u00e4sten\"}]},{\"@type\":\"WebSite\",\"@id\":\"https:\\\/\\\/www.softub.ch\\\/fr\\\/#website\",\"url\":\"https:\\\/\\\/www.softub.ch\\\/fr\\\/\",\"name\":\"Softub Schweiz\",\"description\":\"Softub - Wir machen Ferien Zuhause\",\"publisher\":{\"@id\":\"https:\\\/\\\/www.softub.ch\\\/fr\\\/#organization\"},\"potentialAction\":[{\"@type\":\"SearchAction\",\"target\":{\"@type\":\"EntryPoint\",\"urlTemplate\":\"https:\\\/\\\/www.softub.ch\\\/fr\\\/?s={search_term_string}\"},\"query-input\":{\"@type\":\"PropertyValueSpecification\",\"valueRequired\":true,\"valueName\":\"search_term_string\"}}],\"inLanguage\":\"en-US\"},{\"@type\":\"Organization\",\"@id\":\"https:\\\/\\\/www.softub.ch\\\/fr\\\/#organization\",\"name\":\"Softub Schweiz AG\",\"url\":\"https:\\\/\\\/www.softub.ch\\\/fr\\\/\",\"logo\":{\"@type\":\"ImageObject\",\"inLanguage\":\"en-US\",\"@id\":\"https:\\\/\\\/www.softub.ch\\\/fr\\\/#\\\/schema\\\/logo\\\/image\\\/\",\"url\":\"https:\\\/\\\/www.softub.ch\\\/wp-content\\\/uploads\\\/Softub-Logo-Softub-Schweiz-.png\",\"contentUrl\":\"https:\\\/\\\/www.softub.ch\\\/wp-content\\\/uploads\\\/Softub-Logo-Softub-Schweiz-.png\",\"width\":200,\"height\":73,\"caption\":\"Softub Schweiz AG\"},\"image\":{\"@id\":\"https:\\\/\\\/www.softub.ch\\\/fr\\\/#\\\/schema\\\/logo\\\/image\\\/\"},\"sameAs\":[\"https:\\\/\\\/www.facebook.com\\\/softubschweiz\",\"https:\\\/\\\/www.instagram.com\\\/softub_schweiz\\\/\",\"https:\\\/\\\/ch.pinterest.com\\\/softub_schweiz\\\/\",\"https:\\\/\\\/www.linkedin.com\\\/company\\\/softub-schweiz-ag\\\/\"]}]}<\/script>\n<!-- \/ Yoast SEO Premium plugin. -->","yoast_head_json":{"title":"Unosider Shape - Gitterw\u00e4nde und Blumenk\u00e4sten - Softub Schweiz","robots":{"index":"index","follow":"follow","max-snippet":"max-snippet:-1","max-image-preview":"max-image-preview:large","max-video-preview":"max-video-preview:-1"},"canonical":"https:\/\/www.softub.ch\/en\/product\/unosider-shape-gitterwande-und-blumenkasten\/","og_locale":"en_US","og_type":"article","og_title":"Unosider Shape - Gitterw\u00e4nde und Blumenk\u00e4sten","og_url":"https:\/\/www.softub.ch\/en\/product\/unosider-shape-gitterwande-und-blumenkasten\/","og_site_name":"Softub Schweiz","article_publisher":"https:\/\/www.facebook.com\/softubschweiz","article_modified_time":"2024-10-10T09:43:12+00:00","og_image":[{"width":800,"height":400,"url":"https:\/\/www.softub.ch\/wp-content\/uploads\/unosider-contemporary-shape-flower-Softub-Schweiz-AG.jpg","type":"image\/jpeg"}],"twitter_card":"summary_large_image","twitter_misc":{"Est. reading time":"6 minutes"},"schema":{"@context":"https:\/\/schema.org","@graph":[{"@type":"WebPage","@id":"https:\/\/www.softub.ch\/en\/product\/unosider-shape-gitterwande-und-blumenkasten\/","url":"https:\/\/www.softub.ch\/en\/product\/unosider-shape-gitterwande-und-blumenkasten\/","name":"Unosider Shape - Gitterw\u00e4nde und Blumenk\u00e4sten - Softub Schweiz","isPartOf":{"@id":"https:\/\/www.softub.ch\/fr\/#website"},"primaryImageOfPage":{"@id":"https:\/\/www.softub.ch\/en\/product\/unosider-shape-gitterwande-und-blumenkasten\/#primaryimage"},"image":{"@id":"https:\/\/www.softub.ch\/en\/product\/unosider-shape-gitterwande-und-blumenkasten\/#primaryimage"},"thumbnailUrl":"https:\/\/www.softub.ch\/wp-content\/uploads\/unosider-contemporary-shape-flower-Softub-Schweiz-AG.jpg","datePublished":"2023-08-08T08:38:28+00:00","dateModified":"2024-10-10T09:43:12+00:00","breadcrumb":{"@id":"https:\/\/www.softub.ch\/en\/product\/unosider-shape-gitterwande-und-blumenkasten\/#breadcrumb"},"inLanguage":"en-US","potentialAction":[{"@type":"ReadAction","target":["https:\/\/www.softub.ch\/en\/product\/unosider-shape-gitterwande-und-blumenkasten\/"]}]},{"@type":"ImageObject","inLanguage":"en-US","@id":"https:\/\/www.softub.ch\/en\/product\/unosider-shape-gitterwande-und-blumenkasten\/#primaryimage","url":"https:\/\/www.softub.ch\/wp-content\/uploads\/unosider-contemporary-shape-flower-Softub-Schweiz-AG.jpg","contentUrl":"https:\/\/www.softub.ch\/wp-content\/uploads\/unosider-contemporary-shape-flower-Softub-Schweiz-AG.jpg","width":800,"height":400,"caption":"Unosider Gitterw\u00e4nde und Blumenk\u00e4sten"},{"@type":"BreadcrumbList","@id":"https:\/\/www.softub.ch\/en\/product\/unosider-shape-gitterwande-und-blumenkasten\/#breadcrumb","itemListElement":[{"@type":"ListItem","position":1,"name":"Startseite","item":"https:\/\/www.softub.ch\/en\/"},{"@type":"ListItem","position":2,"name":"Shop","item":"https:\/\/www.softub.ch\/en\/shop-2\/"},{"@type":"ListItem","position":3,"name":"Unosider Shape &#8211; Gitterw\u00e4nde und Blumenk\u00e4sten"}]},{"@type":"WebSite","@id":"https:\/\/www.softub.ch\/fr\/#website","url":"https:\/\/www.softub.ch\/fr\/","name":"Softub Schweiz","description":"Softub - Wir machen Ferien Zuhause","publisher":{"@id":"https:\/\/www.softub.ch\/fr\/#organization"},"potentialAction":[{"@type":"SearchAction","target":{"@type":"EntryPoint","urlTemplate":"https:\/\/www.softub.ch\/fr\/?s={search_term_string}"},"query-input":{"@type":"PropertyValueSpecification","valueRequired":true,"valueName":"search_term_string"}}],"inLanguage":"en-US"},{"@type":"Organization","@id":"https:\/\/www.softub.ch\/fr\/#organization","name":"Softub Schweiz AG","url":"https:\/\/www.softub.ch\/fr\/","logo":{"@type":"ImageObject","inLanguage":"en-US","@id":"https:\/\/www.softub.ch\/fr\/#\/schema\/logo\/image\/","url":"https:\/\/www.softub.ch\/wp-content\/uploads\/Softub-Logo-Softub-Schweiz-.png","contentUrl":"https:\/\/www.softub.ch\/wp-content\/uploads\/Softub-Logo-Softub-Schweiz-.png","width":200,"height":73,"caption":"Softub Schweiz AG"},"image":{"@id":"https:\/\/www.softub.ch\/fr\/#\/schema\/logo\/image\/"},"sameAs":["https:\/\/www.facebook.com\/softubschweiz","https:\/\/www.instagram.com\/softub_schweiz\/","https:\/\/ch.pinterest.com\/softub_schweiz\/","https:\/\/www.linkedin.com\/company\/softub-schweiz-ag\/"]}]}},"_links":{"self":[{"href":"https:\/\/www.softub.ch\/en\/wp-json\/wp\/v2\/product\/64103","targetHints":{"allow":["GET"]}}],"collection":[{"href":"https:\/\/www.softub.ch\/en\/wp-json\/wp\/v2\/product"}],"about":[{"href":"https:\/\/www.softub.ch\/en\/wp-json\/wp\/v2\/types\/product"}],"wp:featuredmedia":[{"embeddable":true,"href":"https:\/\/www.softub.ch\/en\/wp-json\/wp\/v2\/media\/51040"}],"wp:attachment":[{"href":"https:\/\/www.softub.ch\/en\/wp-json\/wp\/v2\/media?parent=64103"}],"wp:term":[{"taxonomy":"product_brand","embeddable":true,"href":"https:\/\/www.softub.ch\/en\/wp-json\/wp\/v2\/product_brand?post=64103"},{"taxonomy":"product_cat","embeddable":true,"href":"https:\/\/www.softub.ch\/en\/wp-json\/wp\/v2\/product_cat?post=64103"},{"taxonomy":"product_tag","embeddable":true,"href":"https:\/\/www.softub.ch\/en\/wp-json\/wp\/v2\/product_tag?post=64103"},{"taxonomy":"woo-feed-brand","embeddable":true,"href":"https:\/\/www.softub.ch\/en\/wp-json\/wp\/v2\/woo-feed-brand?post=64103"}],"curies":[{"name":"wp","href":"https:\/\/api.w.org\/{rel}","templated":true}]}}