{"id":64155,"date":"2023-07-31T13:44:45","date_gmt":"2023-07-31T11:44:45","guid":{"rendered":"https:\/\/www.softub.ch\/product\/freistehende-pergola-novecento-gallery\/"},"modified":"2024-10-10T11:43:30","modified_gmt":"2024-10-10T09:43:30","slug":"freistehende-pergola-novecento-gallery","status":"publish","type":"product","link":"https:\/\/www.softub.ch\/en\/product\/freistehende-pergola-novecento-gallery\/","title":{"rendered":"Freistehende Pergola Novecento Gallery"},"content":{"rendered":"<div class=\"fusion-fullwidth fullwidth-box fusion-builder-row-1 fusion-flex-container has-pattern-background has-mask-background nonhundred-percent-fullwidth non-hundred-percent-height-scrolling\" style=\"--awb-border-radius-top-left:0px;--awb-border-radius-top-right:0px;--awb-border-radius-bottom-right:0px;--awb-border-radius-bottom-left:0px;--awb-flex-wrap:wrap;\" ><div class=\"fusion-builder-row fusion-row fusion-flex-align-items-flex-start fusion-flex-content-wrap\" style=\"max-width:1248px;margin-left: calc(-4% \/ 2 );margin-right: calc(-4% \/ 2 );\"><div class=\"fusion-layout-column fusion_builder_column fusion-builder-column-0 fusion_builder_column_3_4 3_4 fusion-flex-column\" style=\"--awb-bg-size:cover;--awb-width-large:75%;--awb-margin-top-large:0px;--awb-spacing-right-large:2.56%;--awb-margin-bottom-large:20px;--awb-spacing-left-large:2.56%;--awb-width-medium:100%;--awb-order-medium:0;--awb-spacing-right-medium:1.92%;--awb-spacing-left-medium:1.92%;--awb-width-small:100%;--awb-order-small:0;--awb-spacing-right-small:1.92%;--awb-spacing-left-small:1.92%;\"><div class=\"fusion-column-wrapper fusion-column-has-shadow fusion-flex-justify-content-flex-start fusion-content-layout-column\"><div class=\"fusion-text fusion-text-1\"><h1>Unosider freistehende Pergola Novecento Gallery<\/h1>\n<p>Die Unosider freistehende Pergola Novecento Gallery mit weichen und eleganten Linien f\u00fcr den perfekten Hausanbau. Eine sch\u00f6ne, funktionelle Struktur, die unangefochtener Star unserer Kollektion ist und zu ihrem Zuhause passt.<\/p>\n<p>Alle Seiten k\u00f6nnen geschlossen werden, wenn Sie eine Konstruktion f\u00fcr alle Jahreszeiten mit Vorh\u00e4ngen aus glattem PVC oder Vorh\u00e4ngen mit Fenstern w\u00e4hlen. Die gekonnte L\u00f6sung um sich im Outdoor Bereich zu sch\u00fctzen.<\/p>\n<h3>Tragende Konstruktion:<\/h3>\n<ul>\n<li>Selbsttragende Struktur aus bearbeitetem Stahl mit Feuerverzinkung<\/li>\n<li>UV-best\u00e4ndig<\/li>\n<li>Kundenspezifische Module bis zu einer Gr\u00f6sse von 5.24 x 5 Meter k\u00f6nnen realisiert werden<\/li>\n<li>60 x 60 mm S\u00e4ulenquerschnitt<\/li>\n<li>Balkenquerschnitt 180 x 30 x 2 mm<\/li>\n<li>Schr\u00e4gschnitt 30 x 30 x 2 mm<\/li>\n<li>Dekoration der Frontbalken ist in drei Varianten erh\u00e4ltlich<\/li>\n<\/ul>\n<h3>Markisentuch:<\/h3>\n<ul>\n<li>PVC &#8211; fest und wasserdicht<\/li>\n<li>weiss oder champagner Farbe<\/li>\n<li>Befestigung mit sichtbaren B\u00e4ndern<\/li>\n<\/ul>\n<h3>Zubeh\u00f6r:<\/h3>\n<ul>\n<li>PVC-Paneel zur inneren Abschirmung der umlaufenden Balken<\/li>\n<li>Kabelbinder-Abdeckprofil<\/li>\n<li>Blechabdeckungen, die wie die Struktur lackiert sind, um das Eindringen von Wasser zwischen der Pergola und der Wand zu verhindern<\/li>\n<li>Dekorierte Seitentr\u00e4ger, auch mit PVC-Innenauskleidung erh\u00e4ltlich<\/li>\n<li>Seitenvorh\u00e4nge mit Reissverschl\u00fcssen aus Acryl- oder PVC-Gewebe und Schiebestangen erh\u00e4ltlich<\/li>\n<li>Anordnung zur Montage von Kronleuchtern an den H\u00e4ngen<\/li>\n<\/ul>\n<p><strong>Standardmasse:<\/strong> ab 3\u00d73 Meter bis 5,24 \u00d7 5 Meter + Verl\u00e4ngerung<br \/>\n<strong>Massanfertigung m\u00f6glich<\/strong><\/p>\n<h3>Familie Novecento:<\/h3>\n<ul>\n<li><a href=\"https:\/\/softub.ch\/produkt\/der-unosider-pavillon-novecento\/\" target=\"_blank\" rel=\"noopener\">Pavillon Novecento<\/a><\/li>\n<li><a href=\"https:\/\/softub.ch\/produkt\/unosider-pavillon-novecento-rain\/\" target=\"_blank\" rel=\"noopener\">Pavillon Novecento Rain<\/a><\/li>\n<li><a href=\"https:\/\/softub.ch\/produkt\/unosider-wandpergola-novecento\/\" target=\"_blank\" rel=\"noopener\">Pergola Novecento<\/a><\/li>\n<li><a href=\"https:\/\/softub.ch\/produkt\/unosider-wandpergola-novecento-rain\/\" target=\"_blank\" rel=\"noopener\">Pergola Novecento Rain<\/a><\/li>\n<li><a href=\"https:\/\/softub.ch\/produkt\/unosider-pavillon-novecento-sechseckig\/\" target=\"_blank\" rel=\"noopener\">Novecento Hexagon<\/a><\/li>\n<li>Novecento Hexagon Rain<\/li>\n<li>Freistehende Pergola Novecento Gallery<\/li>\n<\/ul>\n<div>\n<h3 class=\"fusion-responsive-typography-calculated\" data-fontsize=\"18\" data-lineheight=\"27px\">Montage Ihrer neuen Pergola<\/h3>\n<\/div>\n<div>\n<p>F\u00fcr die Installation Ihrer neuen Pergola m\u00fcssen Sie sich keine Gedanken machen! Wir stellen Ihnen gerne unser hauseigenes, fachm\u00e4nnisches Installationsteam f\u00fcr die Montage zur Verf\u00fcgung.<\/p>\n<\/div>\n<div>\n<h3 class=\"fusion-responsive-typography-calculated\" data-fontsize=\"18\" data-lineheight=\"27px\">Unosider \u2013 Pavillon, Pergola, Sonnenschutzsystem und Wetterschutzsystem<\/h3>\n<\/div>\n<div>\n<p><strong>25 Jahre Erfahrung<\/strong> im Bereich Beschattung und Sonnenschutz f\u00fcr Garten und Terrasse: <strong>Unosider<\/strong> aus Italien, hat im Laufe der Jahre vielseitig einsetzbare <strong>Outdoor Locations<\/strong> entwickelt. Mit Freude ist man st\u00e4ndig auf der Suche nach innovativen L\u00f6sungen und Formen f\u00fcr Pavillons und Pergolen.<span class=\"apple-converted-space\">\u00a0<\/span><span class=\"apple-converted-space\">\u00a0<\/span><span class=\"apple-converted-space\">\u00a0<\/span><span class=\"apple-converted-space\">\u00a0<\/span><span class=\"apple-converted-space\">\u00a0<\/span><\/p>\n<\/div>\n<div>\n<p><strong>Eigene Werkst\u00e4tten und betriebsinterne Produktion<\/strong> , sind der ganze Stolz von Unosider. Man legt grossen Wert auf die Wurzeln, die in der <strong>italienischen Handwerkstradition<\/strong> liegen. Dies setzt sich mit <strong>hochwertiger Qualit\u00e4t, Flexibilit\u00e4t und massengefertigten L\u00f6sungen<\/strong> f\u00fcr Ihre Pergola und ihren Pavillon um.<span class=\"apple-converted-space\">\u00a0<\/span><span class=\"apple-converted-space\">\u00a0<\/span><span class=\"apple-converted-space\">\u00a0<\/span><span class=\"apple-converted-space\">\u00a0<\/span><\/p>\n<\/div>\n<div>\n<p>Ihr Traumgarten mit Dolce Vita von Softub Schweiz AG.<\/p>\n<\/div>\n<div>\n<h3 class=\"fusion-responsive-typography-calculated\" data-fontsize=\"18\" data-lineheight=\"27px\">Weiteres Zubeh\u00f6r f\u00fcr Ihr Zuhause<\/h3>\n<\/div>\n<div>\n<p>Wir haben ein umfangreiches Zubeh\u00f6rsortiment f\u00fcr Sie zusammengestellt, damit Sie sich die passenden Produkte in Ruhe in unserem Onlineshop ausw\u00e4hlen k\u00f6nnen.<\/p>\n<\/div>\n<div>\n<p>Wenn Sie sich dar\u00fcber hinaus Ihre ganz pers\u00f6nliche Wellness-Oase schaffen wollen, schauen Sie sich doch einfach unsere Softub <a href=\"https:\/\/softub.ch\/shop\/softub-whirlpools\/\">Whirlpools<\/a> an, die perfekt zu Ihrem <a href=\"https:\/\/www.meinschattenspender.ch\/\" target=\"_blank\" rel=\"noopener\">Unosider Pavillon<\/a>passen k\u00f6nnten.<span class=\"apple-converted-space\">\u00a0<\/span><span class=\"apple-converted-space\">\u00a0<\/span><span class=\"apple-converted-space\">\u00a0<\/span><span class=\"apple-converted-space\">\u00a0<\/span><\/p>\n<\/div>\n<div>\n<p>Wir beraten Sie gerne, <a href=\"tel:+41443969060\">telefonisch<\/a> , in einem unserer Showrooms oder bei Ihnen Zuhause.<span class=\"apple-converted-space\">\u00a0<\/span><\/p>\n<\/div>\n<\/div><\/div><\/div><\/div><\/div>\n","protected":false},"excerpt":{"rendered":"","protected":false},"featured_media":50951,"template":"","meta":{"_acf_changed":false},"product_brand":[],"product_cat":[2914],"product_tag":[3283,5892,2906,1224,1342,1234,1321,679,3045,1334,681,1349,3289,1320,1329,1337,699],"woo-feed-brand":[],"class_list":{"0":"post-64155","1":"product","2":"type-product","3":"status-publish","4":"has-post-thumbnail","6":"product_cat-carports-en","7":"product_tag-buy-pavilion","8":"product_tag-carport-switzerland","9":"product_tag-carports","10":"product_tag-elegant-en","11":"product_tag-italian-pavillon","12":"product_tag-outdoor-en","13":"product_tag-pavilion","14":"product_tag-softub-en","15":"product_tag-softub-schweiz-ag-en","16":"product_tag-softub-switzerland","17":"product_tag-softub-whirlpool-en","18":"product_tag-sun-protection-en","19":"product_tag-sun-sail","20":"product_tag-unosider-en","21":"product_tag-unosider-pavilion","22":"product_tag-whirlpool-roofing","23":"product_tag-whirlpools-en","25":"first","26":"instock","27":"taxable","28":"shipping-taxable","29":"purchasable","30":"product-type-variable"},"acf":[],"yoast_head":"<!-- This site is optimized with the Yoast SEO Premium plugin v27.5 (Yoast SEO v27.5) - https:\/\/yoast.com\/product\/yoast-seo-premium-wordpress\/ -->\n<title>Freistehende Pergola Novecento Gallery - Softub Schweiz<\/title>\n<meta name=\"robots\" content=\"index, follow, max-snippet:-1, max-image-preview:large, max-video-preview:-1\" \/>\n<link rel=\"canonical\" href=\"https:\/\/www.softub.ch\/en\/product\/freistehende-pergola-novecento-gallery\/\" \/>\n<meta property=\"og:locale\" content=\"en_US\" \/>\n<meta property=\"og:type\" content=\"article\" \/>\n<meta property=\"og:title\" content=\"Freistehende Pergola Novecento Gallery\" \/>\n<meta property=\"og:url\" content=\"https:\/\/www.softub.ch\/en\/product\/freistehende-pergola-novecento-gallery\/\" \/>\n<meta property=\"og:site_name\" content=\"Softub Schweiz\" \/>\n<meta property=\"article:publisher\" content=\"https:\/\/www.facebook.com\/softubschweiz\" \/>\n<meta property=\"article:modified_time\" content=\"2024-10-10T09:43:30+00:00\" \/>\n<meta property=\"og:image\" content=\"https:\/\/www.softub.ch\/wp-content\/uploads\/unosider_linea_classica_cover_autoportante_novecento_5m.jpg\" \/>\n\t<meta property=\"og:image:width\" content=\"1024\" \/>\n\t<meta property=\"og:image:height\" content=\"681\" \/>\n\t<meta property=\"og:image:type\" content=\"image\/jpeg\" \/>\n<meta name=\"twitter:card\" content=\"summary_large_image\" \/>\n<meta name=\"twitter:label1\" content=\"Est. reading time\" \/>\n\t<meta name=\"twitter:data1\" content=\"7 minutes\" \/>\n<script type=\"application\/ld+json\" class=\"yoast-schema-graph\">{\"@context\":\"https:\\\/\\\/schema.org\",\"@graph\":[{\"@type\":\"WebPage\",\"@id\":\"https:\\\/\\\/www.softub.ch\\\/en\\\/product\\\/freistehende-pergola-novecento-gallery\\\/\",\"url\":\"https:\\\/\\\/www.softub.ch\\\/en\\\/product\\\/freistehende-pergola-novecento-gallery\\\/\",\"name\":\"Freistehende Pergola Novecento Gallery - Softub Schweiz\",\"isPartOf\":{\"@id\":\"https:\\\/\\\/www.softub.ch\\\/fr\\\/#website\"},\"primaryImageOfPage\":{\"@id\":\"https:\\\/\\\/www.softub.ch\\\/en\\\/product\\\/freistehende-pergola-novecento-gallery\\\/#primaryimage\"},\"image\":{\"@id\":\"https:\\\/\\\/www.softub.ch\\\/en\\\/product\\\/freistehende-pergola-novecento-gallery\\\/#primaryimage\"},\"thumbnailUrl\":\"https:\\\/\\\/www.softub.ch\\\/wp-content\\\/uploads\\\/unosider_linea_classica_cover_autoportante_novecento_5m.jpg\",\"datePublished\":\"2023-07-31T11:44:45+00:00\",\"dateModified\":\"2024-10-10T09:43:30+00:00\",\"breadcrumb\":{\"@id\":\"https:\\\/\\\/www.softub.ch\\\/en\\\/product\\\/freistehende-pergola-novecento-gallery\\\/#breadcrumb\"},\"inLanguage\":\"en-US\",\"potentialAction\":[{\"@type\":\"ReadAction\",\"target\":[\"https:\\\/\\\/www.softub.ch\\\/en\\\/product\\\/freistehende-pergola-novecento-gallery\\\/\"]}]},{\"@type\":\"ImageObject\",\"inLanguage\":\"en-US\",\"@id\":\"https:\\\/\\\/www.softub.ch\\\/en\\\/product\\\/freistehende-pergola-novecento-gallery\\\/#primaryimage\",\"url\":\"https:\\\/\\\/www.softub.ch\\\/wp-content\\\/uploads\\\/unosider_linea_classica_cover_autoportante_novecento_5m.jpg\",\"contentUrl\":\"https:\\\/\\\/www.softub.ch\\\/wp-content\\\/uploads\\\/unosider_linea_classica_cover_autoportante_novecento_5m.jpg\",\"width\":1024,\"height\":681,\"caption\":\"????????????????????????????????????\"},{\"@type\":\"BreadcrumbList\",\"@id\":\"https:\\\/\\\/www.softub.ch\\\/en\\\/product\\\/freistehende-pergola-novecento-gallery\\\/#breadcrumb\",\"itemListElement\":[{\"@type\":\"ListItem\",\"position\":1,\"name\":\"Startseite\",\"item\":\"https:\\\/\\\/www.softub.ch\\\/en\\\/\"},{\"@type\":\"ListItem\",\"position\":2,\"name\":\"Shop\",\"item\":\"https:\\\/\\\/www.softub.ch\\\/en\\\/shop-2\\\/\"},{\"@type\":\"ListItem\",\"position\":3,\"name\":\"Freistehende Pergola Novecento Gallery\"}]},{\"@type\":\"WebSite\",\"@id\":\"https:\\\/\\\/www.softub.ch\\\/fr\\\/#website\",\"url\":\"https:\\\/\\\/www.softub.ch\\\/fr\\\/\",\"name\":\"Softub Schweiz\",\"description\":\"Softub - Wir machen Ferien Zuhause\",\"publisher\":{\"@id\":\"https:\\\/\\\/www.softub.ch\\\/fr\\\/#organization\"},\"potentialAction\":[{\"@type\":\"SearchAction\",\"target\":{\"@type\":\"EntryPoint\",\"urlTemplate\":\"https:\\\/\\\/www.softub.ch\\\/fr\\\/?s={search_term_string}\"},\"query-input\":{\"@type\":\"PropertyValueSpecification\",\"valueRequired\":true,\"valueName\":\"search_term_string\"}}],\"inLanguage\":\"en-US\"},{\"@type\":\"Organization\",\"@id\":\"https:\\\/\\\/www.softub.ch\\\/fr\\\/#organization\",\"name\":\"Softub Schweiz AG\",\"url\":\"https:\\\/\\\/www.softub.ch\\\/fr\\\/\",\"logo\":{\"@type\":\"ImageObject\",\"inLanguage\":\"en-US\",\"@id\":\"https:\\\/\\\/www.softub.ch\\\/fr\\\/#\\\/schema\\\/logo\\\/image\\\/\",\"url\":\"https:\\\/\\\/www.softub.ch\\\/wp-content\\\/uploads\\\/Softub-Logo-Softub-Schweiz-.png\",\"contentUrl\":\"https:\\\/\\\/www.softub.ch\\\/wp-content\\\/uploads\\\/Softub-Logo-Softub-Schweiz-.png\",\"width\":200,\"height\":73,\"caption\":\"Softub Schweiz AG\"},\"image\":{\"@id\":\"https:\\\/\\\/www.softub.ch\\\/fr\\\/#\\\/schema\\\/logo\\\/image\\\/\"},\"sameAs\":[\"https:\\\/\\\/www.facebook.com\\\/softubschweiz\",\"https:\\\/\\\/www.instagram.com\\\/softub_schweiz\\\/\",\"https:\\\/\\\/ch.pinterest.com\\\/softub_schweiz\\\/\",\"https:\\\/\\\/www.linkedin.com\\\/company\\\/softub-schweiz-ag\\\/\"]}]}<\/script>\n<!-- \/ Yoast SEO Premium plugin. -->","yoast_head_json":{"title":"Freistehende Pergola Novecento Gallery - Softub Schweiz","robots":{"index":"index","follow":"follow","max-snippet":"max-snippet:-1","max-image-preview":"max-image-preview:large","max-video-preview":"max-video-preview:-1"},"canonical":"https:\/\/www.softub.ch\/en\/product\/freistehende-pergola-novecento-gallery\/","og_locale":"en_US","og_type":"article","og_title":"Freistehende Pergola Novecento Gallery","og_url":"https:\/\/www.softub.ch\/en\/product\/freistehende-pergola-novecento-gallery\/","og_site_name":"Softub Schweiz","article_publisher":"https:\/\/www.facebook.com\/softubschweiz","article_modified_time":"2024-10-10T09:43:30+00:00","og_image":[{"width":1024,"height":681,"url":"https:\/\/www.softub.ch\/wp-content\/uploads\/unosider_linea_classica_cover_autoportante_novecento_5m.jpg","type":"image\/jpeg"}],"twitter_card":"summary_large_image","twitter_misc":{"Est. reading time":"7 minutes"},"schema":{"@context":"https:\/\/schema.org","@graph":[{"@type":"WebPage","@id":"https:\/\/www.softub.ch\/en\/product\/freistehende-pergola-novecento-gallery\/","url":"https:\/\/www.softub.ch\/en\/product\/freistehende-pergola-novecento-gallery\/","name":"Freistehende Pergola Novecento Gallery - Softub Schweiz","isPartOf":{"@id":"https:\/\/www.softub.ch\/fr\/#website"},"primaryImageOfPage":{"@id":"https:\/\/www.softub.ch\/en\/product\/freistehende-pergola-novecento-gallery\/#primaryimage"},"image":{"@id":"https:\/\/www.softub.ch\/en\/product\/freistehende-pergola-novecento-gallery\/#primaryimage"},"thumbnailUrl":"https:\/\/www.softub.ch\/wp-content\/uploads\/unosider_linea_classica_cover_autoportante_novecento_5m.jpg","datePublished":"2023-07-31T11:44:45+00:00","dateModified":"2024-10-10T09:43:30+00:00","breadcrumb":{"@id":"https:\/\/www.softub.ch\/en\/product\/freistehende-pergola-novecento-gallery\/#breadcrumb"},"inLanguage":"en-US","potentialAction":[{"@type":"ReadAction","target":["https:\/\/www.softub.ch\/en\/product\/freistehende-pergola-novecento-gallery\/"]}]},{"@type":"ImageObject","inLanguage":"en-US","@id":"https:\/\/www.softub.ch\/en\/product\/freistehende-pergola-novecento-gallery\/#primaryimage","url":"https:\/\/www.softub.ch\/wp-content\/uploads\/unosider_linea_classica_cover_autoportante_novecento_5m.jpg","contentUrl":"https:\/\/www.softub.ch\/wp-content\/uploads\/unosider_linea_classica_cover_autoportante_novecento_5m.jpg","width":1024,"height":681,"caption":"????????????????????????????????????"},{"@type":"BreadcrumbList","@id":"https:\/\/www.softub.ch\/en\/product\/freistehende-pergola-novecento-gallery\/#breadcrumb","itemListElement":[{"@type":"ListItem","position":1,"name":"Startseite","item":"https:\/\/www.softub.ch\/en\/"},{"@type":"ListItem","position":2,"name":"Shop","item":"https:\/\/www.softub.ch\/en\/shop-2\/"},{"@type":"ListItem","position":3,"name":"Freistehende Pergola Novecento Gallery"}]},{"@type":"WebSite","@id":"https:\/\/www.softub.ch\/fr\/#website","url":"https:\/\/www.softub.ch\/fr\/","name":"Softub Schweiz","description":"Softub - Wir machen Ferien Zuhause","publisher":{"@id":"https:\/\/www.softub.ch\/fr\/#organization"},"potentialAction":[{"@type":"SearchAction","target":{"@type":"EntryPoint","urlTemplate":"https:\/\/www.softub.ch\/fr\/?s={search_term_string}"},"query-input":{"@type":"PropertyValueSpecification","valueRequired":true,"valueName":"search_term_string"}}],"inLanguage":"en-US"},{"@type":"Organization","@id":"https:\/\/www.softub.ch\/fr\/#organization","name":"Softub Schweiz AG","url":"https:\/\/www.softub.ch\/fr\/","logo":{"@type":"ImageObject","inLanguage":"en-US","@id":"https:\/\/www.softub.ch\/fr\/#\/schema\/logo\/image\/","url":"https:\/\/www.softub.ch\/wp-content\/uploads\/Softub-Logo-Softub-Schweiz-.png","contentUrl":"https:\/\/www.softub.ch\/wp-content\/uploads\/Softub-Logo-Softub-Schweiz-.png","width":200,"height":73,"caption":"Softub Schweiz AG"},"image":{"@id":"https:\/\/www.softub.ch\/fr\/#\/schema\/logo\/image\/"},"sameAs":["https:\/\/www.facebook.com\/softubschweiz","https:\/\/www.instagram.com\/softub_schweiz\/","https:\/\/ch.pinterest.com\/softub_schweiz\/","https:\/\/www.linkedin.com\/company\/softub-schweiz-ag\/"]}]}},"_links":{"self":[{"href":"https:\/\/www.softub.ch\/en\/wp-json\/wp\/v2\/product\/64155","targetHints":{"allow":["GET"]}}],"collection":[{"href":"https:\/\/www.softub.ch\/en\/wp-json\/wp\/v2\/product"}],"about":[{"href":"https:\/\/www.softub.ch\/en\/wp-json\/wp\/v2\/types\/product"}],"wp:featuredmedia":[{"embeddable":true,"href":"https:\/\/www.softub.ch\/en\/wp-json\/wp\/v2\/media\/50951"}],"wp:attachment":[{"href":"https:\/\/www.softub.ch\/en\/wp-json\/wp\/v2\/media?parent=64155"}],"wp:term":[{"taxonomy":"product_brand","embeddable":true,"href":"https:\/\/www.softub.ch\/en\/wp-json\/wp\/v2\/product_brand?post=64155"},{"taxonomy":"product_cat","embeddable":true,"href":"https:\/\/www.softub.ch\/en\/wp-json\/wp\/v2\/product_cat?post=64155"},{"taxonomy":"product_tag","embeddable":true,"href":"https:\/\/www.softub.ch\/en\/wp-json\/wp\/v2\/product_tag?post=64155"},{"taxonomy":"woo-feed-brand","embeddable":true,"href":"https:\/\/www.softub.ch\/en\/wp-json\/wp\/v2\/woo-feed-brand?post=64155"}],"curies":[{"name":"wp","href":"https:\/\/api.w.org\/{rel}","templated":true}]}}