{"id":66771,"date":"2025-01-14T14:57:07","date_gmt":"2025-01-14T13:57:07","guid":{"rendered":"https:\/\/www.softub.ch\/?post_type=product&#038;p=66771"},"modified":"2025-01-14T14:58:22","modified_gmt":"2025-01-14T13:58:22","slug":"zusaetzliche-biohort-doppeltuer","status":"publish","type":"product","link":"https:\/\/www.softub.ch\/en\/product\/zusaetzliche-biohort-doppeltuer\/","title":{"rendered":"Zus\u00e4tzliche Biohort Doppelt\u00fcr f\u00fcr Ger\u00e4teh\u00e4user"},"content":{"rendered":"<div class=\"fusion-fullwidth fullwidth-box fusion-builder-row-1 fusion-flex-container has-pattern-background has-mask-background nonhundred-percent-fullwidth non-hundred-percent-height-scrolling\" style=\"--awb-border-radius-top-left:0px;--awb-border-radius-top-right:0px;--awb-border-radius-bottom-right:0px;--awb-border-radius-bottom-left:0px;--awb-flex-wrap:wrap;\" ><div class=\"fusion-builder-row fusion-row fusion-flex-align-items-flex-start fusion-flex-content-wrap\" style=\"max-width:1248px;margin-left: calc(-4% \/ 2 );margin-right: calc(-4% \/ 2 );\"><div class=\"fusion-layout-column fusion_builder_column fusion-builder-column-0 fusion_builder_column_5_6 5_6 fusion-flex-column\" style=\"--awb-bg-size:cover;--awb-width-large:83.333333333333%;--awb-margin-top-large:0px;--awb-spacing-right-large:2.304%;--awb-margin-bottom-large:20px;--awb-spacing-left-large:2.304%;--awb-width-medium:100%;--awb-order-medium:0;--awb-spacing-right-medium:1.92%;--awb-spacing-left-medium:1.92%;--awb-width-small:100%;--awb-order-small:0;--awb-spacing-right-small:1.92%;--awb-spacing-left-small:1.92%;\"><div class=\"fusion-column-wrapper fusion-column-has-shadow fusion-flex-justify-content-flex-start fusion-content-layout-column\"><div class=\"fusion-text fusion-text-1\"><h1>Zus\u00e4tzliche Biohort Doppelt\u00fcr<\/h1>\n<p>Die Zus\u00e4tzliche Biohort Doppelt\u00fcr, so dass Ihr Biohort Ger\u00e4tehaus von zwei Seiten begehbar ist.<\/p>\n<p>Im Lieferumfang enthalten sind eine Edelstahl-Dr\u00fccker-Garnitur mit Normzylinder, eine 3-fach Verriegelung, eine Gasdruckfeder, Scharniere, zwei Werkzeughalter sowie die passenden seitlichen T\u00fcranschlagbleche.<\/p>\n<h3 class=\"fusion-responsive-typography-calculated\" data-fontsize=\"18\" data-lineheight=\"27px\">Zubeh\u00f6r f\u00fcr Ihr Zuhause:<\/h3>\n<div id=\"colors-and-sizes\" class=\"tab-holder\">\n<div class=\"tab-wrapper\">\n<div class=\"tab-content colors-and-sizes\">\n<div class=\"api-content\">\n<div id=\"c8205\" class=\"ecx-cframe ecx-layout0 ecx-imagepos-17 \">\n<div class=\"ecx-ctype ecx-ctype-textmedia\">\n<div class=\"ce-textpic ce-right ce-intext\">\n<div class=\"ce-bodytext\">\n<p>Wir haben ein reichhaltiges Zubeh\u00f6rsortiment f\u00fcr Sie zusammengestellt, so dass Sie sich die passenden Produkte in Ruhe in unserem Onlineshop ausw\u00e4hlen k\u00f6nnen. Wenn Sie sich dar\u00fcber hinaus Ihre ganz pers\u00f6nliche Wellness-Oase schaffen wollen, so schauen Sie sich doch einfach unsere Softub\u00a0<a href=\"https:\/\/www.softub.ch\/en\/shop-2\/softub-whirlpools\/\" target=\"_blank\" rel=\"noopener\">Whirlpools<\/a>\u00a0oder\u00a0<a href=\"https:\/\/softub.ch\/shop\/saunen-zubehoer\/\" target=\"_blank\" rel=\"noopener\">Weka Saunen<\/a>\u00a0an \u2013 eventuell auch in Kombination mit einem\u00a0<a href=\"https:\/\/meinschattenspender.ch\/\">Unosider-<\/a><a href=\"https:\/\/meinschattenspender.ch\/\">Pavillon<\/a>.<\/p>\n<p>Wir beraten Sie gerne, telefonisch, in einem unserer Showrooms oder bei Ihnen Zuhause.<\/p>\n<\/div>\n<\/div>\n<\/div>\n<\/div>\n<\/div>\n<\/div>\n<\/div>\n<\/div>\n<\/div><\/div><\/div><\/div><\/div>\n","protected":false},"excerpt":{"rendered":"<h2>Zus\u00e4tzliche Doppelt\u00fcr<\/h2>\n<p>Damit Ihr Biohort Ger\u00e4tehaus von zwei Seiten begehbar wird, k\u00f6nnen Sie eine weitere Doppelt\u00fcre einbauen.<\/p>\n<p><strong>Farben:\u00a0<\/strong><\/p>\n<ul>\n<li>silber-metallic<\/li>\n<li>quarzgrau-metallic<\/li>\n<li>dunkelgrau-metallic<\/li>\n<\/ul>\n","protected":false},"featured_media":67017,"template":"","meta":{"_acf_changed":false},"product_brand":[],"product_cat":[5277],"product_tag":[4421,9061,4434,4560,3086,4531,8929,4423,3456,679,1334],"woo-feed-brand":[],"class_list":{"0":"post-66771","1":"product","2":"type-product","3":"status-publish","4":"has-post-thumbnail","6":"product_cat-biohort-accessoires-replacement-parts","7":"product_tag-biohort-accessories","8":"product_tag-doppeltuer-fuer-gartenhaus-en","9":"product_tag-double-door-for-garden-sheds","10":"product_tag-garden-house-highline","11":"product_tag-garden-shed-made-out-of-metal","12":"product_tag-garden-shed-neo-en","13":"product_tag-geraetehaus-panorama-en","14":"product_tag-metallic-garden-shed","15":"product_tag-modern-garden-house","16":"product_tag-softub-en","17":"product_tag-softub-switzerland","18":"product_shipping_class-biohort-kostenlose-lieferung","20":"first","21":"instock","22":"sale","23":"taxable","24":"shipping-taxable","25":"purchasable","26":"product-type-variable"},"acf":[],"yoast_head":"<!-- This site is optimized with the Yoast SEO Premium plugin v27.4 (Yoast SEO v27.4) - https:\/\/yoast.com\/product\/yoast-seo-premium-wordpress\/ -->\n<title>Zus\u00e4tzliche Biohort Doppelt\u00fcr f\u00fcr Ger\u00e4teh\u00e4user - Softub Schweiz<\/title>\n<meta name=\"description\" content=\"Zus\u00e4tzliche biohort Doppelt\u00fcr, damit Ihr Biohort Ger\u00e4tehaus von zwei Seiten begehbar wird. In den drei Standardfarben erh\u00e4ltlich.\" \/>\n<meta name=\"robots\" content=\"index, follow, max-snippet:-1, max-image-preview:large, max-video-preview:-1\" \/>\n<link rel=\"canonical\" href=\"https:\/\/www.softub.ch\/en\/product\/zusaetzliche-biohort-doppeltuer\/\" \/>\n<meta property=\"og:locale\" content=\"en_US\" \/>\n<meta property=\"og:type\" content=\"article\" \/>\n<meta property=\"og:title\" content=\"Zus\u00e4tzliche Biohort Doppelt\u00fcr f\u00fcr Ger\u00e4teh\u00e4user\" \/>\n<meta property=\"og:description\" content=\"Zus\u00e4tzliche biohort Doppelt\u00fcr, damit Ihr Biohort Ger\u00e4tehaus von zwei Seiten begehbar wird. In den drei Standardfarben erh\u00e4ltlich.\" \/>\n<meta property=\"og:url\" content=\"https:\/\/www.softub.ch\/en\/product\/zusaetzliche-biohort-doppeltuer\/\" \/>\n<meta property=\"og:site_name\" content=\"Softub Schweiz\" \/>\n<meta property=\"article:publisher\" content=\"https:\/\/www.facebook.com\/softubschweiz\" \/>\n<meta property=\"article:modified_time\" content=\"2025-01-14T13:58:22+00:00\" \/>\n<meta property=\"og:image\" content=\"https:\/\/www.softub.ch\/wp-content\/uploads\/Biohort_Panorama_P4_silber_Doppeltuer_Geraetehaeuser_Softub_Schweiz-scaled.jpg\" \/>\n\t<meta property=\"og:image:width\" content=\"2560\" \/>\n\t<meta property=\"og:image:height\" content=\"1712\" \/>\n\t<meta property=\"og:image:type\" content=\"image\/jpeg\" \/>\n<meta name=\"twitter:card\" content=\"summary_large_image\" \/>\n<meta name=\"twitter:label1\" content=\"Est. reading time\" \/>\n\t<meta name=\"twitter:data1\" content=\"1 minute\" \/>\n<script type=\"application\/ld+json\" class=\"yoast-schema-graph\">{\"@context\":\"https:\\\/\\\/schema.org\",\"@graph\":[{\"@type\":\"WebPage\",\"@id\":\"https:\\\/\\\/www.softub.ch\\\/en\\\/product\\\/zusaetzliche-biohort-doppeltuer\\\/\",\"url\":\"https:\\\/\\\/www.softub.ch\\\/en\\\/product\\\/zusaetzliche-biohort-doppeltuer\\\/\",\"name\":\"Zus\u00e4tzliche Biohort Doppelt\u00fcr f\u00fcr Ger\u00e4teh\u00e4user - Softub Schweiz\",\"isPartOf\":{\"@id\":\"https:\\\/\\\/www.softub.ch\\\/fr\\\/#website\"},\"primaryImageOfPage\":{\"@id\":\"https:\\\/\\\/www.softub.ch\\\/en\\\/product\\\/zusaetzliche-biohort-doppeltuer\\\/#primaryimage\"},\"image\":{\"@id\":\"https:\\\/\\\/www.softub.ch\\\/en\\\/product\\\/zusaetzliche-biohort-doppeltuer\\\/#primaryimage\"},\"thumbnailUrl\":\"https:\\\/\\\/www.softub.ch\\\/wp-content\\\/uploads\\\/Biohort_Panorama_P4_silber_Doppeltuer_Geraetehaeuser_Softub_Schweiz-scaled.jpg\",\"datePublished\":\"2025-01-14T13:57:07+00:00\",\"dateModified\":\"2025-01-14T13:58:22+00:00\",\"description\":\"Zus\u00e4tzliche biohort Doppelt\u00fcr, damit Ihr Biohort Ger\u00e4tehaus von zwei Seiten begehbar wird. In den drei Standardfarben erh\u00e4ltlich.\",\"breadcrumb\":{\"@id\":\"https:\\\/\\\/www.softub.ch\\\/en\\\/product\\\/zusaetzliche-biohort-doppeltuer\\\/#breadcrumb\"},\"inLanguage\":\"en-US\",\"potentialAction\":[{\"@type\":\"ReadAction\",\"target\":[\"https:\\\/\\\/www.softub.ch\\\/en\\\/product\\\/zusaetzliche-biohort-doppeltuer\\\/\"]}]},{\"@type\":\"ImageObject\",\"inLanguage\":\"en-US\",\"@id\":\"https:\\\/\\\/www.softub.ch\\\/en\\\/product\\\/zusaetzliche-biohort-doppeltuer\\\/#primaryimage\",\"url\":\"https:\\\/\\\/www.softub.ch\\\/wp-content\\\/uploads\\\/Biohort_Panorama_P4_silber_Doppeltuer_Geraetehaeuser_Softub_Schweiz-scaled.jpg\",\"contentUrl\":\"https:\\\/\\\/www.softub.ch\\\/wp-content\\\/uploads\\\/Biohort_Panorama_P4_silber_Doppeltuer_Geraetehaeuser_Softub_Schweiz-scaled.jpg\",\"width\":2560,\"height\":1712,\"caption\":\"Silbernes Gartenhaus aus Metall mit Spitzdach und zus\u00e4tzlicher Doppelt\u00fcr.\"},{\"@type\":\"BreadcrumbList\",\"@id\":\"https:\\\/\\\/www.softub.ch\\\/en\\\/product\\\/zusaetzliche-biohort-doppeltuer\\\/#breadcrumb\",\"itemListElement\":[{\"@type\":\"ListItem\",\"position\":1,\"name\":\"Startseite\",\"item\":\"https:\\\/\\\/www.softub.ch\\\/en\\\/\"},{\"@type\":\"ListItem\",\"position\":2,\"name\":\"Shop\",\"item\":\"https:\\\/\\\/www.softub.ch\\\/en\\\/shop-2\\\/\"},{\"@type\":\"ListItem\",\"position\":3,\"name\":\"Zus\u00e4tzliche Biohort Doppelt\u00fcr f\u00fcr Ger\u00e4teh\u00e4user\"}]},{\"@type\":\"WebSite\",\"@id\":\"https:\\\/\\\/www.softub.ch\\\/fr\\\/#website\",\"url\":\"https:\\\/\\\/www.softub.ch\\\/fr\\\/\",\"name\":\"Softub Schweiz\",\"description\":\"Softub - Wir machen Ferien Zuhause\",\"publisher\":{\"@id\":\"https:\\\/\\\/www.softub.ch\\\/fr\\\/#organization\"},\"potentialAction\":[{\"@type\":\"SearchAction\",\"target\":{\"@type\":\"EntryPoint\",\"urlTemplate\":\"https:\\\/\\\/www.softub.ch\\\/fr\\\/?s={search_term_string}\"},\"query-input\":{\"@type\":\"PropertyValueSpecification\",\"valueRequired\":true,\"valueName\":\"search_term_string\"}}],\"inLanguage\":\"en-US\"},{\"@type\":\"Organization\",\"@id\":\"https:\\\/\\\/www.softub.ch\\\/fr\\\/#organization\",\"name\":\"Softub Schweiz AG\",\"url\":\"https:\\\/\\\/www.softub.ch\\\/fr\\\/\",\"logo\":{\"@type\":\"ImageObject\",\"inLanguage\":\"en-US\",\"@id\":\"https:\\\/\\\/www.softub.ch\\\/fr\\\/#\\\/schema\\\/logo\\\/image\\\/\",\"url\":\"https:\\\/\\\/www.softub.ch\\\/wp-content\\\/uploads\\\/Softub-Logo-Softub-Schweiz-.png\",\"contentUrl\":\"https:\\\/\\\/www.softub.ch\\\/wp-content\\\/uploads\\\/Softub-Logo-Softub-Schweiz-.png\",\"width\":200,\"height\":73,\"caption\":\"Softub Schweiz AG\"},\"image\":{\"@id\":\"https:\\\/\\\/www.softub.ch\\\/fr\\\/#\\\/schema\\\/logo\\\/image\\\/\"},\"sameAs\":[\"https:\\\/\\\/www.facebook.com\\\/softubschweiz\",\"https:\\\/\\\/www.instagram.com\\\/softub_schweiz\\\/\",\"https:\\\/\\\/ch.pinterest.com\\\/softub_schweiz\\\/\",\"https:\\\/\\\/www.linkedin.com\\\/company\\\/softub-schweiz-ag\\\/\"]}]}<\/script>\n<!-- \/ Yoast SEO Premium plugin. -->","yoast_head_json":{"title":"Zus\u00e4tzliche Biohort Doppelt\u00fcr f\u00fcr Ger\u00e4teh\u00e4user - Softub Schweiz","description":"Zus\u00e4tzliche biohort Doppelt\u00fcr, damit Ihr Biohort Ger\u00e4tehaus von zwei Seiten begehbar wird. In den drei Standardfarben erh\u00e4ltlich.","robots":{"index":"index","follow":"follow","max-snippet":"max-snippet:-1","max-image-preview":"max-image-preview:large","max-video-preview":"max-video-preview:-1"},"canonical":"https:\/\/www.softub.ch\/en\/product\/zusaetzliche-biohort-doppeltuer\/","og_locale":"en_US","og_type":"article","og_title":"Zus\u00e4tzliche Biohort Doppelt\u00fcr f\u00fcr Ger\u00e4teh\u00e4user","og_description":"Zus\u00e4tzliche biohort Doppelt\u00fcr, damit Ihr Biohort Ger\u00e4tehaus von zwei Seiten begehbar wird. In den drei Standardfarben erh\u00e4ltlich.","og_url":"https:\/\/www.softub.ch\/en\/product\/zusaetzliche-biohort-doppeltuer\/","og_site_name":"Softub Schweiz","article_publisher":"https:\/\/www.facebook.com\/softubschweiz","article_modified_time":"2025-01-14T13:58:22+00:00","og_image":[{"width":2560,"height":1712,"url":"https:\/\/www.softub.ch\/wp-content\/uploads\/Biohort_Panorama_P4_silber_Doppeltuer_Geraetehaeuser_Softub_Schweiz-scaled.jpg","type":"image\/jpeg"}],"twitter_card":"summary_large_image","twitter_misc":{"Est. reading time":"1 minute"},"schema":{"@context":"https:\/\/schema.org","@graph":[{"@type":"WebPage","@id":"https:\/\/www.softub.ch\/en\/product\/zusaetzliche-biohort-doppeltuer\/","url":"https:\/\/www.softub.ch\/en\/product\/zusaetzliche-biohort-doppeltuer\/","name":"Zus\u00e4tzliche Biohort Doppelt\u00fcr f\u00fcr Ger\u00e4teh\u00e4user - Softub Schweiz","isPartOf":{"@id":"https:\/\/www.softub.ch\/fr\/#website"},"primaryImageOfPage":{"@id":"https:\/\/www.softub.ch\/en\/product\/zusaetzliche-biohort-doppeltuer\/#primaryimage"},"image":{"@id":"https:\/\/www.softub.ch\/en\/product\/zusaetzliche-biohort-doppeltuer\/#primaryimage"},"thumbnailUrl":"https:\/\/www.softub.ch\/wp-content\/uploads\/Biohort_Panorama_P4_silber_Doppeltuer_Geraetehaeuser_Softub_Schweiz-scaled.jpg","datePublished":"2025-01-14T13:57:07+00:00","dateModified":"2025-01-14T13:58:22+00:00","description":"Zus\u00e4tzliche biohort Doppelt\u00fcr, damit Ihr Biohort Ger\u00e4tehaus von zwei Seiten begehbar wird. In den drei Standardfarben erh\u00e4ltlich.","breadcrumb":{"@id":"https:\/\/www.softub.ch\/en\/product\/zusaetzliche-biohort-doppeltuer\/#breadcrumb"},"inLanguage":"en-US","potentialAction":[{"@type":"ReadAction","target":["https:\/\/www.softub.ch\/en\/product\/zusaetzliche-biohort-doppeltuer\/"]}]},{"@type":"ImageObject","inLanguage":"en-US","@id":"https:\/\/www.softub.ch\/en\/product\/zusaetzliche-biohort-doppeltuer\/#primaryimage","url":"https:\/\/www.softub.ch\/wp-content\/uploads\/Biohort_Panorama_P4_silber_Doppeltuer_Geraetehaeuser_Softub_Schweiz-scaled.jpg","contentUrl":"https:\/\/www.softub.ch\/wp-content\/uploads\/Biohort_Panorama_P4_silber_Doppeltuer_Geraetehaeuser_Softub_Schweiz-scaled.jpg","width":2560,"height":1712,"caption":"Silbernes Gartenhaus aus Metall mit Spitzdach und zus\u00e4tzlicher Doppelt\u00fcr."},{"@type":"BreadcrumbList","@id":"https:\/\/www.softub.ch\/en\/product\/zusaetzliche-biohort-doppeltuer\/#breadcrumb","itemListElement":[{"@type":"ListItem","position":1,"name":"Startseite","item":"https:\/\/www.softub.ch\/en\/"},{"@type":"ListItem","position":2,"name":"Shop","item":"https:\/\/www.softub.ch\/en\/shop-2\/"},{"@type":"ListItem","position":3,"name":"Zus\u00e4tzliche Biohort Doppelt\u00fcr f\u00fcr Ger\u00e4teh\u00e4user"}]},{"@type":"WebSite","@id":"https:\/\/www.softub.ch\/fr\/#website","url":"https:\/\/www.softub.ch\/fr\/","name":"Softub Schweiz","description":"Softub - Wir machen Ferien Zuhause","publisher":{"@id":"https:\/\/www.softub.ch\/fr\/#organization"},"potentialAction":[{"@type":"SearchAction","target":{"@type":"EntryPoint","urlTemplate":"https:\/\/www.softub.ch\/fr\/?s={search_term_string}"},"query-input":{"@type":"PropertyValueSpecification","valueRequired":true,"valueName":"search_term_string"}}],"inLanguage":"en-US"},{"@type":"Organization","@id":"https:\/\/www.softub.ch\/fr\/#organization","name":"Softub Schweiz AG","url":"https:\/\/www.softub.ch\/fr\/","logo":{"@type":"ImageObject","inLanguage":"en-US","@id":"https:\/\/www.softub.ch\/fr\/#\/schema\/logo\/image\/","url":"https:\/\/www.softub.ch\/wp-content\/uploads\/Softub-Logo-Softub-Schweiz-.png","contentUrl":"https:\/\/www.softub.ch\/wp-content\/uploads\/Softub-Logo-Softub-Schweiz-.png","width":200,"height":73,"caption":"Softub Schweiz AG"},"image":{"@id":"https:\/\/www.softub.ch\/fr\/#\/schema\/logo\/image\/"},"sameAs":["https:\/\/www.facebook.com\/softubschweiz","https:\/\/www.instagram.com\/softub_schweiz\/","https:\/\/ch.pinterest.com\/softub_schweiz\/","https:\/\/www.linkedin.com\/company\/softub-schweiz-ag\/"]}]}},"_links":{"self":[{"href":"https:\/\/www.softub.ch\/en\/wp-json\/wp\/v2\/product\/66771","targetHints":{"allow":["GET"]}}],"collection":[{"href":"https:\/\/www.softub.ch\/en\/wp-json\/wp\/v2\/product"}],"about":[{"href":"https:\/\/www.softub.ch\/en\/wp-json\/wp\/v2\/types\/product"}],"wp:featuredmedia":[{"embeddable":true,"href":"https:\/\/www.softub.ch\/en\/wp-json\/wp\/v2\/media\/67017"}],"wp:attachment":[{"href":"https:\/\/www.softub.ch\/en\/wp-json\/wp\/v2\/media?parent=66771"}],"wp:term":[{"taxonomy":"product_brand","embeddable":true,"href":"https:\/\/www.softub.ch\/en\/wp-json\/wp\/v2\/product_brand?post=66771"},{"taxonomy":"product_cat","embeddable":true,"href":"https:\/\/www.softub.ch\/en\/wp-json\/wp\/v2\/product_cat?post=66771"},{"taxonomy":"product_tag","embeddable":true,"href":"https:\/\/www.softub.ch\/en\/wp-json\/wp\/v2\/product_tag?post=66771"},{"taxonomy":"woo-feed-brand","embeddable":true,"href":"https:\/\/www.softub.ch\/en\/wp-json\/wp\/v2\/woo-feed-brand?post=66771"}],"curies":[{"name":"wp","href":"https:\/\/api.w.org\/{rel}","templated":true}]}}