{"id":67297,"date":"2025-01-21T14:37:13","date_gmt":"2025-01-21T13:37:13","guid":{"rendered":"https:\/\/www.softub.ch\/product\/seitlicher-biohort-casanova-einbau\/"},"modified":"2025-01-21T14:41:13","modified_gmt":"2025-01-21T13:41:13","slug":"seitlicher-biohort-casanova-einbau","status":"publish","type":"product","link":"https:\/\/www.softub.ch\/en\/product\/seitlicher-biohort-casanova-einbau\/","title":{"rendered":"biohort CASANOVA Aufpreis seitlicher Einbau &#8211; 2. T\u00fcrfl\u00fcgel"},"content":{"rendered":"<div class=\"fusion-fullwidth fullwidth-box fusion-builder-row-1 fusion-flex-container has-pattern-background has-mask-background nonhundred-percent-fullwidth non-hundred-percent-height-scrolling\" style=\"--awb-border-radius-top-left:0px;--awb-border-radius-top-right:0px;--awb-border-radius-bottom-right:0px;--awb-border-radius-bottom-left:0px;--awb-flex-wrap:wrap;\" ><div class=\"fusion-builder-row fusion-row fusion-flex-align-items-flex-start fusion-flex-content-wrap\" style=\"max-width:1248px;margin-left: calc(-4% \/ 2 );margin-right: calc(-4% \/ 2 );\"><div class=\"fusion-layout-column fusion_builder_column fusion-builder-column-0 fusion_builder_column_4_5 4_5 fusion-flex-column\" style=\"--awb-bg-size:cover;--awb-width-large:80%;--awb-margin-top-large:0px;--awb-spacing-right-large:2.4%;--awb-margin-bottom-large:20px;--awb-spacing-left-large:2.4%;--awb-width-medium:100%;--awb-order-medium:0;--awb-spacing-right-medium:1.92%;--awb-spacing-left-medium:1.92%;--awb-width-small:100%;--awb-order-small:0;--awb-spacing-right-small:1.92%;--awb-spacing-left-small:1.92%;\"><div class=\"fusion-column-wrapper fusion-column-has-shadow fusion-flex-justify-content-flex-start fusion-content-layout-column\"><div class=\"fusion-text fusion-text-1\"><h1>Seitlicher Biohort Casanova Einbau<\/h1>\n<p>Ein seitlicher Biohort Casanova Einbau f\u00fcr einen zweiten T\u00fcrfl\u00fcgel in der Seitenwand statt standardm\u00e4ssige Einbauung in der Vorder- oder R\u00fcckwand.<\/p>\n<div id=\"overview\" class=\"tab-holder\">\n<div class=\"tab-wrapper\">\n<div class=\"tab-content overview\">\n<div class=\"api-content\">\n<div id=\"c14335\" class=\"ecx-cframe ecx-layout0 ecx-imagepos-2 \">\n<div class=\"ecx-ctype ecx-ctype-textmedia\">\n<div class=\"ce-textpic ce-left ce-above\">\n<h3 class=\"ce-bodytext fusion-responsive-typography-calculated\" data-fontsize=\"18\" data-lineheight=\"27px\">Zubeh\u00f6r f\u00fcr Ihr Zuhause:<\/h3>\n<\/div>\n<\/div>\n<\/div>\n<\/div>\n<\/div>\n<\/div>\n<\/div>\n<div id=\"colors-and-sizes\" class=\"tab-holder\">\n<div class=\"tab-wrapper\">\n<div class=\"tab-content colors-and-sizes\">\n<div class=\"api-content\">\n<div id=\"c8205\" class=\"ecx-cframe ecx-layout0 ecx-imagepos-17 \">\n<div class=\"ecx-ctype ecx-ctype-textmedia\">\n<div class=\"ce-textpic ce-right ce-intext\">\n<div class=\"ce-bodytext\">\n<p>Wir haben ein reichhaltiges Zubeh\u00f6rsortiment f\u00fcr Sie zusammengestellt, so dass Sie sich die passenden Produkte in Ruhe in unserem Onlineshop ausw\u00e4hlen k\u00f6nnen. Wenn Sie sich dar\u00fcber hinaus Ihre ganz pers\u00f6nliche Wellness-Oase schaffen wollen, so schauen Sie sich doch einfach unsere Softub\u00a0<a href=\"https:\/\/www.softub.ch\/en\/shop-2\/softub-whirlpools\/\" target=\"_blank\" rel=\"noopener\">Whirlpools<\/a>\u00a0oder Weka Saunen an \u2013 eventuell auch in Kombination mit einem\u00a0<a href=\"https:\/\/meinschattenspender.ch\/\">Unosider-<\/a><a href=\"https:\/\/meinschattenspender.ch\/\">Pavillon<\/a>.<\/p>\n<p>Wir beraten Sie gerne, telefonisch, in einem unserer Showrooms oder bei Ihnen Zuhause.<\/p>\n<\/div>\n<\/div>\n<\/div>\n<\/div>\n<\/div>\n<\/div>\n<\/div>\n<\/div>\n<\/div><\/div><\/div><\/div><\/div>\n","protected":false},"excerpt":{"rendered":"<h2>Aufpreis seitlicher Einbau 2. T\u00fcrfl\u00fcgel<\/h2>\n<p>Aufpreis f\u00fcr den Einbau des zweiten T\u00fcrfl\u00fcgels in einer Seitenwand des CasaNova Nebengeb\u00e4udes.<\/p>\n<p>Kann nachtr\u00e4glich <strong>nicht<\/strong> eingebaut werden.<\/p>\n<p>&nbsp;<\/p>\n","protected":false},"featured_media":17651,"template":"","meta":{"_acf_changed":false},"product_brand":[],"product_cat":[5277],"product_tag":[4465,4505,2975,4449,9143,4504,4427,3078,4443,4503,4508,4519,4518,4507,4509,3070,4468,4510,1236,3083,4466,4517,3456,4506,9144,9145,9146,679,1334],"woo-feed-brand":[],"class_list":{"0":"post-67297","1":"product","2":"type-product","3":"status-publish","4":"has-post-thumbnail","6":"product_cat-biohort-accessoires-replacement-parts","7":"product_tag-accessories-for-garden-house","8":"product_tag-accessories-for-garden-house-en","9":"product_tag-biohort-en","10":"product_tag-biohort-casanova-en","11":"product_tag-biohort-casanova-einbau-en","12":"product_tag-biohort-casanova-garden-shed","13":"product_tag-biohort-door-wing","14":"product_tag-biohort-equipment-locker","15":"product_tag-biohort-garden-shed","16":"product_tag-biohort-garden-shed-casanova","17":"product_tag-casanova-door-hinge","18":"product_tag-door-for-garden-house","19":"product_tag-door-for-garden-sheds","20":"product_tag-door-hinge-en","21":"product_tag-door-hinge-for-casanova","22":"product_tag-equipment-locker","23":"product_tag-garden-house-accessories","24":"product_tag-garden-house-door","25":"product_tag-garden-oasis","26":"product_tag-garden-shed","27":"product_tag-garden-shed-accessories","28":"product_tag-garden-sheds-door-wings","29":"product_tag-modern-garden-house","30":"product_tag-modern-garden-house-en","31":"product_tag-seitlicher-biohort-casanova-einbau-en","32":"product_tag-seitlicher-einbau-2-tuerfluegel-en","33":"product_tag-seitlicher-tuereinbau-en","34":"product_tag-softub-en","35":"product_tag-softub-switzerland","36":"product_shipping_class-biohort-kostenlose-lieferung","38":"first","39":"instock","40":"sale","41":"taxable","42":"shipping-taxable","43":"purchasable","44":"product-type-simple"},"acf":[],"yoast_head":"<!-- This site is optimized with the Yoast SEO Premium plugin v27.4 (Yoast SEO v27.4) - https:\/\/yoast.com\/product\/yoast-seo-premium-wordpress\/ -->\n<title>Seitlicher Biohort Casanova Einbau - Softub Schweiz<\/title>\n<meta name=\"description\" content=\"Seitlicher Biohort Casanova Einbau f\u00fcr einen zweiten T\u00fcrfl\u00fcgel. Standardm\u00e4ssige Einbauung erfolgt in der Vorder- oder R\u00fcckwand des Casanova Nebengeb\u00e4udes.\" \/>\n<meta name=\"robots\" content=\"index, follow, max-snippet:-1, max-image-preview:large, max-video-preview:-1\" \/>\n<link rel=\"canonical\" href=\"https:\/\/www.softub.ch\/en\/product\/seitlicher-biohort-casanova-einbau\/\" \/>\n<meta property=\"og:locale\" content=\"en_US\" \/>\n<meta property=\"og:type\" content=\"article\" \/>\n<meta property=\"og:title\" content=\"biohort CASANOVA Aufpreis seitlicher Einbau - 2. T\u00fcrfl\u00fcgel\" \/>\n<meta property=\"og:description\" content=\"Seitlicher Biohort Casanova Einbau f\u00fcr einen zweiten T\u00fcrfl\u00fcgel. Standardm\u00e4ssige Einbauung erfolgt in der Vorder- oder R\u00fcckwand des Casanova Nebengeb\u00e4udes.\" \/>\n<meta property=\"og:url\" content=\"https:\/\/www.softub.ch\/en\/product\/seitlicher-biohort-casanova-einbau\/\" \/>\n<meta property=\"og:site_name\" content=\"Softub Schweiz\" \/>\n<meta property=\"article:publisher\" content=\"https:\/\/www.facebook.com\/softubschweiz\" \/>\n<meta property=\"article:modified_time\" content=\"2025-01-21T13:41:13+00:00\" \/>\n<meta property=\"og:image\" content=\"https:\/\/www.softub.ch\/wp-content\/uploads\/biohort-Nebengeba\u0308ude-Casanova-Softub-Schweiz-11-1.png\" \/>\n\t<meta property=\"og:image:width\" content=\"940\" \/>\n\t<meta property=\"og:image:height\" content=\"587\" \/>\n\t<meta property=\"og:image:type\" content=\"image\/png\" \/>\n<meta name=\"twitter:card\" content=\"summary_large_image\" \/>\n<meta name=\"twitter:label1\" content=\"Est. reading time\" \/>\n\t<meta name=\"twitter:data1\" content=\"1 minute\" \/>\n<script type=\"application\/ld+json\" class=\"yoast-schema-graph\">{\"@context\":\"https:\\\/\\\/schema.org\",\"@graph\":[{\"@type\":\"WebPage\",\"@id\":\"https:\\\/\\\/www.softub.ch\\\/en\\\/product\\\/seitlicher-biohort-casanova-einbau\\\/\",\"url\":\"https:\\\/\\\/www.softub.ch\\\/en\\\/product\\\/seitlicher-biohort-casanova-einbau\\\/\",\"name\":\"Seitlicher Biohort Casanova Einbau - Softub Schweiz\",\"isPartOf\":{\"@id\":\"https:\\\/\\\/www.softub.ch\\\/fr\\\/#website\"},\"primaryImageOfPage\":{\"@id\":\"https:\\\/\\\/www.softub.ch\\\/en\\\/product\\\/seitlicher-biohort-casanova-einbau\\\/#primaryimage\"},\"image\":{\"@id\":\"https:\\\/\\\/www.softub.ch\\\/en\\\/product\\\/seitlicher-biohort-casanova-einbau\\\/#primaryimage\"},\"thumbnailUrl\":\"https:\\\/\\\/www.softub.ch\\\/wp-content\\\/uploads\\\/biohort-Nebengeba\u0308ude-Casanova-Softub-Schweiz-11-1.png\",\"datePublished\":\"2025-01-21T13:37:13+00:00\",\"dateModified\":\"2025-01-21T13:41:13+00:00\",\"description\":\"Seitlicher Biohort Casanova Einbau f\u00fcr einen zweiten T\u00fcrfl\u00fcgel. Standardm\u00e4ssige Einbauung erfolgt in der Vorder- oder R\u00fcckwand des Casanova Nebengeb\u00e4udes.\",\"breadcrumb\":{\"@id\":\"https:\\\/\\\/www.softub.ch\\\/en\\\/product\\\/seitlicher-biohort-casanova-einbau\\\/#breadcrumb\"},\"inLanguage\":\"en-US\",\"potentialAction\":[{\"@type\":\"ReadAction\",\"target\":[\"https:\\\/\\\/www.softub.ch\\\/en\\\/product\\\/seitlicher-biohort-casanova-einbau\\\/\"]}]},{\"@type\":\"ImageObject\",\"inLanguage\":\"en-US\",\"@id\":\"https:\\\/\\\/www.softub.ch\\\/en\\\/product\\\/seitlicher-biohort-casanova-einbau\\\/#primaryimage\",\"url\":\"https:\\\/\\\/www.softub.ch\\\/wp-content\\\/uploads\\\/biohort-Nebengeba\u0308ude-Casanova-Softub-Schweiz-11-1.png\",\"contentUrl\":\"https:\\\/\\\/www.softub.ch\\\/wp-content\\\/uploads\\\/biohort-Nebengeba\u0308ude-Casanova-Softub-Schweiz-11-1.png\",\"width\":940,\"height\":587,\"caption\":\"A quartz gray metal garden house with a flat roof, a light strip, a window on the left side, and a garage door. A side-mounted biohort Casanova installation with a second open-standing door.\"},{\"@type\":\"BreadcrumbList\",\"@id\":\"https:\\\/\\\/www.softub.ch\\\/en\\\/product\\\/seitlicher-biohort-casanova-einbau\\\/#breadcrumb\",\"itemListElement\":[{\"@type\":\"ListItem\",\"position\":1,\"name\":\"Startseite\",\"item\":\"https:\\\/\\\/www.softub.ch\\\/en\\\/\"},{\"@type\":\"ListItem\",\"position\":2,\"name\":\"Shop\",\"item\":\"https:\\\/\\\/www.softub.ch\\\/en\\\/shop-2\\\/\"},{\"@type\":\"ListItem\",\"position\":3,\"name\":\"biohort CASANOVA Aufpreis seitlicher Einbau &#8211; 2. T\u00fcrfl\u00fcgel\"}]},{\"@type\":\"WebSite\",\"@id\":\"https:\\\/\\\/www.softub.ch\\\/fr\\\/#website\",\"url\":\"https:\\\/\\\/www.softub.ch\\\/fr\\\/\",\"name\":\"Softub Schweiz\",\"description\":\"Softub - Wir machen Ferien Zuhause\",\"publisher\":{\"@id\":\"https:\\\/\\\/www.softub.ch\\\/fr\\\/#organization\"},\"potentialAction\":[{\"@type\":\"SearchAction\",\"target\":{\"@type\":\"EntryPoint\",\"urlTemplate\":\"https:\\\/\\\/www.softub.ch\\\/fr\\\/?s={search_term_string}\"},\"query-input\":{\"@type\":\"PropertyValueSpecification\",\"valueRequired\":true,\"valueName\":\"search_term_string\"}}],\"inLanguage\":\"en-US\"},{\"@type\":\"Organization\",\"@id\":\"https:\\\/\\\/www.softub.ch\\\/fr\\\/#organization\",\"name\":\"Softub Schweiz AG\",\"url\":\"https:\\\/\\\/www.softub.ch\\\/fr\\\/\",\"logo\":{\"@type\":\"ImageObject\",\"inLanguage\":\"en-US\",\"@id\":\"https:\\\/\\\/www.softub.ch\\\/fr\\\/#\\\/schema\\\/logo\\\/image\\\/\",\"url\":\"https:\\\/\\\/www.softub.ch\\\/wp-content\\\/uploads\\\/Softub-Logo-Softub-Schweiz-.png\",\"contentUrl\":\"https:\\\/\\\/www.softub.ch\\\/wp-content\\\/uploads\\\/Softub-Logo-Softub-Schweiz-.png\",\"width\":200,\"height\":73,\"caption\":\"Softub Schweiz AG\"},\"image\":{\"@id\":\"https:\\\/\\\/www.softub.ch\\\/fr\\\/#\\\/schema\\\/logo\\\/image\\\/\"},\"sameAs\":[\"https:\\\/\\\/www.facebook.com\\\/softubschweiz\",\"https:\\\/\\\/www.instagram.com\\\/softub_schweiz\\\/\",\"https:\\\/\\\/ch.pinterest.com\\\/softub_schweiz\\\/\",\"https:\\\/\\\/www.linkedin.com\\\/company\\\/softub-schweiz-ag\\\/\"]}]}<\/script>\n<!-- \/ Yoast SEO Premium plugin. -->","yoast_head_json":{"title":"Seitlicher Biohort Casanova Einbau - Softub Schweiz","description":"Seitlicher Biohort Casanova Einbau f\u00fcr einen zweiten T\u00fcrfl\u00fcgel. Standardm\u00e4ssige Einbauung erfolgt in der Vorder- oder R\u00fcckwand des Casanova Nebengeb\u00e4udes.","robots":{"index":"index","follow":"follow","max-snippet":"max-snippet:-1","max-image-preview":"max-image-preview:large","max-video-preview":"max-video-preview:-1"},"canonical":"https:\/\/www.softub.ch\/en\/product\/seitlicher-biohort-casanova-einbau\/","og_locale":"en_US","og_type":"article","og_title":"biohort CASANOVA Aufpreis seitlicher Einbau - 2. T\u00fcrfl\u00fcgel","og_description":"Seitlicher Biohort Casanova Einbau f\u00fcr einen zweiten T\u00fcrfl\u00fcgel. Standardm\u00e4ssige Einbauung erfolgt in der Vorder- oder R\u00fcckwand des Casanova Nebengeb\u00e4udes.","og_url":"https:\/\/www.softub.ch\/en\/product\/seitlicher-biohort-casanova-einbau\/","og_site_name":"Softub Schweiz","article_publisher":"https:\/\/www.facebook.com\/softubschweiz","article_modified_time":"2025-01-21T13:41:13+00:00","og_image":[{"width":940,"height":587,"url":"https:\/\/www.softub.ch\/wp-content\/uploads\/biohort-Nebengeba\u0308ude-Casanova-Softub-Schweiz-11-1.png","type":"image\/png"}],"twitter_card":"summary_large_image","twitter_misc":{"Est. reading time":"1 minute"},"schema":{"@context":"https:\/\/schema.org","@graph":[{"@type":"WebPage","@id":"https:\/\/www.softub.ch\/en\/product\/seitlicher-biohort-casanova-einbau\/","url":"https:\/\/www.softub.ch\/en\/product\/seitlicher-biohort-casanova-einbau\/","name":"Seitlicher Biohort Casanova Einbau - Softub Schweiz","isPartOf":{"@id":"https:\/\/www.softub.ch\/fr\/#website"},"primaryImageOfPage":{"@id":"https:\/\/www.softub.ch\/en\/product\/seitlicher-biohort-casanova-einbau\/#primaryimage"},"image":{"@id":"https:\/\/www.softub.ch\/en\/product\/seitlicher-biohort-casanova-einbau\/#primaryimage"},"thumbnailUrl":"https:\/\/www.softub.ch\/wp-content\/uploads\/biohort-Nebengeba\u0308ude-Casanova-Softub-Schweiz-11-1.png","datePublished":"2025-01-21T13:37:13+00:00","dateModified":"2025-01-21T13:41:13+00:00","description":"Seitlicher Biohort Casanova Einbau f\u00fcr einen zweiten T\u00fcrfl\u00fcgel. Standardm\u00e4ssige Einbauung erfolgt in der Vorder- oder R\u00fcckwand des Casanova Nebengeb\u00e4udes.","breadcrumb":{"@id":"https:\/\/www.softub.ch\/en\/product\/seitlicher-biohort-casanova-einbau\/#breadcrumb"},"inLanguage":"en-US","potentialAction":[{"@type":"ReadAction","target":["https:\/\/www.softub.ch\/en\/product\/seitlicher-biohort-casanova-einbau\/"]}]},{"@type":"ImageObject","inLanguage":"en-US","@id":"https:\/\/www.softub.ch\/en\/product\/seitlicher-biohort-casanova-einbau\/#primaryimage","url":"https:\/\/www.softub.ch\/wp-content\/uploads\/biohort-Nebengeba\u0308ude-Casanova-Softub-Schweiz-11-1.png","contentUrl":"https:\/\/www.softub.ch\/wp-content\/uploads\/biohort-Nebengeba\u0308ude-Casanova-Softub-Schweiz-11-1.png","width":940,"height":587,"caption":"A quartz gray metal garden house with a flat roof, a light strip, a window on the left side, and a garage door. A side-mounted biohort Casanova installation with a second open-standing door."},{"@type":"BreadcrumbList","@id":"https:\/\/www.softub.ch\/en\/product\/seitlicher-biohort-casanova-einbau\/#breadcrumb","itemListElement":[{"@type":"ListItem","position":1,"name":"Startseite","item":"https:\/\/www.softub.ch\/en\/"},{"@type":"ListItem","position":2,"name":"Shop","item":"https:\/\/www.softub.ch\/en\/shop-2\/"},{"@type":"ListItem","position":3,"name":"biohort CASANOVA Aufpreis seitlicher Einbau &#8211; 2. T\u00fcrfl\u00fcgel"}]},{"@type":"WebSite","@id":"https:\/\/www.softub.ch\/fr\/#website","url":"https:\/\/www.softub.ch\/fr\/","name":"Softub Schweiz","description":"Softub - Wir machen Ferien Zuhause","publisher":{"@id":"https:\/\/www.softub.ch\/fr\/#organization"},"potentialAction":[{"@type":"SearchAction","target":{"@type":"EntryPoint","urlTemplate":"https:\/\/www.softub.ch\/fr\/?s={search_term_string}"},"query-input":{"@type":"PropertyValueSpecification","valueRequired":true,"valueName":"search_term_string"}}],"inLanguage":"en-US"},{"@type":"Organization","@id":"https:\/\/www.softub.ch\/fr\/#organization","name":"Softub Schweiz AG","url":"https:\/\/www.softub.ch\/fr\/","logo":{"@type":"ImageObject","inLanguage":"en-US","@id":"https:\/\/www.softub.ch\/fr\/#\/schema\/logo\/image\/","url":"https:\/\/www.softub.ch\/wp-content\/uploads\/Softub-Logo-Softub-Schweiz-.png","contentUrl":"https:\/\/www.softub.ch\/wp-content\/uploads\/Softub-Logo-Softub-Schweiz-.png","width":200,"height":73,"caption":"Softub Schweiz AG"},"image":{"@id":"https:\/\/www.softub.ch\/fr\/#\/schema\/logo\/image\/"},"sameAs":["https:\/\/www.facebook.com\/softubschweiz","https:\/\/www.instagram.com\/softub_schweiz\/","https:\/\/ch.pinterest.com\/softub_schweiz\/","https:\/\/www.linkedin.com\/company\/softub-schweiz-ag\/"]}]}},"_links":{"self":[{"href":"https:\/\/www.softub.ch\/en\/wp-json\/wp\/v2\/product\/67297","targetHints":{"allow":["GET"]}}],"collection":[{"href":"https:\/\/www.softub.ch\/en\/wp-json\/wp\/v2\/product"}],"about":[{"href":"https:\/\/www.softub.ch\/en\/wp-json\/wp\/v2\/types\/product"}],"wp:featuredmedia":[{"embeddable":true,"href":"https:\/\/www.softub.ch\/en\/wp-json\/wp\/v2\/media\/17651"}],"wp:attachment":[{"href":"https:\/\/www.softub.ch\/en\/wp-json\/wp\/v2\/media?parent=67297"}],"wp:term":[{"taxonomy":"product_brand","embeddable":true,"href":"https:\/\/www.softub.ch\/en\/wp-json\/wp\/v2\/product_brand?post=67297"},{"taxonomy":"product_cat","embeddable":true,"href":"https:\/\/www.softub.ch\/en\/wp-json\/wp\/v2\/product_cat?post=67297"},{"taxonomy":"product_tag","embeddable":true,"href":"https:\/\/www.softub.ch\/en\/wp-json\/wp\/v2\/product_tag?post=67297"},{"taxonomy":"woo-feed-brand","embeddable":true,"href":"https:\/\/www.softub.ch\/en\/wp-json\/wp\/v2\/woo-feed-brand?post=67297"}],"curies":[{"name":"wp","href":"https:\/\/api.w.org\/{rel}","templated":true}]}}