{"id":5036,"date":"2019-11-21T16:16:17","date_gmt":"2019-11-21T16:16:17","guid":{"rendered":"http:\/\/www.softub.ch\/offres-de-service\/"},"modified":"2022-08-10T13:31:59","modified_gmt":"2022-08-10T13:31:59","slug":"offres-de-service","status":"publish","type":"page","link":"https:\/\/www.softub.ch\/fr\/offre-softub\/offres-de-service\/","title":{"rendered":"Offres de service"},"content":{"rendered":"<div class=\"fusion-fullwidth fullwidth-box fusion-builder-row-1 nonhundred-percent-fullwidth non-hundred-percent-height-scrolling\" style=\"--awb-border-radius-top-left:0px;--awb-border-radius-top-right:0px;--awb-border-radius-bottom-right:0px;--awb-border-radius-bottom-left:0px;--awb-flex-wrap:wrap;\" ><div class=\"fusion-builder-row fusion-row\"><div class=\"fusion-layout-column fusion_builder_column fusion-builder-column-0 fusion_builder_column_1_2 1_2 fusion-one-half fusion-column-first\" style=\"--awb-bg-size:cover;width:50%;width:calc(50% - ( ( 4% ) * 0.5 ) );margin-right: 4%;\"><div class=\"fusion-column-wrapper fusion-flex-column-wrapper-legacy\"><div class=\"fusion-text fusion-text-1\"><p>\u00c0 la demande, nous pouvons vous offrir le <a href=\"https:\/\/softub.ch\/fr\/support\/home-premium-servcie-pour-votre-softub\/\">service Premium<\/a>. Par ce service, nous prenons en charge pour vous plusieurs t\u00e2ches concernant votre spa Softub. Vous \u00e9pargnez ainsi du temps et pouvez profiter largement de notre longue exp\u00e9rience.<br \/>\nLes services Premium sont :<\/p>\n<h2>Le remplacement du moteur<\/h2>\n<p>En cas de r\u00e9paration, vous ne devez pas renoncer \u00e0 votre spa Softub pr\u00e9f\u00e9r\u00e9.<br \/>\nNous passons chez vous et mettons \u00e0 votre disposition un moteur de rechange pour la dur\u00e9e de la r\u00e9paration.<\/p>\n<h2>Service sur place<\/h2>\n<p>Les \u00e9ventuels probl\u00e8mes Softub sont directement inspect\u00e9s chez vous et, si n\u00e9cessaire, r\u00e9par\u00e9s directement sur place.<br \/>\nCe service est \u00e9galement valable pour nos pavillons et pergolas.<\/p>\n<h2>Remplacement de l\u2019eau et nettoyage<\/h2>\n<p>Nous effectuons volontiers pour vous le remplacement de l\u2019eau et le nettoyage du spa Softub.<\/p>\n<h2>Formation entretien de l\u2019eau<\/h2>\n<p>La premi\u00e8re instruction est-elle obsol\u00e8te ou avez-vous acquis le spa Softub sans instruction en deuxi\u00e8me main ?<br \/>\nAucun probl\u00e8me, nous dispensons une formation \u00e0 votre domicile.<\/p>\n<h2>Nettoyage pavillon \/ pergola<\/h2>\n<p>Nous nous ferons un plaisir de nettoyer votre pavillon \/ pergola (y compris le d\u00e9crochage et l\u2019accrochage des rideaux).<\/p>\n<\/div><div class=\"fusion-clearfix\"><\/div><\/div><\/div><div class=\"fusion-layout-column fusion_builder_column fusion-builder-column-1 fusion_builder_column_1_2 1_2 fusion-one-half fusion-column-last\" style=\"--awb-bg-size:cover;width:50%;width:calc(50% - ( ( 4% ) * 0.5 ) );\"><div class=\"fusion-column-wrapper fusion-flex-column-wrapper-legacy\"><div class=\"fusion-image-element fusion-image-align-center in-legacy-container\" style=\"text-align:center;--awb-caption-title-font-family:var(--h2_typography-font-family);--awb-caption-title-font-weight:var(--h2_typography-font-weight);--awb-caption-title-font-style:var(--h2_typography-font-style);--awb-caption-title-size:var(--h2_typography-font-size);--awb-caption-title-transform:var(--h2_typography-text-transform);--awb-caption-title-line-height:var(--h2_typography-line-height);--awb-caption-title-letter-spacing:var(--h2_typography-letter-spacing);\"><div class=\"imageframe-align-center\"><span class=\" fusion-imageframe imageframe-none imageframe-1 hover-type-zoomin\"><a href=\"https:\/\/softub.ch\/wp-content\/uploads\/karte_ch_softub.jpg\" class=\"fusion-lightbox\" data-rel=\"iLightbox[eb9539439339f6f1cd1]\" data-title=\"karte_ch_softub\" title=\"karte_ch_softub\"><img decoding=\"async\" width=\"1359\" height=\"922\" src=\"https:\/\/www.softub.ch\/wp-content\/uploads\/karte_ch_softub.jpg\" data-orig-src=\"https:\/\/softub.ch\/wp-content\/uploads\/karte_ch_softub.jpg\" alt class=\"lazyload img-responsive wp-image-5033\" srcset=\"data:image\/svg+xml,%3Csvg%20xmlns%3D%27http%3A%2F%2Fwww.w3.org%2F2000%2Fsvg%27%20width%3D%271359%27%20height%3D%27922%27%20viewBox%3D%270%200%201359%20922%27%3E%3Crect%20width%3D%271359%27%20height%3D%27922%27%20fill-opacity%3D%220%22%2F%3E%3C%2Fsvg%3E\" data-srcset=\"https:\/\/www.softub.ch\/wp-content\/uploads\/karte_ch_softub-200x136.jpg 200w, https:\/\/www.softub.ch\/wp-content\/uploads\/karte_ch_softub-400x271.jpg 400w, https:\/\/www.softub.ch\/wp-content\/uploads\/karte_ch_softub-600x407.jpg 600w, https:\/\/www.softub.ch\/wp-content\/uploads\/karte_ch_softub-800x543.jpg 800w, https:\/\/www.softub.ch\/wp-content\/uploads\/karte_ch_softub-1200x814.jpg 1200w, https:\/\/www.softub.ch\/wp-content\/uploads\/karte_ch_softub.jpg 1359w\" data-sizes=\"auto\" data-orig-sizes=\"(max-width: 800px) 100vw, 600px\" \/><\/a><\/span><\/div><\/div><div class=\"fusion-sep-clear\"><\/div><div class=\"fusion-separator fusion-full-width-sep\" style=\"margin-left: auto;margin-right: auto;margin-bottom:15px;width:100%;\"><\/div><div class=\"fusion-sep-clear\"><\/div><div class=\"fusion-text fusion-text-2\"><p>Forfait de d\u00e9placement <a href=\"mailto:info@softub.ch\">info@softub.ch<\/a><\/p>\n<p>Les co\u00fbts du service Premium d\u00e9pendent de la distance \u00e0 l\u2019int\u00e9rieur des trois zones de service suivantes : Zurich, Berne et Lausanne. Les prises de rendez-vous sont possibles par t\u00e9l\u00e9phone au 044 396 90 60 ou par e-mail : <a href=\"mailto:info@softub.ch\">info@softub.ch<\/a>.<\/p>\n<\/div><div class=\"fusion-sep-clear\"><\/div><div class=\"fusion-separator fusion-full-width-sep\" style=\"margin-left: auto;margin-right: auto;width:100%;\"><div class=\"fusion-separator-border sep-double\" style=\"--awb-height:20px;--awb-amount:20px;border-color:#e0dede;border-top-width:1px;border-bottom-width:1px;\"><\/div><\/div><div class=\"fusion-sep-clear\"><\/div><div class=\"fusion-button-wrapper\"><a class=\"fusion-button button-flat fusion-button-default-size button-default fusion-button-default button-1 fusion-button-default-span fusion-button-default-type\" target=\"_self\" href=\"https:\/\/softub.ch\/fr\/support\/home-premium-servcie-pour-votre-softub\/\"><span class=\"fusion-button-text awb-button__text awb-button__text--default\">Tous de notre @home Service<\/span><\/a><\/div><div class=\"fusion-clearfix\"><\/div><\/div><\/div><\/div><\/div>\n","protected":false},"excerpt":{"rendered":"","protected":false},"author":1,"featured_media":0,"parent":5095,"menu_order":0,"comment_status":"closed","ping_status":"closed","template":"","meta":{"_acf_changed":false,"footnotes":""},"class_list":["post-5036","page","type-page","status-publish","hentry"],"acf":[],"yoast_head":"<!-- This site is optimized with the Yoast SEO Premium plugin v27.4 (Yoast SEO v27.4) - https:\/\/yoast.com\/product\/yoast-seo-premium-wordpress\/ -->\n<title>Offres de service Premium \u00e0 la maison - Softub Schweiz<\/title>\n<meta name=\"description\" content=\"Offres de Service. Nous pouvons vous offrir le service Premium. Nous prenons en charge pour vous plusieurs t\u00e2ches concernant votre spa Softub.\" \/>\n<meta name=\"robots\" content=\"index, follow, max-snippet:-1, max-image-preview:large, max-video-preview:-1\" \/>\n<link rel=\"canonical\" href=\"https:\/\/www.softub.ch\/softub-angebot\/service-angebote\/\" \/>\n<meta property=\"og:locale\" content=\"fr_FR\" \/>\n<meta property=\"og:type\" content=\"article\" \/>\n<meta property=\"og:title\" content=\"Offres de service\" \/>\n<meta property=\"og:description\" content=\"Offres de Service. Nous pouvons vous offrir le service Premium. Nous prenons en charge pour vous plusieurs t\u00e2ches concernant votre spa Softub.\" \/>\n<meta property=\"og:url\" content=\"https:\/\/www.softub.ch\/softub-angebot\/service-angebote\/\" \/>\n<meta property=\"og:site_name\" content=\"Softub Schweiz\" \/>\n<meta property=\"article:publisher\" content=\"https:\/\/www.facebook.com\/softubschweiz\" \/>\n<meta property=\"article:modified_time\" content=\"2022-08-10T13:31:59+00:00\" \/>\n<meta name=\"twitter:card\" content=\"summary_large_image\" \/>\n<meta name=\"twitter:label1\" content=\"Dur\u00e9e de lecture estim\u00e9e\" \/>\n\t<meta name=\"twitter:data1\" content=\"3 minutes\" \/>\n<script type=\"application\/ld+json\" class=\"yoast-schema-graph\">{\"@context\":\"https:\\\/\\\/schema.org\",\"@graph\":[{\"@type\":\"WebPage\",\"@id\":\"https:\\\/\\\/www.softub.ch\\\/softub-angebot\\\/service-angebote\\\/\",\"url\":\"https:\\\/\\\/www.softub.ch\\\/softub-angebot\\\/service-angebote\\\/\",\"name\":\"Offres de service Premium \u00e0 la maison - Softub Schweiz\",\"isPartOf\":{\"@id\":\"https:\\\/\\\/www.softub.ch\\\/fr\\\/#website\"},\"datePublished\":\"2019-11-21T16:16:17+00:00\",\"dateModified\":\"2022-08-10T13:31:59+00:00\",\"description\":\"Offres de Service. Nous pouvons vous offrir le service Premium. Nous prenons en charge pour vous plusieurs t\u00e2ches concernant votre spa Softub.\",\"breadcrumb\":{\"@id\":\"https:\\\/\\\/www.softub.ch\\\/softub-angebot\\\/service-angebote\\\/#breadcrumb\"},\"inLanguage\":\"fr-FR\",\"potentialAction\":[{\"@type\":\"ReadAction\",\"target\":[\"https:\\\/\\\/www.softub.ch\\\/softub-angebot\\\/service-angebote\\\/\"]}]},{\"@type\":\"BreadcrumbList\",\"@id\":\"https:\\\/\\\/www.softub.ch\\\/softub-angebot\\\/service-angebote\\\/#breadcrumb\",\"itemListElement\":[{\"@type\":\"ListItem\",\"position\":1,\"name\":\"Startseite\",\"item\":\"https:\\\/\\\/www.softub.ch\\\/fr\\\/\"},{\"@type\":\"ListItem\",\"position\":2,\"name\":\"Offre Softub\",\"item\":\"https:\\\/\\\/www.softub.ch\\\/fr\\\/offre-softub\\\/\"},{\"@type\":\"ListItem\",\"position\":3,\"name\":\"Offres de service\"}]},{\"@type\":\"WebSite\",\"@id\":\"https:\\\/\\\/www.softub.ch\\\/fr\\\/#website\",\"url\":\"https:\\\/\\\/www.softub.ch\\\/fr\\\/\",\"name\":\"Softub Schweiz\",\"description\":\"Softub - Wir machen Ferien Zuhause\",\"publisher\":{\"@id\":\"https:\\\/\\\/www.softub.ch\\\/fr\\\/#organization\"},\"potentialAction\":[{\"@type\":\"SearchAction\",\"target\":{\"@type\":\"EntryPoint\",\"urlTemplate\":\"https:\\\/\\\/www.softub.ch\\\/fr\\\/?s={search_term_string}\"},\"query-input\":{\"@type\":\"PropertyValueSpecification\",\"valueRequired\":true,\"valueName\":\"search_term_string\"}}],\"inLanguage\":\"fr-FR\"},{\"@type\":\"Organization\",\"@id\":\"https:\\\/\\\/www.softub.ch\\\/fr\\\/#organization\",\"name\":\"Softub Schweiz AG\",\"url\":\"https:\\\/\\\/www.softub.ch\\\/fr\\\/\",\"logo\":{\"@type\":\"ImageObject\",\"inLanguage\":\"fr-FR\",\"@id\":\"https:\\\/\\\/www.softub.ch\\\/fr\\\/#\\\/schema\\\/logo\\\/image\\\/\",\"url\":\"https:\\\/\\\/www.softub.ch\\\/wp-content\\\/uploads\\\/Softub-Logo-Softub-Schweiz-.png\",\"contentUrl\":\"https:\\\/\\\/www.softub.ch\\\/wp-content\\\/uploads\\\/Softub-Logo-Softub-Schweiz-.png\",\"width\":200,\"height\":73,\"caption\":\"Softub Schweiz AG\"},\"image\":{\"@id\":\"https:\\\/\\\/www.softub.ch\\\/fr\\\/#\\\/schema\\\/logo\\\/image\\\/\"},\"sameAs\":[\"https:\\\/\\\/www.facebook.com\\\/softubschweiz\",\"https:\\\/\\\/www.instagram.com\\\/softub_schweiz\\\/\",\"https:\\\/\\\/ch.pinterest.com\\\/softub_schweiz\\\/\",\"https:\\\/\\\/www.linkedin.com\\\/company\\\/softub-schweiz-ag\\\/\"]}]}<\/script>\n<!-- \/ Yoast SEO Premium plugin. -->","yoast_head_json":{"title":"Offres de service Premium \u00e0 la maison - Softub Schweiz","description":"Offres de Service. Nous pouvons vous offrir le service Premium. Nous prenons en charge pour vous plusieurs t\u00e2ches concernant votre spa Softub.","robots":{"index":"index","follow":"follow","max-snippet":"max-snippet:-1","max-image-preview":"max-image-preview:large","max-video-preview":"max-video-preview:-1"},"canonical":"https:\/\/www.softub.ch\/softub-angebot\/service-angebote\/","og_locale":"fr_FR","og_type":"article","og_title":"Offres de service","og_description":"Offres de Service. Nous pouvons vous offrir le service Premium. Nous prenons en charge pour vous plusieurs t\u00e2ches concernant votre spa Softub.","og_url":"https:\/\/www.softub.ch\/softub-angebot\/service-angebote\/","og_site_name":"Softub Schweiz","article_publisher":"https:\/\/www.facebook.com\/softubschweiz","article_modified_time":"2022-08-10T13:31:59+00:00","twitter_card":"summary_large_image","twitter_misc":{"Dur\u00e9e de lecture estim\u00e9e":"3 minutes"},"schema":{"@context":"https:\/\/schema.org","@graph":[{"@type":"WebPage","@id":"https:\/\/www.softub.ch\/softub-angebot\/service-angebote\/","url":"https:\/\/www.softub.ch\/softub-angebot\/service-angebote\/","name":"Offres de service Premium \u00e0 la maison - Softub Schweiz","isPartOf":{"@id":"https:\/\/www.softub.ch\/fr\/#website"},"datePublished":"2019-11-21T16:16:17+00:00","dateModified":"2022-08-10T13:31:59+00:00","description":"Offres de Service. Nous pouvons vous offrir le service Premium. Nous prenons en charge pour vous plusieurs t\u00e2ches concernant votre spa Softub.","breadcrumb":{"@id":"https:\/\/www.softub.ch\/softub-angebot\/service-angebote\/#breadcrumb"},"inLanguage":"fr-FR","potentialAction":[{"@type":"ReadAction","target":["https:\/\/www.softub.ch\/softub-angebot\/service-angebote\/"]}]},{"@type":"BreadcrumbList","@id":"https:\/\/www.softub.ch\/softub-angebot\/service-angebote\/#breadcrumb","itemListElement":[{"@type":"ListItem","position":1,"name":"Startseite","item":"https:\/\/www.softub.ch\/fr\/"},{"@type":"ListItem","position":2,"name":"Offre Softub","item":"https:\/\/www.softub.ch\/fr\/offre-softub\/"},{"@type":"ListItem","position":3,"name":"Offres de service"}]},{"@type":"WebSite","@id":"https:\/\/www.softub.ch\/fr\/#website","url":"https:\/\/www.softub.ch\/fr\/","name":"Softub Schweiz","description":"Softub - Wir machen Ferien Zuhause","publisher":{"@id":"https:\/\/www.softub.ch\/fr\/#organization"},"potentialAction":[{"@type":"SearchAction","target":{"@type":"EntryPoint","urlTemplate":"https:\/\/www.softub.ch\/fr\/?s={search_term_string}"},"query-input":{"@type":"PropertyValueSpecification","valueRequired":true,"valueName":"search_term_string"}}],"inLanguage":"fr-FR"},{"@type":"Organization","@id":"https:\/\/www.softub.ch\/fr\/#organization","name":"Softub Schweiz AG","url":"https:\/\/www.softub.ch\/fr\/","logo":{"@type":"ImageObject","inLanguage":"fr-FR","@id":"https:\/\/www.softub.ch\/fr\/#\/schema\/logo\/image\/","url":"https:\/\/www.softub.ch\/wp-content\/uploads\/Softub-Logo-Softub-Schweiz-.png","contentUrl":"https:\/\/www.softub.ch\/wp-content\/uploads\/Softub-Logo-Softub-Schweiz-.png","width":200,"height":73,"caption":"Softub Schweiz AG"},"image":{"@id":"https:\/\/www.softub.ch\/fr\/#\/schema\/logo\/image\/"},"sameAs":["https:\/\/www.facebook.com\/softubschweiz","https:\/\/www.instagram.com\/softub_schweiz\/","https:\/\/ch.pinterest.com\/softub_schweiz\/","https:\/\/www.linkedin.com\/company\/softub-schweiz-ag\/"]}]}},"_links":{"self":[{"href":"https:\/\/www.softub.ch\/fr\/wp-json\/wp\/v2\/pages\/5036","targetHints":{"allow":["GET"]}}],"collection":[{"href":"https:\/\/www.softub.ch\/fr\/wp-json\/wp\/v2\/pages"}],"about":[{"href":"https:\/\/www.softub.ch\/fr\/wp-json\/wp\/v2\/types\/page"}],"author":[{"embeddable":true,"href":"https:\/\/www.softub.ch\/fr\/wp-json\/wp\/v2\/users\/1"}],"replies":[{"embeddable":true,"href":"https:\/\/www.softub.ch\/fr\/wp-json\/wp\/v2\/comments?post=5036"}],"version-history":[{"count":0,"href":"https:\/\/www.softub.ch\/fr\/wp-json\/wp\/v2\/pages\/5036\/revisions"}],"up":[{"embeddable":true,"href":"https:\/\/www.softub.ch\/fr\/wp-json\/wp\/v2\/pages\/5095"}],"wp:attachment":[{"href":"https:\/\/www.softub.ch\/fr\/wp-json\/wp\/v2\/media?parent=5036"}],"curies":[{"name":"wp","href":"https:\/\/api.w.org\/{rel}","templated":true}]}}