{"id":5047,"date":"2019-11-21T16:29:40","date_gmt":"2019-11-21T16:29:40","guid":{"rendered":"http:\/\/www.softub.ch\/conditions-generales-de-vente\/"},"modified":"2019-11-21T16:30:23","modified_gmt":"2019-11-21T16:30:23","slug":"conditions-generales-de-vente","status":"publish","type":"page","link":"https:\/\/www.softub.ch\/fr\/conditions-generales-de-vente\/","title":{"rendered":"Conditions g\u00e9n\u00e9rales de vente"},"content":{"rendered":"<div class=\"fusion-fullwidth fullwidth-box fusion-builder-row-1 nonhundred-percent-fullwidth non-hundred-percent-height-scrolling\" style=\"--awb-border-radius-top-left:0px;--awb-border-radius-top-right:0px;--awb-border-radius-bottom-right:0px;--awb-border-radius-bottom-left:0px;--awb-flex-wrap:wrap;\" ><div class=\"fusion-builder-row fusion-row\"><div class=\"fusion-layout-column fusion_builder_column fusion-builder-column-0 fusion_builder_column_1_1 1_1 fusion-one-full fusion-column-first fusion-column-last\" style=\"--awb-bg-size:cover;\"><div class=\"fusion-column-wrapper fusion-flex-column-wrapper-legacy\"><div class=\"fusion-title title fusion-title-1 fusion-sep-none fusion-title-text fusion-title-size-two\" style=\"--awb-margin-top-small:0px;--awb-margin-right-small:0px;--awb-margin-bottom-small:20px;--awb-margin-left-small:0px;\"><h2 class=\"fusion-title-heading title-heading-left fusion-responsive-typography-calculated\" style=\"margin:0;--fontSize:22;--minFontSize:22;line-height:1.5;\">Conditions g\u00e9n\u00e9rales de vente (CGV)<\/h2><\/div><div class=\"fusion-text fusion-text-1\"><h6>1. Prix<\/h6>\n<p>Sous r\u00e9serve de modifications de prix \u00e0 tout moment. Les prix de vente sont TTC.<\/p>\n<h6>2. Livraisons<\/h6>\n<p>La livraison s\u2019effectue \u00e0 partir de l\u2019entrep\u00f4t d\u2019Ebmatingen et\/ou de Zollikerberg.<\/p>\n<h6>3. Conditions de transport et d\u2019emballage<\/h6>\n<p>Les co\u00fbts pour un transport en camion s\u2019\u00e9l\u00e8vent en r\u00e8gle g\u00e9n\u00e9rale \u00e0 un forfait de CHF 150 et par la poste pour les petits paquets \u00e0 CHF 15 et \u00e0 CHF 20 pour les paquets standards, y compris l\u2019emballage. Pour les marchandises particuli\u00e8rement encombrantes, un suppl\u00e9ment de transport est \u00e9ventuellement d\u00e9bit\u00e9.<\/p>\n<h6>4. Conditions de services de livraison @Home<\/h6>\n<p>Les co\u00fbts pour notre service de livraison national, y compris le montage, l\u2019installation et l\u2019instruction, sont comme suit :<\/p>\n<table>\n<tbody>\n<tr>\n<td>Softub@Home<\/td>\n<td>CHF 400.\u2013<\/td>\n<\/tr>\n<tr>\n<td>Spa Softub &#038; bordure@Home<\/td>\n<td>CHF 500.\u2013<\/td>\n<\/tr>\n<tr>\n<td>Softub &#038; bordure &#038; Unosider@Home<\/td>\n<td>CHF 1&rsquo;100.\u2013<\/td>\n<\/tr>\n<tr>\n<td>Unosider@Home<\/td>\n<td>CHF 900.\u2013<\/td>\n<\/tr>\n<\/tbody>\n<\/table>\n<h6>5. Service Premium<\/h6>\n<p>La prestation de services souhait\u00e9e est directement effectu\u00e9e chez le client. Les erreurs ou les d\u00e9fauts sont inspect\u00e9s et, si possible, directement r\u00e9par\u00e9s sur place. Les co\u00fbts de ce service d\u00e9pendent de la distance par rapport au si\u00e8ge principal de Zollikerberg. En cas de charges de travail exceptionnelles ou en cas de non-respect des accords, un suppl\u00e9ment (135.-\/h) par rapport au forfait service Premium est factur\u00e9.<\/p>\n<h6>6. Conditions de paiement<\/h6>\n<p>Nous proposons en principe les types de paiement suivants : facture, carte de cr\u00e9dit et Paypal. \u00c0 chaque commande, nous nous r\u00e9servons le droit de ne pas proposer certains types de paiement et de renvoyer \u00e0 nos autres types de paiement. Les factures sont exigibles nettes et sans escompte dans un d\u00e9lai de 10 jours \u00e0 compter de la date de facturation. En cas de retard de paiement, 8% d\u2019int\u00e9r\u00eat moratoire par an sont factur\u00e9s au client \u00e0 compter de la date d\u2019\u00e9ch\u00e9ance. En cas de rappel, des frais de rappel de CHF 20 sont pr\u00e9lev\u00e9s. Toutes les d\u00e9ductions injustifi\u00e9es seront d\u00e9bit\u00e9es. Dans les cas de recouvrement, les frais de recouvrement externes et les co\u00fbts li\u00e9s aux d\u00e9sagr\u00e9ments caus\u00e9s sont \u00e9galement d\u00e9bit\u00e9s. En cas de r\u00e9siliation \u00e9ventuelle du contrat, une indemnit\u00e9 li\u00e9e aux d\u00e9sagr\u00e9ments subis \u00e0 hauteur de 25% du montant global est factur\u00e9e.<\/p>\n<h6>7. Prestations de garantie<\/h6>\n<p>Pour nos produits, une garantie de 2 ans est en r\u00e8gle g\u00e9n\u00e9rale octroy\u00e9e \u00e0 compter de la date de vente pour d\u2019\u00e9ventuels d\u00e9fauts de fabrication. Pour les moteurs Softub, le moteur (Hydromat) doit \u00eatre amen\u00e9 chez le commer\u00e7ant ou l\u2019importateur ou envoy\u00e9 par la poste.<\/p>\n<h6>8. Envoi retourn\u00e9<\/h6>\n<p>En cas d\u2019erreurs \u00e9ventuelles de livraison, il convient de prendre contact avec Softub Schweiz AG.<\/p>\n<h6>9. Dommages dus au transport<\/h6>\n<p>La marchandise est exp\u00e9di\u00e9e aux risques et p\u00e9rils du destinataire. Les dommages survenus \u00e0 la poste ou chez l\u2019exp\u00e9diteur doivent \u00eatre imm\u00e9diatement signal\u00e9s par le destinataire \u00e0 la soci\u00e9t\u00e9 de transport correspondante.<\/p>\n<h6>10. R\u00e9parations<\/h6>\n<p>En cas de r\u00e9paration, nous vous prions de nous contacter prioritairement afin que nous puissions vous indiquer l\u2019organisme de service comp\u00e9tent en fonction du type de livraison. Les moteurs \u00e0 r\u00e9parer doivent \u00eatre livr\u00e9s \u00e0 la soci\u00e9t\u00e9 Softub Schweiz AG \u00e0 vos propres frais. \u00c0 partir d\u2019un montant de r\u00e9paration de plus de CHF 300, un devis estimatif pr\u00e9alable est \u00e9tabli. Au cas o\u00f9 la r\u00e9paration ne devrait pas \u00eatre ex\u00e9cut\u00e9e, le devis estimatif est factur\u00e9 \u00e0 CHF 150, en sus des \u00e9ventuels co\u00fbts de transport.<\/p>\n<h6>11. R\u00e9serve de propri\u00e9t\u00e9<\/h6>\n<p>Toutes les livraisons de marchandises restent la propri\u00e9t\u00e9 de la soci\u00e9t\u00e9 Softub Schweiz AG jusqu\u2019au paiement int\u00e9gral du montant. <\/p>\n<h6>12. Validit\u00e9<\/h6>\n<p>Sous r\u00e9serve de modifications dans les conditions g\u00e9n\u00e9rales de vente \u00e0 tout moment pour Softub Schweiz AG.<\/p>\n<h6>13. Protection des donn\u00e9es<\/h6>\n<p>Les dispositions de la loi suisse sur la protection des donn\u00e9es s\u2019appliquent. Les donn\u00e9es enregistr\u00e9es ne sont pas rendues accessibles \u00e0 des tiers. La soci\u00e9t\u00e9 Softub Schweiz AG n\u2019enregistre aucune donn\u00e9e de cartes de cr\u00e9dit. Le client accepte le traitement de ses donn\u00e9es \u00e0 l\u2019int\u00e9rieur de la soci\u00e9t\u00e9 Softub Schweiz AG.<\/p>\n<\/div><div class=\"fusion-clearfix\"><\/div><\/div><\/div><\/div><\/div>\n","protected":false},"excerpt":{"rendered":"","protected":false},"author":1,"featured_media":0,"parent":0,"menu_order":500,"comment_status":"closed","ping_status":"closed","template":"","meta":{"_acf_changed":false,"footnotes":""},"class_list":["post-5047","page","type-page","status-publish","hentry"],"acf":[],"yoast_head":"<!-- This site is optimized with the Yoast SEO Premium plugin v27.5 (Yoast SEO v27.5) - https:\/\/yoast.com\/product\/yoast-seo-premium-wordpress\/ -->\n<title>Conditions g\u00e9n\u00e9rales de vente - Softub Schweiz<\/title>\n<meta name=\"robots\" content=\"index, follow, max-snippet:-1, max-image-preview:large, max-video-preview:-1\" \/>\n<link rel=\"canonical\" href=\"https:\/\/www.softub.ch\/agb-softub-schweiz\/\" \/>\n<meta property=\"og:locale\" content=\"fr_FR\" \/>\n<meta property=\"og:type\" content=\"article\" \/>\n<meta property=\"og:title\" content=\"Conditions g\u00e9n\u00e9rales de vente\" \/>\n<meta property=\"og:url\" content=\"https:\/\/www.softub.ch\/agb-softub-schweiz\/\" \/>\n<meta property=\"og:site_name\" content=\"Softub Schweiz\" \/>\n<meta property=\"article:publisher\" content=\"https:\/\/www.facebook.com\/softubschweiz\" \/>\n<meta property=\"article:modified_time\" content=\"2019-11-21T16:30:23+00:00\" \/>\n<meta name=\"twitter:card\" content=\"summary_large_image\" \/>\n<meta name=\"twitter:label1\" content=\"Dur\u00e9e de lecture estim\u00e9e\" \/>\n\t<meta name=\"twitter:data1\" content=\"5 minutes\" \/>\n<script type=\"application\/ld+json\" class=\"yoast-schema-graph\">{\"@context\":\"https:\\\/\\\/schema.org\",\"@graph\":[{\"@type\":\"WebPage\",\"@id\":\"https:\\\/\\\/www.softub.ch\\\/agb-softub-schweiz\\\/\",\"url\":\"https:\\\/\\\/www.softub.ch\\\/agb-softub-schweiz\\\/\",\"name\":\"Conditions g\u00e9n\u00e9rales de vente - Softub Schweiz\",\"isPartOf\":{\"@id\":\"https:\\\/\\\/www.softub.ch\\\/fr\\\/#website\"},\"datePublished\":\"2019-11-21T16:29:40+00:00\",\"dateModified\":\"2019-11-21T16:30:23+00:00\",\"breadcrumb\":{\"@id\":\"https:\\\/\\\/www.softub.ch\\\/agb-softub-schweiz\\\/#breadcrumb\"},\"inLanguage\":\"fr-FR\",\"potentialAction\":[{\"@type\":\"ReadAction\",\"target\":[\"https:\\\/\\\/www.softub.ch\\\/agb-softub-schweiz\\\/\"]}]},{\"@type\":\"BreadcrumbList\",\"@id\":\"https:\\\/\\\/www.softub.ch\\\/agb-softub-schweiz\\\/#breadcrumb\",\"itemListElement\":[{\"@type\":\"ListItem\",\"position\":1,\"name\":\"Startseite\",\"item\":\"https:\\\/\\\/www.softub.ch\\\/fr\\\/\"},{\"@type\":\"ListItem\",\"position\":2,\"name\":\"Conditions g\u00e9n\u00e9rales de vente\"}]},{\"@type\":\"WebSite\",\"@id\":\"https:\\\/\\\/www.softub.ch\\\/fr\\\/#website\",\"url\":\"https:\\\/\\\/www.softub.ch\\\/fr\\\/\",\"name\":\"Softub Schweiz\",\"description\":\"Softub - Wir machen Ferien Zuhause\",\"publisher\":{\"@id\":\"https:\\\/\\\/www.softub.ch\\\/fr\\\/#organization\"},\"potentialAction\":[{\"@type\":\"SearchAction\",\"target\":{\"@type\":\"EntryPoint\",\"urlTemplate\":\"https:\\\/\\\/www.softub.ch\\\/fr\\\/?s={search_term_string}\"},\"query-input\":{\"@type\":\"PropertyValueSpecification\",\"valueRequired\":true,\"valueName\":\"search_term_string\"}}],\"inLanguage\":\"fr-FR\"},{\"@type\":\"Organization\",\"@id\":\"https:\\\/\\\/www.softub.ch\\\/fr\\\/#organization\",\"name\":\"Softub Schweiz AG\",\"url\":\"https:\\\/\\\/www.softub.ch\\\/fr\\\/\",\"logo\":{\"@type\":\"ImageObject\",\"inLanguage\":\"fr-FR\",\"@id\":\"https:\\\/\\\/www.softub.ch\\\/fr\\\/#\\\/schema\\\/logo\\\/image\\\/\",\"url\":\"https:\\\/\\\/www.softub.ch\\\/wp-content\\\/uploads\\\/Softub-Logo-Softub-Schweiz-.png\",\"contentUrl\":\"https:\\\/\\\/www.softub.ch\\\/wp-content\\\/uploads\\\/Softub-Logo-Softub-Schweiz-.png\",\"width\":200,\"height\":73,\"caption\":\"Softub Schweiz AG\"},\"image\":{\"@id\":\"https:\\\/\\\/www.softub.ch\\\/fr\\\/#\\\/schema\\\/logo\\\/image\\\/\"},\"sameAs\":[\"https:\\\/\\\/www.facebook.com\\\/softubschweiz\",\"https:\\\/\\\/www.instagram.com\\\/softub_schweiz\\\/\",\"https:\\\/\\\/ch.pinterest.com\\\/softub_schweiz\\\/\",\"https:\\\/\\\/www.linkedin.com\\\/company\\\/softub-schweiz-ag\\\/\"]}]}<\/script>\n<!-- \/ Yoast SEO Premium plugin. -->","yoast_head_json":{"title":"Conditions g\u00e9n\u00e9rales de vente - Softub Schweiz","robots":{"index":"index","follow":"follow","max-snippet":"max-snippet:-1","max-image-preview":"max-image-preview:large","max-video-preview":"max-video-preview:-1"},"canonical":"https:\/\/www.softub.ch\/agb-softub-schweiz\/","og_locale":"fr_FR","og_type":"article","og_title":"Conditions g\u00e9n\u00e9rales de vente","og_url":"https:\/\/www.softub.ch\/agb-softub-schweiz\/","og_site_name":"Softub Schweiz","article_publisher":"https:\/\/www.facebook.com\/softubschweiz","article_modified_time":"2019-11-21T16:30:23+00:00","twitter_card":"summary_large_image","twitter_misc":{"Dur\u00e9e de lecture estim\u00e9e":"5 minutes"},"schema":{"@context":"https:\/\/schema.org","@graph":[{"@type":"WebPage","@id":"https:\/\/www.softub.ch\/agb-softub-schweiz\/","url":"https:\/\/www.softub.ch\/agb-softub-schweiz\/","name":"Conditions g\u00e9n\u00e9rales de vente - Softub Schweiz","isPartOf":{"@id":"https:\/\/www.softub.ch\/fr\/#website"},"datePublished":"2019-11-21T16:29:40+00:00","dateModified":"2019-11-21T16:30:23+00:00","breadcrumb":{"@id":"https:\/\/www.softub.ch\/agb-softub-schweiz\/#breadcrumb"},"inLanguage":"fr-FR","potentialAction":[{"@type":"ReadAction","target":["https:\/\/www.softub.ch\/agb-softub-schweiz\/"]}]},{"@type":"BreadcrumbList","@id":"https:\/\/www.softub.ch\/agb-softub-schweiz\/#breadcrumb","itemListElement":[{"@type":"ListItem","position":1,"name":"Startseite","item":"https:\/\/www.softub.ch\/fr\/"},{"@type":"ListItem","position":2,"name":"Conditions g\u00e9n\u00e9rales de vente"}]},{"@type":"WebSite","@id":"https:\/\/www.softub.ch\/fr\/#website","url":"https:\/\/www.softub.ch\/fr\/","name":"Softub Schweiz","description":"Softub - Wir machen Ferien Zuhause","publisher":{"@id":"https:\/\/www.softub.ch\/fr\/#organization"},"potentialAction":[{"@type":"SearchAction","target":{"@type":"EntryPoint","urlTemplate":"https:\/\/www.softub.ch\/fr\/?s={search_term_string}"},"query-input":{"@type":"PropertyValueSpecification","valueRequired":true,"valueName":"search_term_string"}}],"inLanguage":"fr-FR"},{"@type":"Organization","@id":"https:\/\/www.softub.ch\/fr\/#organization","name":"Softub Schweiz AG","url":"https:\/\/www.softub.ch\/fr\/","logo":{"@type":"ImageObject","inLanguage":"fr-FR","@id":"https:\/\/www.softub.ch\/fr\/#\/schema\/logo\/image\/","url":"https:\/\/www.softub.ch\/wp-content\/uploads\/Softub-Logo-Softub-Schweiz-.png","contentUrl":"https:\/\/www.softub.ch\/wp-content\/uploads\/Softub-Logo-Softub-Schweiz-.png","width":200,"height":73,"caption":"Softub Schweiz AG"},"image":{"@id":"https:\/\/www.softub.ch\/fr\/#\/schema\/logo\/image\/"},"sameAs":["https:\/\/www.facebook.com\/softubschweiz","https:\/\/www.instagram.com\/softub_schweiz\/","https:\/\/ch.pinterest.com\/softub_schweiz\/","https:\/\/www.linkedin.com\/company\/softub-schweiz-ag\/"]}]}},"_links":{"self":[{"href":"https:\/\/www.softub.ch\/fr\/wp-json\/wp\/v2\/pages\/5047","targetHints":{"allow":["GET"]}}],"collection":[{"href":"https:\/\/www.softub.ch\/fr\/wp-json\/wp\/v2\/pages"}],"about":[{"href":"https:\/\/www.softub.ch\/fr\/wp-json\/wp\/v2\/types\/page"}],"author":[{"embeddable":true,"href":"https:\/\/www.softub.ch\/fr\/wp-json\/wp\/v2\/users\/1"}],"replies":[{"embeddable":true,"href":"https:\/\/www.softub.ch\/fr\/wp-json\/wp\/v2\/comments?post=5047"}],"version-history":[{"count":0,"href":"https:\/\/www.softub.ch\/fr\/wp-json\/wp\/v2\/pages\/5047\/revisions"}],"wp:attachment":[{"href":"https:\/\/www.softub.ch\/fr\/wp-json\/wp\/v2\/media?parent=5047"}],"curies":[{"name":"wp","href":"https:\/\/api.w.org\/{rel}","templated":true}]}}