{"id":5087,"date":"2019-11-21T17:22:24","date_gmt":"2019-11-21T17:22:24","guid":{"rendered":"http:\/\/www.softub.ch\/support\/"},"modified":"2022-08-10T13:54:02","modified_gmt":"2022-08-10T13:54:02","slug":"assistance","status":"publish","type":"page","link":"https:\/\/www.softub.ch\/fr\/assistance\/","title":{"rendered":"Assistance"},"content":{"rendered":"<div class=\"fusion-fullwidth fullwidth-box fusion-builder-row-1 nonhundred-percent-fullwidth non-hundred-percent-height-scrolling\" style=\"--awb-border-radius-top-left:0px;--awb-border-radius-top-right:0px;--awb-border-radius-bottom-right:0px;--awb-border-radius-bottom-left:0px;--awb-flex-wrap:wrap;\" ><div class=\"fusion-builder-row fusion-row\"><div class=\"fusion-layout-column fusion_builder_column fusion-builder-column-0 fusion_builder_column_1_3 1_3 fusion-one-third fusion-column-first fusion-column-inner-bg-wrapper\" style=\"--awb-inner-bg-size:cover;width:33.333333333333%;width:calc(33.333333333333% - ( ( 4% + 4% ) * 0.33333333333333 ) );margin-right: 4%;\"><span class=\"fusion-column-inner-bg hover-type-none\"><a class=\"fusion-column-anchor\" href=\"https:\/\/softub.ch\/fr\/contact\/\"><span class=\"fusion-column-inner-bg-image\"><\/span><\/a><\/span><div class=\"fusion-column-wrapper fusion-flex-column-wrapper-legacy\"><div class=\"fusion-title title fusion-title-1 fusion-sep-none fusion-title-text fusion-title-size-two\" style=\"--awb-margin-top-small:0px;--awb-margin-right-small:0px;--awb-margin-bottom-small:20px;--awb-margin-left-small:0px;\"><h2 class=\"fusion-title-heading title-heading-left fusion-responsive-typography-calculated\" style=\"margin:0;--fontSize:22;--minFontSize:22;line-height:1.5;\">Contact<\/h2><\/div><div class=\"fusion-text fusion-text-1\"><p>En cas de questions, de prises de rendez-vous et de commandes, vous pouvez nous contacter \u00e0 tout moment par t\u00e9l\u00e9phone ou par \u00e9crit.<\/p>\n<\/div><div class=\"fusion-image-element in-legacy-container\" style=\"--awb-caption-title-font-family:var(--h2_typography-font-family);--awb-caption-title-font-weight:var(--h2_typography-font-weight);--awb-caption-title-font-style:var(--h2_typography-font-style);--awb-caption-title-size:var(--h2_typography-font-size);--awb-caption-title-transform:var(--h2_typography-text-transform);--awb-caption-title-line-height:var(--h2_typography-line-height);--awb-caption-title-letter-spacing:var(--h2_typography-letter-spacing);\"><span class=\" fusion-imageframe imageframe-none imageframe-1 hover-type-none\"><a class=\"fusion-no-lightbox\" href=\"https:\/\/softub.ch\/fr\/contact\/\" target=\"_self\" aria-label=\"Softub_Schweiz_kontakt_Zollikerberg\"><img decoding=\"async\" width=\"800\" height=\"500\" alt=\"Softub Stickerei Amerikanische Flagge\" src=\"https:\/\/www.softub.ch\/wp-content\/uploads\/Softub_Schweiz_kontakt_Zollikerberg.jpg\" data-orig-src=\"https:\/\/softub.ch\/wp-content\/uploads\/Softub_Schweiz_kontakt_Zollikerberg.jpg\" class=\"lazyload img-responsive wp-image-25040\" srcset=\"data:image\/svg+xml,%3Csvg%20xmlns%3D%27http%3A%2F%2Fwww.w3.org%2F2000%2Fsvg%27%20width%3D%27800%27%20height%3D%27500%27%20viewBox%3D%270%200%20800%20500%27%3E%3Crect%20width%3D%27800%27%20height%3D%27500%27%20fill-opacity%3D%220%22%2F%3E%3C%2Fsvg%3E\" data-srcset=\"https:\/\/www.softub.ch\/wp-content\/uploads\/Softub_Schweiz_kontakt_Zollikerberg-200x125.jpg 200w, https:\/\/www.softub.ch\/wp-content\/uploads\/Softub_Schweiz_kontakt_Zollikerberg-400x250.jpg 400w, https:\/\/www.softub.ch\/wp-content\/uploads\/Softub_Schweiz_kontakt_Zollikerberg-600x375.jpg 600w, https:\/\/www.softub.ch\/wp-content\/uploads\/Softub_Schweiz_kontakt_Zollikerberg.jpg 800w\" data-sizes=\"auto\" data-orig-sizes=\"(max-width: 800px) 100vw, 400px\" \/><\/a><\/span><\/div><div class=\"fusion-clearfix\"><\/div><\/div><\/div><div class=\"fusion-layout-column fusion_builder_column fusion-builder-column-1 fusion_builder_column_1_3 1_3 fusion-one-third fusion-column-inner-bg-wrapper\" style=\"--awb-inner-bg-size:cover;width:33.333333333333%;width:calc(33.333333333333% - ( ( 4% + 4% ) * 0.33333333333333 ) );margin-right: 4%;\"><span class=\"fusion-column-inner-bg hover-type-none\"><a class=\"fusion-column-anchor\" href=\"https:\/\/softub.ch\/fr\/newsletter\/\"><span class=\"fusion-column-inner-bg-image\"><\/span><\/a><\/span><div class=\"fusion-column-wrapper fusion-column-has-shadow fusion-flex-column-wrapper-legacy\"><div class=\"fusion-title title fusion-title-2 fusion-sep-none fusion-title-text fusion-title-size-two\" style=\"--awb-margin-top-small:0px;--awb-margin-right-small:0px;--awb-margin-bottom-small:20px;--awb-margin-left-small:0px;\"><h2 class=\"fusion-title-heading title-heading-left fusion-responsive-typography-calculated\" style=\"margin:0;--fontSize:22;--minFontSize:22;line-height:1.5;\">Newsletter<\/h2><\/div><div class=\"fusion-text fusion-text-2\"><p>Abonnez-vous \u00e0 notre lettre d\u2019informations afin de recevoir r\u00e9guli\u00e8rement des informations et des offres.<\/p>\n<\/div><div class=\"fusion-recent-posts fusion-recent-posts-1 avada-container layout-default layout-columns-1\"><section class=\"fusion-columns columns fusion-columns-1 columns-1\"><article class=\"post fusion-column column col col-lg-12 col-md-12 col-sm-12\"><div class=\"fusion-flexslider fusion-flexslider-loading flexslider flexslider-hover-type-none\"><ul class=\"slides\"><li><a href=\"https:\/\/www.softub.ch\/fr\/bain-dair-frais-idees-bien-etre-25-26\/\" aria-label=\"Bain d&rsquo;air frais | Id\u00e9es bien-\u00eatre 25 26\" class=\"hover-type-none\"><img decoding=\"async\" width=\"700\" height=\"441\" src=\"https:\/\/www.softub.ch\/wp-content\/uploads\/Wellnessideen-outdoor-Softub-Whirlpool-2526-700x441.jpg\" class=\"attachment-recent-posts size-recent-posts lazyload\" alt=\"Cover Wellnessidden Outdoor. Piscine avec vue sur le lac\" srcset=\"data:image\/svg+xml,%3Csvg%20xmlns%3D%27http%3A%2F%2Fwww.w3.org%2F2000%2Fsvg%27%20width%3D%27769%27%20height%3D%271000%27%20viewBox%3D%270%200%20769%201000%27%3E%3Crect%20width%3D%27769%27%20height%3D%271000%27%20fill-opacity%3D%220%22%2F%3E%3C%2Fsvg%3E\" data-orig-src=\"https:\/\/www.softub.ch\/wp-content\/uploads\/Wellnessideen-outdoor-Softub-Whirlpool-2526-700x441.jpg\" data-srcset=\"https:\/\/www.softub.ch\/wp-content\/uploads\/Wellnessideen-outdoor-Softub-Whirlpool-2526-320x202.jpg 320w, https:\/\/www.softub.ch\/wp-content\/uploads\/Wellnessideen-outdoor-Softub-Whirlpool-2526-700x441.jpg 700w\" data-sizes=\"auto\" \/><\/a><\/li><\/ul><\/div><div class=\"recent-posts-content\"><span class=\"vcard\" style=\"display: none;\"><span class=\"fn\"><a href=\"https:\/\/www.softub.ch\/fr\/author\/marketing\/\" title=\"Articles par Marketing\" rel=\"author\">Marketing<\/a><\/span><\/span><span class=\"updated\" style=\"display:none;\">2026-01-06T15:09:35+01:00<\/span><h4 class=\"entry-title\"><a href=\"https:\/\/www.softub.ch\/fr\/bain-dair-frais-idees-bien-etre-25-26\/\">Bain d&rsquo;air frais  | Id\u00e9es bien-\u00eatre 25 26<\/a><\/h4><p class=\"meta\"><span class=\"vcard\" style=\"display: none;\"><span class=\"fn\"><a href=\"https:\/\/www.softub.ch\/fr\/author\/marketing\/\" title=\"Articles par Marketing\" rel=\"author\">Marketing<\/a><\/span><\/span><span class=\"updated\" style=\"display:none;\">2026-01-06T15:09:35+01:00<\/span><span>06. janvier 2026<\/span><span class=\"fusion-inline-sep\">|<\/span><span class=\"fusion-comments\"><a href=\"https:\/\/www.softub.ch\/fr\/bain-dair-frais-idees-bien-etre-25-26\/#respond\">0 Comments<\/a><\/span><\/p><p> Outdoor-Whirlpool Softub   Un bain d'air frais revigorantL'eau enveloppe le corps, les formes ergonomiques flattent la posture et l'environnement devient le cadre d'un moment de s\u00e9r\u00e9nit\u00e9 totale.Quelle: Wellnessidee Ausgabe 25 26, Etzel-Verlag AG [...]<\/p><\/div><\/article><\/section><\/div><div class=\"fusion-clearfix\"><\/div><\/div><\/div><div class=\"fusion-layout-column fusion_builder_column fusion-builder-column-2 fusion_builder_column_1_3 1_3 fusion-one-third fusion-column-last fusion-column-inner-bg-wrapper\" style=\"--awb-inner-bg-size:cover;width:33.333333333333%;width:calc(33.333333333333% - ( ( 4% + 4% ) * 0.33333333333333 ) );\"><span class=\"fusion-column-inner-bg hover-type-none\"><a class=\"fusion-column-anchor\" href=\"https:\/\/softub.ch\/fr\/faq\/\"><span class=\"fusion-column-inner-bg-image\"><\/span><\/a><\/span><div class=\"fusion-column-wrapper fusion-flex-column-wrapper-legacy\"><div class=\"fusion-title title fusion-title-3 fusion-sep-none fusion-title-text fusion-title-size-two\" style=\"--awb-margin-top-small:0px;--awb-margin-right-small:0px;--awb-margin-bottom-small:20px;--awb-margin-left-small:0px;\"><h2 class=\"fusion-title-heading title-heading-left fusion-responsive-typography-calculated\" style=\"margin:0;--fontSize:22;--minFontSize:22;line-height:1.5;\">FAQ<\/h2><\/div><div class=\"fusion-text fusion-text-3\"><p>Vous avez une question en lien avec Softub ? Vous trouverez ici les r\u00e9ponses aux questions fr\u00e9quemment pos\u00e9es.<\/p>\n<\/div><div class=\"fusion-image-element in-legacy-container\" style=\"--awb-caption-title-font-family:var(--h2_typography-font-family);--awb-caption-title-font-weight:var(--h2_typography-font-weight);--awb-caption-title-font-style:var(--h2_typography-font-style);--awb-caption-title-size:var(--h2_typography-font-size);--awb-caption-title-transform:var(--h2_typography-text-transform);--awb-caption-title-line-height:var(--h2_typography-line-height);--awb-caption-title-letter-spacing:var(--h2_typography-letter-spacing);\"><span class=\" fusion-imageframe imageframe-none imageframe-2 hover-type-none\"><a class=\"fusion-no-lightbox\" href=\"https:\/\/softub.ch\/fr\/support\/faq\/\" target=\"_self\" aria-label=\"Softub_Montageanleitung_01\"><img decoding=\"async\" width=\"595\" height=\"595\" alt=\"Instructions de montage Softub\" src=\"https:\/\/www.softub.ch\/wp-content\/uploads\/Softub_Montageanleitung_01.jpg\" data-orig-src=\"https:\/\/softub.ch\/wp-content\/uploads\/Softub_Montageanleitung_01.jpg\" class=\"lazyload img-responsive wp-image-24863\" srcset=\"data:image\/svg+xml,%3Csvg%20xmlns%3D%27http%3A%2F%2Fwww.w3.org%2F2000%2Fsvg%27%20width%3D%27595%27%20height%3D%27595%27%20viewBox%3D%270%200%20595%20595%27%3E%3Crect%20width%3D%27595%27%20height%3D%27595%27%20fill-opacity%3D%220%22%2F%3E%3C%2Fsvg%3E\" data-srcset=\"https:\/\/www.softub.ch\/wp-content\/uploads\/Softub_Montageanleitung_01-200x200.jpg 200w, https:\/\/www.softub.ch\/wp-content\/uploads\/Softub_Montageanleitung_01-400x400.jpg 400w, https:\/\/www.softub.ch\/wp-content\/uploads\/Softub_Montageanleitung_01.jpg 595w\" data-sizes=\"auto\" data-orig-sizes=\"(max-width: 800px) 100vw, 400px\" \/><\/a><\/span><\/div><div class=\"fusion-clearfix\"><\/div><\/div><\/div><\/div><\/div>\n","protected":false},"excerpt":{"rendered":"","protected":false},"author":1,"featured_media":0,"parent":0,"menu_order":0,"comment_status":"closed","ping_status":"closed","template":"","meta":{"_acf_changed":false,"footnotes":""},"class_list":["post-5087","page","type-page","status-publish","hentry"],"acf":[],"yoast_head":"<!-- This site is optimized with the Yoast SEO Premium plugin v27.5 (Yoast SEO v27.5) - https:\/\/yoast.com\/product\/yoast-seo-premium-wordpress\/ -->\n<title>Assistance - Softub Schweiz Quesions, Commandes, Newletter et FAQ<\/title>\n<meta name=\"description\" content=\"En cas de questions, de prises de rendez-vous et de commandes, vous pouvez nous contacter \u00e0 tout moment par t\u00e9l\u00e9phone ou par \u00e9crit.\" \/>\n<meta name=\"robots\" content=\"index, follow, max-snippet:-1, max-image-preview:large, max-video-preview:-1\" \/>\n<link rel=\"canonical\" href=\"https:\/\/www.softub.ch\/fr\/assistance\/\" \/>\n<meta property=\"og:locale\" content=\"fr_FR\" \/>\n<meta property=\"og:type\" content=\"article\" \/>\n<meta property=\"og:title\" content=\"Assistance\" \/>\n<meta property=\"og:description\" content=\"En cas de questions, de prises de rendez-vous et de commandes, vous pouvez nous contacter \u00e0 tout moment par t\u00e9l\u00e9phone ou par \u00e9crit.\" \/>\n<meta property=\"og:url\" content=\"https:\/\/www.softub.ch\/fr\/assistance\/\" \/>\n<meta property=\"og:site_name\" content=\"Softub Schweiz\" \/>\n<meta property=\"article:publisher\" content=\"https:\/\/www.facebook.com\/softubschweiz\" \/>\n<meta property=\"article:modified_time\" content=\"2022-08-10T13:54:02+00:00\" \/>\n<meta name=\"twitter:card\" content=\"summary_large_image\" \/>\n<meta name=\"twitter:label1\" content=\"Dur\u00e9e de lecture estim\u00e9e\" \/>\n\t<meta name=\"twitter:data1\" content=\"2 minutes\" \/>\n<script type=\"application\/ld+json\" class=\"yoast-schema-graph\">{\"@context\":\"https:\\\/\\\/schema.org\",\"@graph\":[{\"@type\":\"WebPage\",\"@id\":\"https:\\\/\\\/www.softub.ch\\\/fr\\\/assistance\\\/\",\"url\":\"https:\\\/\\\/www.softub.ch\\\/fr\\\/assistance\\\/\",\"name\":\"Assistance - Softub Schweiz Quesions, Commandes, Newletter et FAQ\",\"isPartOf\":{\"@id\":\"https:\\\/\\\/www.softub.ch\\\/fr\\\/#website\"},\"datePublished\":\"2019-11-21T17:22:24+00:00\",\"dateModified\":\"2022-08-10T13:54:02+00:00\",\"description\":\"En cas de questions, de prises de rendez-vous et de commandes, vous pouvez nous contacter \u00e0 tout moment par t\u00e9l\u00e9phone ou par \u00e9crit.\",\"breadcrumb\":{\"@id\":\"https:\\\/\\\/www.softub.ch\\\/fr\\\/assistance\\\/#breadcrumb\"},\"inLanguage\":\"fr-FR\",\"potentialAction\":[{\"@type\":\"ReadAction\",\"target\":[\"https:\\\/\\\/www.softub.ch\\\/fr\\\/assistance\\\/\"]}]},{\"@type\":\"BreadcrumbList\",\"@id\":\"https:\\\/\\\/www.softub.ch\\\/fr\\\/assistance\\\/#breadcrumb\",\"itemListElement\":[{\"@type\":\"ListItem\",\"position\":1,\"name\":\"Startseite\",\"item\":\"https:\\\/\\\/www.softub.ch\\\/fr\\\/\"},{\"@type\":\"ListItem\",\"position\":2,\"name\":\"Assistance\"}]},{\"@type\":\"WebSite\",\"@id\":\"https:\\\/\\\/www.softub.ch\\\/fr\\\/#website\",\"url\":\"https:\\\/\\\/www.softub.ch\\\/fr\\\/\",\"name\":\"Softub Schweiz\",\"description\":\"Softub - Wir machen Ferien Zuhause\",\"publisher\":{\"@id\":\"https:\\\/\\\/www.softub.ch\\\/fr\\\/#organization\"},\"potentialAction\":[{\"@type\":\"SearchAction\",\"target\":{\"@type\":\"EntryPoint\",\"urlTemplate\":\"https:\\\/\\\/www.softub.ch\\\/fr\\\/?s={search_term_string}\"},\"query-input\":{\"@type\":\"PropertyValueSpecification\",\"valueRequired\":true,\"valueName\":\"search_term_string\"}}],\"inLanguage\":\"fr-FR\"},{\"@type\":\"Organization\",\"@id\":\"https:\\\/\\\/www.softub.ch\\\/fr\\\/#organization\",\"name\":\"Softub Schweiz AG\",\"url\":\"https:\\\/\\\/www.softub.ch\\\/fr\\\/\",\"logo\":{\"@type\":\"ImageObject\",\"inLanguage\":\"fr-FR\",\"@id\":\"https:\\\/\\\/www.softub.ch\\\/fr\\\/#\\\/schema\\\/logo\\\/image\\\/\",\"url\":\"https:\\\/\\\/www.softub.ch\\\/wp-content\\\/uploads\\\/Softub-Logo-Softub-Schweiz-.png\",\"contentUrl\":\"https:\\\/\\\/www.softub.ch\\\/wp-content\\\/uploads\\\/Softub-Logo-Softub-Schweiz-.png\",\"width\":200,\"height\":73,\"caption\":\"Softub Schweiz AG\"},\"image\":{\"@id\":\"https:\\\/\\\/www.softub.ch\\\/fr\\\/#\\\/schema\\\/logo\\\/image\\\/\"},\"sameAs\":[\"https:\\\/\\\/www.facebook.com\\\/softubschweiz\",\"https:\\\/\\\/www.instagram.com\\\/softub_schweiz\\\/\",\"https:\\\/\\\/ch.pinterest.com\\\/softub_schweiz\\\/\",\"https:\\\/\\\/www.linkedin.com\\\/company\\\/softub-schweiz-ag\\\/\"]}]}<\/script>\n<!-- \/ Yoast SEO Premium plugin. -->","yoast_head_json":{"title":"Assistance - Softub Schweiz Quesions, Commandes, Newletter et FAQ","description":"En cas de questions, de prises de rendez-vous et de commandes, vous pouvez nous contacter \u00e0 tout moment par t\u00e9l\u00e9phone ou par \u00e9crit.","robots":{"index":"index","follow":"follow","max-snippet":"max-snippet:-1","max-image-preview":"max-image-preview:large","max-video-preview":"max-video-preview:-1"},"canonical":"https:\/\/www.softub.ch\/fr\/assistance\/","og_locale":"fr_FR","og_type":"article","og_title":"Assistance","og_description":"En cas de questions, de prises de rendez-vous et de commandes, vous pouvez nous contacter \u00e0 tout moment par t\u00e9l\u00e9phone ou par \u00e9crit.","og_url":"https:\/\/www.softub.ch\/fr\/assistance\/","og_site_name":"Softub Schweiz","article_publisher":"https:\/\/www.facebook.com\/softubschweiz","article_modified_time":"2022-08-10T13:54:02+00:00","twitter_card":"summary_large_image","twitter_misc":{"Dur\u00e9e de lecture estim\u00e9e":"2 minutes"},"schema":{"@context":"https:\/\/schema.org","@graph":[{"@type":"WebPage","@id":"https:\/\/www.softub.ch\/fr\/assistance\/","url":"https:\/\/www.softub.ch\/fr\/assistance\/","name":"Assistance - Softub Schweiz Quesions, Commandes, Newletter et FAQ","isPartOf":{"@id":"https:\/\/www.softub.ch\/fr\/#website"},"datePublished":"2019-11-21T17:22:24+00:00","dateModified":"2022-08-10T13:54:02+00:00","description":"En cas de questions, de prises de rendez-vous et de commandes, vous pouvez nous contacter \u00e0 tout moment par t\u00e9l\u00e9phone ou par \u00e9crit.","breadcrumb":{"@id":"https:\/\/www.softub.ch\/fr\/assistance\/#breadcrumb"},"inLanguage":"fr-FR","potentialAction":[{"@type":"ReadAction","target":["https:\/\/www.softub.ch\/fr\/assistance\/"]}]},{"@type":"BreadcrumbList","@id":"https:\/\/www.softub.ch\/fr\/assistance\/#breadcrumb","itemListElement":[{"@type":"ListItem","position":1,"name":"Startseite","item":"https:\/\/www.softub.ch\/fr\/"},{"@type":"ListItem","position":2,"name":"Assistance"}]},{"@type":"WebSite","@id":"https:\/\/www.softub.ch\/fr\/#website","url":"https:\/\/www.softub.ch\/fr\/","name":"Softub Schweiz","description":"Softub - Wir machen Ferien Zuhause","publisher":{"@id":"https:\/\/www.softub.ch\/fr\/#organization"},"potentialAction":[{"@type":"SearchAction","target":{"@type":"EntryPoint","urlTemplate":"https:\/\/www.softub.ch\/fr\/?s={search_term_string}"},"query-input":{"@type":"PropertyValueSpecification","valueRequired":true,"valueName":"search_term_string"}}],"inLanguage":"fr-FR"},{"@type":"Organization","@id":"https:\/\/www.softub.ch\/fr\/#organization","name":"Softub Schweiz AG","url":"https:\/\/www.softub.ch\/fr\/","logo":{"@type":"ImageObject","inLanguage":"fr-FR","@id":"https:\/\/www.softub.ch\/fr\/#\/schema\/logo\/image\/","url":"https:\/\/www.softub.ch\/wp-content\/uploads\/Softub-Logo-Softub-Schweiz-.png","contentUrl":"https:\/\/www.softub.ch\/wp-content\/uploads\/Softub-Logo-Softub-Schweiz-.png","width":200,"height":73,"caption":"Softub Schweiz AG"},"image":{"@id":"https:\/\/www.softub.ch\/fr\/#\/schema\/logo\/image\/"},"sameAs":["https:\/\/www.facebook.com\/softubschweiz","https:\/\/www.instagram.com\/softub_schweiz\/","https:\/\/ch.pinterest.com\/softub_schweiz\/","https:\/\/www.linkedin.com\/company\/softub-schweiz-ag\/"]}]}},"_links":{"self":[{"href":"https:\/\/www.softub.ch\/fr\/wp-json\/wp\/v2\/pages\/5087","targetHints":{"allow":["GET"]}}],"collection":[{"href":"https:\/\/www.softub.ch\/fr\/wp-json\/wp\/v2\/pages"}],"about":[{"href":"https:\/\/www.softub.ch\/fr\/wp-json\/wp\/v2\/types\/page"}],"author":[{"embeddable":true,"href":"https:\/\/www.softub.ch\/fr\/wp-json\/wp\/v2\/users\/1"}],"replies":[{"embeddable":true,"href":"https:\/\/www.softub.ch\/fr\/wp-json\/wp\/v2\/comments?post=5087"}],"version-history":[{"count":0,"href":"https:\/\/www.softub.ch\/fr\/wp-json\/wp\/v2\/pages\/5087\/revisions"}],"wp:attachment":[{"href":"https:\/\/www.softub.ch\/fr\/wp-json\/wp\/v2\/media?parent=5087"}],"curies":[{"name":"wp","href":"https:\/\/api.w.org\/{rel}","templated":true}]}}