{"id":11185,"date":"2020-03-23T16:25:50","date_gmt":"2020-03-23T16:25:50","guid":{"rendered":"http:\/\/www.softub.ch\/?post_type=product&#038;p=11185"},"modified":"2025-07-01T21:12:08","modified_gmt":"2025-07-01T19:12:08","slug":"weka-saunaofen-set-klassik","status":"publish","type":"product","link":"https:\/\/www.softub.ch\/fr\/produit\/weka-saunaofen-set-klassik\/","title":{"rendered":"Weka Saunaofen Set Klassik &#8211; alles gleich zusammen"},"content":{"rendered":"<div class=\"fusion-fullwidth fullwidth-box fusion-builder-row-1 fusion-flex-container nonhundred-percent-fullwidth non-hundred-percent-height-scrolling\" style=\"--awb-border-radius-top-left:0px;--awb-border-radius-top-right:0px;--awb-border-radius-bottom-right:0px;--awb-border-radius-bottom-left:0px;--awb-flex-wrap:wrap;\" ><div class=\"fusion-builder-row fusion-row fusion-flex-align-items-flex-start fusion-flex-content-wrap\" style=\"max-width:1248px;margin-left: calc(-4% \/ 2 );margin-right: calc(-4% \/ 2 );\"><div class=\"fusion-layout-column fusion_builder_column fusion-builder-column-0 fusion_builder_column_1_1 1_1 fusion-flex-column\" style=\"--awb-bg-size:cover;--awb-width-large:100%;--awb-margin-top-large:0px;--awb-spacing-right-large:1.92%;--awb-margin-bottom-large:0px;--awb-spacing-left-large:1.92%;--awb-width-medium:100%;--awb-spacing-right-medium:1.92%;--awb-spacing-left-medium:1.92%;--awb-width-small:100%;--awb-spacing-right-small:1.92%;--awb-spacing-left-small:1.92%;\"><div class=\"fusion-column-wrapper fusion-flex-justify-content-flex-start fusion-content-layout-column\"><div class=\"fusion-text fusion-text-1\"><h1><span style=\"color: #429bba;\">Weka Saunaofen Set Klassik 3.6 &#8211; 9,0 kW<\/span><\/h1>\n<h3>\u00a0Das\u00a0Weka Saunaofen Set Klassik &#8211; Beschreibung:<\/h3>\n<ul>\n<li>F\u00fcr Kabinengr\u00f6ssen von 4 bis 14 m\u00b3<\/li>\n<li>Ofenmasse<strong>:<\/strong> 380 x 366 x 664 mm (B x T x H)<\/li>\n<li>Ofenleistung 3.6 kW &#8211; 9.0 kW (nur 3.6 kW mit 230 V\u00a0 Stromanschluss)<\/li>\n<li>F\u00fcr finnisches Saunieren bis 110\u00b0C<\/li>\n<li>Doppelwandiger Aussenmantel und Steinkorb aus Edelstahl<\/li>\n<li>Wandausf\u00fchrung mit Standfuss<\/li>\n<li>T\u00dcV\/GS-gepr\u00fcft durch T\u00dcV-S\u00dcD<\/li>\n<li>Alle notwendigen Schrauben und Schraubenabdeckungen enthalten<\/li>\n<li>Ausf\u00fchrliche, bebilderte und leicht verst\u00e4ndliche Aufbauanleitung<\/li>\n<li>inklusive Saunasteine und Steuerger\u00e4t<\/li>\n<\/ul>\n<p>(Abb. Weka Saunaofen Klassik 4.5 kW ohne Zubeh\u00f6r und Dekoration)<\/p>\n<p><strong>Bitte beachten Sie<\/strong>: Die Elektroinstallation (der Anschluss von Saunaofen und Steuerung) darf aus Sicherheitsgr\u00fcnden nur von einem zertifiziertem Elektrofachmann vorgenommen werden<\/p>\n<h3 data-fontsize=\"18\" data-lineheight=\"27\"><\/h3>\n<h3 data-fontsize=\"18\" data-lineheight=\"27\">WEKA Sauna: Wellnessoase zum Selberbauen<\/h3>\n<p>Erholen Sie sich in Ihrer eigenen Wohlf\u00fchloase, die Sie ganz nach Ihrem Wunsch gestalten. Ob eine Sauna aus Holz oder in Schieferoptik \u2013 WEKA bietet Ihnen viele M\u00f6glichkeiten, Ihre Sauna auf Ihren Wohnstil abzustimmen. Der einfache Aufbau ist dabei stets gew\u00e4hrleistet. Dank des Sauna-Bausatzes l\u00e4sst sich Ihr Entspannungsort schnell zusammensetzen, denn die vorgefertigten Decken- und Wandelemente halten den Aufbau Ihrer Sauna f\u00fcr zu Hause simpel und unkompliziert. Die passgenaue Verarbeitung sorgt zudem f\u00fcr hohe Stabilit\u00e4t und eine optimale Abdichtung. So wird die W\u00e4rme im Inneren lange gespeichert.<\/p>\n<h3>Saunas aus Qualit\u00e4tsholz:<\/h3>\n<p>Ob Indoor-Sauna oder Saunah\u00e4user f\u00fcr den Garten \u2013 WEKA setzt auf hochwertige Materialien. Das spiegelt sich auch in jedem Sauna-Bausatz wider. Das verwendete Holz stammt aus Skandinavien und besticht mit sehr guten Isoliereigenschaften sowie einer hohen, nat\u00fcrlichen Stabilit\u00e4t.<\/p>\n<h3>Zubeh\u00f6r f\u00fcr die Weka Saunen:<\/h3>\n<p>Wir haben ein reichhaltiges Zubeh\u00f6rsortiment f\u00fcr Sie zusammengestellt, so dass Sie sich die passenden Produkte in Ruhe in unserem Onlineshop ausw\u00e4hlen k\u00f6nnen. Wenn Sie sich dar\u00fcber hinaus Ihre ganz pers\u00f6nliche Wellness-Oase schaffen wollen, so schauen Sie sich doch einfach unsere Softub <a href=\"https:\/\/softub.ch\/simply-relaxing\/softub-whirlpools\/\">Whirlpools<\/a> an &#8211; eventuell auch in Kombination mit einem <a href=\"https:\/\/meinschattenspender.ch\/\">Unosider-<\/a><a href=\"https:\/\/meinschattenspender.ch\/\">Pavillon<\/a>.<\/p>\n<p>Wir beraten Sie gerne, telefonisch, in einem unserer Showrooms oder aber bei Ihnen Zuhause.<\/p>\n<\/div><\/div><\/div><\/div><\/div>\n","protected":false},"excerpt":{"rendered":"<h1><span style=\"color: #429bba;\">Weka Saunaofen Set Klassik<\/span><\/h1>\n<p>Klassischer Weka Saunaofen, der in 4 verschiedenen Ofenleistungen erh\u00e4ltlich ist: 3,6 kW, 4,5 kW, 7,5 kW sowie 9,0 kW.<\/p>\n<p>Masse: 380 x 366 x 664 mm<\/p>\n<p>Geeignet f\u00fcr Kabinengr\u00f6ssen von 4-14 m\u00b3.<\/p>\n","protected":false},"featured_media":11212,"template":"","meta":{"_acf_changed":false},"product_brand":[],"product_cat":[527],"product_tag":[4004,4005,430,461,635,4028,4032,4034,4026,975,567,1179,3040,431,1546,4033,1547,184,1125,1670],"woo-feed-brand":[],"class_list":{"0":"post-11185","1":"product","2":"type-product","3":"status-publish","4":"has-post-thumbnail","6":"product_cat-saunaofen-und-steuergeraet","7":"product_tag-die-besten-saunen","8":"product_tag-die-schoensten-saunen","9":"product_tag-sauna","10":"product_tag-sauna-zubehoer","11":"product_tag-saunaofen","12":"product_tag-saunaofen-fuer-sauna","13":"product_tag-saunaofen-klassik","14":"product_tag-saunaofen-set","15":"product_tag-saunaofen-von-weka","16":"product_tag-saunieren","17":"product_tag-softub","18":"product_tag-softub-schweiz","19":"product_tag-softub-schweiz-ag","20":"product_tag-weka","21":"product_tag-weka-saunaofen","22":"product_tag-weka-saunaofen-set-klassik","23":"product_tag-weka-saunaprodukte","24":"product_tag-wellness","25":"product_tag-wellnessoase","26":"product_tag-zubehoer-fuer-saunen","27":"product_shipping_class-post-20","29":"first","30":"instock","31":"taxable","32":"shipping-taxable","33":"purchasable","34":"product-type-variable"},"acf":[],"yoast_head":"<!-- This site is optimized with the Yoast SEO Premium plugin v27.3 (Yoast SEO v27.3) - https:\/\/yoast.com\/product\/yoast-seo-premium-wordpress\/ -->\n<title>Weka Saunaofen Set Klassik - saunieren bis 110 Grad<\/title>\n<meta name=\"description\" content=\"Mit dem Weka Saunaofen Set Klassik erleben Sie ein unbeschwertes Saunavergn\u00fcgen bei optimaler Temperatur und Luftfeuchtigkeit.\" \/>\n<meta name=\"robots\" content=\"index, follow, max-snippet:-1, max-image-preview:large, max-video-preview:-1\" \/>\n<link rel=\"canonical\" href=\"https:\/\/www.softub.ch\/produkt\/weka-saunaofen-set-klassik\/\" \/>\n<meta property=\"og:locale\" content=\"fr_FR\" \/>\n<meta property=\"og:type\" content=\"article\" \/>\n<meta property=\"og:title\" content=\"Weka Saunaofen Set Klassik - alles gleich zusammen\" \/>\n<meta property=\"og:description\" content=\"Mit dem Weka Saunaofen Set Klassik erleben Sie ein unbeschwertes Saunavergn\u00fcgen bei optimaler Temperatur und Luftfeuchtigkeit.\" \/>\n<meta property=\"og:url\" content=\"https:\/\/www.softub.ch\/produkt\/weka-saunaofen-set-klassik\/\" \/>\n<meta property=\"og:site_name\" content=\"Softub Schweiz\" \/>\n<meta property=\"article:publisher\" content=\"https:\/\/www.facebook.com\/softubschweiz\" \/>\n<meta property=\"article:modified_time\" content=\"2025-07-01T19:12:08+00:00\" \/>\n<meta property=\"og:image\" content=\"https:\/\/www.softub.ch\/wp-content\/uploads\/weka-saunaofen-set-klassik.jpg\" \/>\n\t<meta property=\"og:image:width\" content=\"640\" \/>\n\t<meta property=\"og:image:height\" content=\"640\" \/>\n\t<meta property=\"og:image:type\" content=\"image\/jpeg\" \/>\n<meta name=\"twitter:card\" content=\"summary_large_image\" \/>\n<meta name=\"twitter:label1\" content=\"Dur\u00e9e de lecture estim\u00e9e\" \/>\n\t<meta name=\"twitter:data1\" content=\"2 minutes\" \/>\n<script type=\"application\/ld+json\" class=\"yoast-schema-graph\">{\"@context\":\"https:\\\/\\\/schema.org\",\"@graph\":[{\"@type\":\"WebPage\",\"@id\":\"https:\\\/\\\/www.softub.ch\\\/produkt\\\/weka-saunaofen-set-klassik\\\/\",\"url\":\"https:\\\/\\\/www.softub.ch\\\/produkt\\\/weka-saunaofen-set-klassik\\\/\",\"name\":\"Weka Saunaofen Set Klassik - saunieren bis 110 Grad\",\"isPartOf\":{\"@id\":\"https:\\\/\\\/www.softub.ch\\\/fr\\\/#website\"},\"primaryImageOfPage\":{\"@id\":\"https:\\\/\\\/www.softub.ch\\\/produkt\\\/weka-saunaofen-set-klassik\\\/#primaryimage\"},\"image\":{\"@id\":\"https:\\\/\\\/www.softub.ch\\\/produkt\\\/weka-saunaofen-set-klassik\\\/#primaryimage\"},\"thumbnailUrl\":\"https:\\\/\\\/www.softub.ch\\\/wp-content\\\/uploads\\\/weka-saunaofen-set-klassik.jpg\",\"datePublished\":\"2020-03-23T16:25:50+00:00\",\"dateModified\":\"2025-07-01T19:12:08+00:00\",\"description\":\"Mit dem Weka Saunaofen Set Klassik erleben Sie ein unbeschwertes Saunavergn\u00fcgen bei optimaler Temperatur und Luftfeuchtigkeit.\",\"breadcrumb\":{\"@id\":\"https:\\\/\\\/www.softub.ch\\\/produkt\\\/weka-saunaofen-set-klassik\\\/#breadcrumb\"},\"inLanguage\":\"fr-FR\",\"potentialAction\":[{\"@type\":\"ReadAction\",\"target\":[\"https:\\\/\\\/www.softub.ch\\\/produkt\\\/weka-saunaofen-set-klassik\\\/\"]}]},{\"@type\":\"ImageObject\",\"inLanguage\":\"fr-FR\",\"@id\":\"https:\\\/\\\/www.softub.ch\\\/produkt\\\/weka-saunaofen-set-klassik\\\/#primaryimage\",\"url\":\"https:\\\/\\\/www.softub.ch\\\/wp-content\\\/uploads\\\/weka-saunaofen-set-klassik.jpg\",\"contentUrl\":\"https:\\\/\\\/www.softub.ch\\\/wp-content\\\/uploads\\\/weka-saunaofen-set-klassik.jpg\",\"width\":640,\"height\":640,\"caption\":\"Kompakter Weka Saunaofen, der in 4 verschiedenen Ofenleistungen erh\u00e4ltlich ist: 3,6 kW, 4,5 kW, 7,5 kW sowie 9,0 kW. Ma\u00dfe: 380 x 366 x 664 mm Geeignet f\u00fcr Kabinengr\u00f6\u00dfen von 4-14 m\u00b3.\"},{\"@type\":\"BreadcrumbList\",\"@id\":\"https:\\\/\\\/www.softub.ch\\\/produkt\\\/weka-saunaofen-set-klassik\\\/#breadcrumb\",\"itemListElement\":[{\"@type\":\"ListItem\",\"position\":1,\"name\":\"Startseite\",\"item\":\"https:\\\/\\\/www.softub.ch\\\/fr\\\/\"},{\"@type\":\"ListItem\",\"position\":2,\"name\":\"Shop\",\"item\":\"https:\\\/\\\/www.softub.ch\\\/fr\\\/softub-suisse-shop\\\/\"},{\"@type\":\"ListItem\",\"position\":3,\"name\":\"Weka Saunaofen Set Klassik &#8211; alles gleich zusammen\"}]},{\"@type\":\"WebSite\",\"@id\":\"https:\\\/\\\/www.softub.ch\\\/fr\\\/#website\",\"url\":\"https:\\\/\\\/www.softub.ch\\\/fr\\\/\",\"name\":\"Softub Schweiz\",\"description\":\"Softub - Wir machen Ferien Zuhause\",\"publisher\":{\"@id\":\"https:\\\/\\\/www.softub.ch\\\/fr\\\/#organization\"},\"potentialAction\":[{\"@type\":\"SearchAction\",\"target\":{\"@type\":\"EntryPoint\",\"urlTemplate\":\"https:\\\/\\\/www.softub.ch\\\/fr\\\/?s={search_term_string}\"},\"query-input\":{\"@type\":\"PropertyValueSpecification\",\"valueRequired\":true,\"valueName\":\"search_term_string\"}}],\"inLanguage\":\"fr-FR\"},{\"@type\":\"Organization\",\"@id\":\"https:\\\/\\\/www.softub.ch\\\/fr\\\/#organization\",\"name\":\"Softub Schweiz AG\",\"url\":\"https:\\\/\\\/www.softub.ch\\\/fr\\\/\",\"logo\":{\"@type\":\"ImageObject\",\"inLanguage\":\"fr-FR\",\"@id\":\"https:\\\/\\\/www.softub.ch\\\/fr\\\/#\\\/schema\\\/logo\\\/image\\\/\",\"url\":\"https:\\\/\\\/www.softub.ch\\\/wp-content\\\/uploads\\\/Softub-Logo-Softub-Schweiz-.png\",\"contentUrl\":\"https:\\\/\\\/www.softub.ch\\\/wp-content\\\/uploads\\\/Softub-Logo-Softub-Schweiz-.png\",\"width\":200,\"height\":73,\"caption\":\"Softub Schweiz AG\"},\"image\":{\"@id\":\"https:\\\/\\\/www.softub.ch\\\/fr\\\/#\\\/schema\\\/logo\\\/image\\\/\"},\"sameAs\":[\"https:\\\/\\\/www.facebook.com\\\/softubschweiz\",\"https:\\\/\\\/www.instagram.com\\\/softub_schweiz\\\/\",\"https:\\\/\\\/ch.pinterest.com\\\/softub_schweiz\\\/\",\"https:\\\/\\\/www.linkedin.com\\\/company\\\/softub-schweiz-ag\\\/\"]}]}<\/script>\n<!-- \/ Yoast SEO Premium plugin. -->","yoast_head_json":{"title":"Weka Saunaofen Set Klassik - saunieren bis 110 Grad","description":"Mit dem Weka Saunaofen Set Klassik erleben Sie ein unbeschwertes Saunavergn\u00fcgen bei optimaler Temperatur und Luftfeuchtigkeit.","robots":{"index":"index","follow":"follow","max-snippet":"max-snippet:-1","max-image-preview":"max-image-preview:large","max-video-preview":"max-video-preview:-1"},"canonical":"https:\/\/www.softub.ch\/produkt\/weka-saunaofen-set-klassik\/","og_locale":"fr_FR","og_type":"article","og_title":"Weka Saunaofen Set Klassik - alles gleich zusammen","og_description":"Mit dem Weka Saunaofen Set Klassik erleben Sie ein unbeschwertes Saunavergn\u00fcgen bei optimaler Temperatur und Luftfeuchtigkeit.","og_url":"https:\/\/www.softub.ch\/produkt\/weka-saunaofen-set-klassik\/","og_site_name":"Softub Schweiz","article_publisher":"https:\/\/www.facebook.com\/softubschweiz","article_modified_time":"2025-07-01T19:12:08+00:00","og_image":[{"width":640,"height":640,"url":"https:\/\/www.softub.ch\/wp-content\/uploads\/weka-saunaofen-set-klassik.jpg","type":"image\/jpeg"}],"twitter_card":"summary_large_image","twitter_misc":{"Dur\u00e9e de lecture estim\u00e9e":"2 minutes"},"schema":{"@context":"https:\/\/schema.org","@graph":[{"@type":"WebPage","@id":"https:\/\/www.softub.ch\/produkt\/weka-saunaofen-set-klassik\/","url":"https:\/\/www.softub.ch\/produkt\/weka-saunaofen-set-klassik\/","name":"Weka Saunaofen Set Klassik - saunieren bis 110 Grad","isPartOf":{"@id":"https:\/\/www.softub.ch\/fr\/#website"},"primaryImageOfPage":{"@id":"https:\/\/www.softub.ch\/produkt\/weka-saunaofen-set-klassik\/#primaryimage"},"image":{"@id":"https:\/\/www.softub.ch\/produkt\/weka-saunaofen-set-klassik\/#primaryimage"},"thumbnailUrl":"https:\/\/www.softub.ch\/wp-content\/uploads\/weka-saunaofen-set-klassik.jpg","datePublished":"2020-03-23T16:25:50+00:00","dateModified":"2025-07-01T19:12:08+00:00","description":"Mit dem Weka Saunaofen Set Klassik erleben Sie ein unbeschwertes Saunavergn\u00fcgen bei optimaler Temperatur und Luftfeuchtigkeit.","breadcrumb":{"@id":"https:\/\/www.softub.ch\/produkt\/weka-saunaofen-set-klassik\/#breadcrumb"},"inLanguage":"fr-FR","potentialAction":[{"@type":"ReadAction","target":["https:\/\/www.softub.ch\/produkt\/weka-saunaofen-set-klassik\/"]}]},{"@type":"ImageObject","inLanguage":"fr-FR","@id":"https:\/\/www.softub.ch\/produkt\/weka-saunaofen-set-klassik\/#primaryimage","url":"https:\/\/www.softub.ch\/wp-content\/uploads\/weka-saunaofen-set-klassik.jpg","contentUrl":"https:\/\/www.softub.ch\/wp-content\/uploads\/weka-saunaofen-set-klassik.jpg","width":640,"height":640,"caption":"Kompakter Weka Saunaofen, der in 4 verschiedenen Ofenleistungen erh\u00e4ltlich ist: 3,6 kW, 4,5 kW, 7,5 kW sowie 9,0 kW. Ma\u00dfe: 380 x 366 x 664 mm Geeignet f\u00fcr Kabinengr\u00f6\u00dfen von 4-14 m\u00b3."},{"@type":"BreadcrumbList","@id":"https:\/\/www.softub.ch\/produkt\/weka-saunaofen-set-klassik\/#breadcrumb","itemListElement":[{"@type":"ListItem","position":1,"name":"Startseite","item":"https:\/\/www.softub.ch\/fr\/"},{"@type":"ListItem","position":2,"name":"Shop","item":"https:\/\/www.softub.ch\/fr\/softub-suisse-shop\/"},{"@type":"ListItem","position":3,"name":"Weka Saunaofen Set Klassik &#8211; alles gleich zusammen"}]},{"@type":"WebSite","@id":"https:\/\/www.softub.ch\/fr\/#website","url":"https:\/\/www.softub.ch\/fr\/","name":"Softub Schweiz","description":"Softub - Wir machen Ferien Zuhause","publisher":{"@id":"https:\/\/www.softub.ch\/fr\/#organization"},"potentialAction":[{"@type":"SearchAction","target":{"@type":"EntryPoint","urlTemplate":"https:\/\/www.softub.ch\/fr\/?s={search_term_string}"},"query-input":{"@type":"PropertyValueSpecification","valueRequired":true,"valueName":"search_term_string"}}],"inLanguage":"fr-FR"},{"@type":"Organization","@id":"https:\/\/www.softub.ch\/fr\/#organization","name":"Softub Schweiz AG","url":"https:\/\/www.softub.ch\/fr\/","logo":{"@type":"ImageObject","inLanguage":"fr-FR","@id":"https:\/\/www.softub.ch\/fr\/#\/schema\/logo\/image\/","url":"https:\/\/www.softub.ch\/wp-content\/uploads\/Softub-Logo-Softub-Schweiz-.png","contentUrl":"https:\/\/www.softub.ch\/wp-content\/uploads\/Softub-Logo-Softub-Schweiz-.png","width":200,"height":73,"caption":"Softub Schweiz AG"},"image":{"@id":"https:\/\/www.softub.ch\/fr\/#\/schema\/logo\/image\/"},"sameAs":["https:\/\/www.facebook.com\/softubschweiz","https:\/\/www.instagram.com\/softub_schweiz\/","https:\/\/ch.pinterest.com\/softub_schweiz\/","https:\/\/www.linkedin.com\/company\/softub-schweiz-ag\/"]}]}},"_links":{"self":[{"href":"https:\/\/www.softub.ch\/fr\/wp-json\/wp\/v2\/product\/11185","targetHints":{"allow":["GET"]}}],"collection":[{"href":"https:\/\/www.softub.ch\/fr\/wp-json\/wp\/v2\/product"}],"about":[{"href":"https:\/\/www.softub.ch\/fr\/wp-json\/wp\/v2\/types\/product"}],"wp:featuredmedia":[{"embeddable":true,"href":"https:\/\/www.softub.ch\/fr\/wp-json\/wp\/v2\/media\/11212"}],"wp:attachment":[{"href":"https:\/\/www.softub.ch\/fr\/wp-json\/wp\/v2\/media?parent=11185"}],"wp:term":[{"taxonomy":"product_brand","embeddable":true,"href":"https:\/\/www.softub.ch\/fr\/wp-json\/wp\/v2\/product_brand?post=11185"},{"taxonomy":"product_cat","embeddable":true,"href":"https:\/\/www.softub.ch\/fr\/wp-json\/wp\/v2\/product_cat?post=11185"},{"taxonomy":"product_tag","embeddable":true,"href":"https:\/\/www.softub.ch\/fr\/wp-json\/wp\/v2\/product_tag?post=11185"},{"taxonomy":"woo-feed-brand","embeddable":true,"href":"https:\/\/www.softub.ch\/fr\/wp-json\/wp\/v2\/woo-feed-brand?post=11185"}],"curies":[{"name":"wp","href":"https:\/\/api.w.org\/{rel}","templated":true}]}}