{"id":11313,"date":"2020-03-22T10:59:38","date_gmt":"2020-03-22T10:59:38","guid":{"rendered":"http:\/\/www.softub.ch\/?post_type=product&#038;p=11313"},"modified":"2025-07-01T21:13:03","modified_gmt":"2025-07-01T19:13:03","slug":"weka-saunaofen-set-kompakt","status":"publish","type":"product","link":"https:\/\/www.softub.ch\/fr\/produit\/weka-saunaofen-set-kompakt\/","title":{"rendered":"Weka Saunaofen Set Kompakt &#8211; f\u00fcr richtig guten Dampf"},"content":{"rendered":"<div class=\"fusion-fullwidth fullwidth-box fusion-builder-row-1 fusion-flex-container nonhundred-percent-fullwidth non-hundred-percent-height-scrolling\" style=\"--awb-border-radius-top-left:0px;--awb-border-radius-top-right:0px;--awb-border-radius-bottom-right:0px;--awb-border-radius-bottom-left:0px;--awb-flex-wrap:wrap;\" ><div class=\"fusion-builder-row fusion-row fusion-flex-align-items-flex-start fusion-flex-content-wrap\" style=\"max-width:1248px;margin-left: calc(-4% \/ 2 );margin-right: calc(-4% \/ 2 );\"><div class=\"fusion-layout-column fusion_builder_column fusion-builder-column-0 fusion_builder_column_1_1 1_1 fusion-flex-column\" style=\"--awb-bg-size:cover;--awb-width-large:100%;--awb-margin-top-large:0px;--awb-spacing-right-large:1.92%;--awb-margin-bottom-large:0px;--awb-spacing-left-large:1.92%;--awb-width-medium:100%;--awb-spacing-right-medium:1.92%;--awb-spacing-left-medium:1.92%;--awb-width-small:100%;--awb-spacing-right-small:1.92%;--awb-spacing-left-small:1.92%;\"><div class=\"fusion-column-wrapper fusion-flex-justify-content-flex-start fusion-content-layout-column\"><div class=\"fusion-text fusion-text-1\"><h1><span style=\"color: #429bba;\">Weka Saunaofen Set Kompakt 3.6 &#8211; 9,0 kW<\/span><\/h1>\n<p>Das Weka Saunaofen Set kompakt zeichnet sich durch seine kompakte Bauweise und das gute Preis-Leistungsverh\u00e4ltnis aus. Ideal f\u00fcr kleine Saunen.<\/p>\n<h3>Produkt Beschreibung:<\/h3>\n<ul>\n<li>Saunaofen 3,6 kW &#8211; 9.0 kW\u00a0 f\u00fcr Kabinengr\u00f6ssen von 1 bis 12 m\u00b3<\/li>\n<li>F\u00fcr finnisches\u00a0Saunieren<\/li>\n<li>Doppelwandiger Mantel<\/li>\n<li>Edelstahl-Aussenmantel<\/li>\n<li>Verzinkter (rostgesch\u00fctzter) Steinkorb<\/li>\n<li>Integriertes Steuerger\u00e4t<\/li>\n<li>Ca. 12 kg Saunasteine<\/li>\n<li>Stufenlose Zeitwahl bis max. 6 h<\/li>\n<li>Stufenlose Temperaturwahl<\/li>\n<li>Sicherheitsabschaltung<\/li>\n<li>Maximale Temperatur: ca. 70-100\u00b0<\/li>\n<li>T\u00dcV\/GS-gepr\u00fcft durch T\u00dcV-S\u00dcD<\/li>\n<li>Alle notwendigen Schrauben und Schraubenabdeckungen enthalten<\/li>\n<li>Ausf\u00fchrliche, bebilderte und leicht verst\u00e4ndliche Aufbauanleitung<\/li>\n<\/ul>\n<p><strong>Bitte beachten Sie<\/strong>: Die Elektroinstallation (der Anschluss von Saunaofen und Steuerung) darf aus Sicherheitsgr\u00fcnden nur von einem zertifiziertem Elektrofachmann vorgenommen werden<\/p>\n<h3 data-fontsize=\"18\" data-lineheight=\"27\">WEKA Sauna: Wellnessoase zum Selberbauen<\/h3>\n<p>Erholen Sie sich in Ihrer eigenen Wohlf\u00fchloase, die Sie ganz nach Ihrem Wunsch gestalten. Ob eine Sauna aus Holz oder in Schieferoptik \u2013 WEKA bietet Ihnen viele M\u00f6glichkeiten, Ihre Sauna auf Ihren Wohnstil abzustimmen. Der einfache Aufbau ist dabei stets gew\u00e4hrleistet. Dank des Sauna-Bausatzes l\u00e4sst sich Ihr Entspannungsort schnell zusammensetzen, denn die vorgefertigten Decken- und Wandelemente halten den Aufbau Ihrer Sauna f\u00fcr zu Hause simpel und unkompliziert. Die passgenaue Verarbeitung sorgt zudem f\u00fcr hohe Stabilit\u00e4t und eine optimale Abdichtung. So wird die W\u00e4rme im Inneren lange gespeichert.<\/p>\n<h3>Saunas aus Qualit\u00e4tsholz<\/h3>\n<p>Ob Indoor-Sauna oder Saunah\u00e4user f\u00fcr den Garten \u2013 WEKA setzt auf hochwertige Materialien. Das spiegelt sich auch in jedem Sauna-Bausatz wider. Das verwendete Holz stammt aus Skandinavien und besticht mit sehr guten Isoliereigenschaften sowie einer hohen, nat\u00fcrlichen Stabilit\u00e4t.<\/p>\n<h3>Zubeh\u00f6r f\u00fcr die Weka Saunen:<\/h3>\n<p>Wir haben ein reichhaltiges Zubeh\u00f6rsortiment f\u00fcr Sie zusammengestellt, so dass Sie sich die passenden Produkte in Ruhe in unserem Onlineshop ausw\u00e4hlen k\u00f6nnen. Wenn Sie sich dar\u00fcber hinaus Ihre ganz pers\u00f6nliche Wellness-Oase schaffen wollen, so schauen Sie sich doch einfach unsere Softub <a href=\"https:\/\/softub.ch\/simply-relaxing\/softub-whirlpools\/\">Whirlpools<\/a> an &#8211; eventuell auch in Kombination mit einem <a href=\"https:\/\/meinschattenspender.ch\/\">Unosider-<\/a><a href=\"https:\/\/meinschattenspender.ch\/\">Pavillon<\/a>.<\/p>\n<p>Wir beraten Sie gerne, telefonisch, in einem unserer Showrooms oder aber bei Ihnen Zuhause.<\/p>\n<\/div><\/div><\/div><\/div><\/div>\n","protected":false},"excerpt":{"rendered":"<h1><span style=\"color: #429bba;\">Weka Saunaofen Set Kompakt<\/span><\/h1>\n<p><strong>Weka Saunaofen-Set mit jeglichem Zubeh\u00f6r, das Sie f\u00fcr den Saunabetrieb ben\u00f6tigen: <\/strong>3.6 kW &#8211; 9,0 kW BioAktiv Saunaofen, 12 kg Diabas-Saunasteine, digitale Systemsteuerung. F\u00fcr finnisches Saunieren bis 100\u00b0C und Dampfbad-Funktion bis 65\u00b0C.<\/p>\n","protected":false},"featured_media":11337,"template":"","meta":{"_acf_changed":false},"product_brand":[],"product_cat":[6293],"product_tag":[10078,10079,10091,4045,6321,10087,635,4026,10073,10100,2315,4949,9992,7615,7617,1546,4040,10090,270,4948],"woo-feed-brand":[],"class_list":{"0":"post-11313","1":"product","2":"type-product","3":"status-publish","4":"has-post-thumbnail","6":"product_cat-poele-de-sauna-et-appareil-de-commande","7":"product_tag-die-besten-saunen-fr","8":"product_tag-die-schoensten-saunen-fr","9":"product_tag-holzsaunen-fr","10":"product_tag-kompakt-saunaofen","11":"product_tag-sauna-fr","12":"product_tag-sauna-von-weka-fr","13":"product_tag-saunaofen","14":"product_tag-saunaofen-von-weka","15":"product_tag-saunas-fr","16":"product_tag-saunieren-fr","17":"product_tag-softub-fr-2","18":"product_tag-softub-suisse","19":"product_tag-softub-schweiz-ag-fr","20":"product_tag-weka-fr","21":"product_tag-weka-sauna-fr","22":"product_tag-weka-saunaofen","23":"product_tag-weka-saunaofen-kompakt","24":"product_tag-weka-saunen-fr","25":"product_tag-wellness-fr","26":"product_tag-oasis-de-wellness","27":"product_shipping_class-post-20","29":"first","30":"instock","31":"taxable","32":"shipping-taxable","33":"purchasable","34":"product-type-variable"},"acf":[],"yoast_head":"<!-- This site is optimized with the Yoast SEO Premium plugin v27.5 (Yoast SEO v27.5) - https:\/\/yoast.com\/product\/yoast-seo-premium-wordpress\/ -->\n<title>Weka Saunaofen Set kompakt - saunieren mit Volldampf<\/title>\n<meta name=\"description\" content=\"Mit dem Weka Saunaofen Set kompakt erleben Sie ein unbeschwertes Saunavergn\u00fcgen bei optimaler Temperatur und Luftfeuchtigkeit.\" \/>\n<meta name=\"robots\" content=\"index, follow, max-snippet:-1, max-image-preview:large, max-video-preview:-1\" \/>\n<link rel=\"canonical\" href=\"https:\/\/www.softub.ch\/produkt\/weka-saunaofen-set-kompakt\/\" \/>\n<meta property=\"og:locale\" content=\"fr_FR\" \/>\n<meta property=\"og:type\" content=\"article\" \/>\n<meta property=\"og:title\" content=\"Weka Saunaofen Set Kompakt - f\u00fcr richtig guten Dampf\" \/>\n<meta property=\"og:description\" content=\"Mit dem Weka Saunaofen Set kompakt erleben Sie ein unbeschwertes Saunavergn\u00fcgen bei optimaler Temperatur und Luftfeuchtigkeit.\" \/>\n<meta property=\"og:url\" content=\"https:\/\/www.softub.ch\/produkt\/weka-saunaofen-set-kompakt\/\" \/>\n<meta property=\"og:site_name\" content=\"Softub Schweiz\" \/>\n<meta property=\"article:publisher\" content=\"https:\/\/www.facebook.com\/softubschweiz\" \/>\n<meta property=\"article:modified_time\" content=\"2025-07-01T19:13:03+00:00\" \/>\n<meta property=\"og:image\" content=\"https:\/\/www.softub.ch\/wp-content\/uploads\/weka-saunaofen-set-kompakt.jpg\" \/>\n\t<meta property=\"og:image:width\" content=\"640\" \/>\n\t<meta property=\"og:image:height\" content=\"640\" \/>\n\t<meta property=\"og:image:type\" content=\"image\/jpeg\" \/>\n<meta name=\"twitter:card\" content=\"summary_large_image\" \/>\n<meta name=\"twitter:label1\" content=\"Dur\u00e9e de lecture estim\u00e9e\" \/>\n\t<meta name=\"twitter:data1\" content=\"2 minutes\" \/>\n<script type=\"application\/ld+json\" class=\"yoast-schema-graph\">{\"@context\":\"https:\\\/\\\/schema.org\",\"@graph\":[{\"@type\":\"WebPage\",\"@id\":\"https:\\\/\\\/www.softub.ch\\\/produkt\\\/weka-saunaofen-set-kompakt\\\/\",\"url\":\"https:\\\/\\\/www.softub.ch\\\/produkt\\\/weka-saunaofen-set-kompakt\\\/\",\"name\":\"Weka Saunaofen Set kompakt - saunieren mit Volldampf\",\"isPartOf\":{\"@id\":\"https:\\\/\\\/www.softub.ch\\\/fr\\\/#website\"},\"primaryImageOfPage\":{\"@id\":\"https:\\\/\\\/www.softub.ch\\\/produkt\\\/weka-saunaofen-set-kompakt\\\/#primaryimage\"},\"image\":{\"@id\":\"https:\\\/\\\/www.softub.ch\\\/produkt\\\/weka-saunaofen-set-kompakt\\\/#primaryimage\"},\"thumbnailUrl\":\"https:\\\/\\\/www.softub.ch\\\/wp-content\\\/uploads\\\/weka-saunaofen-set-kompakt.jpg\",\"datePublished\":\"2020-03-22T10:59:38+00:00\",\"dateModified\":\"2025-07-01T19:13:03+00:00\",\"description\":\"Mit dem Weka Saunaofen Set kompakt erleben Sie ein unbeschwertes Saunavergn\u00fcgen bei optimaler Temperatur und Luftfeuchtigkeit.\",\"breadcrumb\":{\"@id\":\"https:\\\/\\\/www.softub.ch\\\/produkt\\\/weka-saunaofen-set-kompakt\\\/#breadcrumb\"},\"inLanguage\":\"fr-FR\",\"potentialAction\":[{\"@type\":\"ReadAction\",\"target\":[\"https:\\\/\\\/www.softub.ch\\\/produkt\\\/weka-saunaofen-set-kompakt\\\/\"]}]},{\"@type\":\"ImageObject\",\"inLanguage\":\"fr-FR\",\"@id\":\"https:\\\/\\\/www.softub.ch\\\/produkt\\\/weka-saunaofen-set-kompakt\\\/#primaryimage\",\"url\":\"https:\\\/\\\/www.softub.ch\\\/wp-content\\\/uploads\\\/weka-saunaofen-set-kompakt.jpg\",\"contentUrl\":\"https:\\\/\\\/www.softub.ch\\\/wp-content\\\/uploads\\\/weka-saunaofen-set-kompakt.jpg\",\"width\":640,\"height\":640,\"caption\":\"Weka Saunaofen-Set mit jeglichem Zubeh\u00f6r, das Sie f\u00fcr den Saunabetrieb ben\u00f6tigen: 3.6 kW - 9,0 kW BioAktiv Saunaofen, Silikon-Anschlusskabel, 12 kg Diabas-Saunasteine, digitale Systemsteuerung. F\u00fcr finnisches Saunieren bis 100\u00b0C und Dampfbad-Funktion bis 65\u00b0C.\"},{\"@type\":\"BreadcrumbList\",\"@id\":\"https:\\\/\\\/www.softub.ch\\\/produkt\\\/weka-saunaofen-set-kompakt\\\/#breadcrumb\",\"itemListElement\":[{\"@type\":\"ListItem\",\"position\":1,\"name\":\"Startseite\",\"item\":\"https:\\\/\\\/www.softub.ch\\\/fr\\\/\"},{\"@type\":\"ListItem\",\"position\":2,\"name\":\"Shop\",\"item\":\"https:\\\/\\\/www.softub.ch\\\/fr\\\/softub-suisse-shop\\\/\"},{\"@type\":\"ListItem\",\"position\":3,\"name\":\"Weka Saunaofen Set Kompakt &#8211; f\u00fcr richtig guten Dampf\"}]},{\"@type\":\"WebSite\",\"@id\":\"https:\\\/\\\/www.softub.ch\\\/fr\\\/#website\",\"url\":\"https:\\\/\\\/www.softub.ch\\\/fr\\\/\",\"name\":\"Softub Schweiz\",\"description\":\"Softub - Wir machen Ferien Zuhause\",\"publisher\":{\"@id\":\"https:\\\/\\\/www.softub.ch\\\/fr\\\/#organization\"},\"potentialAction\":[{\"@type\":\"SearchAction\",\"target\":{\"@type\":\"EntryPoint\",\"urlTemplate\":\"https:\\\/\\\/www.softub.ch\\\/fr\\\/?s={search_term_string}\"},\"query-input\":{\"@type\":\"PropertyValueSpecification\",\"valueRequired\":true,\"valueName\":\"search_term_string\"}}],\"inLanguage\":\"fr-FR\"},{\"@type\":\"Organization\",\"@id\":\"https:\\\/\\\/www.softub.ch\\\/fr\\\/#organization\",\"name\":\"Softub Schweiz AG\",\"url\":\"https:\\\/\\\/www.softub.ch\\\/fr\\\/\",\"logo\":{\"@type\":\"ImageObject\",\"inLanguage\":\"fr-FR\",\"@id\":\"https:\\\/\\\/www.softub.ch\\\/fr\\\/#\\\/schema\\\/logo\\\/image\\\/\",\"url\":\"https:\\\/\\\/www.softub.ch\\\/wp-content\\\/uploads\\\/Softub-Logo-Softub-Schweiz-.png\",\"contentUrl\":\"https:\\\/\\\/www.softub.ch\\\/wp-content\\\/uploads\\\/Softub-Logo-Softub-Schweiz-.png\",\"width\":200,\"height\":73,\"caption\":\"Softub Schweiz AG\"},\"image\":{\"@id\":\"https:\\\/\\\/www.softub.ch\\\/fr\\\/#\\\/schema\\\/logo\\\/image\\\/\"},\"sameAs\":[\"https:\\\/\\\/www.facebook.com\\\/softubschweiz\",\"https:\\\/\\\/www.instagram.com\\\/softub_schweiz\\\/\",\"https:\\\/\\\/ch.pinterest.com\\\/softub_schweiz\\\/\",\"https:\\\/\\\/www.linkedin.com\\\/company\\\/softub-schweiz-ag\\\/\"]}]}<\/script>\n<!-- \/ Yoast SEO Premium plugin. -->","yoast_head_json":{"title":"Weka Saunaofen Set kompakt - saunieren mit Volldampf","description":"Mit dem Weka Saunaofen Set kompakt erleben Sie ein unbeschwertes Saunavergn\u00fcgen bei optimaler Temperatur und Luftfeuchtigkeit.","robots":{"index":"index","follow":"follow","max-snippet":"max-snippet:-1","max-image-preview":"max-image-preview:large","max-video-preview":"max-video-preview:-1"},"canonical":"https:\/\/www.softub.ch\/produkt\/weka-saunaofen-set-kompakt\/","og_locale":"fr_FR","og_type":"article","og_title":"Weka Saunaofen Set Kompakt - f\u00fcr richtig guten Dampf","og_description":"Mit dem Weka Saunaofen Set kompakt erleben Sie ein unbeschwertes Saunavergn\u00fcgen bei optimaler Temperatur und Luftfeuchtigkeit.","og_url":"https:\/\/www.softub.ch\/produkt\/weka-saunaofen-set-kompakt\/","og_site_name":"Softub Schweiz","article_publisher":"https:\/\/www.facebook.com\/softubschweiz","article_modified_time":"2025-07-01T19:13:03+00:00","og_image":[{"width":640,"height":640,"url":"https:\/\/www.softub.ch\/wp-content\/uploads\/weka-saunaofen-set-kompakt.jpg","type":"image\/jpeg"}],"twitter_card":"summary_large_image","twitter_misc":{"Dur\u00e9e de lecture estim\u00e9e":"2 minutes"},"schema":{"@context":"https:\/\/schema.org","@graph":[{"@type":"WebPage","@id":"https:\/\/www.softub.ch\/produkt\/weka-saunaofen-set-kompakt\/","url":"https:\/\/www.softub.ch\/produkt\/weka-saunaofen-set-kompakt\/","name":"Weka Saunaofen Set kompakt - saunieren mit Volldampf","isPartOf":{"@id":"https:\/\/www.softub.ch\/fr\/#website"},"primaryImageOfPage":{"@id":"https:\/\/www.softub.ch\/produkt\/weka-saunaofen-set-kompakt\/#primaryimage"},"image":{"@id":"https:\/\/www.softub.ch\/produkt\/weka-saunaofen-set-kompakt\/#primaryimage"},"thumbnailUrl":"https:\/\/www.softub.ch\/wp-content\/uploads\/weka-saunaofen-set-kompakt.jpg","datePublished":"2020-03-22T10:59:38+00:00","dateModified":"2025-07-01T19:13:03+00:00","description":"Mit dem Weka Saunaofen Set kompakt erleben Sie ein unbeschwertes Saunavergn\u00fcgen bei optimaler Temperatur und Luftfeuchtigkeit.","breadcrumb":{"@id":"https:\/\/www.softub.ch\/produkt\/weka-saunaofen-set-kompakt\/#breadcrumb"},"inLanguage":"fr-FR","potentialAction":[{"@type":"ReadAction","target":["https:\/\/www.softub.ch\/produkt\/weka-saunaofen-set-kompakt\/"]}]},{"@type":"ImageObject","inLanguage":"fr-FR","@id":"https:\/\/www.softub.ch\/produkt\/weka-saunaofen-set-kompakt\/#primaryimage","url":"https:\/\/www.softub.ch\/wp-content\/uploads\/weka-saunaofen-set-kompakt.jpg","contentUrl":"https:\/\/www.softub.ch\/wp-content\/uploads\/weka-saunaofen-set-kompakt.jpg","width":640,"height":640,"caption":"Weka Saunaofen-Set mit jeglichem Zubeh\u00f6r, das Sie f\u00fcr den Saunabetrieb ben\u00f6tigen: 3.6 kW - 9,0 kW BioAktiv Saunaofen, Silikon-Anschlusskabel, 12 kg Diabas-Saunasteine, digitale Systemsteuerung. F\u00fcr finnisches Saunieren bis 100\u00b0C und Dampfbad-Funktion bis 65\u00b0C."},{"@type":"BreadcrumbList","@id":"https:\/\/www.softub.ch\/produkt\/weka-saunaofen-set-kompakt\/#breadcrumb","itemListElement":[{"@type":"ListItem","position":1,"name":"Startseite","item":"https:\/\/www.softub.ch\/fr\/"},{"@type":"ListItem","position":2,"name":"Shop","item":"https:\/\/www.softub.ch\/fr\/softub-suisse-shop\/"},{"@type":"ListItem","position":3,"name":"Weka Saunaofen Set Kompakt &#8211; f\u00fcr richtig guten Dampf"}]},{"@type":"WebSite","@id":"https:\/\/www.softub.ch\/fr\/#website","url":"https:\/\/www.softub.ch\/fr\/","name":"Softub Schweiz","description":"Softub - Wir machen Ferien Zuhause","publisher":{"@id":"https:\/\/www.softub.ch\/fr\/#organization"},"potentialAction":[{"@type":"SearchAction","target":{"@type":"EntryPoint","urlTemplate":"https:\/\/www.softub.ch\/fr\/?s={search_term_string}"},"query-input":{"@type":"PropertyValueSpecification","valueRequired":true,"valueName":"search_term_string"}}],"inLanguage":"fr-FR"},{"@type":"Organization","@id":"https:\/\/www.softub.ch\/fr\/#organization","name":"Softub Schweiz AG","url":"https:\/\/www.softub.ch\/fr\/","logo":{"@type":"ImageObject","inLanguage":"fr-FR","@id":"https:\/\/www.softub.ch\/fr\/#\/schema\/logo\/image\/","url":"https:\/\/www.softub.ch\/wp-content\/uploads\/Softub-Logo-Softub-Schweiz-.png","contentUrl":"https:\/\/www.softub.ch\/wp-content\/uploads\/Softub-Logo-Softub-Schweiz-.png","width":200,"height":73,"caption":"Softub Schweiz AG"},"image":{"@id":"https:\/\/www.softub.ch\/fr\/#\/schema\/logo\/image\/"},"sameAs":["https:\/\/www.facebook.com\/softubschweiz","https:\/\/www.instagram.com\/softub_schweiz\/","https:\/\/ch.pinterest.com\/softub_schweiz\/","https:\/\/www.linkedin.com\/company\/softub-schweiz-ag\/"]}]}},"_links":{"self":[{"href":"https:\/\/www.softub.ch\/fr\/wp-json\/wp\/v2\/product\/11313","targetHints":{"allow":["GET"]}}],"collection":[{"href":"https:\/\/www.softub.ch\/fr\/wp-json\/wp\/v2\/product"}],"about":[{"href":"https:\/\/www.softub.ch\/fr\/wp-json\/wp\/v2\/types\/product"}],"wp:featuredmedia":[{"embeddable":true,"href":"https:\/\/www.softub.ch\/fr\/wp-json\/wp\/v2\/media\/11337"}],"wp:attachment":[{"href":"https:\/\/www.softub.ch\/fr\/wp-json\/wp\/v2\/media?parent=11313"}],"wp:term":[{"taxonomy":"product_brand","embeddable":true,"href":"https:\/\/www.softub.ch\/fr\/wp-json\/wp\/v2\/product_brand?post=11313"},{"taxonomy":"product_cat","embeddable":true,"href":"https:\/\/www.softub.ch\/fr\/wp-json\/wp\/v2\/product_cat?post=11313"},{"taxonomy":"product_tag","embeddable":true,"href":"https:\/\/www.softub.ch\/fr\/wp-json\/wp\/v2\/product_tag?post=11313"},{"taxonomy":"woo-feed-brand","embeddable":true,"href":"https:\/\/www.softub.ch\/fr\/wp-json\/wp\/v2\/woo-feed-brand?post=11313"}],"curies":[{"name":"wp","href":"https:\/\/api.w.org\/{rel}","templated":true}]}}