{"id":14208,"date":"2020-07-06T08:52:23","date_gmt":"2020-07-06T08:52:23","guid":{"rendered":"http:\/\/www.softub.ch\/?post_type=product&#038;p=14208"},"modified":"2024-08-05T16:22:29","modified_gmt":"2024-08-05T14:22:29","slug":"massivholzdach-carport-von-weka-611","status":"publish","type":"product","link":"https:\/\/www.softub.ch\/fr\/produit\/massivholzdach-carport-von-weka-611\/","title":{"rendered":"Weka Carport 611 &#8211; mit stabilem Satteldach"},"content":{"rendered":"<h1><span style=\"color: #429bba\">Massivholzdach Carport von Weka:<\/span><\/h1>\n<h3>Vorteile:<\/h3>\n<ul>\n<li>Massivholzsatteldach<\/li>\n<li>2,70 m Durchfahrtsbreite<\/li>\n<li>Besonders stabile Dachkonstruktion<\/li>\n<li>Extra stabiler Dachaufbau<\/li>\n<li>Lange Lebensdauer<\/li>\n<\/ul>\n<p>&nbsp;<\/p>\n<h3>Kesseldruckimpr\u00e4gnierte H\u00f6lzer:<\/h3>\n<ul>\n<li>L\u00e4nger vor Witterung gesch\u00fctzt und sollten zus\u00e4tzlich mit Pflege\u00f6l behandelt werden<\/li>\n<\/ul>\n<p>&nbsp;<\/p>\n<h3>Technische Daten:<\/h3>\n<ul>\n<li>Ausf\u00fchrung: Kesseldruckimpr\u00e4gniert\/witterungsgesch\u00fctzt<\/li>\n<li>Firsth\u00f6he: 270 cm<\/li>\n<li>Dach: 19mm starkes Massivholz-Satteldach, stabile Massivholz-Sparren, Dachschalung naturbelassen<\/li>\n<li>Dachbelag: Bitumen-Dachbelag zur Ersteindeckung<\/li>\n<li>Dachrinnenbedarf: Kunststoff Dachrinnenset mit Fallrohr &#8211; optional erh\u00e4ltlich<\/li>\n<li>Dachschindelbedarf: 8 Pakete<\/li>\n<li>Pfosten: 90 x 90 mm, kesseldruckimpr\u00e4gniert\u00a8<\/li>\n<li>Pfostenabst\u00e4nde Innen: 181 cm<\/li>\n<li>Bemassung: Durchfahrtsbreite 270 cm, Durchfahrtsh\u00f6he 215 cm<\/li>\n<li>Max. Schneelast: 0,98 kN\/m\u00b2 statisch gepr\u00fcft<\/li>\n<\/ul>\n<p>&nbsp;<\/p>\n<h3><strong>Bemassung:<\/strong><\/h3>\n<ul>\n<li>340 x 500 cm<\/li>\n<li>Durchfahrtsbreite 270 cm<\/li>\n<li>Durchfahrtsh\u00f6he 215 cm<\/li>\n<\/ul>\n<p>&nbsp;<\/p>\n<h3 data-fontsize=\"18\" data-lineheight=\"27\"><strong>Montage:<\/strong><\/h3>\n<p>F\u00fcr die Installation Ihres neuen Carports m\u00fcssen Sie sich keine Gedanken machen! Wir stellen Ihnen gerne unser Hauseigen, fachm\u00e4nnisches Installationsteam f\u00fcr die Montage zur Verf\u00fcgung.<\/p>\n<p>&nbsp;<\/p>\n<h3>Unsere Empfehlung f\u00fcr das Massivholzdach Carport von Weka:<\/h3>\n<ul>\n<li>Dachschindelsets:<br \/>\nBitumendachschindeln mit Glasvlieseinlage besandet. Rechteckig oder Biberschwanz. Erh\u00e4ltlich in anthrazit, rot und mixed gr\u00fcn.<\/li>\n<li>Massivholzw\u00e4nde:\n<ul>\n<li>Massivholz Seitenwand zus\u00e4tzlich erh\u00e4ltlich<\/li>\n<li>Massivholz R\u00fcckwand zus\u00e4tzlich erh\u00e4ltlich<\/li>\n<\/ul>\n<\/li>\n<\/ul>\n<p>&nbsp;<\/p>\n<h3>Ihr Vorteil:<\/h3>\n<p>Viele unserer Carports werden mit Kunststoff &#8211; Flachd\u00e4chern mit Trapezprofil ausgeliefert &#8211; inklusive Edelstahl &#8211; Spenglerschrauben, angeformten Dichtungs-ringen und Abstandshaltern f\u00fcr eine einfache Montage und noch mehr Stabilit\u00e4t. Das besondere am Massivholz-Satteldach ist die stabile Dachkonstruktion inklusive Bitumen-Dachbelag zur Ersteindeckung. Dies garantiert eine lange Lebensdauer und top Qualit\u00e4t!<\/p>\n<p>&nbsp;<\/p>\n<h3>Garantierte Nachhaltigkeit<\/h3>\n<p>Bei der Auswahl unserer H\u00f6lzer achten wir auf eine \u00f6kologische und zertifizierte Holzwirtschaft. Aller Wald, der in die Holzproduktion geht, wird durch Wiederaufforstung geachtet.<\/p>\n<p>&nbsp;<\/p>\n<h3 data-fontsize=\"18\" data-lineheight=\"27\">Extra Zubeh\u00f6r:<\/h3>\n<p>Wir haben ein reichhaltiges Zubeh\u00f6rsortiment f\u00fcr Sie zusammengestellt, so dass Sie sich die passenden Produkte in Ruhe in unserem Onlineshop ausw\u00e4hlen k\u00f6nnen.<\/p>\n<p>Wenn Sie noch zus\u00e4tzlichen Stauraum f\u00fcr Ihren Garten brauchen oder Ihre Fahrr\u00e4der noch einen Platz suchen, ist der\u00a0<a href=\"https:\/\/softub.ch\/produkt\/biohort-storemax-maximalen-stauraum-auf-wenig-platz\/\">biohort STORMAX<\/a> genau das richtige f\u00fcr Sie. Eventuell sind Sie auch noch an zus\u00e4tzlichem Schattenplatz in Ihrem Garten interessiert. \u00a0Die <a href=\"https:\/\/meinschattenspender.ch\/\">Unosider-<\/a><a href=\"https:\/\/meinschattenspender.ch\/\">Pavillon<\/a>, echte italienische Handwerkstradition Pavillons, Pergolen, Sonnen- und Wetterschutzsysteme, sind perfekt dazu geeignet.<\/p>\n<p>Wir beraten Sie gerne, telefonisch, in einem unserer Showrooms oder bei Ihnen Zuhause.<\/p>\n","protected":false},"excerpt":{"rendered":"<h1><span style=\"color: #429bba\">Massivholzdach Carport von Weka:<\/span><\/h1>\n<p>Mehr Schutz. Mehr Komfort. Mehr Carport.<\/p>\n<p>Das Massivholzdach Carport von Weka kann man als Einzelcarport bestellen. Dieses Modell ist ausgestattet mit einem Satteldach mit 6 Pfosten aus Massivholz, dass eine besonders stabile Dachkonstruktion darstellt.<\/p>\n<p>&nbsp;<\/p>\n","protected":false},"featured_media":14212,"template":"","meta":{"_acf_changed":false},"product_brand":[],"product_cat":[843],"product_tag":[793,5461,800,803,764,802,801,567,1179,431,5462,4077],"woo-feed-brand":[],"class_list":{"0":"post-14208","1":"product","2":"type-product","3":"status-publish","4":"has-post-thumbnail","6":"product_cat-carports","7":"product_tag-carport","8":"product_tag-carport-schweiz","9":"product_tag-dach-fuer-auto","10":"product_tag-draussen","11":"product_tag-massivholz","12":"product_tag-outdoor","13":"product_tag-schutzdach-fuer-auto","14":"product_tag-softub","15":"product_tag-softub-schweiz","16":"product_tag-weka","17":"product_tag-weka-carport-schweiz","18":"product_tag-weka-schweiz","19":"product_shipping_class-lkw-mit-kran-350","21":"first","22":"instock","23":"sale","24":"taxable","25":"shipping-taxable","26":"purchasable","27":"product-type-simple"},"acf":[],"yoast_head":"<!-- This site is optimized with the Yoast SEO Premium plugin v27.5 (Yoast SEO v27.5) - https:\/\/yoast.com\/product\/yoast-seo-premium-wordpress\/ -->\n<title>Massivholzdach Carport von Weka - Einzelcarport Modell 611<\/title>\n<meta name=\"description\" content=\"Massivholzdach Carport von Weka aus kesseldruckimpr\u00e4gniertem Massivholz mit stabilem Satteldach bietet optimalen Schutz f\u00fcr Ihr Fahrzeug.\" \/>\n<meta name=\"robots\" content=\"index, follow, max-snippet:-1, max-image-preview:large, max-video-preview:-1\" \/>\n<link rel=\"canonical\" href=\"https:\/\/www.softub.ch\/produkt\/massivholzdach-carport-von-weka-611\/\" \/>\n<meta property=\"og:locale\" content=\"fr_FR\" \/>\n<meta property=\"og:type\" content=\"article\" \/>\n<meta property=\"og:title\" content=\"Weka Carport 611 - mit stabilem Satteldach\" \/>\n<meta property=\"og:description\" content=\"Massivholzdach Carport von Weka aus kesseldruckimpr\u00e4gniertem Massivholz mit stabilem Satteldach bietet optimalen Schutz f\u00fcr Ihr Fahrzeug.\" \/>\n<meta property=\"og:url\" content=\"https:\/\/www.softub.ch\/produkt\/massivholzdach-carport-von-weka-611\/\" \/>\n<meta property=\"og:site_name\" content=\"Softub Schweiz\" \/>\n<meta property=\"article:publisher\" content=\"https:\/\/www.facebook.com\/softubschweiz\" \/>\n<meta property=\"article:modified_time\" content=\"2024-08-05T14:22:29+00:00\" \/>\n<meta property=\"og:image\" content=\"https:\/\/www.softub.ch\/wp-content\/uploads\/Carport-611-0--scaled.jpg\" \/>\n\t<meta property=\"og:image:width\" content=\"2560\" \/>\n\t<meta property=\"og:image:height\" content=\"1664\" \/>\n\t<meta property=\"og:image:type\" content=\"image\/jpeg\" \/>\n<meta name=\"twitter:card\" content=\"summary_large_image\" \/>\n<meta name=\"twitter:label1\" content=\"Dur\u00e9e de lecture estim\u00e9e\" \/>\n\t<meta name=\"twitter:data1\" content=\"2 minutes\" \/>\n<script type=\"application\/ld+json\" class=\"yoast-schema-graph\">{\"@context\":\"https:\\\/\\\/schema.org\",\"@graph\":[{\"@type\":\"WebPage\",\"@id\":\"https:\\\/\\\/www.softub.ch\\\/produkt\\\/massivholzdach-carport-von-weka-611\\\/\",\"url\":\"https:\\\/\\\/www.softub.ch\\\/produkt\\\/massivholzdach-carport-von-weka-611\\\/\",\"name\":\"Massivholzdach Carport von Weka - Einzelcarport Modell 611\",\"isPartOf\":{\"@id\":\"https:\\\/\\\/www.softub.ch\\\/fr\\\/#website\"},\"primaryImageOfPage\":{\"@id\":\"https:\\\/\\\/www.softub.ch\\\/produkt\\\/massivholzdach-carport-von-weka-611\\\/#primaryimage\"},\"image\":{\"@id\":\"https:\\\/\\\/www.softub.ch\\\/produkt\\\/massivholzdach-carport-von-weka-611\\\/#primaryimage\"},\"thumbnailUrl\":\"https:\\\/\\\/www.softub.ch\\\/wp-content\\\/uploads\\\/Carport-611-0--scaled.jpg\",\"datePublished\":\"2020-07-06T08:52:23+00:00\",\"dateModified\":\"2024-08-05T14:22:29+00:00\",\"description\":\"Massivholzdach Carport von Weka aus kesseldruckimpr\u00e4gniertem Massivholz mit stabilem Satteldach bietet optimalen Schutz f\u00fcr Ihr Fahrzeug.\",\"breadcrumb\":{\"@id\":\"https:\\\/\\\/www.softub.ch\\\/produkt\\\/massivholzdach-carport-von-weka-611\\\/#breadcrumb\"},\"inLanguage\":\"fr-FR\",\"potentialAction\":[{\"@type\":\"ReadAction\",\"target\":[\"https:\\\/\\\/www.softub.ch\\\/produkt\\\/massivholzdach-carport-von-weka-611\\\/\"]}]},{\"@type\":\"ImageObject\",\"inLanguage\":\"fr-FR\",\"@id\":\"https:\\\/\\\/www.softub.ch\\\/produkt\\\/massivholzdach-carport-von-weka-611\\\/#primaryimage\",\"url\":\"https:\\\/\\\/www.softub.ch\\\/wp-content\\\/uploads\\\/Carport-611-0--scaled.jpg\",\"contentUrl\":\"https:\\\/\\\/www.softub.ch\\\/wp-content\\\/uploads\\\/Carport-611-0--scaled.jpg\",\"width\":2560,\"height\":1664,\"caption\":\"Massivholzdach Carport aus Holz im Garten mit einem weissen darunter parkierten Auto.\"},{\"@type\":\"BreadcrumbList\",\"@id\":\"https:\\\/\\\/www.softub.ch\\\/produkt\\\/massivholzdach-carport-von-weka-611\\\/#breadcrumb\",\"itemListElement\":[{\"@type\":\"ListItem\",\"position\":1,\"name\":\"Startseite\",\"item\":\"https:\\\/\\\/www.softub.ch\\\/fr\\\/\"},{\"@type\":\"ListItem\",\"position\":2,\"name\":\"Shop\",\"item\":\"https:\\\/\\\/www.softub.ch\\\/fr\\\/softub-suisse-shop\\\/\"},{\"@type\":\"ListItem\",\"position\":3,\"name\":\"Weka Carport 611 &#8211; mit stabilem Satteldach\"}]},{\"@type\":\"WebSite\",\"@id\":\"https:\\\/\\\/www.softub.ch\\\/fr\\\/#website\",\"url\":\"https:\\\/\\\/www.softub.ch\\\/fr\\\/\",\"name\":\"Softub Schweiz\",\"description\":\"Softub - Wir machen Ferien Zuhause\",\"publisher\":{\"@id\":\"https:\\\/\\\/www.softub.ch\\\/fr\\\/#organization\"},\"potentialAction\":[{\"@type\":\"SearchAction\",\"target\":{\"@type\":\"EntryPoint\",\"urlTemplate\":\"https:\\\/\\\/www.softub.ch\\\/fr\\\/?s={search_term_string}\"},\"query-input\":{\"@type\":\"PropertyValueSpecification\",\"valueRequired\":true,\"valueName\":\"search_term_string\"}}],\"inLanguage\":\"fr-FR\"},{\"@type\":\"Organization\",\"@id\":\"https:\\\/\\\/www.softub.ch\\\/fr\\\/#organization\",\"name\":\"Softub Schweiz AG\",\"url\":\"https:\\\/\\\/www.softub.ch\\\/fr\\\/\",\"logo\":{\"@type\":\"ImageObject\",\"inLanguage\":\"fr-FR\",\"@id\":\"https:\\\/\\\/www.softub.ch\\\/fr\\\/#\\\/schema\\\/logo\\\/image\\\/\",\"url\":\"https:\\\/\\\/www.softub.ch\\\/wp-content\\\/uploads\\\/Softub-Logo-Softub-Schweiz-.png\",\"contentUrl\":\"https:\\\/\\\/www.softub.ch\\\/wp-content\\\/uploads\\\/Softub-Logo-Softub-Schweiz-.png\",\"width\":200,\"height\":73,\"caption\":\"Softub Schweiz AG\"},\"image\":{\"@id\":\"https:\\\/\\\/www.softub.ch\\\/fr\\\/#\\\/schema\\\/logo\\\/image\\\/\"},\"sameAs\":[\"https:\\\/\\\/www.facebook.com\\\/softubschweiz\",\"https:\\\/\\\/www.instagram.com\\\/softub_schweiz\\\/\",\"https:\\\/\\\/ch.pinterest.com\\\/softub_schweiz\\\/\",\"https:\\\/\\\/www.linkedin.com\\\/company\\\/softub-schweiz-ag\\\/\"]}]}<\/script>\n<!-- \/ Yoast SEO Premium plugin. -->","yoast_head_json":{"title":"Massivholzdach Carport von Weka - Einzelcarport Modell 611","description":"Massivholzdach Carport von Weka aus kesseldruckimpr\u00e4gniertem Massivholz mit stabilem Satteldach bietet optimalen Schutz f\u00fcr Ihr Fahrzeug.","robots":{"index":"index","follow":"follow","max-snippet":"max-snippet:-1","max-image-preview":"max-image-preview:large","max-video-preview":"max-video-preview:-1"},"canonical":"https:\/\/www.softub.ch\/produkt\/massivholzdach-carport-von-weka-611\/","og_locale":"fr_FR","og_type":"article","og_title":"Weka Carport 611 - mit stabilem Satteldach","og_description":"Massivholzdach Carport von Weka aus kesseldruckimpr\u00e4gniertem Massivholz mit stabilem Satteldach bietet optimalen Schutz f\u00fcr Ihr Fahrzeug.","og_url":"https:\/\/www.softub.ch\/produkt\/massivholzdach-carport-von-weka-611\/","og_site_name":"Softub Schweiz","article_publisher":"https:\/\/www.facebook.com\/softubschweiz","article_modified_time":"2024-08-05T14:22:29+00:00","og_image":[{"width":2560,"height":1664,"url":"https:\/\/www.softub.ch\/wp-content\/uploads\/Carport-611-0--scaled.jpg","type":"image\/jpeg"}],"twitter_card":"summary_large_image","twitter_misc":{"Dur\u00e9e de lecture estim\u00e9e":"2 minutes"},"schema":{"@context":"https:\/\/schema.org","@graph":[{"@type":"WebPage","@id":"https:\/\/www.softub.ch\/produkt\/massivholzdach-carport-von-weka-611\/","url":"https:\/\/www.softub.ch\/produkt\/massivholzdach-carport-von-weka-611\/","name":"Massivholzdach Carport von Weka - Einzelcarport Modell 611","isPartOf":{"@id":"https:\/\/www.softub.ch\/fr\/#website"},"primaryImageOfPage":{"@id":"https:\/\/www.softub.ch\/produkt\/massivholzdach-carport-von-weka-611\/#primaryimage"},"image":{"@id":"https:\/\/www.softub.ch\/produkt\/massivholzdach-carport-von-weka-611\/#primaryimage"},"thumbnailUrl":"https:\/\/www.softub.ch\/wp-content\/uploads\/Carport-611-0--scaled.jpg","datePublished":"2020-07-06T08:52:23+00:00","dateModified":"2024-08-05T14:22:29+00:00","description":"Massivholzdach Carport von Weka aus kesseldruckimpr\u00e4gniertem Massivholz mit stabilem Satteldach bietet optimalen Schutz f\u00fcr Ihr Fahrzeug.","breadcrumb":{"@id":"https:\/\/www.softub.ch\/produkt\/massivholzdach-carport-von-weka-611\/#breadcrumb"},"inLanguage":"fr-FR","potentialAction":[{"@type":"ReadAction","target":["https:\/\/www.softub.ch\/produkt\/massivholzdach-carport-von-weka-611\/"]}]},{"@type":"ImageObject","inLanguage":"fr-FR","@id":"https:\/\/www.softub.ch\/produkt\/massivholzdach-carport-von-weka-611\/#primaryimage","url":"https:\/\/www.softub.ch\/wp-content\/uploads\/Carport-611-0--scaled.jpg","contentUrl":"https:\/\/www.softub.ch\/wp-content\/uploads\/Carport-611-0--scaled.jpg","width":2560,"height":1664,"caption":"Massivholzdach Carport aus Holz im Garten mit einem weissen darunter parkierten Auto."},{"@type":"BreadcrumbList","@id":"https:\/\/www.softub.ch\/produkt\/massivholzdach-carport-von-weka-611\/#breadcrumb","itemListElement":[{"@type":"ListItem","position":1,"name":"Startseite","item":"https:\/\/www.softub.ch\/fr\/"},{"@type":"ListItem","position":2,"name":"Shop","item":"https:\/\/www.softub.ch\/fr\/softub-suisse-shop\/"},{"@type":"ListItem","position":3,"name":"Weka Carport 611 &#8211; mit stabilem Satteldach"}]},{"@type":"WebSite","@id":"https:\/\/www.softub.ch\/fr\/#website","url":"https:\/\/www.softub.ch\/fr\/","name":"Softub Schweiz","description":"Softub - Wir machen Ferien Zuhause","publisher":{"@id":"https:\/\/www.softub.ch\/fr\/#organization"},"potentialAction":[{"@type":"SearchAction","target":{"@type":"EntryPoint","urlTemplate":"https:\/\/www.softub.ch\/fr\/?s={search_term_string}"},"query-input":{"@type":"PropertyValueSpecification","valueRequired":true,"valueName":"search_term_string"}}],"inLanguage":"fr-FR"},{"@type":"Organization","@id":"https:\/\/www.softub.ch\/fr\/#organization","name":"Softub Schweiz AG","url":"https:\/\/www.softub.ch\/fr\/","logo":{"@type":"ImageObject","inLanguage":"fr-FR","@id":"https:\/\/www.softub.ch\/fr\/#\/schema\/logo\/image\/","url":"https:\/\/www.softub.ch\/wp-content\/uploads\/Softub-Logo-Softub-Schweiz-.png","contentUrl":"https:\/\/www.softub.ch\/wp-content\/uploads\/Softub-Logo-Softub-Schweiz-.png","width":200,"height":73,"caption":"Softub Schweiz AG"},"image":{"@id":"https:\/\/www.softub.ch\/fr\/#\/schema\/logo\/image\/"},"sameAs":["https:\/\/www.facebook.com\/softubschweiz","https:\/\/www.instagram.com\/softub_schweiz\/","https:\/\/ch.pinterest.com\/softub_schweiz\/","https:\/\/www.linkedin.com\/company\/softub-schweiz-ag\/"]}]}},"_links":{"self":[{"href":"https:\/\/www.softub.ch\/fr\/wp-json\/wp\/v2\/product\/14208","targetHints":{"allow":["GET"]}}],"collection":[{"href":"https:\/\/www.softub.ch\/fr\/wp-json\/wp\/v2\/product"}],"about":[{"href":"https:\/\/www.softub.ch\/fr\/wp-json\/wp\/v2\/types\/product"}],"wp:featuredmedia":[{"embeddable":true,"href":"https:\/\/www.softub.ch\/fr\/wp-json\/wp\/v2\/media\/14212"}],"wp:attachment":[{"href":"https:\/\/www.softub.ch\/fr\/wp-json\/wp\/v2\/media?parent=14208"}],"wp:term":[{"taxonomy":"product_brand","embeddable":true,"href":"https:\/\/www.softub.ch\/fr\/wp-json\/wp\/v2\/product_brand?post=14208"},{"taxonomy":"product_cat","embeddable":true,"href":"https:\/\/www.softub.ch\/fr\/wp-json\/wp\/v2\/product_cat?post=14208"},{"taxonomy":"product_tag","embeddable":true,"href":"https:\/\/www.softub.ch\/fr\/wp-json\/wp\/v2\/product_tag?post=14208"},{"taxonomy":"woo-feed-brand","embeddable":true,"href":"https:\/\/www.softub.ch\/fr\/wp-json\/wp\/v2\/woo-feed-brand?post=14208"}],"curies":[{"name":"wp","href":"https:\/\/api.w.org\/{rel}","templated":true}]}}