{"id":14253,"date":"2020-07-02T11:57:38","date_gmt":"2020-07-02T11:57:38","guid":{"rendered":"http:\/\/www.softub.ch\/?post_type=product&#038;p=14253"},"modified":"2025-01-18T16:43:27","modified_gmt":"2025-01-18T15:43:27","slug":"weka-einzelcarport-modell-617","status":"publish","type":"product","link":"https:\/\/www.softub.ch\/fr\/produit\/weka-einzelcarport-modell-617\/","title":{"rendered":"Weka Einzelcarport 617 &#8211; in Handwerks-Qualit\u00e4t"},"content":{"rendered":"<h1><span style=\"color: #429bba;\">Carport Optima von Weka<\/span><\/h1>\n<h3>Vorteile:<\/h3>\n<ul>\n<li>2,15 m Durchfahrtsh\u00f6he<\/li>\n<li>2,70 m Durchfahrtsbreite<\/li>\n<li>Stabile, 12 cm starke Pfosten<\/li>\n<li>Stabile Konstruktion<\/li>\n<li>3 Dachvarianten<\/li>\n<\/ul>\n<p>&nbsp;<\/p>\n<h3>Kesseldruckimpr\u00e4gnierte H\u00f6lzer:<\/h3>\n<ul>\n<li>L\u00e4nger vor Witterung gesch\u00fctzt und sollten zus\u00e4tzlich mit Pflege\u00f6l behandelt werden<\/li>\n<\/ul>\n<p>&nbsp;<\/p>\n<h3>Technische Daten:<\/h3>\n<ul>\n<li>Ausf\u00fchrung: Kesseldruckimpr\u00e4gniert\/witterungsgesch\u00fctzt<\/li>\n<li>Dach: wahlweise aus verzinktem Stahl, PVC-Kunststoff mit Trapezprofil oder ohne Dacheindeckung<\/li>\n<li>Pfosten: 120 x 120 mm, kesseldruckimpr\u00e4gniert<\/li>\n<li>Pfostenabst\u00e4nde Innen: 181 cm<\/li>\n<li>Bemassung: Durchfahrtsbreite 270 cm, Durchfahrtsh\u00f6he 215 cm<\/li>\n<li>Max. Schneelast: 1,42 kN\/m\u00b2 statisch gepr\u00fcft<\/li>\n<\/ul>\n<p>&nbsp;<\/p>\n<h3><strong>Bemassung und Variationen:\u00a0<\/strong><\/h3>\n<p>Je nach Gr\u00f6sse unterschiedliche Pfostenzahl. Alle Gr\u00f6ssen k\u00f6nnen nach Ihrer Wahl mit den verschiedenen Dach Variationen bestellt werden<\/p>\n<ul>\n<li>3 verschiedene Gr\u00f6ssen (Sockelmass):\n<ul>\n<li>294 x 398<\/li>\n<li>294 x 591<\/li>\n<li>294 x 784<\/li>\n<\/ul>\n<\/li>\n<li>Variation von Dach:\n<ul>\n<li>Ohne Dacheindeckung<\/li>\n<li>PVC Kunststoffdach<\/li>\n<li>Inklusive Stahldach<\/li>\n<\/ul>\n<\/li>\n<\/ul>\n<p>&nbsp;<\/p>\n<h3 data-fontsize=\"18\" data-lineheight=\"27\"><strong>Montage:<\/strong><\/h3>\n<p>F\u00fcr die Installation Ihres neuen Carports m\u00fcssen Sie sich keine Gedanken machen! Wir stellen Ihnen gerne unser Hauseigen, fachm\u00e4nnisches Installationsteam f\u00fcr die Montage zur Verf\u00fcgung.<\/p>\n<p>&nbsp;<\/p>\n<h3>Unsere Empfehlung f\u00fcr den Carport Optima von Weka:<\/h3>\n<ul>\n<li>H-Anker-Set &#8211; Inklusive Schrauben, f\u00fcr die Statik gerechte, sichere Bodenverankerung<\/li>\n<li>Massivholzw\u00e4nde &#8211; aus 2&#215;20 mm Boden-Deckelschalung<\/li>\n<li>Ger\u00e4teraum\/Fahrradgarage &#8211; Inklusive T\u00fcrverschluss mit Sicherheits\u00fcberwurf<\/li>\n<\/ul>\n<p>&nbsp;<\/p>\n<h3>Ihr Vorteil:<\/h3>\n<p>Viele unserer Carports werden mit Kunststoff &#8211; Flachd\u00e4chern mit Trapezprofil ausgeliefert &#8211; inklusive Edelstahl &#8211; Spenglerschrauben, angeformten Dichtungs-ringen und Abstandshaltern f\u00fcr eine einfache Montage und noch mehr Stabilit\u00e4t.<\/p>\n<p>Dieser Carport ist in verschiedenen Variationen erh\u00e4ltlich. W\u00e4hlen sie den optimalen Carport f\u00fcr Ihr zu Hause und den perfekten Abstellplatz f\u00fcr Ihr Auto.<\/p>\n<p>&nbsp;<\/p>\n<h3>Garantierte Nachhaltigkeit<\/h3>\n<p>Bei der Auswahl unserer H\u00f6lzer achten wir auf eine \u00f6kologische und zertifizierte Holzwirtschaft. Aller Wald, der in die Holzproduktion geht, wird durch Wiederaufforstung geachtet.<\/p>\n<p>&nbsp;<\/p>\n<h3 data-fontsize=\"18\" data-lineheight=\"27\">Extra Zubeh\u00f6r:<\/h3>\n<p>Wir haben ein reichhaltiges Zubeh\u00f6rsortiment f\u00fcr Sie zusammengestellt, so dass Sie sich die passenden Produkte in Ruhe in unserem Onlineshop ausw\u00e4hlen k\u00f6nnen.<\/p>\n<p>Wenn Sie noch zus\u00e4tzlichen Stauraum f\u00fcr Ihren Garten brauchen oder Ihre Fahrr\u00e4der noch einen Platz suchen, ist der\u00a0<a href=\"https:\/\/softub.ch\/produkt\/biohort-storemax-maximalen-stauraum-auf-wenig-platz\/\">biohort STORMAX<\/a> genau das richtige f\u00fcr Sie. Eventuell sind Sie auch noch an zus\u00e4tzlichem Schattenplatz in Ihrem Garten interessiert. \u00a0Die <a href=\"https:\/\/meinschattenspender.ch\/\">Unosider-<\/a><a href=\"https:\/\/meinschattenspender.ch\/\">Pavillon<\/a>, echte italienische Handwerkstradition Pavillons, Pergolen, Sonnen- und Wetterschutzsysteme, sind perfekt dazu geeignet.<\/p>\n<p>Wir beraten Sie gerne, telefonisch, in einem unserer Showrooms oder bei Ihnen Zuhause.<\/p>\n","protected":false},"excerpt":{"rendered":"<h1><span style=\"color: #429bba;\">Carport Optima von Weka<\/span><\/h1>\n<p>Mehr Schutz. Mehr Komfort. Mehr Carport.<\/p>\n<p>Der Carport Optima von Weka \u00fcberzeugt mit seinem klassisch, schlichten Design und eignet sich perfekt als \u00dcberdachung f\u00fcr Ihr Fahrzeug. Optimale Stabilit\u00e4t bieten die 12 cm starken Pfosten. Wir verarbeiten hochwertiges Holz, das kesseldruckimpr\u00e4gniert ist, damit Wind und Wetter Ihrem Carport nichts anhaben k\u00f6nnen. Mit der Durchfahrtsh\u00f6he von 215 cm und einer Durchfahrtsbreite von 270 cm ist ausreichend Platz f\u00fcr Ihr Auto. Dieser Carport ist in drei verschiedenen Gr\u00f6ssen und Dach Variationen erh\u00e4ltlich.<\/p>\n","protected":false},"featured_media":30050,"template":"","meta":{"_acf_changed":false},"product_brand":[],"product_cat":[843],"product_tag":[3242,793,5461,2640,800,803,811,3240,183,802,3241,801,567,1179,3040,2953,3188,431,2639,5462,4077,184,180],"woo-feed-brand":[],"class_list":{"0":"post-14253","1":"product","2":"type-product","3":"status-publish","4":"has-post-thumbnail","6":"product_cat-carports","7":"product_tag-autoschutz","8":"product_tag-carport","9":"product_tag-carport-schweiz","10":"product_tag-carport-von-weka","11":"product_tag-dach-fuer-auto","12":"product_tag-draussen","13":"product_tag-einzelcarport","14":"product_tag-fahrzeug-ueberdachung","15":"product_tag-jacuzzi","16":"product_tag-outdoor","17":"product_tag-schutz-fuer-auto","18":"product_tag-schutzdach-fuer-auto","19":"product_tag-softub","20":"product_tag-softub-schweiz","21":"product_tag-softub-schweiz-ag","22":"product_tag-ueberdachung-fuer-auto","23":"product_tag-ueberdachung-fuer-fahrzeug","24":"product_tag-weka","25":"product_tag-weka-carport","26":"product_tag-weka-carport-schweiz","27":"product_tag-weka-schweiz","28":"product_tag-wellness","29":"product_tag-whirlpool","31":"first","32":"instock","33":"sale","34":"taxable","35":"shipping-taxable","36":"purchasable","37":"product-type-variable"},"acf":[],"yoast_head":"<!-- This site is optimized with the Yoast SEO Premium plugin v27.3 (Yoast SEO v27.3) - https:\/\/yoast.com\/product\/yoast-seo-premium-wordpress\/ -->\n<title>Carport Optima von Weka in Handwerks-Qualit\u00e4t - Modell 617<\/title>\n<meta name=\"description\" content=\"Carport Optima von Weka\u00a0\u00fcberzeugt mit seinem klassisch, schlichten Design und eignet sich perfekt als \u00dcberdachung f\u00fcr Ihr Fahrzeug\" \/>\n<meta name=\"robots\" content=\"index, follow, max-snippet:-1, max-image-preview:large, max-video-preview:-1\" \/>\n<link rel=\"canonical\" href=\"https:\/\/www.softub.ch\/produkt\/weka-einzelcarport-modell-617\/\" \/>\n<meta property=\"og:locale\" content=\"fr_FR\" \/>\n<meta property=\"og:type\" content=\"article\" \/>\n<meta property=\"og:title\" content=\"Weka Einzelcarport 617 - in Handwerks-Qualit\u00e4t\" \/>\n<meta property=\"og:description\" content=\"Carport Optima von Weka\u00a0\u00fcberzeugt mit seinem klassisch, schlichten Design und eignet sich perfekt als \u00dcberdachung f\u00fcr Ihr Fahrzeug\" \/>\n<meta property=\"og:url\" content=\"https:\/\/www.softub.ch\/produkt\/weka-einzelcarport-modell-617\/\" \/>\n<meta property=\"og:site_name\" content=\"Softub Schweiz\" \/>\n<meta property=\"article:publisher\" content=\"https:\/\/www.facebook.com\/softubschweiz\" \/>\n<meta property=\"article:modified_time\" content=\"2025-01-18T15:43:27+00:00\" \/>\n<meta property=\"og:image\" content=\"https:\/\/www.softub.ch\/wp-content\/uploads\/Weka-Carport-617-Gr.-1-Softub-Schweiz-0-.jpg\" \/>\n\t<meta property=\"og:image:width\" content=\"1440\" \/>\n\t<meta property=\"og:image:height\" content=\"1080\" \/>\n\t<meta property=\"og:image:type\" content=\"image\/jpeg\" \/>\n<meta name=\"twitter:card\" content=\"summary_large_image\" \/>\n<meta name=\"twitter:label1\" content=\"Dur\u00e9e de lecture estim\u00e9e\" \/>\n\t<meta name=\"twitter:data1\" content=\"2 minutes\" \/>\n<script type=\"application\/ld+json\" class=\"yoast-schema-graph\">{\"@context\":\"https:\\\/\\\/schema.org\",\"@graph\":[{\"@type\":\"WebPage\",\"@id\":\"https:\\\/\\\/www.softub.ch\\\/produkt\\\/weka-einzelcarport-modell-617\\\/\",\"url\":\"https:\\\/\\\/www.softub.ch\\\/produkt\\\/weka-einzelcarport-modell-617\\\/\",\"name\":\"Carport Optima von Weka in Handwerks-Qualit\u00e4t - Modell 617\",\"isPartOf\":{\"@id\":\"https:\\\/\\\/www.softub.ch\\\/fr\\\/#website\"},\"primaryImageOfPage\":{\"@id\":\"https:\\\/\\\/www.softub.ch\\\/produkt\\\/weka-einzelcarport-modell-617\\\/#primaryimage\"},\"image\":{\"@id\":\"https:\\\/\\\/www.softub.ch\\\/produkt\\\/weka-einzelcarport-modell-617\\\/#primaryimage\"},\"thumbnailUrl\":\"https:\\\/\\\/www.softub.ch\\\/wp-content\\\/uploads\\\/Weka-Carport-617-Gr.-1-Softub-Schweiz-0-.jpg\",\"datePublished\":\"2020-07-02T11:57:38+00:00\",\"dateModified\":\"2025-01-18T15:43:27+00:00\",\"description\":\"Carport Optima von Weka\u00a0\u00fcberzeugt mit seinem klassisch, schlichten Design und eignet sich perfekt als \u00dcberdachung f\u00fcr Ihr Fahrzeug\",\"breadcrumb\":{\"@id\":\"https:\\\/\\\/www.softub.ch\\\/produkt\\\/weka-einzelcarport-modell-617\\\/#breadcrumb\"},\"inLanguage\":\"fr-FR\",\"potentialAction\":[{\"@type\":\"ReadAction\",\"target\":[\"https:\\\/\\\/www.softub.ch\\\/produkt\\\/weka-einzelcarport-modell-617\\\/\"]}]},{\"@type\":\"ImageObject\",\"inLanguage\":\"fr-FR\",\"@id\":\"https:\\\/\\\/www.softub.ch\\\/produkt\\\/weka-einzelcarport-modell-617\\\/#primaryimage\",\"url\":\"https:\\\/\\\/www.softub.ch\\\/wp-content\\\/uploads\\\/Weka-Carport-617-Gr.-1-Softub-Schweiz-0-.jpg\",\"contentUrl\":\"https:\\\/\\\/www.softub.ch\\\/wp-content\\\/uploads\\\/Weka-Carport-617-Gr.-1-Softub-Schweiz-0-.jpg\",\"width\":1440,\"height\":1080},{\"@type\":\"BreadcrumbList\",\"@id\":\"https:\\\/\\\/www.softub.ch\\\/produkt\\\/weka-einzelcarport-modell-617\\\/#breadcrumb\",\"itemListElement\":[{\"@type\":\"ListItem\",\"position\":1,\"name\":\"Startseite\",\"item\":\"https:\\\/\\\/www.softub.ch\\\/fr\\\/\"},{\"@type\":\"ListItem\",\"position\":2,\"name\":\"Shop\",\"item\":\"https:\\\/\\\/www.softub.ch\\\/fr\\\/softub-suisse-shop\\\/\"},{\"@type\":\"ListItem\",\"position\":3,\"name\":\"Weka Einzelcarport 617 &#8211; in Handwerks-Qualit\u00e4t\"}]},{\"@type\":\"WebSite\",\"@id\":\"https:\\\/\\\/www.softub.ch\\\/fr\\\/#website\",\"url\":\"https:\\\/\\\/www.softub.ch\\\/fr\\\/\",\"name\":\"Softub Schweiz\",\"description\":\"Softub - Wir machen Ferien Zuhause\",\"publisher\":{\"@id\":\"https:\\\/\\\/www.softub.ch\\\/fr\\\/#organization\"},\"potentialAction\":[{\"@type\":\"SearchAction\",\"target\":{\"@type\":\"EntryPoint\",\"urlTemplate\":\"https:\\\/\\\/www.softub.ch\\\/fr\\\/?s={search_term_string}\"},\"query-input\":{\"@type\":\"PropertyValueSpecification\",\"valueRequired\":true,\"valueName\":\"search_term_string\"}}],\"inLanguage\":\"fr-FR\"},{\"@type\":\"Organization\",\"@id\":\"https:\\\/\\\/www.softub.ch\\\/fr\\\/#organization\",\"name\":\"Softub Schweiz AG\",\"url\":\"https:\\\/\\\/www.softub.ch\\\/fr\\\/\",\"logo\":{\"@type\":\"ImageObject\",\"inLanguage\":\"fr-FR\",\"@id\":\"https:\\\/\\\/www.softub.ch\\\/fr\\\/#\\\/schema\\\/logo\\\/image\\\/\",\"url\":\"https:\\\/\\\/www.softub.ch\\\/wp-content\\\/uploads\\\/Softub-Logo-Softub-Schweiz-.png\",\"contentUrl\":\"https:\\\/\\\/www.softub.ch\\\/wp-content\\\/uploads\\\/Softub-Logo-Softub-Schweiz-.png\",\"width\":200,\"height\":73,\"caption\":\"Softub Schweiz AG\"},\"image\":{\"@id\":\"https:\\\/\\\/www.softub.ch\\\/fr\\\/#\\\/schema\\\/logo\\\/image\\\/\"},\"sameAs\":[\"https:\\\/\\\/www.facebook.com\\\/softubschweiz\",\"https:\\\/\\\/www.instagram.com\\\/softub_schweiz\\\/\",\"https:\\\/\\\/ch.pinterest.com\\\/softub_schweiz\\\/\",\"https:\\\/\\\/www.linkedin.com\\\/company\\\/softub-schweiz-ag\\\/\"]}]}<\/script>\n<!-- \/ Yoast SEO Premium plugin. -->","yoast_head_json":{"title":"Carport Optima von Weka in Handwerks-Qualit\u00e4t - Modell 617","description":"Carport Optima von Weka\u00a0\u00fcberzeugt mit seinem klassisch, schlichten Design und eignet sich perfekt als \u00dcberdachung f\u00fcr Ihr Fahrzeug","robots":{"index":"index","follow":"follow","max-snippet":"max-snippet:-1","max-image-preview":"max-image-preview:large","max-video-preview":"max-video-preview:-1"},"canonical":"https:\/\/www.softub.ch\/produkt\/weka-einzelcarport-modell-617\/","og_locale":"fr_FR","og_type":"article","og_title":"Weka Einzelcarport 617 - in Handwerks-Qualit\u00e4t","og_description":"Carport Optima von Weka\u00a0\u00fcberzeugt mit seinem klassisch, schlichten Design und eignet sich perfekt als \u00dcberdachung f\u00fcr Ihr Fahrzeug","og_url":"https:\/\/www.softub.ch\/produkt\/weka-einzelcarport-modell-617\/","og_site_name":"Softub Schweiz","article_publisher":"https:\/\/www.facebook.com\/softubschweiz","article_modified_time":"2025-01-18T15:43:27+00:00","og_image":[{"width":1440,"height":1080,"url":"https:\/\/www.softub.ch\/wp-content\/uploads\/Weka-Carport-617-Gr.-1-Softub-Schweiz-0-.jpg","type":"image\/jpeg"}],"twitter_card":"summary_large_image","twitter_misc":{"Dur\u00e9e de lecture estim\u00e9e":"2 minutes"},"schema":{"@context":"https:\/\/schema.org","@graph":[{"@type":"WebPage","@id":"https:\/\/www.softub.ch\/produkt\/weka-einzelcarport-modell-617\/","url":"https:\/\/www.softub.ch\/produkt\/weka-einzelcarport-modell-617\/","name":"Carport Optima von Weka in Handwerks-Qualit\u00e4t - Modell 617","isPartOf":{"@id":"https:\/\/www.softub.ch\/fr\/#website"},"primaryImageOfPage":{"@id":"https:\/\/www.softub.ch\/produkt\/weka-einzelcarport-modell-617\/#primaryimage"},"image":{"@id":"https:\/\/www.softub.ch\/produkt\/weka-einzelcarport-modell-617\/#primaryimage"},"thumbnailUrl":"https:\/\/www.softub.ch\/wp-content\/uploads\/Weka-Carport-617-Gr.-1-Softub-Schweiz-0-.jpg","datePublished":"2020-07-02T11:57:38+00:00","dateModified":"2025-01-18T15:43:27+00:00","description":"Carport Optima von Weka\u00a0\u00fcberzeugt mit seinem klassisch, schlichten Design und eignet sich perfekt als \u00dcberdachung f\u00fcr Ihr Fahrzeug","breadcrumb":{"@id":"https:\/\/www.softub.ch\/produkt\/weka-einzelcarport-modell-617\/#breadcrumb"},"inLanguage":"fr-FR","potentialAction":[{"@type":"ReadAction","target":["https:\/\/www.softub.ch\/produkt\/weka-einzelcarport-modell-617\/"]}]},{"@type":"ImageObject","inLanguage":"fr-FR","@id":"https:\/\/www.softub.ch\/produkt\/weka-einzelcarport-modell-617\/#primaryimage","url":"https:\/\/www.softub.ch\/wp-content\/uploads\/Weka-Carport-617-Gr.-1-Softub-Schweiz-0-.jpg","contentUrl":"https:\/\/www.softub.ch\/wp-content\/uploads\/Weka-Carport-617-Gr.-1-Softub-Schweiz-0-.jpg","width":1440,"height":1080},{"@type":"BreadcrumbList","@id":"https:\/\/www.softub.ch\/produkt\/weka-einzelcarport-modell-617\/#breadcrumb","itemListElement":[{"@type":"ListItem","position":1,"name":"Startseite","item":"https:\/\/www.softub.ch\/fr\/"},{"@type":"ListItem","position":2,"name":"Shop","item":"https:\/\/www.softub.ch\/fr\/softub-suisse-shop\/"},{"@type":"ListItem","position":3,"name":"Weka Einzelcarport 617 &#8211; in Handwerks-Qualit\u00e4t"}]},{"@type":"WebSite","@id":"https:\/\/www.softub.ch\/fr\/#website","url":"https:\/\/www.softub.ch\/fr\/","name":"Softub Schweiz","description":"Softub - Wir machen Ferien Zuhause","publisher":{"@id":"https:\/\/www.softub.ch\/fr\/#organization"},"potentialAction":[{"@type":"SearchAction","target":{"@type":"EntryPoint","urlTemplate":"https:\/\/www.softub.ch\/fr\/?s={search_term_string}"},"query-input":{"@type":"PropertyValueSpecification","valueRequired":true,"valueName":"search_term_string"}}],"inLanguage":"fr-FR"},{"@type":"Organization","@id":"https:\/\/www.softub.ch\/fr\/#organization","name":"Softub Schweiz AG","url":"https:\/\/www.softub.ch\/fr\/","logo":{"@type":"ImageObject","inLanguage":"fr-FR","@id":"https:\/\/www.softub.ch\/fr\/#\/schema\/logo\/image\/","url":"https:\/\/www.softub.ch\/wp-content\/uploads\/Softub-Logo-Softub-Schweiz-.png","contentUrl":"https:\/\/www.softub.ch\/wp-content\/uploads\/Softub-Logo-Softub-Schweiz-.png","width":200,"height":73,"caption":"Softub Schweiz AG"},"image":{"@id":"https:\/\/www.softub.ch\/fr\/#\/schema\/logo\/image\/"},"sameAs":["https:\/\/www.facebook.com\/softubschweiz","https:\/\/www.instagram.com\/softub_schweiz\/","https:\/\/ch.pinterest.com\/softub_schweiz\/","https:\/\/www.linkedin.com\/company\/softub-schweiz-ag\/"]}]}},"_links":{"self":[{"href":"https:\/\/www.softub.ch\/fr\/wp-json\/wp\/v2\/product\/14253","targetHints":{"allow":["GET"]}}],"collection":[{"href":"https:\/\/www.softub.ch\/fr\/wp-json\/wp\/v2\/product"}],"about":[{"href":"https:\/\/www.softub.ch\/fr\/wp-json\/wp\/v2\/types\/product"}],"wp:featuredmedia":[{"embeddable":true,"href":"https:\/\/www.softub.ch\/fr\/wp-json\/wp\/v2\/media\/30050"}],"wp:attachment":[{"href":"https:\/\/www.softub.ch\/fr\/wp-json\/wp\/v2\/media?parent=14253"}],"wp:term":[{"taxonomy":"product_brand","embeddable":true,"href":"https:\/\/www.softub.ch\/fr\/wp-json\/wp\/v2\/product_brand?post=14253"},{"taxonomy":"product_cat","embeddable":true,"href":"https:\/\/www.softub.ch\/fr\/wp-json\/wp\/v2\/product_cat?post=14253"},{"taxonomy":"product_tag","embeddable":true,"href":"https:\/\/www.softub.ch\/fr\/wp-json\/wp\/v2\/product_tag?post=14253"},{"taxonomy":"woo-feed-brand","embeddable":true,"href":"https:\/\/www.softub.ch\/fr\/wp-json\/wp\/v2\/woo-feed-brand?post=14253"}],"curies":[{"name":"wp","href":"https:\/\/api.w.org\/{rel}","templated":true}]}}