{"id":14657,"date":"2020-07-04T18:00:59","date_gmt":"2020-07-04T18:00:59","guid":{"rendered":"http:\/\/www.softub.ch\/?post_type=product&#038;p=14657"},"modified":"2025-01-17T14:28:07","modified_gmt":"2025-01-17T13:28:07","slug":"helle-gartenhaus-von-weka-177-149","status":"publish","type":"product","link":"https:\/\/www.softub.ch\/fr\/produit\/helle-gartenhaus-von-weka-177-149\/","title":{"rendered":"Weka Gartenhaus 177 \/ 149 &#8211; Mit hellem Innenraum"},"content":{"rendered":"<h1><span style=\"color: #429bba\">Helle Gartenhaus von Weka<\/span><\/h1>\n<h3>Vorteile:<\/h3>\n<ul>\n<li>Heller Innenraum<\/li>\n<li>Massivholzdach &amp; -boden<\/li>\n<li>28mm starke Wandbohlen<\/li>\n<\/ul>\n<p>&nbsp;<\/p>\n<h3>Technische Daten:<\/h3>\n<ul>\n<li><strong>177er 4 Eck Gr\u00f6sse 1:<\/strong> Firsth\u00f6he 280\/300 cm, Seitenwand 220 cm<\/li>\n<li><strong>177er 4 Eck Gr\u00f6sse 2:<\/strong> Firsth\u00f6he 280\/300 cm, Seitenwand 220 cm<\/li>\n<li><strong>149er:<\/strong> Firsth\u00f6he 276\/290 cm, Seitenwand 214 cm<\/li>\n<li><strong>149A;<\/strong> Firsth\u00f6he 301\/315 cm, Seitenwand 214 cm <strong>MIT<\/strong> Dachaufsatz<\/li>\n<li>Wand: 28 mm starke Blockbohlen<\/li>\n<li>Dach: 19 mm Massivholzdach und -Fussboden<\/li>\n<li>Dach\u00fcberst\u00e4nde: alle Seiten 40 cm<\/li>\n<li>Dachbelag: inkl. Bitumen-Dachbelag zur Ersteindeckung<\/li>\n<li>Fenster: Modell 149er 2 extra hohe Dreh-\/Kippfenster<\/li>\n<li>T\u00fcr: Rahmen-Doppelt\u00fcre mit grossen Lichtausschnitten<\/li>\n<li>Ausf\u00fchrung: naturbelassen<\/li>\n<li>WEKA Vorteil: witterungsgesch\u00fctzte Unterkonstruktion<\/li>\n<\/ul>\n<p>&nbsp;<\/p>\n<h3>Bemassung &amp; Gr\u00f6ssen (Tiefe x Breite cm)<\/h3>\n<p>Modell 177:<\/p>\n<ul>\n<li>Gr. 1: 238 x 238 cm<\/li>\n<li>Gr. 2: 298 x 298 cm<\/li>\n<\/ul>\n<p>Modell 149:<\/p>\n<ul>\n<li>Gr. 1: 238 x 238 cm<\/li>\n<li>Gr. 2: 298 x 298 cm<\/li>\n<\/ul>\n<p>Modell 149 A (mit Dachaufsatz):<\/p>\n<ul>\n<li>Gr. 1: 238 x 238 cm<\/li>\n<li>Gr. 2: 298 x 298 cm<\/li>\n<\/ul>\n<p>&nbsp;<\/p>\n<h3>Serienausstattung f\u00fcr das helle Gartenhaus von Weka:<\/h3>\n<p>Alle WEKA-Holzh\u00e4user zeichnen sich durch eine saubere Fertigung und Verarbeitung aus<\/p>\n<ul>\n<li>Massivholz Holzboden<\/li>\n<li>Stabile, klassische Eckverbindung<\/li>\n<li>Hochwertige Fenster (optional)<\/li>\n<li>Dachkonstruktion<\/li>\n<\/ul>\n<p>&nbsp;<\/p>\n<h3>Weitere Zubeh\u00f6r-Tipps und unsere Empfehlungen:<\/h3>\n<ul>\n<li>Die ideale Erg\u00e4nzung: Sch\u00fctzen Sie Ihr neues Gartenhaus mit den hochwertigen Dachschindeln in Rechteck oder Biberschwanzform und in verschiedenen Farben<\/li>\n<li>F\u00fcr mehr Privatsph\u00e4re: Passender Fensterladen zum helle Gartenhaus von Weka, 2-teilig, einseitig montiert, inkl. Beschl\u00e4gen, naturbelassen<\/li>\n<\/ul>\n<p>&nbsp;<\/p>\n<h3>Montage:<\/h3>\n<p>F\u00fcr die Installation Ihr neues Gartenhauses m\u00fcssen Sie sich keine Gedanken machen! Wir stellen Ihnen gerne unser Hauseigen, fachm\u00e4nnisches Installationsteam f\u00fcr die Montage zur Verf\u00fcgung.<\/p>\n<p>&nbsp;<\/p>\n<h3 data-fontsize=\"18\" data-lineheight=\"27\">Zubeh\u00f6r f\u00fcr Ihre pers\u00f6nliche Gartenoase:<\/h3>\n<p>Wir haben ein reichhaltiges Zubeh\u00f6rsortiment f\u00fcr Sie zusammengestellt, so dass Sie sich die passenden Produkte in Ruhe in unserem Onlineshop ausw\u00e4hlen k\u00f6nnen.<\/p>\n<p>Wenn Sie sich dar\u00fcber hinaus Ihre ganz pers\u00f6nliche Gartenoase schaffen wollen, so schauen Sie sich doch einfach unsere Softub <a href=\"https:\/\/softub.ch\/simply-relaxing\/softub-whirlpools\/\">Whirlpools<\/a> an \u2013 eventuell auch in Kombination mit einem <a href=\"https:\/\/meinschattenspender.ch\/\">Unosider-<\/a><a href=\"https:\/\/meinschattenspender.ch\/\">Pavillon<\/a>. Unsere Softubs sind bestens f\u00fcr den Sommer oder wie f\u00fcr den Winter geeignet.<\/p>\n<p>Wenn Sie zus\u00e4tzlichen Stauraum f\u00fcr Ihr pers\u00f6nliches Gartenzubeh\u00f6r brauchen, dann schauen Sie sich unseren\u00a0<a href=\"https:\/\/softub.ch\/produkt\/biohort-storemax-maximalen-stauraum-auf-wenig-platz\/\">biohort STOREMAX<\/a>\u00a0oder auch den<a href=\"https:\/\/softub.ch\/produkt\/biohort-highboard-das-formvollendete-multitalent-zum-aufbewahren\/\"> biohort HIGHBOARD<\/a> an. Ob als Stauraum f\u00fcr Kissen oder Gartenutensilien oder auch als ideale Erg\u00e4nzung zu Ihrer Outdoor-K\u00fcche \u2013 alles ist witterungsgesch\u00fctzt und ordentlich verstaut.<\/p>\n<p>Wir beraten Sie gerne, telefonisch, in einem unserer Showrooms oder bei Ihnen Zuhause.<\/p>\n","protected":false},"excerpt":{"rendered":"<h1><span style=\"color: #429bba\">Helle Gartenhaus von Weka<\/span><\/h1>\n<p>Mehr Spass. Mehr Zuhause. Mehr Entspannung.<\/p>\n<div class=\"woocommerce-product-details__short-description\">\n<p>Das helle Gartenhaus von Weka kann mit einem wundersch\u00f6nem Dachaufsatz bestellt werden. Dank den grossen Fenstern wird das Haus mit Licht durchflutet und ist ein echter Blickfang f\u00fcr Ihre pers\u00f6nliche Gartenoase. Dieses Modell kann man mit Fronteingang (177er), Eckeingang (149er) und auch OHNE Dachaufsatz bestellt werden.<\/p>\n<\/div>\n","protected":false},"featured_media":28837,"template":"","meta":{"_acf_changed":false},"product_brand":[],"product_cat":[852],"product_tag":[803,789,833,820,2607,3190,2623,821,5460,795,2609,764,826,827,802,5459,567,1179,3040,823,431,2610,5458,4077,822],"woo-feed-brand":[],"class_list":{"0":"post-14657","1":"product","2":"type-product","3":"status-publish","4":"has-post-thumbnail","6":"product_cat-gartenhaeuser","7":"product_tag-draussen","8":"product_tag-garten","9":"product_tag-gartendesign","10":"product_tag-gartenhaus","11":"product_tag-gartenhaus-aus-holz","12":"product_tag-gartenhaus-mit-dachaufsatz","13":"product_tag-gartenhaus-von-weka","14":"product_tag-gartenhaeuser","15":"product_tag-gartenhaeuser-schweiz","16":"product_tag-holz","17":"product_tag-holz-gartenhaus","18":"product_tag-massivholz","19":"product_tag-natur","20":"product_tag-naturbelassen","21":"product_tag-outdoor","22":"product_tag-schweiz-gartenhaeuser","23":"product_tag-softub","24":"product_tag-softub-schweiz","25":"product_tag-softub-schweiz-ag","26":"product_tag-spass","27":"product_tag-weka","28":"product_tag-weka-gartenhaus","29":"product_tag-weka-gartenhaeuser-schweiz","30":"product_tag-weka-schweiz","31":"product_tag-zuhause","33":"first","34":"instock","35":"sale","36":"taxable","37":"shipping-taxable","38":"purchasable","39":"product-type-variable"},"acf":[],"yoast_head":"<!-- This site is optimized with the Yoast SEO Premium plugin v27.4 (Yoast SEO v27.4) - https:\/\/yoast.com\/product\/yoast-seo-premium-wordpress\/ -->\n<title>Helle Gartenhaus von Weka - Modell 177\/149 mit Dachaufsatz<\/title>\n<meta name=\"description\" content=\"Helle Gartenhaus von Weka mit wundersch\u00f6nem Dachaufsatz und einem hellen Innenraum dank grossen Fenstern. Ein Blickfang f\u00fcr Ihren Garten.\" \/>\n<meta name=\"robots\" content=\"index, follow, max-snippet:-1, max-image-preview:large, max-video-preview:-1\" \/>\n<link rel=\"canonical\" href=\"https:\/\/www.softub.ch\/produkt\/helle-gartenhaus-von-weka-177-149\/\" \/>\n<meta property=\"og:locale\" content=\"fr_FR\" \/>\n<meta property=\"og:type\" content=\"article\" \/>\n<meta property=\"og:title\" content=\"Weka Gartenhaus 177 \/ 149 - Mit hellem Innenraum\" \/>\n<meta property=\"og:description\" content=\"Helle Gartenhaus von Weka mit wundersch\u00f6nem Dachaufsatz und einem hellen Innenraum dank grossen Fenstern. Ein Blickfang f\u00fcr Ihren Garten.\" \/>\n<meta property=\"og:url\" content=\"https:\/\/www.softub.ch\/produkt\/helle-gartenhaus-von-weka-177-149\/\" \/>\n<meta property=\"og:site_name\" content=\"Softub Schweiz\" \/>\n<meta property=\"article:publisher\" content=\"https:\/\/www.facebook.com\/softubschweiz\" \/>\n<meta property=\"article:modified_time\" content=\"2025-01-17T13:28:07+00:00\" \/>\n<meta property=\"og:image\" content=\"https:\/\/www.softub.ch\/wp-content\/uploads\/Weka-Gartenhaus-177149-Softub-Schweiz-0.jpg\" \/>\n\t<meta property=\"og:image:width\" content=\"1440\" \/>\n\t<meta property=\"og:image:height\" content=\"1080\" \/>\n\t<meta property=\"og:image:type\" content=\"image\/jpeg\" \/>\n<meta name=\"twitter:card\" content=\"summary_large_image\" \/>\n<meta name=\"twitter:label1\" content=\"Dur\u00e9e de lecture estim\u00e9e\" \/>\n\t<meta name=\"twitter:data1\" content=\"2 minutes\" \/>\n<script type=\"application\/ld+json\" class=\"yoast-schema-graph\">{\"@context\":\"https:\\\/\\\/schema.org\",\"@graph\":[{\"@type\":\"WebPage\",\"@id\":\"https:\\\/\\\/www.softub.ch\\\/produkt\\\/helle-gartenhaus-von-weka-177-149\\\/\",\"url\":\"https:\\\/\\\/www.softub.ch\\\/produkt\\\/helle-gartenhaus-von-weka-177-149\\\/\",\"name\":\"Helle Gartenhaus von Weka - Modell 177\\\/149 mit Dachaufsatz\",\"isPartOf\":{\"@id\":\"https:\\\/\\\/www.softub.ch\\\/fr\\\/#website\"},\"primaryImageOfPage\":{\"@id\":\"https:\\\/\\\/www.softub.ch\\\/produkt\\\/helle-gartenhaus-von-weka-177-149\\\/#primaryimage\"},\"image\":{\"@id\":\"https:\\\/\\\/www.softub.ch\\\/produkt\\\/helle-gartenhaus-von-weka-177-149\\\/#primaryimage\"},\"thumbnailUrl\":\"https:\\\/\\\/www.softub.ch\\\/wp-content\\\/uploads\\\/Weka-Gartenhaus-177149-Softub-Schweiz-0.jpg\",\"datePublished\":\"2020-07-04T18:00:59+00:00\",\"dateModified\":\"2025-01-17T13:28:07+00:00\",\"description\":\"Helle Gartenhaus von Weka mit wundersch\u00f6nem Dachaufsatz und einem hellen Innenraum dank grossen Fenstern. Ein Blickfang f\u00fcr Ihren Garten.\",\"breadcrumb\":{\"@id\":\"https:\\\/\\\/www.softub.ch\\\/produkt\\\/helle-gartenhaus-von-weka-177-149\\\/#breadcrumb\"},\"inLanguage\":\"fr-FR\",\"potentialAction\":[{\"@type\":\"ReadAction\",\"target\":[\"https:\\\/\\\/www.softub.ch\\\/produkt\\\/helle-gartenhaus-von-weka-177-149\\\/\"]}]},{\"@type\":\"ImageObject\",\"inLanguage\":\"fr-FR\",\"@id\":\"https:\\\/\\\/www.softub.ch\\\/produkt\\\/helle-gartenhaus-von-weka-177-149\\\/#primaryimage\",\"url\":\"https:\\\/\\\/www.softub.ch\\\/wp-content\\\/uploads\\\/Weka-Gartenhaus-177149-Softub-Schweiz-0.jpg\",\"contentUrl\":\"https:\\\/\\\/www.softub.ch\\\/wp-content\\\/uploads\\\/Weka-Gartenhaus-177149-Softub-Schweiz-0.jpg\",\"width\":1440,\"height\":1080,\"caption\":\"Weka Eck Gartenhaus mit Dachaufsatz und Fenstern steht in einem Garten mit Steinweg der zur Gartent\u00fcg f\u00fchrt\"},{\"@type\":\"BreadcrumbList\",\"@id\":\"https:\\\/\\\/www.softub.ch\\\/produkt\\\/helle-gartenhaus-von-weka-177-149\\\/#breadcrumb\",\"itemListElement\":[{\"@type\":\"ListItem\",\"position\":1,\"name\":\"Startseite\",\"item\":\"https:\\\/\\\/www.softub.ch\\\/fr\\\/\"},{\"@type\":\"ListItem\",\"position\":2,\"name\":\"Shop\",\"item\":\"https:\\\/\\\/www.softub.ch\\\/fr\\\/softub-suisse-shop\\\/\"},{\"@type\":\"ListItem\",\"position\":3,\"name\":\"Weka Gartenhaus 177 \\\/ 149 &#8211; Mit hellem Innenraum\"}]},{\"@type\":\"WebSite\",\"@id\":\"https:\\\/\\\/www.softub.ch\\\/fr\\\/#website\",\"url\":\"https:\\\/\\\/www.softub.ch\\\/fr\\\/\",\"name\":\"Softub Schweiz\",\"description\":\"Softub - Wir machen Ferien Zuhause\",\"publisher\":{\"@id\":\"https:\\\/\\\/www.softub.ch\\\/fr\\\/#organization\"},\"potentialAction\":[{\"@type\":\"SearchAction\",\"target\":{\"@type\":\"EntryPoint\",\"urlTemplate\":\"https:\\\/\\\/www.softub.ch\\\/fr\\\/?s={search_term_string}\"},\"query-input\":{\"@type\":\"PropertyValueSpecification\",\"valueRequired\":true,\"valueName\":\"search_term_string\"}}],\"inLanguage\":\"fr-FR\"},{\"@type\":\"Organization\",\"@id\":\"https:\\\/\\\/www.softub.ch\\\/fr\\\/#organization\",\"name\":\"Softub Schweiz AG\",\"url\":\"https:\\\/\\\/www.softub.ch\\\/fr\\\/\",\"logo\":{\"@type\":\"ImageObject\",\"inLanguage\":\"fr-FR\",\"@id\":\"https:\\\/\\\/www.softub.ch\\\/fr\\\/#\\\/schema\\\/logo\\\/image\\\/\",\"url\":\"https:\\\/\\\/www.softub.ch\\\/wp-content\\\/uploads\\\/Softub-Logo-Softub-Schweiz-.png\",\"contentUrl\":\"https:\\\/\\\/www.softub.ch\\\/wp-content\\\/uploads\\\/Softub-Logo-Softub-Schweiz-.png\",\"width\":200,\"height\":73,\"caption\":\"Softub Schweiz AG\"},\"image\":{\"@id\":\"https:\\\/\\\/www.softub.ch\\\/fr\\\/#\\\/schema\\\/logo\\\/image\\\/\"},\"sameAs\":[\"https:\\\/\\\/www.facebook.com\\\/softubschweiz\",\"https:\\\/\\\/www.instagram.com\\\/softub_schweiz\\\/\",\"https:\\\/\\\/ch.pinterest.com\\\/softub_schweiz\\\/\",\"https:\\\/\\\/www.linkedin.com\\\/company\\\/softub-schweiz-ag\\\/\"]}]}<\/script>\n<!-- \/ Yoast SEO Premium plugin. -->","yoast_head_json":{"title":"Helle Gartenhaus von Weka - Modell 177\/149 mit Dachaufsatz","description":"Helle Gartenhaus von Weka mit wundersch\u00f6nem Dachaufsatz und einem hellen Innenraum dank grossen Fenstern. Ein Blickfang f\u00fcr Ihren Garten.","robots":{"index":"index","follow":"follow","max-snippet":"max-snippet:-1","max-image-preview":"max-image-preview:large","max-video-preview":"max-video-preview:-1"},"canonical":"https:\/\/www.softub.ch\/produkt\/helle-gartenhaus-von-weka-177-149\/","og_locale":"fr_FR","og_type":"article","og_title":"Weka Gartenhaus 177 \/ 149 - Mit hellem Innenraum","og_description":"Helle Gartenhaus von Weka mit wundersch\u00f6nem Dachaufsatz und einem hellen Innenraum dank grossen Fenstern. Ein Blickfang f\u00fcr Ihren Garten.","og_url":"https:\/\/www.softub.ch\/produkt\/helle-gartenhaus-von-weka-177-149\/","og_site_name":"Softub Schweiz","article_publisher":"https:\/\/www.facebook.com\/softubschweiz","article_modified_time":"2025-01-17T13:28:07+00:00","og_image":[{"width":1440,"height":1080,"url":"https:\/\/www.softub.ch\/wp-content\/uploads\/Weka-Gartenhaus-177149-Softub-Schweiz-0.jpg","type":"image\/jpeg"}],"twitter_card":"summary_large_image","twitter_misc":{"Dur\u00e9e de lecture estim\u00e9e":"2 minutes"},"schema":{"@context":"https:\/\/schema.org","@graph":[{"@type":"WebPage","@id":"https:\/\/www.softub.ch\/produkt\/helle-gartenhaus-von-weka-177-149\/","url":"https:\/\/www.softub.ch\/produkt\/helle-gartenhaus-von-weka-177-149\/","name":"Helle Gartenhaus von Weka - Modell 177\/149 mit Dachaufsatz","isPartOf":{"@id":"https:\/\/www.softub.ch\/fr\/#website"},"primaryImageOfPage":{"@id":"https:\/\/www.softub.ch\/produkt\/helle-gartenhaus-von-weka-177-149\/#primaryimage"},"image":{"@id":"https:\/\/www.softub.ch\/produkt\/helle-gartenhaus-von-weka-177-149\/#primaryimage"},"thumbnailUrl":"https:\/\/www.softub.ch\/wp-content\/uploads\/Weka-Gartenhaus-177149-Softub-Schweiz-0.jpg","datePublished":"2020-07-04T18:00:59+00:00","dateModified":"2025-01-17T13:28:07+00:00","description":"Helle Gartenhaus von Weka mit wundersch\u00f6nem Dachaufsatz und einem hellen Innenraum dank grossen Fenstern. Ein Blickfang f\u00fcr Ihren Garten.","breadcrumb":{"@id":"https:\/\/www.softub.ch\/produkt\/helle-gartenhaus-von-weka-177-149\/#breadcrumb"},"inLanguage":"fr-FR","potentialAction":[{"@type":"ReadAction","target":["https:\/\/www.softub.ch\/produkt\/helle-gartenhaus-von-weka-177-149\/"]}]},{"@type":"ImageObject","inLanguage":"fr-FR","@id":"https:\/\/www.softub.ch\/produkt\/helle-gartenhaus-von-weka-177-149\/#primaryimage","url":"https:\/\/www.softub.ch\/wp-content\/uploads\/Weka-Gartenhaus-177149-Softub-Schweiz-0.jpg","contentUrl":"https:\/\/www.softub.ch\/wp-content\/uploads\/Weka-Gartenhaus-177149-Softub-Schweiz-0.jpg","width":1440,"height":1080,"caption":"Weka Eck Gartenhaus mit Dachaufsatz und Fenstern steht in einem Garten mit Steinweg der zur Gartent\u00fcg f\u00fchrt"},{"@type":"BreadcrumbList","@id":"https:\/\/www.softub.ch\/produkt\/helle-gartenhaus-von-weka-177-149\/#breadcrumb","itemListElement":[{"@type":"ListItem","position":1,"name":"Startseite","item":"https:\/\/www.softub.ch\/fr\/"},{"@type":"ListItem","position":2,"name":"Shop","item":"https:\/\/www.softub.ch\/fr\/softub-suisse-shop\/"},{"@type":"ListItem","position":3,"name":"Weka Gartenhaus 177 \/ 149 &#8211; Mit hellem Innenraum"}]},{"@type":"WebSite","@id":"https:\/\/www.softub.ch\/fr\/#website","url":"https:\/\/www.softub.ch\/fr\/","name":"Softub Schweiz","description":"Softub - Wir machen Ferien Zuhause","publisher":{"@id":"https:\/\/www.softub.ch\/fr\/#organization"},"potentialAction":[{"@type":"SearchAction","target":{"@type":"EntryPoint","urlTemplate":"https:\/\/www.softub.ch\/fr\/?s={search_term_string}"},"query-input":{"@type":"PropertyValueSpecification","valueRequired":true,"valueName":"search_term_string"}}],"inLanguage":"fr-FR"},{"@type":"Organization","@id":"https:\/\/www.softub.ch\/fr\/#organization","name":"Softub Schweiz AG","url":"https:\/\/www.softub.ch\/fr\/","logo":{"@type":"ImageObject","inLanguage":"fr-FR","@id":"https:\/\/www.softub.ch\/fr\/#\/schema\/logo\/image\/","url":"https:\/\/www.softub.ch\/wp-content\/uploads\/Softub-Logo-Softub-Schweiz-.png","contentUrl":"https:\/\/www.softub.ch\/wp-content\/uploads\/Softub-Logo-Softub-Schweiz-.png","width":200,"height":73,"caption":"Softub Schweiz AG"},"image":{"@id":"https:\/\/www.softub.ch\/fr\/#\/schema\/logo\/image\/"},"sameAs":["https:\/\/www.facebook.com\/softubschweiz","https:\/\/www.instagram.com\/softub_schweiz\/","https:\/\/ch.pinterest.com\/softub_schweiz\/","https:\/\/www.linkedin.com\/company\/softub-schweiz-ag\/"]}]}},"_links":{"self":[{"href":"https:\/\/www.softub.ch\/fr\/wp-json\/wp\/v2\/product\/14657","targetHints":{"allow":["GET"]}}],"collection":[{"href":"https:\/\/www.softub.ch\/fr\/wp-json\/wp\/v2\/product"}],"about":[{"href":"https:\/\/www.softub.ch\/fr\/wp-json\/wp\/v2\/types\/product"}],"wp:featuredmedia":[{"embeddable":true,"href":"https:\/\/www.softub.ch\/fr\/wp-json\/wp\/v2\/media\/28837"}],"wp:attachment":[{"href":"https:\/\/www.softub.ch\/fr\/wp-json\/wp\/v2\/media?parent=14657"}],"wp:term":[{"taxonomy":"product_brand","embeddable":true,"href":"https:\/\/www.softub.ch\/fr\/wp-json\/wp\/v2\/product_brand?post=14657"},{"taxonomy":"product_cat","embeddable":true,"href":"https:\/\/www.softub.ch\/fr\/wp-json\/wp\/v2\/product_cat?post=14657"},{"taxonomy":"product_tag","embeddable":true,"href":"https:\/\/www.softub.ch\/fr\/wp-json\/wp\/v2\/product_tag?post=14657"},{"taxonomy":"woo-feed-brand","embeddable":true,"href":"https:\/\/www.softub.ch\/fr\/wp-json\/wp\/v2\/woo-feed-brand?post=14657"}],"curies":[{"name":"wp","href":"https:\/\/api.w.org\/{rel}","templated":true}]}}