{"id":14968,"date":"2020-06-18T09:48:48","date_gmt":"2020-06-18T09:48:48","guid":{"rendered":"http:\/\/www.softub.ch\/?post_type=product&#038;p=14968"},"modified":"2025-01-17T13:53:05","modified_gmt":"2025-01-17T12:53:05","slug":"abstellplatz-gartenhaus-von-weka-260","status":"publish","type":"product","link":"https:\/\/www.softub.ch\/fr\/produit\/abstellplatz-gartenhaus-von-weka-260\/","title":{"rendered":"Weka Gartenhaus 260 &#8211; Eine clevere Rauml\u00f6sung"},"content":{"rendered":"<h1><span style=\"color: #429bba;\">Abstellplatz Gartenhaus von Weka<\/span><\/h1>\n<h3>Vorteile:<\/h3>\n<ul>\n<li>Bis zu 15 m\u00b3 mehr Raum<\/li>\n<li>Massivholzdach<\/li>\n<li>Anbauseitige Massivholzwand<\/li>\n<\/ul>\n<p>&nbsp;<\/p>\n<h3>Technische Daten:<\/h3>\n<ul>\n<li>Ausf\u00fchrung: naturbelassen<\/li>\n<li>Gesamth\u00f6he: Gr. 1 250 cm Gr. 2 260 cm<\/li>\n<li>Seitenwand alle Gr\u00f6ssen: 210 cm<\/li>\n<li>Wand: 28 mm dicke Blockbohlen<\/li>\n<li>Bauweise: modernes Schraubsystem<\/li>\n<li>Boden: OHNE Boden<\/li>\n<li>Dach: 19 mm Massivholz<\/li>\n<li>Dach\u00fcberst\u00e4nde: alle Seiten ca. 20 cm<\/li>\n<li>Dachbelag: Bitumen-Dachbelag zur Ersteindeckung<\/li>\n<li>T\u00fcr: Rahmen &#8211; Einzelt\u00fcr B 81 x H 173 cm (lichtes Mass)<\/li>\n<li>T\u00fcrgriff: Hochwertiger Garnitur mit Profilzylinderschloss und 3 Schl\u00fcsseln<\/li>\n<li>WEKA Vorteil: witterungsgesch\u00fctzte Unterkonstruktion<\/li>\n<\/ul>\n<p>&nbsp;<\/p>\n<h3>Bemassung (Breite cm x L\u00e4nge cm):<\/h3>\n<ul>\n<li>Gr\u00f6ssen:\n<ul>\n<li>Gr. 1: 205 x 241 cm<\/li>\n<li>Gr. 2: 235 x 300 cm<\/li>\n<\/ul>\n<\/li>\n<\/ul>\n<p>&nbsp;<\/p>\n<h3>Ihr Vorteil mit dem Abstellraum Gartenhaus von Weka:<\/h3>\n<p>Die clevere Rauml\u00f6sung: Mit der intelligenten Anbauvariante schaffen Sie sich einfach und unkompliziert ca. 11 bzw. 15 m\u00b3 mehr Abstellraum<\/p>\n<p>&nbsp;<\/p>\n<h3><strong>Zubeh\u00f6r-Tipps &amp; weitere Empfehlungen:\u00a0<\/strong><\/h3>\n<ul>\n<li>Die ideale Erg\u00e4nzung: Bestellen Sie gleich ein passendes Echtglas-Fenster in modernem Design &#8211; so sorgen Sie f\u00fcr extra viel Licht im Innenraum Ihres Anbauhauses.<\/li>\n<li>Schleppdach optional im Zubeh\u00f6r zus\u00e4tzlich erh\u00e4ltlich<\/li>\n<li>Lieferservice und Montageservice vorhanden f\u00fcr einfacheres Aufbauen<\/li>\n<\/ul>\n<p>&nbsp;<\/p>\n<h3>Montage:<\/h3>\n<p>F\u00fcr die Installation Ihres neuen Gartenhauses m\u00fcssen Sie sich keine Gedanken machen! Wir stellen Ihnen gerne unser Hauseigen, fachm\u00e4nnisches Installationsteam f\u00fcr die Montage zur Verf\u00fcgung. Das Abstellplatz Gartenhaus von Weka!<\/p>\n<p>&nbsp;<\/p>\n<h3 data-fontsize=\"18\" data-lineheight=\"27\">Zubeh\u00f6r f\u00fcr Ihre pers\u00f6nliche Gartenoase:<\/h3>\n<p>Wir haben ein reichhaltiges Zubeh\u00f6rsortiment f\u00fcr Sie zusammengestellt, so dass Sie sich die passenden Produkte in Ruhe in unserem Onlineshop ausw\u00e4hlen k\u00f6nnen.<\/p>\n<p>Wenn Sie sich dar\u00fcber hinaus Ihre ganz pers\u00f6nliche Gartenoase schaffen wollen, so schauen Sie sich doch einfach unsere Softub <a href=\"https:\/\/softub.ch\/simply-relaxing\/softub-whirlpools\/\">Whirlpools<\/a> an \u2013 eventuell auch in Kombination mit einem <a href=\"https:\/\/meinschattenspender.ch\/\">Unosider-<\/a><a href=\"https:\/\/meinschattenspender.ch\/\">Pavillon<\/a>. Unsere Softubs sind bestens f\u00fcr den Sommer oder auch f\u00fcr den Winter geeignet.<\/p>\n<p>Wenn Sie zus\u00e4tzlichen Stauraum f\u00fcr Ihr pers\u00f6nliches Gartenzubeh\u00f6r brauchen, dann schauen Sie sich unseren\u00a0<a href=\"https:\/\/softub.ch\/produkt\/biohort-storemax-maximalen-stauraum-auf-wenig-platz\/\">biohort STOREMAX<\/a>\u00a0oder auch den<a href=\"https:\/\/softub.ch\/produkt\/biohort-highboard-das-formvollendete-multitalent-zum-aufbewahren\/\"> biohort HIGHBOARD<\/a> an. Ob als Stauraum f\u00fcr Kissen oder Gartenutensilien oder auch als ideale Erg\u00e4nzung zu Ihrer Outdoor-K\u00fcche \u2013 alles ist witterungsgesch\u00fctzt und ordentlich verstaut.<\/p>\n<p>Wir beraten Sie gerne, telefonisch, in einem unserer Showrooms oder bei Ihnen Zuhause.<\/p>\n","protected":false},"excerpt":{"rendered":"<h1><span style=\"color: #429bba;\">Abstellplatz Gartenhaus von Weka<\/span><\/h1>\n<p>Mehr Spass. Mehr Zuhause. Mehr Entspannung.<\/p>\n<p>Das Abstellplatz Gartenhaus von Weka ist die clevere Rauml\u00f6sung f\u00fcr Sie. W\u00e4hlen Sie zwischen mehr Raum zum Abstellen von Gartenger\u00e4ten, Fahrr\u00e4dern und anderen Utensilien die f\u00fcr Haus und Garten ben\u00f6tigt werden. Das 28 mm starke Anbauhaus kann vorhandenen Raum sinnvoll erweitern.<\/p>\n<p>Gr. 1: 205 x 241 cm (Breite x L\u00e4nge)<br \/>\nGr. 2 235 x 300 cm (Breite x L\u00e4nge)<\/p>\n","protected":false},"featured_media":30387,"template":"","meta":{"_acf_changed":false},"product_brand":[],"product_cat":[852],"product_tag":[837,810,834,803,789,833,820,2607,2623,821,5460,835,795,2609,764,816,826,827,802,859,5459,567,1179,3040,823,431,2610,5458,4077,822],"woo-feed-brand":[],"class_list":{"0":"post-14968","1":"product","2":"type-product","3":"status-publish","4":"has-post-thumbnail","6":"product_cat-gartenhaeuser","7":"product_tag-abstellplatz","8":"product_tag-abstellraum","9":"product_tag-blockbohlen","10":"product_tag-draussen","11":"product_tag-garten","12":"product_tag-gartendesign","13":"product_tag-gartenhaus","14":"product_tag-gartenhaus-aus-holz","15":"product_tag-gartenhaus-von-weka","16":"product_tag-gartenhaeuser","17":"product_tag-gartenhaeuser-schweiz","18":"product_tag-gartenoase","19":"product_tag-holz","20":"product_tag-holz-gartenhaus","21":"product_tag-massivholz","22":"product_tag-massivholzdach","23":"product_tag-natur","24":"product_tag-naturbelassen","25":"product_tag-outdoor","26":"product_tag-praktisch","27":"product_tag-schweiz-gartenhaeuser","28":"product_tag-softub","29":"product_tag-softub-schweiz","30":"product_tag-softub-schweiz-ag","31":"product_tag-spass","32":"product_tag-weka","33":"product_tag-weka-gartenhaus","34":"product_tag-weka-gartenhaeuser-schweiz","35":"product_tag-weka-schweiz","36":"product_tag-zuhause","38":"first","39":"instock","40":"sale","41":"taxable","42":"shipping-taxable","43":"purchasable","44":"product-type-variable"},"acf":[],"yoast_head":"<!-- This site is optimized with the Yoast SEO Premium plugin v27.5 (Yoast SEO v27.5) - https:\/\/yoast.com\/product\/yoast-seo-premium-wordpress\/ -->\n<title>Abstellplatz Gartenhaus von Weka - Modell 260 klein und praktisch<\/title>\n<meta name=\"description\" content=\"Das Abstellplatz Gartenhaus von Weka in naturbelassenen Holz ist die optimale Rauml\u00f6sung f\u00fcr Ihren Garten. In zwei Gr\u00f6ssen erh\u00e4ltlich!\" \/>\n<meta name=\"robots\" content=\"index, follow, max-snippet:-1, max-image-preview:large, max-video-preview:-1\" \/>\n<link rel=\"canonical\" href=\"https:\/\/www.softub.ch\/produkt\/abstellplatz-gartenhaus-von-weka-260\/\" \/>\n<meta property=\"og:locale\" content=\"fr_FR\" \/>\n<meta property=\"og:type\" content=\"article\" \/>\n<meta property=\"og:title\" content=\"Weka Gartenhaus 260 - Eine clevere Rauml\u00f6sung\" \/>\n<meta property=\"og:description\" content=\"Das Abstellplatz Gartenhaus von Weka in naturbelassenen Holz ist die optimale Rauml\u00f6sung f\u00fcr Ihren Garten. In zwei Gr\u00f6ssen erh\u00e4ltlich!\" \/>\n<meta property=\"og:url\" content=\"https:\/\/www.softub.ch\/produkt\/abstellplatz-gartenhaus-von-weka-260\/\" \/>\n<meta property=\"og:site_name\" content=\"Softub Schweiz\" \/>\n<meta property=\"article:publisher\" content=\"https:\/\/www.facebook.com\/softubschweiz\" \/>\n<meta property=\"article:modified_time\" content=\"2025-01-17T12:53:05+00:00\" \/>\n<meta property=\"og:image\" content=\"https:\/\/www.softub.ch\/wp-content\/uploads\/Weka-Gartenhaus-260-Softub-Schweiz-0.jpg\" \/>\n\t<meta property=\"og:image:width\" content=\"1542\" \/>\n\t<meta property=\"og:image:height\" content=\"1080\" \/>\n\t<meta property=\"og:image:type\" content=\"image\/jpeg\" \/>\n<meta name=\"twitter:card\" content=\"summary_large_image\" \/>\n<meta name=\"twitter:label1\" content=\"Dur\u00e9e de lecture estim\u00e9e\" \/>\n\t<meta name=\"twitter:data1\" content=\"2 minutes\" \/>\n<script type=\"application\/ld+json\" class=\"yoast-schema-graph\">{\"@context\":\"https:\\\/\\\/schema.org\",\"@graph\":[{\"@type\":\"WebPage\",\"@id\":\"https:\\\/\\\/www.softub.ch\\\/produkt\\\/abstellplatz-gartenhaus-von-weka-260\\\/\",\"url\":\"https:\\\/\\\/www.softub.ch\\\/produkt\\\/abstellplatz-gartenhaus-von-weka-260\\\/\",\"name\":\"Abstellplatz Gartenhaus von Weka - Modell 260 klein und praktisch\",\"isPartOf\":{\"@id\":\"https:\\\/\\\/www.softub.ch\\\/fr\\\/#website\"},\"primaryImageOfPage\":{\"@id\":\"https:\\\/\\\/www.softub.ch\\\/produkt\\\/abstellplatz-gartenhaus-von-weka-260\\\/#primaryimage\"},\"image\":{\"@id\":\"https:\\\/\\\/www.softub.ch\\\/produkt\\\/abstellplatz-gartenhaus-von-weka-260\\\/#primaryimage\"},\"thumbnailUrl\":\"https:\\\/\\\/www.softub.ch\\\/wp-content\\\/uploads\\\/Weka-Gartenhaus-260-Softub-Schweiz-0.jpg\",\"datePublished\":\"2020-06-18T09:48:48+00:00\",\"dateModified\":\"2025-01-17T12:53:05+00:00\",\"description\":\"Das Abstellplatz Gartenhaus von Weka in naturbelassenen Holz ist die optimale Rauml\u00f6sung f\u00fcr Ihren Garten. In zwei Gr\u00f6ssen erh\u00e4ltlich!\",\"breadcrumb\":{\"@id\":\"https:\\\/\\\/www.softub.ch\\\/produkt\\\/abstellplatz-gartenhaus-von-weka-260\\\/#breadcrumb\"},\"inLanguage\":\"fr-FR\",\"potentialAction\":[{\"@type\":\"ReadAction\",\"target\":[\"https:\\\/\\\/www.softub.ch\\\/produkt\\\/abstellplatz-gartenhaus-von-weka-260\\\/\"]}]},{\"@type\":\"ImageObject\",\"inLanguage\":\"fr-FR\",\"@id\":\"https:\\\/\\\/www.softub.ch\\\/produkt\\\/abstellplatz-gartenhaus-von-weka-260\\\/#primaryimage\",\"url\":\"https:\\\/\\\/www.softub.ch\\\/wp-content\\\/uploads\\\/Weka-Gartenhaus-260-Softub-Schweiz-0.jpg\",\"contentUrl\":\"https:\\\/\\\/www.softub.ch\\\/wp-content\\\/uploads\\\/Weka-Gartenhaus-260-Softub-Schweiz-0.jpg\",\"width\":1542,\"height\":1080,\"caption\":\"Ein kleines Gartenhaus mit Flach \\\/- Schr\u00e4gdach. Zur Einzelt\u00fcr des Gartenhauses f\u00fchrt ein kleiner Steinweg.\"},{\"@type\":\"BreadcrumbList\",\"@id\":\"https:\\\/\\\/www.softub.ch\\\/produkt\\\/abstellplatz-gartenhaus-von-weka-260\\\/#breadcrumb\",\"itemListElement\":[{\"@type\":\"ListItem\",\"position\":1,\"name\":\"Startseite\",\"item\":\"https:\\\/\\\/www.softub.ch\\\/fr\\\/\"},{\"@type\":\"ListItem\",\"position\":2,\"name\":\"Shop\",\"item\":\"https:\\\/\\\/www.softub.ch\\\/fr\\\/softub-suisse-shop\\\/\"},{\"@type\":\"ListItem\",\"position\":3,\"name\":\"Weka Gartenhaus 260 &#8211; Eine clevere Rauml\u00f6sung\"}]},{\"@type\":\"WebSite\",\"@id\":\"https:\\\/\\\/www.softub.ch\\\/fr\\\/#website\",\"url\":\"https:\\\/\\\/www.softub.ch\\\/fr\\\/\",\"name\":\"Softub Schweiz\",\"description\":\"Softub - Wir machen Ferien Zuhause\",\"publisher\":{\"@id\":\"https:\\\/\\\/www.softub.ch\\\/fr\\\/#organization\"},\"potentialAction\":[{\"@type\":\"SearchAction\",\"target\":{\"@type\":\"EntryPoint\",\"urlTemplate\":\"https:\\\/\\\/www.softub.ch\\\/fr\\\/?s={search_term_string}\"},\"query-input\":{\"@type\":\"PropertyValueSpecification\",\"valueRequired\":true,\"valueName\":\"search_term_string\"}}],\"inLanguage\":\"fr-FR\"},{\"@type\":\"Organization\",\"@id\":\"https:\\\/\\\/www.softub.ch\\\/fr\\\/#organization\",\"name\":\"Softub Schweiz AG\",\"url\":\"https:\\\/\\\/www.softub.ch\\\/fr\\\/\",\"logo\":{\"@type\":\"ImageObject\",\"inLanguage\":\"fr-FR\",\"@id\":\"https:\\\/\\\/www.softub.ch\\\/fr\\\/#\\\/schema\\\/logo\\\/image\\\/\",\"url\":\"https:\\\/\\\/www.softub.ch\\\/wp-content\\\/uploads\\\/Softub-Logo-Softub-Schweiz-.png\",\"contentUrl\":\"https:\\\/\\\/www.softub.ch\\\/wp-content\\\/uploads\\\/Softub-Logo-Softub-Schweiz-.png\",\"width\":200,\"height\":73,\"caption\":\"Softub Schweiz AG\"},\"image\":{\"@id\":\"https:\\\/\\\/www.softub.ch\\\/fr\\\/#\\\/schema\\\/logo\\\/image\\\/\"},\"sameAs\":[\"https:\\\/\\\/www.facebook.com\\\/softubschweiz\",\"https:\\\/\\\/www.instagram.com\\\/softub_schweiz\\\/\",\"https:\\\/\\\/ch.pinterest.com\\\/softub_schweiz\\\/\",\"https:\\\/\\\/www.linkedin.com\\\/company\\\/softub-schweiz-ag\\\/\"]}]}<\/script>\n<!-- \/ Yoast SEO Premium plugin. -->","yoast_head_json":{"title":"Abstellplatz Gartenhaus von Weka - Modell 260 klein und praktisch","description":"Das Abstellplatz Gartenhaus von Weka in naturbelassenen Holz ist die optimale Rauml\u00f6sung f\u00fcr Ihren Garten. In zwei Gr\u00f6ssen erh\u00e4ltlich!","robots":{"index":"index","follow":"follow","max-snippet":"max-snippet:-1","max-image-preview":"max-image-preview:large","max-video-preview":"max-video-preview:-1"},"canonical":"https:\/\/www.softub.ch\/produkt\/abstellplatz-gartenhaus-von-weka-260\/","og_locale":"fr_FR","og_type":"article","og_title":"Weka Gartenhaus 260 - Eine clevere Rauml\u00f6sung","og_description":"Das Abstellplatz Gartenhaus von Weka in naturbelassenen Holz ist die optimale Rauml\u00f6sung f\u00fcr Ihren Garten. In zwei Gr\u00f6ssen erh\u00e4ltlich!","og_url":"https:\/\/www.softub.ch\/produkt\/abstellplatz-gartenhaus-von-weka-260\/","og_site_name":"Softub Schweiz","article_publisher":"https:\/\/www.facebook.com\/softubschweiz","article_modified_time":"2025-01-17T12:53:05+00:00","og_image":[{"width":1542,"height":1080,"url":"https:\/\/www.softub.ch\/wp-content\/uploads\/Weka-Gartenhaus-260-Softub-Schweiz-0.jpg","type":"image\/jpeg"}],"twitter_card":"summary_large_image","twitter_misc":{"Dur\u00e9e de lecture estim\u00e9e":"2 minutes"},"schema":{"@context":"https:\/\/schema.org","@graph":[{"@type":"WebPage","@id":"https:\/\/www.softub.ch\/produkt\/abstellplatz-gartenhaus-von-weka-260\/","url":"https:\/\/www.softub.ch\/produkt\/abstellplatz-gartenhaus-von-weka-260\/","name":"Abstellplatz Gartenhaus von Weka - Modell 260 klein und praktisch","isPartOf":{"@id":"https:\/\/www.softub.ch\/fr\/#website"},"primaryImageOfPage":{"@id":"https:\/\/www.softub.ch\/produkt\/abstellplatz-gartenhaus-von-weka-260\/#primaryimage"},"image":{"@id":"https:\/\/www.softub.ch\/produkt\/abstellplatz-gartenhaus-von-weka-260\/#primaryimage"},"thumbnailUrl":"https:\/\/www.softub.ch\/wp-content\/uploads\/Weka-Gartenhaus-260-Softub-Schweiz-0.jpg","datePublished":"2020-06-18T09:48:48+00:00","dateModified":"2025-01-17T12:53:05+00:00","description":"Das Abstellplatz Gartenhaus von Weka in naturbelassenen Holz ist die optimale Rauml\u00f6sung f\u00fcr Ihren Garten. In zwei Gr\u00f6ssen erh\u00e4ltlich!","breadcrumb":{"@id":"https:\/\/www.softub.ch\/produkt\/abstellplatz-gartenhaus-von-weka-260\/#breadcrumb"},"inLanguage":"fr-FR","potentialAction":[{"@type":"ReadAction","target":["https:\/\/www.softub.ch\/produkt\/abstellplatz-gartenhaus-von-weka-260\/"]}]},{"@type":"ImageObject","inLanguage":"fr-FR","@id":"https:\/\/www.softub.ch\/produkt\/abstellplatz-gartenhaus-von-weka-260\/#primaryimage","url":"https:\/\/www.softub.ch\/wp-content\/uploads\/Weka-Gartenhaus-260-Softub-Schweiz-0.jpg","contentUrl":"https:\/\/www.softub.ch\/wp-content\/uploads\/Weka-Gartenhaus-260-Softub-Schweiz-0.jpg","width":1542,"height":1080,"caption":"Ein kleines Gartenhaus mit Flach \/- Schr\u00e4gdach. Zur Einzelt\u00fcr des Gartenhauses f\u00fchrt ein kleiner Steinweg."},{"@type":"BreadcrumbList","@id":"https:\/\/www.softub.ch\/produkt\/abstellplatz-gartenhaus-von-weka-260\/#breadcrumb","itemListElement":[{"@type":"ListItem","position":1,"name":"Startseite","item":"https:\/\/www.softub.ch\/fr\/"},{"@type":"ListItem","position":2,"name":"Shop","item":"https:\/\/www.softub.ch\/fr\/softub-suisse-shop\/"},{"@type":"ListItem","position":3,"name":"Weka Gartenhaus 260 &#8211; Eine clevere Rauml\u00f6sung"}]},{"@type":"WebSite","@id":"https:\/\/www.softub.ch\/fr\/#website","url":"https:\/\/www.softub.ch\/fr\/","name":"Softub Schweiz","description":"Softub - Wir machen Ferien Zuhause","publisher":{"@id":"https:\/\/www.softub.ch\/fr\/#organization"},"potentialAction":[{"@type":"SearchAction","target":{"@type":"EntryPoint","urlTemplate":"https:\/\/www.softub.ch\/fr\/?s={search_term_string}"},"query-input":{"@type":"PropertyValueSpecification","valueRequired":true,"valueName":"search_term_string"}}],"inLanguage":"fr-FR"},{"@type":"Organization","@id":"https:\/\/www.softub.ch\/fr\/#organization","name":"Softub Schweiz AG","url":"https:\/\/www.softub.ch\/fr\/","logo":{"@type":"ImageObject","inLanguage":"fr-FR","@id":"https:\/\/www.softub.ch\/fr\/#\/schema\/logo\/image\/","url":"https:\/\/www.softub.ch\/wp-content\/uploads\/Softub-Logo-Softub-Schweiz-.png","contentUrl":"https:\/\/www.softub.ch\/wp-content\/uploads\/Softub-Logo-Softub-Schweiz-.png","width":200,"height":73,"caption":"Softub Schweiz AG"},"image":{"@id":"https:\/\/www.softub.ch\/fr\/#\/schema\/logo\/image\/"},"sameAs":["https:\/\/www.facebook.com\/softubschweiz","https:\/\/www.instagram.com\/softub_schweiz\/","https:\/\/ch.pinterest.com\/softub_schweiz\/","https:\/\/www.linkedin.com\/company\/softub-schweiz-ag\/"]}]}},"_links":{"self":[{"href":"https:\/\/www.softub.ch\/fr\/wp-json\/wp\/v2\/product\/14968","targetHints":{"allow":["GET"]}}],"collection":[{"href":"https:\/\/www.softub.ch\/fr\/wp-json\/wp\/v2\/product"}],"about":[{"href":"https:\/\/www.softub.ch\/fr\/wp-json\/wp\/v2\/types\/product"}],"wp:featuredmedia":[{"embeddable":true,"href":"https:\/\/www.softub.ch\/fr\/wp-json\/wp\/v2\/media\/30387"}],"wp:attachment":[{"href":"https:\/\/www.softub.ch\/fr\/wp-json\/wp\/v2\/media?parent=14968"}],"wp:term":[{"taxonomy":"product_brand","embeddable":true,"href":"https:\/\/www.softub.ch\/fr\/wp-json\/wp\/v2\/product_brand?post=14968"},{"taxonomy":"product_cat","embeddable":true,"href":"https:\/\/www.softub.ch\/fr\/wp-json\/wp\/v2\/product_cat?post=14968"},{"taxonomy":"product_tag","embeddable":true,"href":"https:\/\/www.softub.ch\/fr\/wp-json\/wp\/v2\/product_tag?post=14968"},{"taxonomy":"woo-feed-brand","embeddable":true,"href":"https:\/\/www.softub.ch\/fr\/wp-json\/wp\/v2\/woo-feed-brand?post=14968"}],"curies":[{"name":"wp","href":"https:\/\/api.w.org\/{rel}","templated":true}]}}