{"id":15552,"date":"2020-06-12T13:13:59","date_gmt":"2020-06-12T13:13:59","guid":{"rendered":"http:\/\/www.softub.ch\/?post_type=product&#038;p=15552"},"modified":"2025-01-17T12:36:38","modified_gmt":"2025-01-17T11:36:38","slug":"einzigartiges-gartenhaus-von-weka-321","status":"publish","type":"product","link":"https:\/\/www.softub.ch\/fr\/produit\/einzigartiges-gartenhaus-von-weka-321\/","title":{"rendered":"Weka Gartenhaus 321 &#8211; Panoramat\u00fcr mit Milchglas Optik"},"content":{"rendered":"<div class=\"fusion-fullwidth fullwidth-box fusion-builder-row-1 fusion-flex-container nonhundred-percent-fullwidth non-hundred-percent-height-scrolling\" style=\"--awb-border-radius-top-left:0px;--awb-border-radius-top-right:0px;--awb-border-radius-bottom-right:0px;--awb-border-radius-bottom-left:0px;--awb-flex-wrap:wrap;\" ><div class=\"fusion-builder-row fusion-row fusion-flex-align-items-flex-start fusion-flex-content-wrap\" style=\"max-width:1248px;margin-left: calc(-4% \/ 2 );margin-right: calc(-4% \/ 2 );\"><div class=\"fusion-layout-column fusion_builder_column fusion-builder-column-0 fusion_builder_column_1_1 1_1 fusion-flex-column\" style=\"--awb-bg-size:cover;--awb-width-large:100%;--awb-margin-top-large:0px;--awb-spacing-right-large:1.92%;--awb-margin-bottom-large:0px;--awb-spacing-left-large:1.92%;--awb-width-medium:100%;--awb-spacing-right-medium:1.92%;--awb-spacing-left-medium:1.92%;--awb-width-small:100%;--awb-spacing-right-small:1.92%;--awb-spacing-left-small:1.92%;\"><div class=\"fusion-column-wrapper fusion-flex-justify-content-flex-start fusion-content-layout-column\"><div class=\"fusion-text fusion-text-1\"><h2><span style=\"color: #429bba;\">Einzigartiges Gartenhaus von Weka<\/span><\/h2>\n<h3>Vorteile:<\/h3>\n<ul>\n<li>Massivholzdach &amp; -boden<\/li>\n<li>Panoramat\u00fcr mit Milchglas<\/li>\n<li>Verschiedene Anbauvarianten<\/li>\n<\/ul>\n<h3>Technische Daten:<\/h3>\n<p><strong>Das Massivholz-Gartenhaus mit Flachdach und verschiedenen Anbauvariationen\u00a0und Gr\u00f6ssen.<\/strong><\/p>\n<ul>\n<li>Ohne Anbau<\/li>\n<li>127\u00a0cm Anbau<\/li>\n<li>242\u00a0cm Anbau<\/li>\n<li>Gesamth\u00f6he 206 cm<\/li>\n<li>R\u00fcckwand 197 cm<\/li>\n<li>Wand 19 mm Blockbohlen<\/li>\n<li>Boden und Dach mit 16 mm Massivholz<\/li>\n<li>modernes Schraubsystem<\/li>\n<li>Inkl. Bitumen-Dachbelag zur Ersteindeckung<\/li>\n<li>Ausf\u00fchrung: naturbelassen<\/li>\n<li>Massivholz-Panorama-Doppelt\u00fcre mit Milchglaselementen<\/li>\n<li>Anbau wahlweise rechts oder links<\/li>\n<\/ul>\n<h3>Variationen &amp;\u00a0Bemassung (Tiefe x Breite cm):<\/h3>\n<ul>\n<li><strong>Ohne Anbau (Modell 321)<\/strong>\n<ul>\n<li>Gr. 1: 194 x 198 cm<\/li>\n<li>Gr. 2: 194 x 254 cm<\/li>\n<li>Gr. 3: 250 x 254 cm<\/li>\n<li>Gr. 4: 194 x 299 cm<\/li>\n<li>Gr. 5: 250 x 299 cm<\/li>\n<\/ul>\n<\/li>\n<li><strong>MIT 127 cm Anbau (Modell 321 A)<\/strong>\n<ul>\n<li>Gr. 1: 194 x 198 cm<\/li>\n<li>Gr. 2: 194 x 254 cm<\/li>\n<li>Gr. 3: 250 x 254 cm<\/li>\n<li>Gr. 4: 194 x 299 cm<\/li>\n<li>Gr. 5: 250 x 299 cm<\/li>\n<\/ul>\n<\/li>\n<li><strong>MIT 242 cm Anbau (Modell 321 B)<\/strong>\n<ul>\n<li>Gr. 1: 194 x 198 cm<\/li>\n<li>Gr. 2: 194 x 254 cm<\/li>\n<li>Gr. 3: 250 x 254 cm<\/li>\n<li>Gr. 4: 194 x 299 cm<\/li>\n<li>Gr. 5: 250 x 299 cm<\/li>\n<\/ul>\n<\/li>\n<\/ul>\n<h3>Zubeh\u00f6r Tipps:<\/h3>\n<ul>\n<li><strong>Einfach verlegt &#8211; optimal gesch\u00fctzt:<\/strong> Sch\u00fctzen Sie das Dach ihres neuen Gartenhaus vor Feuchtigkeit und UV-Strahlung mit den hochwertigen, selbstklebenden Dachbahnen auf Aluminiumbasis<\/li>\n<li><strong>Dachrinnensets:\u00a0<\/strong>Zum sammeln vin Regenwasser. Aus stabilem und langlebigen, verzinkten Metall.<\/li>\n<\/ul>\n<h3>Montage:<\/h3>\n<p>F\u00fcr die Installation Ihres neuen Gartenhauses m\u00fcssen Sie sich keine Gedanken machen! Wir stellen Ihnen gerne unser Hauseigen, fachm\u00e4nnisches Installationsteam f\u00fcr die Montage zur Verf\u00fcgung. Einzigartiges Gartenhaus von Weka!<\/p>\n<h3 data-fontsize=\"18\" data-lineheight=\"27\">Zubeh\u00f6r f\u00fcr Ihre pers\u00f6nliche Gartenoase:<\/h3>\n<p>Wir haben ein reichhaltiges Zubeh\u00f6rsortiment f\u00fcr Sie zusammengestellt, so dass Sie sich die passenden Produkte in Ruhe in unserem Onlineshop ausw\u00e4hlen k\u00f6nnen.<\/p>\n<p>Wenn Sie sich dar\u00fcber hinaus Ihre ganz pers\u00f6nliche Gartenoase schaffen wollen, so schauen Sie sich doch einfach unsere Softub <a href=\"https:\/\/softub.ch\/simply-relaxing\/softub-whirlpools\/\">Whirlpools<\/a> an \u2013 eventuell auch in Kombination mit einem <a href=\"https:\/\/meinschattenspender.ch\/\">Unosider-<\/a><a href=\"https:\/\/meinschattenspender.ch\/\">Pavillon<\/a>. Unsere Softubs sind bestens f\u00fcr den Sommer oder auch f\u00fcr den Winter geeignet.<\/p>\n<p>Wenn Sie zus\u00e4tzlichen Stauraum f\u00fcr Ihr pers\u00f6nliches Gartenzubeh\u00f6r brauchen, dann schauen Sie sich unseren\u00a0<a href=\"https:\/\/softub.ch\/produkt\/biohort-storemax-maximalen-stauraum-auf-wenig-platz\/\">biohort STOREMAX<\/a>\u00a0oder auch den<a href=\"https:\/\/softub.ch\/produkt\/biohort-highboard-das-formvollendete-multitalent-zum-aufbewahren\/\"> biohort HIGHBOARD<\/a> an. Ob als Stauraum f\u00fcr Kissen oder Gartenutensilien oder auch als ideale Erg\u00e4nzung zu Ihrer Outdoor-K\u00fcche \u2013 alles ist witterungsgesch\u00fctzt und ordentlich verstaut.<\/p>\n<p>Wir beraten Sie gerne, telefonisch, in einem unserer Showrooms oder bei Ihnen Zuhause.<\/p>\n<\/div><\/div><\/div><\/div><\/div>\n","protected":false},"excerpt":{"rendered":"<h1><span style=\"color: #429bba;\">Einzigartiges Gartenhaus von Weka<\/span><\/h1>\n<p>Mehr Spass. Mehr Zuhause. Mehr Entspannung.<\/p>\n<p>Einzigartiges Gartenhaus von Weka mit oder ohne Anbau. Hier findet man sicherlich eine passende Gr\u00f6sse f\u00fcr Ihr Wunschhaus. Panoramat\u00fcr mit Milchglas-Optik f\u00fcr den etwas anderen Look. In f\u00fcnf verschiedenen Gr\u00f6ssen erh\u00e4ltlich. Der Anbau bietet den idealen Schattenplatz und die optimale \u00dcberdachung f\u00fcr Ihre pers\u00f6nliche Gartenlounge.<\/p>\n<ul>\n<li>Ohne Anbau<\/li>\n<li>Mit 127 cm Anbau<\/li>\n<li>Mit 242 cm Anbau<\/li>\n<\/ul>\n","protected":false},"featured_media":29330,"template":"","meta":{"_acf_changed":false},"product_brand":[],"product_cat":[852],"product_tag":[834,803,857,789,865,833,820,2623,821,5460,835,795,2609,870,764,816,786,826,827,802,859,776,5459,567,1179,3040,823,869,431,2610,5458,4077,822],"woo-feed-brand":[],"class_list":{"0":"post-15552","1":"product","2":"type-product","3":"status-publish","4":"has-post-thumbnail","6":"product_cat-gartenhaeuser","7":"product_tag-blockbohlen","8":"product_tag-draussen","9":"product_tag-flachdach","10":"product_tag-garten","11":"product_tag-garten-zubehoer","12":"product_tag-gartendesign","13":"product_tag-gartenhaus","14":"product_tag-gartenhaus-von-weka","15":"product_tag-gartenhaeuser","16":"product_tag-gartenhaeuser-schweiz","17":"product_tag-gartenoase","18":"product_tag-holz","19":"product_tag-holz-gartenhaus","20":"product_tag-lounge","21":"product_tag-massivholz","22":"product_tag-massivholzdach","23":"product_tag-modern","24":"product_tag-natur","25":"product_tag-naturbelassen","26":"product_tag-outdoor","27":"product_tag-praktisch","28":"product_tag-qualitaet","29":"product_tag-schweiz-gartenhaeuser","30":"product_tag-softub","31":"product_tag-softub-schweiz","32":"product_tag-softub-schweiz-ag","33":"product_tag-spass","34":"product_tag-ueberdachung","35":"product_tag-weka","36":"product_tag-weka-gartenhaus","37":"product_tag-weka-gartenhaeuser-schweiz","38":"product_tag-weka-schweiz","39":"product_tag-zuhause","41":"first","42":"instock","43":"sale","44":"taxable","45":"shipping-taxable","46":"purchasable","47":"product-type-variable"},"acf":[],"yoast_head":"<!-- This site is optimized with the Yoast SEO Premium plugin v27.5 (Yoast SEO v27.5) - https:\/\/yoast.com\/product\/yoast-seo-premium-wordpress\/ -->\n<title>Einzigartiges Gartenhaus von Weka - Modell 321 mit Anbau<\/title>\n<meta name=\"description\" content=\"Einzigartiges Gartenhaus von Weka mit oder ohne Anbau. Hier findet man sicherlich eine passende Gr\u00f6sse f\u00fcr Ihr Wunschhaus. Panoramat\u00fcr mit Milchglas Optik.\" \/>\n<meta name=\"robots\" content=\"index, follow, max-snippet:-1, max-image-preview:large, max-video-preview:-1\" \/>\n<link rel=\"canonical\" href=\"https:\/\/www.softub.ch\/fr\/produkt\/einzigartiges-gartenhaus-von-weka-321\/\" \/>\n<meta property=\"og:locale\" content=\"fr_FR\" \/>\n<meta property=\"og:type\" content=\"article\" \/>\n<meta property=\"og:title\" content=\"Weka Gartenhaus 321 - Panoramat\u00fcr mit Milchglas Optik\" \/>\n<meta property=\"og:description\" content=\"Einzigartiges Gartenhaus von Weka mit oder ohne Anbau. Hier findet man sicherlich eine passende Gr\u00f6sse f\u00fcr Ihr Wunschhaus. Panoramat\u00fcr mit Milchglas Optik.\" \/>\n<meta property=\"og:url\" content=\"https:\/\/www.softub.ch\/fr\/produkt\/einzigartiges-gartenhaus-von-weka-321\/\" \/>\n<meta property=\"og:site_name\" content=\"Softub Schweiz\" \/>\n<meta property=\"article:publisher\" content=\"https:\/\/www.facebook.com\/softubschweiz\" \/>\n<meta property=\"article:modified_time\" content=\"2025-01-17T11:36:38+00:00\" \/>\n<meta property=\"og:image\" content=\"https:\/\/www.softub.ch\/wp-content\/uploads\/Weka-Gartenhaus-321-Gr.-1-Softub-Schweiz-0.jpg\" \/>\n\t<meta property=\"og:image:width\" content=\"1440\" \/>\n\t<meta property=\"og:image:height\" content=\"1080\" \/>\n\t<meta property=\"og:image:type\" content=\"image\/jpeg\" \/>\n<meta name=\"twitter:card\" content=\"summary_large_image\" \/>\n<meta name=\"twitter:label1\" content=\"Dur\u00e9e de lecture estim\u00e9e\" \/>\n\t<meta name=\"twitter:data1\" content=\"3 minutes\" \/>\n<script type=\"application\/ld+json\" class=\"yoast-schema-graph\">{\"@context\":\"https:\\\/\\\/schema.org\",\"@graph\":[{\"@type\":\"WebPage\",\"@id\":\"https:\\\/\\\/www.softub.ch\\\/fr\\\/produkt\\\/einzigartiges-gartenhaus-von-weka-321\\\/\",\"url\":\"https:\\\/\\\/www.softub.ch\\\/fr\\\/produkt\\\/einzigartiges-gartenhaus-von-weka-321\\\/\",\"name\":\"Einzigartiges Gartenhaus von Weka - Modell 321 mit Anbau\",\"isPartOf\":{\"@id\":\"https:\\\/\\\/www.softub.ch\\\/fr\\\/#website\"},\"primaryImageOfPage\":{\"@id\":\"https:\\\/\\\/www.softub.ch\\\/fr\\\/produkt\\\/einzigartiges-gartenhaus-von-weka-321\\\/#primaryimage\"},\"image\":{\"@id\":\"https:\\\/\\\/www.softub.ch\\\/fr\\\/produkt\\\/einzigartiges-gartenhaus-von-weka-321\\\/#primaryimage\"},\"thumbnailUrl\":\"https:\\\/\\\/www.softub.ch\\\/wp-content\\\/uploads\\\/Weka-Gartenhaus-321-Gr.-1-Softub-Schweiz-0.jpg\",\"datePublished\":\"2020-06-12T13:13:59+00:00\",\"dateModified\":\"2025-01-17T11:36:38+00:00\",\"description\":\"Einzigartiges Gartenhaus von Weka mit oder ohne Anbau. Hier findet man sicherlich eine passende Gr\u00f6sse f\u00fcr Ihr Wunschhaus. Panoramat\u00fcr mit Milchglas Optik.\",\"breadcrumb\":{\"@id\":\"https:\\\/\\\/www.softub.ch\\\/fr\\\/produkt\\\/einzigartiges-gartenhaus-von-weka-321\\\/#breadcrumb\"},\"inLanguage\":\"fr-FR\",\"potentialAction\":[{\"@type\":\"ReadAction\",\"target\":[\"https:\\\/\\\/www.softub.ch\\\/fr\\\/produkt\\\/einzigartiges-gartenhaus-von-weka-321\\\/\"]}]},{\"@type\":\"ImageObject\",\"inLanguage\":\"fr-FR\",\"@id\":\"https:\\\/\\\/www.softub.ch\\\/fr\\\/produkt\\\/einzigartiges-gartenhaus-von-weka-321\\\/#primaryimage\",\"url\":\"https:\\\/\\\/www.softub.ch\\\/wp-content\\\/uploads\\\/Weka-Gartenhaus-321-Gr.-1-Softub-Schweiz-0.jpg\",\"contentUrl\":\"https:\\\/\\\/www.softub.ch\\\/wp-content\\\/uploads\\\/Weka-Gartenhaus-321-Gr.-1-Softub-Schweiz-0.jpg\",\"width\":1440,\"height\":1080,\"caption\":\"Vor einem grossen Haus steht ein Gartenhaus mit Flachdach und Doppelt\u00fcr. Neben dem Gartenhaus steht ein Fahrrad.\"},{\"@type\":\"BreadcrumbList\",\"@id\":\"https:\\\/\\\/www.softub.ch\\\/fr\\\/produkt\\\/einzigartiges-gartenhaus-von-weka-321\\\/#breadcrumb\",\"itemListElement\":[{\"@type\":\"ListItem\",\"position\":1,\"name\":\"Startseite\",\"item\":\"https:\\\/\\\/www.softub.ch\\\/fr\\\/\"},{\"@type\":\"ListItem\",\"position\":2,\"name\":\"Shop\",\"item\":\"https:\\\/\\\/www.softub.ch\\\/fr\\\/softub-suisse-shop\\\/\"},{\"@type\":\"ListItem\",\"position\":3,\"name\":\"Weka Gartenhaus 321 &#8211; Panoramat\u00fcr mit Milchglas Optik\"}]},{\"@type\":\"WebSite\",\"@id\":\"https:\\\/\\\/www.softub.ch\\\/fr\\\/#website\",\"url\":\"https:\\\/\\\/www.softub.ch\\\/fr\\\/\",\"name\":\"Softub Schweiz\",\"description\":\"Softub - Wir machen Ferien Zuhause\",\"publisher\":{\"@id\":\"https:\\\/\\\/www.softub.ch\\\/fr\\\/#organization\"},\"potentialAction\":[{\"@type\":\"SearchAction\",\"target\":{\"@type\":\"EntryPoint\",\"urlTemplate\":\"https:\\\/\\\/www.softub.ch\\\/fr\\\/?s={search_term_string}\"},\"query-input\":{\"@type\":\"PropertyValueSpecification\",\"valueRequired\":true,\"valueName\":\"search_term_string\"}}],\"inLanguage\":\"fr-FR\"},{\"@type\":\"Organization\",\"@id\":\"https:\\\/\\\/www.softub.ch\\\/fr\\\/#organization\",\"name\":\"Softub Schweiz AG\",\"url\":\"https:\\\/\\\/www.softub.ch\\\/fr\\\/\",\"logo\":{\"@type\":\"ImageObject\",\"inLanguage\":\"fr-FR\",\"@id\":\"https:\\\/\\\/www.softub.ch\\\/fr\\\/#\\\/schema\\\/logo\\\/image\\\/\",\"url\":\"https:\\\/\\\/www.softub.ch\\\/wp-content\\\/uploads\\\/Softub-Logo-Softub-Schweiz-.png\",\"contentUrl\":\"https:\\\/\\\/www.softub.ch\\\/wp-content\\\/uploads\\\/Softub-Logo-Softub-Schweiz-.png\",\"width\":200,\"height\":73,\"caption\":\"Softub Schweiz AG\"},\"image\":{\"@id\":\"https:\\\/\\\/www.softub.ch\\\/fr\\\/#\\\/schema\\\/logo\\\/image\\\/\"},\"sameAs\":[\"https:\\\/\\\/www.facebook.com\\\/softubschweiz\",\"https:\\\/\\\/www.instagram.com\\\/softub_schweiz\\\/\",\"https:\\\/\\\/ch.pinterest.com\\\/softub_schweiz\\\/\",\"https:\\\/\\\/www.linkedin.com\\\/company\\\/softub-schweiz-ag\\\/\"]}]}<\/script>\n<!-- \/ Yoast SEO Premium plugin. -->","yoast_head_json":{"title":"Einzigartiges Gartenhaus von Weka - Modell 321 mit Anbau","description":"Einzigartiges Gartenhaus von Weka mit oder ohne Anbau. Hier findet man sicherlich eine passende Gr\u00f6sse f\u00fcr Ihr Wunschhaus. Panoramat\u00fcr mit Milchglas Optik.","robots":{"index":"index","follow":"follow","max-snippet":"max-snippet:-1","max-image-preview":"max-image-preview:large","max-video-preview":"max-video-preview:-1"},"canonical":"https:\/\/www.softub.ch\/fr\/produkt\/einzigartiges-gartenhaus-von-weka-321\/","og_locale":"fr_FR","og_type":"article","og_title":"Weka Gartenhaus 321 - Panoramat\u00fcr mit Milchglas Optik","og_description":"Einzigartiges Gartenhaus von Weka mit oder ohne Anbau. Hier findet man sicherlich eine passende Gr\u00f6sse f\u00fcr Ihr Wunschhaus. Panoramat\u00fcr mit Milchglas Optik.","og_url":"https:\/\/www.softub.ch\/fr\/produkt\/einzigartiges-gartenhaus-von-weka-321\/","og_site_name":"Softub Schweiz","article_publisher":"https:\/\/www.facebook.com\/softubschweiz","article_modified_time":"2025-01-17T11:36:38+00:00","og_image":[{"width":1440,"height":1080,"url":"https:\/\/www.softub.ch\/wp-content\/uploads\/Weka-Gartenhaus-321-Gr.-1-Softub-Schweiz-0.jpg","type":"image\/jpeg"}],"twitter_card":"summary_large_image","twitter_misc":{"Dur\u00e9e de lecture estim\u00e9e":"3 minutes"},"schema":{"@context":"https:\/\/schema.org","@graph":[{"@type":"WebPage","@id":"https:\/\/www.softub.ch\/fr\/produkt\/einzigartiges-gartenhaus-von-weka-321\/","url":"https:\/\/www.softub.ch\/fr\/produkt\/einzigartiges-gartenhaus-von-weka-321\/","name":"Einzigartiges Gartenhaus von Weka - Modell 321 mit Anbau","isPartOf":{"@id":"https:\/\/www.softub.ch\/fr\/#website"},"primaryImageOfPage":{"@id":"https:\/\/www.softub.ch\/fr\/produkt\/einzigartiges-gartenhaus-von-weka-321\/#primaryimage"},"image":{"@id":"https:\/\/www.softub.ch\/fr\/produkt\/einzigartiges-gartenhaus-von-weka-321\/#primaryimage"},"thumbnailUrl":"https:\/\/www.softub.ch\/wp-content\/uploads\/Weka-Gartenhaus-321-Gr.-1-Softub-Schweiz-0.jpg","datePublished":"2020-06-12T13:13:59+00:00","dateModified":"2025-01-17T11:36:38+00:00","description":"Einzigartiges Gartenhaus von Weka mit oder ohne Anbau. Hier findet man sicherlich eine passende Gr\u00f6sse f\u00fcr Ihr Wunschhaus. Panoramat\u00fcr mit Milchglas Optik.","breadcrumb":{"@id":"https:\/\/www.softub.ch\/fr\/produkt\/einzigartiges-gartenhaus-von-weka-321\/#breadcrumb"},"inLanguage":"fr-FR","potentialAction":[{"@type":"ReadAction","target":["https:\/\/www.softub.ch\/fr\/produkt\/einzigartiges-gartenhaus-von-weka-321\/"]}]},{"@type":"ImageObject","inLanguage":"fr-FR","@id":"https:\/\/www.softub.ch\/fr\/produkt\/einzigartiges-gartenhaus-von-weka-321\/#primaryimage","url":"https:\/\/www.softub.ch\/wp-content\/uploads\/Weka-Gartenhaus-321-Gr.-1-Softub-Schweiz-0.jpg","contentUrl":"https:\/\/www.softub.ch\/wp-content\/uploads\/Weka-Gartenhaus-321-Gr.-1-Softub-Schweiz-0.jpg","width":1440,"height":1080,"caption":"Vor einem grossen Haus steht ein Gartenhaus mit Flachdach und Doppelt\u00fcr. Neben dem Gartenhaus steht ein Fahrrad."},{"@type":"BreadcrumbList","@id":"https:\/\/www.softub.ch\/fr\/produkt\/einzigartiges-gartenhaus-von-weka-321\/#breadcrumb","itemListElement":[{"@type":"ListItem","position":1,"name":"Startseite","item":"https:\/\/www.softub.ch\/fr\/"},{"@type":"ListItem","position":2,"name":"Shop","item":"https:\/\/www.softub.ch\/fr\/softub-suisse-shop\/"},{"@type":"ListItem","position":3,"name":"Weka Gartenhaus 321 &#8211; Panoramat\u00fcr mit Milchglas Optik"}]},{"@type":"WebSite","@id":"https:\/\/www.softub.ch\/fr\/#website","url":"https:\/\/www.softub.ch\/fr\/","name":"Softub Schweiz","description":"Softub - Wir machen Ferien Zuhause","publisher":{"@id":"https:\/\/www.softub.ch\/fr\/#organization"},"potentialAction":[{"@type":"SearchAction","target":{"@type":"EntryPoint","urlTemplate":"https:\/\/www.softub.ch\/fr\/?s={search_term_string}"},"query-input":{"@type":"PropertyValueSpecification","valueRequired":true,"valueName":"search_term_string"}}],"inLanguage":"fr-FR"},{"@type":"Organization","@id":"https:\/\/www.softub.ch\/fr\/#organization","name":"Softub Schweiz AG","url":"https:\/\/www.softub.ch\/fr\/","logo":{"@type":"ImageObject","inLanguage":"fr-FR","@id":"https:\/\/www.softub.ch\/fr\/#\/schema\/logo\/image\/","url":"https:\/\/www.softub.ch\/wp-content\/uploads\/Softub-Logo-Softub-Schweiz-.png","contentUrl":"https:\/\/www.softub.ch\/wp-content\/uploads\/Softub-Logo-Softub-Schweiz-.png","width":200,"height":73,"caption":"Softub Schweiz AG"},"image":{"@id":"https:\/\/www.softub.ch\/fr\/#\/schema\/logo\/image\/"},"sameAs":["https:\/\/www.facebook.com\/softubschweiz","https:\/\/www.instagram.com\/softub_schweiz\/","https:\/\/ch.pinterest.com\/softub_schweiz\/","https:\/\/www.linkedin.com\/company\/softub-schweiz-ag\/"]}]}},"_links":{"self":[{"href":"https:\/\/www.softub.ch\/fr\/wp-json\/wp\/v2\/product\/15552","targetHints":{"allow":["GET"]}}],"collection":[{"href":"https:\/\/www.softub.ch\/fr\/wp-json\/wp\/v2\/product"}],"about":[{"href":"https:\/\/www.softub.ch\/fr\/wp-json\/wp\/v2\/types\/product"}],"wp:featuredmedia":[{"embeddable":true,"href":"https:\/\/www.softub.ch\/fr\/wp-json\/wp\/v2\/media\/29330"}],"wp:attachment":[{"href":"https:\/\/www.softub.ch\/fr\/wp-json\/wp\/v2\/media?parent=15552"}],"wp:term":[{"taxonomy":"product_brand","embeddable":true,"href":"https:\/\/www.softub.ch\/fr\/wp-json\/wp\/v2\/product_brand?post=15552"},{"taxonomy":"product_cat","embeddable":true,"href":"https:\/\/www.softub.ch\/fr\/wp-json\/wp\/v2\/product_cat?post=15552"},{"taxonomy":"product_tag","embeddable":true,"href":"https:\/\/www.softub.ch\/fr\/wp-json\/wp\/v2\/product_tag?post=15552"},{"taxonomy":"woo-feed-brand","embeddable":true,"href":"https:\/\/www.softub.ch\/fr\/wp-json\/wp\/v2\/woo-feed-brand?post=15552"}],"curies":[{"name":"wp","href":"https:\/\/api.w.org\/{rel}","templated":true}]}}