{"id":15668,"date":"2020-06-19T08:04:49","date_gmt":"2020-06-19T08:04:49","guid":{"rendered":"http:\/\/www.softub.ch\/?post_type=product&#038;p=15668"},"modified":"2025-01-17T12:36:47","modified_gmt":"2025-01-17T11:36:47","slug":"himmlische-gartenhaus-von-weka-226","status":"publish","type":"product","link":"https:\/\/www.softub.ch\/fr\/produit\/himmlische-gartenhaus-von-weka-226\/","title":{"rendered":"Weka Gartenhaus 226 &#8211; das Haus mit dem gewissen Extra"},"content":{"rendered":"<div class=\"fusion-fullwidth fullwidth-box fusion-builder-row-1 fusion-flex-container nonhundred-percent-fullwidth non-hundred-percent-height-scrolling\" style=\"--awb-border-radius-top-left:0px;--awb-border-radius-top-right:0px;--awb-border-radius-bottom-right:0px;--awb-border-radius-bottom-left:0px;--awb-flex-wrap:wrap;\" ><div class=\"fusion-builder-row fusion-row fusion-flex-align-items-flex-start fusion-flex-content-wrap\" style=\"max-width:1248px;margin-left: calc(-4% \/ 2 );margin-right: calc(-4% \/ 2 );\"><div class=\"fusion-layout-column fusion_builder_column fusion-builder-column-0 fusion_builder_column_1_1 1_1 fusion-flex-column\" style=\"--awb-bg-size:cover;--awb-width-large:100%;--awb-margin-top-large:0px;--awb-spacing-right-large:1.92%;--awb-margin-bottom-large:0px;--awb-spacing-left-large:1.92%;--awb-width-medium:100%;--awb-spacing-right-medium:1.92%;--awb-spacing-left-medium:1.92%;--awb-width-small:100%;--awb-spacing-right-small:1.92%;--awb-spacing-left-small:1.92%;\"><div class=\"fusion-column-wrapper fusion-flex-justify-content-flex-start fusion-content-layout-column\"><div class=\"fusion-text fusion-text-1\"><h1><span style=\"color: #429bba;\">Himmlische Gartenhaus von Weka<\/span><\/h1>\n<h3>Vorteile:<\/h3>\n<ul>\n<li class=\"list-bullet-point-item\">21 mm Wandst\u00e4rke<\/li>\n<li class=\"list-bullet-point-item\">16 mm starkes versetztes Massivholz-Pultdach mit Oberlichtern<\/li>\n<li class=\"list-bullet-point-item\">16 mm Massivholzboden<\/li>\n<li class=\"list-bullet-point-item\">Hochwertige Rahmen-Doppelt\u00fcr inklusive Griffgarnitur<\/li>\n<li class=\"list-bullet-point-item\">Spiegelverkehrter Dachaufbau m\u00f6glich<\/li>\n<\/ul>\n<h3>Technische Daten:<\/h3>\n<ul>\n<li>Firsth\u00f6he 252 cm, Seitenwand 197 cm<\/li>\n<li>21\u00a0mm Blockbohlenbau<\/li>\n<li>16 mm starker Massivholz-Fussboden \u2013 Oberseite glatt gehobelt<\/li>\n<li>16 mm versetztes Massivholzdach<\/li>\n<li>Bauweise: modernes Schraubsystem<\/li>\n<li>Massivholz-Doppelt\u00fcre B\u00a0166 x H 173 cm (lichtes Mass)<\/li>\n<li>Farbvarianten: naturbelassen oder farbig gestrichen (schwedenrot, grau oder anthrazit)<\/li>\n<\/ul>\n<h3><strong>Mehr Vorteile: <\/strong><\/h3>\n<ul>\n<li>Hochwertige Rahment\u00fcr<\/li>\n<li>Massivholzdach- &amp; Boden<\/li>\n<li>Auch in Wetterschutzfarbe erh\u00e4ltlich<\/li>\n<\/ul>\n<h3>Bemassung (Tiefe x Breite cm):<\/h3>\n<ul>\n<li>Gr\u00f6sse 1: 209 x 205 cm<\/li>\n<li>Gr\u00f6sse 2: 239 x 235 cm<\/li>\n<li>Gr\u00f6sse 3: 209 x 295 cm<\/li>\n<\/ul>\n<h3>Ihr Vorteil und weitere Zubeh\u00f6r Tipps:<\/h3>\n<ul>\n<li>Einige Modelle sind werksseitig bereits mit einer Wetterschutzfarbe zweifach vorbehandelt<\/li>\n<li><b>Die ideale Erg\u00e4nzung:\u00a0<\/b>Schaffen Sie sich noch mehr Platz f\u00fcr Brennholz u.v.m mit einem praktischen Schleppdach<\/li>\n<\/ul>\n<h3>Montage:<\/h3>\n<p>F\u00fcr die Installation Ihres neuen Gartenhauses m\u00fcssen Sie sich keine Gedanken machen! Wir stellen Ihnen gerne unser Hauseigen, fachm\u00e4nnisches Installationsteam f\u00fcr die Montage zur Verf\u00fcgung. Das himmlische Gartenhaus von Weka!<\/p>\n<h3 data-fontsize=\"18\" data-lineheight=\"27\">Zubeh\u00f6r f\u00fcr Ihre pers\u00f6nliche Gartenoase:<\/h3>\n<p>Wir haben ein reichhaltiges Zubeh\u00f6rsortiment f\u00fcr Sie zusammengestellt, so dass Sie sich die passenden Produkte in Ruhe in unserem Onlineshop ausw\u00e4hlen k\u00f6nnen.<\/p>\n<p>Wenn Sie sich dar\u00fcber hinaus Ihre ganz pers\u00f6nliche Gartenoase schaffen wollen, so schauen Sie sich doch einfach unsere Softub <a href=\"https:\/\/softub.ch\/simply-relaxing\/softub-whirlpools\/\">Whirlpools<\/a> an \u2013 eventuell auch in Kombination mit einem <a href=\"https:\/\/meinschattenspender.ch\/\">Unosider-<\/a><a href=\"https:\/\/meinschattenspender.ch\/\">Pavillon<\/a>. Unsere Softubs sind bestens f\u00fcr den Sommer oder auch f\u00fcr den Winter geeignet.<\/p>\n<p>Wenn Sie zus\u00e4tzlichen Stauraum f\u00fcr Ihr pers\u00f6nliches Gartenzubeh\u00f6r brauchen, dann schauen Sie sich unseren\u00a0<a href=\"https:\/\/softub.ch\/produkt\/biohort-storemax-maximalen-stauraum-auf-wenig-platz\/\">biohort STOREMAX<\/a>\u00a0oder auch den<a href=\"https:\/\/softub.ch\/produkt\/biohort-highboard-das-formvollendete-multitalent-zum-aufbewahren\/\"> biohort HIGHBOARD<\/a> an. Ob als Stauraum f\u00fcr Kissen oder Gartenutensilien oder auch als ideale Erg\u00e4nzung zu Ihrer Outdoor-K\u00fcche \u2013 alles ist witterungsgesch\u00fctzt und ordentlich verstaut.<\/p>\n<p>Wir beraten Sie gerne, telefonisch, in einem unserer Showrooms oder bei Ihnen Zuhause.<\/p>\n<\/div><\/div><\/div><\/div><\/div>\n","protected":false},"excerpt":{"rendered":"<h2><span style=\"color: #429bba;\">Das Himmlische Gartenhaus von Weka<\/span><\/h2>\n<p>Mehr Spass. Mehr Zuhause. Mehr Entspannung.<\/p>\n<div class=\"product-detail-description lead text-secondary mb-5\">\n<p>Das himmlische Gartenhaus von Weka. Ein Haus mit dem gewissen Extra.<\/p>\n<div class=\"product-detail-description lead text-secondary mb-5\">Mit dem versetzten Pultdach und den integrierten Oberlichtern hat es einen tollen Lichteinfall. Zudem kann das Dach spiegelverkehrt aufgebaut werden \u2013 ganz nach Ihren W\u00fcnschen. In 3 Gr\u00f6ssen und 4 Farben erh\u00e4ltlich.<\/div>\n<\/div>\n","protected":false},"featured_media":29156,"template":"","meta":{"_acf_changed":false},"product_brand":[],"product_cat":[852],"product_tag":[828,834,803,789,865,833,820,821,5460,835,795,764,816,826,827,802,859,776,5459,567,1179,823,431,5458,4077,822],"woo-feed-brand":[],"class_list":{"0":"post-15668","1":"product","2":"type-product","3":"status-publish","4":"has-post-thumbnail","6":"product_cat-gartenhaeuser","7":"product_tag-anthrazit","8":"product_tag-blockbohlen","9":"product_tag-draussen","10":"product_tag-garten","11":"product_tag-garten-zubehoer","12":"product_tag-gartendesign","13":"product_tag-gartenhaus","14":"product_tag-gartenhaeuser","15":"product_tag-gartenhaeuser-schweiz","16":"product_tag-gartenoase","17":"product_tag-holz","18":"product_tag-massivholz","19":"product_tag-massivholzdach","20":"product_tag-natur","21":"product_tag-naturbelassen","22":"product_tag-outdoor","23":"product_tag-praktisch","24":"product_tag-qualitaet","25":"product_tag-schweiz-gartenhaeuser","26":"product_tag-softub","27":"product_tag-softub-schweiz","28":"product_tag-spass","29":"product_tag-weka","30":"product_tag-weka-gartenhaeuser-schweiz","31":"product_tag-weka-schweiz","32":"product_tag-zuhause","34":"first","35":"instock","36":"sale","37":"taxable","38":"shipping-taxable","39":"purchasable","40":"product-type-variable"},"acf":[],"yoast_head":"<!-- This site is optimized with the Yoast SEO Premium plugin v27.5 (Yoast SEO v27.5) - https:\/\/yoast.com\/product\/yoast-seo-premium-wordpress\/ -->\n<title>Himmlische Gartenhaus von Weka - Modell 226 mit versetzter Dachform<\/title>\n<meta name=\"description\" content=\"Himmlische Gartenhaus von Weka! Ein Haus mit dem gewissen extra. Mit dem versetzten Pultdach und den integrierten Oberlichtern wird es mit Licht durchflutet.\" \/>\n<meta name=\"robots\" content=\"index, follow, max-snippet:-1, max-image-preview:large, max-video-preview:-1\" \/>\n<link rel=\"canonical\" href=\"https:\/\/www.softub.ch\/produkt\/himmlische-gartenhaus-von-weka-226\/\" \/>\n<meta property=\"og:locale\" content=\"fr_FR\" \/>\n<meta property=\"og:type\" content=\"article\" \/>\n<meta property=\"og:title\" content=\"Weka Gartenhaus 226 - das Haus mit dem gewissen Extra\" \/>\n<meta property=\"og:description\" content=\"Himmlische Gartenhaus von Weka! Ein Haus mit dem gewissen extra. Mit dem versetzten Pultdach und den integrierten Oberlichtern wird es mit Licht durchflutet.\" \/>\n<meta property=\"og:url\" content=\"https:\/\/www.softub.ch\/produkt\/himmlische-gartenhaus-von-weka-226\/\" \/>\n<meta property=\"og:site_name\" content=\"Softub Schweiz\" \/>\n<meta property=\"article:publisher\" content=\"https:\/\/www.facebook.com\/softubschweiz\" \/>\n<meta property=\"article:modified_time\" content=\"2025-01-17T11:36:47+00:00\" \/>\n<meta property=\"og:image\" content=\"https:\/\/www.softub.ch\/wp-content\/uploads\/Weka-Gartenhaus-226-Gr.-1-naturbelassen-Softub-Schweiz-0.jpg\" \/>\n\t<meta property=\"og:image:width\" content=\"1594\" \/>\n\t<meta property=\"og:image:height\" content=\"1080\" \/>\n\t<meta property=\"og:image:type\" content=\"image\/jpeg\" \/>\n<meta name=\"twitter:card\" content=\"summary_large_image\" \/>\n<meta name=\"twitter:label1\" content=\"Dur\u00e9e de lecture estim\u00e9e\" \/>\n\t<meta name=\"twitter:data1\" content=\"3 minutes\" \/>\n<script type=\"application\/ld+json\" class=\"yoast-schema-graph\">{\"@context\":\"https:\\\/\\\/schema.org\",\"@graph\":[{\"@type\":\"WebPage\",\"@id\":\"https:\\\/\\\/www.softub.ch\\\/produkt\\\/himmlische-gartenhaus-von-weka-226\\\/\",\"url\":\"https:\\\/\\\/www.softub.ch\\\/produkt\\\/himmlische-gartenhaus-von-weka-226\\\/\",\"name\":\"Himmlische Gartenhaus von Weka - Modell 226 mit versetzter Dachform\",\"isPartOf\":{\"@id\":\"https:\\\/\\\/www.softub.ch\\\/fr\\\/#website\"},\"primaryImageOfPage\":{\"@id\":\"https:\\\/\\\/www.softub.ch\\\/produkt\\\/himmlische-gartenhaus-von-weka-226\\\/#primaryimage\"},\"image\":{\"@id\":\"https:\\\/\\\/www.softub.ch\\\/produkt\\\/himmlische-gartenhaus-von-weka-226\\\/#primaryimage\"},\"thumbnailUrl\":\"https:\\\/\\\/www.softub.ch\\\/wp-content\\\/uploads\\\/Weka-Gartenhaus-226-Gr.-1-naturbelassen-Softub-Schweiz-0.jpg\",\"datePublished\":\"2020-06-19T08:04:49+00:00\",\"dateModified\":\"2025-01-17T11:36:47+00:00\",\"description\":\"Himmlische Gartenhaus von Weka! Ein Haus mit dem gewissen extra. Mit dem versetzten Pultdach und den integrierten Oberlichtern wird es mit Licht durchflutet.\",\"breadcrumb\":{\"@id\":\"https:\\\/\\\/www.softub.ch\\\/produkt\\\/himmlische-gartenhaus-von-weka-226\\\/#breadcrumb\"},\"inLanguage\":\"fr-FR\",\"potentialAction\":[{\"@type\":\"ReadAction\",\"target\":[\"https:\\\/\\\/www.softub.ch\\\/produkt\\\/himmlische-gartenhaus-von-weka-226\\\/\"]}]},{\"@type\":\"ImageObject\",\"inLanguage\":\"fr-FR\",\"@id\":\"https:\\\/\\\/www.softub.ch\\\/produkt\\\/himmlische-gartenhaus-von-weka-226\\\/#primaryimage\",\"url\":\"https:\\\/\\\/www.softub.ch\\\/wp-content\\\/uploads\\\/Weka-Gartenhaus-226-Gr.-1-naturbelassen-Softub-Schweiz-0.jpg\",\"contentUrl\":\"https:\\\/\\\/www.softub.ch\\\/wp-content\\\/uploads\\\/Weka-Gartenhaus-226-Gr.-1-naturbelassen-Softub-Schweiz-0.jpg\",\"width\":1594,\"height\":1080,\"caption\":\"Weka Gartenhaus mit versetztdem Dach und Oberlichter. Die Doppelt\u00fcr steht offen und darin steht eine Frau mit Garten Utensilien in der Hand.\"},{\"@type\":\"BreadcrumbList\",\"@id\":\"https:\\\/\\\/www.softub.ch\\\/produkt\\\/himmlische-gartenhaus-von-weka-226\\\/#breadcrumb\",\"itemListElement\":[{\"@type\":\"ListItem\",\"position\":1,\"name\":\"Startseite\",\"item\":\"https:\\\/\\\/www.softub.ch\\\/fr\\\/\"},{\"@type\":\"ListItem\",\"position\":2,\"name\":\"Shop\",\"item\":\"https:\\\/\\\/www.softub.ch\\\/fr\\\/softub-suisse-shop\\\/\"},{\"@type\":\"ListItem\",\"position\":3,\"name\":\"Weka Gartenhaus 226 &#8211; das Haus mit dem gewissen Extra\"}]},{\"@type\":\"WebSite\",\"@id\":\"https:\\\/\\\/www.softub.ch\\\/fr\\\/#website\",\"url\":\"https:\\\/\\\/www.softub.ch\\\/fr\\\/\",\"name\":\"Softub Schweiz\",\"description\":\"Softub - Wir machen Ferien Zuhause\",\"publisher\":{\"@id\":\"https:\\\/\\\/www.softub.ch\\\/fr\\\/#organization\"},\"potentialAction\":[{\"@type\":\"SearchAction\",\"target\":{\"@type\":\"EntryPoint\",\"urlTemplate\":\"https:\\\/\\\/www.softub.ch\\\/fr\\\/?s={search_term_string}\"},\"query-input\":{\"@type\":\"PropertyValueSpecification\",\"valueRequired\":true,\"valueName\":\"search_term_string\"}}],\"inLanguage\":\"fr-FR\"},{\"@type\":\"Organization\",\"@id\":\"https:\\\/\\\/www.softub.ch\\\/fr\\\/#organization\",\"name\":\"Softub Schweiz AG\",\"url\":\"https:\\\/\\\/www.softub.ch\\\/fr\\\/\",\"logo\":{\"@type\":\"ImageObject\",\"inLanguage\":\"fr-FR\",\"@id\":\"https:\\\/\\\/www.softub.ch\\\/fr\\\/#\\\/schema\\\/logo\\\/image\\\/\",\"url\":\"https:\\\/\\\/www.softub.ch\\\/wp-content\\\/uploads\\\/Softub-Logo-Softub-Schweiz-.png\",\"contentUrl\":\"https:\\\/\\\/www.softub.ch\\\/wp-content\\\/uploads\\\/Softub-Logo-Softub-Schweiz-.png\",\"width\":200,\"height\":73,\"caption\":\"Softub Schweiz AG\"},\"image\":{\"@id\":\"https:\\\/\\\/www.softub.ch\\\/fr\\\/#\\\/schema\\\/logo\\\/image\\\/\"},\"sameAs\":[\"https:\\\/\\\/www.facebook.com\\\/softubschweiz\",\"https:\\\/\\\/www.instagram.com\\\/softub_schweiz\\\/\",\"https:\\\/\\\/ch.pinterest.com\\\/softub_schweiz\\\/\",\"https:\\\/\\\/www.linkedin.com\\\/company\\\/softub-schweiz-ag\\\/\"]}]}<\/script>\n<!-- \/ Yoast SEO Premium plugin. -->","yoast_head_json":{"title":"Himmlische Gartenhaus von Weka - Modell 226 mit versetzter Dachform","description":"Himmlische Gartenhaus von Weka! Ein Haus mit dem gewissen extra. Mit dem versetzten Pultdach und den integrierten Oberlichtern wird es mit Licht durchflutet.","robots":{"index":"index","follow":"follow","max-snippet":"max-snippet:-1","max-image-preview":"max-image-preview:large","max-video-preview":"max-video-preview:-1"},"canonical":"https:\/\/www.softub.ch\/produkt\/himmlische-gartenhaus-von-weka-226\/","og_locale":"fr_FR","og_type":"article","og_title":"Weka Gartenhaus 226 - das Haus mit dem gewissen Extra","og_description":"Himmlische Gartenhaus von Weka! Ein Haus mit dem gewissen extra. Mit dem versetzten Pultdach und den integrierten Oberlichtern wird es mit Licht durchflutet.","og_url":"https:\/\/www.softub.ch\/produkt\/himmlische-gartenhaus-von-weka-226\/","og_site_name":"Softub Schweiz","article_publisher":"https:\/\/www.facebook.com\/softubschweiz","article_modified_time":"2025-01-17T11:36:47+00:00","og_image":[{"width":1594,"height":1080,"url":"https:\/\/www.softub.ch\/wp-content\/uploads\/Weka-Gartenhaus-226-Gr.-1-naturbelassen-Softub-Schweiz-0.jpg","type":"image\/jpeg"}],"twitter_card":"summary_large_image","twitter_misc":{"Dur\u00e9e de lecture estim\u00e9e":"3 minutes"},"schema":{"@context":"https:\/\/schema.org","@graph":[{"@type":"WebPage","@id":"https:\/\/www.softub.ch\/produkt\/himmlische-gartenhaus-von-weka-226\/","url":"https:\/\/www.softub.ch\/produkt\/himmlische-gartenhaus-von-weka-226\/","name":"Himmlische Gartenhaus von Weka - Modell 226 mit versetzter Dachform","isPartOf":{"@id":"https:\/\/www.softub.ch\/fr\/#website"},"primaryImageOfPage":{"@id":"https:\/\/www.softub.ch\/produkt\/himmlische-gartenhaus-von-weka-226\/#primaryimage"},"image":{"@id":"https:\/\/www.softub.ch\/produkt\/himmlische-gartenhaus-von-weka-226\/#primaryimage"},"thumbnailUrl":"https:\/\/www.softub.ch\/wp-content\/uploads\/Weka-Gartenhaus-226-Gr.-1-naturbelassen-Softub-Schweiz-0.jpg","datePublished":"2020-06-19T08:04:49+00:00","dateModified":"2025-01-17T11:36:47+00:00","description":"Himmlische Gartenhaus von Weka! Ein Haus mit dem gewissen extra. Mit dem versetzten Pultdach und den integrierten Oberlichtern wird es mit Licht durchflutet.","breadcrumb":{"@id":"https:\/\/www.softub.ch\/produkt\/himmlische-gartenhaus-von-weka-226\/#breadcrumb"},"inLanguage":"fr-FR","potentialAction":[{"@type":"ReadAction","target":["https:\/\/www.softub.ch\/produkt\/himmlische-gartenhaus-von-weka-226\/"]}]},{"@type":"ImageObject","inLanguage":"fr-FR","@id":"https:\/\/www.softub.ch\/produkt\/himmlische-gartenhaus-von-weka-226\/#primaryimage","url":"https:\/\/www.softub.ch\/wp-content\/uploads\/Weka-Gartenhaus-226-Gr.-1-naturbelassen-Softub-Schweiz-0.jpg","contentUrl":"https:\/\/www.softub.ch\/wp-content\/uploads\/Weka-Gartenhaus-226-Gr.-1-naturbelassen-Softub-Schweiz-0.jpg","width":1594,"height":1080,"caption":"Weka Gartenhaus mit versetztdem Dach und Oberlichter. Die Doppelt\u00fcr steht offen und darin steht eine Frau mit Garten Utensilien in der Hand."},{"@type":"BreadcrumbList","@id":"https:\/\/www.softub.ch\/produkt\/himmlische-gartenhaus-von-weka-226\/#breadcrumb","itemListElement":[{"@type":"ListItem","position":1,"name":"Startseite","item":"https:\/\/www.softub.ch\/fr\/"},{"@type":"ListItem","position":2,"name":"Shop","item":"https:\/\/www.softub.ch\/fr\/softub-suisse-shop\/"},{"@type":"ListItem","position":3,"name":"Weka Gartenhaus 226 &#8211; das Haus mit dem gewissen Extra"}]},{"@type":"WebSite","@id":"https:\/\/www.softub.ch\/fr\/#website","url":"https:\/\/www.softub.ch\/fr\/","name":"Softub Schweiz","description":"Softub - Wir machen Ferien Zuhause","publisher":{"@id":"https:\/\/www.softub.ch\/fr\/#organization"},"potentialAction":[{"@type":"SearchAction","target":{"@type":"EntryPoint","urlTemplate":"https:\/\/www.softub.ch\/fr\/?s={search_term_string}"},"query-input":{"@type":"PropertyValueSpecification","valueRequired":true,"valueName":"search_term_string"}}],"inLanguage":"fr-FR"},{"@type":"Organization","@id":"https:\/\/www.softub.ch\/fr\/#organization","name":"Softub Schweiz AG","url":"https:\/\/www.softub.ch\/fr\/","logo":{"@type":"ImageObject","inLanguage":"fr-FR","@id":"https:\/\/www.softub.ch\/fr\/#\/schema\/logo\/image\/","url":"https:\/\/www.softub.ch\/wp-content\/uploads\/Softub-Logo-Softub-Schweiz-.png","contentUrl":"https:\/\/www.softub.ch\/wp-content\/uploads\/Softub-Logo-Softub-Schweiz-.png","width":200,"height":73,"caption":"Softub Schweiz AG"},"image":{"@id":"https:\/\/www.softub.ch\/fr\/#\/schema\/logo\/image\/"},"sameAs":["https:\/\/www.facebook.com\/softubschweiz","https:\/\/www.instagram.com\/softub_schweiz\/","https:\/\/ch.pinterest.com\/softub_schweiz\/","https:\/\/www.linkedin.com\/company\/softub-schweiz-ag\/"]}]}},"_links":{"self":[{"href":"https:\/\/www.softub.ch\/fr\/wp-json\/wp\/v2\/product\/15668","targetHints":{"allow":["GET"]}}],"collection":[{"href":"https:\/\/www.softub.ch\/fr\/wp-json\/wp\/v2\/product"}],"about":[{"href":"https:\/\/www.softub.ch\/fr\/wp-json\/wp\/v2\/types\/product"}],"wp:featuredmedia":[{"embeddable":true,"href":"https:\/\/www.softub.ch\/fr\/wp-json\/wp\/v2\/media\/29156"}],"wp:attachment":[{"href":"https:\/\/www.softub.ch\/fr\/wp-json\/wp\/v2\/media?parent=15668"}],"wp:term":[{"taxonomy":"product_brand","embeddable":true,"href":"https:\/\/www.softub.ch\/fr\/wp-json\/wp\/v2\/product_brand?post=15668"},{"taxonomy":"product_cat","embeddable":true,"href":"https:\/\/www.softub.ch\/fr\/wp-json\/wp\/v2\/product_cat?post=15668"},{"taxonomy":"product_tag","embeddable":true,"href":"https:\/\/www.softub.ch\/fr\/wp-json\/wp\/v2\/product_tag?post=15668"},{"taxonomy":"woo-feed-brand","embeddable":true,"href":"https:\/\/www.softub.ch\/fr\/wp-json\/wp\/v2\/woo-feed-brand?post=15668"}],"curies":[{"name":"wp","href":"https:\/\/api.w.org\/{rel}","templated":true}]}}