{"id":15738,"date":"2020-07-04T09:26:54","date_gmt":"2020-07-04T09:26:54","guid":{"rendered":"http:\/\/www.softub.ch\/?post_type=product&#038;p=15738"},"modified":"2025-01-17T12:20:54","modified_gmt":"2025-01-17T11:20:54","slug":"weka-gartenhaus-modell-228","status":"publish","type":"product","link":"https:\/\/www.softub.ch\/fr\/produit\/weka-gartenhaus-modell-228\/","title":{"rendered":"Weka Schiebet\u00fcrhaus 228 &#8211; mit formsch\u00f6nen Bogendach"},"content":{"rendered":"<h1><span style=\"color: #429bba;\">Weka Gartenhaus mit Bogendach<\/span><\/h1>\n<h3>Vorteile:<\/h3>\n<ul class=\"list-bullet-point\">\n<li class=\"list-bullet-point-item\">21 mm Wandst\u00e4rke<\/li>\n<li class=\"list-bullet-point-item\">16 mm Massivholzboden<\/li>\n<li class=\"list-bullet-point-item\">16 mm Massivholz-Bogendach<\/li>\n<li class=\"list-bullet-point-item\">Massivholz-Schiebet\u00fcr mit Sicherheits\u00fcberwurf und Dreh\u00f6se<\/li>\n<li class=\"list-bullet-point-item\">Mit Wetterschutzfarben vorbehandeltes Fichtenholz<\/li>\n<\/ul>\n<p>&nbsp;<\/p>\n<h3>Technische Daten:<\/h3>\n<ul>\n<li>Gesamth\u00f6he: 248 cm, R\u00fcckwand 217 cm<\/li>\n<li>Wand und Bauweise: 21 mm Blockbohlen in modernem Schraubsystem<\/li>\n<li>Dach &amp; Boden: 16 mm Massivholz-Bogendach und Massivholz-Fussboden<\/li>\n<li>Dachbelag: inkl. Bitumen-Dachbelag zur Ersteindeckung<\/li>\n<li>T\u00fcr: Massiveholz Doppel-Schiebet\u00fcr\n<ul>\n<li>B 150 x H 180 cm<\/li>\n<\/ul>\n<\/li>\n<li>Farbvarianten: naturbelassen, schwedenrot, grau oder anthrazit<\/li>\n<\/ul>\n<p>&nbsp;<\/p>\n<h3>Serienausstattung:<\/h3>\n<p>Alle WEKA-Holzh\u00e4user zeichnen sich durch eine saubere Fertigung und Verarbeitung aus. Einige Details dieser Hochqualitative Gartenh\u00e4user zeigen sich durch:<\/p>\n<ul>\n<li>Massiver Holzboden<\/li>\n<li>Stabile, formsch\u00f6ne Eckverbindung<\/li>\n<li>Massive Holz oder Rahment\u00fcr<\/li>\n<\/ul>\n<p>&nbsp;<\/p>\n<h3>Bemassung (Breite x Tiefe x H\u00f6he cm):<\/h3>\n<p>In allen Farben erh\u00e4ltlich<\/p>\n<ul>\n<li>Sockelmass: 295 x 209 cm<\/li>\n<li>Aussenmass: 344 x 241 x 248 cm<\/li>\n<\/ul>\n<p>&nbsp;<\/p>\n<h3>Ihr Vorteil mit dem Weka Gartenhaus mit Bogendach:<\/h3>\n<ul>\n<li>Einige Modelle sind werksseitig bereits mit einer Wetterschutzfarbe zweifach vorbehandelt<\/li>\n<li>Modern, praktisch und funktional<\/li>\n<\/ul>\n<p>&nbsp;<\/p>\n<h3>Zubeh\u00f6rtipp:<\/h3>\n<ul>\n<li>Die ideale Erg\u00e4nzung: Jetzt gleich die passenden Kastenrinnensets bestellen<\/li>\n<\/ul>\n<p>&nbsp;<\/p>\n<h3>Montage:<\/h3>\n<p>F\u00fcr die Installation Ihres neuen Gartenhauses m\u00fcssen Sie sich keine Gedanken machen! Wir stellen Ihnen gerne unser Hauseigen, fachm\u00e4nnisches Installationsteam f\u00fcr die Montage zur Verf\u00fcgung. Das Weka Gartenhaus mit Bogendach!<\/p>\n<p>&nbsp;<\/p>\n<h3 data-fontsize=\"18\" data-lineheight=\"27\">Zubeh\u00f6r f\u00fcr Ihre pers\u00f6nliche Gartenoase:<\/h3>\n<p>Wir haben ein reichhaltiges Zubeh\u00f6rsortiment f\u00fcr Sie zusammengestellt, so dass Sie sich die passenden Produkte in Ruhe in unserem Onlineshop ausw\u00e4hlen k\u00f6nnen.<\/p>\n<p>Wenn Sie sich dar\u00fcber hinaus Ihre ganz pers\u00f6nliche Gartenoase schaffen wollen, so schauen Sie sich doch einfach unsere Softub <a href=\"https:\/\/softub.ch\/simply-relaxing\/softub-whirlpools\/\">Whirlpools<\/a> an \u2013 eventuell auch in Kombination mit einem <a href=\"https:\/\/meinschattenspender.ch\/\">Unosider-<\/a><a href=\"https:\/\/meinschattenspender.ch\/\">Pavillon<\/a>. Unsere Softubs sind bestens f\u00fcr den Sommer wie auch f\u00fcr den Winter geeignet.<\/p>\n<p>Wenn Sie zus\u00e4tzlichen Stauraum f\u00fcr Ihr pers\u00f6nliches Gartenzubeh\u00f6r brauchen, dann schauen Sie sich unseren\u00a0<a href=\"https:\/\/softub.ch\/produkt\/biohort-storemax-maximalen-stauraum-auf-wenig-platz\/\">biohort STOREMAX<\/a>\u00a0oder auch den<a href=\"https:\/\/softub.ch\/produkt\/biohort-highboard-das-formvollendete-multitalent-zum-aufbewahren\/\"> biohort HIGHBOARD<\/a> an. Ob als Stauraum f\u00fcr Kissen oder Gartenutensilien oder auch als ideale Erg\u00e4nzung zu Ihrer Outdoor-K\u00fcche \u2013 alles ist witterungsgesch\u00fctzt und ordentlich verstaut.<\/p>\n<p>Wir beraten Sie gerne, telefonisch, in einem unserer Showrooms oder bei Ihnen Zuhause.<\/p>\n","protected":false},"excerpt":{"rendered":"<h1><span style=\"color: #429bba;\">Weka Gartenhaus mit Bogendach<\/span><\/h1>\n<p>Mehr Spass. Mehr Zuhause. Mehr Entspannung.<\/p>\n<div class=\"product-detail-description lead text-secondary mb-5\">\n<div class=\"product-detail-description lead text-secondary mb-5\">Das Gartenhaus mit Bogendach \u00fcberzeugt mit moderner Form, doppelter Schiebet\u00fcr und praktischer Verwendung. Egal ob naturbelassen, schwedenrot, grau oder anthrazit. Es ist alles f\u00fcr Sie da!<\/div>\n<\/div>\n","protected":false},"featured_media":29239,"template":"","meta":{"_acf_changed":false},"product_brand":[],"product_cat":[852],"product_tag":[837,810,828,834,803,789,865,833,820,821,5460,835,795,764,816,786,826,827,802,859,776,5459,567,1179,823,431,5458,4077,822],"woo-feed-brand":[],"class_list":{"0":"post-15738","1":"product","2":"type-product","3":"status-publish","4":"has-post-thumbnail","6":"product_cat-gartenhaeuser","7":"product_tag-abstellplatz","8":"product_tag-abstellraum","9":"product_tag-anthrazit","10":"product_tag-blockbohlen","11":"product_tag-draussen","12":"product_tag-garten","13":"product_tag-garten-zubehoer","14":"product_tag-gartendesign","15":"product_tag-gartenhaus","16":"product_tag-gartenhaeuser","17":"product_tag-gartenhaeuser-schweiz","18":"product_tag-gartenoase","19":"product_tag-holz","20":"product_tag-massivholz","21":"product_tag-massivholzdach","22":"product_tag-modern","23":"product_tag-natur","24":"product_tag-naturbelassen","25":"product_tag-outdoor","26":"product_tag-praktisch","27":"product_tag-qualitaet","28":"product_tag-schweiz-gartenhaeuser","29":"product_tag-softub","30":"product_tag-softub-schweiz","31":"product_tag-spass","32":"product_tag-weka","33":"product_tag-weka-gartenhaeuser-schweiz","34":"product_tag-weka-schweiz","35":"product_tag-zuhause","37":"first","38":"instock","39":"sale","40":"taxable","41":"shipping-taxable","42":"purchasable","43":"product-type-variable"},"acf":[],"yoast_head":"<!-- This site is optimized with the Yoast SEO Premium plugin v27.4 (Yoast SEO v27.4) - https:\/\/yoast.com\/product\/yoast-seo-premium-wordpress\/ -->\n<title>Weka Gartenhaus mit Bogendach - Modell 228 formsch\u00f6n und praktisch<\/title>\n<meta name=\"description\" content=\"Das Weka Gartenhaus mit Bogendach \u00fcberzeugt mit moderner Form und praktischer Verwendung. In vier verschiedenen Farben erh\u00e4ltlich.\" \/>\n<meta name=\"robots\" content=\"index, follow, max-snippet:-1, max-image-preview:large, max-video-preview:-1\" \/>\n<link rel=\"canonical\" href=\"https:\/\/www.softub.ch\/produkt\/weka-gartenhaus-modell-228\/\" \/>\n<meta property=\"og:locale\" content=\"fr_FR\" \/>\n<meta property=\"og:type\" content=\"article\" \/>\n<meta property=\"og:title\" content=\"Weka Schiebet\u00fcrhaus 228 - mit formsch\u00f6nen Bogendach\" \/>\n<meta property=\"og:description\" content=\"Das Weka Gartenhaus mit Bogendach \u00fcberzeugt mit moderner Form und praktischer Verwendung. In vier verschiedenen Farben erh\u00e4ltlich.\" \/>\n<meta property=\"og:url\" content=\"https:\/\/www.softub.ch\/produkt\/weka-gartenhaus-modell-228\/\" \/>\n<meta property=\"og:site_name\" content=\"Softub Schweiz\" \/>\n<meta property=\"article:publisher\" content=\"https:\/\/www.facebook.com\/softubschweiz\" \/>\n<meta property=\"article:modified_time\" content=\"2025-01-17T11:20:54+00:00\" \/>\n<meta property=\"og:image\" content=\"https:\/\/www.softub.ch\/wp-content\/uploads\/Weka-Gartenhaus-228-naturbelassen-Softub-Schweiz-0.jpg\" \/>\n\t<meta property=\"og:image:width\" content=\"1665\" \/>\n\t<meta property=\"og:image:height\" content=\"1080\" \/>\n\t<meta property=\"og:image:type\" content=\"image\/jpeg\" \/>\n<meta name=\"twitter:card\" content=\"summary_large_image\" \/>\n<meta name=\"twitter:label1\" content=\"Dur\u00e9e de lecture estim\u00e9e\" \/>\n\t<meta name=\"twitter:data1\" content=\"2 minutes\" \/>\n<script type=\"application\/ld+json\" class=\"yoast-schema-graph\">{\"@context\":\"https:\\\/\\\/schema.org\",\"@graph\":[{\"@type\":\"WebPage\",\"@id\":\"https:\\\/\\\/www.softub.ch\\\/produkt\\\/weka-gartenhaus-modell-228\\\/\",\"url\":\"https:\\\/\\\/www.softub.ch\\\/produkt\\\/weka-gartenhaus-modell-228\\\/\",\"name\":\"Weka Gartenhaus mit Bogendach - Modell 228 formsch\u00f6n und praktisch\",\"isPartOf\":{\"@id\":\"https:\\\/\\\/www.softub.ch\\\/fr\\\/#website\"},\"primaryImageOfPage\":{\"@id\":\"https:\\\/\\\/www.softub.ch\\\/produkt\\\/weka-gartenhaus-modell-228\\\/#primaryimage\"},\"image\":{\"@id\":\"https:\\\/\\\/www.softub.ch\\\/produkt\\\/weka-gartenhaus-modell-228\\\/#primaryimage\"},\"thumbnailUrl\":\"https:\\\/\\\/www.softub.ch\\\/wp-content\\\/uploads\\\/Weka-Gartenhaus-228-naturbelassen-Softub-Schweiz-0.jpg\",\"datePublished\":\"2020-07-04T09:26:54+00:00\",\"dateModified\":\"2025-01-17T11:20:54+00:00\",\"description\":\"Das Weka Gartenhaus mit Bogendach \u00fcberzeugt mit moderner Form und praktischer Verwendung. In vier verschiedenen Farben erh\u00e4ltlich.\",\"breadcrumb\":{\"@id\":\"https:\\\/\\\/www.softub.ch\\\/produkt\\\/weka-gartenhaus-modell-228\\\/#breadcrumb\"},\"inLanguage\":\"fr-FR\",\"potentialAction\":[{\"@type\":\"ReadAction\",\"target\":[\"https:\\\/\\\/www.softub.ch\\\/produkt\\\/weka-gartenhaus-modell-228\\\/\"]}]},{\"@type\":\"ImageObject\",\"inLanguage\":\"fr-FR\",\"@id\":\"https:\\\/\\\/www.softub.ch\\\/produkt\\\/weka-gartenhaus-modell-228\\\/#primaryimage\",\"url\":\"https:\\\/\\\/www.softub.ch\\\/wp-content\\\/uploads\\\/Weka-Gartenhaus-228-naturbelassen-Softub-Schweiz-0.jpg\",\"contentUrl\":\"https:\\\/\\\/www.softub.ch\\\/wp-content\\\/uploads\\\/Weka-Gartenhaus-228-naturbelassen-Softub-Schweiz-0.jpg\",\"width\":1665,\"height\":1080,\"caption\":\"Gartenhaus mit rundem Dach in naturbelassener Farbe und offen stehender T\u00fcr. Das Gartenhaus steht auf einer grossen Stein Mauer in einem eleganten Garten.\"},{\"@type\":\"BreadcrumbList\",\"@id\":\"https:\\\/\\\/www.softub.ch\\\/produkt\\\/weka-gartenhaus-modell-228\\\/#breadcrumb\",\"itemListElement\":[{\"@type\":\"ListItem\",\"position\":1,\"name\":\"Startseite\",\"item\":\"https:\\\/\\\/www.softub.ch\\\/fr\\\/\"},{\"@type\":\"ListItem\",\"position\":2,\"name\":\"Shop\",\"item\":\"https:\\\/\\\/www.softub.ch\\\/fr\\\/softub-suisse-shop\\\/\"},{\"@type\":\"ListItem\",\"position\":3,\"name\":\"Weka Schiebet\u00fcrhaus 228 &#8211; mit formsch\u00f6nen Bogendach\"}]},{\"@type\":\"WebSite\",\"@id\":\"https:\\\/\\\/www.softub.ch\\\/fr\\\/#website\",\"url\":\"https:\\\/\\\/www.softub.ch\\\/fr\\\/\",\"name\":\"Softub Schweiz\",\"description\":\"Softub - Wir machen Ferien Zuhause\",\"publisher\":{\"@id\":\"https:\\\/\\\/www.softub.ch\\\/fr\\\/#organization\"},\"potentialAction\":[{\"@type\":\"SearchAction\",\"target\":{\"@type\":\"EntryPoint\",\"urlTemplate\":\"https:\\\/\\\/www.softub.ch\\\/fr\\\/?s={search_term_string}\"},\"query-input\":{\"@type\":\"PropertyValueSpecification\",\"valueRequired\":true,\"valueName\":\"search_term_string\"}}],\"inLanguage\":\"fr-FR\"},{\"@type\":\"Organization\",\"@id\":\"https:\\\/\\\/www.softub.ch\\\/fr\\\/#organization\",\"name\":\"Softub Schweiz AG\",\"url\":\"https:\\\/\\\/www.softub.ch\\\/fr\\\/\",\"logo\":{\"@type\":\"ImageObject\",\"inLanguage\":\"fr-FR\",\"@id\":\"https:\\\/\\\/www.softub.ch\\\/fr\\\/#\\\/schema\\\/logo\\\/image\\\/\",\"url\":\"https:\\\/\\\/www.softub.ch\\\/wp-content\\\/uploads\\\/Softub-Logo-Softub-Schweiz-.png\",\"contentUrl\":\"https:\\\/\\\/www.softub.ch\\\/wp-content\\\/uploads\\\/Softub-Logo-Softub-Schweiz-.png\",\"width\":200,\"height\":73,\"caption\":\"Softub Schweiz AG\"},\"image\":{\"@id\":\"https:\\\/\\\/www.softub.ch\\\/fr\\\/#\\\/schema\\\/logo\\\/image\\\/\"},\"sameAs\":[\"https:\\\/\\\/www.facebook.com\\\/softubschweiz\",\"https:\\\/\\\/www.instagram.com\\\/softub_schweiz\\\/\",\"https:\\\/\\\/ch.pinterest.com\\\/softub_schweiz\\\/\",\"https:\\\/\\\/www.linkedin.com\\\/company\\\/softub-schweiz-ag\\\/\"]}]}<\/script>\n<!-- \/ Yoast SEO Premium plugin. -->","yoast_head_json":{"title":"Weka Gartenhaus mit Bogendach - Modell 228 formsch\u00f6n und praktisch","description":"Das Weka Gartenhaus mit Bogendach \u00fcberzeugt mit moderner Form und praktischer Verwendung. In vier verschiedenen Farben erh\u00e4ltlich.","robots":{"index":"index","follow":"follow","max-snippet":"max-snippet:-1","max-image-preview":"max-image-preview:large","max-video-preview":"max-video-preview:-1"},"canonical":"https:\/\/www.softub.ch\/produkt\/weka-gartenhaus-modell-228\/","og_locale":"fr_FR","og_type":"article","og_title":"Weka Schiebet\u00fcrhaus 228 - mit formsch\u00f6nen Bogendach","og_description":"Das Weka Gartenhaus mit Bogendach \u00fcberzeugt mit moderner Form und praktischer Verwendung. In vier verschiedenen Farben erh\u00e4ltlich.","og_url":"https:\/\/www.softub.ch\/produkt\/weka-gartenhaus-modell-228\/","og_site_name":"Softub Schweiz","article_publisher":"https:\/\/www.facebook.com\/softubschweiz","article_modified_time":"2025-01-17T11:20:54+00:00","og_image":[{"width":1665,"height":1080,"url":"https:\/\/www.softub.ch\/wp-content\/uploads\/Weka-Gartenhaus-228-naturbelassen-Softub-Schweiz-0.jpg","type":"image\/jpeg"}],"twitter_card":"summary_large_image","twitter_misc":{"Dur\u00e9e de lecture estim\u00e9e":"2 minutes"},"schema":{"@context":"https:\/\/schema.org","@graph":[{"@type":"WebPage","@id":"https:\/\/www.softub.ch\/produkt\/weka-gartenhaus-modell-228\/","url":"https:\/\/www.softub.ch\/produkt\/weka-gartenhaus-modell-228\/","name":"Weka Gartenhaus mit Bogendach - Modell 228 formsch\u00f6n und praktisch","isPartOf":{"@id":"https:\/\/www.softub.ch\/fr\/#website"},"primaryImageOfPage":{"@id":"https:\/\/www.softub.ch\/produkt\/weka-gartenhaus-modell-228\/#primaryimage"},"image":{"@id":"https:\/\/www.softub.ch\/produkt\/weka-gartenhaus-modell-228\/#primaryimage"},"thumbnailUrl":"https:\/\/www.softub.ch\/wp-content\/uploads\/Weka-Gartenhaus-228-naturbelassen-Softub-Schweiz-0.jpg","datePublished":"2020-07-04T09:26:54+00:00","dateModified":"2025-01-17T11:20:54+00:00","description":"Das Weka Gartenhaus mit Bogendach \u00fcberzeugt mit moderner Form und praktischer Verwendung. In vier verschiedenen Farben erh\u00e4ltlich.","breadcrumb":{"@id":"https:\/\/www.softub.ch\/produkt\/weka-gartenhaus-modell-228\/#breadcrumb"},"inLanguage":"fr-FR","potentialAction":[{"@type":"ReadAction","target":["https:\/\/www.softub.ch\/produkt\/weka-gartenhaus-modell-228\/"]}]},{"@type":"ImageObject","inLanguage":"fr-FR","@id":"https:\/\/www.softub.ch\/produkt\/weka-gartenhaus-modell-228\/#primaryimage","url":"https:\/\/www.softub.ch\/wp-content\/uploads\/Weka-Gartenhaus-228-naturbelassen-Softub-Schweiz-0.jpg","contentUrl":"https:\/\/www.softub.ch\/wp-content\/uploads\/Weka-Gartenhaus-228-naturbelassen-Softub-Schweiz-0.jpg","width":1665,"height":1080,"caption":"Gartenhaus mit rundem Dach in naturbelassener Farbe und offen stehender T\u00fcr. Das Gartenhaus steht auf einer grossen Stein Mauer in einem eleganten Garten."},{"@type":"BreadcrumbList","@id":"https:\/\/www.softub.ch\/produkt\/weka-gartenhaus-modell-228\/#breadcrumb","itemListElement":[{"@type":"ListItem","position":1,"name":"Startseite","item":"https:\/\/www.softub.ch\/fr\/"},{"@type":"ListItem","position":2,"name":"Shop","item":"https:\/\/www.softub.ch\/fr\/softub-suisse-shop\/"},{"@type":"ListItem","position":3,"name":"Weka Schiebet\u00fcrhaus 228 &#8211; mit formsch\u00f6nen Bogendach"}]},{"@type":"WebSite","@id":"https:\/\/www.softub.ch\/fr\/#website","url":"https:\/\/www.softub.ch\/fr\/","name":"Softub Schweiz","description":"Softub - Wir machen Ferien Zuhause","publisher":{"@id":"https:\/\/www.softub.ch\/fr\/#organization"},"potentialAction":[{"@type":"SearchAction","target":{"@type":"EntryPoint","urlTemplate":"https:\/\/www.softub.ch\/fr\/?s={search_term_string}"},"query-input":{"@type":"PropertyValueSpecification","valueRequired":true,"valueName":"search_term_string"}}],"inLanguage":"fr-FR"},{"@type":"Organization","@id":"https:\/\/www.softub.ch\/fr\/#organization","name":"Softub Schweiz AG","url":"https:\/\/www.softub.ch\/fr\/","logo":{"@type":"ImageObject","inLanguage":"fr-FR","@id":"https:\/\/www.softub.ch\/fr\/#\/schema\/logo\/image\/","url":"https:\/\/www.softub.ch\/wp-content\/uploads\/Softub-Logo-Softub-Schweiz-.png","contentUrl":"https:\/\/www.softub.ch\/wp-content\/uploads\/Softub-Logo-Softub-Schweiz-.png","width":200,"height":73,"caption":"Softub Schweiz AG"},"image":{"@id":"https:\/\/www.softub.ch\/fr\/#\/schema\/logo\/image\/"},"sameAs":["https:\/\/www.facebook.com\/softubschweiz","https:\/\/www.instagram.com\/softub_schweiz\/","https:\/\/ch.pinterest.com\/softub_schweiz\/","https:\/\/www.linkedin.com\/company\/softub-schweiz-ag\/"]}]}},"_links":{"self":[{"href":"https:\/\/www.softub.ch\/fr\/wp-json\/wp\/v2\/product\/15738","targetHints":{"allow":["GET"]}}],"collection":[{"href":"https:\/\/www.softub.ch\/fr\/wp-json\/wp\/v2\/product"}],"about":[{"href":"https:\/\/www.softub.ch\/fr\/wp-json\/wp\/v2\/types\/product"}],"wp:featuredmedia":[{"embeddable":true,"href":"https:\/\/www.softub.ch\/fr\/wp-json\/wp\/v2\/media\/29239"}],"wp:attachment":[{"href":"https:\/\/www.softub.ch\/fr\/wp-json\/wp\/v2\/media?parent=15738"}],"wp:term":[{"taxonomy":"product_brand","embeddable":true,"href":"https:\/\/www.softub.ch\/fr\/wp-json\/wp\/v2\/product_brand?post=15738"},{"taxonomy":"product_cat","embeddable":true,"href":"https:\/\/www.softub.ch\/fr\/wp-json\/wp\/v2\/product_cat?post=15738"},{"taxonomy":"product_tag","embeddable":true,"href":"https:\/\/www.softub.ch\/fr\/wp-json\/wp\/v2\/product_tag?post=15738"},{"taxonomy":"woo-feed-brand","embeddable":true,"href":"https:\/\/www.softub.ch\/fr\/wp-json\/wp\/v2\/woo-feed-brand?post=15738"}],"curies":[{"name":"wp","href":"https:\/\/api.w.org\/{rel}","templated":true}]}}