{"id":15834,"date":"2020-06-29T12:37:36","date_gmt":"2020-06-29T12:37:36","guid":{"rendered":"http:\/\/www.softub.ch\/?post_type=product&#038;p=15834"},"modified":"2025-01-17T11:55:34","modified_gmt":"2025-01-17T10:55:34","slug":"schlichtes-gartenhaus-von-weka-225","status":"publish","type":"product","link":"https:\/\/www.softub.ch\/fr\/produit\/schlichtes-gartenhaus-von-weka-225\/","title":{"rendered":"Weka Schiebet\u00fcrgartenhaus 225 A &amp; B &#8211; modern mit Anbau"},"content":{"rendered":"<h1><span style=\"color: #429bba;\">Schlichtes Gartenhaus von Weka<\/span><\/h1>\n<h3>Vorteile:<\/h3>\n<ul class=\"list-bullet-point\">\n<li class=\"list-bullet-point-item\">21 mm Wandst\u00e4rke<\/li>\n<li class=\"list-bullet-point-item\">16 mm Massivholzboden<\/li>\n<li class=\"list-bullet-point-item\">16 mm Massivholz-Flachdach<\/li>\n<li class=\"list-bullet-point-item\">Funktionelle Massivholz-Doppelschiebet\u00fcr<\/li>\n<li class=\"list-bullet-point-item\">312 cm breiter XL-Anbau oder 457 cm breiter XXL-Anbau<\/li>\n<\/ul>\n<p>&nbsp;<\/p>\n<h3>Technische Daten:<\/h3>\n<ul>\n<li>Gesamth\u00f6he\u00a0223 cm<\/li>\n<li>R\u00fcckwand 197 cm<\/li>\n<li>Wand und Bauweise: 21\u00a0mm Blockbohlen in modernem Schraubsystem<\/li>\n<li>Boden: 16 mm starker Massivholzboden mit Nut und Feder, Oberseite glatt gehobelt, naturbelassen<\/li>\n<li>Dach: 16 mm starkes Massivholz-Pultdach mit Nut und Feder, Unterseite glatt gehobelt, naturbelassen<\/li>\n<li>Dachbelag: inkl. Bitumendachbelag zur Ersteindeckung<\/li>\n<li>Dach\u00fcberst\u00e4nde: vorn 20 cm, hinten 15 cm, Seiten 12 cm<\/li>\n<li>T\u00fcr: Massivholz-Doppelschiebet\u00fcr mit Sicherheits\u00fcberwurf mit Dreh\u00f6se\n<ul>\n<li>B 150 x H 180 cm<\/li>\n<\/ul>\n<\/li>\n<li>Farbe: naturbelassen<\/li>\n<li>WEKA Vorteil: witterungsgesch\u00fctzte Unterkonstruktion<\/li>\n<li><strong>ANBAU OHNE R\u00dcCKWAND UND BODEN <\/strong>(kann optional dazu bestellt werden)<\/li>\n<\/ul>\n<p>&nbsp;<\/p>\n<h3>Serienausstattung:<\/h3>\n<p>Alle WEKA-Holzh\u00e4user zeichnen sich durch eine saubere Fertigung und Verarbeitung aus. Einige Details dieser Hochqualitative Gartenh\u00e4user zeigen sich durch:<\/p>\n<ul>\n<li>Massiver Holzboden<\/li>\n<li>Stabile, formsch\u00f6ne Eckverbindung<\/li>\n<\/ul>\n<p>&nbsp;<\/p>\n<h3>Bemassung (Breite x Tiefe cm):<\/h3>\n<p>In naturbelassener Farbe<\/p>\n<ul>\n<li>Mit 312 cm breiter XL &#8211; Anbau (225 A)\n<ul>\n<li>299 x 500 cm<\/li>\n<li>299 x 594 cm<\/li>\n<\/ul>\n<\/li>\n<li>Mit 457 cm breiter XXL &#8211; Anbau (225 B)\n<ul>\n<li>299 x 654 cm<\/li>\n<li>295 x 744 cm<\/li>\n<\/ul>\n<\/li>\n<\/ul>\n<p>&nbsp;<\/p>\n<h3>Zubeh\u00f6r-Tipp:<\/h3>\n<ul>\n<li>Der ideale Sicht und Windschutz: Jetzt gleich die passenden W\u00e4nde bestellen\n<ul>\n<li>Passende R\u00fcck &#8211; &amp; Seitenw\u00e4nde<\/li>\n<\/ul>\n<\/li>\n<\/ul>\n<p>&nbsp;<\/p>\n<h3>Montage:<\/h3>\n<p>F\u00fcr die Installation Ihres neuen Gartenhauses m\u00fcssen Sie sich keine Gedanken machen! Wir stellen Ihnen gerne unser Hauseigen, fachm\u00e4nnisches Installationsteam f\u00fcr die Montage zur Verf\u00fcgung. Schlichtes Gartenhaus von Weka!<\/p>\n<p>&nbsp;<\/p>\n<h3 data-fontsize=\"18\" data-lineheight=\"27\">Zubeh\u00f6r f\u00fcr Ihre pers\u00f6nliche Gartenoase:<\/h3>\n<p>Wir haben ein reichhaltiges Zubeh\u00f6rsortiment f\u00fcr Sie zusammengestellt, so dass Sie sich die passenden Produkte in Ruhe in unserem Onlineshop ausw\u00e4hlen k\u00f6nnen.<\/p>\n<p>Wenn Sie sich dar\u00fcber hinaus Ihre ganz pers\u00f6nliche Gartenoase schaffen wollen, so schauen Sie sich doch einfach unsere Softub <a href=\"https:\/\/softub.ch\/simply-relaxing\/softub-whirlpools\/\">Whirlpools<\/a> an \u2013 eventuell auch in Kombination mit einem <a href=\"https:\/\/meinschattenspender.ch\/\">Unosider-<\/a><a href=\"https:\/\/meinschattenspender.ch\/\">Pavillon<\/a>. Unsere Softubs sind bestens f\u00fcr den Sommer oder auch f\u00fcr den Winter geeignet.<\/p>\n<p>Wenn Sie zus\u00e4tzlichen Stauraum f\u00fcr Ihr pers\u00f6nliches Gartenzubeh\u00f6r brauchen, dann schauen Sie sich unseren\u00a0<a href=\"https:\/\/softub.ch\/produkt\/biohort-storemax-maximalen-stauraum-auf-wenig-platz\/\">biohort STOREMAX<\/a>\u00a0oder auch den<a href=\"https:\/\/softub.ch\/produkt\/biohort-highboard-das-formvollendete-multitalent-zum-aufbewahren\/\"> biohort HIGHBOARD<\/a> an. Ob als Stauraum f\u00fcr Kissen oder Gartenutensilien oder auch als ideale Erg\u00e4nzung zu Ihrer Outdoor-K\u00fcche \u2013 alles ist witterungsgesch\u00fctzt und ordentlich verstaut.<\/p>\n<p>Wir beraten Sie gerne, telefonisch, in einem unserer Showrooms oder bei Ihnen Zuhause.<\/p>\n","protected":false},"excerpt":{"rendered":"<h1><span style=\"color: #429bba;\">Schlichtes Gartenhaus von Weka<\/span><\/h1>\n<p>Mehr Spass. Mehr Zuhause. Mehr Entspannung.<\/p>\n<div class=\"product-detail-description lead text-secondary mb-5\">\n<div class=\"product-detail-description lead text-secondary mb-5\">Hohe Funktionalit\u00e4t bietet Ihnen das schlichte, moderne Schiebet\u00fcrhaus 225 A &amp; B. Die doppelte Schiebet\u00fcr erm\u00f6glicht Ihnen komfortables Arbeiten im Eingangsbereich. Unter dem Anbau k\u00f6nnen Sie laue Sommerabende mit Freunden geniessen.<\/div>\n<\/div>\n","protected":false},"featured_media":29396,"template":"","meta":{"_acf_changed":false},"product_brand":[],"product_cat":[852],"product_tag":[837,810,834,803,857,789,865,833,820,2623,821,5460,835,795,764,816,786,826,827,802,859,776,5459,567,1179,823,431,2610,5458,4077,822],"woo-feed-brand":[],"class_list":{"0":"post-15834","1":"product","2":"type-product","3":"status-publish","4":"has-post-thumbnail","6":"product_cat-gartenhaeuser","7":"product_tag-abstellplatz","8":"product_tag-abstellraum","9":"product_tag-blockbohlen","10":"product_tag-draussen","11":"product_tag-flachdach","12":"product_tag-garten","13":"product_tag-garten-zubehoer","14":"product_tag-gartendesign","15":"product_tag-gartenhaus","16":"product_tag-gartenhaus-von-weka","17":"product_tag-gartenhaeuser","18":"product_tag-gartenhaeuser-schweiz","19":"product_tag-gartenoase","20":"product_tag-holz","21":"product_tag-massivholz","22":"product_tag-massivholzdach","23":"product_tag-modern","24":"product_tag-natur","25":"product_tag-naturbelassen","26":"product_tag-outdoor","27":"product_tag-praktisch","28":"product_tag-qualitaet","29":"product_tag-schweiz-gartenhaeuser","30":"product_tag-softub","31":"product_tag-softub-schweiz","32":"product_tag-spass","33":"product_tag-weka","34":"product_tag-weka-gartenhaus","35":"product_tag-weka-gartenhaeuser-schweiz","36":"product_tag-weka-schweiz","37":"product_tag-zuhause","39":"first","40":"instock","41":"sale","42":"taxable","43":"shipping-taxable","44":"purchasable","45":"product-type-variable"},"acf":[],"yoast_head":"<!-- This site is optimized with the Yoast SEO Premium plugin v27.4 (Yoast SEO v27.4) - https:\/\/yoast.com\/product\/yoast-seo-premium-wordpress\/ -->\n<title>Schlichtes Gartenhaus von Weka - Modell 225 A &amp; B schlicht &amp; modern<\/title>\n<meta name=\"description\" content=\"Schlichtes Gartenhaus von Weka ohne \u2013 oder optional mit Seitenw\u00e4nden, durch die funktionelle Schiebet\u00fcr ein perfektes Gartenhaus mit Lounge.\" \/>\n<meta name=\"robots\" content=\"index, follow, max-snippet:-1, max-image-preview:large, max-video-preview:-1\" \/>\n<link rel=\"canonical\" href=\"https:\/\/www.softub.ch\/produkt\/schlichtes-gartenhaus-von-weka-225\/\" \/>\n<meta property=\"og:locale\" content=\"fr_FR\" \/>\n<meta property=\"og:type\" content=\"article\" \/>\n<meta property=\"og:title\" content=\"Weka Schiebet\u00fcrgartenhaus 225 A &amp; B - modern mit Anbau\" \/>\n<meta property=\"og:description\" content=\"Schlichtes Gartenhaus von Weka ohne \u2013 oder optional mit Seitenw\u00e4nden, durch die funktionelle Schiebet\u00fcr ein perfektes Gartenhaus mit Lounge.\" \/>\n<meta property=\"og:url\" content=\"https:\/\/www.softub.ch\/produkt\/schlichtes-gartenhaus-von-weka-225\/\" \/>\n<meta property=\"og:site_name\" content=\"Softub Schweiz\" \/>\n<meta property=\"article:publisher\" content=\"https:\/\/www.facebook.com\/softubschweiz\" \/>\n<meta property=\"article:modified_time\" content=\"2025-01-17T10:55:34+00:00\" \/>\n<meta property=\"og:image\" content=\"https:\/\/www.softub.ch\/wp-content\/uploads\/Weka-Gartenhaus-225-A-Gr.-1-Softub-Schweiz-0.jpg\" \/>\n\t<meta property=\"og:image:width\" content=\"1441\" \/>\n\t<meta property=\"og:image:height\" content=\"1080\" \/>\n\t<meta property=\"og:image:type\" content=\"image\/jpeg\" \/>\n<meta name=\"twitter:card\" content=\"summary_large_image\" \/>\n<meta name=\"twitter:label1\" content=\"Dur\u00e9e de lecture estim\u00e9e\" \/>\n\t<meta name=\"twitter:data1\" content=\"2 minutes\" \/>\n<script type=\"application\/ld+json\" class=\"yoast-schema-graph\">{\"@context\":\"https:\\\/\\\/schema.org\",\"@graph\":[{\"@type\":\"WebPage\",\"@id\":\"https:\\\/\\\/www.softub.ch\\\/produkt\\\/schlichtes-gartenhaus-von-weka-225\\\/\",\"url\":\"https:\\\/\\\/www.softub.ch\\\/produkt\\\/schlichtes-gartenhaus-von-weka-225\\\/\",\"name\":\"Schlichtes Gartenhaus von Weka - Modell 225 A & B schlicht & modern\",\"isPartOf\":{\"@id\":\"https:\\\/\\\/www.softub.ch\\\/fr\\\/#website\"},\"primaryImageOfPage\":{\"@id\":\"https:\\\/\\\/www.softub.ch\\\/produkt\\\/schlichtes-gartenhaus-von-weka-225\\\/#primaryimage\"},\"image\":{\"@id\":\"https:\\\/\\\/www.softub.ch\\\/produkt\\\/schlichtes-gartenhaus-von-weka-225\\\/#primaryimage\"},\"thumbnailUrl\":\"https:\\\/\\\/www.softub.ch\\\/wp-content\\\/uploads\\\/Weka-Gartenhaus-225-A-Gr.-1-Softub-Schweiz-0.jpg\",\"datePublished\":\"2020-06-29T12:37:36+00:00\",\"dateModified\":\"2025-01-17T10:55:34+00:00\",\"description\":\"Schlichtes Gartenhaus von Weka ohne \u2013 oder optional mit Seitenw\u00e4nden, durch die funktionelle Schiebet\u00fcr ein perfektes Gartenhaus mit Lounge.\",\"breadcrumb\":{\"@id\":\"https:\\\/\\\/www.softub.ch\\\/produkt\\\/schlichtes-gartenhaus-von-weka-225\\\/#breadcrumb\"},\"inLanguage\":\"fr-FR\",\"potentialAction\":[{\"@type\":\"ReadAction\",\"target\":[\"https:\\\/\\\/www.softub.ch\\\/produkt\\\/schlichtes-gartenhaus-von-weka-225\\\/\"]}]},{\"@type\":\"ImageObject\",\"inLanguage\":\"fr-FR\",\"@id\":\"https:\\\/\\\/www.softub.ch\\\/produkt\\\/schlichtes-gartenhaus-von-weka-225\\\/#primaryimage\",\"url\":\"https:\\\/\\\/www.softub.ch\\\/wp-content\\\/uploads\\\/Weka-Gartenhaus-225-A-Gr.-1-Softub-Schweiz-0.jpg\",\"contentUrl\":\"https:\\\/\\\/www.softub.ch\\\/wp-content\\\/uploads\\\/Weka-Gartenhaus-225-A-Gr.-1-Softub-Schweiz-0.jpg\",\"width\":1441,\"height\":1080,\"caption\":\"Gartenhaus mit Flachdach und grossem Vordach. Das Gartenhaus steht auf einem Steinboden in einem grossen Garten.\"},{\"@type\":\"BreadcrumbList\",\"@id\":\"https:\\\/\\\/www.softub.ch\\\/produkt\\\/schlichtes-gartenhaus-von-weka-225\\\/#breadcrumb\",\"itemListElement\":[{\"@type\":\"ListItem\",\"position\":1,\"name\":\"Startseite\",\"item\":\"https:\\\/\\\/www.softub.ch\\\/fr\\\/\"},{\"@type\":\"ListItem\",\"position\":2,\"name\":\"Shop\",\"item\":\"https:\\\/\\\/www.softub.ch\\\/fr\\\/softub-suisse-shop\\\/\"},{\"@type\":\"ListItem\",\"position\":3,\"name\":\"Weka Schiebet\u00fcrgartenhaus 225 A &amp; B &#8211; modern mit Anbau\"}]},{\"@type\":\"WebSite\",\"@id\":\"https:\\\/\\\/www.softub.ch\\\/fr\\\/#website\",\"url\":\"https:\\\/\\\/www.softub.ch\\\/fr\\\/\",\"name\":\"Softub Schweiz\",\"description\":\"Softub - Wir machen Ferien Zuhause\",\"publisher\":{\"@id\":\"https:\\\/\\\/www.softub.ch\\\/fr\\\/#organization\"},\"potentialAction\":[{\"@type\":\"SearchAction\",\"target\":{\"@type\":\"EntryPoint\",\"urlTemplate\":\"https:\\\/\\\/www.softub.ch\\\/fr\\\/?s={search_term_string}\"},\"query-input\":{\"@type\":\"PropertyValueSpecification\",\"valueRequired\":true,\"valueName\":\"search_term_string\"}}],\"inLanguage\":\"fr-FR\"},{\"@type\":\"Organization\",\"@id\":\"https:\\\/\\\/www.softub.ch\\\/fr\\\/#organization\",\"name\":\"Softub Schweiz AG\",\"url\":\"https:\\\/\\\/www.softub.ch\\\/fr\\\/\",\"logo\":{\"@type\":\"ImageObject\",\"inLanguage\":\"fr-FR\",\"@id\":\"https:\\\/\\\/www.softub.ch\\\/fr\\\/#\\\/schema\\\/logo\\\/image\\\/\",\"url\":\"https:\\\/\\\/www.softub.ch\\\/wp-content\\\/uploads\\\/Softub-Logo-Softub-Schweiz-.png\",\"contentUrl\":\"https:\\\/\\\/www.softub.ch\\\/wp-content\\\/uploads\\\/Softub-Logo-Softub-Schweiz-.png\",\"width\":200,\"height\":73,\"caption\":\"Softub Schweiz AG\"},\"image\":{\"@id\":\"https:\\\/\\\/www.softub.ch\\\/fr\\\/#\\\/schema\\\/logo\\\/image\\\/\"},\"sameAs\":[\"https:\\\/\\\/www.facebook.com\\\/softubschweiz\",\"https:\\\/\\\/www.instagram.com\\\/softub_schweiz\\\/\",\"https:\\\/\\\/ch.pinterest.com\\\/softub_schweiz\\\/\",\"https:\\\/\\\/www.linkedin.com\\\/company\\\/softub-schweiz-ag\\\/\"]}]}<\/script>\n<!-- \/ Yoast SEO Premium plugin. -->","yoast_head_json":{"title":"Schlichtes Gartenhaus von Weka - Modell 225 A & B schlicht & modern","description":"Schlichtes Gartenhaus von Weka ohne \u2013 oder optional mit Seitenw\u00e4nden, durch die funktionelle Schiebet\u00fcr ein perfektes Gartenhaus mit Lounge.","robots":{"index":"index","follow":"follow","max-snippet":"max-snippet:-1","max-image-preview":"max-image-preview:large","max-video-preview":"max-video-preview:-1"},"canonical":"https:\/\/www.softub.ch\/produkt\/schlichtes-gartenhaus-von-weka-225\/","og_locale":"fr_FR","og_type":"article","og_title":"Weka Schiebet\u00fcrgartenhaus 225 A &amp; B - modern mit Anbau","og_description":"Schlichtes Gartenhaus von Weka ohne \u2013 oder optional mit Seitenw\u00e4nden, durch die funktionelle Schiebet\u00fcr ein perfektes Gartenhaus mit Lounge.","og_url":"https:\/\/www.softub.ch\/produkt\/schlichtes-gartenhaus-von-weka-225\/","og_site_name":"Softub Schweiz","article_publisher":"https:\/\/www.facebook.com\/softubschweiz","article_modified_time":"2025-01-17T10:55:34+00:00","og_image":[{"width":1441,"height":1080,"url":"https:\/\/www.softub.ch\/wp-content\/uploads\/Weka-Gartenhaus-225-A-Gr.-1-Softub-Schweiz-0.jpg","type":"image\/jpeg"}],"twitter_card":"summary_large_image","twitter_misc":{"Dur\u00e9e de lecture estim\u00e9e":"2 minutes"},"schema":{"@context":"https:\/\/schema.org","@graph":[{"@type":"WebPage","@id":"https:\/\/www.softub.ch\/produkt\/schlichtes-gartenhaus-von-weka-225\/","url":"https:\/\/www.softub.ch\/produkt\/schlichtes-gartenhaus-von-weka-225\/","name":"Schlichtes Gartenhaus von Weka - Modell 225 A & B schlicht & modern","isPartOf":{"@id":"https:\/\/www.softub.ch\/fr\/#website"},"primaryImageOfPage":{"@id":"https:\/\/www.softub.ch\/produkt\/schlichtes-gartenhaus-von-weka-225\/#primaryimage"},"image":{"@id":"https:\/\/www.softub.ch\/produkt\/schlichtes-gartenhaus-von-weka-225\/#primaryimage"},"thumbnailUrl":"https:\/\/www.softub.ch\/wp-content\/uploads\/Weka-Gartenhaus-225-A-Gr.-1-Softub-Schweiz-0.jpg","datePublished":"2020-06-29T12:37:36+00:00","dateModified":"2025-01-17T10:55:34+00:00","description":"Schlichtes Gartenhaus von Weka ohne \u2013 oder optional mit Seitenw\u00e4nden, durch die funktionelle Schiebet\u00fcr ein perfektes Gartenhaus mit Lounge.","breadcrumb":{"@id":"https:\/\/www.softub.ch\/produkt\/schlichtes-gartenhaus-von-weka-225\/#breadcrumb"},"inLanguage":"fr-FR","potentialAction":[{"@type":"ReadAction","target":["https:\/\/www.softub.ch\/produkt\/schlichtes-gartenhaus-von-weka-225\/"]}]},{"@type":"ImageObject","inLanguage":"fr-FR","@id":"https:\/\/www.softub.ch\/produkt\/schlichtes-gartenhaus-von-weka-225\/#primaryimage","url":"https:\/\/www.softub.ch\/wp-content\/uploads\/Weka-Gartenhaus-225-A-Gr.-1-Softub-Schweiz-0.jpg","contentUrl":"https:\/\/www.softub.ch\/wp-content\/uploads\/Weka-Gartenhaus-225-A-Gr.-1-Softub-Schweiz-0.jpg","width":1441,"height":1080,"caption":"Gartenhaus mit Flachdach und grossem Vordach. Das Gartenhaus steht auf einem Steinboden in einem grossen Garten."},{"@type":"BreadcrumbList","@id":"https:\/\/www.softub.ch\/produkt\/schlichtes-gartenhaus-von-weka-225\/#breadcrumb","itemListElement":[{"@type":"ListItem","position":1,"name":"Startseite","item":"https:\/\/www.softub.ch\/fr\/"},{"@type":"ListItem","position":2,"name":"Shop","item":"https:\/\/www.softub.ch\/fr\/softub-suisse-shop\/"},{"@type":"ListItem","position":3,"name":"Weka Schiebet\u00fcrgartenhaus 225 A &amp; B &#8211; modern mit Anbau"}]},{"@type":"WebSite","@id":"https:\/\/www.softub.ch\/fr\/#website","url":"https:\/\/www.softub.ch\/fr\/","name":"Softub Schweiz","description":"Softub - Wir machen Ferien Zuhause","publisher":{"@id":"https:\/\/www.softub.ch\/fr\/#organization"},"potentialAction":[{"@type":"SearchAction","target":{"@type":"EntryPoint","urlTemplate":"https:\/\/www.softub.ch\/fr\/?s={search_term_string}"},"query-input":{"@type":"PropertyValueSpecification","valueRequired":true,"valueName":"search_term_string"}}],"inLanguage":"fr-FR"},{"@type":"Organization","@id":"https:\/\/www.softub.ch\/fr\/#organization","name":"Softub Schweiz AG","url":"https:\/\/www.softub.ch\/fr\/","logo":{"@type":"ImageObject","inLanguage":"fr-FR","@id":"https:\/\/www.softub.ch\/fr\/#\/schema\/logo\/image\/","url":"https:\/\/www.softub.ch\/wp-content\/uploads\/Softub-Logo-Softub-Schweiz-.png","contentUrl":"https:\/\/www.softub.ch\/wp-content\/uploads\/Softub-Logo-Softub-Schweiz-.png","width":200,"height":73,"caption":"Softub Schweiz AG"},"image":{"@id":"https:\/\/www.softub.ch\/fr\/#\/schema\/logo\/image\/"},"sameAs":["https:\/\/www.facebook.com\/softubschweiz","https:\/\/www.instagram.com\/softub_schweiz\/","https:\/\/ch.pinterest.com\/softub_schweiz\/","https:\/\/www.linkedin.com\/company\/softub-schweiz-ag\/"]}]}},"_links":{"self":[{"href":"https:\/\/www.softub.ch\/fr\/wp-json\/wp\/v2\/product\/15834","targetHints":{"allow":["GET"]}}],"collection":[{"href":"https:\/\/www.softub.ch\/fr\/wp-json\/wp\/v2\/product"}],"about":[{"href":"https:\/\/www.softub.ch\/fr\/wp-json\/wp\/v2\/types\/product"}],"wp:featuredmedia":[{"embeddable":true,"href":"https:\/\/www.softub.ch\/fr\/wp-json\/wp\/v2\/media\/29396"}],"wp:attachment":[{"href":"https:\/\/www.softub.ch\/fr\/wp-json\/wp\/v2\/media?parent=15834"}],"wp:term":[{"taxonomy":"product_brand","embeddable":true,"href":"https:\/\/www.softub.ch\/fr\/wp-json\/wp\/v2\/product_brand?post=15834"},{"taxonomy":"product_cat","embeddable":true,"href":"https:\/\/www.softub.ch\/fr\/wp-json\/wp\/v2\/product_cat?post=15834"},{"taxonomy":"product_tag","embeddable":true,"href":"https:\/\/www.softub.ch\/fr\/wp-json\/wp\/v2\/product_tag?post=15834"},{"taxonomy":"woo-feed-brand","embeddable":true,"href":"https:\/\/www.softub.ch\/fr\/wp-json\/wp\/v2\/woo-feed-brand?post=15834"}],"curies":[{"name":"wp","href":"https:\/\/api.w.org\/{rel}","templated":true}]}}