{"id":15939,"date":"2020-07-02T06:43:39","date_gmt":"2020-07-02T06:43:39","guid":{"rendered":"http:\/\/www.softub.ch\/?post_type=product&#038;p=15939"},"modified":"2025-01-16T13:45:44","modified_gmt":"2025-01-16T12:45:44","slug":"abenteuerliches-gartenhaus-von-weka-820","status":"publish","type":"product","link":"https:\/\/www.softub.ch\/fr\/produit\/abenteuerliches-gartenhaus-von-weka-820\/","title":{"rendered":"Weka Gartenhaus 820 &#8211; Ein echtes Erlebniss f\u00fcr Kinder"},"content":{"rendered":"<h1><span style=\"color: #429bba;\">Abenteuerliches Gartenhaus von Weka<\/span><\/h1>\n<p>Ein Abenteuerliches Gartenhaus von Weka! Ein ganz besonderer Blickfang in Ihrem Garten. Jedes Haus ist ein Unikat mit individuellem Look.<\/p>\n<p>&nbsp;<\/p>\n<h3>Vorteile:<\/h3>\n<ul class=\"list-bullet-point\">\n<li class=\"list-bullet-point-item\">Wand: 16 mm unbes\u00e4umte Bretter<\/li>\n<li class=\"list-bullet-point-item\">19 mm Massivholzdach, 100 cm Vordach inklusive Holzst\u00fctzen<\/li>\n<li class=\"list-bullet-point-item\">19 mm Massivholzboden<\/li>\n<li class=\"list-bullet-point-item\">Passgenaue, vorgefertigte Elemente f\u00fcr einfachen Aufbau<\/li>\n<li class=\"list-bullet-point-item\">Hohe Massivholzt\u00fcr<\/li>\n<\/ul>\n<p>&nbsp;<\/p>\n<h3>Technische Daten:<\/h3>\n<ul>\n<li>Gesamth\u00f6he 250 cm<\/li>\n<li>Wandst\u00e4rke der Elemente: Elementbauweise, aus 16 mm unbes\u00e4umten Brettern, f\u00fcr einen einfachen Aufbau zu passgenauen Elementen vorgefertigt<\/li>\n<li>Boden: 19 mm starker Massivholzboden<\/li>\n<li>Dach: 19 mm starke Dachschalung<\/li>\n<li>Dach\u00fcberst\u00e4nde: vorn 100 cm, hinten 20 cm, Seiten ca. 20 cm<\/li>\n<li>Ausf\u00fchrung: Naturbelassen<\/li>\n<li>WEKA Vorteil: witterungsgesch\u00fctzte Unterkonstruktion<\/li>\n<\/ul>\n<p>&nbsp;<\/p>\n<h3>Serienausstattung:<\/h3>\n<p>Alle WEKA-Holzh\u00e4user zeichnen sich durch eine saubere Fertigung und Verarbeitung aus. Einige Details dieser Hochqualitative Gartenh\u00e4user zeigen sich durch:<\/p>\n<ul>\n<li>Massiver Holzboden<\/li>\n<li>Wandelemente im besonderen rustikalen Look<\/li>\n<\/ul>\n<p>&nbsp;<\/p>\n<h3>Sockelmass (Breite x Tiefe in cm):<\/h3>\n<ul>\n<li><strong>Weka Gartenhaus 820 mit Terrasse von 99 cm<\/strong>\n<ul>\n<li>Gr\u00f6sse 1: 242 x 273 cm<\/li>\n<li>Gr\u00f6sse 2: 302 x 343 cm<\/li>\n<\/ul>\n<\/li>\n<li><strong>Weka Gartenhaus 820 A mit Terrasse (50 cm) und Theke (50 cm)\u00a0<\/strong>\n<ul>\n<li>Gr\u00f6sse 1: 242 x 273 cm<\/li>\n<li>Gr\u00f6sse 2: 302 x 343 cm<\/li>\n<\/ul>\n<\/li>\n<\/ul>\n<p>&nbsp;<\/p>\n<h3>Zubeh\u00f6r-Tipp f\u00fcr Ihr einzigartiges Gartenhaus von Weka:<\/h3>\n<ul>\n<li>Extra f\u00fcr Sie gefertigt: Das Massivholzschild mit individuellem Text\n<ul>\n<li>L 185 x H ca. 23 cm &#8211; Aufschrift individuell, bis zu 12 Buchstaben<\/li>\n<\/ul>\n<\/li>\n<\/ul>\n<p>&nbsp;<\/p>\n<h3>Das Besondere:<\/h3>\n<ul>\n<li>Jedes Haus ein Unikat: Steigern Sie Ihre Abenteuerlust und geniessen Sie Ihre Freizeit mit etwas ganz Besonderem. Vorgefertigte und passgenaue Elemente f\u00fcr einen einfachen Aufbau.<\/li>\n<\/ul>\n<p>&nbsp;<\/p>\n<h3>Montage:<\/h3>\n<p>F\u00fcr die Installation Ihres neuen Gartenhauses m\u00fcssen Sie sich keine Gedanken machen! Wir stellen Ihnen gerne unser Hauseigen, fachm\u00e4nnisches Installationsteam f\u00fcr die Montage zur Verf\u00fcgung. Einzigartiges Gartenhaus von Weka!<\/p>\n<p>&nbsp;<\/p>\n<h3 data-fontsize=\"18\" data-lineheight=\"27\">Zubeh\u00f6r f\u00fcr Ihre pers\u00f6nliche Gartenoase:<\/h3>\n<p>Wir haben ein reichhaltiges Zubeh\u00f6rsortiment f\u00fcr Sie zusammengestellt, so dass Sie sich die passenden Produkte in Ruhe in unserem Onlineshop ausw\u00e4hlen k\u00f6nnen.<\/p>\n<p>Wenn Sie sich dar\u00fcber hinaus Ihre ganz pers\u00f6nliche Gartenoase schaffen wollen, so schauen Sie sich doch einfach unsere Softub <a href=\"https:\/\/softub.ch\/simply-relaxing\/softub-whirlpools\/\">Whirlpools<\/a> an \u2013 eventuell auch in Kombination mit einem <a href=\"https:\/\/meinschattenspender.ch\/\">Unosider-<\/a><a href=\"https:\/\/meinschattenspender.ch\/\">Pavillon<\/a>. Unsere Softubs sind bestens f\u00fcr den Sommer wie auch f\u00fcr den Winter geeignet.<\/p>\n<p>Wenn Sie zus\u00e4tzlichen Stauraum f\u00fcr Ihr pers\u00f6nliches Gartenzubeh\u00f6r brauchen, dann schauen Sie sich unseren\u00a0<a href=\"https:\/\/softub.ch\/produkt\/biohort-storemax-maximalen-stauraum-auf-wenig-platz\/\">biohort STOREMAX<\/a>\u00a0oder auch den<a href=\"https:\/\/softub.ch\/produkt\/biohort-highboard-das-formvollendete-multitalent-zum-aufbewahren\/\"> biohort HIGHBOARD<\/a> an. Ob als Stauraum f\u00fcr Kissen oder Gartenutensilien oder auch als ideale Erg\u00e4nzung zu Ihrer Outdoor-K\u00fcche \u2013 alles ist witterungsgesch\u00fctzt und ordentlich verstaut.<\/p>\n<p>Wir beraten Sie gerne, telefonisch, in einem unserer Showrooms oder bei Ihnen Zuhause.<\/p>\n","protected":false},"excerpt":{"rendered":"<h1><span style=\"color: #429bba;\">Einzigartiges Gartenhaus von Weka:<\/span><\/h1>\n<p>Mehr Spass. Mehr Zuhause. Mehr Entspannung.<\/p>\n<div class=\"product-detail-description lead text-secondary mb-5\">\n<div class=\"product-detail-description lead text-secondary mb-5\">Das ist doch mal was anderes! Jedes Haus ist ein echtes Unikat. Ob als rustikales Gartenhaus, Verkaufshaus oder Partyhaus. Die Nature Gartenh\u00e4user kommen \u00fcberall gut an. Ob als Strandbar, oder Almh\u00fctte \u2013 unvergessliche Stunden sind garantiert.<\/div>\n<\/div>\n<ul>\n<li>Gartenhaus 820 mit Vordach<\/li>\n<li>Gartenhaus 820 A mit Vordach und inkl. Sitzgelegenheit und Theke<\/li>\n<\/ul>\n","protected":false},"featured_media":28964,"template":"","meta":{"_acf_changed":false},"product_brand":[],"product_cat":[6280],"product_tag":[9821,9822,834,803,857,9977,865,833,820,821,5460,9979,6651,10083,816,786,826,827,802,9990,10085,5459,2315,4949,10388,7615,5458,4077,822],"woo-feed-brand":[],"class_list":{"0":"post-15939","1":"product","2":"type-product","3":"status-publish","4":"has-post-thumbnail","6":"product_cat-abris-de-jardin-weka","7":"product_tag-debarras","8":"product_tag-salle-de-rangement","9":"product_tag-blockbohlen","10":"product_tag-draussen","11":"product_tag-flachdach","12":"product_tag-garten-fr","13":"product_tag-garten-zubehoer","14":"product_tag-gartendesign","15":"product_tag-gartenhaus","16":"product_tag-gartenhaeuser","17":"product_tag-gartenhaeuser-schweiz","18":"product_tag-gartenoase-fr","19":"product_tag-bois","20":"product_tag-massivholz-fr","21":"product_tag-massivholzdach","22":"product_tag-modern","23":"product_tag-natur","24":"product_tag-naturbelassen","25":"product_tag-outdoor","26":"product_tag-praktisch-fr","27":"product_tag-qualitaet-fr","28":"product_tag-schweiz-gartenhaeuser","29":"product_tag-softub-fr-2","30":"product_tag-softub-suisse","31":"product_tag-fun","32":"product_tag-weka-fr","33":"product_tag-weka-gartenhaeuser-schweiz","34":"product_tag-weka-schweiz","35":"product_tag-zuhause","37":"first","38":"instock","39":"sale","40":"taxable","41":"shipping-taxable","42":"purchasable","43":"product-type-variable"},"acf":[],"yoast_head":"<!-- This site is optimized with the Yoast SEO Premium plugin v27.5 (Yoast SEO v27.5) - https:\/\/yoast.com\/product\/yoast-seo-premium-wordpress\/ -->\n<title>Abenteuerliches Gartenhaus von Weka - Modell 820 ein echtes Abenteuer<\/title>\n<meta name=\"description\" content=\"Abenteuerliches Gartenhaus von Weka! Ob als rustikales Gartenhaus, Verkaufshau oder Partyhaus. Unvergessliche Stunden garantiert!\" \/>\n<meta name=\"robots\" content=\"index, follow, max-snippet:-1, max-image-preview:large, max-video-preview:-1\" \/>\n<link rel=\"canonical\" href=\"https:\/\/www.softub.ch\/produkt\/abenteuerliches-gartenhaus-von-weka-820\/\" \/>\n<meta property=\"og:locale\" content=\"fr_FR\" \/>\n<meta property=\"og:type\" content=\"article\" \/>\n<meta property=\"og:title\" content=\"Weka Gartenhaus 820 - Ein echtes Erlebniss f\u00fcr Kinder\" \/>\n<meta property=\"og:description\" content=\"Abenteuerliches Gartenhaus von Weka! Ob als rustikales Gartenhaus, Verkaufshau oder Partyhaus. Unvergessliche Stunden garantiert!\" \/>\n<meta property=\"og:url\" content=\"https:\/\/www.softub.ch\/produkt\/abenteuerliches-gartenhaus-von-weka-820\/\" \/>\n<meta property=\"og:site_name\" content=\"Softub Schweiz\" \/>\n<meta property=\"article:publisher\" content=\"https:\/\/www.facebook.com\/softubschweiz\" \/>\n<meta property=\"article:modified_time\" content=\"2025-01-16T12:45:44+00:00\" \/>\n<meta property=\"og:image\" content=\"https:\/\/www.softub.ch\/wp-content\/uploads\/Weka-Gartenhaus-820-Softub-Schweiz-0.jpg\" \/>\n\t<meta property=\"og:image:width\" content=\"1910\" \/>\n\t<meta property=\"og:image:height\" content=\"1080\" \/>\n\t<meta property=\"og:image:type\" content=\"image\/jpeg\" \/>\n<meta name=\"twitter:card\" content=\"summary_large_image\" \/>\n<meta name=\"twitter:label1\" content=\"Dur\u00e9e de lecture estim\u00e9e\" \/>\n\t<meta name=\"twitter:data1\" content=\"2 minutes\" \/>\n<script type=\"application\/ld+json\" class=\"yoast-schema-graph\">{\"@context\":\"https:\\\/\\\/schema.org\",\"@graph\":[{\"@type\":\"WebPage\",\"@id\":\"https:\\\/\\\/www.softub.ch\\\/produkt\\\/abenteuerliches-gartenhaus-von-weka-820\\\/\",\"url\":\"https:\\\/\\\/www.softub.ch\\\/produkt\\\/abenteuerliches-gartenhaus-von-weka-820\\\/\",\"name\":\"Abenteuerliches Gartenhaus von Weka - Modell 820 ein echtes Abenteuer\",\"isPartOf\":{\"@id\":\"https:\\\/\\\/www.softub.ch\\\/fr\\\/#website\"},\"primaryImageOfPage\":{\"@id\":\"https:\\\/\\\/www.softub.ch\\\/produkt\\\/abenteuerliches-gartenhaus-von-weka-820\\\/#primaryimage\"},\"image\":{\"@id\":\"https:\\\/\\\/www.softub.ch\\\/produkt\\\/abenteuerliches-gartenhaus-von-weka-820\\\/#primaryimage\"},\"thumbnailUrl\":\"https:\\\/\\\/www.softub.ch\\\/wp-content\\\/uploads\\\/Weka-Gartenhaus-820-Softub-Schweiz-0.jpg\",\"datePublished\":\"2020-07-02T06:43:39+00:00\",\"dateModified\":\"2025-01-16T12:45:44+00:00\",\"description\":\"Abenteuerliches Gartenhaus von Weka! Ob als rustikales Gartenhaus, Verkaufshau oder Partyhaus. Unvergessliche Stunden garantiert!\",\"breadcrumb\":{\"@id\":\"https:\\\/\\\/www.softub.ch\\\/produkt\\\/abenteuerliches-gartenhaus-von-weka-820\\\/#breadcrumb\"},\"inLanguage\":\"fr-FR\",\"potentialAction\":[{\"@type\":\"ReadAction\",\"target\":[\"https:\\\/\\\/www.softub.ch\\\/produkt\\\/abenteuerliches-gartenhaus-von-weka-820\\\/\"]}]},{\"@type\":\"ImageObject\",\"inLanguage\":\"fr-FR\",\"@id\":\"https:\\\/\\\/www.softub.ch\\\/produkt\\\/abenteuerliches-gartenhaus-von-weka-820\\\/#primaryimage\",\"url\":\"https:\\\/\\\/www.softub.ch\\\/wp-content\\\/uploads\\\/Weka-Gartenhaus-820-Softub-Schweiz-0.jpg\",\"contentUrl\":\"https:\\\/\\\/www.softub.ch\\\/wp-content\\\/uploads\\\/Weka-Gartenhaus-820-Softub-Schweiz-0.jpg\",\"width\":1910,\"height\":1080,\"caption\":\"Abenteuerliches Gartenhaus von Weka. Gartenhaus mit zwei Balken, Fenster und Einzelt\u00fcr. Softub Schweiz. Softub.\"},{\"@type\":\"BreadcrumbList\",\"@id\":\"https:\\\/\\\/www.softub.ch\\\/produkt\\\/abenteuerliches-gartenhaus-von-weka-820\\\/#breadcrumb\",\"itemListElement\":[{\"@type\":\"ListItem\",\"position\":1,\"name\":\"Startseite\",\"item\":\"https:\\\/\\\/www.softub.ch\\\/fr\\\/\"},{\"@type\":\"ListItem\",\"position\":2,\"name\":\"Shop\",\"item\":\"https:\\\/\\\/www.softub.ch\\\/fr\\\/softub-suisse-shop\\\/\"},{\"@type\":\"ListItem\",\"position\":3,\"name\":\"Weka Gartenhaus 820 &#8211; Ein echtes Erlebniss f\u00fcr Kinder\"}]},{\"@type\":\"WebSite\",\"@id\":\"https:\\\/\\\/www.softub.ch\\\/fr\\\/#website\",\"url\":\"https:\\\/\\\/www.softub.ch\\\/fr\\\/\",\"name\":\"Softub Schweiz\",\"description\":\"Softub - Wir machen Ferien Zuhause\",\"publisher\":{\"@id\":\"https:\\\/\\\/www.softub.ch\\\/fr\\\/#organization\"},\"potentialAction\":[{\"@type\":\"SearchAction\",\"target\":{\"@type\":\"EntryPoint\",\"urlTemplate\":\"https:\\\/\\\/www.softub.ch\\\/fr\\\/?s={search_term_string}\"},\"query-input\":{\"@type\":\"PropertyValueSpecification\",\"valueRequired\":true,\"valueName\":\"search_term_string\"}}],\"inLanguage\":\"fr-FR\"},{\"@type\":\"Organization\",\"@id\":\"https:\\\/\\\/www.softub.ch\\\/fr\\\/#organization\",\"name\":\"Softub Schweiz AG\",\"url\":\"https:\\\/\\\/www.softub.ch\\\/fr\\\/\",\"logo\":{\"@type\":\"ImageObject\",\"inLanguage\":\"fr-FR\",\"@id\":\"https:\\\/\\\/www.softub.ch\\\/fr\\\/#\\\/schema\\\/logo\\\/image\\\/\",\"url\":\"https:\\\/\\\/www.softub.ch\\\/wp-content\\\/uploads\\\/Softub-Logo-Softub-Schweiz-.png\",\"contentUrl\":\"https:\\\/\\\/www.softub.ch\\\/wp-content\\\/uploads\\\/Softub-Logo-Softub-Schweiz-.png\",\"width\":200,\"height\":73,\"caption\":\"Softub Schweiz AG\"},\"image\":{\"@id\":\"https:\\\/\\\/www.softub.ch\\\/fr\\\/#\\\/schema\\\/logo\\\/image\\\/\"},\"sameAs\":[\"https:\\\/\\\/www.facebook.com\\\/softubschweiz\",\"https:\\\/\\\/www.instagram.com\\\/softub_schweiz\\\/\",\"https:\\\/\\\/ch.pinterest.com\\\/softub_schweiz\\\/\",\"https:\\\/\\\/www.linkedin.com\\\/company\\\/softub-schweiz-ag\\\/\"]}]}<\/script>\n<!-- \/ Yoast SEO Premium plugin. -->","yoast_head_json":{"title":"Abenteuerliches Gartenhaus von Weka - Modell 820 ein echtes Abenteuer","description":"Abenteuerliches Gartenhaus von Weka! Ob als rustikales Gartenhaus, Verkaufshau oder Partyhaus. Unvergessliche Stunden garantiert!","robots":{"index":"index","follow":"follow","max-snippet":"max-snippet:-1","max-image-preview":"max-image-preview:large","max-video-preview":"max-video-preview:-1"},"canonical":"https:\/\/www.softub.ch\/produkt\/abenteuerliches-gartenhaus-von-weka-820\/","og_locale":"fr_FR","og_type":"article","og_title":"Weka Gartenhaus 820 - Ein echtes Erlebniss f\u00fcr Kinder","og_description":"Abenteuerliches Gartenhaus von Weka! Ob als rustikales Gartenhaus, Verkaufshau oder Partyhaus. Unvergessliche Stunden garantiert!","og_url":"https:\/\/www.softub.ch\/produkt\/abenteuerliches-gartenhaus-von-weka-820\/","og_site_name":"Softub Schweiz","article_publisher":"https:\/\/www.facebook.com\/softubschweiz","article_modified_time":"2025-01-16T12:45:44+00:00","og_image":[{"width":1910,"height":1080,"url":"https:\/\/www.softub.ch\/wp-content\/uploads\/Weka-Gartenhaus-820-Softub-Schweiz-0.jpg","type":"image\/jpeg"}],"twitter_card":"summary_large_image","twitter_misc":{"Dur\u00e9e de lecture estim\u00e9e":"2 minutes"},"schema":{"@context":"https:\/\/schema.org","@graph":[{"@type":"WebPage","@id":"https:\/\/www.softub.ch\/produkt\/abenteuerliches-gartenhaus-von-weka-820\/","url":"https:\/\/www.softub.ch\/produkt\/abenteuerliches-gartenhaus-von-weka-820\/","name":"Abenteuerliches Gartenhaus von Weka - Modell 820 ein echtes Abenteuer","isPartOf":{"@id":"https:\/\/www.softub.ch\/fr\/#website"},"primaryImageOfPage":{"@id":"https:\/\/www.softub.ch\/produkt\/abenteuerliches-gartenhaus-von-weka-820\/#primaryimage"},"image":{"@id":"https:\/\/www.softub.ch\/produkt\/abenteuerliches-gartenhaus-von-weka-820\/#primaryimage"},"thumbnailUrl":"https:\/\/www.softub.ch\/wp-content\/uploads\/Weka-Gartenhaus-820-Softub-Schweiz-0.jpg","datePublished":"2020-07-02T06:43:39+00:00","dateModified":"2025-01-16T12:45:44+00:00","description":"Abenteuerliches Gartenhaus von Weka! Ob als rustikales Gartenhaus, Verkaufshau oder Partyhaus. Unvergessliche Stunden garantiert!","breadcrumb":{"@id":"https:\/\/www.softub.ch\/produkt\/abenteuerliches-gartenhaus-von-weka-820\/#breadcrumb"},"inLanguage":"fr-FR","potentialAction":[{"@type":"ReadAction","target":["https:\/\/www.softub.ch\/produkt\/abenteuerliches-gartenhaus-von-weka-820\/"]}]},{"@type":"ImageObject","inLanguage":"fr-FR","@id":"https:\/\/www.softub.ch\/produkt\/abenteuerliches-gartenhaus-von-weka-820\/#primaryimage","url":"https:\/\/www.softub.ch\/wp-content\/uploads\/Weka-Gartenhaus-820-Softub-Schweiz-0.jpg","contentUrl":"https:\/\/www.softub.ch\/wp-content\/uploads\/Weka-Gartenhaus-820-Softub-Schweiz-0.jpg","width":1910,"height":1080,"caption":"Abenteuerliches Gartenhaus von Weka. Gartenhaus mit zwei Balken, Fenster und Einzelt\u00fcr. Softub Schweiz. Softub."},{"@type":"BreadcrumbList","@id":"https:\/\/www.softub.ch\/produkt\/abenteuerliches-gartenhaus-von-weka-820\/#breadcrumb","itemListElement":[{"@type":"ListItem","position":1,"name":"Startseite","item":"https:\/\/www.softub.ch\/fr\/"},{"@type":"ListItem","position":2,"name":"Shop","item":"https:\/\/www.softub.ch\/fr\/softub-suisse-shop\/"},{"@type":"ListItem","position":3,"name":"Weka Gartenhaus 820 &#8211; Ein echtes Erlebniss f\u00fcr Kinder"}]},{"@type":"WebSite","@id":"https:\/\/www.softub.ch\/fr\/#website","url":"https:\/\/www.softub.ch\/fr\/","name":"Softub Schweiz","description":"Softub - Wir machen Ferien Zuhause","publisher":{"@id":"https:\/\/www.softub.ch\/fr\/#organization"},"potentialAction":[{"@type":"SearchAction","target":{"@type":"EntryPoint","urlTemplate":"https:\/\/www.softub.ch\/fr\/?s={search_term_string}"},"query-input":{"@type":"PropertyValueSpecification","valueRequired":true,"valueName":"search_term_string"}}],"inLanguage":"fr-FR"},{"@type":"Organization","@id":"https:\/\/www.softub.ch\/fr\/#organization","name":"Softub Schweiz AG","url":"https:\/\/www.softub.ch\/fr\/","logo":{"@type":"ImageObject","inLanguage":"fr-FR","@id":"https:\/\/www.softub.ch\/fr\/#\/schema\/logo\/image\/","url":"https:\/\/www.softub.ch\/wp-content\/uploads\/Softub-Logo-Softub-Schweiz-.png","contentUrl":"https:\/\/www.softub.ch\/wp-content\/uploads\/Softub-Logo-Softub-Schweiz-.png","width":200,"height":73,"caption":"Softub Schweiz AG"},"image":{"@id":"https:\/\/www.softub.ch\/fr\/#\/schema\/logo\/image\/"},"sameAs":["https:\/\/www.facebook.com\/softubschweiz","https:\/\/www.instagram.com\/softub_schweiz\/","https:\/\/ch.pinterest.com\/softub_schweiz\/","https:\/\/www.linkedin.com\/company\/softub-schweiz-ag\/"]}]}},"_links":{"self":[{"href":"https:\/\/www.softub.ch\/fr\/wp-json\/wp\/v2\/product\/15939","targetHints":{"allow":["GET"]}}],"collection":[{"href":"https:\/\/www.softub.ch\/fr\/wp-json\/wp\/v2\/product"}],"about":[{"href":"https:\/\/www.softub.ch\/fr\/wp-json\/wp\/v2\/types\/product"}],"wp:featuredmedia":[{"embeddable":true,"href":"https:\/\/www.softub.ch\/fr\/wp-json\/wp\/v2\/media\/28964"}],"wp:attachment":[{"href":"https:\/\/www.softub.ch\/fr\/wp-json\/wp\/v2\/media?parent=15939"}],"wp:term":[{"taxonomy":"product_brand","embeddable":true,"href":"https:\/\/www.softub.ch\/fr\/wp-json\/wp\/v2\/product_brand?post=15939"},{"taxonomy":"product_cat","embeddable":true,"href":"https:\/\/www.softub.ch\/fr\/wp-json\/wp\/v2\/product_cat?post=15939"},{"taxonomy":"product_tag","embeddable":true,"href":"https:\/\/www.softub.ch\/fr\/wp-json\/wp\/v2\/product_tag?post=15939"},{"taxonomy":"woo-feed-brand","embeddable":true,"href":"https:\/\/www.softub.ch\/fr\/wp-json\/wp\/v2\/woo-feed-brand?post=15939"}],"curies":[{"name":"wp","href":"https:\/\/api.w.org\/{rel}","templated":true}]}}