{"id":16099,"date":"2020-07-14T11:29:11","date_gmt":"2020-07-14T11:29:11","guid":{"rendered":"http:\/\/www.softub.ch\/?post_type=product&#038;p=16099"},"modified":"2025-01-16T13:17:18","modified_gmt":"2025-01-16T12:17:18","slug":"weka-gartenhaus-mit-fensterfront","status":"publish","type":"product","link":"https:\/\/www.softub.ch\/fr\/produit\/weka-gartenhaus-mit-fensterfront\/","title":{"rendered":"Weka Gartenhaus 137 &#8211; mit grosser Fensterfront"},"content":{"rendered":"<h1><span style=\"color: #429bba;\">Weka Gartenhaus mit Fensterfront<\/span><\/h1>\n<p>Dieses Weka Gartenhaus mit Fensterfront zeichnet sich durch gen\u00fcgend Licht im Innenraum aus um die Tage in Ihrem Blockbohlenhaus zu geniessen.<\/p>\n<p>&nbsp;<\/p>\n<h3>Vorteile:<\/h3>\n<ul class=\"list-bullet-point\">\n<li class=\"list-bullet-point-item\">45 mm Wandst\u00e4rke<\/li>\n<li class=\"list-bullet-point-item\">19 mm Massivholz-Satteldach,<\/li>\n<li class=\"list-bullet-point-item\">Mit Vordach, inklusive St\u00fctzen, Abschlussblende und Querstrebe erh\u00e4ltlich<\/li>\n<li class=\"list-bullet-point-item\">19 mm Massivholzboden<\/li>\n<li class=\"list-bullet-point-item\">Zwei grosse, feststehende Fenster mit Kreuzsprossen<\/li>\n<li class=\"list-bullet-point-item\">Hochwertige Panorama-Doppelt\u00fcr inklusive Griffgarnitur<\/li>\n<\/ul>\n<h3><\/h3>\n<h3>Technische Daten:<\/h3>\n<ul>\n<li>Firsth\u00f6he 262 cm, Seitenwand 210 cm<\/li>\n<li>Bauweise: 45 mm Blockbohlen im klassischen Stecksystem<\/li>\n<li>Dach &amp; Boden: 19 mm Massivholz-Satteldach und Massivholzboden<\/li>\n<li>Fenster: 2 grosse, feststehende Fenster mit kreuzsprossen, Rahmenaussenmass B 49 x H 181 cm<\/li>\n<li>T\u00fcr: Rahmen-Doppelt\u00fcr: B 165 x H 173 cm<\/li>\n<li>Dachbelag: inkl. Bitumen-Dachbelag zur Ersteindeckung<\/li>\n<li>Dach\u00fcberst\u00e4nde: hinten 10 cm, Seiten ca. 40 cm<\/li>\n<li>Farbe: naturbelassen<\/li>\n<li>WEKA Vorteil: witterungsgesch\u00fctzte Unterkonstruktion<\/li>\n<\/ul>\n<p>&nbsp;<\/p>\n<h3>Serienausstattung:<\/h3>\n<p>Alle WEKA-Holzh\u00e4user zeichnen sich durch eine saubere Fertigung und Verarbeitung aus. Einige Details dieser Hochqualitative Gartenh\u00e4user zeigen sich durch:<\/p>\n<ul>\n<li>Massiver Holzboden<\/li>\n<li>Stabile, formsch\u00f6ne Eckverbindung<\/li>\n<li>Hochwertige Fenster<\/li>\n<\/ul>\n<p>&nbsp;<\/p>\n<h3>Bemassung (Tiefe x Breite cm) &amp; Variation:<\/h3>\n<p>In naturbelassener Farbe und zwei verschiedenen Gr\u00f6ssen erh\u00e4ltlich<\/p>\n<p>Weka Gartenhaus 137:<\/p>\n<ul>\n<li>Gr. 1: 300 x 380 cm + 60 cm Vordach<\/li>\n<li>Gr. 2: 380 x 380 cm + 60 cm Vordach<\/li>\n<\/ul>\n<p>Weka Gartenhaus 137 A inkl. St\u00fctzen, Abschlussblende und Querstrebe:<\/p>\n<ul>\n<li>Gr. 1: 300 x 380 cm + 200 cm Vordach<\/li>\n<li>Gr. 2: 380 x 380 cm + 200 cm Vordach<\/li>\n<\/ul>\n<p>Weka Gartenhaus 137 B inkl. St\u00fctzen, Abschlussblende und Querstrebe:<\/p>\n<ul>\n<li>Gr. 1: 300 x 380 cm + 200 cm Vordach &amp; Terrasse<\/li>\n<li>Gr. 2: 380 x 380 cm + 200 cm Vordach &amp; Terrasse<\/li>\n<\/ul>\n<p>&nbsp;<\/p>\n<h3>Montage:<\/h3>\n<p>F\u00fcr die Installation Ihres neuen Gartenhauses m\u00fcssen Sie sich keine Gedanken machen! Wir stellen Ihnen gerne unser Hauseigen, fachm\u00e4nnisches Installationsteam f\u00fcr die Montage zur Verf\u00fcgung. Das Weekendhaus von Weka!<\/p>\n<p>&nbsp;<\/p>\n<h3 data-fontsize=\"18\" data-lineheight=\"27\">Zubeh\u00f6r f\u00fcr Ihre pers\u00f6nliche Gartenoase:<\/h3>\n<p>Wir haben ein reichhaltiges Zubeh\u00f6rsortiment f\u00fcr Sie zusammengestellt, so dass Sie sich die passenden Produkte in Ruhe in unserem Onlineshop ausw\u00e4hlen k\u00f6nnen.<\/p>\n<p>Wenn Sie sich dar\u00fcber hinaus Ihre ganz pers\u00f6nliche Gartenoase schaffen wollen, so schauen Sie sich doch einfach unsere Softub <a href=\"https:\/\/softub.ch\/simply-relaxing\/softub-whirlpools\/\">Whirlpools<\/a> an \u2013 eventuell auch in Kombination mit einem <a href=\"https:\/\/meinschattenspender.ch\/\">Unosider-<\/a><a href=\"https:\/\/meinschattenspender.ch\/\">Pavillon<\/a>. Unsere Softubs sind bestens f\u00fcr den Sommer oder auch f\u00fcr den Winter geeignet.<\/p>\n<p>Wenn Sie zus\u00e4tzlichen Stauraum f\u00fcr Ihr pers\u00f6nliches Gartenzubeh\u00f6r brauchen, dann schauen Sie sich unseren\u00a0<a href=\"https:\/\/softub.ch\/produkt\/biohort-storemax-maximalen-stauraum-auf-wenig-platz\/\">biohort STOREMAX<\/a>\u00a0oder auch den<a href=\"https:\/\/softub.ch\/produkt\/biohort-highboard-das-formvollendete-multitalent-zum-aufbewahren\/\"> biohort HIGHBOARD<\/a> an. Ob als Stauraum f\u00fcr Kissen und Gartenutensilien oder auch als ideale Erg\u00e4nzung zu Ihrer Outdoor-K\u00fcche \u2013 alles ist witterungsgesch\u00fctzt und ordentlich verstaut.<\/p>\n<p>Wir beraten Sie gerne, telefonisch, in einem unserer Showrooms oder bei Ihnen Zuhause.<\/p>\n","protected":false},"excerpt":{"rendered":"<h1><span style=\"color: #429bba;\">Weka Gartenhaus mit Fensterfront<\/span><\/h1>\n<p>Mehr Spass. Mehr Zuhause. Mehr Entspannung.<\/p>\n<div class=\"product-detail-description lead text-secondary mb-5\">\n<div class=\"product-detail-description lead text-secondary mb-5\">\n<div class=\"product-detail-description lead text-secondary mb-5\">\n<p>Dieses formsch\u00f6ne 45 mm Blockbohlenhaus zeichnet sich durch die sch\u00f6ne Fensterfront aus. Gen\u00fcgend Licht im Innenraum um die Tage in Ihrem Weekendhaus zu geniessen. In diversen Variationen erh\u00e4ltlich mit Vordach und Terrasse.<\/p>\n<\/div>\n<\/div>\n<\/div>\n","protected":false},"featured_media":28937,"template":"","meta":{"_acf_changed":false},"product_brand":[],"product_cat":[6280],"product_tag":[9821,9822,834,803,3476,9977,865,833,820,3475,3477,821,5460,9979,2622,6651,10083,816,786,826,827,802,9990,10085,5459,2315,4949,10388,7615,5458,4077,822],"woo-feed-brand":[],"class_list":{"0":"post-16099","1":"product","2":"type-product","3":"status-publish","4":"has-post-thumbnail","6":"product_cat-abris-de-jardin-weka","7":"product_tag-debarras","8":"product_tag-salle-de-rangement","9":"product_tag-blockbohlen","10":"product_tag-draussen","11":"product_tag-fensterfront-gartenhaus","12":"product_tag-garten-fr","13":"product_tag-garten-zubehoer","14":"product_tag-gartendesign","15":"product_tag-gartenhaus","16":"product_tag-gartenhaus-mit-fensterfront","17":"product_tag-gartenhaus-mit-hellem-innenraum","18":"product_tag-gartenhaeuser","19":"product_tag-gartenhaeuser-schweiz","20":"product_tag-gartenoase-fr","21":"product_tag-helles-gartenhaus","22":"product_tag-bois","23":"product_tag-massivholz-fr","24":"product_tag-massivholzdach","25":"product_tag-modern","26":"product_tag-natur","27":"product_tag-naturbelassen","28":"product_tag-outdoor","29":"product_tag-praktisch-fr","30":"product_tag-qualitaet-fr","31":"product_tag-schweiz-gartenhaeuser","32":"product_tag-softub-fr-2","33":"product_tag-softub-suisse","34":"product_tag-fun","35":"product_tag-weka-fr","36":"product_tag-weka-gartenhaeuser-schweiz","37":"product_tag-weka-schweiz","38":"product_tag-zuhause","40":"first","41":"instock","42":"sale","43":"taxable","44":"shipping-taxable","45":"purchasable","46":"product-type-variable"},"acf":[],"yoast_head":"<!-- This site is optimized with the Yoast SEO Premium plugin v27.5 (Yoast SEO v27.5) - https:\/\/yoast.com\/product\/yoast-seo-premium-wordpress\/ -->\n<title>Weka Gartenhaus mit Fensterfront - Modell 137 f\u00fcr viel Licht<\/title>\n<meta name=\"description\" content=\"Dieses Weka Gartenhaus mit Fensterfront zeichnet sich durch gen\u00fcgend Licht im Innenraum aus um lange Wochenende zu geniessen.\" \/>\n<meta name=\"robots\" content=\"index, follow, max-snippet:-1, max-image-preview:large, max-video-preview:-1\" \/>\n<link rel=\"canonical\" href=\"https:\/\/www.softub.ch\/produkt\/weka-gartenhaus-mit-fensterfront\/\" \/>\n<meta property=\"og:locale\" content=\"fr_FR\" \/>\n<meta property=\"og:type\" content=\"article\" \/>\n<meta property=\"og:title\" content=\"Weka Gartenhaus 137 - mit grosser Fensterfront\" \/>\n<meta property=\"og:description\" content=\"Dieses Weka Gartenhaus mit Fensterfront zeichnet sich durch gen\u00fcgend Licht im Innenraum aus um lange Wochenende zu geniessen.\" \/>\n<meta property=\"og:url\" content=\"https:\/\/www.softub.ch\/produkt\/weka-gartenhaus-mit-fensterfront\/\" \/>\n<meta property=\"og:site_name\" content=\"Softub Schweiz\" \/>\n<meta property=\"article:publisher\" content=\"https:\/\/www.facebook.com\/softubschweiz\" \/>\n<meta property=\"article:modified_time\" content=\"2025-01-16T12:17:18+00:00\" \/>\n<meta property=\"og:image\" content=\"https:\/\/www.softub.ch\/wp-content\/uploads\/Weka-Weekendhaus-137-Gr.-1-Softub-Schweiz-0.jpg\" \/>\n\t<meta property=\"og:image:width\" content=\"1709\" \/>\n\t<meta property=\"og:image:height\" content=\"1080\" \/>\n\t<meta property=\"og:image:type\" content=\"image\/jpeg\" \/>\n<meta name=\"twitter:card\" content=\"summary_large_image\" \/>\n<meta name=\"twitter:label1\" content=\"Dur\u00e9e de lecture estim\u00e9e\" \/>\n\t<meta name=\"twitter:data1\" content=\"2 minutes\" \/>\n<script type=\"application\/ld+json\" class=\"yoast-schema-graph\">{\"@context\":\"https:\\\/\\\/schema.org\",\"@graph\":[{\"@type\":\"WebPage\",\"@id\":\"https:\\\/\\\/www.softub.ch\\\/produkt\\\/weka-gartenhaus-mit-fensterfront\\\/\",\"url\":\"https:\\\/\\\/www.softub.ch\\\/produkt\\\/weka-gartenhaus-mit-fensterfront\\\/\",\"name\":\"Weka Gartenhaus mit Fensterfront - Modell 137 f\u00fcr viel Licht\",\"isPartOf\":{\"@id\":\"https:\\\/\\\/www.softub.ch\\\/fr\\\/#website\"},\"primaryImageOfPage\":{\"@id\":\"https:\\\/\\\/www.softub.ch\\\/produkt\\\/weka-gartenhaus-mit-fensterfront\\\/#primaryimage\"},\"image\":{\"@id\":\"https:\\\/\\\/www.softub.ch\\\/produkt\\\/weka-gartenhaus-mit-fensterfront\\\/#primaryimage\"},\"thumbnailUrl\":\"https:\\\/\\\/www.softub.ch\\\/wp-content\\\/uploads\\\/Weka-Weekendhaus-137-Gr.-1-Softub-Schweiz-0.jpg\",\"datePublished\":\"2020-07-14T11:29:11+00:00\",\"dateModified\":\"2025-01-16T12:17:18+00:00\",\"description\":\"Dieses Weka Gartenhaus mit Fensterfront zeichnet sich durch gen\u00fcgend Licht im Innenraum aus um lange Wochenende zu geniessen.\",\"breadcrumb\":{\"@id\":\"https:\\\/\\\/www.softub.ch\\\/produkt\\\/weka-gartenhaus-mit-fensterfront\\\/#breadcrumb\"},\"inLanguage\":\"fr-FR\",\"potentialAction\":[{\"@type\":\"ReadAction\",\"target\":[\"https:\\\/\\\/www.softub.ch\\\/produkt\\\/weka-gartenhaus-mit-fensterfront\\\/\"]}]},{\"@type\":\"ImageObject\",\"inLanguage\":\"fr-FR\",\"@id\":\"https:\\\/\\\/www.softub.ch\\\/produkt\\\/weka-gartenhaus-mit-fensterfront\\\/#primaryimage\",\"url\":\"https:\\\/\\\/www.softub.ch\\\/wp-content\\\/uploads\\\/Weka-Weekendhaus-137-Gr.-1-Softub-Schweiz-0.jpg\",\"contentUrl\":\"https:\\\/\\\/www.softub.ch\\\/wp-content\\\/uploads\\\/Weka-Weekendhaus-137-Gr.-1-Softub-Schweiz-0.jpg\",\"width\":1709,\"height\":1080,\"caption\":\"Ein naturbelassenes Gartenhaus mit Satteldach und grosser Fensterfront.\"},{\"@type\":\"BreadcrumbList\",\"@id\":\"https:\\\/\\\/www.softub.ch\\\/produkt\\\/weka-gartenhaus-mit-fensterfront\\\/#breadcrumb\",\"itemListElement\":[{\"@type\":\"ListItem\",\"position\":1,\"name\":\"Startseite\",\"item\":\"https:\\\/\\\/www.softub.ch\\\/fr\\\/\"},{\"@type\":\"ListItem\",\"position\":2,\"name\":\"Shop\",\"item\":\"https:\\\/\\\/www.softub.ch\\\/fr\\\/softub-suisse-shop\\\/\"},{\"@type\":\"ListItem\",\"position\":3,\"name\":\"Weka Gartenhaus 137 &#8211; mit grosser Fensterfront\"}]},{\"@type\":\"WebSite\",\"@id\":\"https:\\\/\\\/www.softub.ch\\\/fr\\\/#website\",\"url\":\"https:\\\/\\\/www.softub.ch\\\/fr\\\/\",\"name\":\"Softub Schweiz\",\"description\":\"Softub - Wir machen Ferien Zuhause\",\"publisher\":{\"@id\":\"https:\\\/\\\/www.softub.ch\\\/fr\\\/#organization\"},\"potentialAction\":[{\"@type\":\"SearchAction\",\"target\":{\"@type\":\"EntryPoint\",\"urlTemplate\":\"https:\\\/\\\/www.softub.ch\\\/fr\\\/?s={search_term_string}\"},\"query-input\":{\"@type\":\"PropertyValueSpecification\",\"valueRequired\":true,\"valueName\":\"search_term_string\"}}],\"inLanguage\":\"fr-FR\"},{\"@type\":\"Organization\",\"@id\":\"https:\\\/\\\/www.softub.ch\\\/fr\\\/#organization\",\"name\":\"Softub Schweiz AG\",\"url\":\"https:\\\/\\\/www.softub.ch\\\/fr\\\/\",\"logo\":{\"@type\":\"ImageObject\",\"inLanguage\":\"fr-FR\",\"@id\":\"https:\\\/\\\/www.softub.ch\\\/fr\\\/#\\\/schema\\\/logo\\\/image\\\/\",\"url\":\"https:\\\/\\\/www.softub.ch\\\/wp-content\\\/uploads\\\/Softub-Logo-Softub-Schweiz-.png\",\"contentUrl\":\"https:\\\/\\\/www.softub.ch\\\/wp-content\\\/uploads\\\/Softub-Logo-Softub-Schweiz-.png\",\"width\":200,\"height\":73,\"caption\":\"Softub Schweiz AG\"},\"image\":{\"@id\":\"https:\\\/\\\/www.softub.ch\\\/fr\\\/#\\\/schema\\\/logo\\\/image\\\/\"},\"sameAs\":[\"https:\\\/\\\/www.facebook.com\\\/softubschweiz\",\"https:\\\/\\\/www.instagram.com\\\/softub_schweiz\\\/\",\"https:\\\/\\\/ch.pinterest.com\\\/softub_schweiz\\\/\",\"https:\\\/\\\/www.linkedin.com\\\/company\\\/softub-schweiz-ag\\\/\"]}]}<\/script>\n<!-- \/ Yoast SEO Premium plugin. -->","yoast_head_json":{"title":"Weka Gartenhaus mit Fensterfront - Modell 137 f\u00fcr viel Licht","description":"Dieses Weka Gartenhaus mit Fensterfront zeichnet sich durch gen\u00fcgend Licht im Innenraum aus um lange Wochenende zu geniessen.","robots":{"index":"index","follow":"follow","max-snippet":"max-snippet:-1","max-image-preview":"max-image-preview:large","max-video-preview":"max-video-preview:-1"},"canonical":"https:\/\/www.softub.ch\/produkt\/weka-gartenhaus-mit-fensterfront\/","og_locale":"fr_FR","og_type":"article","og_title":"Weka Gartenhaus 137 - mit grosser Fensterfront","og_description":"Dieses Weka Gartenhaus mit Fensterfront zeichnet sich durch gen\u00fcgend Licht im Innenraum aus um lange Wochenende zu geniessen.","og_url":"https:\/\/www.softub.ch\/produkt\/weka-gartenhaus-mit-fensterfront\/","og_site_name":"Softub Schweiz","article_publisher":"https:\/\/www.facebook.com\/softubschweiz","article_modified_time":"2025-01-16T12:17:18+00:00","og_image":[{"width":1709,"height":1080,"url":"https:\/\/www.softub.ch\/wp-content\/uploads\/Weka-Weekendhaus-137-Gr.-1-Softub-Schweiz-0.jpg","type":"image\/jpeg"}],"twitter_card":"summary_large_image","twitter_misc":{"Dur\u00e9e de lecture estim\u00e9e":"2 minutes"},"schema":{"@context":"https:\/\/schema.org","@graph":[{"@type":"WebPage","@id":"https:\/\/www.softub.ch\/produkt\/weka-gartenhaus-mit-fensterfront\/","url":"https:\/\/www.softub.ch\/produkt\/weka-gartenhaus-mit-fensterfront\/","name":"Weka Gartenhaus mit Fensterfront - Modell 137 f\u00fcr viel Licht","isPartOf":{"@id":"https:\/\/www.softub.ch\/fr\/#website"},"primaryImageOfPage":{"@id":"https:\/\/www.softub.ch\/produkt\/weka-gartenhaus-mit-fensterfront\/#primaryimage"},"image":{"@id":"https:\/\/www.softub.ch\/produkt\/weka-gartenhaus-mit-fensterfront\/#primaryimage"},"thumbnailUrl":"https:\/\/www.softub.ch\/wp-content\/uploads\/Weka-Weekendhaus-137-Gr.-1-Softub-Schweiz-0.jpg","datePublished":"2020-07-14T11:29:11+00:00","dateModified":"2025-01-16T12:17:18+00:00","description":"Dieses Weka Gartenhaus mit Fensterfront zeichnet sich durch gen\u00fcgend Licht im Innenraum aus um lange Wochenende zu geniessen.","breadcrumb":{"@id":"https:\/\/www.softub.ch\/produkt\/weka-gartenhaus-mit-fensterfront\/#breadcrumb"},"inLanguage":"fr-FR","potentialAction":[{"@type":"ReadAction","target":["https:\/\/www.softub.ch\/produkt\/weka-gartenhaus-mit-fensterfront\/"]}]},{"@type":"ImageObject","inLanguage":"fr-FR","@id":"https:\/\/www.softub.ch\/produkt\/weka-gartenhaus-mit-fensterfront\/#primaryimage","url":"https:\/\/www.softub.ch\/wp-content\/uploads\/Weka-Weekendhaus-137-Gr.-1-Softub-Schweiz-0.jpg","contentUrl":"https:\/\/www.softub.ch\/wp-content\/uploads\/Weka-Weekendhaus-137-Gr.-1-Softub-Schweiz-0.jpg","width":1709,"height":1080,"caption":"Ein naturbelassenes Gartenhaus mit Satteldach und grosser Fensterfront."},{"@type":"BreadcrumbList","@id":"https:\/\/www.softub.ch\/produkt\/weka-gartenhaus-mit-fensterfront\/#breadcrumb","itemListElement":[{"@type":"ListItem","position":1,"name":"Startseite","item":"https:\/\/www.softub.ch\/fr\/"},{"@type":"ListItem","position":2,"name":"Shop","item":"https:\/\/www.softub.ch\/fr\/softub-suisse-shop\/"},{"@type":"ListItem","position":3,"name":"Weka Gartenhaus 137 &#8211; mit grosser Fensterfront"}]},{"@type":"WebSite","@id":"https:\/\/www.softub.ch\/fr\/#website","url":"https:\/\/www.softub.ch\/fr\/","name":"Softub Schweiz","description":"Softub - Wir machen Ferien Zuhause","publisher":{"@id":"https:\/\/www.softub.ch\/fr\/#organization"},"potentialAction":[{"@type":"SearchAction","target":{"@type":"EntryPoint","urlTemplate":"https:\/\/www.softub.ch\/fr\/?s={search_term_string}"},"query-input":{"@type":"PropertyValueSpecification","valueRequired":true,"valueName":"search_term_string"}}],"inLanguage":"fr-FR"},{"@type":"Organization","@id":"https:\/\/www.softub.ch\/fr\/#organization","name":"Softub Schweiz AG","url":"https:\/\/www.softub.ch\/fr\/","logo":{"@type":"ImageObject","inLanguage":"fr-FR","@id":"https:\/\/www.softub.ch\/fr\/#\/schema\/logo\/image\/","url":"https:\/\/www.softub.ch\/wp-content\/uploads\/Softub-Logo-Softub-Schweiz-.png","contentUrl":"https:\/\/www.softub.ch\/wp-content\/uploads\/Softub-Logo-Softub-Schweiz-.png","width":200,"height":73,"caption":"Softub Schweiz AG"},"image":{"@id":"https:\/\/www.softub.ch\/fr\/#\/schema\/logo\/image\/"},"sameAs":["https:\/\/www.facebook.com\/softubschweiz","https:\/\/www.instagram.com\/softub_schweiz\/","https:\/\/ch.pinterest.com\/softub_schweiz\/","https:\/\/www.linkedin.com\/company\/softub-schweiz-ag\/"]}]}},"_links":{"self":[{"href":"https:\/\/www.softub.ch\/fr\/wp-json\/wp\/v2\/product\/16099","targetHints":{"allow":["GET"]}}],"collection":[{"href":"https:\/\/www.softub.ch\/fr\/wp-json\/wp\/v2\/product"}],"about":[{"href":"https:\/\/www.softub.ch\/fr\/wp-json\/wp\/v2\/types\/product"}],"wp:featuredmedia":[{"embeddable":true,"href":"https:\/\/www.softub.ch\/fr\/wp-json\/wp\/v2\/media\/28937"}],"wp:attachment":[{"href":"https:\/\/www.softub.ch\/fr\/wp-json\/wp\/v2\/media?parent=16099"}],"wp:term":[{"taxonomy":"product_brand","embeddable":true,"href":"https:\/\/www.softub.ch\/fr\/wp-json\/wp\/v2\/product_brand?post=16099"},{"taxonomy":"product_cat","embeddable":true,"href":"https:\/\/www.softub.ch\/fr\/wp-json\/wp\/v2\/product_cat?post=16099"},{"taxonomy":"product_tag","embeddable":true,"href":"https:\/\/www.softub.ch\/fr\/wp-json\/wp\/v2\/product_tag?post=16099"},{"taxonomy":"woo-feed-brand","embeddable":true,"href":"https:\/\/www.softub.ch\/fr\/wp-json\/wp\/v2\/woo-feed-brand?post=16099"}],"curies":[{"name":"wp","href":"https:\/\/api.w.org\/{rel}","templated":true}]}}