{"id":16182,"date":"2020-07-15T12:24:29","date_gmt":"2020-07-15T12:24:29","guid":{"rendered":"http:\/\/www.softub.ch\/?post_type=product&#038;p=16182"},"modified":"2025-01-18T15:27:55","modified_gmt":"2025-01-18T14:27:55","slug":"das-bewohnbare-weka-weekendhaus-155","status":"publish","type":"product","link":"https:\/\/www.softub.ch\/fr\/produit\/das-bewohnbare-weka-weekendhaus-155\/","title":{"rendered":"Weka Weekendhaus 155 &#8211; Ein Haus auf zwei Etagen"},"content":{"rendered":"<h1><span style=\"color: #429bba\">Das bewohnbare Weka Weekendhaus<\/span><\/h1>\n<p>Grossz\u00fcgig mit drei R\u00e4umen und komfortablem Schlafboden l\u00e4sst das bewohnbare Weka Weekendhaus 155 keine W\u00fcnsche offen. Es ist perfekt f\u00fcr eine kleine Auszeit am Wochenende. Mit echter Premium-Qualit\u00e4t und besonders hohe Stabilit\u00e4t und Lebensdauer ist dieses Haus ein echter Hingucker.<\/p>\n<p>&nbsp;<\/p>\n<h3>Vorteile:<\/h3>\n<ul class=\"list-bullet-point\">\n<li class=\"list-bullet-point-item\">45 mm Wandst\u00e4rke<\/li>\n<li class=\"list-bullet-point-item\">zwei Etagen, mit Schlafboden und zwei Nebenr\u00e4umen<\/li>\n<li class=\"list-bullet-point-item\">19 mm Massivholzboden, 19 mm Massivholz-Satteldach<\/li>\n<li class=\"list-bullet-point-item\">sechs Dreh-\/ Kippfenster<\/li>\n<li class=\"list-bullet-point-item\">extra hohe Panorama-Doppelt\u00fcr und Zusatz-Einzelt\u00fcr f\u00fcr Nebenraum inklusive Griffgarnitur<\/li>\n<\/ul>\n<p>&nbsp;<\/p>\n<h3>Technische Daten:<\/h3>\n<ul>\n<li>Firsth\u00f6he: 358\u00a0cm<\/li>\n<li>Extra hohe Seitenwand: 255 cm<\/li>\n<li>Bauweise: 45 mm Blockbohlen im klassischen Stecksystem<\/li>\n<li>Dach &amp; Boden: 19 mm Massivholz-Satteldach und Massivholzboden<\/li>\n<li>Fenster: 6 Dreh-\/Kippfenster<\/li>\n<li>T\u00fcr: Extra hohe Rahmen-Doppelt\u00fcr B 165 x H 195 cm, inkl. hochwertiger Griffgarnitur mit Profilzylinderschloss und 3 Schl\u00fcsseln<\/li>\n<li>Dachbelag: inkl. Bitumen-Dachbelag zur Ersteindeckung<\/li>\n<li>Dach\u00fcberst\u00e4nde: hinten 30 cm, Seiten ca. 35 cm<\/li>\n<li>Farbe: naturbelassen<\/li>\n<li>WEKA Vorteil: witterungsgesch\u00fctzte Unterkonstruktion<\/li>\n<\/ul>\n<p>&nbsp;<\/p>\n<h3>Bemassung (L\u00e4nge x Breite cm) &amp; Variation:<\/h3>\n<ul>\n<li>Erdgeschoss: 560 x 430 + 100 cm Vordach draussen<\/li>\n<li>Schlafboden im Obergeschoss: 180 x 430 cm<\/li>\n<\/ul>\n<p>&nbsp;<\/p>\n<h3>Das Besondere an dieser Auswahl:<\/h3>\n<ul>\n<li><b>Das Premium Weekendhaus mit 3 R\u00e4umen und 2 Etagen: <\/b>Das riesige Weka Weekendhaus 155 besticht durch seine hohe Qualit\u00e4t &amp; Vielseitigkeit. Dieses aus 45 mm starken Blockbohlen gefertigte Weekendhaus bietet mit einem grossen Wohnraum, zwei Nebenr\u00e4umen und einem extra Schlafboden genug Platz f\u00fcr die ganze Familie.<\/li>\n<li>Das ist Premium-Qualit\u00e4t\n<ul>\n<li>Deutlich mehr Raumvolumen: dank extra hoher Seitenw\u00e4nde und extra hohem Dachfirst<\/li>\n<li>Besonders hohe Stabilit\u00e4t &amp; lange Lebensdauer: dank extra dickem 19 mm Massivholzboden und -dach mit zus\u00e4tzlichen Dachpfetten<\/li>\n<li>Sicherheit, Optik und Funktion: dank hochwertiger Rahment\u00fcr und Profilzylinderschloss<\/li>\n<\/ul>\n<\/li>\n<\/ul>\n<p>&nbsp;<\/p>\n<h3>Montage:<\/h3>\n<p>F\u00fcr die Installation Ihres neuen Gartenhauses m\u00fcssen Sie sich keine Gedanken machen! Wir stellen Ihnen gerne unser Hauseigen, fachm\u00e4nnisches Installationsteam f\u00fcr die Montage zur Verf\u00fcgung.<\/p>\n<p>&nbsp;<\/p>\n<h3 data-fontsize=\"18\" data-lineheight=\"27\">Zubeh\u00f6r f\u00fcr Ihre pers\u00f6nliche Gartenoase:<\/h3>\n<p>Wir haben ein reichhaltiges Zubeh\u00f6rsortiment f\u00fcr Sie zusammengestellt, so dass Sie sich die passenden Produkte in Ruhe in unserem Onlineshop ausw\u00e4hlen k\u00f6nnen.<\/p>\n<p>Wenn Sie sich dar\u00fcber hinaus Ihre ganz pers\u00f6nliche Gartenoase schaffen wollen, so schauen Sie sich doch einfach unsere Softub <a href=\"https:\/\/softub.ch\/simply-relaxing\/softub-whirlpools\/\">Whirlpools<\/a> an \u2013 eventuell auch in Kombination mit einem <a href=\"https:\/\/meinschattenspender.ch\/\">Unosider-<\/a><a href=\"https:\/\/meinschattenspender.ch\/\">Pavillon<\/a>. Unsere Softubs sind bestens f\u00fcr den Sommer oder auch f\u00fcr den Winter geeignet.<\/p>\n<p>Wenn Sie zus\u00e4tzlichen Stauraum f\u00fcr Ihr pers\u00f6nliches Gartenzubeh\u00f6r brauchen, dann schauen Sie sich unseren\u00a0<a href=\"https:\/\/softub.ch\/produkt\/biohort-storemax-maximalen-stauraum-auf-wenig-platz\/\">biohort STOREMAX<\/a>\u00a0oder auch den<a href=\"https:\/\/softub.ch\/produkt\/biohort-highboard-das-formvollendete-multitalent-zum-aufbewahren\/\"> biohort HIGHBOARD<\/a> an. Ob als Stauraum f\u00fcr Kissen oder Gartenutensilien oder auch als ideale Erg\u00e4nzung zu Ihrer Outdoor-K\u00fcche \u2013 alles ist witterungsgesch\u00fctzt und ordentlich verstaut.<\/p>\n<p>Wir beraten Sie gerne, telefonisch, in einem unserer Showrooms oder bei Ihnen Zuhause.<\/p>\n","protected":false},"excerpt":{"rendered":"<h1><span style=\"color: #429bba\">Das Bewohnbare Weka Weekendhaus<\/span><\/h1>\n<p>Mehr Spass. Mehr Zuhause. Mehr Entspannung.<\/p>\n<div class=\"product-detail-description lead text-secondary mb-5\">\n<div class=\"product-detail-description lead text-secondary mb-5\">\n<div class=\"product-detail-description lead text-secondary mb-5\">\n<p>Grossz\u00fcgig mit drei R\u00e4umen und komfortablem Schlafboden l\u00e4sst das exklusive Weekendhaus 155 keine W\u00fcnsche offen. Es ist perfekt f\u00fcr eine kleine Auszeit am Wochenende. Mit echter Premium-Qualit\u00e4t und besonders hohe Stabilit\u00e4t und Lebensdauer ist dieses Haus ein echter Hingucker.<\/p>\n<ul>\n<li>3 R\u00e4ume<\/li>\n<li>2 Etagen<\/li>\n<li>L\u00e4nge 560 x Breite 430 cm<\/li>\n<\/ul>\n<\/div>\n<\/div>\n<\/div>\n","protected":false},"featured_media":16189,"template":"","meta":{"_acf_changed":false},"product_brand":[],"product_cat":[1171],"product_tag":[837,810,834,803,857,789,865,833,820,821,835,795,764,816,786,826,827,802,859,776,567,1179,3040,823,431,822],"woo-feed-brand":[],"class_list":{"0":"post-16182","1":"product","2":"type-product","3":"status-publish","4":"has-post-thumbnail","6":"product_cat-wochenendhaeuser","7":"product_tag-abstellplatz","8":"product_tag-abstellraum","9":"product_tag-blockbohlen","10":"product_tag-draussen","11":"product_tag-flachdach","12":"product_tag-garten","13":"product_tag-garten-zubehoer","14":"product_tag-gartendesign","15":"product_tag-gartenhaus","16":"product_tag-gartenhaeuser","17":"product_tag-gartenoase","18":"product_tag-holz","19":"product_tag-massivholz","20":"product_tag-massivholzdach","21":"product_tag-modern","22":"product_tag-natur","23":"product_tag-naturbelassen","24":"product_tag-outdoor","25":"product_tag-praktisch","26":"product_tag-qualitaet","27":"product_tag-softub","28":"product_tag-softub-schweiz","29":"product_tag-softub-schweiz-ag","30":"product_tag-spass","31":"product_tag-weka","32":"product_tag-zuhause","33":"product_shipping_class-lkw-mit-kran-650","35":"first","36":"instock","37":"sale","38":"taxable","39":"shipping-taxable","40":"purchasable","41":"product-type-simple"},"acf":[],"yoast_head":"<!-- This site is optimized with the Yoast SEO Premium plugin v27.4 (Yoast SEO v27.4) - https:\/\/yoast.com\/product\/yoast-seo-premium-wordpress\/ -->\n<title>Das bewohnbare Weka Weekendhaus - Modell 155 mit zwei Etagen<\/title>\n<meta name=\"description\" content=\"Das Bewohnbare Weka Weekendhaus ist echte Premium-Qualit\u00e4t mit besonders hohe Stabilit\u00e4t und Lebensdauer. Ein Haus zwei Etagen in Ihrem Garten.\" \/>\n<meta name=\"robots\" content=\"index, follow, max-snippet:-1, max-image-preview:large, max-video-preview:-1\" \/>\n<link rel=\"canonical\" href=\"https:\/\/www.softub.ch\/produkt\/das-bewohnbare-weka-weekendhaus-155\/\" \/>\n<meta property=\"og:locale\" content=\"fr_FR\" \/>\n<meta property=\"og:type\" content=\"article\" \/>\n<meta property=\"og:title\" content=\"Weka Weekendhaus 155 - Ein Haus auf zwei Etagen\" \/>\n<meta property=\"og:description\" content=\"Das Bewohnbare Weka Weekendhaus ist echte Premium-Qualit\u00e4t mit besonders hohe Stabilit\u00e4t und Lebensdauer. Ein Haus zwei Etagen in Ihrem Garten.\" \/>\n<meta property=\"og:url\" content=\"https:\/\/www.softub.ch\/produkt\/das-bewohnbare-weka-weekendhaus-155\/\" \/>\n<meta property=\"og:site_name\" content=\"Softub Schweiz\" \/>\n<meta property=\"article:publisher\" content=\"https:\/\/www.facebook.com\/softubschweiz\" \/>\n<meta property=\"article:modified_time\" content=\"2025-01-18T14:27:55+00:00\" \/>\n<meta property=\"og:image\" content=\"https:\/\/www.softub.ch\/wp-content\/uploads\/Weekendhaus-155-0-.jpg\" \/>\n\t<meta property=\"og:image:width\" content=\"1024\" \/>\n\t<meta property=\"og:image:height\" content=\"768\" \/>\n\t<meta property=\"og:image:type\" content=\"image\/jpeg\" \/>\n<meta name=\"twitter:card\" content=\"summary_large_image\" \/>\n<meta name=\"twitter:label1\" content=\"Dur\u00e9e de lecture estim\u00e9e\" \/>\n\t<meta name=\"twitter:data1\" content=\"2 minutes\" \/>\n<script type=\"application\/ld+json\" class=\"yoast-schema-graph\">{\"@context\":\"https:\\\/\\\/schema.org\",\"@graph\":[{\"@type\":\"WebPage\",\"@id\":\"https:\\\/\\\/www.softub.ch\\\/produkt\\\/das-bewohnbare-weka-weekendhaus-155\\\/\",\"url\":\"https:\\\/\\\/www.softub.ch\\\/produkt\\\/das-bewohnbare-weka-weekendhaus-155\\\/\",\"name\":\"Das bewohnbare Weka Weekendhaus - Modell 155 mit zwei Etagen\",\"isPartOf\":{\"@id\":\"https:\\\/\\\/www.softub.ch\\\/fr\\\/#website\"},\"primaryImageOfPage\":{\"@id\":\"https:\\\/\\\/www.softub.ch\\\/produkt\\\/das-bewohnbare-weka-weekendhaus-155\\\/#primaryimage\"},\"image\":{\"@id\":\"https:\\\/\\\/www.softub.ch\\\/produkt\\\/das-bewohnbare-weka-weekendhaus-155\\\/#primaryimage\"},\"thumbnailUrl\":\"https:\\\/\\\/www.softub.ch\\\/wp-content\\\/uploads\\\/Weekendhaus-155-0-.jpg\",\"datePublished\":\"2020-07-15T12:24:29+00:00\",\"dateModified\":\"2025-01-18T14:27:55+00:00\",\"description\":\"Das Bewohnbare Weka Weekendhaus ist echte Premium-Qualit\u00e4t mit besonders hohe Stabilit\u00e4t und Lebensdauer. Ein Haus zwei Etagen in Ihrem Garten.\",\"breadcrumb\":{\"@id\":\"https:\\\/\\\/www.softub.ch\\\/produkt\\\/das-bewohnbare-weka-weekendhaus-155\\\/#breadcrumb\"},\"inLanguage\":\"fr-FR\",\"potentialAction\":[{\"@type\":\"ReadAction\",\"target\":[\"https:\\\/\\\/www.softub.ch\\\/produkt\\\/das-bewohnbare-weka-weekendhaus-155\\\/\"]}]},{\"@type\":\"ImageObject\",\"inLanguage\":\"fr-FR\",\"@id\":\"https:\\\/\\\/www.softub.ch\\\/produkt\\\/das-bewohnbare-weka-weekendhaus-155\\\/#primaryimage\",\"url\":\"https:\\\/\\\/www.softub.ch\\\/wp-content\\\/uploads\\\/Weekendhaus-155-0-.jpg\",\"contentUrl\":\"https:\\\/\\\/www.softub.ch\\\/wp-content\\\/uploads\\\/Weekendhaus-155-0-.jpg\",\"width\":1024,\"height\":768,\"caption\":\"Ein grosses, doppelst\u00f6ckiges Gartenhaus aus Holz mit spitzem Dach und weisse B\u00e4nke und St\u00fchle vor einem Pool. Das Haus ist Doppelst\u00f6ckig. Gartenh\u00e4user von Weka. Gartenausstattung Zubeh\u00f6r\"},{\"@type\":\"BreadcrumbList\",\"@id\":\"https:\\\/\\\/www.softub.ch\\\/produkt\\\/das-bewohnbare-weka-weekendhaus-155\\\/#breadcrumb\",\"itemListElement\":[{\"@type\":\"ListItem\",\"position\":1,\"name\":\"Startseite\",\"item\":\"https:\\\/\\\/www.softub.ch\\\/fr\\\/\"},{\"@type\":\"ListItem\",\"position\":2,\"name\":\"Shop\",\"item\":\"https:\\\/\\\/www.softub.ch\\\/fr\\\/softub-suisse-shop\\\/\"},{\"@type\":\"ListItem\",\"position\":3,\"name\":\"Weka Weekendhaus 155 &#8211; Ein Haus auf zwei Etagen\"}]},{\"@type\":\"WebSite\",\"@id\":\"https:\\\/\\\/www.softub.ch\\\/fr\\\/#website\",\"url\":\"https:\\\/\\\/www.softub.ch\\\/fr\\\/\",\"name\":\"Softub Schweiz\",\"description\":\"Softub - Wir machen Ferien Zuhause\",\"publisher\":{\"@id\":\"https:\\\/\\\/www.softub.ch\\\/fr\\\/#organization\"},\"potentialAction\":[{\"@type\":\"SearchAction\",\"target\":{\"@type\":\"EntryPoint\",\"urlTemplate\":\"https:\\\/\\\/www.softub.ch\\\/fr\\\/?s={search_term_string}\"},\"query-input\":{\"@type\":\"PropertyValueSpecification\",\"valueRequired\":true,\"valueName\":\"search_term_string\"}}],\"inLanguage\":\"fr-FR\"},{\"@type\":\"Organization\",\"@id\":\"https:\\\/\\\/www.softub.ch\\\/fr\\\/#organization\",\"name\":\"Softub Schweiz AG\",\"url\":\"https:\\\/\\\/www.softub.ch\\\/fr\\\/\",\"logo\":{\"@type\":\"ImageObject\",\"inLanguage\":\"fr-FR\",\"@id\":\"https:\\\/\\\/www.softub.ch\\\/fr\\\/#\\\/schema\\\/logo\\\/image\\\/\",\"url\":\"https:\\\/\\\/www.softub.ch\\\/wp-content\\\/uploads\\\/Softub-Logo-Softub-Schweiz-.png\",\"contentUrl\":\"https:\\\/\\\/www.softub.ch\\\/wp-content\\\/uploads\\\/Softub-Logo-Softub-Schweiz-.png\",\"width\":200,\"height\":73,\"caption\":\"Softub Schweiz AG\"},\"image\":{\"@id\":\"https:\\\/\\\/www.softub.ch\\\/fr\\\/#\\\/schema\\\/logo\\\/image\\\/\"},\"sameAs\":[\"https:\\\/\\\/www.facebook.com\\\/softubschweiz\",\"https:\\\/\\\/www.instagram.com\\\/softub_schweiz\\\/\",\"https:\\\/\\\/ch.pinterest.com\\\/softub_schweiz\\\/\",\"https:\\\/\\\/www.linkedin.com\\\/company\\\/softub-schweiz-ag\\\/\"]}]}<\/script>\n<!-- \/ Yoast SEO Premium plugin. -->","yoast_head_json":{"title":"Das bewohnbare Weka Weekendhaus - Modell 155 mit zwei Etagen","description":"Das Bewohnbare Weka Weekendhaus ist echte Premium-Qualit\u00e4t mit besonders hohe Stabilit\u00e4t und Lebensdauer. Ein Haus zwei Etagen in Ihrem Garten.","robots":{"index":"index","follow":"follow","max-snippet":"max-snippet:-1","max-image-preview":"max-image-preview:large","max-video-preview":"max-video-preview:-1"},"canonical":"https:\/\/www.softub.ch\/produkt\/das-bewohnbare-weka-weekendhaus-155\/","og_locale":"fr_FR","og_type":"article","og_title":"Weka Weekendhaus 155 - Ein Haus auf zwei Etagen","og_description":"Das Bewohnbare Weka Weekendhaus ist echte Premium-Qualit\u00e4t mit besonders hohe Stabilit\u00e4t und Lebensdauer. Ein Haus zwei Etagen in Ihrem Garten.","og_url":"https:\/\/www.softub.ch\/produkt\/das-bewohnbare-weka-weekendhaus-155\/","og_site_name":"Softub Schweiz","article_publisher":"https:\/\/www.facebook.com\/softubschweiz","article_modified_time":"2025-01-18T14:27:55+00:00","og_image":[{"width":1024,"height":768,"url":"https:\/\/www.softub.ch\/wp-content\/uploads\/Weekendhaus-155-0-.jpg","type":"image\/jpeg"}],"twitter_card":"summary_large_image","twitter_misc":{"Dur\u00e9e de lecture estim\u00e9e":"2 minutes"},"schema":{"@context":"https:\/\/schema.org","@graph":[{"@type":"WebPage","@id":"https:\/\/www.softub.ch\/produkt\/das-bewohnbare-weka-weekendhaus-155\/","url":"https:\/\/www.softub.ch\/produkt\/das-bewohnbare-weka-weekendhaus-155\/","name":"Das bewohnbare Weka Weekendhaus - Modell 155 mit zwei Etagen","isPartOf":{"@id":"https:\/\/www.softub.ch\/fr\/#website"},"primaryImageOfPage":{"@id":"https:\/\/www.softub.ch\/produkt\/das-bewohnbare-weka-weekendhaus-155\/#primaryimage"},"image":{"@id":"https:\/\/www.softub.ch\/produkt\/das-bewohnbare-weka-weekendhaus-155\/#primaryimage"},"thumbnailUrl":"https:\/\/www.softub.ch\/wp-content\/uploads\/Weekendhaus-155-0-.jpg","datePublished":"2020-07-15T12:24:29+00:00","dateModified":"2025-01-18T14:27:55+00:00","description":"Das Bewohnbare Weka Weekendhaus ist echte Premium-Qualit\u00e4t mit besonders hohe Stabilit\u00e4t und Lebensdauer. Ein Haus zwei Etagen in Ihrem Garten.","breadcrumb":{"@id":"https:\/\/www.softub.ch\/produkt\/das-bewohnbare-weka-weekendhaus-155\/#breadcrumb"},"inLanguage":"fr-FR","potentialAction":[{"@type":"ReadAction","target":["https:\/\/www.softub.ch\/produkt\/das-bewohnbare-weka-weekendhaus-155\/"]}]},{"@type":"ImageObject","inLanguage":"fr-FR","@id":"https:\/\/www.softub.ch\/produkt\/das-bewohnbare-weka-weekendhaus-155\/#primaryimage","url":"https:\/\/www.softub.ch\/wp-content\/uploads\/Weekendhaus-155-0-.jpg","contentUrl":"https:\/\/www.softub.ch\/wp-content\/uploads\/Weekendhaus-155-0-.jpg","width":1024,"height":768,"caption":"Ein grosses, doppelst\u00f6ckiges Gartenhaus aus Holz mit spitzem Dach und weisse B\u00e4nke und St\u00fchle vor einem Pool. Das Haus ist Doppelst\u00f6ckig. Gartenh\u00e4user von Weka. Gartenausstattung Zubeh\u00f6r"},{"@type":"BreadcrumbList","@id":"https:\/\/www.softub.ch\/produkt\/das-bewohnbare-weka-weekendhaus-155\/#breadcrumb","itemListElement":[{"@type":"ListItem","position":1,"name":"Startseite","item":"https:\/\/www.softub.ch\/fr\/"},{"@type":"ListItem","position":2,"name":"Shop","item":"https:\/\/www.softub.ch\/fr\/softub-suisse-shop\/"},{"@type":"ListItem","position":3,"name":"Weka Weekendhaus 155 &#8211; Ein Haus auf zwei Etagen"}]},{"@type":"WebSite","@id":"https:\/\/www.softub.ch\/fr\/#website","url":"https:\/\/www.softub.ch\/fr\/","name":"Softub Schweiz","description":"Softub - Wir machen Ferien Zuhause","publisher":{"@id":"https:\/\/www.softub.ch\/fr\/#organization"},"potentialAction":[{"@type":"SearchAction","target":{"@type":"EntryPoint","urlTemplate":"https:\/\/www.softub.ch\/fr\/?s={search_term_string}"},"query-input":{"@type":"PropertyValueSpecification","valueRequired":true,"valueName":"search_term_string"}}],"inLanguage":"fr-FR"},{"@type":"Organization","@id":"https:\/\/www.softub.ch\/fr\/#organization","name":"Softub Schweiz AG","url":"https:\/\/www.softub.ch\/fr\/","logo":{"@type":"ImageObject","inLanguage":"fr-FR","@id":"https:\/\/www.softub.ch\/fr\/#\/schema\/logo\/image\/","url":"https:\/\/www.softub.ch\/wp-content\/uploads\/Softub-Logo-Softub-Schweiz-.png","contentUrl":"https:\/\/www.softub.ch\/wp-content\/uploads\/Softub-Logo-Softub-Schweiz-.png","width":200,"height":73,"caption":"Softub Schweiz AG"},"image":{"@id":"https:\/\/www.softub.ch\/fr\/#\/schema\/logo\/image\/"},"sameAs":["https:\/\/www.facebook.com\/softubschweiz","https:\/\/www.instagram.com\/softub_schweiz\/","https:\/\/ch.pinterest.com\/softub_schweiz\/","https:\/\/www.linkedin.com\/company\/softub-schweiz-ag\/"]}]}},"_links":{"self":[{"href":"https:\/\/www.softub.ch\/fr\/wp-json\/wp\/v2\/product\/16182","targetHints":{"allow":["GET"]}}],"collection":[{"href":"https:\/\/www.softub.ch\/fr\/wp-json\/wp\/v2\/product"}],"about":[{"href":"https:\/\/www.softub.ch\/fr\/wp-json\/wp\/v2\/types\/product"}],"wp:featuredmedia":[{"embeddable":true,"href":"https:\/\/www.softub.ch\/fr\/wp-json\/wp\/v2\/media\/16189"}],"wp:attachment":[{"href":"https:\/\/www.softub.ch\/fr\/wp-json\/wp\/v2\/media?parent=16182"}],"wp:term":[{"taxonomy":"product_brand","embeddable":true,"href":"https:\/\/www.softub.ch\/fr\/wp-json\/wp\/v2\/product_brand?post=16182"},{"taxonomy":"product_cat","embeddable":true,"href":"https:\/\/www.softub.ch\/fr\/wp-json\/wp\/v2\/product_cat?post=16182"},{"taxonomy":"product_tag","embeddable":true,"href":"https:\/\/www.softub.ch\/fr\/wp-json\/wp\/v2\/product_tag?post=16182"},{"taxonomy":"woo-feed-brand","embeddable":true,"href":"https:\/\/www.softub.ch\/fr\/wp-json\/wp\/v2\/woo-feed-brand?post=16182"}],"curies":[{"name":"wp","href":"https:\/\/api.w.org\/{rel}","templated":true}]}}