{"id":16239,"date":"2020-07-13T14:22:21","date_gmt":"2020-07-13T14:22:21","guid":{"rendered":"http:\/\/www.softub.ch\/?post_type=product&#038;p=16239"},"modified":"2025-01-17T16:34:01","modified_gmt":"2025-01-17T15:34:01","slug":"das-wekaline-designhaus","status":"publish","type":"product","link":"https:\/\/www.softub.ch\/fr\/produit\/das-wekaline-designhaus\/","title":{"rendered":"Das Designhaus \u00ab\u00a0wekaLine\u00a0\u00bb 412 &#8211; Mehr Design, mehr Profil"},"content":{"rendered":"<h1><span style=\"color: #429bba;\">Das Wekaline Designhaus<\/span><\/h1>\n<p>Modern, formvollendet und mit markantem Design macht das Wekaline Designhaus seinen Bestimmungsort zu einem stilvollen Lebensraum<\/p>\n<p>&nbsp;<\/p>\n<h3>Vorteile:<\/h3>\n<ul class=\"list-bullet-point\">\n<li class=\"list-bullet-point-item\">45 mm Wandst\u00e4rke<\/li>\n<li class=\"list-bullet-point-item\">Blockbohlen im wekaLine-Profil<\/li>\n<li class=\"list-bullet-point-item\">19 mm Massivholzboden<\/li>\n<li class=\"list-bullet-point-item\">19 mm Massivholzdach inklusive Aluminium-Dachblende<\/li>\n<li class=\"list-bullet-point-item\">Inklusive Regenrinnen-Set<\/li>\n<\/ul>\n<p>&nbsp;<\/p>\n<h3>Technische Daten:<\/h3>\n<ul>\n<li>Gesamth\u00f6he: 249 cm<\/li>\n<li>R\u00fcckwand: 244 cm<\/li>\n<li>Wand: 45 mm dicke Blockbohlen in \u201eweka-Line\u201c Profil<\/li>\n<li>Bauweise: modernes Schraubsystem<\/li>\n<li>Boden und Dach: 19 mm Massivholz<\/li>\n<li>Dachbelag: inkl. hochwertiger, selbstklebender Dachbahn zum optimalen Schutz vor UV-Strahlung und Witterungseinfl\u00fcssen<\/li>\n<li>Fenster: Grossz\u00fcgige, get\u00f6nte Fensterfront, eingefasst mit pulverbeschichtetem Metallrahmen, 1 zus\u00e4tzliches Dreh-kipp Fenster, Klarglas, zum individuellem Selbsteinbau<\/li>\n<li>Dachrandabschlussprofil aus Aluminium RAL 7016<\/li>\n<li>Einzelt\u00fcre B 82 x H 188 cm aus 8 mm starkem, get\u00f6nten Echtglas<\/li>\n<li>INKLUSIVE Dachrinne aus PVC braun mit Alu-Rinneneinhang anthrazit<\/li>\n<\/ul>\n<p>&nbsp;<\/p>\n<h3>Bemassung (Tiefe x Breite cm):<\/h3>\n<ul>\n<li>Gr\u00f6sse 1: 300 x 380 cm<\/li>\n<li>Gr\u00f6sse 2: 380 x 380 cm<\/li>\n<\/ul>\n<p>&nbsp;<\/p>\n<h3>Das Besondere an dieser Auswahl:<\/h3>\n<ul>\n<li><b>Inklusive:\u00a0<\/b>Dach mit hochwertiger Aluminiumabschlussblende in Edelstahloptik, matt. Inklusive selbstklebender Dach-bahn mit Aluminium-Oberschicht und einer besonder hohen Klebkraft. Hervorragender UV-und Witterungsschutz. Einfach, sicher und schnell zu verarbeiten.<\/li>\n<li><strong>Mehr Design, mehr Profil:\u00a0<\/strong>Modern, formvollendet und mit markantem Design macht das Designhaus Cubilis seinen Bestimmungsort zu einem stilvollen Lebensraum. Das elegante WEKA \u00ab\u00a0wekaLine\u00a0\u00bb Bohlenprofil verleiht dem Haus einen unverwechselbaren Charakter.<\/li>\n<li><strong>Inklusive:\u00a0<\/strong>Das Designhaus Cubilis erhalten Sie inklusive einer Kastenrinne zum sammeln von Regenwasser in einer L\u00e4nge von 400 cm mit Fallrohr und Anbauteilen.<\/li>\n<\/ul>\n<p>&nbsp;<\/p>\n<h3>Montage:<\/h3>\n<p>F\u00fcr die Installation Ihres neuen Gartenhauses m\u00fcssen Sie sich keine Gedanken machen! Wir stellen Ihnen gerne unser Hauseigen, fachm\u00e4nnisches Installationsteam f\u00fcr die Montage zur Verf\u00fcgung.<\/p>\n<p>&nbsp;<\/p>\n<h3 data-fontsize=\"18\" data-lineheight=\"27\">Zubeh\u00f6r f\u00fcr Ihre pers\u00f6nliche Gartenoase:<\/h3>\n<p>Wir haben ein reichhaltiges Zubeh\u00f6rsortiment f\u00fcr Sie zusammengestellt, so dass Sie sich die passenden Produkte in Ruhe in unserem Onlineshop ausw\u00e4hlen k\u00f6nnen.<\/p>\n<p>Wenn Sie sich dar\u00fcber hinaus Ihre ganz pers\u00f6nliche Gartenoase schaffen wollen, so schauen Sie sich doch einfach unsere Softub <a href=\"https:\/\/softub.ch\/simply-relaxing\/softub-whirlpools\/\">Whirlpools<\/a> an \u2013 eventuell auch in Kombination mit einem <a href=\"https:\/\/meinschattenspender.ch\/\">Unosider-<\/a><a href=\"https:\/\/meinschattenspender.ch\/\">Pavillon<\/a>. Unsere Softubs sind bestens f\u00fcr den Sommer oder auch f\u00fcr den Winter geeignet.<\/p>\n<p>Wenn Sie zus\u00e4tzlichen Stauraum f\u00fcr Ihr pers\u00f6nliches Gartenzubeh\u00f6r brauchen, dann schauen Sie sich unseren\u00a0<a href=\"https:\/\/softub.ch\/produkt\/biohort-storemax-maximalen-stauraum-auf-wenig-platz\/\">biohort STOREMAX<\/a>\u00a0oder auch den<a href=\"https:\/\/softub.ch\/produkt\/biohort-highboard-das-formvollendete-multitalent-zum-aufbewahren\/\"> biohort HIGHBOARD<\/a> an. Ob als Stauraum f\u00fcr Kissen oder Gartenutensilien oder auch als ideale Erg\u00e4nzung zu Ihrer Outdoor-K\u00fcche \u2013 alles ist witterungsgesch\u00fctzt und ordentlich verstaut.<\/p>\n<p>Wir beraten Sie gerne, telefonisch, in einem unserer Showrooms oder bei Ihnen Zuhause.<\/p>\n","protected":false},"excerpt":{"rendered":"<h1><span style=\"color: #429bba;\">Das Wekaline Designhaus<\/span><\/h1>\n<p>Mehr Spass. Mehr Zuhause. Mehr Entspannung.<\/p>\n<div class=\"product-detail-description lead text-secondary mb-5\">\n<div class=\"product-detail-description lead text-secondary mb-5\">\n<div class=\"product-detail-description lead text-secondary mb-5\">\n<p>Modern, formvollendet und mit markantem Design macht das Designhaus Cubilis seinen Bestimmungsort zu einem stilvollen Lebensraum. Das elegante WEKA \u00ab\u00a0wekaLine\u00a0\u00bb Bohlenprofil verleiht dem Haus einen unverwechselbaren Charakter. In naturbelassener Farbe und zwei Gr\u00f6ssen erh\u00e4ltlich.<\/p>\n<\/div>\n<\/div>\n<\/div>\n","protected":false},"featured_media":29899,"template":"","meta":{"_acf_changed":false},"product_brand":[],"product_cat":[6279],"product_tag":[9821,9822,3187,834,5467,2624,5465,803,857,9977,865,833,820,821,9979,6651,10083,816,786,2626,826,827,802,9990,10085,2315,4949,9992,10388,7615,5468,2610,4077,822],"woo-feed-brand":[],"class_list":{"0":"post-16239","1":"product","2":"type-product","3":"status-publish","4":"has-post-thumbnail","6":"product_cat-cabanes-design","7":"product_tag-debarras","8":"product_tag-salle-de-rangement","9":"product_tag-bewohnbares-gartenhaus","10":"product_tag-blockbohlen","11":"product_tag-design-gartenhaus-schweiz","12":"product_tag-designhaus","13":"product_tag-designhaus-schweiz","14":"product_tag-draussen","15":"product_tag-flachdach","16":"product_tag-garten-fr","17":"product_tag-garten-zubehoer","18":"product_tag-gartendesign","19":"product_tag-gartenhaus","20":"product_tag-gartenhaeuser","21":"product_tag-gartenoase-fr","22":"product_tag-bois","23":"product_tag-massivholz-fr","24":"product_tag-massivholzdach","25":"product_tag-modern","26":"product_tag-modernes-gartenhaus","27":"product_tag-natur","28":"product_tag-naturbelassen","29":"product_tag-outdoor","30":"product_tag-praktisch-fr","31":"product_tag-qualitaet-fr","32":"product_tag-softub-fr-2","33":"product_tag-softub-suisse","34":"product_tag-softub-schweiz-ag-fr","35":"product_tag-fun","36":"product_tag-weka-fr","37":"product_tag-weka-designhaus-schweiz","38":"product_tag-weka-gartenhaus","39":"product_tag-weka-schweiz","40":"product_tag-zuhause","41":"product_shipping_class-lkw-mit-kran-470","43":"first","44":"instock","45":"sale","46":"taxable","47":"shipping-taxable","48":"purchasable","49":"product-type-variable"},"acf":[],"yoast_head":"<!-- This site is optimized with the Yoast SEO Premium plugin v27.6 (Yoast SEO v27.6) - https:\/\/yoast.com\/product\/yoast-seo-premium-wordpress\/ -->\n<title>Das Wekaline Designhaus - Mehr Design, mehr Profil<\/title>\n<meta name=\"description\" content=\"Das Wekaline Designhaus. Modern, formvollendet und mit markantem Design macht das Designhaus Cubilis seinen Bestimmungsort zum stilvollen Lebensraum.\" \/>\n<meta name=\"robots\" content=\"index, follow, max-snippet:-1, max-image-preview:large, max-video-preview:-1\" \/>\n<link rel=\"canonical\" href=\"https:\/\/www.softub.ch\/fr\/produkt\/das-wekaline-designhaus\/\" \/>\n<meta property=\"og:locale\" content=\"fr_FR\" \/>\n<meta property=\"og:type\" content=\"article\" \/>\n<meta property=\"og:title\" content=\"Das Designhaus &quot;wekaLine&quot; 412 - Mehr Design, mehr Profil\" \/>\n<meta property=\"og:description\" content=\"Das Wekaline Designhaus. Modern, formvollendet und mit markantem Design macht das Designhaus Cubilis seinen Bestimmungsort zum stilvollen Lebensraum.\" \/>\n<meta property=\"og:url\" content=\"https:\/\/www.softub.ch\/fr\/produkt\/das-wekaline-designhaus\/\" \/>\n<meta property=\"og:site_name\" content=\"Softub Schweiz\" \/>\n<meta property=\"article:publisher\" content=\"https:\/\/www.facebook.com\/softubschweiz\" \/>\n<meta property=\"article:modified_time\" content=\"2025-01-17T15:34:01+00:00\" \/>\n<meta property=\"og:image\" content=\"https:\/\/www.softub.ch\/wp-content\/uploads\/Weka-Designhaus-Cubilis-Gr.-1-Softub-Schweiz-0-.jpg\" \/>\n\t<meta property=\"og:image:width\" content=\"1439\" \/>\n\t<meta property=\"og:image:height\" content=\"1080\" \/>\n\t<meta property=\"og:image:type\" content=\"image\/jpeg\" \/>\n<meta name=\"twitter:card\" content=\"summary_large_image\" \/>\n<meta name=\"twitter:label1\" content=\"Dur\u00e9e de lecture estim\u00e9e\" \/>\n\t<meta name=\"twitter:data1\" content=\"2 minutes\" \/>\n<script type=\"application\/ld+json\" class=\"yoast-schema-graph\">{\"@context\":\"https:\\\/\\\/schema.org\",\"@graph\":[{\"@type\":\"WebPage\",\"@id\":\"https:\\\/\\\/www.softub.ch\\\/fr\\\/produkt\\\/das-wekaline-designhaus\\\/\",\"url\":\"https:\\\/\\\/www.softub.ch\\\/fr\\\/produkt\\\/das-wekaline-designhaus\\\/\",\"name\":\"Das Wekaline Designhaus - Mehr Design, mehr Profil\",\"isPartOf\":{\"@id\":\"https:\\\/\\\/www.softub.ch\\\/fr\\\/#website\"},\"primaryImageOfPage\":{\"@id\":\"https:\\\/\\\/www.softub.ch\\\/fr\\\/produkt\\\/das-wekaline-designhaus\\\/#primaryimage\"},\"image\":{\"@id\":\"https:\\\/\\\/www.softub.ch\\\/fr\\\/produkt\\\/das-wekaline-designhaus\\\/#primaryimage\"},\"thumbnailUrl\":\"https:\\\/\\\/www.softub.ch\\\/wp-content\\\/uploads\\\/Weka-Designhaus-Cubilis-Gr.-1-Softub-Schweiz-0-.jpg\",\"datePublished\":\"2020-07-13T14:22:21+00:00\",\"dateModified\":\"2025-01-17T15:34:01+00:00\",\"description\":\"Das Wekaline Designhaus. Modern, formvollendet und mit markantem Design macht das Designhaus Cubilis seinen Bestimmungsort zum stilvollen Lebensraum.\",\"breadcrumb\":{\"@id\":\"https:\\\/\\\/www.softub.ch\\\/fr\\\/produkt\\\/das-wekaline-designhaus\\\/#breadcrumb\"},\"inLanguage\":\"fr-FR\",\"potentialAction\":[{\"@type\":\"ReadAction\",\"target\":[\"https:\\\/\\\/www.softub.ch\\\/fr\\\/produkt\\\/das-wekaline-designhaus\\\/\"]}]},{\"@type\":\"ImageObject\",\"inLanguage\":\"fr-FR\",\"@id\":\"https:\\\/\\\/www.softub.ch\\\/fr\\\/produkt\\\/das-wekaline-designhaus\\\/#primaryimage\",\"url\":\"https:\\\/\\\/www.softub.ch\\\/wp-content\\\/uploads\\\/Weka-Designhaus-Cubilis-Gr.-1-Softub-Schweiz-0-.jpg\",\"contentUrl\":\"https:\\\/\\\/www.softub.ch\\\/wp-content\\\/uploads\\\/Weka-Designhaus-Cubilis-Gr.-1-Softub-Schweiz-0-.jpg\",\"width\":1439,\"height\":1080,\"caption\":\"Modernes, naturbelassenes Gartenhaus mit 4 grossen Fenstern, Fenster Glast\u00fcr und Flachdach\"},{\"@type\":\"BreadcrumbList\",\"@id\":\"https:\\\/\\\/www.softub.ch\\\/fr\\\/produkt\\\/das-wekaline-designhaus\\\/#breadcrumb\",\"itemListElement\":[{\"@type\":\"ListItem\",\"position\":1,\"name\":\"Startseite\",\"item\":\"https:\\\/\\\/www.softub.ch\\\/fr\\\/\"},{\"@type\":\"ListItem\",\"position\":2,\"name\":\"Shop\",\"item\":\"https:\\\/\\\/www.softub.ch\\\/fr\\\/softub-suisse-shop\\\/\"},{\"@type\":\"ListItem\",\"position\":3,\"name\":\"Das Designhaus &#8220;wekaLine&#8221; 412 &#8211; Mehr Design, mehr Profil\"}]},{\"@type\":\"WebSite\",\"@id\":\"https:\\\/\\\/www.softub.ch\\\/fr\\\/#website\",\"url\":\"https:\\\/\\\/www.softub.ch\\\/fr\\\/\",\"name\":\"Softub Schweiz\",\"description\":\"Softub - Wir machen Ferien Zuhause\",\"publisher\":{\"@id\":\"https:\\\/\\\/www.softub.ch\\\/fr\\\/#organization\"},\"potentialAction\":[{\"@type\":\"SearchAction\",\"target\":{\"@type\":\"EntryPoint\",\"urlTemplate\":\"https:\\\/\\\/www.softub.ch\\\/fr\\\/?s={search_term_string}\"},\"query-input\":{\"@type\":\"PropertyValueSpecification\",\"valueRequired\":true,\"valueName\":\"search_term_string\"}}],\"inLanguage\":\"fr-FR\"},{\"@type\":\"Organization\",\"@id\":\"https:\\\/\\\/www.softub.ch\\\/fr\\\/#organization\",\"name\":\"Softub Schweiz AG\",\"url\":\"https:\\\/\\\/www.softub.ch\\\/fr\\\/\",\"logo\":{\"@type\":\"ImageObject\",\"inLanguage\":\"fr-FR\",\"@id\":\"https:\\\/\\\/www.softub.ch\\\/fr\\\/#\\\/schema\\\/logo\\\/image\\\/\",\"url\":\"https:\\\/\\\/www.softub.ch\\\/wp-content\\\/uploads\\\/Softub-Logo-Softub-Schweiz-.png\",\"contentUrl\":\"https:\\\/\\\/www.softub.ch\\\/wp-content\\\/uploads\\\/Softub-Logo-Softub-Schweiz-.png\",\"width\":200,\"height\":73,\"caption\":\"Softub Schweiz AG\"},\"image\":{\"@id\":\"https:\\\/\\\/www.softub.ch\\\/fr\\\/#\\\/schema\\\/logo\\\/image\\\/\"},\"sameAs\":[\"https:\\\/\\\/www.facebook.com\\\/softubschweiz\",\"https:\\\/\\\/www.instagram.com\\\/softub_schweiz\\\/\",\"https:\\\/\\\/ch.pinterest.com\\\/softub_schweiz\\\/\",\"https:\\\/\\\/www.linkedin.com\\\/company\\\/softub-schweiz-ag\\\/\"]}]}<\/script>\n<!-- \/ Yoast SEO Premium plugin. -->","yoast_head_json":{"title":"Das Wekaline Designhaus - Mehr Design, mehr Profil","description":"Das Wekaline Designhaus. Modern, formvollendet und mit markantem Design macht das Designhaus Cubilis seinen Bestimmungsort zum stilvollen Lebensraum.","robots":{"index":"index","follow":"follow","max-snippet":"max-snippet:-1","max-image-preview":"max-image-preview:large","max-video-preview":"max-video-preview:-1"},"canonical":"https:\/\/www.softub.ch\/fr\/produkt\/das-wekaline-designhaus\/","og_locale":"fr_FR","og_type":"article","og_title":"Das Designhaus \"wekaLine\" 412 - Mehr Design, mehr Profil","og_description":"Das Wekaline Designhaus. Modern, formvollendet und mit markantem Design macht das Designhaus Cubilis seinen Bestimmungsort zum stilvollen Lebensraum.","og_url":"https:\/\/www.softub.ch\/fr\/produkt\/das-wekaline-designhaus\/","og_site_name":"Softub Schweiz","article_publisher":"https:\/\/www.facebook.com\/softubschweiz","article_modified_time":"2025-01-17T15:34:01+00:00","og_image":[{"width":1439,"height":1080,"url":"https:\/\/www.softub.ch\/wp-content\/uploads\/Weka-Designhaus-Cubilis-Gr.-1-Softub-Schweiz-0-.jpg","type":"image\/jpeg"}],"twitter_card":"summary_large_image","twitter_misc":{"Dur\u00e9e de lecture estim\u00e9e":"2 minutes"},"schema":{"@context":"https:\/\/schema.org","@graph":[{"@type":"WebPage","@id":"https:\/\/www.softub.ch\/fr\/produkt\/das-wekaline-designhaus\/","url":"https:\/\/www.softub.ch\/fr\/produkt\/das-wekaline-designhaus\/","name":"Das Wekaline Designhaus - Mehr Design, mehr Profil","isPartOf":{"@id":"https:\/\/www.softub.ch\/fr\/#website"},"primaryImageOfPage":{"@id":"https:\/\/www.softub.ch\/fr\/produkt\/das-wekaline-designhaus\/#primaryimage"},"image":{"@id":"https:\/\/www.softub.ch\/fr\/produkt\/das-wekaline-designhaus\/#primaryimage"},"thumbnailUrl":"https:\/\/www.softub.ch\/wp-content\/uploads\/Weka-Designhaus-Cubilis-Gr.-1-Softub-Schweiz-0-.jpg","datePublished":"2020-07-13T14:22:21+00:00","dateModified":"2025-01-17T15:34:01+00:00","description":"Das Wekaline Designhaus. Modern, formvollendet und mit markantem Design macht das Designhaus Cubilis seinen Bestimmungsort zum stilvollen Lebensraum.","breadcrumb":{"@id":"https:\/\/www.softub.ch\/fr\/produkt\/das-wekaline-designhaus\/#breadcrumb"},"inLanguage":"fr-FR","potentialAction":[{"@type":"ReadAction","target":["https:\/\/www.softub.ch\/fr\/produkt\/das-wekaline-designhaus\/"]}]},{"@type":"ImageObject","inLanguage":"fr-FR","@id":"https:\/\/www.softub.ch\/fr\/produkt\/das-wekaline-designhaus\/#primaryimage","url":"https:\/\/www.softub.ch\/wp-content\/uploads\/Weka-Designhaus-Cubilis-Gr.-1-Softub-Schweiz-0-.jpg","contentUrl":"https:\/\/www.softub.ch\/wp-content\/uploads\/Weka-Designhaus-Cubilis-Gr.-1-Softub-Schweiz-0-.jpg","width":1439,"height":1080,"caption":"Modernes, naturbelassenes Gartenhaus mit 4 grossen Fenstern, Fenster Glast\u00fcr und Flachdach"},{"@type":"BreadcrumbList","@id":"https:\/\/www.softub.ch\/fr\/produkt\/das-wekaline-designhaus\/#breadcrumb","itemListElement":[{"@type":"ListItem","position":1,"name":"Startseite","item":"https:\/\/www.softub.ch\/fr\/"},{"@type":"ListItem","position":2,"name":"Shop","item":"https:\/\/www.softub.ch\/fr\/softub-suisse-shop\/"},{"@type":"ListItem","position":3,"name":"Das Designhaus &#8220;wekaLine&#8221; 412 &#8211; Mehr Design, mehr Profil"}]},{"@type":"WebSite","@id":"https:\/\/www.softub.ch\/fr\/#website","url":"https:\/\/www.softub.ch\/fr\/","name":"Softub Schweiz","description":"Softub - Wir machen Ferien Zuhause","publisher":{"@id":"https:\/\/www.softub.ch\/fr\/#organization"},"potentialAction":[{"@type":"SearchAction","target":{"@type":"EntryPoint","urlTemplate":"https:\/\/www.softub.ch\/fr\/?s={search_term_string}"},"query-input":{"@type":"PropertyValueSpecification","valueRequired":true,"valueName":"search_term_string"}}],"inLanguage":"fr-FR"},{"@type":"Organization","@id":"https:\/\/www.softub.ch\/fr\/#organization","name":"Softub Schweiz AG","url":"https:\/\/www.softub.ch\/fr\/","logo":{"@type":"ImageObject","inLanguage":"fr-FR","@id":"https:\/\/www.softub.ch\/fr\/#\/schema\/logo\/image\/","url":"https:\/\/www.softub.ch\/wp-content\/uploads\/Softub-Logo-Softub-Schweiz-.png","contentUrl":"https:\/\/www.softub.ch\/wp-content\/uploads\/Softub-Logo-Softub-Schweiz-.png","width":200,"height":73,"caption":"Softub Schweiz AG"},"image":{"@id":"https:\/\/www.softub.ch\/fr\/#\/schema\/logo\/image\/"},"sameAs":["https:\/\/www.facebook.com\/softubschweiz","https:\/\/www.instagram.com\/softub_schweiz\/","https:\/\/ch.pinterest.com\/softub_schweiz\/","https:\/\/www.linkedin.com\/company\/softub-schweiz-ag\/"]}]}},"_links":{"self":[{"href":"https:\/\/www.softub.ch\/fr\/wp-json\/wp\/v2\/product\/16239","targetHints":{"allow":["GET"]}}],"collection":[{"href":"https:\/\/www.softub.ch\/fr\/wp-json\/wp\/v2\/product"}],"about":[{"href":"https:\/\/www.softub.ch\/fr\/wp-json\/wp\/v2\/types\/product"}],"wp:featuredmedia":[{"embeddable":true,"href":"https:\/\/www.softub.ch\/fr\/wp-json\/wp\/v2\/media\/29899"}],"wp:attachment":[{"href":"https:\/\/www.softub.ch\/fr\/wp-json\/wp\/v2\/media?parent=16239"}],"wp:term":[{"taxonomy":"product_brand","embeddable":true,"href":"https:\/\/www.softub.ch\/fr\/wp-json\/wp\/v2\/product_brand?post=16239"},{"taxonomy":"product_cat","embeddable":true,"href":"https:\/\/www.softub.ch\/fr\/wp-json\/wp\/v2\/product_cat?post=16239"},{"taxonomy":"product_tag","embeddable":true,"href":"https:\/\/www.softub.ch\/fr\/wp-json\/wp\/v2\/product_tag?post=16239"},{"taxonomy":"woo-feed-brand","embeddable":true,"href":"https:\/\/www.softub.ch\/fr\/wp-json\/wp\/v2\/woo-feed-brand?post=16239"}],"curies":[{"name":"wp","href":"https:\/\/api.w.org\/{rel}","templated":true}]}}