{"id":16578,"date":"2020-07-26T08:41:20","date_gmt":"2020-07-26T08:41:20","guid":{"rendered":"http:\/\/www.softub.ch\/?post_type=product&#038;p=16578"},"modified":"2025-01-18T16:46:05","modified_gmt":"2025-01-18T15:46:05","slug":"das-weka-verkaufshaus","status":"publish","type":"product","link":"https:\/\/www.softub.ch\/fr\/produit\/das-weka-verkaufshaus\/","title":{"rendered":"Weka Verkaufshaus 221 &#8211; Schnelle Montage &amp; Demontage"},"content":{"rendered":"<div class=\"fusion-fullwidth fullwidth-box fusion-builder-row-1 fusion-flex-container nonhundred-percent-fullwidth non-hundred-percent-height-scrolling\" style=\"--awb-border-radius-top-left:0px;--awb-border-radius-top-right:0px;--awb-border-radius-bottom-right:0px;--awb-border-radius-bottom-left:0px;--awb-flex-wrap:wrap;\" ><div class=\"fusion-builder-row fusion-row fusion-flex-align-items-flex-start fusion-flex-content-wrap\" style=\"max-width:1248px;margin-left: calc(-4% \/ 2 );margin-right: calc(-4% \/ 2 );\"><div class=\"fusion-layout-column fusion_builder_column fusion-builder-column-0 fusion_builder_column_1_1 1_1 fusion-flex-column\" style=\"--awb-bg-size:cover;--awb-width-large:100%;--awb-margin-top-large:0px;--awb-spacing-right-large:1.92%;--awb-margin-bottom-large:0px;--awb-spacing-left-large:1.92%;--awb-width-medium:100%;--awb-spacing-right-medium:1.92%;--awb-spacing-left-medium:1.92%;--awb-width-small:100%;--awb-spacing-right-small:1.92%;--awb-spacing-left-small:1.92%;\"><div class=\"fusion-column-wrapper fusion-flex-justify-content-flex-start fusion-content-layout-column\"><div class=\"fusion-text fusion-text-1\"><h1><span style=\"color: #429bba;\">Das Weka Verkaufshaus<\/span><\/h1>\n<h3>Vorteile:<\/h3>\n<ul>\n<li>Schneller Auf und Abbau<\/li>\n<li>Massivholz-Einzelt\u00fcr<\/li>\n<li>Auf Wunsch 3 Bodenelemente<\/li>\n<\/ul>\n<h3>Technische Daten:<\/h3>\n<ul>\n<li>Gesamth\u00f6he: 226 cm<\/li>\n<li>Frontwand: 219 cm<\/li>\n<li>R\u00fcckwand: 179 cm<\/li>\n<li>Wand: 19 mm<\/li>\n<li>Bauweise: vorgefertigte Elemente, inkl. Schlossschrauben zum leichteren Auf und Abbau der Wandelemente<\/li>\n<li>Dach: 16 mm starke OSB-Platten<\/li>\n<li>Dach\u00fcberst\u00e4nde: vorn 20 cm, hinten 21 cm, Seiten ca. 20 cm<\/li>\n<li>Dachbelag: Bitumen-Dachbelag zur Ersteindeckung<\/li>\n<li>Massive Einzelt\u00fcre: B 78 x H 175 cm<\/li>\n<li>Verkaufsfenster: B 195 x 96 cm, untere Klappe als Verkaufsfl\u00e4che nutzbar<\/li>\n<li>Ausf\u00fchrung: Naturbelassen<\/li>\n<\/ul>\n<h3>Bemassung (Breite x Tiefe cm):<\/h3>\n<ul>\n<li>243 x 199 cm + Dach\u00fcberstand vorne 20 cm<\/li>\n<li>Farbe: Naturbelassen<\/li>\n<\/ul>\n<h3>Zubeh\u00f6r &#8211; Tipp:<\/h3>\n<ul>\n<li>Massivholzboden &#8211; 16 mm stark, naturbelassen (3 Bodenelemente) f\u00fcr CHF 249<\/li>\n<\/ul>\n<h3><strong>Montage:<\/strong><\/h3>\n<p>F\u00fcr die Installation von Ihrem neuen Verkaufshaus m\u00fcssen Sie sich keine Gedanken machen! Wir stellen Ihnen gerne unser Hauseigen, fachm\u00e4nnisches Installationsteam f\u00fcr die Montage zur Verf\u00fcgung. Das Weka Verkaufshaus!<\/p>\n<h3 data-fontsize=\"18\" data-lineheight=\"27\">Zubeh\u00f6r f\u00fcr Ihre pers\u00f6nliche Gartenoase:<\/h3>\n<p>Falls Sie Ihre pers\u00f6nliche Gartenoase zu Hause erweitern wollen, haben wir ein reichhaltiges Zubeh\u00f6rsortiment f\u00fcr Sie zusammengestellt, so dass Sie sich die gew\u00fcnschten Produkte in Ruhe in unserem Onlineshop ausw\u00e4hlen k\u00f6nnen.<\/p>\n<p>Wenn Sie sich dar\u00fcber hinaus Ihre ganz pers\u00f6nliche Gartenoase schaffen wollen, so schauen Sie sich doch einfach unsere Softub <a href=\"https:\/\/softub.ch\/simply-relaxing\/softub-whirlpools\/\">Whirlpools<\/a> an \u2013 eventuell auch in Kombination mit einem <a href=\"https:\/\/meinschattenspender.ch\/\">Unosider-<\/a><a href=\"https:\/\/meinschattenspender.ch\/\">Pavillon<\/a>. Unsere Softubs sind bestens f\u00fcr den Sommer oder auch f\u00fcr den Winter geeignet.<\/p>\n<p>Wenn Sie zus\u00e4tzlichen Stauraum f\u00fcr Ihr pers\u00f6nliches Gartenzubeh\u00f6r brauchen, dann schauen Sie sich unseren\u00a0<a href=\"https:\/\/softub.ch\/produkt\/biohort-storemax-maximalen-stauraum-auf-wenig-platz\/\">biohort STOREMAX<\/a>\u00a0oder auch den<a href=\"https:\/\/softub.ch\/produkt\/biohort-highboard-das-formvollendete-multitalent-zum-aufbewahren\/\"> biohort HIGHBOARD<\/a> an. Ob als Stauraum f\u00fcr Kissen oder Gartenutensilien oder auch als ideale Erg\u00e4nzung zu Ihrer Outdoor-K\u00fcche \u2013 alles ist witterungsgesch\u00fctzt und ordentlich verstaut.<\/p>\n<p>Wir beraten Sie gerne, telefonisch, in einem unserer Showrooms oder bei Ihnen Zuhause.<\/p>\n<\/div><\/div><\/div><\/div><\/div>\n","protected":false},"excerpt":{"rendered":"<h1><span style=\"color: #429bba;\">Das Weka Verkaufshaus<\/span><\/h1>\n<p>Mehr Ordnung. Mehr Stauraum. Mehr Ger\u00e4teh\u00e4user.<\/p>\n<div class=\"woocommerce-product-details__short-description\">\n<div>\n<div>\n<div>\n<p>Verkaufshaus \u2013 Marktstand. Dank einfacher Elementbauweise schnelle Montage und Demontage. Stand ist ohne Boden. Boden ist optional erh\u00e4ltlich. Wanddicke 19 mm.<\/p>\n<ul>\n<li>Breite 243 x Tiefe 199 cm + Dach\u00fcberstand vorne 20 cm<\/li>\n<\/ul>\n<\/div>\n<\/div>\n<\/div>\n<\/div>\n","protected":false},"featured_media":16583,"template":"","meta":{"_acf_changed":false},"product_brand":[],"product_cat":[878],"product_tag":[803,795,764,826,802,859,776,906,1964,908,431],"woo-feed-brand":[],"class_list":{"0":"post-16578","1":"product","2":"type-product","3":"status-publish","4":"has-post-thumbnail","6":"product_cat-mehr-ordnung-mehr-stauraum-mehr-geraetehaeuser","7":"product_tag-draussen","8":"product_tag-holz","9":"product_tag-massivholz","10":"product_tag-natur","11":"product_tag-outdoor","12":"product_tag-praktisch","13":"product_tag-qualitaet","14":"product_tag-verkaufshaus","15":"product_tag-verkaufshaus-fuer-weihnachtsmarkt","16":"product_tag-verkaufsstand","17":"product_tag-weka","18":"product_shipping_class-lkw-100","20":"first","21":"instock","22":"sale","23":"taxable","24":"shipping-taxable","25":"purchasable","26":"product-type-simple"},"acf":[],"yoast_head":"<!-- This site is optimized with the Yoast SEO Premium plugin v27.4 (Yoast SEO v27.4) - https:\/\/yoast.com\/product\/yoast-seo-premium-wordpress\/ -->\n<title>Das Weka Verkaufshaus - Schnelle Montage und Demontage<\/title>\n<meta name=\"description\" content=\"Das Weka Verkaufshaus. Dank einfacher Elementbauweise schnelle Montage und Demontage. Stand ist ohne Boden. Boden ist optional erh\u00e4ltlich. Wanddicke 19 mm.\" \/>\n<meta name=\"robots\" content=\"index, follow, max-snippet:-1, max-image-preview:large, max-video-preview:-1\" \/>\n<link rel=\"canonical\" href=\"https:\/\/www.softub.ch\/produkt\/das-weka-verkaufshaus\/\" \/>\n<meta property=\"og:locale\" content=\"fr_FR\" \/>\n<meta property=\"og:type\" content=\"article\" \/>\n<meta property=\"og:title\" content=\"Weka Verkaufshaus 221 - Schnelle Montage &amp; Demontage\" \/>\n<meta property=\"og:description\" content=\"Das Weka Verkaufshaus. Dank einfacher Elementbauweise schnelle Montage und Demontage. Stand ist ohne Boden. Boden ist optional erh\u00e4ltlich. Wanddicke 19 mm.\" \/>\n<meta property=\"og:url\" content=\"https:\/\/www.softub.ch\/produkt\/das-weka-verkaufshaus\/\" \/>\n<meta property=\"og:site_name\" content=\"Softub Schweiz\" \/>\n<meta property=\"article:publisher\" content=\"https:\/\/www.facebook.com\/softubschweiz\" \/>\n<meta property=\"article:modified_time\" content=\"2025-01-18T15:46:05+00:00\" \/>\n<meta property=\"og:image\" content=\"https:\/\/www.softub.ch\/wp-content\/uploads\/Verkaufshaus-0-.jpg\" \/>\n\t<meta property=\"og:image:width\" content=\"900\" \/>\n\t<meta property=\"og:image:height\" content=\"600\" \/>\n\t<meta property=\"og:image:type\" content=\"image\/jpeg\" \/>\n<meta name=\"twitter:card\" content=\"summary_large_image\" \/>\n<meta name=\"twitter:label1\" content=\"Dur\u00e9e de lecture estim\u00e9e\" \/>\n\t<meta name=\"twitter:data1\" content=\"2 minutes\" \/>\n<script type=\"application\/ld+json\" class=\"yoast-schema-graph\">{\"@context\":\"https:\\\/\\\/schema.org\",\"@graph\":[{\"@type\":\"WebPage\",\"@id\":\"https:\\\/\\\/www.softub.ch\\\/produkt\\\/das-weka-verkaufshaus\\\/\",\"url\":\"https:\\\/\\\/www.softub.ch\\\/produkt\\\/das-weka-verkaufshaus\\\/\",\"name\":\"Das Weka Verkaufshaus - Schnelle Montage und Demontage\",\"isPartOf\":{\"@id\":\"https:\\\/\\\/www.softub.ch\\\/fr\\\/#website\"},\"primaryImageOfPage\":{\"@id\":\"https:\\\/\\\/www.softub.ch\\\/produkt\\\/das-weka-verkaufshaus\\\/#primaryimage\"},\"image\":{\"@id\":\"https:\\\/\\\/www.softub.ch\\\/produkt\\\/das-weka-verkaufshaus\\\/#primaryimage\"},\"thumbnailUrl\":\"https:\\\/\\\/www.softub.ch\\\/wp-content\\\/uploads\\\/Verkaufshaus-0-.jpg\",\"datePublished\":\"2020-07-26T08:41:20+00:00\",\"dateModified\":\"2025-01-18T15:46:05+00:00\",\"description\":\"Das Weka Verkaufshaus. Dank einfacher Elementbauweise schnelle Montage und Demontage. Stand ist ohne Boden. Boden ist optional erh\u00e4ltlich. Wanddicke 19 mm.\",\"breadcrumb\":{\"@id\":\"https:\\\/\\\/www.softub.ch\\\/produkt\\\/das-weka-verkaufshaus\\\/#breadcrumb\"},\"inLanguage\":\"fr-FR\",\"potentialAction\":[{\"@type\":\"ReadAction\",\"target\":[\"https:\\\/\\\/www.softub.ch\\\/produkt\\\/das-weka-verkaufshaus\\\/\"]}]},{\"@type\":\"ImageObject\",\"inLanguage\":\"fr-FR\",\"@id\":\"https:\\\/\\\/www.softub.ch\\\/produkt\\\/das-weka-verkaufshaus\\\/#primaryimage\",\"url\":\"https:\\\/\\\/www.softub.ch\\\/wp-content\\\/uploads\\\/Verkaufshaus-0-.jpg\",\"contentUrl\":\"https:\\\/\\\/www.softub.ch\\\/wp-content\\\/uploads\\\/Verkaufshaus-0-.jpg\",\"width\":900,\"height\":600,\"caption\":\"Ein verkaufshaus an einem Weihnachtsmarkt. EIne Frau mit einer roter Jacke steht im Verkaufshaus und bedient grade einen Kunden. Das Verkaufshaus ist beschm\u00fcckt mit Sternen und Lichter.\"},{\"@type\":\"BreadcrumbList\",\"@id\":\"https:\\\/\\\/www.softub.ch\\\/produkt\\\/das-weka-verkaufshaus\\\/#breadcrumb\",\"itemListElement\":[{\"@type\":\"ListItem\",\"position\":1,\"name\":\"Startseite\",\"item\":\"https:\\\/\\\/www.softub.ch\\\/fr\\\/\"},{\"@type\":\"ListItem\",\"position\":2,\"name\":\"Shop\",\"item\":\"https:\\\/\\\/www.softub.ch\\\/fr\\\/softub-suisse-shop\\\/\"},{\"@type\":\"ListItem\",\"position\":3,\"name\":\"Weka Verkaufshaus 221 &#8211; Schnelle Montage &amp; Demontage\"}]},{\"@type\":\"WebSite\",\"@id\":\"https:\\\/\\\/www.softub.ch\\\/fr\\\/#website\",\"url\":\"https:\\\/\\\/www.softub.ch\\\/fr\\\/\",\"name\":\"Softub Schweiz\",\"description\":\"Softub - Wir machen Ferien Zuhause\",\"publisher\":{\"@id\":\"https:\\\/\\\/www.softub.ch\\\/fr\\\/#organization\"},\"potentialAction\":[{\"@type\":\"SearchAction\",\"target\":{\"@type\":\"EntryPoint\",\"urlTemplate\":\"https:\\\/\\\/www.softub.ch\\\/fr\\\/?s={search_term_string}\"},\"query-input\":{\"@type\":\"PropertyValueSpecification\",\"valueRequired\":true,\"valueName\":\"search_term_string\"}}],\"inLanguage\":\"fr-FR\"},{\"@type\":\"Organization\",\"@id\":\"https:\\\/\\\/www.softub.ch\\\/fr\\\/#organization\",\"name\":\"Softub Schweiz AG\",\"url\":\"https:\\\/\\\/www.softub.ch\\\/fr\\\/\",\"logo\":{\"@type\":\"ImageObject\",\"inLanguage\":\"fr-FR\",\"@id\":\"https:\\\/\\\/www.softub.ch\\\/fr\\\/#\\\/schema\\\/logo\\\/image\\\/\",\"url\":\"https:\\\/\\\/www.softub.ch\\\/wp-content\\\/uploads\\\/Softub-Logo-Softub-Schweiz-.png\",\"contentUrl\":\"https:\\\/\\\/www.softub.ch\\\/wp-content\\\/uploads\\\/Softub-Logo-Softub-Schweiz-.png\",\"width\":200,\"height\":73,\"caption\":\"Softub Schweiz AG\"},\"image\":{\"@id\":\"https:\\\/\\\/www.softub.ch\\\/fr\\\/#\\\/schema\\\/logo\\\/image\\\/\"},\"sameAs\":[\"https:\\\/\\\/www.facebook.com\\\/softubschweiz\",\"https:\\\/\\\/www.instagram.com\\\/softub_schweiz\\\/\",\"https:\\\/\\\/ch.pinterest.com\\\/softub_schweiz\\\/\",\"https:\\\/\\\/www.linkedin.com\\\/company\\\/softub-schweiz-ag\\\/\"]}]}<\/script>\n<!-- \/ Yoast SEO Premium plugin. -->","yoast_head_json":{"title":"Das Weka Verkaufshaus - Schnelle Montage und Demontage","description":"Das Weka Verkaufshaus. Dank einfacher Elementbauweise schnelle Montage und Demontage. Stand ist ohne Boden. Boden ist optional erh\u00e4ltlich. Wanddicke 19 mm.","robots":{"index":"index","follow":"follow","max-snippet":"max-snippet:-1","max-image-preview":"max-image-preview:large","max-video-preview":"max-video-preview:-1"},"canonical":"https:\/\/www.softub.ch\/produkt\/das-weka-verkaufshaus\/","og_locale":"fr_FR","og_type":"article","og_title":"Weka Verkaufshaus 221 - Schnelle Montage &amp; Demontage","og_description":"Das Weka Verkaufshaus. Dank einfacher Elementbauweise schnelle Montage und Demontage. Stand ist ohne Boden. Boden ist optional erh\u00e4ltlich. Wanddicke 19 mm.","og_url":"https:\/\/www.softub.ch\/produkt\/das-weka-verkaufshaus\/","og_site_name":"Softub Schweiz","article_publisher":"https:\/\/www.facebook.com\/softubschweiz","article_modified_time":"2025-01-18T15:46:05+00:00","og_image":[{"width":900,"height":600,"url":"https:\/\/www.softub.ch\/wp-content\/uploads\/Verkaufshaus-0-.jpg","type":"image\/jpeg"}],"twitter_card":"summary_large_image","twitter_misc":{"Dur\u00e9e de lecture estim\u00e9e":"2 minutes"},"schema":{"@context":"https:\/\/schema.org","@graph":[{"@type":"WebPage","@id":"https:\/\/www.softub.ch\/produkt\/das-weka-verkaufshaus\/","url":"https:\/\/www.softub.ch\/produkt\/das-weka-verkaufshaus\/","name":"Das Weka Verkaufshaus - Schnelle Montage und Demontage","isPartOf":{"@id":"https:\/\/www.softub.ch\/fr\/#website"},"primaryImageOfPage":{"@id":"https:\/\/www.softub.ch\/produkt\/das-weka-verkaufshaus\/#primaryimage"},"image":{"@id":"https:\/\/www.softub.ch\/produkt\/das-weka-verkaufshaus\/#primaryimage"},"thumbnailUrl":"https:\/\/www.softub.ch\/wp-content\/uploads\/Verkaufshaus-0-.jpg","datePublished":"2020-07-26T08:41:20+00:00","dateModified":"2025-01-18T15:46:05+00:00","description":"Das Weka Verkaufshaus. Dank einfacher Elementbauweise schnelle Montage und Demontage. Stand ist ohne Boden. Boden ist optional erh\u00e4ltlich. Wanddicke 19 mm.","breadcrumb":{"@id":"https:\/\/www.softub.ch\/produkt\/das-weka-verkaufshaus\/#breadcrumb"},"inLanguage":"fr-FR","potentialAction":[{"@type":"ReadAction","target":["https:\/\/www.softub.ch\/produkt\/das-weka-verkaufshaus\/"]}]},{"@type":"ImageObject","inLanguage":"fr-FR","@id":"https:\/\/www.softub.ch\/produkt\/das-weka-verkaufshaus\/#primaryimage","url":"https:\/\/www.softub.ch\/wp-content\/uploads\/Verkaufshaus-0-.jpg","contentUrl":"https:\/\/www.softub.ch\/wp-content\/uploads\/Verkaufshaus-0-.jpg","width":900,"height":600,"caption":"Ein verkaufshaus an einem Weihnachtsmarkt. EIne Frau mit einer roter Jacke steht im Verkaufshaus und bedient grade einen Kunden. Das Verkaufshaus ist beschm\u00fcckt mit Sternen und Lichter."},{"@type":"BreadcrumbList","@id":"https:\/\/www.softub.ch\/produkt\/das-weka-verkaufshaus\/#breadcrumb","itemListElement":[{"@type":"ListItem","position":1,"name":"Startseite","item":"https:\/\/www.softub.ch\/fr\/"},{"@type":"ListItem","position":2,"name":"Shop","item":"https:\/\/www.softub.ch\/fr\/softub-suisse-shop\/"},{"@type":"ListItem","position":3,"name":"Weka Verkaufshaus 221 &#8211; Schnelle Montage &amp; Demontage"}]},{"@type":"WebSite","@id":"https:\/\/www.softub.ch\/fr\/#website","url":"https:\/\/www.softub.ch\/fr\/","name":"Softub Schweiz","description":"Softub - Wir machen Ferien Zuhause","publisher":{"@id":"https:\/\/www.softub.ch\/fr\/#organization"},"potentialAction":[{"@type":"SearchAction","target":{"@type":"EntryPoint","urlTemplate":"https:\/\/www.softub.ch\/fr\/?s={search_term_string}"},"query-input":{"@type":"PropertyValueSpecification","valueRequired":true,"valueName":"search_term_string"}}],"inLanguage":"fr-FR"},{"@type":"Organization","@id":"https:\/\/www.softub.ch\/fr\/#organization","name":"Softub Schweiz AG","url":"https:\/\/www.softub.ch\/fr\/","logo":{"@type":"ImageObject","inLanguage":"fr-FR","@id":"https:\/\/www.softub.ch\/fr\/#\/schema\/logo\/image\/","url":"https:\/\/www.softub.ch\/wp-content\/uploads\/Softub-Logo-Softub-Schweiz-.png","contentUrl":"https:\/\/www.softub.ch\/wp-content\/uploads\/Softub-Logo-Softub-Schweiz-.png","width":200,"height":73,"caption":"Softub Schweiz AG"},"image":{"@id":"https:\/\/www.softub.ch\/fr\/#\/schema\/logo\/image\/"},"sameAs":["https:\/\/www.facebook.com\/softubschweiz","https:\/\/www.instagram.com\/softub_schweiz\/","https:\/\/ch.pinterest.com\/softub_schweiz\/","https:\/\/www.linkedin.com\/company\/softub-schweiz-ag\/"]}]}},"_links":{"self":[{"href":"https:\/\/www.softub.ch\/fr\/wp-json\/wp\/v2\/product\/16578","targetHints":{"allow":["GET"]}}],"collection":[{"href":"https:\/\/www.softub.ch\/fr\/wp-json\/wp\/v2\/product"}],"about":[{"href":"https:\/\/www.softub.ch\/fr\/wp-json\/wp\/v2\/types\/product"}],"wp:featuredmedia":[{"embeddable":true,"href":"https:\/\/www.softub.ch\/fr\/wp-json\/wp\/v2\/media\/16583"}],"wp:attachment":[{"href":"https:\/\/www.softub.ch\/fr\/wp-json\/wp\/v2\/media?parent=16578"}],"wp:term":[{"taxonomy":"product_brand","embeddable":true,"href":"https:\/\/www.softub.ch\/fr\/wp-json\/wp\/v2\/product_brand?post=16578"},{"taxonomy":"product_cat","embeddable":true,"href":"https:\/\/www.softub.ch\/fr\/wp-json\/wp\/v2\/product_cat?post=16578"},{"taxonomy":"product_tag","embeddable":true,"href":"https:\/\/www.softub.ch\/fr\/wp-json\/wp\/v2\/product_tag?post=16578"},{"taxonomy":"woo-feed-brand","embeddable":true,"href":"https:\/\/www.softub.ch\/fr\/wp-json\/wp\/v2\/woo-feed-brand?post=16578"}],"curies":[{"name":"wp","href":"https:\/\/api.w.org\/{rel}","templated":true}]}}