{"id":16694,"date":"2020-07-23T13:04:49","date_gmt":"2020-07-23T13:04:49","guid":{"rendered":"http:\/\/www.softub.ch\/?post_type=product&#038;p=16694"},"modified":"2025-01-18T16:23:16","modified_gmt":"2025-01-18T15:23:16","slug":"weka-profihochbeet-mit-geraeteschrank-669","status":"publish","type":"product","link":"https:\/\/www.softub.ch\/fr\/produit\/weka-profihochbeet-mit-geraeteschrank-669\/","title":{"rendered":"Weka Profi-Hochbeet 669 &#8211; mit Premium Ausstattung"},"content":{"rendered":"<h1><span style=\"color: #429bba;\">Weka Profihochbeet mit Ger\u00e4teschrank<\/span><\/h1>\n<h3>Vorteile:<\/h3>\n<ul>\n<li>Praktische Ablagefl\u00e4che<\/li>\n<li>Inklusive Ger\u00e4teschrank<\/li>\n<li>Mehrere Wetterschutzfarben<\/li>\n<\/ul>\n<p>&nbsp;<\/p>\n<h3>Technische Daten:<\/h3>\n<ul>\n<li>Aus massivem, nordischen Fichtenholz mit Nut-und Feder f\u00fcr eine stabile, langlebige Konstruktion<\/li>\n<li>Stauraum: ca. 47 cm tief<\/li>\n<li>Ablagefl\u00e4che: langlebige, 18 mm starke Siebdruckplatte (ca. 79 x 50 cm)<\/li>\n<li>Inklusive umfangreichem Komplett Set<\/li>\n<li>Farbvarianten: Naturbelassen, Schwedenrot, Grau oder Anthrazit<\/li>\n<\/ul>\n<p>&nbsp;<\/p>\n<h3>Abmessungen (Breite x Tiefe x H\u00f6he cm) &amp; Variationen:<\/h3>\n<ul>\n<li><strong>Weka Profihochbeet 669: <\/strong>\n<ul>\n<li>Farbe: naturbelassen, schwedenrot, grau oder anthrazit<\/li>\n<li>Sockelmass: 205 x 79 cm<\/li>\n<li>Aussenmass: 217,6 x 91,7 x 81 cm<\/li>\n<\/ul>\n<\/li>\n<\/ul>\n<p>&nbsp;<\/p>\n<h3>Mit Weka Profi Hochbeeten k\u00f6nnen Sie:<\/h3>\n<ul>\n<li>Beete bequem und r\u00fcckenfreundlich bearbeiten<\/li>\n<li>H\u00f6here Ertr\u00e4ge aufgrund erh\u00f6hter Bodentemperatur und verbessertem Lichteinfall erzielen<\/li>\n<\/ul>\n<p>&nbsp;<\/p>\n<h3>WEKA-Premium-Ausstattung:<\/h3>\n<ul>\n<li>Innenliegende Noppenfolie &#8211; Zum Schutz vor Feuchtigkeit<\/li>\n<li>Engmaschiger W\u00fchlmausschutz &#8211; Gegen Sch\u00e4dlinge aus dem Erdboden<\/li>\n<li>Breiter Randabschluss als Ablagefl\u00e4che &#8211; Mit Schutzfr\u00e4sung gegen Schneckenbefall<\/li>\n<li>Zus\u00e4tzliche Gewindestange &#8211; Zur Verst\u00e4rkung der Seitenw\u00e4nde<\/li>\n<li>Grosse Ablagefl\u00e4che f\u00fcr komfortables Arbeiten<\/li>\n<li>Praktischer Anbauschrank f\u00fcr Gartenger\u00e4te<\/li>\n<\/ul>\n<p>&nbsp;<\/p>\n<h3>Montage:<\/h3>\n<p>F\u00fcr den Aufbau Ihres neuen Hochbeetes m\u00fcssen Sie sich keine Gedanken machen! Wir stellen Ihnen gerne unser Hauseigen, fachm\u00e4nnisches Installationsteam f\u00fcr die Montage zur Verf\u00fcgung. Das Weka Profihochbeet mit Ger\u00e4teschrank!<\/p>\n<p>&nbsp;<\/p>\n<h3 data-fontsize=\"18\" data-lineheight=\"27\">Zus\u00e4tzliches Zubeh\u00f6r f\u00fcr Ihre pers\u00f6nliche Gartenoase:<\/h3>\n<p>Wir haben ein reichhaltiges Zubeh\u00f6rsortiment f\u00fcr Sie zusammengestellt, so dass Sie sich die passenden Produkte in Ruhe in unserem Onlineshop ausw\u00e4hlen k\u00f6nnen.<\/p>\n<p>Wenn Sie sich dar\u00fcber hinaus Ihre ganz pers\u00f6nliche Gartenoase schaffen wollen, so schauen Sie sich doch einfach unsere Softub <a href=\"https:\/\/softub.ch\/simply-relaxing\/softub-whirlpools\/\">Whirlpools<\/a> an \u2013 eventuell auch in Kombination mit einem <a href=\"https:\/\/meinschattenspender.ch\/\">Unosider-<\/a><a href=\"https:\/\/meinschattenspender.ch\/\">Pavillon<\/a>. Unsere Softubs sind bestens f\u00fcr den Sommer oder auch f\u00fcr den Winter geeignet.<\/p>\n<p>Wenn Sie zus\u00e4tzlichen Stauraum f\u00fcr Ihr pers\u00f6nliches Gartenzubeh\u00f6r brauchen, dann schauen Sie sich unseren\u00a0<a href=\"https:\/\/softub.ch\/produkt\/biohort-storemax-maximalen-stauraum-auf-wenig-platz\/\">biohort STOREMAX<\/a>\u00a0oder auch den<a href=\"https:\/\/softub.ch\/produkt\/biohort-highboard-das-formvollendete-multitalent-zum-aufbewahren\/\"> biohort HIGHBOARD<\/a> an. Ob als Stauraum f\u00fcr Kissen oder Gartenutensilien oder auch als ideale Erg\u00e4nzung zu Ihrer Outdoor-K\u00fcche \u2013 alles ist witterungsgesch\u00fctzt und ordentlich verstaut.<\/p>\n<p>Wir beraten Sie gerne, telefonisch, in einem unserer Showrooms oder bei Ihnen Zuhause.<\/p>\n","protected":false},"excerpt":{"rendered":"<h1><span style=\"color: #429bba;\">Weka Profihochbeet mit Ger\u00e4teschrank<\/span><\/h1>\n<p>Mit Profi-Hochbeeten r\u00fcckenfreundlich G\u00e4rtnern.<\/p>\n<div class=\"woocommerce-product-details__short-description\">\n<p>Weka Profi-Hochbeete mit Premium \u2013 Ausstattung. Arbeiten auf angenehmer H\u00f6he. Profi Hochbeete vom Fachmann. Naturbelassen oder bereits mit Wetterschutzfarbe lasiert mit Ger\u00e4teschrank.<\/p>\n<\/div>\n<ul>\n<li>Grundmasse: Breite 205 x Tiefe 79 cm<\/li>\n<\/ul>\n","protected":false},"featured_media":16700,"template":"","meta":{"_acf_changed":false},"product_brand":[],"product_cat":[920],"product_tag":[828,923,803,789,865,835,926,753,5441,795,827,802,5473,567,1179,3040,431,5472,4077],"woo-feed-brand":[],"class_list":{"0":"post-16694","1":"product","2":"type-product","3":"status-publish","4":"has-post-thumbnail","6":"product_cat-hochbeete-pflanzgefaesse","7":"product_tag-anthrazit","8":"product_tag-bumenbeet","9":"product_tag-draussen","10":"product_tag-garten","11":"product_tag-garten-zubehoer","12":"product_tag-gartenoase","13":"product_tag-geraeteschrank","14":"product_tag-hochbeet","15":"product_tag-hochbeet-schweiz","16":"product_tag-holz","17":"product_tag-naturbelassen","18":"product_tag-outdoor","19":"product_tag-pflanzenbeet-schweiz","20":"product_tag-softub","21":"product_tag-softub-schweiz","22":"product_tag-softub-schweiz-ag","23":"product_tag-weka","24":"product_tag-weka-hochbeet","25":"product_tag-weka-schweiz","26":"product_shipping_class-post-50","28":"first","29":"instock","30":"sale","31":"taxable","32":"shipping-taxable","33":"purchasable","34":"product-type-variable"},"acf":[],"yoast_head":"<!-- This site is optimized with the Yoast SEO Premium plugin v27.4 (Yoast SEO v27.4) - https:\/\/yoast.com\/product\/yoast-seo-premium-wordpress\/ -->\n<title>Weka Profihochbeet mit Ger\u00e4teschrank - Serie 669<\/title>\n<meta name=\"description\" content=\"Das Weka Profihochbeet mit Ger\u00e4teschrank ist in vier verschiedenen Farben mit Ger\u00e4teschrank erh\u00e4ltlich. Diese Auswahl kommt mit der WEKA Premium Ausstattung\" \/>\n<meta name=\"robots\" content=\"index, follow, max-snippet:-1, max-image-preview:large, max-video-preview:-1\" \/>\n<link rel=\"canonical\" href=\"https:\/\/www.softub.ch\/fr\/produkt\/weka-profihochbeet-mit-geraeteschrank-669\/\" \/>\n<meta property=\"og:locale\" content=\"fr_FR\" \/>\n<meta property=\"og:type\" content=\"article\" \/>\n<meta property=\"og:title\" content=\"Weka Profi-Hochbeet 669 - mit Premium Ausstattung\" \/>\n<meta property=\"og:description\" content=\"Das Weka Profihochbeet mit Ger\u00e4teschrank ist in vier verschiedenen Farben mit Ger\u00e4teschrank erh\u00e4ltlich. Diese Auswahl kommt mit der WEKA Premium Ausstattung\" \/>\n<meta property=\"og:url\" content=\"https:\/\/www.softub.ch\/fr\/produkt\/weka-profihochbeet-mit-geraeteschrank-669\/\" \/>\n<meta property=\"og:site_name\" content=\"Softub Schweiz\" \/>\n<meta property=\"article:publisher\" content=\"https:\/\/www.facebook.com\/softubschweiz\" \/>\n<meta property=\"article:modified_time\" content=\"2025-01-18T15:23:16+00:00\" \/>\n<meta property=\"og:image\" content=\"https:\/\/www.softub.ch\/wp-content\/uploads\/Profihochbeet-669-0.jpg\" \/>\n\t<meta property=\"og:image:width\" content=\"1024\" \/>\n\t<meta property=\"og:image:height\" content=\"737\" \/>\n\t<meta property=\"og:image:type\" content=\"image\/jpeg\" \/>\n<meta name=\"twitter:card\" content=\"summary_large_image\" \/>\n<meta name=\"twitter:label1\" content=\"Dur\u00e9e de lecture estim\u00e9e\" \/>\n\t<meta name=\"twitter:data1\" content=\"2 minutes\" \/>\n<script type=\"application\/ld+json\" class=\"yoast-schema-graph\">{\"@context\":\"https:\\\/\\\/schema.org\",\"@graph\":[{\"@type\":\"WebPage\",\"@id\":\"https:\\\/\\\/www.softub.ch\\\/fr\\\/produkt\\\/weka-profihochbeet-mit-geraeteschrank-669\\\/\",\"url\":\"https:\\\/\\\/www.softub.ch\\\/fr\\\/produkt\\\/weka-profihochbeet-mit-geraeteschrank-669\\\/\",\"name\":\"Weka Profihochbeet mit Ger\u00e4teschrank - Serie 669\",\"isPartOf\":{\"@id\":\"https:\\\/\\\/www.softub.ch\\\/fr\\\/#website\"},\"primaryImageOfPage\":{\"@id\":\"https:\\\/\\\/www.softub.ch\\\/fr\\\/produkt\\\/weka-profihochbeet-mit-geraeteschrank-669\\\/#primaryimage\"},\"image\":{\"@id\":\"https:\\\/\\\/www.softub.ch\\\/fr\\\/produkt\\\/weka-profihochbeet-mit-geraeteschrank-669\\\/#primaryimage\"},\"thumbnailUrl\":\"https:\\\/\\\/www.softub.ch\\\/wp-content\\\/uploads\\\/Profihochbeet-669-0.jpg\",\"datePublished\":\"2020-07-23T13:04:49+00:00\",\"dateModified\":\"2025-01-18T15:23:16+00:00\",\"description\":\"Das Weka Profihochbeet mit Ger\u00e4teschrank ist in vier verschiedenen Farben mit Ger\u00e4teschrank erh\u00e4ltlich. Diese Auswahl kommt mit der WEKA Premium Ausstattung\",\"breadcrumb\":{\"@id\":\"https:\\\/\\\/www.softub.ch\\\/fr\\\/produkt\\\/weka-profihochbeet-mit-geraeteschrank-669\\\/#breadcrumb\"},\"inLanguage\":\"fr-FR\",\"potentialAction\":[{\"@type\":\"ReadAction\",\"target\":[\"https:\\\/\\\/www.softub.ch\\\/fr\\\/produkt\\\/weka-profihochbeet-mit-geraeteschrank-669\\\/\"]}]},{\"@type\":\"ImageObject\",\"inLanguage\":\"fr-FR\",\"@id\":\"https:\\\/\\\/www.softub.ch\\\/fr\\\/produkt\\\/weka-profihochbeet-mit-geraeteschrank-669\\\/#primaryimage\",\"url\":\"https:\\\/\\\/www.softub.ch\\\/wp-content\\\/uploads\\\/Profihochbeet-669-0.jpg\",\"contentUrl\":\"https:\\\/\\\/www.softub.ch\\\/wp-content\\\/uploads\\\/Profihochbeet-669-0.jpg\",\"width\":1024,\"height\":737,\"caption\":\"????????????????????????????????????\"},{\"@type\":\"BreadcrumbList\",\"@id\":\"https:\\\/\\\/www.softub.ch\\\/fr\\\/produkt\\\/weka-profihochbeet-mit-geraeteschrank-669\\\/#breadcrumb\",\"itemListElement\":[{\"@type\":\"ListItem\",\"position\":1,\"name\":\"Startseite\",\"item\":\"https:\\\/\\\/www.softub.ch\\\/fr\\\/\"},{\"@type\":\"ListItem\",\"position\":2,\"name\":\"Shop\",\"item\":\"https:\\\/\\\/www.softub.ch\\\/fr\\\/softub-suisse-shop\\\/\"},{\"@type\":\"ListItem\",\"position\":3,\"name\":\"Weka Profi-Hochbeet 669 &#8211; mit Premium Ausstattung\"}]},{\"@type\":\"WebSite\",\"@id\":\"https:\\\/\\\/www.softub.ch\\\/fr\\\/#website\",\"url\":\"https:\\\/\\\/www.softub.ch\\\/fr\\\/\",\"name\":\"Softub Schweiz\",\"description\":\"Softub - Wir machen Ferien Zuhause\",\"publisher\":{\"@id\":\"https:\\\/\\\/www.softub.ch\\\/fr\\\/#organization\"},\"potentialAction\":[{\"@type\":\"SearchAction\",\"target\":{\"@type\":\"EntryPoint\",\"urlTemplate\":\"https:\\\/\\\/www.softub.ch\\\/fr\\\/?s={search_term_string}\"},\"query-input\":{\"@type\":\"PropertyValueSpecification\",\"valueRequired\":true,\"valueName\":\"search_term_string\"}}],\"inLanguage\":\"fr-FR\"},{\"@type\":\"Organization\",\"@id\":\"https:\\\/\\\/www.softub.ch\\\/fr\\\/#organization\",\"name\":\"Softub Schweiz AG\",\"url\":\"https:\\\/\\\/www.softub.ch\\\/fr\\\/\",\"logo\":{\"@type\":\"ImageObject\",\"inLanguage\":\"fr-FR\",\"@id\":\"https:\\\/\\\/www.softub.ch\\\/fr\\\/#\\\/schema\\\/logo\\\/image\\\/\",\"url\":\"https:\\\/\\\/www.softub.ch\\\/wp-content\\\/uploads\\\/Softub-Logo-Softub-Schweiz-.png\",\"contentUrl\":\"https:\\\/\\\/www.softub.ch\\\/wp-content\\\/uploads\\\/Softub-Logo-Softub-Schweiz-.png\",\"width\":200,\"height\":73,\"caption\":\"Softub Schweiz AG\"},\"image\":{\"@id\":\"https:\\\/\\\/www.softub.ch\\\/fr\\\/#\\\/schema\\\/logo\\\/image\\\/\"},\"sameAs\":[\"https:\\\/\\\/www.facebook.com\\\/softubschweiz\",\"https:\\\/\\\/www.instagram.com\\\/softub_schweiz\\\/\",\"https:\\\/\\\/ch.pinterest.com\\\/softub_schweiz\\\/\",\"https:\\\/\\\/www.linkedin.com\\\/company\\\/softub-schweiz-ag\\\/\"]}]}<\/script>\n<!-- \/ Yoast SEO Premium plugin. -->","yoast_head_json":{"title":"Weka Profihochbeet mit Ger\u00e4teschrank - Serie 669","description":"Das Weka Profihochbeet mit Ger\u00e4teschrank ist in vier verschiedenen Farben mit Ger\u00e4teschrank erh\u00e4ltlich. Diese Auswahl kommt mit der WEKA Premium Ausstattung","robots":{"index":"index","follow":"follow","max-snippet":"max-snippet:-1","max-image-preview":"max-image-preview:large","max-video-preview":"max-video-preview:-1"},"canonical":"https:\/\/www.softub.ch\/fr\/produkt\/weka-profihochbeet-mit-geraeteschrank-669\/","og_locale":"fr_FR","og_type":"article","og_title":"Weka Profi-Hochbeet 669 - mit Premium Ausstattung","og_description":"Das Weka Profihochbeet mit Ger\u00e4teschrank ist in vier verschiedenen Farben mit Ger\u00e4teschrank erh\u00e4ltlich. Diese Auswahl kommt mit der WEKA Premium Ausstattung","og_url":"https:\/\/www.softub.ch\/fr\/produkt\/weka-profihochbeet-mit-geraeteschrank-669\/","og_site_name":"Softub Schweiz","article_publisher":"https:\/\/www.facebook.com\/softubschweiz","article_modified_time":"2025-01-18T15:23:16+00:00","og_image":[{"width":1024,"height":737,"url":"https:\/\/www.softub.ch\/wp-content\/uploads\/Profihochbeet-669-0.jpg","type":"image\/jpeg"}],"twitter_card":"summary_large_image","twitter_misc":{"Dur\u00e9e de lecture estim\u00e9e":"2 minutes"},"schema":{"@context":"https:\/\/schema.org","@graph":[{"@type":"WebPage","@id":"https:\/\/www.softub.ch\/fr\/produkt\/weka-profihochbeet-mit-geraeteschrank-669\/","url":"https:\/\/www.softub.ch\/fr\/produkt\/weka-profihochbeet-mit-geraeteschrank-669\/","name":"Weka Profihochbeet mit Ger\u00e4teschrank - Serie 669","isPartOf":{"@id":"https:\/\/www.softub.ch\/fr\/#website"},"primaryImageOfPage":{"@id":"https:\/\/www.softub.ch\/fr\/produkt\/weka-profihochbeet-mit-geraeteschrank-669\/#primaryimage"},"image":{"@id":"https:\/\/www.softub.ch\/fr\/produkt\/weka-profihochbeet-mit-geraeteschrank-669\/#primaryimage"},"thumbnailUrl":"https:\/\/www.softub.ch\/wp-content\/uploads\/Profihochbeet-669-0.jpg","datePublished":"2020-07-23T13:04:49+00:00","dateModified":"2025-01-18T15:23:16+00:00","description":"Das Weka Profihochbeet mit Ger\u00e4teschrank ist in vier verschiedenen Farben mit Ger\u00e4teschrank erh\u00e4ltlich. Diese Auswahl kommt mit der WEKA Premium Ausstattung","breadcrumb":{"@id":"https:\/\/www.softub.ch\/fr\/produkt\/weka-profihochbeet-mit-geraeteschrank-669\/#breadcrumb"},"inLanguage":"fr-FR","potentialAction":[{"@type":"ReadAction","target":["https:\/\/www.softub.ch\/fr\/produkt\/weka-profihochbeet-mit-geraeteschrank-669\/"]}]},{"@type":"ImageObject","inLanguage":"fr-FR","@id":"https:\/\/www.softub.ch\/fr\/produkt\/weka-profihochbeet-mit-geraeteschrank-669\/#primaryimage","url":"https:\/\/www.softub.ch\/wp-content\/uploads\/Profihochbeet-669-0.jpg","contentUrl":"https:\/\/www.softub.ch\/wp-content\/uploads\/Profihochbeet-669-0.jpg","width":1024,"height":737,"caption":"????????????????????????????????????"},{"@type":"BreadcrumbList","@id":"https:\/\/www.softub.ch\/fr\/produkt\/weka-profihochbeet-mit-geraeteschrank-669\/#breadcrumb","itemListElement":[{"@type":"ListItem","position":1,"name":"Startseite","item":"https:\/\/www.softub.ch\/fr\/"},{"@type":"ListItem","position":2,"name":"Shop","item":"https:\/\/www.softub.ch\/fr\/softub-suisse-shop\/"},{"@type":"ListItem","position":3,"name":"Weka Profi-Hochbeet 669 &#8211; mit Premium Ausstattung"}]},{"@type":"WebSite","@id":"https:\/\/www.softub.ch\/fr\/#website","url":"https:\/\/www.softub.ch\/fr\/","name":"Softub Schweiz","description":"Softub - Wir machen Ferien Zuhause","publisher":{"@id":"https:\/\/www.softub.ch\/fr\/#organization"},"potentialAction":[{"@type":"SearchAction","target":{"@type":"EntryPoint","urlTemplate":"https:\/\/www.softub.ch\/fr\/?s={search_term_string}"},"query-input":{"@type":"PropertyValueSpecification","valueRequired":true,"valueName":"search_term_string"}}],"inLanguage":"fr-FR"},{"@type":"Organization","@id":"https:\/\/www.softub.ch\/fr\/#organization","name":"Softub Schweiz AG","url":"https:\/\/www.softub.ch\/fr\/","logo":{"@type":"ImageObject","inLanguage":"fr-FR","@id":"https:\/\/www.softub.ch\/fr\/#\/schema\/logo\/image\/","url":"https:\/\/www.softub.ch\/wp-content\/uploads\/Softub-Logo-Softub-Schweiz-.png","contentUrl":"https:\/\/www.softub.ch\/wp-content\/uploads\/Softub-Logo-Softub-Schweiz-.png","width":200,"height":73,"caption":"Softub Schweiz AG"},"image":{"@id":"https:\/\/www.softub.ch\/fr\/#\/schema\/logo\/image\/"},"sameAs":["https:\/\/www.facebook.com\/softubschweiz","https:\/\/www.instagram.com\/softub_schweiz\/","https:\/\/ch.pinterest.com\/softub_schweiz\/","https:\/\/www.linkedin.com\/company\/softub-schweiz-ag\/"]}]}},"_links":{"self":[{"href":"https:\/\/www.softub.ch\/fr\/wp-json\/wp\/v2\/product\/16694","targetHints":{"allow":["GET"]}}],"collection":[{"href":"https:\/\/www.softub.ch\/fr\/wp-json\/wp\/v2\/product"}],"about":[{"href":"https:\/\/www.softub.ch\/fr\/wp-json\/wp\/v2\/types\/product"}],"wp:featuredmedia":[{"embeddable":true,"href":"https:\/\/www.softub.ch\/fr\/wp-json\/wp\/v2\/media\/16700"}],"wp:attachment":[{"href":"https:\/\/www.softub.ch\/fr\/wp-json\/wp\/v2\/media?parent=16694"}],"wp:term":[{"taxonomy":"product_brand","embeddable":true,"href":"https:\/\/www.softub.ch\/fr\/wp-json\/wp\/v2\/product_brand?post=16694"},{"taxonomy":"product_cat","embeddable":true,"href":"https:\/\/www.softub.ch\/fr\/wp-json\/wp\/v2\/product_cat?post=16694"},{"taxonomy":"product_tag","embeddable":true,"href":"https:\/\/www.softub.ch\/fr\/wp-json\/wp\/v2\/product_tag?post=16694"},{"taxonomy":"woo-feed-brand","embeddable":true,"href":"https:\/\/www.softub.ch\/fr\/wp-json\/wp\/v2\/woo-feed-brand?post=16694"}],"curies":[{"name":"wp","href":"https:\/\/api.w.org\/{rel}","templated":true}]}}