{"id":17054,"date":"2020-07-15T07:47:43","date_gmt":"2020-07-15T07:47:43","guid":{"rendered":"http:\/\/www.softub.ch\/?post_type=product&#038;p=17054"},"modified":"2025-01-18T16:14:51","modified_gmt":"2025-01-18T15:14:51","slug":"die-leimholzueberdachung-672","status":"publish","type":"product","link":"https:\/\/www.softub.ch\/fr\/produit\/die-leimholzueberdachung-672\/","title":{"rendered":"Weka Terrassen\u00fcberdachung 672 &#8211; Eine edle und schlichte Leimholz\u00fcberdachung"},"content":{"rendered":"<div class=\"fusion-fullwidth fullwidth-box fusion-builder-row-1 fusion-flex-container nonhundred-percent-fullwidth non-hundred-percent-height-scrolling\" style=\"--awb-border-radius-top-left:0px;--awb-border-radius-top-right:0px;--awb-border-radius-bottom-right:0px;--awb-border-radius-bottom-left:0px;--awb-flex-wrap:wrap;\" ><div class=\"fusion-builder-row fusion-row fusion-flex-align-items-flex-start fusion-flex-content-wrap\" style=\"max-width:1248px;margin-left: calc(-4% \/ 2 );margin-right: calc(-4% \/ 2 );\"><div class=\"fusion-layout-column fusion_builder_column fusion-builder-column-0 fusion_builder_column_1_1 1_1 fusion-flex-column\" style=\"--awb-bg-size:cover;--awb-width-large:100%;--awb-margin-top-large:0px;--awb-spacing-right-large:1.92%;--awb-margin-bottom-large:0px;--awb-spacing-left-large:1.92%;--awb-width-medium:100%;--awb-spacing-right-medium:1.92%;--awb-spacing-left-medium:1.92%;--awb-width-small:100%;--awb-spacing-right-small:1.92%;--awb-spacing-left-small:1.92%;\"><div class=\"fusion-column-wrapper fusion-flex-justify-content-flex-start fusion-content-layout-column\"><div class=\"fusion-text fusion-text-1\"><h1><span style=\"color: #429bba;\">Die Leimholz\u00fcberdachung von Weka<\/span><\/h1>\n<h3>Vorteile:<\/h3>\n<ul>\n<li>Extra stabile Bauweise<\/li>\n<li>120 mm starke Pfosten<\/li>\n<li>Besonders hochwertiges Leimholz<\/li>\n<\/ul>\n<h3>Technische Daten:<\/h3>\n<ul>\n<li>Dach: 10 mm starke Klarsicht-Polycarbonat-Doppelstegplatten inklusive Befestigung und Dichtungsmaterial, mit Aluminiumschienen (ohne Wandanschlussprofil), abgeschr\u00e4gte Vork\u00f6pfe, Pfosten und Kopfb\u00e4nder variabel montierbar<\/li>\n<li>Pfosten: 120 x 120 mm<\/li>\n<li>Durchgangsh\u00f6he: 205 cm<\/li>\n<li>Max. Schneelast: 1, 00 kN\/m2, statisch gepr\u00fcft<\/li>\n<li>Das Montagematerial zur Wandbefestigung ist nicht im Lieferumfang enthalten!<\/li>\n<li>Ausf\u00fchrung: naturbelassen<\/li>\n<\/ul>\n<h3>Grundfl\u00e4chen (Aussenmass cm: Breite x Tiefe x H\u00f6he):<\/h3>\n<p>Je nach Gr\u00f6sse, unterschiedliche Pfostenanzahl<\/p>\n<ul>\n<li>Gr\u00f6sse 1: 434 x 276 x 259 cm &#8211; 3 Pfosten<\/li>\n<li>Gr\u00f6sse 2: 541 x 276 x 259 cm &#8211; 3 Pfosten<\/li>\n<li>Gr\u00f6sse 3: 434 x 376 x 274 cm &#8211; 3 Pfosten<\/li>\n<li>Gr\u00f6sse 4: 541 x 376 x 274 cm &#8211; 3 Pfosten<\/li>\n<li>Gr\u00f6sse 5: 648 x 376 x 274 cm &#8211; 4 Pfosten<\/li>\n<\/ul>\n<h3>Zubeh\u00f6r Tipps &amp; unsere Empfehlung:<\/h3>\n<ul>\n<li><strong>H Anker<\/strong>: mit den passenden H-Ankersets geben Sie Ihrer Gartenlaube die n\u00f6tige Sicherheit und einen festen Stand bei Wind und Wetter<\/li>\n<li><strong>Br\u00fcstungselement:<\/strong> kesseldruckimpr\u00e4gniert halbhoher Sicht und Windschutz, H 90 cm B 200 cm<\/li>\n<li><strong>Seitenwand<\/strong>: naturbelassen hoher Sicht &#8211; und Windschutz, H 155 cm<\/li>\n<\/ul>\n<h3>Montage:<\/h3>\n<p>F\u00fcr den Aufbau Ihrer neuen Terrassen\u00fcberdachung aus Leimholz m\u00fcssen Sie sich keine Gedanken machen! Wir stellen Ihnen gerne unser Hauseigen, fachm\u00e4nnisches Installationsteam f\u00fcr die Montage zur Verf\u00fcgung. Die Leimholz\u00fcberdachung von Weka!<\/p>\n<h3 data-fontsize=\"18\" data-lineheight=\"27\">Zus\u00e4tzliches Zubeh\u00f6r f\u00fcr Ihre pers\u00f6nliche Gartenoase:<\/h3>\n<p>Wir haben ein reichhaltiges Zubeh\u00f6rsortiment f\u00fcr Sie zusammengestellt, so dass Sie sich die passenden Produkte in Ruhe in unserem Onlineshop ausw\u00e4hlen k\u00f6nnen.<\/p>\n<p>Wenn Sie sich dar\u00fcber hinaus Ihre ganz pers\u00f6nliche Gartenoase schaffen wollen, so schauen Sie sich doch einfach unsere Softub <a href=\"https:\/\/softub.ch\/simply-relaxing\/softub-whirlpools\/\">Whirlpools<\/a> an \u2013 eventuell auch in Kombination mit einem <a href=\"https:\/\/meinschattenspender.ch\/\">Unosider-<\/a><a href=\"https:\/\/meinschattenspender.ch\/\">Pavillon<\/a>. Unsere Softubs sind bestens f\u00fcr den Sommer oder auch f\u00fcr den Winter geeignet.<\/p>\n<p>Wenn Sie zus\u00e4tzlichen Stauraum f\u00fcr Ihr pers\u00f6nliches Gartenzubeh\u00f6r brauchen, dann schauen Sie sich unseren\u00a0<a href=\"https:\/\/softub.ch\/produkt\/biohort-storemax-maximalen-stauraum-auf-wenig-platz\/\">biohort STOREMAX<\/a>\u00a0oder auch den<a href=\"https:\/\/softub.ch\/produkt\/biohort-highboard-das-formvollendete-multitalent-zum-aufbewahren\/\"> biohort HIGHBOARD<\/a> an. Ob als Stauraum f\u00fcr Kissen oder Gartenutensilien oder auch als ideale Erg\u00e4nzung zu Ihrer Outdoor-K\u00fcche \u2013 alles ist witterungsgesch\u00fctzt und ordentlich verstaut.<\/p>\n<p>Wir beraten Sie gerne, telefonisch, in einem unserer Showrooms oder bei Ihnen Zuhause.<\/p>\n<\/div><\/div><\/div><\/div><\/div>\n","protected":false},"excerpt":{"rendered":"<h1><span style=\"color: #429bba;\">Die Weka Terrassen\u00fcberdachung<\/span><\/h1>\n<p>Mehr Freizeit. Mehr Erholung. Mehr Ausspannen.<\/p>\n<div class=\"woocommerce-product-details__short-description\">\n<div class=\"woocommerce-product-details__short-description\">\n<div class=\"woocommerce-product-details__short-description\">\n<div class=\"woocommerce-product-details__short-description\">\n<div class=\"woocommerce-product-details__short-description\">\n<p>Die Leimholz\u00fcberdachung von Weka ist eine veredelte Form von Vollholz. Die Leimholz-Terrassen\u00fcberdachung bietet neben Holzqualit\u00e4t folgende Produktvorteile: Abgeschr\u00e4gte Vork\u00f6pfe, hochwertiges Dach aus Doppelstegplatten, Dachneigung frei w\u00e4hlbar ab 5\u00b0, Pfosten und Kopfb\u00e4nder sind variabel montierbar. Verbringen Sie gem\u00fctliche Abende gesch\u00fctzt vor Witterung.<\/p>\n<\/div>\n<\/div>\n<\/div>\n<\/div>\n<\/div>\n","protected":false},"featured_media":29961,"template":"","meta":{"_acf_changed":false},"product_brand":[],"product_cat":[930],"product_tag":[803,831,789,835,795,958,972,870,764,786,826,827,802,859,938,933,567,1179,855,970,869,431],"woo-feed-brand":[],"class_list":{"0":"post-17054","1":"product","2":"type-product","3":"status-publish","4":"has-post-thumbnail","6":"product_cat-lauben-und-terrassenueberdachung","7":"product_tag-draussen","8":"product_tag-elegant","9":"product_tag-garten","10":"product_tag-gartenoase","11":"product_tag-holz","12":"product_tag-holzueberdachung","13":"product_tag-leimholzueberdachung","14":"product_tag-lounge","15":"product_tag-massivholz","16":"product_tag-modern","17":"product_tag-natur","18":"product_tag-naturbelassen","19":"product_tag-outdoor","20":"product_tag-praktisch","21":"product_tag-sitzlounge","22":"product_tag-sitzplatz","23":"product_tag-softub","24":"product_tag-softub-schweiz","25":"product_tag-terrasse","26":"product_tag-terrasseueberdachung","27":"product_tag-ueberdachung","28":"product_tag-weka","30":"first","31":"instock","32":"sale","33":"taxable","34":"shipping-taxable","35":"purchasable","36":"product-type-variable"},"acf":[],"yoast_head":"<!-- This site is optimized with the Yoast SEO Premium plugin v27.4 (Yoast SEO v27.4) - https:\/\/yoast.com\/product\/yoast-seo-premium-wordpress\/ -->\n<title>Die Leimholz\u00fcberdachung von Weka - Serie 672 extra stabile Bauweise<\/title>\n<meta name=\"description\" content=\"Die Leimholz\u00fcberdachung von Weka, kesseldruckimpr\u00e4gniert und in extra stabiler Bauweise dient als die perfekte Verl\u00e4ngerung von Ihrem Sommer.\" \/>\n<meta name=\"robots\" content=\"index, follow, max-snippet:-1, max-image-preview:large, max-video-preview:-1\" \/>\n<link rel=\"canonical\" href=\"https:\/\/www.softub.ch\/produkt\/die-leimholzueberdachung-672\/\" \/>\n<meta property=\"og:locale\" content=\"fr_FR\" \/>\n<meta property=\"og:type\" content=\"article\" \/>\n<meta property=\"og:title\" content=\"Weka Terrassen\u00fcberdachung 672 - Eine edle und schlichte Leimholz\u00fcberdachung\" \/>\n<meta property=\"og:description\" content=\"Die Leimholz\u00fcberdachung von Weka, kesseldruckimpr\u00e4gniert und in extra stabiler Bauweise dient als die perfekte Verl\u00e4ngerung von Ihrem Sommer.\" \/>\n<meta property=\"og:url\" content=\"https:\/\/www.softub.ch\/produkt\/die-leimholzueberdachung-672\/\" \/>\n<meta property=\"og:site_name\" content=\"Softub Schweiz\" \/>\n<meta property=\"article:publisher\" content=\"https:\/\/www.facebook.com\/softubschweiz\" \/>\n<meta property=\"article:modified_time\" content=\"2025-01-18T15:14:51+00:00\" \/>\n<meta property=\"og:image\" content=\"https:\/\/www.softub.ch\/wp-content\/uploads\/weka-Terrassenueberdachung-672-Gr.-1-Softub-Schweiz-0.jpg\" \/>\n\t<meta property=\"og:image:width\" content=\"1620\" \/>\n\t<meta property=\"og:image:height\" content=\"1080\" \/>\n\t<meta property=\"og:image:type\" content=\"image\/jpeg\" \/>\n<meta name=\"twitter:card\" content=\"summary_large_image\" \/>\n<meta name=\"twitter:label1\" content=\"Dur\u00e9e de lecture estim\u00e9e\" \/>\n\t<meta name=\"twitter:data1\" content=\"3 minutes\" \/>\n<script type=\"application\/ld+json\" class=\"yoast-schema-graph\">{\"@context\":\"https:\\\/\\\/schema.org\",\"@graph\":[{\"@type\":\"WebPage\",\"@id\":\"https:\\\/\\\/www.softub.ch\\\/produkt\\\/die-leimholzueberdachung-672\\\/\",\"url\":\"https:\\\/\\\/www.softub.ch\\\/produkt\\\/die-leimholzueberdachung-672\\\/\",\"name\":\"Die Leimholz\u00fcberdachung von Weka - Serie 672 extra stabile Bauweise\",\"isPartOf\":{\"@id\":\"https:\\\/\\\/www.softub.ch\\\/fr\\\/#website\"},\"primaryImageOfPage\":{\"@id\":\"https:\\\/\\\/www.softub.ch\\\/produkt\\\/die-leimholzueberdachung-672\\\/#primaryimage\"},\"image\":{\"@id\":\"https:\\\/\\\/www.softub.ch\\\/produkt\\\/die-leimholzueberdachung-672\\\/#primaryimage\"},\"thumbnailUrl\":\"https:\\\/\\\/www.softub.ch\\\/wp-content\\\/uploads\\\/weka-Terrassenueberdachung-672-Gr.-1-Softub-Schweiz-0.jpg\",\"datePublished\":\"2020-07-15T07:47:43+00:00\",\"dateModified\":\"2025-01-18T15:14:51+00:00\",\"description\":\"Die Leimholz\u00fcberdachung von Weka, kesseldruckimpr\u00e4gniert und in extra stabiler Bauweise dient als die perfekte Verl\u00e4ngerung von Ihrem Sommer.\",\"breadcrumb\":{\"@id\":\"https:\\\/\\\/www.softub.ch\\\/produkt\\\/die-leimholzueberdachung-672\\\/#breadcrumb\"},\"inLanguage\":\"fr-FR\",\"potentialAction\":[{\"@type\":\"ReadAction\",\"target\":[\"https:\\\/\\\/www.softub.ch\\\/produkt\\\/die-leimholzueberdachung-672\\\/\"]}]},{\"@type\":\"ImageObject\",\"inLanguage\":\"fr-FR\",\"@id\":\"https:\\\/\\\/www.softub.ch\\\/produkt\\\/die-leimholzueberdachung-672\\\/#primaryimage\",\"url\":\"https:\\\/\\\/www.softub.ch\\\/wp-content\\\/uploads\\\/weka-Terrassenueberdachung-672-Gr.-1-Softub-Schweiz-0.jpg\",\"contentUrl\":\"https:\\\/\\\/www.softub.ch\\\/wp-content\\\/uploads\\\/weka-Terrassenueberdachung-672-Gr.-1-Softub-Schweiz-0.jpg\",\"width\":1620,\"height\":1080,\"caption\":\"Eine naturbelassene Terrassen\u00fcberdachung mit drei Balken. Die \u00dcberdachung lehnt an einer weissen Wand und steht auf einem Holzboden. Unter der \u00dcberdachung sitzt eine Familie mit einem Kind auf dunkelbraunen St\u00fchlen und einen Tisch\"},{\"@type\":\"BreadcrumbList\",\"@id\":\"https:\\\/\\\/www.softub.ch\\\/produkt\\\/die-leimholzueberdachung-672\\\/#breadcrumb\",\"itemListElement\":[{\"@type\":\"ListItem\",\"position\":1,\"name\":\"Startseite\",\"item\":\"https:\\\/\\\/www.softub.ch\\\/fr\\\/\"},{\"@type\":\"ListItem\",\"position\":2,\"name\":\"Shop\",\"item\":\"https:\\\/\\\/www.softub.ch\\\/fr\\\/softub-suisse-shop\\\/\"},{\"@type\":\"ListItem\",\"position\":3,\"name\":\"Weka Terrassen\u00fcberdachung 672 &#8211; Eine edle und schlichte Leimholz\u00fcberdachung\"}]},{\"@type\":\"WebSite\",\"@id\":\"https:\\\/\\\/www.softub.ch\\\/fr\\\/#website\",\"url\":\"https:\\\/\\\/www.softub.ch\\\/fr\\\/\",\"name\":\"Softub Schweiz\",\"description\":\"Softub - Wir machen Ferien Zuhause\",\"publisher\":{\"@id\":\"https:\\\/\\\/www.softub.ch\\\/fr\\\/#organization\"},\"potentialAction\":[{\"@type\":\"SearchAction\",\"target\":{\"@type\":\"EntryPoint\",\"urlTemplate\":\"https:\\\/\\\/www.softub.ch\\\/fr\\\/?s={search_term_string}\"},\"query-input\":{\"@type\":\"PropertyValueSpecification\",\"valueRequired\":true,\"valueName\":\"search_term_string\"}}],\"inLanguage\":\"fr-FR\"},{\"@type\":\"Organization\",\"@id\":\"https:\\\/\\\/www.softub.ch\\\/fr\\\/#organization\",\"name\":\"Softub Schweiz AG\",\"url\":\"https:\\\/\\\/www.softub.ch\\\/fr\\\/\",\"logo\":{\"@type\":\"ImageObject\",\"inLanguage\":\"fr-FR\",\"@id\":\"https:\\\/\\\/www.softub.ch\\\/fr\\\/#\\\/schema\\\/logo\\\/image\\\/\",\"url\":\"https:\\\/\\\/www.softub.ch\\\/wp-content\\\/uploads\\\/Softub-Logo-Softub-Schweiz-.png\",\"contentUrl\":\"https:\\\/\\\/www.softub.ch\\\/wp-content\\\/uploads\\\/Softub-Logo-Softub-Schweiz-.png\",\"width\":200,\"height\":73,\"caption\":\"Softub Schweiz AG\"},\"image\":{\"@id\":\"https:\\\/\\\/www.softub.ch\\\/fr\\\/#\\\/schema\\\/logo\\\/image\\\/\"},\"sameAs\":[\"https:\\\/\\\/www.facebook.com\\\/softubschweiz\",\"https:\\\/\\\/www.instagram.com\\\/softub_schweiz\\\/\",\"https:\\\/\\\/ch.pinterest.com\\\/softub_schweiz\\\/\",\"https:\\\/\\\/www.linkedin.com\\\/company\\\/softub-schweiz-ag\\\/\"]}]}<\/script>\n<!-- \/ Yoast SEO Premium plugin. -->","yoast_head_json":{"title":"Die Leimholz\u00fcberdachung von Weka - Serie 672 extra stabile Bauweise","description":"Die Leimholz\u00fcberdachung von Weka, kesseldruckimpr\u00e4gniert und in extra stabiler Bauweise dient als die perfekte Verl\u00e4ngerung von Ihrem Sommer.","robots":{"index":"index","follow":"follow","max-snippet":"max-snippet:-1","max-image-preview":"max-image-preview:large","max-video-preview":"max-video-preview:-1"},"canonical":"https:\/\/www.softub.ch\/produkt\/die-leimholzueberdachung-672\/","og_locale":"fr_FR","og_type":"article","og_title":"Weka Terrassen\u00fcberdachung 672 - Eine edle und schlichte Leimholz\u00fcberdachung","og_description":"Die Leimholz\u00fcberdachung von Weka, kesseldruckimpr\u00e4gniert und in extra stabiler Bauweise dient als die perfekte Verl\u00e4ngerung von Ihrem Sommer.","og_url":"https:\/\/www.softub.ch\/produkt\/die-leimholzueberdachung-672\/","og_site_name":"Softub Schweiz","article_publisher":"https:\/\/www.facebook.com\/softubschweiz","article_modified_time":"2025-01-18T15:14:51+00:00","og_image":[{"width":1620,"height":1080,"url":"https:\/\/www.softub.ch\/wp-content\/uploads\/weka-Terrassenueberdachung-672-Gr.-1-Softub-Schweiz-0.jpg","type":"image\/jpeg"}],"twitter_card":"summary_large_image","twitter_misc":{"Dur\u00e9e de lecture estim\u00e9e":"3 minutes"},"schema":{"@context":"https:\/\/schema.org","@graph":[{"@type":"WebPage","@id":"https:\/\/www.softub.ch\/produkt\/die-leimholzueberdachung-672\/","url":"https:\/\/www.softub.ch\/produkt\/die-leimholzueberdachung-672\/","name":"Die Leimholz\u00fcberdachung von Weka - Serie 672 extra stabile Bauweise","isPartOf":{"@id":"https:\/\/www.softub.ch\/fr\/#website"},"primaryImageOfPage":{"@id":"https:\/\/www.softub.ch\/produkt\/die-leimholzueberdachung-672\/#primaryimage"},"image":{"@id":"https:\/\/www.softub.ch\/produkt\/die-leimholzueberdachung-672\/#primaryimage"},"thumbnailUrl":"https:\/\/www.softub.ch\/wp-content\/uploads\/weka-Terrassenueberdachung-672-Gr.-1-Softub-Schweiz-0.jpg","datePublished":"2020-07-15T07:47:43+00:00","dateModified":"2025-01-18T15:14:51+00:00","description":"Die Leimholz\u00fcberdachung von Weka, kesseldruckimpr\u00e4gniert und in extra stabiler Bauweise dient als die perfekte Verl\u00e4ngerung von Ihrem Sommer.","breadcrumb":{"@id":"https:\/\/www.softub.ch\/produkt\/die-leimholzueberdachung-672\/#breadcrumb"},"inLanguage":"fr-FR","potentialAction":[{"@type":"ReadAction","target":["https:\/\/www.softub.ch\/produkt\/die-leimholzueberdachung-672\/"]}]},{"@type":"ImageObject","inLanguage":"fr-FR","@id":"https:\/\/www.softub.ch\/produkt\/die-leimholzueberdachung-672\/#primaryimage","url":"https:\/\/www.softub.ch\/wp-content\/uploads\/weka-Terrassenueberdachung-672-Gr.-1-Softub-Schweiz-0.jpg","contentUrl":"https:\/\/www.softub.ch\/wp-content\/uploads\/weka-Terrassenueberdachung-672-Gr.-1-Softub-Schweiz-0.jpg","width":1620,"height":1080,"caption":"Eine naturbelassene Terrassen\u00fcberdachung mit drei Balken. Die \u00dcberdachung lehnt an einer weissen Wand und steht auf einem Holzboden. Unter der \u00dcberdachung sitzt eine Familie mit einem Kind auf dunkelbraunen St\u00fchlen und einen Tisch"},{"@type":"BreadcrumbList","@id":"https:\/\/www.softub.ch\/produkt\/die-leimholzueberdachung-672\/#breadcrumb","itemListElement":[{"@type":"ListItem","position":1,"name":"Startseite","item":"https:\/\/www.softub.ch\/fr\/"},{"@type":"ListItem","position":2,"name":"Shop","item":"https:\/\/www.softub.ch\/fr\/softub-suisse-shop\/"},{"@type":"ListItem","position":3,"name":"Weka Terrassen\u00fcberdachung 672 &#8211; Eine edle und schlichte Leimholz\u00fcberdachung"}]},{"@type":"WebSite","@id":"https:\/\/www.softub.ch\/fr\/#website","url":"https:\/\/www.softub.ch\/fr\/","name":"Softub Schweiz","description":"Softub - Wir machen Ferien Zuhause","publisher":{"@id":"https:\/\/www.softub.ch\/fr\/#organization"},"potentialAction":[{"@type":"SearchAction","target":{"@type":"EntryPoint","urlTemplate":"https:\/\/www.softub.ch\/fr\/?s={search_term_string}"},"query-input":{"@type":"PropertyValueSpecification","valueRequired":true,"valueName":"search_term_string"}}],"inLanguage":"fr-FR"},{"@type":"Organization","@id":"https:\/\/www.softub.ch\/fr\/#organization","name":"Softub Schweiz AG","url":"https:\/\/www.softub.ch\/fr\/","logo":{"@type":"ImageObject","inLanguage":"fr-FR","@id":"https:\/\/www.softub.ch\/fr\/#\/schema\/logo\/image\/","url":"https:\/\/www.softub.ch\/wp-content\/uploads\/Softub-Logo-Softub-Schweiz-.png","contentUrl":"https:\/\/www.softub.ch\/wp-content\/uploads\/Softub-Logo-Softub-Schweiz-.png","width":200,"height":73,"caption":"Softub Schweiz AG"},"image":{"@id":"https:\/\/www.softub.ch\/fr\/#\/schema\/logo\/image\/"},"sameAs":["https:\/\/www.facebook.com\/softubschweiz","https:\/\/www.instagram.com\/softub_schweiz\/","https:\/\/ch.pinterest.com\/softub_schweiz\/","https:\/\/www.linkedin.com\/company\/softub-schweiz-ag\/"]}]}},"_links":{"self":[{"href":"https:\/\/www.softub.ch\/fr\/wp-json\/wp\/v2\/product\/17054","targetHints":{"allow":["GET"]}}],"collection":[{"href":"https:\/\/www.softub.ch\/fr\/wp-json\/wp\/v2\/product"}],"about":[{"href":"https:\/\/www.softub.ch\/fr\/wp-json\/wp\/v2\/types\/product"}],"wp:featuredmedia":[{"embeddable":true,"href":"https:\/\/www.softub.ch\/fr\/wp-json\/wp\/v2\/media\/29961"}],"wp:attachment":[{"href":"https:\/\/www.softub.ch\/fr\/wp-json\/wp\/v2\/media?parent=17054"}],"wp:term":[{"taxonomy":"product_brand","embeddable":true,"href":"https:\/\/www.softub.ch\/fr\/wp-json\/wp\/v2\/product_brand?post=17054"},{"taxonomy":"product_cat","embeddable":true,"href":"https:\/\/www.softub.ch\/fr\/wp-json\/wp\/v2\/product_cat?post=17054"},{"taxonomy":"product_tag","embeddable":true,"href":"https:\/\/www.softub.ch\/fr\/wp-json\/wp\/v2\/product_tag?post=17054"},{"taxonomy":"woo-feed-brand","embeddable":true,"href":"https:\/\/www.softub.ch\/fr\/wp-json\/wp\/v2\/woo-feed-brand?post=17054"}],"curies":[{"name":"wp","href":"https:\/\/api.w.org\/{rel}","templated":true}]}}