{"id":20530,"date":"2020-10-14T14:18:32","date_gmt":"2020-10-14T14:18:32","guid":{"rendered":"http:\/\/www.softub.ch\/?post_type=product&#038;p=20530"},"modified":"2025-07-02T11:13:53","modified_gmt":"2025-07-02T09:13:53","slug":"weka-elementsauna-varberg-sparset","status":"publish","type":"product","link":"https:\/\/www.softub.ch\/fr\/produit\/weka-elementsauna-varberg-sparset\/","title":{"rendered":"Elementsauna VARBERG Sparset &#8211; Wellness im eigenen Heim"},"content":{"rendered":"<div class=\"fusion-fullwidth fullwidth-box fusion-builder-row-1 fusion-flex-container nonhundred-percent-fullwidth non-hundred-percent-height-scrolling\" style=\"--awb-border-radius-top-left:0px;--awb-border-radius-top-right:0px;--awb-border-radius-bottom-right:0px;--awb-border-radius-bottom-left:0px;--awb-flex-wrap:wrap;\" ><div class=\"fusion-builder-row fusion-row fusion-flex-align-items-flex-start fusion-flex-content-wrap\" style=\"max-width:1248px;margin-left: calc(-4% \/ 2 );margin-right: calc(-4% \/ 2 );\"><div class=\"fusion-layout-column fusion_builder_column fusion-builder-column-0 fusion_builder_column_1_1 1_1 fusion-flex-column\" style=\"--awb-bg-size:cover;--awb-width-large:100%;--awb-margin-top-large:0px;--awb-spacing-right-large:1.92%;--awb-margin-bottom-large:0px;--awb-spacing-left-large:1.92%;--awb-width-medium:100%;--awb-spacing-right-medium:1.92%;--awb-spacing-left-medium:1.92%;--awb-width-small:100%;--awb-spacing-right-small:1.92%;--awb-spacing-left-small:1.92%;\"><div class=\"fusion-column-wrapper fusion-flex-justify-content-flex-start fusion-content-layout-column\"><div class=\"fusion-text fusion-text-1\"><h1><span style=\"color: #3c9bba;\">Die Weka Elementsauna Varberg Sparset<\/span><\/h1>\n<h3>Vorteile:<\/h3>\n<div class=\"layout pb-2\">\n<ul>\n<li class=\"list-bullet-point-item\">Elementsauna aus naturbelassenem Fichtenholz<\/li>\n<li class=\"list-bullet-point-item\">ein Fensterelement und moderne Ganzglast\u00fcr mit Sicherheitsglas, rechts oder links anschlagbar<\/li>\n<li class=\"list-bullet-point-item\">zwei 55 cm tiefe Liegen, eine 50 cm tiefe Querliege und zwei Kopfst\u00fctzen<\/li>\n<li class=\"list-bullet-point-item\">mit platzsparendem Eckeinstieg<\/li>\n<li class=\"list-bullet-point-item\">sichere Kabelf\u00fchrung durch in die Wand eingearbeitete Kan\u00e4le<\/li>\n<\/ul>\n<h3>Inklusive:<\/h3>\n<\/div>\n<ul>\n<li><strong>7,5 kW OS oder BioS Saunaofen (Dampfbad), digitaler Steuerung und Silikonanschlusskabel<\/strong><\/li>\n<li>Saunaleuchtenset und Ofenschutz<\/li>\n<li>Montagematerial &amp; \u00a0Aufbauanleitung<\/li>\n<li>Zwei 55 cm tiefe Liefen<\/li>\n<li>50 cm tiefe Querliege und Kopfst\u00fctzen<\/li>\n<\/ul>\n<h3>Abmessungen (Breite \/ Tiefe \/ H\u00f6he):<\/h3>\n<ul>\n<li>Aussenmass: B 194 x T 194 x H 199 cm<\/li>\n<li>Innenmass: B 179 x T 179 x H 192 cm<\/li>\n<li>Sockelmass:\u00a0 B 192 x T 192<\/li>\n<\/ul>\n<h3>Ausstattung:<\/h3>\n<ul>\n<li>Materialart: Europ\u00e4ische Fichte<\/li>\n<li>Wandst\u00e4rke: 68 mm<\/li>\n<li>2 stabile Liegen, Tiefe 55 cm<\/li>\n<li>1 Querliege, Tiefe 50 cm<\/li>\n<li>Saunaofen inklusive: 7,5 kW OS Klassik mit digitaler Steuerung und Steinen<\/li>\n<li>Alle notwendigen Schrauben, Beschl\u00e4ge und Schraubenabdeckungen<\/li>\n<li>Ausf\u00fchrliche, bebilderte und leicht verst\u00e4ndliche Aufbauanleitung<\/li>\n<\/ul>\n<h3>Ofensets:<\/h3>\n<p>F\u00fcr Elementsauna Varberg ist das folgende <strong>Ofenset inklusive in der Ausstattung<\/strong>\u00a0(alle Sets enthalten die n\u00f6tigen Anschlusskabel, Saunasteine sowie eine Steuerung):<\/p>\n<ul>\n<li>Klassischer Saunaofen 7,5 kW mit Steuerger\u00e4t<\/li>\n<li>BioAktiv Saunaofen 7,5 kW mit Steuerger\u00e4t<\/li>\n<\/ul>\n<p>W\u00e4hlen Sie den richtigen Ofen nach Ihren Anforderungen aus. Sie werden nach kurzer Zeit feststellen, dass Sie mit einer unserer Weka Saunen die richtige Wahl getroffen haben.<\/p>\n<h3>Sicherheit und Service:<\/h3>\n<ul>\n<li>Sichere Kabelf\u00fchrung durch in die Wandbohlen eingearbeitete Kan\u00e4le<\/li>\n<li>Ausf\u00fchrliche Aufbau- &amp; Bedienungsanleitung<\/li>\n<li>Montagematerial<\/li>\n<li><strong>Mindestraumh\u00f6he: 210 cm<\/strong><\/li>\n<\/ul>\n<p>(Abb. ohne Zubeh\u00f6r und Dekoration)<\/p>\n<h3>Montage:<\/h3>\n<p>F\u00fcr die Installation Ihrer neuen Sauna m\u00fcssen Sie sich keine Gedanken machen! Wir stellen Ihnen gerne unser Hauseigen, fachm\u00e4nnisches Installationsteam f\u00fcr die Montage zur Verf\u00fcgung.<\/p>\n<h3>Weiteres Zubeh\u00f6r:<\/h3>\n<p>Wir haben ein reichhaltiges Zubeh\u00f6rsortiment f\u00fcr Sie zusammengestellt, so dass Sie sich die passenden Produkte in Ruhe in unserem Onlineshop ausw\u00e4hlen k\u00f6nnen. Wenn Sie sich dar\u00fcber hinaus Ihre ganz pers\u00f6nliche Wellness-Oase schaffen wollen, so schauen Sie sich doch einfach unsere Softub <a href=\"https:\/\/softub.ch\/simply-relaxing\/softub-whirlpools\/\">Whirlpools<\/a> an &#8211; eventuell auch in Kombination mit einem <a href=\"https:\/\/meinschattenspender.ch\/\">Unosider-<\/a><a href=\"https:\/\/meinschattenspender.ch\/\">Pavillon<\/a>.<\/p>\n<p>Wir beraten Sie gerne, telefonisch, in einem unserer Showrooms oder bei Ihnen Zuhause.<\/p>\n<\/div><\/div><\/div><\/div><\/div>\n","protected":false},"excerpt":{"rendered":"<h1><span style=\"color: #3c9bba;\">Die Weka Elementsauna Varberg Sparset<\/span><\/h1>\n<div class=\"product-detail-description lead text-secondary mb-5\">Wellness im eigenen Heim \u2013 mit der Elementsauna Varberg Sparset k\u00f6nnen Sie sich diesen Traum erf\u00fcllen. Der platzsparende Eckeinstieg, die Ganzglast\u00fcr und das Fenster sorgen f\u00fcr einen tollen Lichteinfall in der Kabine.<\/div>\n","protected":false},"featured_media":20561,"template":"","meta":{"_acf_changed":false},"product_brand":[],"product_cat":[595],"product_tag":[4004,4005,768,1114,783,795,4006,183,764,766,763,776,430,2829,1198,2828,567,1179,3040,431,1202,184,1125,180],"woo-feed-brand":[],"class_list":{"0":"post-20530","1":"product","2":"type-product","3":"status-publish","4":"has-post-thumbnail","6":"product_cat-element-sauna","7":"product_tag-die-besten-saunen","8":"product_tag-die-schoensten-saunen","9":"product_tag-elementsauna","10":"product_tag-entspannung","11":"product_tag-familiensauna","12":"product_tag-holz","13":"product_tag-holz-sauna","14":"product_tag-jacuzzi","15":"product_tag-massivholz","16":"product_tag-panorama","17":"product_tag-premium","18":"product_tag-qualitaet","19":"product_tag-sauna","20":"product_tag-sauna-aus-holz","21":"product_tag-sauna-fuer-badezimmer","22":"product_tag-sauna-von-weka","23":"product_tag-softub","24":"product_tag-softub-schweiz","25":"product_tag-softub-schweiz-ag","26":"product_tag-weka","27":"product_tag-weka-sauna","28":"product_tag-wellness","29":"product_tag-wellnessoase","30":"product_tag-whirlpool","31":"product_shipping_class-lkw-160","33":"first","34":"instock","35":"sale","36":"taxable","37":"shipping-taxable","38":"purchasable","39":"product-type-variable"},"acf":[],"yoast_head":"<!-- This site is optimized with the Yoast SEO Premium plugin v27.3 (Yoast SEO v27.3) - https:\/\/yoast.com\/product\/yoast-seo-premium-wordpress\/ -->\n<title>Die Weka Elementsauna Varberg Sparset - SOFTUB Schweiz<\/title>\n<meta name=\"description\" content=\"Die Weka Elementsauna Varberg Sparset. Wellness im eigenen Heim - mit diesem Sparset k\u00f6nnen Sie sich diesen Traum erf\u00fcllen.\" \/>\n<meta name=\"robots\" content=\"index, follow, max-snippet:-1, max-image-preview:large, max-video-preview:-1\" \/>\n<link rel=\"canonical\" href=\"https:\/\/www.softub.ch\/produkt\/weka-elementsauna-varberg-sparset\/\" \/>\n<meta property=\"og:locale\" content=\"fr_FR\" \/>\n<meta property=\"og:type\" content=\"article\" \/>\n<meta property=\"og:title\" content=\"Elementsauna VARBERG Sparset - Wellness im eigenen Heim\" \/>\n<meta property=\"og:description\" content=\"Die Weka Elementsauna Varberg Sparset. Wellness im eigenen Heim - mit diesem Sparset k\u00f6nnen Sie sich diesen Traum erf\u00fcllen.\" \/>\n<meta property=\"og:url\" content=\"https:\/\/www.softub.ch\/produkt\/weka-elementsauna-varberg-sparset\/\" \/>\n<meta property=\"og:site_name\" content=\"Softub Schweiz\" \/>\n<meta property=\"article:publisher\" content=\"https:\/\/www.facebook.com\/softubschweiz\" \/>\n<meta property=\"article:modified_time\" content=\"2025-07-02T09:13:53+00:00\" \/>\n<meta property=\"og:image\" content=\"https:\/\/www.softub.ch\/wp-content\/uploads\/Varberg-3-0-.jpg\" \/>\n\t<meta property=\"og:image:width\" content=\"1920\" \/>\n\t<meta property=\"og:image:height\" content=\"1080\" \/>\n\t<meta property=\"og:image:type\" content=\"image\/jpeg\" \/>\n<meta name=\"twitter:card\" content=\"summary_large_image\" \/>\n<meta name=\"twitter:label1\" content=\"Dur\u00e9e de lecture estim\u00e9e\" \/>\n\t<meta name=\"twitter:data1\" content=\"2 minutes\" \/>\n<script type=\"application\/ld+json\" class=\"yoast-schema-graph\">{\"@context\":\"https:\\\/\\\/schema.org\",\"@graph\":[{\"@type\":\"WebPage\",\"@id\":\"https:\\\/\\\/www.softub.ch\\\/produkt\\\/weka-elementsauna-varberg-sparset\\\/\",\"url\":\"https:\\\/\\\/www.softub.ch\\\/produkt\\\/weka-elementsauna-varberg-sparset\\\/\",\"name\":\"Die Weka Elementsauna Varberg Sparset - SOFTUB Schweiz\",\"isPartOf\":{\"@id\":\"https:\\\/\\\/www.softub.ch\\\/fr\\\/#website\"},\"primaryImageOfPage\":{\"@id\":\"https:\\\/\\\/www.softub.ch\\\/produkt\\\/weka-elementsauna-varberg-sparset\\\/#primaryimage\"},\"image\":{\"@id\":\"https:\\\/\\\/www.softub.ch\\\/produkt\\\/weka-elementsauna-varberg-sparset\\\/#primaryimage\"},\"thumbnailUrl\":\"https:\\\/\\\/www.softub.ch\\\/wp-content\\\/uploads\\\/Varberg-3-0-.jpg\",\"datePublished\":\"2020-10-14T14:18:32+00:00\",\"dateModified\":\"2025-07-02T09:13:53+00:00\",\"description\":\"Die Weka Elementsauna Varberg Sparset. Wellness im eigenen Heim - mit diesem Sparset k\u00f6nnen Sie sich diesen Traum erf\u00fcllen.\",\"breadcrumb\":{\"@id\":\"https:\\\/\\\/www.softub.ch\\\/produkt\\\/weka-elementsauna-varberg-sparset\\\/#breadcrumb\"},\"inLanguage\":\"fr-FR\",\"potentialAction\":[{\"@type\":\"ReadAction\",\"target\":[\"https:\\\/\\\/www.softub.ch\\\/produkt\\\/weka-elementsauna-varberg-sparset\\\/\"]}]},{\"@type\":\"ImageObject\",\"inLanguage\":\"fr-FR\",\"@id\":\"https:\\\/\\\/www.softub.ch\\\/produkt\\\/weka-elementsauna-varberg-sparset\\\/#primaryimage\",\"url\":\"https:\\\/\\\/www.softub.ch\\\/wp-content\\\/uploads\\\/Varberg-3-0-.jpg\",\"contentUrl\":\"https:\\\/\\\/www.softub.ch\\\/wp-content\\\/uploads\\\/Varberg-3-0-.jpg\",\"width\":1920,\"height\":1080,\"caption\":\"Sauna steht in einem Raum der Blick auf das Meer zeigt im Hintergrund. Die Sauna hat einen Eckeinstieg mit Ganzglast\u00fcr und ein Ganzglasfenster.\"},{\"@type\":\"BreadcrumbList\",\"@id\":\"https:\\\/\\\/www.softub.ch\\\/produkt\\\/weka-elementsauna-varberg-sparset\\\/#breadcrumb\",\"itemListElement\":[{\"@type\":\"ListItem\",\"position\":1,\"name\":\"Startseite\",\"item\":\"https:\\\/\\\/www.softub.ch\\\/fr\\\/\"},{\"@type\":\"ListItem\",\"position\":2,\"name\":\"Shop\",\"item\":\"https:\\\/\\\/www.softub.ch\\\/fr\\\/softub-suisse-shop\\\/\"},{\"@type\":\"ListItem\",\"position\":3,\"name\":\"Elementsauna VARBERG Sparset &#8211; Wellness im eigenen Heim\"}]},{\"@type\":\"WebSite\",\"@id\":\"https:\\\/\\\/www.softub.ch\\\/fr\\\/#website\",\"url\":\"https:\\\/\\\/www.softub.ch\\\/fr\\\/\",\"name\":\"Softub Schweiz\",\"description\":\"Softub - Wir machen Ferien Zuhause\",\"publisher\":{\"@id\":\"https:\\\/\\\/www.softub.ch\\\/fr\\\/#organization\"},\"potentialAction\":[{\"@type\":\"SearchAction\",\"target\":{\"@type\":\"EntryPoint\",\"urlTemplate\":\"https:\\\/\\\/www.softub.ch\\\/fr\\\/?s={search_term_string}\"},\"query-input\":{\"@type\":\"PropertyValueSpecification\",\"valueRequired\":true,\"valueName\":\"search_term_string\"}}],\"inLanguage\":\"fr-FR\"},{\"@type\":\"Organization\",\"@id\":\"https:\\\/\\\/www.softub.ch\\\/fr\\\/#organization\",\"name\":\"Softub Schweiz AG\",\"url\":\"https:\\\/\\\/www.softub.ch\\\/fr\\\/\",\"logo\":{\"@type\":\"ImageObject\",\"inLanguage\":\"fr-FR\",\"@id\":\"https:\\\/\\\/www.softub.ch\\\/fr\\\/#\\\/schema\\\/logo\\\/image\\\/\",\"url\":\"https:\\\/\\\/www.softub.ch\\\/wp-content\\\/uploads\\\/Softub-Logo-Softub-Schweiz-.png\",\"contentUrl\":\"https:\\\/\\\/www.softub.ch\\\/wp-content\\\/uploads\\\/Softub-Logo-Softub-Schweiz-.png\",\"width\":200,\"height\":73,\"caption\":\"Softub Schweiz AG\"},\"image\":{\"@id\":\"https:\\\/\\\/www.softub.ch\\\/fr\\\/#\\\/schema\\\/logo\\\/image\\\/\"},\"sameAs\":[\"https:\\\/\\\/www.facebook.com\\\/softubschweiz\",\"https:\\\/\\\/www.instagram.com\\\/softub_schweiz\\\/\",\"https:\\\/\\\/ch.pinterest.com\\\/softub_schweiz\\\/\",\"https:\\\/\\\/www.linkedin.com\\\/company\\\/softub-schweiz-ag\\\/\"]}]}<\/script>\n<!-- \/ Yoast SEO Premium plugin. -->","yoast_head_json":{"title":"Die Weka Elementsauna Varberg Sparset - SOFTUB Schweiz","description":"Die Weka Elementsauna Varberg Sparset. Wellness im eigenen Heim - mit diesem Sparset k\u00f6nnen Sie sich diesen Traum erf\u00fcllen.","robots":{"index":"index","follow":"follow","max-snippet":"max-snippet:-1","max-image-preview":"max-image-preview:large","max-video-preview":"max-video-preview:-1"},"canonical":"https:\/\/www.softub.ch\/produkt\/weka-elementsauna-varberg-sparset\/","og_locale":"fr_FR","og_type":"article","og_title":"Elementsauna VARBERG Sparset - Wellness im eigenen Heim","og_description":"Die Weka Elementsauna Varberg Sparset. Wellness im eigenen Heim - mit diesem Sparset k\u00f6nnen Sie sich diesen Traum erf\u00fcllen.","og_url":"https:\/\/www.softub.ch\/produkt\/weka-elementsauna-varberg-sparset\/","og_site_name":"Softub Schweiz","article_publisher":"https:\/\/www.facebook.com\/softubschweiz","article_modified_time":"2025-07-02T09:13:53+00:00","og_image":[{"width":1920,"height":1080,"url":"https:\/\/www.softub.ch\/wp-content\/uploads\/Varberg-3-0-.jpg","type":"image\/jpeg"}],"twitter_card":"summary_large_image","twitter_misc":{"Dur\u00e9e de lecture estim\u00e9e":"2 minutes"},"schema":{"@context":"https:\/\/schema.org","@graph":[{"@type":"WebPage","@id":"https:\/\/www.softub.ch\/produkt\/weka-elementsauna-varberg-sparset\/","url":"https:\/\/www.softub.ch\/produkt\/weka-elementsauna-varberg-sparset\/","name":"Die Weka Elementsauna Varberg Sparset - SOFTUB Schweiz","isPartOf":{"@id":"https:\/\/www.softub.ch\/fr\/#website"},"primaryImageOfPage":{"@id":"https:\/\/www.softub.ch\/produkt\/weka-elementsauna-varberg-sparset\/#primaryimage"},"image":{"@id":"https:\/\/www.softub.ch\/produkt\/weka-elementsauna-varberg-sparset\/#primaryimage"},"thumbnailUrl":"https:\/\/www.softub.ch\/wp-content\/uploads\/Varberg-3-0-.jpg","datePublished":"2020-10-14T14:18:32+00:00","dateModified":"2025-07-02T09:13:53+00:00","description":"Die Weka Elementsauna Varberg Sparset. Wellness im eigenen Heim - mit diesem Sparset k\u00f6nnen Sie sich diesen Traum erf\u00fcllen.","breadcrumb":{"@id":"https:\/\/www.softub.ch\/produkt\/weka-elementsauna-varberg-sparset\/#breadcrumb"},"inLanguage":"fr-FR","potentialAction":[{"@type":"ReadAction","target":["https:\/\/www.softub.ch\/produkt\/weka-elementsauna-varberg-sparset\/"]}]},{"@type":"ImageObject","inLanguage":"fr-FR","@id":"https:\/\/www.softub.ch\/produkt\/weka-elementsauna-varberg-sparset\/#primaryimage","url":"https:\/\/www.softub.ch\/wp-content\/uploads\/Varberg-3-0-.jpg","contentUrl":"https:\/\/www.softub.ch\/wp-content\/uploads\/Varberg-3-0-.jpg","width":1920,"height":1080,"caption":"Sauna steht in einem Raum der Blick auf das Meer zeigt im Hintergrund. Die Sauna hat einen Eckeinstieg mit Ganzglast\u00fcr und ein Ganzglasfenster."},{"@type":"BreadcrumbList","@id":"https:\/\/www.softub.ch\/produkt\/weka-elementsauna-varberg-sparset\/#breadcrumb","itemListElement":[{"@type":"ListItem","position":1,"name":"Startseite","item":"https:\/\/www.softub.ch\/fr\/"},{"@type":"ListItem","position":2,"name":"Shop","item":"https:\/\/www.softub.ch\/fr\/softub-suisse-shop\/"},{"@type":"ListItem","position":3,"name":"Elementsauna VARBERG Sparset &#8211; Wellness im eigenen Heim"}]},{"@type":"WebSite","@id":"https:\/\/www.softub.ch\/fr\/#website","url":"https:\/\/www.softub.ch\/fr\/","name":"Softub Schweiz","description":"Softub - Wir machen Ferien Zuhause","publisher":{"@id":"https:\/\/www.softub.ch\/fr\/#organization"},"potentialAction":[{"@type":"SearchAction","target":{"@type":"EntryPoint","urlTemplate":"https:\/\/www.softub.ch\/fr\/?s={search_term_string}"},"query-input":{"@type":"PropertyValueSpecification","valueRequired":true,"valueName":"search_term_string"}}],"inLanguage":"fr-FR"},{"@type":"Organization","@id":"https:\/\/www.softub.ch\/fr\/#organization","name":"Softub Schweiz AG","url":"https:\/\/www.softub.ch\/fr\/","logo":{"@type":"ImageObject","inLanguage":"fr-FR","@id":"https:\/\/www.softub.ch\/fr\/#\/schema\/logo\/image\/","url":"https:\/\/www.softub.ch\/wp-content\/uploads\/Softub-Logo-Softub-Schweiz-.png","contentUrl":"https:\/\/www.softub.ch\/wp-content\/uploads\/Softub-Logo-Softub-Schweiz-.png","width":200,"height":73,"caption":"Softub Schweiz AG"},"image":{"@id":"https:\/\/www.softub.ch\/fr\/#\/schema\/logo\/image\/"},"sameAs":["https:\/\/www.facebook.com\/softubschweiz","https:\/\/www.instagram.com\/softub_schweiz\/","https:\/\/ch.pinterest.com\/softub_schweiz\/","https:\/\/www.linkedin.com\/company\/softub-schweiz-ag\/"]}]}},"_links":{"self":[{"href":"https:\/\/www.softub.ch\/fr\/wp-json\/wp\/v2\/product\/20530","targetHints":{"allow":["GET"]}}],"collection":[{"href":"https:\/\/www.softub.ch\/fr\/wp-json\/wp\/v2\/product"}],"about":[{"href":"https:\/\/www.softub.ch\/fr\/wp-json\/wp\/v2\/types\/product"}],"wp:featuredmedia":[{"embeddable":true,"href":"https:\/\/www.softub.ch\/fr\/wp-json\/wp\/v2\/media\/20561"}],"wp:attachment":[{"href":"https:\/\/www.softub.ch\/fr\/wp-json\/wp\/v2\/media?parent=20530"}],"wp:term":[{"taxonomy":"product_brand","embeddable":true,"href":"https:\/\/www.softub.ch\/fr\/wp-json\/wp\/v2\/product_brand?post=20530"},{"taxonomy":"product_cat","embeddable":true,"href":"https:\/\/www.softub.ch\/fr\/wp-json\/wp\/v2\/product_cat?post=20530"},{"taxonomy":"product_tag","embeddable":true,"href":"https:\/\/www.softub.ch\/fr\/wp-json\/wp\/v2\/product_tag?post=20530"},{"taxonomy":"woo-feed-brand","embeddable":true,"href":"https:\/\/www.softub.ch\/fr\/wp-json\/wp\/v2\/woo-feed-brand?post=20530"}],"curies":[{"name":"wp","href":"https:\/\/api.w.org\/{rel}","templated":true}]}}