{"id":21226,"date":"2020-10-25T14:20:47","date_gmt":"2020-10-25T14:20:48","guid":{"rendered":"http:\/\/www.softub.ch\/?post_type=product&#038;p=21226"},"modified":"2022-08-26T09:21:51","modified_gmt":"2022-08-26T09:21:51","slug":"unosider-pavillon-ottomezzo","status":"publish","type":"product","link":"https:\/\/www.softub.ch\/fr\/produit\/unosider-pavillon-ottomezzo\/","title":{"rendered":"Unosider Pavillon OTTOMEZZO &#8211; bien galb\u00e9 et fonctionnel"},"content":{"rendered":"<h1><span style=\"color: #3c9bba;\">Pavillon OTTOEMEZZO de Unosider<\/span><\/h1>\n<p>Le style discret et \u00e9l\u00e9gant du pavillon Ottoemezzo d&rsquo;Unosider le rend extr\u00eamement polyvalent. Il s&rsquo;int\u00e8gre parfaitement dans des habitations priv\u00e9es \u00e0 l&rsquo;architecture moderne, mais tout aussi bien dans des b\u00e2timents historiques classiques situ\u00e9s en centre-ville, dont le pass\u00e9 historique laisse pr\u00e9sager une certaine retenue architecturale.<\/p>\n<p>Le pavillon \u00ab\u00a0OTTOEMEZZO\u00a0\u00bb est \u00e9galement disponible en pergola. Celle-ci peut \u00eatre fix\u00e9e tr\u00e8s facilement sur le mur lat\u00e9ral de votre maison. Vous trouverez le lien vers cette pergola <a href=\"https:\/\/meinschattenspender.ch\/unosider-projekte\/ottoemezzo-pergola\/?portfolioCats=11\" target=\"_blank\" rel=\"noopener\">ici.<\/a><\/p>\n<p>&nbsp;<\/p>\n<h3>Description de l&rsquo;abri:<\/h3>\n<p><strong>\u00c9chafaudage<\/strong><\/p>\n<ul>\n<li>Fer forg\u00e9, galvanis\u00e9 \u00e0 chaud<\/li>\n<li>Syst\u00e8me d&rsquo;\u00e9vacuation avec goutti\u00e8res<\/li>\n<li>Rev\u00eatement en poudre polyester<\/li>\n<\/ul>\n<p><strong>Toit<\/strong><\/p>\n<ul>\n<li>PVC \u00e9tanche<\/li>\n<\/ul>\n<p><strong>Accessoires compl\u00e9mentaires<\/strong><\/p>\n<ul>\n<li>Kit pour bordure d\u00e9corative<\/li>\n<li>Rideaux en PVC ou en tissu acrylique<\/li>\n<\/ul>\n<p><strong>Dimensions standard<\/strong><\/p>\n<ul>\n<li>A partir de 3 \u00d7 3 m\u00e8tres jusqu&rsquo;\u00e0 4 \u00d7 4 m\u00e8tres<\/li>\n<li>En version MAXI \u00e0 partir de 4 \u00d7 4 jusqu&rsquo;\u00e0 6 \u00d7 6 m\u00e8tres<\/li>\n<\/ul>\n<p><strong>Possibilit\u00e9 de fabrication sur mesure<\/strong><\/p>\n<p>&nbsp;<\/p>\n<h3>Montage de votre nouveau pavillon:<\/h3>\n<p>Vous n&rsquo;avez pas \u00e0 vous soucier de l&rsquo;installation de votre nouveau pavillon ! Nous mettons volontiers \u00e0 votre disposition notre \u00e9quipe d&rsquo;installation interne et professionnelle pour le montage.<\/p>\n<p>&nbsp;<\/p>\n<h3>Unosider &#8211; pavillons, pergolas, syst\u00e8mes de protection contre le soleil et les intemp\u00e9ries :<\/h3>\n<p>Depuis 1998, Unosider con\u00e7oit et fabrique des pavillons, des pergolas et des syst\u00e8mes de protection contre le soleil et les intemp\u00e9ries dans la plus pure tradition artisanale italienne.<\/p>\n<p>Pour les clients les plus exigeants, Unosider propose des solutions compl\u00e8tes cl\u00e9s en main pour l&rsquo;ameublement complet d&rsquo;espaces de d\u00e9tente en plein air.<\/p>\n<p>Nos propres ateliers et notre production interne font la fiert\u00e9 d&rsquo;Unosider. Malgr\u00e9 notre grande capacit\u00e9 de production, nous attachons une grande importance \u00e0 nos racines, qui se trouvent dans la tradition artisanale italienne. Cela se traduit par une qualit\u00e9 sup\u00e9rieure, une grande flexibilit\u00e9 et des solutions sur mesure.<\/p>\n<p>&nbsp;<\/p>\n<h3 class=\"fusion-responsive-typography-calculated\" data-fontsize=\"18\" data-lineheight=\"27px\">Des accessoires pour votre maison :<\/h3>\n<p>Nous avons rassembl\u00e9 pour vous une riche gamme d\u2019accessoires, afin que vous puissiez choisir tranquillement les produits qui vous conviennent dans notre boutique en ligne.<\/p>\n<p>Si vous souhaitez en outre cr\u00e9er votre oasis de bien-\u00eatre personnelle, n\u2019h\u00e9sitez pas \u00e0 jeter un coup d\u2019\u0153il \u00e0 nos bains \u00e0 remous\u00a0<a href=\"https:\/\/softub.ch\/fr\/softub-suisse-shop\/softub-spa\/\" target=\"_blank\" rel=\"noopener\">Softub<\/a>, qui pourraient parfaitement convenir \u00e0 votre\u00a0<a href=\"https:\/\/meinschattenspender.ch\/\" target=\"_blank\" rel=\"noopener\">pavillon Unosider.<\/a><\/p>\n<p>Nous nous ferons un plaisir de vous conseiller par t\u00e9l\u00e9phone, dans l\u2019une de nos salles d\u2019exposition ou \u00e0 votre domicile.<\/p>\n","protected":false},"excerpt":{"rendered":"<h1><span style=\"color: #3c9bba;\">Pavillons de UNOSIDER<\/span><\/h1>\n<p>Unosider est le sp\u00e9cialiste de l\u2019ombrage ext\u00e9rieur avec un design italien distinctif.<\/p>\n","protected":false},"featured_media":26945,"template":"","meta":{"_acf_changed":false},"product_brand":[],"product_cat":[6469],"product_tag":[6556,6561,6560,6558,6563,259,6562,350,4948,290,352,6557,2315,4949,6559,351,349,256],"woo-feed-brand":[],"class_list":{"0":"post-21226","1":"product","2":"type-product","3":"status-publish","4":"has-post-thumbnail","6":"product_cat-non-categorise","7":"product_tag-abri","8":"product_tag-abri-de-jardin","9":"product_tag-abri-de-spa","10":"product_tag-abri-pour-softub-spa","11":"product_tag-artisanat-italien","12":"product_tag-jacuzzi-fr-2","13":"product_tag-jardin-ombre","14":"product_tag-mood-fr","15":"product_tag-oasis-de-wellness","16":"product_tag-pavillon-fr-2","17":"product_tag-protection-contre-le-soleil","18":"product_tag-salon-de-jardin","19":"product_tag-softub-fr-2","20":"product_tag-softub-suisse","21":"product_tag-softub-zone-dombre","22":"product_tag-surveillance","23":"product_tag-unosider-fr","24":"product_tag-whirlpool-fr","26":"first","27":"instock","28":"taxable","29":"shipping-taxable","30":"purchasable","31":"product-type-simple"},"acf":[],"yoast_head":"<!-- This site is optimized with the Yoast SEO Premium plugin v27.5 (Yoast SEO v27.5) - https:\/\/yoast.com\/product\/yoast-seo-premium-wordpress\/ -->\n<title>Pavillon Ottoemezzo de Unosider - un style discret et \u00e9l\u00e9gant venu d&#039;Italie<\/title>\n<meta name=\"description\" content=\"Le Pavillon Ottoemezzo de Unosider - un mod\u00e8le tr\u00e8s polyvalent, parfaitement adapt\u00e9 comme abri pour votre softub ou salon de jardin\" \/>\n<meta name=\"robots\" content=\"index, follow, max-snippet:-1, max-image-preview:large, max-video-preview:-1\" \/>\n<link rel=\"canonical\" href=\"https:\/\/www.softub.ch\/fr\/produit\/unosider-pavillon-ottomezzo\/\" \/>\n<meta property=\"og:locale\" content=\"fr_FR\" \/>\n<meta property=\"og:type\" content=\"article\" \/>\n<meta property=\"og:title\" content=\"Unosider Pavillon OTTOMEZZO - bien galb\u00e9 et fonctionnel\" \/>\n<meta property=\"og:description\" content=\"Le Pavillon Ottoemezzo de Unosider - un mod\u00e8le tr\u00e8s polyvalent, parfaitement adapt\u00e9 comme abri pour votre softub ou salon de jardin\" \/>\n<meta property=\"og:url\" content=\"https:\/\/www.softub.ch\/fr\/produit\/unosider-pavillon-ottomezzo\/\" \/>\n<meta property=\"og:site_name\" content=\"Softub Schweiz\" \/>\n<meta property=\"article:publisher\" content=\"https:\/\/www.facebook.com\/softubschweiz\" \/>\n<meta property=\"article:modified_time\" content=\"2022-08-26T09:21:51+00:00\" \/>\n<meta property=\"og:image\" content=\"https:\/\/www.softub.ch\/wp-content\/uploads\/Unosider-Pavillon-Ottoemezzo-Softub-Schweiz-0-.jpg\" \/>\n\t<meta property=\"og:image:width\" content=\"1920\" \/>\n\t<meta property=\"og:image:height\" content=\"1285\" \/>\n\t<meta property=\"og:image:type\" content=\"image\/jpeg\" \/>\n<meta name=\"twitter:card\" content=\"summary_large_image\" \/>\n<meta name=\"twitter:label1\" content=\"Dur\u00e9e de lecture estim\u00e9e\" \/>\n\t<meta name=\"twitter:data1\" content=\"2 minutes\" \/>\n<script type=\"application\/ld+json\" class=\"yoast-schema-graph\">{\"@context\":\"https:\\\/\\\/schema.org\",\"@graph\":[{\"@type\":\"WebPage\",\"@id\":\"https:\\\/\\\/www.softub.ch\\\/fr\\\/produit\\\/unosider-pavillon-ottomezzo\\\/\",\"url\":\"https:\\\/\\\/www.softub.ch\\\/fr\\\/produit\\\/unosider-pavillon-ottomezzo\\\/\",\"name\":\"Pavillon Ottoemezzo de Unosider - un style discret et \u00e9l\u00e9gant venu d'Italie\",\"isPartOf\":{\"@id\":\"https:\\\/\\\/www.softub.ch\\\/fr\\\/#website\"},\"primaryImageOfPage\":{\"@id\":\"https:\\\/\\\/www.softub.ch\\\/fr\\\/produit\\\/unosider-pavillon-ottomezzo\\\/#primaryimage\"},\"image\":{\"@id\":\"https:\\\/\\\/www.softub.ch\\\/fr\\\/produit\\\/unosider-pavillon-ottomezzo\\\/#primaryimage\"},\"thumbnailUrl\":\"https:\\\/\\\/www.softub.ch\\\/wp-content\\\/uploads\\\/Unosider-Pavillon-Ottoemezzo-Softub-Schweiz-0-.jpg\",\"datePublished\":\"2020-10-25T14:20:48+00:00\",\"dateModified\":\"2022-08-26T09:21:51+00:00\",\"description\":\"Le Pavillon Ottoemezzo de Unosider - un mod\u00e8le tr\u00e8s polyvalent, parfaitement adapt\u00e9 comme abri pour votre softub ou salon de jardin\",\"breadcrumb\":{\"@id\":\"https:\\\/\\\/www.softub.ch\\\/fr\\\/produit\\\/unosider-pavillon-ottomezzo\\\/#breadcrumb\"},\"inLanguage\":\"fr-FR\",\"potentialAction\":[{\"@type\":\"ReadAction\",\"target\":[\"https:\\\/\\\/www.softub.ch\\\/fr\\\/produit\\\/unosider-pavillon-ottomezzo\\\/\"]}]},{\"@type\":\"ImageObject\",\"inLanguage\":\"fr-FR\",\"@id\":\"https:\\\/\\\/www.softub.ch\\\/fr\\\/produit\\\/unosider-pavillon-ottomezzo\\\/#primaryimage\",\"url\":\"https:\\\/\\\/www.softub.ch\\\/wp-content\\\/uploads\\\/Unosider-Pavillon-Ottoemezzo-Softub-Schweiz-0-.jpg\",\"contentUrl\":\"https:\\\/\\\/www.softub.ch\\\/wp-content\\\/uploads\\\/Unosider-Pavillon-Ottoemezzo-Softub-Schweiz-0-.jpg\",\"width\":1920,\"height\":1285,\"caption\":\"Pavillon unosider Ottoemezzo. Pavillon blanc avec un toit pointu et des rideaux blancs. Ce pavillon se trouve dans un beau jardin verdoyant.\"},{\"@type\":\"BreadcrumbList\",\"@id\":\"https:\\\/\\\/www.softub.ch\\\/fr\\\/produit\\\/unosider-pavillon-ottomezzo\\\/#breadcrumb\",\"itemListElement\":[{\"@type\":\"ListItem\",\"position\":1,\"name\":\"Startseite\",\"item\":\"https:\\\/\\\/www.softub.ch\\\/fr\\\/\"},{\"@type\":\"ListItem\",\"position\":2,\"name\":\"Shop\",\"item\":\"https:\\\/\\\/www.softub.ch\\\/fr\\\/softub-suisse-shop\\\/\"},{\"@type\":\"ListItem\",\"position\":3,\"name\":\"Unosider Pavillon OTTOMEZZO &#8211; bien galb\u00e9 et fonctionnel\"}]},{\"@type\":\"WebSite\",\"@id\":\"https:\\\/\\\/www.softub.ch\\\/fr\\\/#website\",\"url\":\"https:\\\/\\\/www.softub.ch\\\/fr\\\/\",\"name\":\"Softub Schweiz\",\"description\":\"Softub - Wir machen Ferien Zuhause\",\"publisher\":{\"@id\":\"https:\\\/\\\/www.softub.ch\\\/fr\\\/#organization\"},\"potentialAction\":[{\"@type\":\"SearchAction\",\"target\":{\"@type\":\"EntryPoint\",\"urlTemplate\":\"https:\\\/\\\/www.softub.ch\\\/fr\\\/?s={search_term_string}\"},\"query-input\":{\"@type\":\"PropertyValueSpecification\",\"valueRequired\":true,\"valueName\":\"search_term_string\"}}],\"inLanguage\":\"fr-FR\"},{\"@type\":\"Organization\",\"@id\":\"https:\\\/\\\/www.softub.ch\\\/fr\\\/#organization\",\"name\":\"Softub Schweiz AG\",\"url\":\"https:\\\/\\\/www.softub.ch\\\/fr\\\/\",\"logo\":{\"@type\":\"ImageObject\",\"inLanguage\":\"fr-FR\",\"@id\":\"https:\\\/\\\/www.softub.ch\\\/fr\\\/#\\\/schema\\\/logo\\\/image\\\/\",\"url\":\"https:\\\/\\\/www.softub.ch\\\/wp-content\\\/uploads\\\/Softub-Logo-Softub-Schweiz-.png\",\"contentUrl\":\"https:\\\/\\\/www.softub.ch\\\/wp-content\\\/uploads\\\/Softub-Logo-Softub-Schweiz-.png\",\"width\":200,\"height\":73,\"caption\":\"Softub Schweiz AG\"},\"image\":{\"@id\":\"https:\\\/\\\/www.softub.ch\\\/fr\\\/#\\\/schema\\\/logo\\\/image\\\/\"},\"sameAs\":[\"https:\\\/\\\/www.facebook.com\\\/softubschweiz\",\"https:\\\/\\\/www.instagram.com\\\/softub_schweiz\\\/\",\"https:\\\/\\\/ch.pinterest.com\\\/softub_schweiz\\\/\",\"https:\\\/\\\/www.linkedin.com\\\/company\\\/softub-schweiz-ag\\\/\"]}]}<\/script>\n<!-- \/ Yoast SEO Premium plugin. -->","yoast_head_json":{"title":"Pavillon Ottoemezzo de Unosider - un style discret et \u00e9l\u00e9gant venu d'Italie","description":"Le Pavillon Ottoemezzo de Unosider - un mod\u00e8le tr\u00e8s polyvalent, parfaitement adapt\u00e9 comme abri pour votre softub ou salon de jardin","robots":{"index":"index","follow":"follow","max-snippet":"max-snippet:-1","max-image-preview":"max-image-preview:large","max-video-preview":"max-video-preview:-1"},"canonical":"https:\/\/www.softub.ch\/fr\/produit\/unosider-pavillon-ottomezzo\/","og_locale":"fr_FR","og_type":"article","og_title":"Unosider Pavillon OTTOMEZZO - bien galb\u00e9 et fonctionnel","og_description":"Le Pavillon Ottoemezzo de Unosider - un mod\u00e8le tr\u00e8s polyvalent, parfaitement adapt\u00e9 comme abri pour votre softub ou salon de jardin","og_url":"https:\/\/www.softub.ch\/fr\/produit\/unosider-pavillon-ottomezzo\/","og_site_name":"Softub Schweiz","article_publisher":"https:\/\/www.facebook.com\/softubschweiz","article_modified_time":"2022-08-26T09:21:51+00:00","og_image":[{"width":1920,"height":1285,"url":"https:\/\/www.softub.ch\/wp-content\/uploads\/Unosider-Pavillon-Ottoemezzo-Softub-Schweiz-0-.jpg","type":"image\/jpeg"}],"twitter_card":"summary_large_image","twitter_misc":{"Dur\u00e9e de lecture estim\u00e9e":"2 minutes"},"schema":{"@context":"https:\/\/schema.org","@graph":[{"@type":"WebPage","@id":"https:\/\/www.softub.ch\/fr\/produit\/unosider-pavillon-ottomezzo\/","url":"https:\/\/www.softub.ch\/fr\/produit\/unosider-pavillon-ottomezzo\/","name":"Pavillon Ottoemezzo de Unosider - un style discret et \u00e9l\u00e9gant venu d'Italie","isPartOf":{"@id":"https:\/\/www.softub.ch\/fr\/#website"},"primaryImageOfPage":{"@id":"https:\/\/www.softub.ch\/fr\/produit\/unosider-pavillon-ottomezzo\/#primaryimage"},"image":{"@id":"https:\/\/www.softub.ch\/fr\/produit\/unosider-pavillon-ottomezzo\/#primaryimage"},"thumbnailUrl":"https:\/\/www.softub.ch\/wp-content\/uploads\/Unosider-Pavillon-Ottoemezzo-Softub-Schweiz-0-.jpg","datePublished":"2020-10-25T14:20:48+00:00","dateModified":"2022-08-26T09:21:51+00:00","description":"Le Pavillon Ottoemezzo de Unosider - un mod\u00e8le tr\u00e8s polyvalent, parfaitement adapt\u00e9 comme abri pour votre softub ou salon de jardin","breadcrumb":{"@id":"https:\/\/www.softub.ch\/fr\/produit\/unosider-pavillon-ottomezzo\/#breadcrumb"},"inLanguage":"fr-FR","potentialAction":[{"@type":"ReadAction","target":["https:\/\/www.softub.ch\/fr\/produit\/unosider-pavillon-ottomezzo\/"]}]},{"@type":"ImageObject","inLanguage":"fr-FR","@id":"https:\/\/www.softub.ch\/fr\/produit\/unosider-pavillon-ottomezzo\/#primaryimage","url":"https:\/\/www.softub.ch\/wp-content\/uploads\/Unosider-Pavillon-Ottoemezzo-Softub-Schweiz-0-.jpg","contentUrl":"https:\/\/www.softub.ch\/wp-content\/uploads\/Unosider-Pavillon-Ottoemezzo-Softub-Schweiz-0-.jpg","width":1920,"height":1285,"caption":"Pavillon unosider Ottoemezzo. Pavillon blanc avec un toit pointu et des rideaux blancs. Ce pavillon se trouve dans un beau jardin verdoyant."},{"@type":"BreadcrumbList","@id":"https:\/\/www.softub.ch\/fr\/produit\/unosider-pavillon-ottomezzo\/#breadcrumb","itemListElement":[{"@type":"ListItem","position":1,"name":"Startseite","item":"https:\/\/www.softub.ch\/fr\/"},{"@type":"ListItem","position":2,"name":"Shop","item":"https:\/\/www.softub.ch\/fr\/softub-suisse-shop\/"},{"@type":"ListItem","position":3,"name":"Unosider Pavillon OTTOMEZZO &#8211; bien galb\u00e9 et fonctionnel"}]},{"@type":"WebSite","@id":"https:\/\/www.softub.ch\/fr\/#website","url":"https:\/\/www.softub.ch\/fr\/","name":"Softub Schweiz","description":"Softub - Wir machen Ferien Zuhause","publisher":{"@id":"https:\/\/www.softub.ch\/fr\/#organization"},"potentialAction":[{"@type":"SearchAction","target":{"@type":"EntryPoint","urlTemplate":"https:\/\/www.softub.ch\/fr\/?s={search_term_string}"},"query-input":{"@type":"PropertyValueSpecification","valueRequired":true,"valueName":"search_term_string"}}],"inLanguage":"fr-FR"},{"@type":"Organization","@id":"https:\/\/www.softub.ch\/fr\/#organization","name":"Softub Schweiz AG","url":"https:\/\/www.softub.ch\/fr\/","logo":{"@type":"ImageObject","inLanguage":"fr-FR","@id":"https:\/\/www.softub.ch\/fr\/#\/schema\/logo\/image\/","url":"https:\/\/www.softub.ch\/wp-content\/uploads\/Softub-Logo-Softub-Schweiz-.png","contentUrl":"https:\/\/www.softub.ch\/wp-content\/uploads\/Softub-Logo-Softub-Schweiz-.png","width":200,"height":73,"caption":"Softub Schweiz AG"},"image":{"@id":"https:\/\/www.softub.ch\/fr\/#\/schema\/logo\/image\/"},"sameAs":["https:\/\/www.facebook.com\/softubschweiz","https:\/\/www.instagram.com\/softub_schweiz\/","https:\/\/ch.pinterest.com\/softub_schweiz\/","https:\/\/www.linkedin.com\/company\/softub-schweiz-ag\/"]}]}},"_links":{"self":[{"href":"https:\/\/www.softub.ch\/fr\/wp-json\/wp\/v2\/product\/21226","targetHints":{"allow":["GET"]}}],"collection":[{"href":"https:\/\/www.softub.ch\/fr\/wp-json\/wp\/v2\/product"}],"about":[{"href":"https:\/\/www.softub.ch\/fr\/wp-json\/wp\/v2\/types\/product"}],"wp:featuredmedia":[{"embeddable":true,"href":"https:\/\/www.softub.ch\/fr\/wp-json\/wp\/v2\/media\/26945"}],"wp:attachment":[{"href":"https:\/\/www.softub.ch\/fr\/wp-json\/wp\/v2\/media?parent=21226"}],"wp:term":[{"taxonomy":"product_brand","embeddable":true,"href":"https:\/\/www.softub.ch\/fr\/wp-json\/wp\/v2\/product_brand?post=21226"},{"taxonomy":"product_cat","embeddable":true,"href":"https:\/\/www.softub.ch\/fr\/wp-json\/wp\/v2\/product_cat?post=21226"},{"taxonomy":"product_tag","embeddable":true,"href":"https:\/\/www.softub.ch\/fr\/wp-json\/wp\/v2\/product_tag?post=21226"},{"taxonomy":"woo-feed-brand","embeddable":true,"href":"https:\/\/www.softub.ch\/fr\/wp-json\/wp\/v2\/woo-feed-brand?post=21226"}],"curies":[{"name":"wp","href":"https:\/\/api.w.org\/{rel}","templated":true}]}}