{"id":21905,"date":"2019-09-30T08:18:44","date_gmt":"2020-11-24T08:18:46","guid":{"rendered":"http:\/\/www.softub.ch\/?post_type=product&#038;p=21905"},"modified":"2022-08-18T14:38:36","modified_gmt":"2022-08-18T14:38:36","slug":"delphin-spa-hartschalen-whirlwannenreiniger","status":"publish","type":"product","link":"https:\/\/www.softub.ch\/fr\/produit\/delphin-spa-hartschalen-whirlwannenreiniger\/","title":{"rendered":"Delphin Spa &#8211; hartschale Whirlwannenreiniger"},"content":{"rendered":"<p><strong>Dosage:<\/strong><br \/>\n500 ml \u00e0 1000 litres d&rsquo;eau.<\/p>\n<p><strong>Usage:<\/strong><br \/>\nLes tuyaux sont nettoy\u00e9 avant l&rsquo;\u00e9change d&rsquo;eau. Pendant que le r\u00e9servoir est encore rempli, ajoutez le nettoyant et mettez la pompe en marche et ouvrez le r\u00e9gulateur d&rsquo;air. Retirez le filtre si possible. Apr\u00e8s environ 30 minutes, vous pouvez vider le Bassin. Vous pouvez aussi laisser le produit agir pendant la nuit et vider le bassin le lendemain. Ensuite, rincez le bassin avec d&rsquo;eau propre. Apr\u00e8s avoir rempli d&rsquo;eau fra\u00eeche, d\u00e9sinfectez avec du chlore ou de l&rsquo;oxyg\u00e8ne actif.<\/p>\n<p><strong>Ne m\u00e9langez jamais avec des autres produits chimiques!<\/strong><\/p>\n<p>&nbsp;<\/p>\n<p>Contenu: 1,0 l<\/p>\n<p><i class=\"fas fa-exclamation-triangle\"><\/i>Mention de danger<\/p>\n","protected":false},"excerpt":{"rendered":"<p>Dans le syst\u00e8me de tuyaux des tourbillons, des bact\u00e9ries, des germes et de petites particules de salet\u00e9 peuvent se d\u00e9poser. Souvent, ces d\u00e9p\u00f4ts forment un biofilm, qui peut constituer un autre terrain fertile pour les bact\u00e9ries et les germes. Le nettoyeur de tubes Softub Spa \u00e9limine ce biofilm et nettoie le syst\u00e8me de tuyauterie, contribuant de mani\u00e8re significative \u00e0 la gestion de l&rsquo;eau de votre piscine.<\/p>\n","protected":false},"featured_media":21908,"template":"","meta":{"_acf_changed":false},"product_brand":[],"product_cat":[213],"product_tag":[4950,326,6360,322,259,2315,4949,257,270,256],"woo-feed-brand":[],"class_list":{"0":"post-21905","1":"product","2":"type-product","3":"status-publish","4":"has-post-thumbnail","6":"product_cat-entretien-de-leau-nettoyage-des-spas-a-coque-dure","7":"product_tag-spas-a-coque-rigide","8":"product_tag-chimie","9":"product_tag-delphin-spa-fr","10":"product_tag-entretien-de-leau","11":"product_tag-jacuzzi-fr-2","12":"product_tag-softub-fr-2","13":"product_tag-softub-suisse","14":"product_tag-spa-fr-2","15":"product_tag-wellness-fr","16":"product_tag-whirlpool-fr","17":"product_shipping_class-post-15","19":"first","20":"instock","21":"taxable","22":"shipping-taxable","23":"purchasable","24":"product-type-simple"},"acf":[],"yoast_head":"<!-- This site is optimized with the Yoast SEO Premium plugin v27.5 (Yoast SEO v27.5) - https:\/\/yoast.com\/product\/yoast-seo-premium-wordpress\/ -->\n<title>Delphin Spa - hartschale Whirlwannenreiniger - Softub Schweiz<\/title>\n<meta name=\"robots\" content=\"index, follow, max-snippet:-1, max-image-preview:large, max-video-preview:-1\" \/>\n<link rel=\"canonical\" href=\"https:\/\/www.softub.ch\/fr\/produit\/delphin-spa-hartschalen-whirlwannenreiniger\/\" \/>\n<meta property=\"og:locale\" content=\"fr_FR\" \/>\n<meta property=\"og:type\" content=\"article\" \/>\n<meta property=\"og:title\" content=\"Delphin Spa - hartschale Whirlwannenreiniger\" \/>\n<meta property=\"og:description\" content=\"Dans le syst\u00e8me de tuyaux des tourbillons, des bact\u00e9ries, des germes et de petites particules de salet\u00e9 peuvent se d\u00e9poser. Souvent, ces d\u00e9p\u00f4ts forment un biofilm, qui peut constituer un autre terrain fertile pour les bact\u00e9ries et les germes. Le nettoyeur de tubes Softub Spa \u00e9limine ce biofilm et nettoie le syst\u00e8me de tuyauterie, contribuant de mani\u00e8re significative \u00e0 la gestion de l&#039;eau de votre piscine.\" \/>\n<meta property=\"og:url\" content=\"https:\/\/www.softub.ch\/fr\/produit\/delphin-spa-hartschalen-whirlwannenreiniger\/\" \/>\n<meta property=\"og:site_name\" content=\"Softub Schweiz\" \/>\n<meta property=\"article:publisher\" content=\"https:\/\/www.facebook.com\/softubschweiz\" \/>\n<meta property=\"article:modified_time\" content=\"2022-08-18T14:38:36+00:00\" \/>\n<meta property=\"og:image\" content=\"https:\/\/www.softub.ch\/wp-content\/uploads\/Delphin-Spa-Whirlwannen-Reiniger.jpg\" \/>\n\t<meta property=\"og:image:width\" content=\"800\" \/>\n\t<meta property=\"og:image:height\" content=\"800\" \/>\n\t<meta property=\"og:image:type\" content=\"image\/jpeg\" \/>\n<meta name=\"twitter:card\" content=\"summary_large_image\" \/>\n<meta name=\"twitter:label1\" content=\"Dur\u00e9e de lecture estim\u00e9e\" \/>\n\t<meta name=\"twitter:data1\" content=\"1 minute\" \/>\n<script type=\"application\/ld+json\" class=\"yoast-schema-graph\">{\"@context\":\"https:\\\/\\\/schema.org\",\"@graph\":[{\"@type\":\"WebPage\",\"@id\":\"https:\\\/\\\/www.softub.ch\\\/fr\\\/produit\\\/delphin-spa-hartschalen-whirlwannenreiniger\\\/\",\"url\":\"https:\\\/\\\/www.softub.ch\\\/fr\\\/produit\\\/delphin-spa-hartschalen-whirlwannenreiniger\\\/\",\"name\":\"Delphin Spa - hartschale Whirlwannenreiniger - Softub Schweiz\",\"isPartOf\":{\"@id\":\"https:\\\/\\\/www.softub.ch\\\/fr\\\/#website\"},\"primaryImageOfPage\":{\"@id\":\"https:\\\/\\\/www.softub.ch\\\/fr\\\/produit\\\/delphin-spa-hartschalen-whirlwannenreiniger\\\/#primaryimage\"},\"image\":{\"@id\":\"https:\\\/\\\/www.softub.ch\\\/fr\\\/produit\\\/delphin-spa-hartschalen-whirlwannenreiniger\\\/#primaryimage\"},\"thumbnailUrl\":\"https:\\\/\\\/www.softub.ch\\\/wp-content\\\/uploads\\\/Delphin-Spa-Whirlwannen-Reiniger.jpg\",\"datePublished\":\"2020-11-24T08:18:46+00:00\",\"dateModified\":\"2022-08-18T14:38:36+00:00\",\"breadcrumb\":{\"@id\":\"https:\\\/\\\/www.softub.ch\\\/fr\\\/produit\\\/delphin-spa-hartschalen-whirlwannenreiniger\\\/#breadcrumb\"},\"inLanguage\":\"fr-FR\",\"potentialAction\":[{\"@type\":\"ReadAction\",\"target\":[\"https:\\\/\\\/www.softub.ch\\\/fr\\\/produit\\\/delphin-spa-hartschalen-whirlwannenreiniger\\\/\"]}]},{\"@type\":\"ImageObject\",\"inLanguage\":\"fr-FR\",\"@id\":\"https:\\\/\\\/www.softub.ch\\\/fr\\\/produit\\\/delphin-spa-hartschalen-whirlwannenreiniger\\\/#primaryimage\",\"url\":\"https:\\\/\\\/www.softub.ch\\\/wp-content\\\/uploads\\\/Delphin-Spa-Whirlwannen-Reiniger.jpg\",\"contentUrl\":\"https:\\\/\\\/www.softub.ch\\\/wp-content\\\/uploads\\\/Delphin-Spa-Whirlwannen-Reiniger.jpg\",\"width\":800,\"height\":800,\"caption\":\"Whirlwannen Reiniger. Softub Schweiz. Softub. Whirlpool Reiniger. Harteschalen Whirlpool Reiniger.\"},{\"@type\":\"BreadcrumbList\",\"@id\":\"https:\\\/\\\/www.softub.ch\\\/fr\\\/produit\\\/delphin-spa-hartschalen-whirlwannenreiniger\\\/#breadcrumb\",\"itemListElement\":[{\"@type\":\"ListItem\",\"position\":1,\"name\":\"Startseite\",\"item\":\"https:\\\/\\\/www.softub.ch\\\/fr\\\/\"},{\"@type\":\"ListItem\",\"position\":2,\"name\":\"Shop\",\"item\":\"https:\\\/\\\/www.softub.ch\\\/fr\\\/softub-suisse-shop\\\/\"},{\"@type\":\"ListItem\",\"position\":3,\"name\":\"Delphin Spa &#8211; hartschale Whirlwannenreiniger\"}]},{\"@type\":\"WebSite\",\"@id\":\"https:\\\/\\\/www.softub.ch\\\/fr\\\/#website\",\"url\":\"https:\\\/\\\/www.softub.ch\\\/fr\\\/\",\"name\":\"Softub Schweiz\",\"description\":\"Softub - Wir machen Ferien Zuhause\",\"publisher\":{\"@id\":\"https:\\\/\\\/www.softub.ch\\\/fr\\\/#organization\"},\"potentialAction\":[{\"@type\":\"SearchAction\",\"target\":{\"@type\":\"EntryPoint\",\"urlTemplate\":\"https:\\\/\\\/www.softub.ch\\\/fr\\\/?s={search_term_string}\"},\"query-input\":{\"@type\":\"PropertyValueSpecification\",\"valueRequired\":true,\"valueName\":\"search_term_string\"}}],\"inLanguage\":\"fr-FR\"},{\"@type\":\"Organization\",\"@id\":\"https:\\\/\\\/www.softub.ch\\\/fr\\\/#organization\",\"name\":\"Softub Schweiz AG\",\"url\":\"https:\\\/\\\/www.softub.ch\\\/fr\\\/\",\"logo\":{\"@type\":\"ImageObject\",\"inLanguage\":\"fr-FR\",\"@id\":\"https:\\\/\\\/www.softub.ch\\\/fr\\\/#\\\/schema\\\/logo\\\/image\\\/\",\"url\":\"https:\\\/\\\/www.softub.ch\\\/wp-content\\\/uploads\\\/Softub-Logo-Softub-Schweiz-.png\",\"contentUrl\":\"https:\\\/\\\/www.softub.ch\\\/wp-content\\\/uploads\\\/Softub-Logo-Softub-Schweiz-.png\",\"width\":200,\"height\":73,\"caption\":\"Softub Schweiz AG\"},\"image\":{\"@id\":\"https:\\\/\\\/www.softub.ch\\\/fr\\\/#\\\/schema\\\/logo\\\/image\\\/\"},\"sameAs\":[\"https:\\\/\\\/www.facebook.com\\\/softubschweiz\",\"https:\\\/\\\/www.instagram.com\\\/softub_schweiz\\\/\",\"https:\\\/\\\/ch.pinterest.com\\\/softub_schweiz\\\/\",\"https:\\\/\\\/www.linkedin.com\\\/company\\\/softub-schweiz-ag\\\/\"]}]}<\/script>\n<!-- \/ Yoast SEO Premium plugin. -->","yoast_head_json":{"title":"Delphin Spa - hartschale Whirlwannenreiniger - Softub Schweiz","robots":{"index":"index","follow":"follow","max-snippet":"max-snippet:-1","max-image-preview":"max-image-preview:large","max-video-preview":"max-video-preview:-1"},"canonical":"https:\/\/www.softub.ch\/fr\/produit\/delphin-spa-hartschalen-whirlwannenreiniger\/","og_locale":"fr_FR","og_type":"article","og_title":"Delphin Spa - hartschale Whirlwannenreiniger","og_description":"Dans le syst\u00e8me de tuyaux des tourbillons, des bact\u00e9ries, des germes et de petites particules de salet\u00e9 peuvent se d\u00e9poser. Souvent, ces d\u00e9p\u00f4ts forment un biofilm, qui peut constituer un autre terrain fertile pour les bact\u00e9ries et les germes. Le nettoyeur de tubes Softub Spa \u00e9limine ce biofilm et nettoie le syst\u00e8me de tuyauterie, contribuant de mani\u00e8re significative \u00e0 la gestion de l'eau de votre piscine.","og_url":"https:\/\/www.softub.ch\/fr\/produit\/delphin-spa-hartschalen-whirlwannenreiniger\/","og_site_name":"Softub Schweiz","article_publisher":"https:\/\/www.facebook.com\/softubschweiz","article_modified_time":"2022-08-18T14:38:36+00:00","og_image":[{"width":800,"height":800,"url":"https:\/\/www.softub.ch\/wp-content\/uploads\/Delphin-Spa-Whirlwannen-Reiniger.jpg","type":"image\/jpeg"}],"twitter_card":"summary_large_image","twitter_misc":{"Dur\u00e9e de lecture estim\u00e9e":"1 minute"},"schema":{"@context":"https:\/\/schema.org","@graph":[{"@type":"WebPage","@id":"https:\/\/www.softub.ch\/fr\/produit\/delphin-spa-hartschalen-whirlwannenreiniger\/","url":"https:\/\/www.softub.ch\/fr\/produit\/delphin-spa-hartschalen-whirlwannenreiniger\/","name":"Delphin Spa - hartschale Whirlwannenreiniger - Softub Schweiz","isPartOf":{"@id":"https:\/\/www.softub.ch\/fr\/#website"},"primaryImageOfPage":{"@id":"https:\/\/www.softub.ch\/fr\/produit\/delphin-spa-hartschalen-whirlwannenreiniger\/#primaryimage"},"image":{"@id":"https:\/\/www.softub.ch\/fr\/produit\/delphin-spa-hartschalen-whirlwannenreiniger\/#primaryimage"},"thumbnailUrl":"https:\/\/www.softub.ch\/wp-content\/uploads\/Delphin-Spa-Whirlwannen-Reiniger.jpg","datePublished":"2020-11-24T08:18:46+00:00","dateModified":"2022-08-18T14:38:36+00:00","breadcrumb":{"@id":"https:\/\/www.softub.ch\/fr\/produit\/delphin-spa-hartschalen-whirlwannenreiniger\/#breadcrumb"},"inLanguage":"fr-FR","potentialAction":[{"@type":"ReadAction","target":["https:\/\/www.softub.ch\/fr\/produit\/delphin-spa-hartschalen-whirlwannenreiniger\/"]}]},{"@type":"ImageObject","inLanguage":"fr-FR","@id":"https:\/\/www.softub.ch\/fr\/produit\/delphin-spa-hartschalen-whirlwannenreiniger\/#primaryimage","url":"https:\/\/www.softub.ch\/wp-content\/uploads\/Delphin-Spa-Whirlwannen-Reiniger.jpg","contentUrl":"https:\/\/www.softub.ch\/wp-content\/uploads\/Delphin-Spa-Whirlwannen-Reiniger.jpg","width":800,"height":800,"caption":"Whirlwannen Reiniger. Softub Schweiz. Softub. Whirlpool Reiniger. Harteschalen Whirlpool Reiniger."},{"@type":"BreadcrumbList","@id":"https:\/\/www.softub.ch\/fr\/produit\/delphin-spa-hartschalen-whirlwannenreiniger\/#breadcrumb","itemListElement":[{"@type":"ListItem","position":1,"name":"Startseite","item":"https:\/\/www.softub.ch\/fr\/"},{"@type":"ListItem","position":2,"name":"Shop","item":"https:\/\/www.softub.ch\/fr\/softub-suisse-shop\/"},{"@type":"ListItem","position":3,"name":"Delphin Spa &#8211; hartschale Whirlwannenreiniger"}]},{"@type":"WebSite","@id":"https:\/\/www.softub.ch\/fr\/#website","url":"https:\/\/www.softub.ch\/fr\/","name":"Softub Schweiz","description":"Softub - Wir machen Ferien Zuhause","publisher":{"@id":"https:\/\/www.softub.ch\/fr\/#organization"},"potentialAction":[{"@type":"SearchAction","target":{"@type":"EntryPoint","urlTemplate":"https:\/\/www.softub.ch\/fr\/?s={search_term_string}"},"query-input":{"@type":"PropertyValueSpecification","valueRequired":true,"valueName":"search_term_string"}}],"inLanguage":"fr-FR"},{"@type":"Organization","@id":"https:\/\/www.softub.ch\/fr\/#organization","name":"Softub Schweiz AG","url":"https:\/\/www.softub.ch\/fr\/","logo":{"@type":"ImageObject","inLanguage":"fr-FR","@id":"https:\/\/www.softub.ch\/fr\/#\/schema\/logo\/image\/","url":"https:\/\/www.softub.ch\/wp-content\/uploads\/Softub-Logo-Softub-Schweiz-.png","contentUrl":"https:\/\/www.softub.ch\/wp-content\/uploads\/Softub-Logo-Softub-Schweiz-.png","width":200,"height":73,"caption":"Softub Schweiz AG"},"image":{"@id":"https:\/\/www.softub.ch\/fr\/#\/schema\/logo\/image\/"},"sameAs":["https:\/\/www.facebook.com\/softubschweiz","https:\/\/www.instagram.com\/softub_schweiz\/","https:\/\/ch.pinterest.com\/softub_schweiz\/","https:\/\/www.linkedin.com\/company\/softub-schweiz-ag\/"]}]}},"_links":{"self":[{"href":"https:\/\/www.softub.ch\/fr\/wp-json\/wp\/v2\/product\/21905","targetHints":{"allow":["GET"]}}],"collection":[{"href":"https:\/\/www.softub.ch\/fr\/wp-json\/wp\/v2\/product"}],"about":[{"href":"https:\/\/www.softub.ch\/fr\/wp-json\/wp\/v2\/types\/product"}],"wp:featuredmedia":[{"embeddable":true,"href":"https:\/\/www.softub.ch\/fr\/wp-json\/wp\/v2\/media\/21908"}],"wp:attachment":[{"href":"https:\/\/www.softub.ch\/fr\/wp-json\/wp\/v2\/media?parent=21905"}],"wp:term":[{"taxonomy":"product_brand","embeddable":true,"href":"https:\/\/www.softub.ch\/fr\/wp-json\/wp\/v2\/product_brand?post=21905"},{"taxonomy":"product_cat","embeddable":true,"href":"https:\/\/www.softub.ch\/fr\/wp-json\/wp\/v2\/product_cat?post=21905"},{"taxonomy":"product_tag","embeddable":true,"href":"https:\/\/www.softub.ch\/fr\/wp-json\/wp\/v2\/product_tag?post=21905"},{"taxonomy":"woo-feed-brand","embeddable":true,"href":"https:\/\/www.softub.ch\/fr\/wp-json\/wp\/v2\/woo-feed-brand?post=21905"}],"curies":[{"name":"wp","href":"https:\/\/api.w.org\/{rel}","templated":true}]}}