{"id":21911,"date":"2019-09-29T08:52:45","date_gmt":"2020-11-24T08:52:46","guid":{"rendered":"http:\/\/www.softub.ch\/?post_type=product&#038;p=21911"},"modified":"2022-12-07T09:05:17","modified_gmt":"2022-12-07T09:05:17","slug":"chemoform-stahlclin","status":"publish","type":"product","link":"https:\/\/www.softub.ch\/fr\/produit\/chemoform-stahlclin\/","title":{"rendered":"Chemoform &#8211; Stahlclin nettoyant tous m\u00e9taux"},"content":{"rendered":"<h1><span style=\"color: #429bba;\">Chemoform Stahlclin<\/span><\/h1>\n<h3>Mode d&#8217;emploi:<\/h3>\n<p>Humidifier au pr\u00e9alable les parties \u00e0 traiter. Vaporiser ou \u00e9taler fpur avec une \u00e9ponge ou un chiffon humide en frottant l\u00e9g\u00e8rement. Laisser agir quelques instants, puis rincer. Frotter \u00e9ventuellement avec un chiffon sec et faire briller. Peut agresser certains mat\u00e9riaux sensibles aux acides tels que le zinc, l&rsquo;\u00e9tain, le bronze, l&rsquo;aluminium. Faire un essai pr\u00e9alable. Ne jamais m\u00e9langer avec d&rsquo;autres produits chimiques.<\/p>\n<p>Attention ! Ne pas traiter le zinc, l&rsquo;\u00e9tain, l&rsquo;aluminium et autres mat\u00e9riaux sensibles !<\/p>\n<p>&nbsp;<\/p>\n<h3>Consigne de s\u00e9curit\u00e9:<\/h3>\n<p>Ne jamais m\u00e9langer avec d&rsquo;autres produits chimiques !<\/p>\n<p><a href=\"https:\/\/softub.ch\/wp-content\/uploads\/SDB_Chemoform_Edelstahlreiniger-Softub-Schweiz-.pdf\" target=\"_blank\" rel=\"noopener\">Fiche de donn\u00e9es de s\u00e9curit\u00e9<\/a><\/p>\n<p>&nbsp;<\/p>\n<h3>Composants:<\/h3>\n<p>Agents de surface anioniques &lt; 5%, agents de surface non ioniques &lt; 5%, parfums &lt; 5%, acide phosphorique &lt; 20%.<\/p>\n<p>Peut provoquer des r\u00e9actions allergiques.<\/p>\n<p>Contenu : 1.0 l<\/p>\n<h3><\/h3>\n<h3>Pourquoi entretenir et nettoyer l&rsquo;eau ?<\/h3>\n<p>Un entretien et un nettoyage minutieux et r\u00e9gulier de l&rsquo;eau de votre piscine sont essentiels pour garantir la beaut\u00e9, la protection et la long\u00e9vit\u00e9 de votre spa. C&rsquo;est surtout la premi\u00e8re condition pour un bain et un bain \u00e0 bulles uniques ! Pour cela, il est essentiel d&rsquo;utiliser les produits d&rsquo;entretien appropri\u00e9s de Softub et de les appliquer correctement.<\/p>\n<p>Les produits d&rsquo;entretien de l&rsquo;eau ont de nombreuses fonctions diff\u00e9rentes. Entre autres, ils emp\u00eachent la croissance des micro-organismes, \u00e9liminent les impuret\u00e9s organiques ou r\u00e9gulent le pH de l&rsquo;eau, etc. Il est \u00e9galement important de respecter les dosages indiqu\u00e9s dans la description de chaque produit.<\/p>\n<p>Offrez \u00e0 votre spa un entretien ad\u00e9quat et informez-vous en d\u00e9tail sur le th\u00e8me de l&rsquo;entretien de l&rsquo;eau. Si vous avez d&rsquo;autres questions, nous vous conseillons volontiers par t\u00e9l\u00e9phone, dans l&rsquo;une de nos salles d&rsquo;exposition ou \u00e0 votre domicile.<\/p>\n<p>&nbsp;<\/p>\n<h3>Autres produits d&rsquo;entretien de l&rsquo;eau et de nettoyage de Softub:<\/h3>\n<p>Nous avons rassembl\u00e9 pour vous un vaste assortiment d&rsquo;accessoires, afin que vous puissiez choisir en toute tranquillit\u00e9 les produits appropri\u00e9s <a href=\"https:\/\/softub.ch\/fr\/softub-suisse-shop\/entretien-traitement-deau\/\" target=\"_blank\" rel=\"noopener\">pour l&rsquo;entretien et le nettoyage de l&rsquo;eau<\/a> dans notre boutique en ligne.<\/p>\n<p>Si vous souhaitez en outre cr\u00e9er votre oasis de bien-\u00eatre personnelle et mettre particuli\u00e8rement en valeur votre Softub, n&rsquo;h\u00e9sitez pas \u00e0 jeter un coup d&rsquo;\u0153il \u00e0 notre <a href=\"https:\/\/meinschattenspender.ch\/\" target=\"_blank\" rel=\"noopener\">pavillon Unosider.<\/a><\/p>\n<p>Nous nous ferons un plaisir de vous conseiller, par t\u00e9l\u00e9phone, dans l&rsquo;un de nos showrooms ou \u00e0 votre domicile.<\/p>\n","protected":false},"excerpt":{"rendered":"<h1><span style=\"color: #429bba;\">Chemoform Stahlclin<\/span><\/h1>\n<p>Nettoyant pour l&rsquo;acier inoxydable et le chrome contre la salet\u00e9 grasse. Contient de l&rsquo;acide phosphorique et une protection contre la corrosion. Nettoie l&rsquo;acier inoxydable et les robinets chrom\u00e9s et plus encore &#8211; donne un \u00e9clat magnifique.<\/p>\n","protected":false},"featured_media":21916,"template":"","meta":{"_acf_changed":false},"product_brand":[],"product_cat":[213],"product_tag":[4950,7021,6436,326,6360,322,259,7020,7019,7018,2315,4949,257,270,256],"woo-feed-brand":[],"class_list":{"0":"post-21911","1":"product","2":"type-product","3":"status-publish","4":"has-post-thumbnail","6":"product_cat-entretien-de-leau-nettoyage-des-spas-a-coque-dure","7":"product_tag-spas-a-coque-rigide","8":"product_tag-bain-a-remous-a-coque-dure","9":"product_tag-chemoform-fr","10":"product_tag-chimie","11":"product_tag-delphin-spa-fr","12":"product_tag-entretien-de-leau","13":"product_tag-jacuzzi-fr-2","14":"product_tag-jacuzzi-a-coque-dure","15":"product_tag-produits-de-nettoyage-bien-etre","16":"product_tag-produits-de-purification-de-leau","17":"product_tag-softub-fr-2","18":"product_tag-softub-suisse","19":"product_tag-spa-fr-2","20":"product_tag-wellness-fr","21":"product_tag-whirlpool-fr","22":"product_shipping_class-post-15","24":"first","25":"instock","26":"featured","27":"taxable","28":"shipping-taxable","29":"purchasable","30":"product-type-simple"},"acf":[],"yoast_head":"<!-- This site is optimized with the Yoast SEO Premium plugin v27.5 (Yoast SEO v27.5) - https:\/\/yoast.com\/product\/yoast-seo-premium-wordpress\/ -->\n<title>Chemoform Stahlclin pour les spas \u00e0 coque dure<\/title>\n<meta name=\"description\" content=\"Le Chemoform Stahlclin est le nettoyant parfait pour l&#039;acier inoxydable et le chrome contre la salet\u00e9 grasse et donne un \u00e9clat magnifique.\" \/>\n<meta name=\"robots\" content=\"index, follow, max-snippet:-1, max-image-preview:large, max-video-preview:-1\" \/>\n<link rel=\"canonical\" href=\"https:\/\/www.softub.ch\/fr\/produit\/chemoform-stahlclin\/\" \/>\n<meta property=\"og:locale\" content=\"fr_FR\" \/>\n<meta property=\"og:type\" content=\"article\" \/>\n<meta property=\"og:title\" content=\"Chemoform - Stahlclin nettoyant tous m\u00e9taux\" \/>\n<meta property=\"og:description\" content=\"Le Chemoform Stahlclin est le nettoyant parfait pour l&#039;acier inoxydable et le chrome contre la salet\u00e9 grasse et donne un \u00e9clat magnifique.\" \/>\n<meta property=\"og:url\" content=\"https:\/\/www.softub.ch\/fr\/produit\/chemoform-stahlclin\/\" \/>\n<meta property=\"og:site_name\" content=\"Softub Schweiz\" \/>\n<meta property=\"article:publisher\" content=\"https:\/\/www.facebook.com\/softubschweiz\" \/>\n<meta property=\"article:modified_time\" content=\"2022-12-07T09:05:17+00:00\" \/>\n<meta property=\"og:image\" content=\"https:\/\/www.softub.ch\/wp-content\/uploads\/Chemoform-Edelstahlreiniger.jpg\" \/>\n\t<meta property=\"og:image:width\" content=\"800\" \/>\n\t<meta property=\"og:image:height\" content=\"800\" \/>\n\t<meta property=\"og:image:type\" content=\"image\/jpeg\" \/>\n<meta name=\"twitter:card\" content=\"summary_large_image\" \/>\n<meta name=\"twitter:label1\" content=\"Dur\u00e9e de lecture estim\u00e9e\" \/>\n\t<meta name=\"twitter:data1\" content=\"2 minutes\" \/>\n<script type=\"application\/ld+json\" class=\"yoast-schema-graph\">{\"@context\":\"https:\\\/\\\/schema.org\",\"@graph\":[{\"@type\":\"WebPage\",\"@id\":\"https:\\\/\\\/www.softub.ch\\\/fr\\\/produit\\\/chemoform-stahlclin\\\/\",\"url\":\"https:\\\/\\\/www.softub.ch\\\/fr\\\/produit\\\/chemoform-stahlclin\\\/\",\"name\":\"Chemoform Stahlclin pour les spas \u00e0 coque dure\",\"isPartOf\":{\"@id\":\"https:\\\/\\\/www.softub.ch\\\/fr\\\/#website\"},\"primaryImageOfPage\":{\"@id\":\"https:\\\/\\\/www.softub.ch\\\/fr\\\/produit\\\/chemoform-stahlclin\\\/#primaryimage\"},\"image\":{\"@id\":\"https:\\\/\\\/www.softub.ch\\\/fr\\\/produit\\\/chemoform-stahlclin\\\/#primaryimage\"},\"thumbnailUrl\":\"https:\\\/\\\/www.softub.ch\\\/wp-content\\\/uploads\\\/Chemoform-Edelstahlreiniger.jpg\",\"datePublished\":\"2020-11-24T08:52:46+00:00\",\"dateModified\":\"2022-12-07T09:05:17+00:00\",\"description\":\"Le Chemoform Stahlclin est le nettoyant parfait pour l'acier inoxydable et le chrome contre la salet\u00e9 grasse et donne un \u00e9clat magnifique.\",\"breadcrumb\":{\"@id\":\"https:\\\/\\\/www.softub.ch\\\/fr\\\/produit\\\/chemoform-stahlclin\\\/#breadcrumb\"},\"inLanguage\":\"fr-FR\",\"potentialAction\":[{\"@type\":\"ReadAction\",\"target\":[\"https:\\\/\\\/www.softub.ch\\\/fr\\\/produit\\\/chemoform-stahlclin\\\/\"]}]},{\"@type\":\"ImageObject\",\"inLanguage\":\"fr-FR\",\"@id\":\"https:\\\/\\\/www.softub.ch\\\/fr\\\/produit\\\/chemoform-stahlclin\\\/#primaryimage\",\"url\":\"https:\\\/\\\/www.softub.ch\\\/wp-content\\\/uploads\\\/Chemoform-Edelstahlreiniger.jpg\",\"contentUrl\":\"https:\\\/\\\/www.softub.ch\\\/wp-content\\\/uploads\\\/Chemoform-Edelstahlreiniger.jpg\",\"width\":800,\"height\":800,\"caption\":\"Chemoform Stahlclin. Softub Suisse. Softub. Nettoyant pour acier inoxydable pour les spas \u00e0 coque dure.\"},{\"@type\":\"BreadcrumbList\",\"@id\":\"https:\\\/\\\/www.softub.ch\\\/fr\\\/produit\\\/chemoform-stahlclin\\\/#breadcrumb\",\"itemListElement\":[{\"@type\":\"ListItem\",\"position\":1,\"name\":\"Startseite\",\"item\":\"https:\\\/\\\/www.softub.ch\\\/fr\\\/\"},{\"@type\":\"ListItem\",\"position\":2,\"name\":\"Shop\",\"item\":\"https:\\\/\\\/www.softub.ch\\\/fr\\\/softub-suisse-shop\\\/\"},{\"@type\":\"ListItem\",\"position\":3,\"name\":\"Chemoform &#8211; Stahlclin nettoyant tous m\u00e9taux\"}]},{\"@type\":\"WebSite\",\"@id\":\"https:\\\/\\\/www.softub.ch\\\/fr\\\/#website\",\"url\":\"https:\\\/\\\/www.softub.ch\\\/fr\\\/\",\"name\":\"Softub Schweiz\",\"description\":\"Softub - Wir machen Ferien Zuhause\",\"publisher\":{\"@id\":\"https:\\\/\\\/www.softub.ch\\\/fr\\\/#organization\"},\"potentialAction\":[{\"@type\":\"SearchAction\",\"target\":{\"@type\":\"EntryPoint\",\"urlTemplate\":\"https:\\\/\\\/www.softub.ch\\\/fr\\\/?s={search_term_string}\"},\"query-input\":{\"@type\":\"PropertyValueSpecification\",\"valueRequired\":true,\"valueName\":\"search_term_string\"}}],\"inLanguage\":\"fr-FR\"},{\"@type\":\"Organization\",\"@id\":\"https:\\\/\\\/www.softub.ch\\\/fr\\\/#organization\",\"name\":\"Softub Schweiz AG\",\"url\":\"https:\\\/\\\/www.softub.ch\\\/fr\\\/\",\"logo\":{\"@type\":\"ImageObject\",\"inLanguage\":\"fr-FR\",\"@id\":\"https:\\\/\\\/www.softub.ch\\\/fr\\\/#\\\/schema\\\/logo\\\/image\\\/\",\"url\":\"https:\\\/\\\/www.softub.ch\\\/wp-content\\\/uploads\\\/Softub-Logo-Softub-Schweiz-.png\",\"contentUrl\":\"https:\\\/\\\/www.softub.ch\\\/wp-content\\\/uploads\\\/Softub-Logo-Softub-Schweiz-.png\",\"width\":200,\"height\":73,\"caption\":\"Softub Schweiz AG\"},\"image\":{\"@id\":\"https:\\\/\\\/www.softub.ch\\\/fr\\\/#\\\/schema\\\/logo\\\/image\\\/\"},\"sameAs\":[\"https:\\\/\\\/www.facebook.com\\\/softubschweiz\",\"https:\\\/\\\/www.instagram.com\\\/softub_schweiz\\\/\",\"https:\\\/\\\/ch.pinterest.com\\\/softub_schweiz\\\/\",\"https:\\\/\\\/www.linkedin.com\\\/company\\\/softub-schweiz-ag\\\/\"]}]}<\/script>\n<!-- \/ Yoast SEO Premium plugin. -->","yoast_head_json":{"title":"Chemoform Stahlclin pour les spas \u00e0 coque dure","description":"Le Chemoform Stahlclin est le nettoyant parfait pour l'acier inoxydable et le chrome contre la salet\u00e9 grasse et donne un \u00e9clat magnifique.","robots":{"index":"index","follow":"follow","max-snippet":"max-snippet:-1","max-image-preview":"max-image-preview:large","max-video-preview":"max-video-preview:-1"},"canonical":"https:\/\/www.softub.ch\/fr\/produit\/chemoform-stahlclin\/","og_locale":"fr_FR","og_type":"article","og_title":"Chemoform - Stahlclin nettoyant tous m\u00e9taux","og_description":"Le Chemoform Stahlclin est le nettoyant parfait pour l'acier inoxydable et le chrome contre la salet\u00e9 grasse et donne un \u00e9clat magnifique.","og_url":"https:\/\/www.softub.ch\/fr\/produit\/chemoform-stahlclin\/","og_site_name":"Softub Schweiz","article_publisher":"https:\/\/www.facebook.com\/softubschweiz","article_modified_time":"2022-12-07T09:05:17+00:00","og_image":[{"width":800,"height":800,"url":"https:\/\/www.softub.ch\/wp-content\/uploads\/Chemoform-Edelstahlreiniger.jpg","type":"image\/jpeg"}],"twitter_card":"summary_large_image","twitter_misc":{"Dur\u00e9e de lecture estim\u00e9e":"2 minutes"},"schema":{"@context":"https:\/\/schema.org","@graph":[{"@type":"WebPage","@id":"https:\/\/www.softub.ch\/fr\/produit\/chemoform-stahlclin\/","url":"https:\/\/www.softub.ch\/fr\/produit\/chemoform-stahlclin\/","name":"Chemoform Stahlclin pour les spas \u00e0 coque dure","isPartOf":{"@id":"https:\/\/www.softub.ch\/fr\/#website"},"primaryImageOfPage":{"@id":"https:\/\/www.softub.ch\/fr\/produit\/chemoform-stahlclin\/#primaryimage"},"image":{"@id":"https:\/\/www.softub.ch\/fr\/produit\/chemoform-stahlclin\/#primaryimage"},"thumbnailUrl":"https:\/\/www.softub.ch\/wp-content\/uploads\/Chemoform-Edelstahlreiniger.jpg","datePublished":"2020-11-24T08:52:46+00:00","dateModified":"2022-12-07T09:05:17+00:00","description":"Le Chemoform Stahlclin est le nettoyant parfait pour l'acier inoxydable et le chrome contre la salet\u00e9 grasse et donne un \u00e9clat magnifique.","breadcrumb":{"@id":"https:\/\/www.softub.ch\/fr\/produit\/chemoform-stahlclin\/#breadcrumb"},"inLanguage":"fr-FR","potentialAction":[{"@type":"ReadAction","target":["https:\/\/www.softub.ch\/fr\/produit\/chemoform-stahlclin\/"]}]},{"@type":"ImageObject","inLanguage":"fr-FR","@id":"https:\/\/www.softub.ch\/fr\/produit\/chemoform-stahlclin\/#primaryimage","url":"https:\/\/www.softub.ch\/wp-content\/uploads\/Chemoform-Edelstahlreiniger.jpg","contentUrl":"https:\/\/www.softub.ch\/wp-content\/uploads\/Chemoform-Edelstahlreiniger.jpg","width":800,"height":800,"caption":"Chemoform Stahlclin. Softub Suisse. Softub. Nettoyant pour acier inoxydable pour les spas \u00e0 coque dure."},{"@type":"BreadcrumbList","@id":"https:\/\/www.softub.ch\/fr\/produit\/chemoform-stahlclin\/#breadcrumb","itemListElement":[{"@type":"ListItem","position":1,"name":"Startseite","item":"https:\/\/www.softub.ch\/fr\/"},{"@type":"ListItem","position":2,"name":"Shop","item":"https:\/\/www.softub.ch\/fr\/softub-suisse-shop\/"},{"@type":"ListItem","position":3,"name":"Chemoform &#8211; Stahlclin nettoyant tous m\u00e9taux"}]},{"@type":"WebSite","@id":"https:\/\/www.softub.ch\/fr\/#website","url":"https:\/\/www.softub.ch\/fr\/","name":"Softub Schweiz","description":"Softub - Wir machen Ferien Zuhause","publisher":{"@id":"https:\/\/www.softub.ch\/fr\/#organization"},"potentialAction":[{"@type":"SearchAction","target":{"@type":"EntryPoint","urlTemplate":"https:\/\/www.softub.ch\/fr\/?s={search_term_string}"},"query-input":{"@type":"PropertyValueSpecification","valueRequired":true,"valueName":"search_term_string"}}],"inLanguage":"fr-FR"},{"@type":"Organization","@id":"https:\/\/www.softub.ch\/fr\/#organization","name":"Softub Schweiz AG","url":"https:\/\/www.softub.ch\/fr\/","logo":{"@type":"ImageObject","inLanguage":"fr-FR","@id":"https:\/\/www.softub.ch\/fr\/#\/schema\/logo\/image\/","url":"https:\/\/www.softub.ch\/wp-content\/uploads\/Softub-Logo-Softub-Schweiz-.png","contentUrl":"https:\/\/www.softub.ch\/wp-content\/uploads\/Softub-Logo-Softub-Schweiz-.png","width":200,"height":73,"caption":"Softub Schweiz AG"},"image":{"@id":"https:\/\/www.softub.ch\/fr\/#\/schema\/logo\/image\/"},"sameAs":["https:\/\/www.facebook.com\/softubschweiz","https:\/\/www.instagram.com\/softub_schweiz\/","https:\/\/ch.pinterest.com\/softub_schweiz\/","https:\/\/www.linkedin.com\/company\/softub-schweiz-ag\/"]}]}},"_links":{"self":[{"href":"https:\/\/www.softub.ch\/fr\/wp-json\/wp\/v2\/product\/21911","targetHints":{"allow":["GET"]}}],"collection":[{"href":"https:\/\/www.softub.ch\/fr\/wp-json\/wp\/v2\/product"}],"about":[{"href":"https:\/\/www.softub.ch\/fr\/wp-json\/wp\/v2\/types\/product"}],"wp:featuredmedia":[{"embeddable":true,"href":"https:\/\/www.softub.ch\/fr\/wp-json\/wp\/v2\/media\/21916"}],"wp:attachment":[{"href":"https:\/\/www.softub.ch\/fr\/wp-json\/wp\/v2\/media?parent=21911"}],"wp:term":[{"taxonomy":"product_brand","embeddable":true,"href":"https:\/\/www.softub.ch\/fr\/wp-json\/wp\/v2\/product_brand?post=21911"},{"taxonomy":"product_cat","embeddable":true,"href":"https:\/\/www.softub.ch\/fr\/wp-json\/wp\/v2\/product_cat?post=21911"},{"taxonomy":"product_tag","embeddable":true,"href":"https:\/\/www.softub.ch\/fr\/wp-json\/wp\/v2\/product_tag?post=21911"},{"taxonomy":"woo-feed-brand","embeddable":true,"href":"https:\/\/www.softub.ch\/fr\/wp-json\/wp\/v2\/woo-feed-brand?post=21911"}],"curies":[{"name":"wp","href":"https:\/\/api.w.org\/{rel}","templated":true}]}}