{"id":21918,"date":"2019-08-30T09:34:01","date_gmt":"2019-08-30T09:34:01","guid":{"rendered":"http:\/\/www.softub.ch\/?post_type=product&#038;p=21918"},"modified":"2022-03-09T13:37:16","modified_gmt":"2022-03-09T13:37:16","slug":"chlorfreies-desinfektionsmittel","status":"publish","type":"product","link":"https:\/\/www.softub.ch\/fr\/produit\/chlorfreies-desinfektionsmittel\/","title":{"rendered":"Delphin Spa &#8211; Brom Tabs f\u00fcr hartschale Whirlpools"},"content":{"rendered":"<h1><span style=\"color: #429bba;\">Chlorfreies Desinfektionsmittel<\/span><\/h1>\n<h3>Eigenschaften:<\/h3>\n<p>Chlorfreies Desinfektionsmittel. Hochwirksam in einem weiten pH-Wert-Bereich. Langsam l\u00f6slich.<\/p>\n<h3><\/h3>\n<h3>Dosierung und Anwendung:<\/h3>\n<p>W\u00f6chentlich 1-2 Tabletten pro 1000 Liter Wasser. Bei hoher Belastung sind die Zugabemengen entsprechend zu erh\u00f6hen. Der Gehalt sollte 2-4 mg freies Brom betragen. Zugabe in den vorhandenen Skimmerkorb oder einen geeigneten Tablettenaufl\u00f6ser.<\/p>\n<p>&nbsp;<\/p>\n<h3>Sicherheitshinweis:<\/h3>\n<p>Nicht zusammen mit anderen Produkten verwenden, da gef\u00e4hrliche Gase (Chlor) freigesetzt werden k\u00f6nnen.<\/p>\n<p><a href=\"https:\/\/softub.ch\/wp-content\/uploads\/SDB-DELPHIN-Spa-Brom-Tabs-Softub-Schweiz.pdf\">Sicherheitsdatenblatt<\/a><\/p>\n<p>&nbsp;<\/p>\n<h3>Inhaltsstoffe:<\/h3>\n<p>1 Brom, 3 Chlor, 5,5 dimethylhydantoin, 1000 mg \/ g<\/p>\n<p>Inhalt: 1 kg<\/p>\n<p>&nbsp;<\/p>\n<h3>Warum Wasserpflege &amp; Reinigung?<\/h3>\n<p>Eine gr\u00fcndliche und regelm\u00e4ssige Wasserpflege und Reinigung Ihres Pools ist das wichtigste, um eine langanhaltende Sch\u00f6nheit, Schutz und Langlebigkeit Ihres Whirlpools zu gew\u00e4hrleisten. Vor allem ist sie die erste Voraussetzung f\u00fcr einen einzigartigen Bade und Sprudel Spass! Dazu ist der Einsatz der geeigneten Pflegeprodukte von Softub und deren richtige Anwendung essentiell.<\/p>\n<p>Die Wasserpflege Produkte haben viele verschiedene Aufgaben. Unter anderem das Wachstum von Mikroorganismen zu verhindern, organische Verunreinigungen zu beseitigen oder den pH-Wert des Wassers zu regulieren usw. Wichtig ist auch das die angegebenen Dosierungen in der jeweiligen Produktenbeschreibung eingehalten werden.<\/p>\n<p>G\u00f6nnen Sie Ihrem Whirlpool die richtige Pflege und informieren Sie sich ausgiebig zum Thema Wasserpflege. Bei weiteren Fragen beraten wir Sie auch gerne telefonisch, in einem unserer Showrooms oder auch bei Ihnen Zuhause.<\/p>\n<p>&nbsp;<\/p>\n<h3>Weitere Wasserpflege und Reinigungs Produkte von Softub:<\/h3>\n<p>Wir haben ein reichhaltiges Zubeh\u00f6rsortiment f\u00fcr Sie zusammengestellt, so dass Sie sich die passenden Produkte zur <a href=\"https:\/\/softub.ch\/shop\/wasserpflege-reinigung\/\">Wasserpflege und Reinigung<\/a> in Ruhe in unserem Onlineshop ausw\u00e4hlen k\u00f6nnen.<\/p>\n<p>Wenn Sie sich dar\u00fcber hinaus Ihre ganz pers\u00f6nliche Wellness-Oase schaffen wollen und Ihren Softub besonders in Szene setzen m\u00f6chten, so schauen Sie sich doch einfach unsere <a href=\"https:\/\/meinschattenspender.ch\/\">Unosider-<\/a><a href=\"https:\/\/meinschattenspender.ch\/\">Pavillon<\/a> an.<\/p>\n<p>Wir beraten Sie gerne, telefonisch, in einem unserer Showrooms oder bei Ihnen Zuhause.<\/p>\n","protected":false},"excerpt":{"rendered":"<h1><span style=\"color: #429bba;\">Chlorfreies Desinfektionsmittel<\/span><\/h1>\n<p>Dieses Produkt ist ausschliesslich f\u00fcr Privatschwimmb\u00e4der zugelassen.<\/p>\n<p>&nbsp;<\/p>\n","protected":false},"featured_media":21922,"template":"","meta":{"_acf_changed":false},"product_brand":[],"product_cat":[35],"product_tag":[1741,29,1740,1745,1738,1742,1744,1743,1737,1739,1736,183,567,1179,181,26,1470,184,1472,180],"woo-feed-brand":[],"class_list":{"0":"post-21918","1":"product","2":"type-product","3":"status-publish","4":"has-post-thumbnail","6":"product_cat-hartschale-wasserpflege-reinigung","7":"product_tag-brom-tabs","8":"product_tag-chemie","9":"product_tag-chemoform","10":"product_tag-chlorfreies-desinfektionsmittel","11":"product_tag-delphin-spa","12":"product_tag-desinfektionsmittel","13":"product_tag-desinfektionsmittel-fuer-pools","14":"product_tag-desinfektionsmittel-fuer-whirlpools","15":"product_tag-hartschalen-whirlpool","16":"product_tag-hartschalen-whirlpool-reiniger","17":"product_tag-hartschalen-whirlpools","18":"product_tag-jacuzzi","19":"product_tag-softub","20":"product_tag-softub-schweiz","21":"product_tag-spa","22":"product_tag-wasserpflege","23":"product_tag-wasserreinigungsprodukte","24":"product_tag-wellness","25":"product_tag-wellness-reinigungsprodukte","26":"product_tag-whirlpool","27":"product_shipping_class-post-15","29":"first","30":"instock","31":"featured","32":"taxable","33":"shipping-taxable","34":"purchasable","35":"product-type-simple"},"acf":[],"yoast_head":"<!-- This site is optimized with the Yoast SEO Premium plugin v27.3 (Yoast SEO v27.3) - https:\/\/yoast.com\/product\/yoast-seo-premium-wordpress\/ -->\n<title>Chlorfreies Desinfektionsmittel f\u00fcr hartschale Whirlpools<\/title>\n<meta name=\"description\" content=\"Chlorfreies Desinfektionsmittel f\u00fcr hartschale Whirlpools! Hochwirksam in einem weiten pH-Wert-Bereich und langsam l\u00f6slich.\u00a0\" \/>\n<meta name=\"robots\" content=\"index, follow, max-snippet:-1, max-image-preview:large, max-video-preview:-1\" \/>\n<link rel=\"canonical\" href=\"https:\/\/www.softub.ch\/produkt\/chlorfreies-desinfektionsmittel\/\" \/>\n<meta property=\"og:locale\" content=\"fr_FR\" \/>\n<meta property=\"og:type\" content=\"article\" \/>\n<meta property=\"og:title\" content=\"Delphin Spa - Brom Tabs f\u00fcr hartschale Whirlpools\" \/>\n<meta property=\"og:description\" content=\"Chlorfreies Desinfektionsmittel f\u00fcr hartschale Whirlpools! Hochwirksam in einem weiten pH-Wert-Bereich und langsam l\u00f6slich.\u00a0\" \/>\n<meta property=\"og:url\" content=\"https:\/\/www.softub.ch\/produkt\/chlorfreies-desinfektionsmittel\/\" \/>\n<meta property=\"og:site_name\" content=\"Softub Schweiz\" \/>\n<meta property=\"article:publisher\" content=\"https:\/\/www.facebook.com\/softubschweiz\" \/>\n<meta property=\"article:modified_time\" content=\"2022-03-09T13:37:16+00:00\" \/>\n<meta property=\"og:image\" content=\"https:\/\/www.softub.ch\/wp-content\/uploads\/Brom-Tabs-Delphin-Spa.jpg\" \/>\n\t<meta property=\"og:image:width\" content=\"800\" \/>\n\t<meta property=\"og:image:height\" content=\"800\" \/>\n\t<meta property=\"og:image:type\" content=\"image\/jpeg\" \/>\n<meta name=\"twitter:card\" content=\"summary_large_image\" \/>\n<meta name=\"twitter:label1\" content=\"Dur\u00e9e de lecture estim\u00e9e\" \/>\n\t<meta name=\"twitter:data1\" content=\"2 minutes\" \/>\n<script type=\"application\/ld+json\" class=\"yoast-schema-graph\">{\"@context\":\"https:\\\/\\\/schema.org\",\"@graph\":[{\"@type\":\"WebPage\",\"@id\":\"https:\\\/\\\/www.softub.ch\\\/produkt\\\/chlorfreies-desinfektionsmittel\\\/\",\"url\":\"https:\\\/\\\/www.softub.ch\\\/produkt\\\/chlorfreies-desinfektionsmittel\\\/\",\"name\":\"Chlorfreies Desinfektionsmittel f\u00fcr hartschale Whirlpools\",\"isPartOf\":{\"@id\":\"https:\\\/\\\/www.softub.ch\\\/fr\\\/#website\"},\"primaryImageOfPage\":{\"@id\":\"https:\\\/\\\/www.softub.ch\\\/produkt\\\/chlorfreies-desinfektionsmittel\\\/#primaryimage\"},\"image\":{\"@id\":\"https:\\\/\\\/www.softub.ch\\\/produkt\\\/chlorfreies-desinfektionsmittel\\\/#primaryimage\"},\"thumbnailUrl\":\"https:\\\/\\\/www.softub.ch\\\/wp-content\\\/uploads\\\/Brom-Tabs-Delphin-Spa.jpg\",\"datePublished\":\"2019-08-30T09:34:01+00:00\",\"dateModified\":\"2022-03-09T13:37:16+00:00\",\"description\":\"Chlorfreies Desinfektionsmittel f\u00fcr hartschale Whirlpools! Hochwirksam in einem weiten pH-Wert-Bereich und langsam l\u00f6slich.\u00a0\",\"breadcrumb\":{\"@id\":\"https:\\\/\\\/www.softub.ch\\\/produkt\\\/chlorfreies-desinfektionsmittel\\\/#breadcrumb\"},\"inLanguage\":\"fr-FR\",\"potentialAction\":[{\"@type\":\"ReadAction\",\"target\":[\"https:\\\/\\\/www.softub.ch\\\/produkt\\\/chlorfreies-desinfektionsmittel\\\/\"]}]},{\"@type\":\"ImageObject\",\"inLanguage\":\"fr-FR\",\"@id\":\"https:\\\/\\\/www.softub.ch\\\/produkt\\\/chlorfreies-desinfektionsmittel\\\/#primaryimage\",\"url\":\"https:\\\/\\\/www.softub.ch\\\/wp-content\\\/uploads\\\/Brom-Tabs-Delphin-Spa.jpg\",\"contentUrl\":\"https:\\\/\\\/www.softub.ch\\\/wp-content\\\/uploads\\\/Brom-Tabs-Delphin-Spa.jpg\",\"width\":800,\"height\":800,\"caption\":\"Chlorfreies Desinfektionsmittel. Delphin Spa Tabs in 1 kg Beh\u00e4lter\"},{\"@type\":\"BreadcrumbList\",\"@id\":\"https:\\\/\\\/www.softub.ch\\\/produkt\\\/chlorfreies-desinfektionsmittel\\\/#breadcrumb\",\"itemListElement\":[{\"@type\":\"ListItem\",\"position\":1,\"name\":\"Startseite\",\"item\":\"https:\\\/\\\/www.softub.ch\\\/fr\\\/\"},{\"@type\":\"ListItem\",\"position\":2,\"name\":\"Shop\",\"item\":\"https:\\\/\\\/www.softub.ch\\\/fr\\\/softub-suisse-shop\\\/\"},{\"@type\":\"ListItem\",\"position\":3,\"name\":\"Delphin Spa &#8211; Brom Tabs f\u00fcr hartschale Whirlpools\"}]},{\"@type\":\"WebSite\",\"@id\":\"https:\\\/\\\/www.softub.ch\\\/fr\\\/#website\",\"url\":\"https:\\\/\\\/www.softub.ch\\\/fr\\\/\",\"name\":\"Softub Schweiz\",\"description\":\"Softub - Wir machen Ferien Zuhause\",\"publisher\":{\"@id\":\"https:\\\/\\\/www.softub.ch\\\/fr\\\/#organization\"},\"potentialAction\":[{\"@type\":\"SearchAction\",\"target\":{\"@type\":\"EntryPoint\",\"urlTemplate\":\"https:\\\/\\\/www.softub.ch\\\/fr\\\/?s={search_term_string}\"},\"query-input\":{\"@type\":\"PropertyValueSpecification\",\"valueRequired\":true,\"valueName\":\"search_term_string\"}}],\"inLanguage\":\"fr-FR\"},{\"@type\":\"Organization\",\"@id\":\"https:\\\/\\\/www.softub.ch\\\/fr\\\/#organization\",\"name\":\"Softub Schweiz AG\",\"url\":\"https:\\\/\\\/www.softub.ch\\\/fr\\\/\",\"logo\":{\"@type\":\"ImageObject\",\"inLanguage\":\"fr-FR\",\"@id\":\"https:\\\/\\\/www.softub.ch\\\/fr\\\/#\\\/schema\\\/logo\\\/image\\\/\",\"url\":\"https:\\\/\\\/www.softub.ch\\\/wp-content\\\/uploads\\\/Softub-Logo-Softub-Schweiz-.png\",\"contentUrl\":\"https:\\\/\\\/www.softub.ch\\\/wp-content\\\/uploads\\\/Softub-Logo-Softub-Schweiz-.png\",\"width\":200,\"height\":73,\"caption\":\"Softub Schweiz AG\"},\"image\":{\"@id\":\"https:\\\/\\\/www.softub.ch\\\/fr\\\/#\\\/schema\\\/logo\\\/image\\\/\"},\"sameAs\":[\"https:\\\/\\\/www.facebook.com\\\/softubschweiz\",\"https:\\\/\\\/www.instagram.com\\\/softub_schweiz\\\/\",\"https:\\\/\\\/ch.pinterest.com\\\/softub_schweiz\\\/\",\"https:\\\/\\\/www.linkedin.com\\\/company\\\/softub-schweiz-ag\\\/\"]}]}<\/script>\n<!-- \/ Yoast SEO Premium plugin. -->","yoast_head_json":{"title":"Chlorfreies Desinfektionsmittel f\u00fcr hartschale Whirlpools","description":"Chlorfreies Desinfektionsmittel f\u00fcr hartschale Whirlpools! Hochwirksam in einem weiten pH-Wert-Bereich und langsam l\u00f6slich.\u00a0","robots":{"index":"index","follow":"follow","max-snippet":"max-snippet:-1","max-image-preview":"max-image-preview:large","max-video-preview":"max-video-preview:-1"},"canonical":"https:\/\/www.softub.ch\/produkt\/chlorfreies-desinfektionsmittel\/","og_locale":"fr_FR","og_type":"article","og_title":"Delphin Spa - Brom Tabs f\u00fcr hartschale Whirlpools","og_description":"Chlorfreies Desinfektionsmittel f\u00fcr hartschale Whirlpools! Hochwirksam in einem weiten pH-Wert-Bereich und langsam l\u00f6slich.\u00a0","og_url":"https:\/\/www.softub.ch\/produkt\/chlorfreies-desinfektionsmittel\/","og_site_name":"Softub Schweiz","article_publisher":"https:\/\/www.facebook.com\/softubschweiz","article_modified_time":"2022-03-09T13:37:16+00:00","og_image":[{"width":800,"height":800,"url":"https:\/\/www.softub.ch\/wp-content\/uploads\/Brom-Tabs-Delphin-Spa.jpg","type":"image\/jpeg"}],"twitter_card":"summary_large_image","twitter_misc":{"Dur\u00e9e de lecture estim\u00e9e":"2 minutes"},"schema":{"@context":"https:\/\/schema.org","@graph":[{"@type":"WebPage","@id":"https:\/\/www.softub.ch\/produkt\/chlorfreies-desinfektionsmittel\/","url":"https:\/\/www.softub.ch\/produkt\/chlorfreies-desinfektionsmittel\/","name":"Chlorfreies Desinfektionsmittel f\u00fcr hartschale Whirlpools","isPartOf":{"@id":"https:\/\/www.softub.ch\/fr\/#website"},"primaryImageOfPage":{"@id":"https:\/\/www.softub.ch\/produkt\/chlorfreies-desinfektionsmittel\/#primaryimage"},"image":{"@id":"https:\/\/www.softub.ch\/produkt\/chlorfreies-desinfektionsmittel\/#primaryimage"},"thumbnailUrl":"https:\/\/www.softub.ch\/wp-content\/uploads\/Brom-Tabs-Delphin-Spa.jpg","datePublished":"2019-08-30T09:34:01+00:00","dateModified":"2022-03-09T13:37:16+00:00","description":"Chlorfreies Desinfektionsmittel f\u00fcr hartschale Whirlpools! Hochwirksam in einem weiten pH-Wert-Bereich und langsam l\u00f6slich.\u00a0","breadcrumb":{"@id":"https:\/\/www.softub.ch\/produkt\/chlorfreies-desinfektionsmittel\/#breadcrumb"},"inLanguage":"fr-FR","potentialAction":[{"@type":"ReadAction","target":["https:\/\/www.softub.ch\/produkt\/chlorfreies-desinfektionsmittel\/"]}]},{"@type":"ImageObject","inLanguage":"fr-FR","@id":"https:\/\/www.softub.ch\/produkt\/chlorfreies-desinfektionsmittel\/#primaryimage","url":"https:\/\/www.softub.ch\/wp-content\/uploads\/Brom-Tabs-Delphin-Spa.jpg","contentUrl":"https:\/\/www.softub.ch\/wp-content\/uploads\/Brom-Tabs-Delphin-Spa.jpg","width":800,"height":800,"caption":"Chlorfreies Desinfektionsmittel. Delphin Spa Tabs in 1 kg Beh\u00e4lter"},{"@type":"BreadcrumbList","@id":"https:\/\/www.softub.ch\/produkt\/chlorfreies-desinfektionsmittel\/#breadcrumb","itemListElement":[{"@type":"ListItem","position":1,"name":"Startseite","item":"https:\/\/www.softub.ch\/fr\/"},{"@type":"ListItem","position":2,"name":"Shop","item":"https:\/\/www.softub.ch\/fr\/softub-suisse-shop\/"},{"@type":"ListItem","position":3,"name":"Delphin Spa &#8211; Brom Tabs f\u00fcr hartschale Whirlpools"}]},{"@type":"WebSite","@id":"https:\/\/www.softub.ch\/fr\/#website","url":"https:\/\/www.softub.ch\/fr\/","name":"Softub Schweiz","description":"Softub - Wir machen Ferien Zuhause","publisher":{"@id":"https:\/\/www.softub.ch\/fr\/#organization"},"potentialAction":[{"@type":"SearchAction","target":{"@type":"EntryPoint","urlTemplate":"https:\/\/www.softub.ch\/fr\/?s={search_term_string}"},"query-input":{"@type":"PropertyValueSpecification","valueRequired":true,"valueName":"search_term_string"}}],"inLanguage":"fr-FR"},{"@type":"Organization","@id":"https:\/\/www.softub.ch\/fr\/#organization","name":"Softub Schweiz AG","url":"https:\/\/www.softub.ch\/fr\/","logo":{"@type":"ImageObject","inLanguage":"fr-FR","@id":"https:\/\/www.softub.ch\/fr\/#\/schema\/logo\/image\/","url":"https:\/\/www.softub.ch\/wp-content\/uploads\/Softub-Logo-Softub-Schweiz-.png","contentUrl":"https:\/\/www.softub.ch\/wp-content\/uploads\/Softub-Logo-Softub-Schweiz-.png","width":200,"height":73,"caption":"Softub Schweiz AG"},"image":{"@id":"https:\/\/www.softub.ch\/fr\/#\/schema\/logo\/image\/"},"sameAs":["https:\/\/www.facebook.com\/softubschweiz","https:\/\/www.instagram.com\/softub_schweiz\/","https:\/\/ch.pinterest.com\/softub_schweiz\/","https:\/\/www.linkedin.com\/company\/softub-schweiz-ag\/"]}]}},"_links":{"self":[{"href":"https:\/\/www.softub.ch\/fr\/wp-json\/wp\/v2\/product\/21918","targetHints":{"allow":["GET"]}}],"collection":[{"href":"https:\/\/www.softub.ch\/fr\/wp-json\/wp\/v2\/product"}],"about":[{"href":"https:\/\/www.softub.ch\/fr\/wp-json\/wp\/v2\/types\/product"}],"wp:featuredmedia":[{"embeddable":true,"href":"https:\/\/www.softub.ch\/fr\/wp-json\/wp\/v2\/media\/21922"}],"wp:attachment":[{"href":"https:\/\/www.softub.ch\/fr\/wp-json\/wp\/v2\/media?parent=21918"}],"wp:term":[{"taxonomy":"product_brand","embeddable":true,"href":"https:\/\/www.softub.ch\/fr\/wp-json\/wp\/v2\/product_brand?post=21918"},{"taxonomy":"product_cat","embeddable":true,"href":"https:\/\/www.softub.ch\/fr\/wp-json\/wp\/v2\/product_cat?post=21918"},{"taxonomy":"product_tag","embeddable":true,"href":"https:\/\/www.softub.ch\/fr\/wp-json\/wp\/v2\/product_tag?post=21918"},{"taxonomy":"woo-feed-brand","embeddable":true,"href":"https:\/\/www.softub.ch\/fr\/wp-json\/wp\/v2\/woo-feed-brand?post=21918"}],"curies":[{"name":"wp","href":"https:\/\/api.w.org\/{rel}","templated":true}]}}