{"id":23003,"date":"2021-01-12T13:48:37","date_gmt":"2021-01-12T13:48:37","guid":{"rendered":"http:\/\/www.softub.ch\/?post_type=product&#038;p=23003"},"modified":"2026-03-05T23:39:11","modified_gmt":"2026-03-05T22:39:11","slug":"whirlpool-living-whirlpool-living-kool-tray","status":"publish","type":"product","link":"https:\/\/www.softub.ch\/fr\/produit\/whirlpool-living-whirlpool-living-kool-tray\/","title":{"rendered":"Kool Tray &#8211; Whirlpooltablett"},"content":{"rendered":"<div class=\"fusion-fullwidth fullwidth-box fusion-builder-row-1 fusion-flex-container nonhundred-percent-fullwidth non-hundred-percent-height-scrolling\" style=\"--awb-border-radius-top-left:0px;--awb-border-radius-top-right:0px;--awb-border-radius-bottom-right:0px;--awb-border-radius-bottom-left:0px;--awb-flex-wrap:wrap;\" ><div class=\"fusion-builder-row fusion-row fusion-flex-align-items-flex-start fusion-flex-content-wrap\" style=\"max-width:1248px;margin-left: calc(-4% \/ 2 );margin-right: calc(-4% \/ 2 );\"><div class=\"fusion-layout-column fusion_builder_column fusion-builder-column-0 fusion_builder_column_1_1 1_1 fusion-flex-column\" style=\"--awb-bg-size:cover;--awb-width-large:100%;--awb-margin-top-large:0px;--awb-spacing-right-large:1.92%;--awb-margin-bottom-large:0px;--awb-spacing-left-large:1.92%;--awb-width-medium:100%;--awb-spacing-right-medium:1.92%;--awb-spacing-left-medium:1.92%;--awb-width-small:100%;--awb-spacing-right-small:1.92%;--awb-spacing-left-small:1.92%;\"><div class=\"fusion-column-wrapper fusion-flex-justify-content-flex-start fusion-content-layout-column\"><div class=\"fusion-text fusion-text-1\"><h1><span style=\"color: #429bba;\">Kool Tray<\/span><\/h1>\n<p>Das Kool Tray in weiss ist ein schwimmendes Tablett dessen Vertiefungen f\u00fcr Flaschen, Gl\u00e4ser oder Flaschenk\u00fchler vorbereitet sind. Hier k\u00f6nnen sie sorglos Ihre Getr\u00e4nke oder sonstige Utensilien ablegen. Selbst im Sprudelbetrieb schwimmen Ihre Mitbringel sicher auf diesem \u00ab\u00a0Tisch\u00a0\u00bb.<\/p>\n<p>Tats\u00e4chlich gibt es fast nichts Sch\u00f6neres, als eine Abk\u00fchlung im Sommer oder was warmes f\u00fcr im Winter. Dieses Gadget ist so ideal f\u00fcr die heissen sowie f\u00fcr die kalten Tage. F\u00fcr noch mehr Sprudelspass und wohlige Stunden in Ihrem Softub Whirlpool!<\/p>\n<p>Das Material der Kool Trays besteht aus einem Werkstoff, der in den USA zur Herstellung von Rettungswesten verwendet wird.<\/p>\n<p>Abmessung: 51 x 43 x 5 cm<\/p>\n<h3 data-fontsize=\"18\" data-lineheight=\"25\">Extra Zubeh\u00f6r:<\/h3>\n<p>Wir haben ein reichhaltiges Zubeh\u00f6rsortiment f\u00fcr Sie zusammengestellt, so dass Sie sich die passenden Produkte in Ruhe in unserem Onlineshop ausw\u00e4hlen k\u00f6nnen. Wenn Sie sich dar\u00fcber hinaus Ihre ganz pers\u00f6nliche Wellness-Oase schaffen wollen, so schauen Sie sich doch einfach die Weka <a href=\"https:\/\/softub.ch\/shop\/saunen-zubehoer\/\">Saunen<\/a> und <a href=\"https:\/\/softub.ch\/shop\/infrarotkabinen\/\">Infrarotkabinen<\/a>\u00a0an. Wenn Ihr Softub noch eine \u00dcberdachung braucht, sind die\u00a0<a href=\"https:\/\/meinschattenspender.ch\/\">Unosider-<\/a><a href=\"https:\/\/meinschattenspender.ch\/\">Pavillon<\/a>\u00a0genau das richtige f\u00fcr Sie!<\/p>\n<p>Wir beraten Sie gerne, telefonisch, in einem unserer Showrooms\u00a0oder bei Ihnen Zuhause.<\/p>\n<\/div><\/div><\/div><\/div><\/div>\n","protected":false},"excerpt":{"rendered":"<h1><span style=\"color: #429bba;\">Whirlpool &amp; Living Kool Tray<\/span><\/h1>\n<p>Praktisches Accessoire f\u00fcr Ihren Softub Whirlpool und f\u00fcr noch mehr Sprudelspass<\/p>\n<p>Abmessung: 51 x 43 x 5 cm<\/p>\n","protected":false},"featured_media":23027,"template":"","meta":{"_acf_changed":false},"product_brand":[],"product_cat":[34],"product_tag":[1962,1780,1963,1784,567,1179,1758,184,1125,1961,1782,1781,1788,1787,1785],"woo-feed-brand":[],"class_list":{"0":"post-23003","1":"product","2":"type-product","3":"status-publish","4":"has-post-thumbnail","6":"product_cat-softub-zubehoer","7":"product_tag-ablageflaeche-fuer-whirlpool","8":"product_tag-ablagetisch","9":"product_tag-getraenkehalter-fuer-whirlpool","10":"product_tag-getraenkestaender-fuer-whirlpool","11":"product_tag-softub","12":"product_tag-softub-schweiz","13":"product_tag-softub-zubehoer","14":"product_tag-wellness","15":"product_tag-wellnessoase","16":"product_tag-whirlpool-and-living","17":"product_tag-whirlpool-aquatray","18":"product_tag-whirlpooltray","19":"product_tag-zubehoer-fuer-softub-whirlpool","20":"product_tag-zubehoer-fuer-whirlpool","21":"product_tag-zubehoer-von-softub","22":"product_shipping_class-post-15","24":"first","25":"outofstock","26":"taxable","27":"shipping-taxable","28":"purchasable","29":"product-type-simple"},"acf":[],"yoast_head":"<!-- This site is optimized with the Yoast SEO Premium plugin v27.5 (Yoast SEO v27.5) - https:\/\/yoast.com\/product\/yoast-seo-premium-wordpress\/ -->\n<title>Whirlpool &amp; Living Kool Tray - schwimmendes Whirlpooltablett<\/title>\n<meta name=\"description\" content=\"Das Whirlpool &amp; Living Kool Tray ist ein schwimmendes Whirlpooltablett wo Sie sorglos Ihre Getr\u00e4nke und Gl\u00e4ser ablegen k\u00f6nnen.\" \/>\n<meta name=\"robots\" content=\"index, follow, max-snippet:-1, max-image-preview:large, max-video-preview:-1\" \/>\n<link rel=\"canonical\" href=\"https:\/\/www.softub.ch\/produkt\/whirlpool-living-whirlpool-living-kool-tray\/\" \/>\n<meta property=\"og:locale\" content=\"fr_FR\" \/>\n<meta property=\"og:type\" content=\"article\" \/>\n<meta property=\"og:title\" content=\"Kool Tray - Whirlpooltablett\" \/>\n<meta property=\"og:description\" content=\"Das Whirlpool &amp; Living Kool Tray ist ein schwimmendes Whirlpooltablett wo Sie sorglos Ihre Getr\u00e4nke und Gl\u00e4ser ablegen k\u00f6nnen.\" \/>\n<meta property=\"og:url\" content=\"https:\/\/www.softub.ch\/produkt\/whirlpool-living-whirlpool-living-kool-tray\/\" \/>\n<meta property=\"og:site_name\" content=\"Softub Schweiz\" \/>\n<meta property=\"article:publisher\" content=\"https:\/\/www.facebook.com\/softubschweiz\" \/>\n<meta property=\"article:modified_time\" content=\"2026-03-05T22:39:11+00:00\" \/>\n<meta property=\"og:image\" content=\"https:\/\/www.softub.ch\/wp-content\/uploads\/Whirlpool-Living-Kool-Tray-Softub-Schweiz-1.jpg\" \/>\n\t<meta property=\"og:image:width\" content=\"1980\" \/>\n\t<meta property=\"og:image:height\" content=\"1980\" \/>\n\t<meta property=\"og:image:type\" content=\"image\/jpeg\" \/>\n<meta name=\"twitter:card\" content=\"summary_large_image\" \/>\n<meta name=\"twitter:label1\" content=\"Dur\u00e9e de lecture estim\u00e9e\" \/>\n\t<meta name=\"twitter:data1\" content=\"2 minutes\" \/>\n<script type=\"application\/ld+json\" class=\"yoast-schema-graph\">{\"@context\":\"https:\\\/\\\/schema.org\",\"@graph\":[{\"@type\":\"WebPage\",\"@id\":\"https:\\\/\\\/www.softub.ch\\\/produkt\\\/whirlpool-living-whirlpool-living-kool-tray\\\/\",\"url\":\"https:\\\/\\\/www.softub.ch\\\/produkt\\\/whirlpool-living-whirlpool-living-kool-tray\\\/\",\"name\":\"Whirlpool & Living Kool Tray - schwimmendes Whirlpooltablett\",\"isPartOf\":{\"@id\":\"https:\\\/\\\/www.softub.ch\\\/fr\\\/#website\"},\"primaryImageOfPage\":{\"@id\":\"https:\\\/\\\/www.softub.ch\\\/produkt\\\/whirlpool-living-whirlpool-living-kool-tray\\\/#primaryimage\"},\"image\":{\"@id\":\"https:\\\/\\\/www.softub.ch\\\/produkt\\\/whirlpool-living-whirlpool-living-kool-tray\\\/#primaryimage\"},\"thumbnailUrl\":\"https:\\\/\\\/www.softub.ch\\\/wp-content\\\/uploads\\\/Whirlpool-Living-Kool-Tray-Softub-Schweiz-1.jpg\",\"datePublished\":\"2021-01-12T13:48:37+00:00\",\"dateModified\":\"2026-03-05T22:39:11+00:00\",\"description\":\"Das Whirlpool & Living Kool Tray ist ein schwimmendes Whirlpooltablett wo Sie sorglos Ihre Getr\u00e4nke und Gl\u00e4ser ablegen k\u00f6nnen.\",\"breadcrumb\":{\"@id\":\"https:\\\/\\\/www.softub.ch\\\/produkt\\\/whirlpool-living-whirlpool-living-kool-tray\\\/#breadcrumb\"},\"inLanguage\":\"fr-FR\",\"potentialAction\":[{\"@type\":\"ReadAction\",\"target\":[\"https:\\\/\\\/www.softub.ch\\\/produkt\\\/whirlpool-living-whirlpool-living-kool-tray\\\/\"]}]},{\"@type\":\"ImageObject\",\"inLanguage\":\"fr-FR\",\"@id\":\"https:\\\/\\\/www.softub.ch\\\/produkt\\\/whirlpool-living-whirlpool-living-kool-tray\\\/#primaryimage\",\"url\":\"https:\\\/\\\/www.softub.ch\\\/wp-content\\\/uploads\\\/Whirlpool-Living-Kool-Tray-Softub-Schweiz-1.jpg\",\"contentUrl\":\"https:\\\/\\\/www.softub.ch\\\/wp-content\\\/uploads\\\/Whirlpool-Living-Kool-Tray-Softub-Schweiz-1.jpg\",\"width\":1980,\"height\":1980,\"caption\":\"Das Kool Tray ist auf dem Bild abgebildet mit acht Vertiefungen f\u00fcr Gl\u00e4ser und eine Vertiefung f\u00fcr eine Flasche. Das Kool Tray steht auf einer Polyrattan Holz Umrandung vor einem Softub und neben einem Softub Badetuch.\"},{\"@type\":\"BreadcrumbList\",\"@id\":\"https:\\\/\\\/www.softub.ch\\\/produkt\\\/whirlpool-living-whirlpool-living-kool-tray\\\/#breadcrumb\",\"itemListElement\":[{\"@type\":\"ListItem\",\"position\":1,\"name\":\"Startseite\",\"item\":\"https:\\\/\\\/www.softub.ch\\\/fr\\\/\"},{\"@type\":\"ListItem\",\"position\":2,\"name\":\"Shop\",\"item\":\"https:\\\/\\\/www.softub.ch\\\/fr\\\/softub-suisse-shop\\\/\"},{\"@type\":\"ListItem\",\"position\":3,\"name\":\"Kool Tray &#8211; Whirlpooltablett\"}]},{\"@type\":\"WebSite\",\"@id\":\"https:\\\/\\\/www.softub.ch\\\/fr\\\/#website\",\"url\":\"https:\\\/\\\/www.softub.ch\\\/fr\\\/\",\"name\":\"Softub Schweiz\",\"description\":\"Softub - Wir machen Ferien Zuhause\",\"publisher\":{\"@id\":\"https:\\\/\\\/www.softub.ch\\\/fr\\\/#organization\"},\"potentialAction\":[{\"@type\":\"SearchAction\",\"target\":{\"@type\":\"EntryPoint\",\"urlTemplate\":\"https:\\\/\\\/www.softub.ch\\\/fr\\\/?s={search_term_string}\"},\"query-input\":{\"@type\":\"PropertyValueSpecification\",\"valueRequired\":true,\"valueName\":\"search_term_string\"}}],\"inLanguage\":\"fr-FR\"},{\"@type\":\"Organization\",\"@id\":\"https:\\\/\\\/www.softub.ch\\\/fr\\\/#organization\",\"name\":\"Softub Schweiz AG\",\"url\":\"https:\\\/\\\/www.softub.ch\\\/fr\\\/\",\"logo\":{\"@type\":\"ImageObject\",\"inLanguage\":\"fr-FR\",\"@id\":\"https:\\\/\\\/www.softub.ch\\\/fr\\\/#\\\/schema\\\/logo\\\/image\\\/\",\"url\":\"https:\\\/\\\/www.softub.ch\\\/wp-content\\\/uploads\\\/Softub-Logo-Softub-Schweiz-.png\",\"contentUrl\":\"https:\\\/\\\/www.softub.ch\\\/wp-content\\\/uploads\\\/Softub-Logo-Softub-Schweiz-.png\",\"width\":200,\"height\":73,\"caption\":\"Softub Schweiz AG\"},\"image\":{\"@id\":\"https:\\\/\\\/www.softub.ch\\\/fr\\\/#\\\/schema\\\/logo\\\/image\\\/\"},\"sameAs\":[\"https:\\\/\\\/www.facebook.com\\\/softubschweiz\",\"https:\\\/\\\/www.instagram.com\\\/softub_schweiz\\\/\",\"https:\\\/\\\/ch.pinterest.com\\\/softub_schweiz\\\/\",\"https:\\\/\\\/www.linkedin.com\\\/company\\\/softub-schweiz-ag\\\/\"]}]}<\/script>\n<!-- \/ Yoast SEO Premium plugin. -->","yoast_head_json":{"title":"Whirlpool & Living Kool Tray - schwimmendes Whirlpooltablett","description":"Das Whirlpool & Living Kool Tray ist ein schwimmendes Whirlpooltablett wo Sie sorglos Ihre Getr\u00e4nke und Gl\u00e4ser ablegen k\u00f6nnen.","robots":{"index":"index","follow":"follow","max-snippet":"max-snippet:-1","max-image-preview":"max-image-preview:large","max-video-preview":"max-video-preview:-1"},"canonical":"https:\/\/www.softub.ch\/produkt\/whirlpool-living-whirlpool-living-kool-tray\/","og_locale":"fr_FR","og_type":"article","og_title":"Kool Tray - Whirlpooltablett","og_description":"Das Whirlpool & Living Kool Tray ist ein schwimmendes Whirlpooltablett wo Sie sorglos Ihre Getr\u00e4nke und Gl\u00e4ser ablegen k\u00f6nnen.","og_url":"https:\/\/www.softub.ch\/produkt\/whirlpool-living-whirlpool-living-kool-tray\/","og_site_name":"Softub Schweiz","article_publisher":"https:\/\/www.facebook.com\/softubschweiz","article_modified_time":"2026-03-05T22:39:11+00:00","og_image":[{"width":1980,"height":1980,"url":"https:\/\/www.softub.ch\/wp-content\/uploads\/Whirlpool-Living-Kool-Tray-Softub-Schweiz-1.jpg","type":"image\/jpeg"}],"twitter_card":"summary_large_image","twitter_misc":{"Dur\u00e9e de lecture estim\u00e9e":"2 minutes"},"schema":{"@context":"https:\/\/schema.org","@graph":[{"@type":"WebPage","@id":"https:\/\/www.softub.ch\/produkt\/whirlpool-living-whirlpool-living-kool-tray\/","url":"https:\/\/www.softub.ch\/produkt\/whirlpool-living-whirlpool-living-kool-tray\/","name":"Whirlpool & Living Kool Tray - schwimmendes Whirlpooltablett","isPartOf":{"@id":"https:\/\/www.softub.ch\/fr\/#website"},"primaryImageOfPage":{"@id":"https:\/\/www.softub.ch\/produkt\/whirlpool-living-whirlpool-living-kool-tray\/#primaryimage"},"image":{"@id":"https:\/\/www.softub.ch\/produkt\/whirlpool-living-whirlpool-living-kool-tray\/#primaryimage"},"thumbnailUrl":"https:\/\/www.softub.ch\/wp-content\/uploads\/Whirlpool-Living-Kool-Tray-Softub-Schweiz-1.jpg","datePublished":"2021-01-12T13:48:37+00:00","dateModified":"2026-03-05T22:39:11+00:00","description":"Das Whirlpool & Living Kool Tray ist ein schwimmendes Whirlpooltablett wo Sie sorglos Ihre Getr\u00e4nke und Gl\u00e4ser ablegen k\u00f6nnen.","breadcrumb":{"@id":"https:\/\/www.softub.ch\/produkt\/whirlpool-living-whirlpool-living-kool-tray\/#breadcrumb"},"inLanguage":"fr-FR","potentialAction":[{"@type":"ReadAction","target":["https:\/\/www.softub.ch\/produkt\/whirlpool-living-whirlpool-living-kool-tray\/"]}]},{"@type":"ImageObject","inLanguage":"fr-FR","@id":"https:\/\/www.softub.ch\/produkt\/whirlpool-living-whirlpool-living-kool-tray\/#primaryimage","url":"https:\/\/www.softub.ch\/wp-content\/uploads\/Whirlpool-Living-Kool-Tray-Softub-Schweiz-1.jpg","contentUrl":"https:\/\/www.softub.ch\/wp-content\/uploads\/Whirlpool-Living-Kool-Tray-Softub-Schweiz-1.jpg","width":1980,"height":1980,"caption":"Das Kool Tray ist auf dem Bild abgebildet mit acht Vertiefungen f\u00fcr Gl\u00e4ser und eine Vertiefung f\u00fcr eine Flasche. Das Kool Tray steht auf einer Polyrattan Holz Umrandung vor einem Softub und neben einem Softub Badetuch."},{"@type":"BreadcrumbList","@id":"https:\/\/www.softub.ch\/produkt\/whirlpool-living-whirlpool-living-kool-tray\/#breadcrumb","itemListElement":[{"@type":"ListItem","position":1,"name":"Startseite","item":"https:\/\/www.softub.ch\/fr\/"},{"@type":"ListItem","position":2,"name":"Shop","item":"https:\/\/www.softub.ch\/fr\/softub-suisse-shop\/"},{"@type":"ListItem","position":3,"name":"Kool Tray &#8211; Whirlpooltablett"}]},{"@type":"WebSite","@id":"https:\/\/www.softub.ch\/fr\/#website","url":"https:\/\/www.softub.ch\/fr\/","name":"Softub Schweiz","description":"Softub - Wir machen Ferien Zuhause","publisher":{"@id":"https:\/\/www.softub.ch\/fr\/#organization"},"potentialAction":[{"@type":"SearchAction","target":{"@type":"EntryPoint","urlTemplate":"https:\/\/www.softub.ch\/fr\/?s={search_term_string}"},"query-input":{"@type":"PropertyValueSpecification","valueRequired":true,"valueName":"search_term_string"}}],"inLanguage":"fr-FR"},{"@type":"Organization","@id":"https:\/\/www.softub.ch\/fr\/#organization","name":"Softub Schweiz AG","url":"https:\/\/www.softub.ch\/fr\/","logo":{"@type":"ImageObject","inLanguage":"fr-FR","@id":"https:\/\/www.softub.ch\/fr\/#\/schema\/logo\/image\/","url":"https:\/\/www.softub.ch\/wp-content\/uploads\/Softub-Logo-Softub-Schweiz-.png","contentUrl":"https:\/\/www.softub.ch\/wp-content\/uploads\/Softub-Logo-Softub-Schweiz-.png","width":200,"height":73,"caption":"Softub Schweiz AG"},"image":{"@id":"https:\/\/www.softub.ch\/fr\/#\/schema\/logo\/image\/"},"sameAs":["https:\/\/www.facebook.com\/softubschweiz","https:\/\/www.instagram.com\/softub_schweiz\/","https:\/\/ch.pinterest.com\/softub_schweiz\/","https:\/\/www.linkedin.com\/company\/softub-schweiz-ag\/"]}]}},"_links":{"self":[{"href":"https:\/\/www.softub.ch\/fr\/wp-json\/wp\/v2\/product\/23003","targetHints":{"allow":["GET"]}}],"collection":[{"href":"https:\/\/www.softub.ch\/fr\/wp-json\/wp\/v2\/product"}],"about":[{"href":"https:\/\/www.softub.ch\/fr\/wp-json\/wp\/v2\/types\/product"}],"wp:featuredmedia":[{"embeddable":true,"href":"https:\/\/www.softub.ch\/fr\/wp-json\/wp\/v2\/media\/23027"}],"wp:attachment":[{"href":"https:\/\/www.softub.ch\/fr\/wp-json\/wp\/v2\/media?parent=23003"}],"wp:term":[{"taxonomy":"product_brand","embeddable":true,"href":"https:\/\/www.softub.ch\/fr\/wp-json\/wp\/v2\/product_brand?post=23003"},{"taxonomy":"product_cat","embeddable":true,"href":"https:\/\/www.softub.ch\/fr\/wp-json\/wp\/v2\/product_cat?post=23003"},{"taxonomy":"product_tag","embeddable":true,"href":"https:\/\/www.softub.ch\/fr\/wp-json\/wp\/v2\/product_tag?post=23003"},{"taxonomy":"woo-feed-brand","embeddable":true,"href":"https:\/\/www.softub.ch\/fr\/wp-json\/wp\/v2\/woo-feed-brand?post=23003"}],"curies":[{"name":"wp","href":"https:\/\/api.w.org\/{rel}","templated":true}]}}