{"id":25250,"date":"2021-03-04T08:52:26","date_gmt":"2021-03-04T08:52:26","guid":{"rendered":"http:\/\/www.softub.ch\/?post_type=product&#038;p=25250"},"modified":"2025-01-17T14:55:17","modified_gmt":"2025-01-17T13:55:17","slug":"das-moderne-weka-designhaus","status":"publish","type":"product","link":"https:\/\/www.softub.ch\/fr\/produit\/das-moderne-weka-designhaus\/","title":{"rendered":"Weka Designhaus wekaLine 171 &#8211; modern &amp; wohnlich"},"content":{"rendered":"<div class=\"fusion-fullwidth fullwidth-box fusion-builder-row-1 fusion-flex-container nonhundred-percent-fullwidth non-hundred-percent-height-scrolling\" style=\"--awb-border-radius-top-left:0px;--awb-border-radius-top-right:0px;--awb-border-radius-bottom-right:0px;--awb-border-radius-bottom-left:0px;--awb-flex-wrap:wrap;\" ><div class=\"fusion-builder-row fusion-row fusion-flex-align-items-flex-start fusion-flex-content-wrap\" style=\"max-width:1248px;margin-left: calc(-4% \/ 2 );margin-right: calc(-4% \/ 2 );\"><div class=\"fusion-layout-column fusion_builder_column fusion-builder-column-0 fusion_builder_column_1_1 1_1 fusion-flex-column\" style=\"--awb-bg-size:cover;--awb-width-large:100%;--awb-margin-top-large:0px;--awb-spacing-right-large:1.92%;--awb-margin-bottom-large:0px;--awb-spacing-left-large:1.92%;--awb-width-medium:100%;--awb-spacing-right-medium:1.92%;--awb-spacing-left-medium:1.92%;--awb-width-small:100%;--awb-spacing-right-small:1.92%;--awb-spacing-left-small:1.92%;\"><div class=\"fusion-column-wrapper fusion-flex-justify-content-flex-start fusion-content-layout-column\"><div class=\"fusion-text fusion-text-1\"><h1><span style=\"color: #429bba;\">Das moderne Weka Designhaus<\/span><\/h1>\n<p>Das <strong>moderne Weka Designhaus\u00a0<\/strong>\u00fcberzeugt mit modernem und gleichzeitig wohnlichem Design. F\u00fcr ideale Stabilit\u00e4t sorgen 28 mm starke Blockbohlen im exklusiven wekaLine-Profil, ein 19 mm starkes Massivholz-Flachdach sowie der 19 mm starke Massivholzboden. S\u00e4mtliche Holzteile sind aus nordischem Fichtenholz gefertigt und stehen f\u00fcr hervorragende WEKA-Qualit\u00e4t. Dank den Abmessungen des WEKA Gartenhaus 171 sowie der hohen Seitenw\u00e4nde, bieten sich Ihnen ein ganz besonderes Raumgef\u00fchl und individuelle Gestaltungsm\u00f6glichkeiten.<\/p>\n<h3>Vorteile:<\/h3>\n<ul>\n<li>28 mm Wandst\u00e4rke mit wekaLine Profil<\/li>\n<li>19 mm Massivholzboden<\/li>\n<li>19 mm Massivholzdach<\/li>\n<li>Rahmen-Einzelt\u00fcr mit 3 Lichtausschnitten<\/li>\n<\/ul>\n<h3>Technische Daten:<\/h3>\n<ul>\n<li>Ausf\u00fchrung: naturbelassen<\/li>\n<li>Gesamth\u00f6he: 213 cm<\/li>\n<li>Frontwand \/ R\u00fcckwandh\u00f6he: 209 cm \/ 197 cm<\/li>\n<li>Wand: 28 mm Blockbohlen<\/li>\n<li>Bauweise: modernes Schraubsystem<\/li>\n<li>Boden: 19 mm Massivholzboden, naturbelassen<\/li>\n<li>Dach: 19 mm Massivholz-Flachdach, naturbelassen<\/li>\n<li>Dach\u00fcberstand: vorne 10 cm, hinten 5 cm, seitlich 2 cm<\/li>\n<li>Unterkonstruktion: kesseldruckimpr\u00e4gnierte Bodenbalken<\/li>\n<li>T\u00fcr: Rahmen-Einzelt\u00fcr B 81 x H 173 cm (lichtes Mass), inkl. hochwertiger Dr\u00fcckergarnitur mit Profilzylinderschloss und 3 Schl\u00fcsseln<\/li>\n<li>Material: Ausgesuchte, nordische Fichte<\/li>\n<\/ul>\n<h3>Ausf\u00fchrung und Masse (Breite x Tiefe x H\u00f6he in cm):<\/h3>\n<p><strong>Farbe:\u00a0<\/strong><\/p>\n<ul>\n<li>Naturbelassen<\/li>\n<\/ul>\n<p><strong>Masse:\u00a0<\/strong><\/p>\n<ul>\n<li>Gr\u00f6sse 1:\n<ul>\n<li>Sockelmass: 235 x 240<\/li>\n<li>Aussenmass: 248 x 253 x 213<\/li>\n<\/ul>\n<\/li>\n<li>Gr\u00f6sse 2:\n<ul>\n<li>Sockelmass: 295 x 301<\/li>\n<li>Aussenmass: 308 x 313 x 211<\/li>\n<\/ul>\n<\/li>\n<\/ul>\n<h3>Zubeh\u00f6r Tipps:<\/h3>\n<ul>\n<li><strong>Mit Feuchtigkeitspads 90 x 90 x 8 mm (96 Stk.)<\/strong> &#8211; Die Pads werden einfach unter die Rahmenh\u00f6lzer gelegt und sch\u00fctzen somit Ihr Gartenhaus vor Feuchtigkeit und damit verbundenen Besch\u00e4digungen am Holz.<\/li>\n<li><strong>Mit Sturmwinkel-Set f\u00fcr Fundamentbefestigung (Set \u00e0 4 Stk., inkl. Befestigungsmaterial)<\/strong> &#8211; Mit diesen speziellen Sturmwinkeln k\u00f6nnen Sie die Fundamentbalken und die ersten 1 bzw. 2 Bohlenreihen mit dem Fundament sicher verbinden.<\/li>\n<\/ul>\n<h3>Montage:<\/h3>\n<p>F\u00fcr die Installation Ihres neuen Gartenhauses m\u00fcssen Sie sich keine Gedanken machen! Wir stellen Ihnen gerne unser Hauseigen, fachm\u00e4nnisches Installationsteam f\u00fcr die Montage zur Verf\u00fcgung.<\/p>\n<h3 data-fontsize=\"18\" data-lineheight=\"27\">Zubeh\u00f6r f\u00fcr Ihre pers\u00f6nliche Gartenoase:<\/h3>\n<p>Wir haben ein reichhaltiges Zubeh\u00f6rsortiment f\u00fcr Sie zusammengestellt, so dass Sie sich die passenden Produkte in Ruhe in unserem Onlineshop ausw\u00e4hlen k\u00f6nnen.<\/p>\n<p>Wenn Sie sich dar\u00fcber hinaus Ihre ganz pers\u00f6nliche Gartenoase schaffen wollen, so schauen Sie sich doch einfach unsere Softub <a href=\"https:\/\/softub.ch\/simply-relaxing\/softub-whirlpools\/\">Whirlpools<\/a> an \u2013 eventuell auch in Kombination mit einem <a href=\"https:\/\/meinschattenspender.ch\/\">Unosider-<\/a><a href=\"https:\/\/meinschattenspender.ch\/\">Pavillon<\/a>. Unsere Softubs sind bestens f\u00fcr den Sommer oder auch f\u00fcr den Winter geeignet.<\/p>\n<p>Wenn Sie zus\u00e4tzlichen Stauraum f\u00fcr Ihr pers\u00f6nliches Gartenzubeh\u00f6r brauchen, dann schauen Sie sich unseren\u00a0<a href=\"https:\/\/softub.ch\/produkt\/biohort-storemax-maximalen-stauraum-auf-wenig-platz\/\">biohort STOREMAX<\/a>\u00a0oder auch den<a href=\"https:\/\/softub.ch\/produkt\/biohort-highboard-das-formvollendete-multitalent-zum-aufbewahren\/\"> biohort HIGHBOARD<\/a> an. Ob als Stauraum f\u00fcr Kissen oder Gartenutensilien oder auch als ideale Erg\u00e4nzung zu Ihrer Outdoor-K\u00fcche \u2013 alles ist witterungsgesch\u00fctzt und ordentlich verstaut.<\/p>\n<p>Wir beraten Sie gerne, telefonisch, in einem unserer Showrooms oder bei Ihnen Zuhause.<\/p>\n<\/div><\/div><\/div><\/div><\/div>\n","protected":false},"excerpt":{"rendered":"<h1><span style=\"color: #429bba;\">Das moderne Weka Designhaus\u00a0<\/span><\/h1>\n<p>Mehr Spass. Mehr Zuhause. Mehr Entspannung.<\/p>\n<p>Dank den Abmessungen des WEKA Gartenhaus 171 sowie der hohen Seitenw\u00e4nde, bieten sich Ihnen ein ganz besonderes Raumgef\u00fchl und individuelle Gestaltungsm\u00f6glichkeiten.<\/p>\n","protected":false},"featured_media":25259,"template":"","meta":{"_acf_changed":false},"product_brand":[],"product_cat":[1170],"product_tag":[828,834,5467,2624,5465,2625,803,789,833,820,2607,821,835,795,2609,764,816,2626,826,2627,827,802,776,567,1179,431,5468,4077,822],"woo-feed-brand":[],"class_list":{"0":"post-25250","1":"product","2":"type-product","3":"status-publish","4":"has-post-thumbnail","6":"product_cat-designhaeuser","7":"product_tag-anthrazit","8":"product_tag-blockbohlen","9":"product_tag-design-gartenhaus-schweiz","10":"product_tag-designhaus","11":"product_tag-designhaus-schweiz","12":"product_tag-designhaeuser","13":"product_tag-draussen","14":"product_tag-garten","15":"product_tag-gartendesign","16":"product_tag-gartenhaus","17":"product_tag-gartenhaus-aus-holz","18":"product_tag-gartenhaeuser","19":"product_tag-gartenoase","20":"product_tag-holz","21":"product_tag-holz-gartenhaus","22":"product_tag-massivholz","23":"product_tag-massivholzdach","24":"product_tag-modernes-gartenhaus","25":"product_tag-natur","26":"product_tag-natur-gartenhaus","27":"product_tag-naturbelassen","28":"product_tag-outdoor","29":"product_tag-qualitaet","30":"product_tag-softub","31":"product_tag-softub-schweiz","32":"product_tag-weka","33":"product_tag-weka-designhaus-schweiz","34":"product_tag-weka-schweiz","35":"product_tag-zuhause","37":"first","38":"instock","39":"sale","40":"taxable","41":"shipping-taxable","42":"purchasable","43":"product-type-variable"},"acf":[],"yoast_head":"<!-- This site is optimized with the Yoast SEO Premium plugin v27.4 (Yoast SEO v27.4) - https:\/\/yoast.com\/product\/yoast-seo-premium-wordpress\/ -->\n<title>Das moderne Weka Designhaus - modern und wohnlich<\/title>\n<meta name=\"description\" content=\"Das moderne Weka Designhaus im exklusiven wekaLine-Profil \u00fcberzeugt mit modernem und gleichzeitig wohnlichem Design.\" \/>\n<meta name=\"robots\" content=\"index, follow, max-snippet:-1, max-image-preview:large, max-video-preview:-1\" \/>\n<link rel=\"canonical\" href=\"https:\/\/www.softub.ch\/produkt\/das-moderne-weka-designhaus\/\" \/>\n<meta property=\"og:locale\" content=\"fr_FR\" \/>\n<meta property=\"og:type\" content=\"article\" \/>\n<meta property=\"og:title\" content=\"Weka Designhaus wekaLine 171 - modern &amp; wohnlich\" \/>\n<meta property=\"og:description\" content=\"Das moderne Weka Designhaus im exklusiven wekaLine-Profil \u00fcberzeugt mit modernem und gleichzeitig wohnlichem Design.\" \/>\n<meta property=\"og:url\" content=\"https:\/\/www.softub.ch\/produkt\/das-moderne-weka-designhaus\/\" \/>\n<meta property=\"og:site_name\" content=\"Softub Schweiz\" \/>\n<meta property=\"article:publisher\" content=\"https:\/\/www.facebook.com\/softubschweiz\" \/>\n<meta property=\"article:modified_time\" content=\"2025-01-17T13:55:17+00:00\" \/>\n<meta property=\"og:image\" content=\"https:\/\/www.softub.ch\/wp-content\/uploads\/Weka-Gartenhaus-Designhaus-wekaLine-171-Softub-Schweiz-0-scaled.jpg\" \/>\n\t<meta property=\"og:image:width\" content=\"2560\" \/>\n\t<meta property=\"og:image:height\" content=\"1440\" \/>\n\t<meta property=\"og:image:type\" content=\"image\/jpeg\" \/>\n<meta name=\"twitter:card\" content=\"summary_large_image\" \/>\n<meta name=\"twitter:label1\" content=\"Dur\u00e9e de lecture estim\u00e9e\" \/>\n\t<meta name=\"twitter:data1\" content=\"3 minutes\" \/>\n<script type=\"application\/ld+json\" class=\"yoast-schema-graph\">{\"@context\":\"https:\\\/\\\/schema.org\",\"@graph\":[{\"@type\":\"WebPage\",\"@id\":\"https:\\\/\\\/www.softub.ch\\\/produkt\\\/das-moderne-weka-designhaus\\\/\",\"url\":\"https:\\\/\\\/www.softub.ch\\\/produkt\\\/das-moderne-weka-designhaus\\\/\",\"name\":\"Das moderne Weka Designhaus - modern und wohnlich\",\"isPartOf\":{\"@id\":\"https:\\\/\\\/www.softub.ch\\\/fr\\\/#website\"},\"primaryImageOfPage\":{\"@id\":\"https:\\\/\\\/www.softub.ch\\\/produkt\\\/das-moderne-weka-designhaus\\\/#primaryimage\"},\"image\":{\"@id\":\"https:\\\/\\\/www.softub.ch\\\/produkt\\\/das-moderne-weka-designhaus\\\/#primaryimage\"},\"thumbnailUrl\":\"https:\\\/\\\/www.softub.ch\\\/wp-content\\\/uploads\\\/Weka-Gartenhaus-Designhaus-wekaLine-171-Softub-Schweiz-0-scaled.jpg\",\"datePublished\":\"2021-03-04T08:52:26+00:00\",\"dateModified\":\"2025-01-17T13:55:17+00:00\",\"description\":\"Das moderne Weka Designhaus im exklusiven wekaLine-Profil \u00fcberzeugt mit modernem und gleichzeitig wohnlichem Design.\",\"breadcrumb\":{\"@id\":\"https:\\\/\\\/www.softub.ch\\\/produkt\\\/das-moderne-weka-designhaus\\\/#breadcrumb\"},\"inLanguage\":\"fr-FR\",\"potentialAction\":[{\"@type\":\"ReadAction\",\"target\":[\"https:\\\/\\\/www.softub.ch\\\/produkt\\\/das-moderne-weka-designhaus\\\/\"]}]},{\"@type\":\"ImageObject\",\"inLanguage\":\"fr-FR\",\"@id\":\"https:\\\/\\\/www.softub.ch\\\/produkt\\\/das-moderne-weka-designhaus\\\/#primaryimage\",\"url\":\"https:\\\/\\\/www.softub.ch\\\/wp-content\\\/uploads\\\/Weka-Gartenhaus-Designhaus-wekaLine-171-Softub-Schweiz-0-scaled.jpg\",\"contentUrl\":\"https:\\\/\\\/www.softub.ch\\\/wp-content\\\/uploads\\\/Weka-Gartenhaus-Designhaus-wekaLine-171-Softub-Schweiz-0-scaled.jpg\",\"width\":2560,\"height\":1440,\"caption\":\"Naturbelassenes Gartenhaus mit Flachdach und eine offen stehende T\u00fcr\"},{\"@type\":\"BreadcrumbList\",\"@id\":\"https:\\\/\\\/www.softub.ch\\\/produkt\\\/das-moderne-weka-designhaus\\\/#breadcrumb\",\"itemListElement\":[{\"@type\":\"ListItem\",\"position\":1,\"name\":\"Startseite\",\"item\":\"https:\\\/\\\/www.softub.ch\\\/fr\\\/\"},{\"@type\":\"ListItem\",\"position\":2,\"name\":\"Shop\",\"item\":\"https:\\\/\\\/www.softub.ch\\\/fr\\\/softub-suisse-shop\\\/\"},{\"@type\":\"ListItem\",\"position\":3,\"name\":\"Weka Designhaus wekaLine 171 &#8211; modern &amp; wohnlich\"}]},{\"@type\":\"WebSite\",\"@id\":\"https:\\\/\\\/www.softub.ch\\\/fr\\\/#website\",\"url\":\"https:\\\/\\\/www.softub.ch\\\/fr\\\/\",\"name\":\"Softub Schweiz\",\"description\":\"Softub - Wir machen Ferien Zuhause\",\"publisher\":{\"@id\":\"https:\\\/\\\/www.softub.ch\\\/fr\\\/#organization\"},\"potentialAction\":[{\"@type\":\"SearchAction\",\"target\":{\"@type\":\"EntryPoint\",\"urlTemplate\":\"https:\\\/\\\/www.softub.ch\\\/fr\\\/?s={search_term_string}\"},\"query-input\":{\"@type\":\"PropertyValueSpecification\",\"valueRequired\":true,\"valueName\":\"search_term_string\"}}],\"inLanguage\":\"fr-FR\"},{\"@type\":\"Organization\",\"@id\":\"https:\\\/\\\/www.softub.ch\\\/fr\\\/#organization\",\"name\":\"Softub Schweiz AG\",\"url\":\"https:\\\/\\\/www.softub.ch\\\/fr\\\/\",\"logo\":{\"@type\":\"ImageObject\",\"inLanguage\":\"fr-FR\",\"@id\":\"https:\\\/\\\/www.softub.ch\\\/fr\\\/#\\\/schema\\\/logo\\\/image\\\/\",\"url\":\"https:\\\/\\\/www.softub.ch\\\/wp-content\\\/uploads\\\/Softub-Logo-Softub-Schweiz-.png\",\"contentUrl\":\"https:\\\/\\\/www.softub.ch\\\/wp-content\\\/uploads\\\/Softub-Logo-Softub-Schweiz-.png\",\"width\":200,\"height\":73,\"caption\":\"Softub Schweiz AG\"},\"image\":{\"@id\":\"https:\\\/\\\/www.softub.ch\\\/fr\\\/#\\\/schema\\\/logo\\\/image\\\/\"},\"sameAs\":[\"https:\\\/\\\/www.facebook.com\\\/softubschweiz\",\"https:\\\/\\\/www.instagram.com\\\/softub_schweiz\\\/\",\"https:\\\/\\\/ch.pinterest.com\\\/softub_schweiz\\\/\",\"https:\\\/\\\/www.linkedin.com\\\/company\\\/softub-schweiz-ag\\\/\"]}]}<\/script>\n<!-- \/ Yoast SEO Premium plugin. -->","yoast_head_json":{"title":"Das moderne Weka Designhaus - modern und wohnlich","description":"Das moderne Weka Designhaus im exklusiven wekaLine-Profil \u00fcberzeugt mit modernem und gleichzeitig wohnlichem Design.","robots":{"index":"index","follow":"follow","max-snippet":"max-snippet:-1","max-image-preview":"max-image-preview:large","max-video-preview":"max-video-preview:-1"},"canonical":"https:\/\/www.softub.ch\/produkt\/das-moderne-weka-designhaus\/","og_locale":"fr_FR","og_type":"article","og_title":"Weka Designhaus wekaLine 171 - modern &amp; wohnlich","og_description":"Das moderne Weka Designhaus im exklusiven wekaLine-Profil \u00fcberzeugt mit modernem und gleichzeitig wohnlichem Design.","og_url":"https:\/\/www.softub.ch\/produkt\/das-moderne-weka-designhaus\/","og_site_name":"Softub Schweiz","article_publisher":"https:\/\/www.facebook.com\/softubschweiz","article_modified_time":"2025-01-17T13:55:17+00:00","og_image":[{"width":2560,"height":1440,"url":"https:\/\/www.softub.ch\/wp-content\/uploads\/Weka-Gartenhaus-Designhaus-wekaLine-171-Softub-Schweiz-0-scaled.jpg","type":"image\/jpeg"}],"twitter_card":"summary_large_image","twitter_misc":{"Dur\u00e9e de lecture estim\u00e9e":"3 minutes"},"schema":{"@context":"https:\/\/schema.org","@graph":[{"@type":"WebPage","@id":"https:\/\/www.softub.ch\/produkt\/das-moderne-weka-designhaus\/","url":"https:\/\/www.softub.ch\/produkt\/das-moderne-weka-designhaus\/","name":"Das moderne Weka Designhaus - modern und wohnlich","isPartOf":{"@id":"https:\/\/www.softub.ch\/fr\/#website"},"primaryImageOfPage":{"@id":"https:\/\/www.softub.ch\/produkt\/das-moderne-weka-designhaus\/#primaryimage"},"image":{"@id":"https:\/\/www.softub.ch\/produkt\/das-moderne-weka-designhaus\/#primaryimage"},"thumbnailUrl":"https:\/\/www.softub.ch\/wp-content\/uploads\/Weka-Gartenhaus-Designhaus-wekaLine-171-Softub-Schweiz-0-scaled.jpg","datePublished":"2021-03-04T08:52:26+00:00","dateModified":"2025-01-17T13:55:17+00:00","description":"Das moderne Weka Designhaus im exklusiven wekaLine-Profil \u00fcberzeugt mit modernem und gleichzeitig wohnlichem Design.","breadcrumb":{"@id":"https:\/\/www.softub.ch\/produkt\/das-moderne-weka-designhaus\/#breadcrumb"},"inLanguage":"fr-FR","potentialAction":[{"@type":"ReadAction","target":["https:\/\/www.softub.ch\/produkt\/das-moderne-weka-designhaus\/"]}]},{"@type":"ImageObject","inLanguage":"fr-FR","@id":"https:\/\/www.softub.ch\/produkt\/das-moderne-weka-designhaus\/#primaryimage","url":"https:\/\/www.softub.ch\/wp-content\/uploads\/Weka-Gartenhaus-Designhaus-wekaLine-171-Softub-Schweiz-0-scaled.jpg","contentUrl":"https:\/\/www.softub.ch\/wp-content\/uploads\/Weka-Gartenhaus-Designhaus-wekaLine-171-Softub-Schweiz-0-scaled.jpg","width":2560,"height":1440,"caption":"Naturbelassenes Gartenhaus mit Flachdach und eine offen stehende T\u00fcr"},{"@type":"BreadcrumbList","@id":"https:\/\/www.softub.ch\/produkt\/das-moderne-weka-designhaus\/#breadcrumb","itemListElement":[{"@type":"ListItem","position":1,"name":"Startseite","item":"https:\/\/www.softub.ch\/fr\/"},{"@type":"ListItem","position":2,"name":"Shop","item":"https:\/\/www.softub.ch\/fr\/softub-suisse-shop\/"},{"@type":"ListItem","position":3,"name":"Weka Designhaus wekaLine 171 &#8211; modern &amp; wohnlich"}]},{"@type":"WebSite","@id":"https:\/\/www.softub.ch\/fr\/#website","url":"https:\/\/www.softub.ch\/fr\/","name":"Softub Schweiz","description":"Softub - Wir machen Ferien Zuhause","publisher":{"@id":"https:\/\/www.softub.ch\/fr\/#organization"},"potentialAction":[{"@type":"SearchAction","target":{"@type":"EntryPoint","urlTemplate":"https:\/\/www.softub.ch\/fr\/?s={search_term_string}"},"query-input":{"@type":"PropertyValueSpecification","valueRequired":true,"valueName":"search_term_string"}}],"inLanguage":"fr-FR"},{"@type":"Organization","@id":"https:\/\/www.softub.ch\/fr\/#organization","name":"Softub Schweiz AG","url":"https:\/\/www.softub.ch\/fr\/","logo":{"@type":"ImageObject","inLanguage":"fr-FR","@id":"https:\/\/www.softub.ch\/fr\/#\/schema\/logo\/image\/","url":"https:\/\/www.softub.ch\/wp-content\/uploads\/Softub-Logo-Softub-Schweiz-.png","contentUrl":"https:\/\/www.softub.ch\/wp-content\/uploads\/Softub-Logo-Softub-Schweiz-.png","width":200,"height":73,"caption":"Softub Schweiz AG"},"image":{"@id":"https:\/\/www.softub.ch\/fr\/#\/schema\/logo\/image\/"},"sameAs":["https:\/\/www.facebook.com\/softubschweiz","https:\/\/www.instagram.com\/softub_schweiz\/","https:\/\/ch.pinterest.com\/softub_schweiz\/","https:\/\/www.linkedin.com\/company\/softub-schweiz-ag\/"]}]}},"_links":{"self":[{"href":"https:\/\/www.softub.ch\/fr\/wp-json\/wp\/v2\/product\/25250","targetHints":{"allow":["GET"]}}],"collection":[{"href":"https:\/\/www.softub.ch\/fr\/wp-json\/wp\/v2\/product"}],"about":[{"href":"https:\/\/www.softub.ch\/fr\/wp-json\/wp\/v2\/types\/product"}],"wp:featuredmedia":[{"embeddable":true,"href":"https:\/\/www.softub.ch\/fr\/wp-json\/wp\/v2\/media\/25259"}],"wp:attachment":[{"href":"https:\/\/www.softub.ch\/fr\/wp-json\/wp\/v2\/media?parent=25250"}],"wp:term":[{"taxonomy":"product_brand","embeddable":true,"href":"https:\/\/www.softub.ch\/fr\/wp-json\/wp\/v2\/product_brand?post=25250"},{"taxonomy":"product_cat","embeddable":true,"href":"https:\/\/www.softub.ch\/fr\/wp-json\/wp\/v2\/product_cat?post=25250"},{"taxonomy":"product_tag","embeddable":true,"href":"https:\/\/www.softub.ch\/fr\/wp-json\/wp\/v2\/product_tag?post=25250"},{"taxonomy":"woo-feed-brand","embeddable":true,"href":"https:\/\/www.softub.ch\/fr\/wp-json\/wp\/v2\/woo-feed-brand?post=25250"}],"curies":[{"name":"wp","href":"https:\/\/api.w.org\/{rel}","templated":true}]}}