{"id":25463,"date":"2021-03-05T14:44:31","date_gmt":"2021-03-05T14:44:31","guid":{"rendered":"http:\/\/www.softub.ch\/?post_type=product&#038;p=25463"},"modified":"2025-01-18T16:15:02","modified_gmt":"2025-01-18T15:15:02","slug":"traumhafte-gartenoase-von-weka","status":"publish","type":"product","link":"https:\/\/www.softub.ch\/fr\/produit\/traumhafte-gartenoase-von-weka\/","title":{"rendered":"Weka Gartenoase 651 (A &amp; B) &#8211; als Carport oder traumhafter Gartenplatz"},"content":{"rendered":"<h1><span style=\"color: #429bba;\">Traumhafte Gartenoase von Weka<\/span><\/h1>\n<p>Grossfl\u00e4chige, traumhafte Gartenoase von Weka mit 12 x 12 starken Massivholzpfosten und 19 mm Massivholzdach. Das Modell 651 B kann auch ideal als Einzel oder Doppelcarport verwendet werden. Ausserdem ist jedes Modell auch als Sparset erh\u00e4ltlich, ausser die Weka Gartenoase 651 mit Dachaufsatz.<\/p>\n<p>&nbsp;<\/p>\n<h3>Vorteile:<\/h3>\n<ul>\n<li>Massivholzdach<\/li>\n<li>Mit Dachaufsatz erh\u00e4ltlich<\/li>\n<li>Viele Ausf\u00fchrungen &amp; Gr\u00f6ssen<\/li>\n<li>Dachschindel-Sparsets<\/li>\n<li>Modell 651 B kann auch als Carport verwendet werden<\/li>\n<\/ul>\n<p>&nbsp;<\/p>\n<h3>Technische Daten:<\/h3>\n<div>\n<div>\n<ul>\n<li>Dach: 19 mm Massivholzdach, naturbelassen<\/li>\n<li>Dachbelag: Bitumen-Dachbelag zur Ersteindeckung,<\/li>\n<li>Pfosten: 90 x 90 mm (651 mit Dachaufsatz &amp; 651), 120 x 120 mm (651 A &amp; B)<\/li>\n<li>Schneelast: 1,25 kg \/ m2, statisch gepr\u00fcft<\/li>\n<li>OHNE Boden und OHNE W\u00e4nde<\/li>\n<li>OHNE Bitumen-Dachbelag<\/li>\n<li><strong>Optional auch als SPARSET mit hochwertigen Dachschindeln<br \/>\n<\/strong><\/li>\n<\/ul>\n<p>&nbsp;<\/p>\n<\/div>\n<\/div>\n<h3>Variationen &amp; Grundfl\u00e4chen (Breite x L\u00e4nge x Firsth\u00f6he):<\/h3>\n<p>Konstruktionsh\u00f6lzer kesseldruckimpr\u00e4gniert, ohne Boden<\/p>\n<ul>\n<li><strong>Weka Gartenoase 651 &#8211; Mit Dachaufsatz\u00a0<\/strong>\n<ul>\n<li>Gr. 1: 294 x 294 x 312 cm<\/li>\n<li>Gr. 2: 380 x 380 x 335 cm<\/li>\n<\/ul>\n<\/li>\n<li><strong>Weka Gartenoase 651\u00a0 &#8211; Mit oder als SPARSET mit Dachschindeln<\/strong>\n<ul>\n<li>Gr. 1: 294 x 294 x 275 cm<\/li>\n<li>Gr. 2: 333 x 333 x 286 cm<\/li>\n<li>Gr. 3: 380 x 380 x 299 cm<\/li>\n<\/ul>\n<\/li>\n<li><strong>Weka Gartenoase 651 A &#8211; Mit oder als SPARSET mit Dachschindeln<\/strong>\n<ul>\n<li>Gr. 1: 433 x 433 x 314 cm<\/li>\n<li>Gr. 2: 480 x 480 x 314 cm<\/li>\n<\/ul>\n<\/li>\n<li><strong>Weka Gartenoase 651 B &#8211; Mit oder als SPARSET mit Dachschindeln (Diese Gartenoase kann auch ideal als Carport verwendet werden)<\/strong>\n<ul>\n<li>Gr. 1: 333 x 514 x 291 cm<\/li>\n<li>Gr. 2: 380 x 608 x 306 cm<\/li>\n<li>Gr. 3: 433 x 702 x 316 cm<\/li>\n<\/ul>\n<\/li>\n<\/ul>\n<p>&nbsp;<\/p>\n<h3>Das Besondere:<\/h3>\n<ul>\n<li><strong>Hier k\u00f6nnen Sie sparen:<\/strong> Bei diesen Pavillons erhalten Sie rote, rechteckige Bitumen Dachschindeln im Sparset inklusive!<\/li>\n<li>Die Weka Gartenoase 651 B kann <strong>auch als Carport<\/strong> eingesetzt werden!<\/li>\n<\/ul>\n<p>&nbsp;<\/p>\n<h3>Zubeh\u00f6r-Tipp f\u00fcr dieses Pavillon:<\/h3>\n<ul>\n<li><strong>H Anker Set:<\/strong> Zur sicheren Befestigung<\/li>\n<li><strong>Wandelement:<\/strong> geschlossenes Element, Massivholz &amp; naturbelassen<\/li>\n<li><strong>Br\u00fcstungsgel\u00e4nder:<\/strong> 3 teiliges Set, kesseldruckimpr\u00e4gniertes Massivholz<\/li>\n<li><strong>Sitzgelegenheiten:<\/strong> 2 durchgehende W\u00e4nde, 2 kurze W\u00e4nde, 2 B\u00e4nke (f\u00fcr Gr. 1 + 3)<\/li>\n<\/ul>\n<p>&nbsp;<\/p>\n<h3>Montage:<\/h3>\n<p>F\u00fcr den Aufbau Ihres neuen Pavillons m\u00fcssen Sie sich keine Gedanken machen! Wir stellen Ihnen gerne unser Hauseigen, fachm\u00e4nnisches Installationsteam f\u00fcr die Montage zur Verf\u00fcgung. Die Paradies Gartenoase von Weka!<\/p>\n<p>&nbsp;<\/p>\n<h3>Zus\u00e4tzliches Zubeh\u00f6r f\u00fcr Ihre pers\u00f6nliche Gartenoase:<\/h3>\n<p>Wir haben ein reichhaltiges Zubeh\u00f6rsortiment f\u00fcr Sie zusammengestellt, so dass Sie sich die passenden Produkte in Ruhe in unserem Onlineshop ausw\u00e4hlen k\u00f6nnen.<\/p>\n<p>Wenn Sie sich dar\u00fcber hinaus Ihre ganz pers\u00f6nliche Gartenoase schaffen wollen, so schauen Sie sich doch einfach unsere Softub <a href=\"https:\/\/softub.ch\/simply-relaxing\/softub-whirlpools\/\">Whirlpools<\/a> an \u2013 eventuell auch in Kombination mit einem <a href=\"https:\/\/meinschattenspender.ch\/\">Unosider-<\/a><a href=\"https:\/\/meinschattenspender.ch\/\">Pavillon<\/a>. Unsere Softubs sind bestens f\u00fcr den Sommer oder auch f\u00fcr den Winter geeignet.<\/p>\n<p>Wenn Sie zus\u00e4tzlichen Stauraum f\u00fcr Ihr pers\u00f6nliches Gartenzubeh\u00f6r brauchen, dann schauen Sie sich unseren\u00a0<a href=\"https:\/\/softub.ch\/produkt\/biohort-storemax-maximalen-stauraum-auf-wenig-platz\/\">biohort STOREMAX<\/a>\u00a0oder auch den<a href=\"https:\/\/softub.ch\/produkt\/biohort-highboard-das-formvollendete-multitalent-zum-aufbewahren\/\"> biohort HIGHBOARD<\/a> an. Ob als Stauraum f\u00fcr Kissen oder Gartenutensilien oder auch als ideale Erg\u00e4nzung zu Ihrer Outdoor-K\u00fcche \u2013 alles ist witterungsgesch\u00fctzt und ordentlich verstaut.<\/p>\n<p>Wir beraten Sie gerne, telefonisch, in einem unserer Showrooms oder bei Ihnen Zuhause.<\/p>\n","protected":false},"excerpt":{"rendered":"<h1><span style=\"color: #429bba;\">Die Paradies Gartenoase von Weka<\/span><\/h1>\n<p>Mehr Freizeit. Mehr Erholung. Mehr Ausspannen.<\/p>\n<div class=\"woocommerce-product-details__short-description\">\n<div class=\"woocommerce-product-details__short-description\">\n<div class=\"woocommerce-product-details__short-description\">\n<p>Geniessen Sie gem\u00fctliche Stunden und lassen Sie die Seele baumeln. Das Paradies gibt Ihnen die M\u00f6glichkeit dazu. W\u00e4hlen sie aus vielen, verschiedenen Gr\u00f6ssen, Sparsets und Modelle Ihre passende Laube aus.<\/p>\n<p>Das Modell Weka Gartenoase 651 B kann auch als Carport verwendet werden, so dass Ihr Fahrzeug bei Wind und Wetter gesch\u00fctzt ist.<\/p>\n<\/div>\n<\/div>\n<\/div>\n","protected":false},"featured_media":25739,"template":"","meta":{"_acf_changed":false},"product_brand":[],"product_cat":[843,930,929],"product_tag":[793,5461,845,803,789,935,937,835,934,870,826,802,140,859,965,938,933,869,431,2639,5462,4077],"woo-feed-brand":[],"class_list":{"0":"post-25463","1":"product","2":"type-product","3":"status-publish","4":"has-post-thumbnail","6":"product_cat-carports","7":"product_cat-lauben-und-terrassenueberdachung","8":"product_cat-pavillons","9":"product_tag-carport","10":"product_tag-carport-schweiz","11":"product_tag-dachschindeln","12":"product_tag-draussen","13":"product_tag-garten","14":"product_tag-gartenlaube","15":"product_tag-gartenlounge","16":"product_tag-gartenoase","17":"product_tag-gartensitzplatz","18":"product_tag-lounge","19":"product_tag-natur","20":"product_tag-outdoor","21":"product_tag-pavillon","22":"product_tag-praktisch","23":"product_tag-schattenplatz","24":"product_tag-sitzlounge","25":"product_tag-sitzplatz","26":"product_tag-ueberdachung","27":"product_tag-weka","28":"product_tag-weka-carport","29":"product_tag-weka-carport-schweiz","30":"product_tag-weka-schweiz","32":"first","33":"instock","34":"sale","35":"taxable","36":"shipping-taxable","37":"purchasable","38":"product-type-variable"},"acf":[],"yoast_head":"<!-- This site is optimized with the Yoast SEO Premium plugin v27.5 (Yoast SEO v27.5) - https:\/\/yoast.com\/product\/yoast-seo-premium-wordpress\/ -->\n<title>Traumhafte Gartenoase von Weka - Serie 651 mit Massivholzdach<\/title>\n<meta name=\"description\" content=\"Traumhafte Gartenoase von Weka. Geniessen Sie gem\u00fctliche Stunden und lassen Sie die Seele baumeln. Diese Laube gibt Ihnen die M\u00f6glichkeit dazu!\" \/>\n<meta name=\"robots\" content=\"index, follow, max-snippet:-1, max-image-preview:large, max-video-preview:-1\" \/>\n<link rel=\"canonical\" href=\"https:\/\/www.softub.ch\/produkt\/traumhafte-gartenoase-von-weka\/\" \/>\n<meta property=\"og:locale\" content=\"fr_FR\" \/>\n<meta property=\"og:type\" content=\"article\" \/>\n<meta property=\"og:title\" content=\"Weka Gartenoase 651 (A &amp; B) - als Carport oder traumhafter Gartenplatz\" \/>\n<meta property=\"og:description\" content=\"Traumhafte Gartenoase von Weka. Geniessen Sie gem\u00fctliche Stunden und lassen Sie die Seele baumeln. Diese Laube gibt Ihnen die M\u00f6glichkeit dazu!\" \/>\n<meta property=\"og:url\" content=\"https:\/\/www.softub.ch\/produkt\/traumhafte-gartenoase-von-weka\/\" \/>\n<meta property=\"og:site_name\" content=\"Softub Schweiz\" \/>\n<meta property=\"article:publisher\" content=\"https:\/\/www.facebook.com\/softubschweiz\" \/>\n<meta property=\"article:modified_time\" content=\"2025-01-18T15:15:02+00:00\" \/>\n<meta property=\"og:image\" content=\"https:\/\/www.softub.ch\/wp-content\/uploads\/Weka-Gartenoase-651-A-Gr.-2-Softub-Schweiz-0.jpg\" \/>\n\t<meta property=\"og:image:width\" content=\"1680\" \/>\n\t<meta property=\"og:image:height\" content=\"1680\" \/>\n\t<meta property=\"og:image:type\" content=\"image\/jpeg\" \/>\n<meta name=\"twitter:card\" content=\"summary_large_image\" \/>\n<meta name=\"twitter:label1\" content=\"Dur\u00e9e de lecture estim\u00e9e\" \/>\n\t<meta name=\"twitter:data1\" content=\"3 minutes\" \/>\n<script type=\"application\/ld+json\" class=\"yoast-schema-graph\">{\"@context\":\"https:\\\/\\\/schema.org\",\"@graph\":[{\"@type\":\"WebPage\",\"@id\":\"https:\\\/\\\/www.softub.ch\\\/produkt\\\/traumhafte-gartenoase-von-weka\\\/\",\"url\":\"https:\\\/\\\/www.softub.ch\\\/produkt\\\/traumhafte-gartenoase-von-weka\\\/\",\"name\":\"Traumhafte Gartenoase von Weka - Serie 651 mit Massivholzdach\",\"isPartOf\":{\"@id\":\"https:\\\/\\\/www.softub.ch\\\/fr\\\/#website\"},\"primaryImageOfPage\":{\"@id\":\"https:\\\/\\\/www.softub.ch\\\/produkt\\\/traumhafte-gartenoase-von-weka\\\/#primaryimage\"},\"image\":{\"@id\":\"https:\\\/\\\/www.softub.ch\\\/produkt\\\/traumhafte-gartenoase-von-weka\\\/#primaryimage\"},\"thumbnailUrl\":\"https:\\\/\\\/www.softub.ch\\\/wp-content\\\/uploads\\\/Weka-Gartenoase-651-A-Gr.-2-Softub-Schweiz-0.jpg\",\"datePublished\":\"2021-03-05T14:44:31+00:00\",\"dateModified\":\"2025-01-18T15:15:02+00:00\",\"description\":\"Traumhafte Gartenoase von Weka. Geniessen Sie gem\u00fctliche Stunden und lassen Sie die Seele baumeln. Diese Laube gibt Ihnen die M\u00f6glichkeit dazu!\",\"breadcrumb\":{\"@id\":\"https:\\\/\\\/www.softub.ch\\\/produkt\\\/traumhafte-gartenoase-von-weka\\\/#breadcrumb\"},\"inLanguage\":\"fr-FR\",\"potentialAction\":[{\"@type\":\"ReadAction\",\"target\":[\"https:\\\/\\\/www.softub.ch\\\/produkt\\\/traumhafte-gartenoase-von-weka\\\/\"]}]},{\"@type\":\"ImageObject\",\"inLanguage\":\"fr-FR\",\"@id\":\"https:\\\/\\\/www.softub.ch\\\/produkt\\\/traumhafte-gartenoase-von-weka\\\/#primaryimage\",\"url\":\"https:\\\/\\\/www.softub.ch\\\/wp-content\\\/uploads\\\/Weka-Gartenoase-651-A-Gr.-2-Softub-Schweiz-0.jpg\",\"contentUrl\":\"https:\\\/\\\/www.softub.ch\\\/wp-content\\\/uploads\\\/Weka-Gartenoase-651-A-Gr.-2-Softub-Schweiz-0.jpg\",\"width\":1680,\"height\":1680,\"caption\":\"Weka Gartenoase 651 A Gr. 2 Softub Schweiz. Grosse Gartenoase mit hellem Satteldach und vier Balken und einer weissen bequemen Gartenlounge.\"},{\"@type\":\"BreadcrumbList\",\"@id\":\"https:\\\/\\\/www.softub.ch\\\/produkt\\\/traumhafte-gartenoase-von-weka\\\/#breadcrumb\",\"itemListElement\":[{\"@type\":\"ListItem\",\"position\":1,\"name\":\"Startseite\",\"item\":\"https:\\\/\\\/www.softub.ch\\\/fr\\\/\"},{\"@type\":\"ListItem\",\"position\":2,\"name\":\"Shop\",\"item\":\"https:\\\/\\\/www.softub.ch\\\/fr\\\/softub-suisse-shop\\\/\"},{\"@type\":\"ListItem\",\"position\":3,\"name\":\"Weka Gartenoase 651 (A &amp; B) &#8211; als Carport oder traumhafter Gartenplatz\"}]},{\"@type\":\"WebSite\",\"@id\":\"https:\\\/\\\/www.softub.ch\\\/fr\\\/#website\",\"url\":\"https:\\\/\\\/www.softub.ch\\\/fr\\\/\",\"name\":\"Softub Schweiz\",\"description\":\"Softub - Wir machen Ferien Zuhause\",\"publisher\":{\"@id\":\"https:\\\/\\\/www.softub.ch\\\/fr\\\/#organization\"},\"potentialAction\":[{\"@type\":\"SearchAction\",\"target\":{\"@type\":\"EntryPoint\",\"urlTemplate\":\"https:\\\/\\\/www.softub.ch\\\/fr\\\/?s={search_term_string}\"},\"query-input\":{\"@type\":\"PropertyValueSpecification\",\"valueRequired\":true,\"valueName\":\"search_term_string\"}}],\"inLanguage\":\"fr-FR\"},{\"@type\":\"Organization\",\"@id\":\"https:\\\/\\\/www.softub.ch\\\/fr\\\/#organization\",\"name\":\"Softub Schweiz AG\",\"url\":\"https:\\\/\\\/www.softub.ch\\\/fr\\\/\",\"logo\":{\"@type\":\"ImageObject\",\"inLanguage\":\"fr-FR\",\"@id\":\"https:\\\/\\\/www.softub.ch\\\/fr\\\/#\\\/schema\\\/logo\\\/image\\\/\",\"url\":\"https:\\\/\\\/www.softub.ch\\\/wp-content\\\/uploads\\\/Softub-Logo-Softub-Schweiz-.png\",\"contentUrl\":\"https:\\\/\\\/www.softub.ch\\\/wp-content\\\/uploads\\\/Softub-Logo-Softub-Schweiz-.png\",\"width\":200,\"height\":73,\"caption\":\"Softub Schweiz AG\"},\"image\":{\"@id\":\"https:\\\/\\\/www.softub.ch\\\/fr\\\/#\\\/schema\\\/logo\\\/image\\\/\"},\"sameAs\":[\"https:\\\/\\\/www.facebook.com\\\/softubschweiz\",\"https:\\\/\\\/www.instagram.com\\\/softub_schweiz\\\/\",\"https:\\\/\\\/ch.pinterest.com\\\/softub_schweiz\\\/\",\"https:\\\/\\\/www.linkedin.com\\\/company\\\/softub-schweiz-ag\\\/\"]}]}<\/script>\n<!-- \/ Yoast SEO Premium plugin. -->","yoast_head_json":{"title":"Traumhafte Gartenoase von Weka - Serie 651 mit Massivholzdach","description":"Traumhafte Gartenoase von Weka. Geniessen Sie gem\u00fctliche Stunden und lassen Sie die Seele baumeln. Diese Laube gibt Ihnen die M\u00f6glichkeit dazu!","robots":{"index":"index","follow":"follow","max-snippet":"max-snippet:-1","max-image-preview":"max-image-preview:large","max-video-preview":"max-video-preview:-1"},"canonical":"https:\/\/www.softub.ch\/produkt\/traumhafte-gartenoase-von-weka\/","og_locale":"fr_FR","og_type":"article","og_title":"Weka Gartenoase 651 (A &amp; B) - als Carport oder traumhafter Gartenplatz","og_description":"Traumhafte Gartenoase von Weka. Geniessen Sie gem\u00fctliche Stunden und lassen Sie die Seele baumeln. Diese Laube gibt Ihnen die M\u00f6glichkeit dazu!","og_url":"https:\/\/www.softub.ch\/produkt\/traumhafte-gartenoase-von-weka\/","og_site_name":"Softub Schweiz","article_publisher":"https:\/\/www.facebook.com\/softubschweiz","article_modified_time":"2025-01-18T15:15:02+00:00","og_image":[{"width":1680,"height":1680,"url":"https:\/\/www.softub.ch\/wp-content\/uploads\/Weka-Gartenoase-651-A-Gr.-2-Softub-Schweiz-0.jpg","type":"image\/jpeg"}],"twitter_card":"summary_large_image","twitter_misc":{"Dur\u00e9e de lecture estim\u00e9e":"3 minutes"},"schema":{"@context":"https:\/\/schema.org","@graph":[{"@type":"WebPage","@id":"https:\/\/www.softub.ch\/produkt\/traumhafte-gartenoase-von-weka\/","url":"https:\/\/www.softub.ch\/produkt\/traumhafte-gartenoase-von-weka\/","name":"Traumhafte Gartenoase von Weka - Serie 651 mit Massivholzdach","isPartOf":{"@id":"https:\/\/www.softub.ch\/fr\/#website"},"primaryImageOfPage":{"@id":"https:\/\/www.softub.ch\/produkt\/traumhafte-gartenoase-von-weka\/#primaryimage"},"image":{"@id":"https:\/\/www.softub.ch\/produkt\/traumhafte-gartenoase-von-weka\/#primaryimage"},"thumbnailUrl":"https:\/\/www.softub.ch\/wp-content\/uploads\/Weka-Gartenoase-651-A-Gr.-2-Softub-Schweiz-0.jpg","datePublished":"2021-03-05T14:44:31+00:00","dateModified":"2025-01-18T15:15:02+00:00","description":"Traumhafte Gartenoase von Weka. Geniessen Sie gem\u00fctliche Stunden und lassen Sie die Seele baumeln. Diese Laube gibt Ihnen die M\u00f6glichkeit dazu!","breadcrumb":{"@id":"https:\/\/www.softub.ch\/produkt\/traumhafte-gartenoase-von-weka\/#breadcrumb"},"inLanguage":"fr-FR","potentialAction":[{"@type":"ReadAction","target":["https:\/\/www.softub.ch\/produkt\/traumhafte-gartenoase-von-weka\/"]}]},{"@type":"ImageObject","inLanguage":"fr-FR","@id":"https:\/\/www.softub.ch\/produkt\/traumhafte-gartenoase-von-weka\/#primaryimage","url":"https:\/\/www.softub.ch\/wp-content\/uploads\/Weka-Gartenoase-651-A-Gr.-2-Softub-Schweiz-0.jpg","contentUrl":"https:\/\/www.softub.ch\/wp-content\/uploads\/Weka-Gartenoase-651-A-Gr.-2-Softub-Schweiz-0.jpg","width":1680,"height":1680,"caption":"Weka Gartenoase 651 A Gr. 2 Softub Schweiz. Grosse Gartenoase mit hellem Satteldach und vier Balken und einer weissen bequemen Gartenlounge."},{"@type":"BreadcrumbList","@id":"https:\/\/www.softub.ch\/produkt\/traumhafte-gartenoase-von-weka\/#breadcrumb","itemListElement":[{"@type":"ListItem","position":1,"name":"Startseite","item":"https:\/\/www.softub.ch\/fr\/"},{"@type":"ListItem","position":2,"name":"Shop","item":"https:\/\/www.softub.ch\/fr\/softub-suisse-shop\/"},{"@type":"ListItem","position":3,"name":"Weka Gartenoase 651 (A &amp; B) &#8211; als Carport oder traumhafter Gartenplatz"}]},{"@type":"WebSite","@id":"https:\/\/www.softub.ch\/fr\/#website","url":"https:\/\/www.softub.ch\/fr\/","name":"Softub Schweiz","description":"Softub - Wir machen Ferien Zuhause","publisher":{"@id":"https:\/\/www.softub.ch\/fr\/#organization"},"potentialAction":[{"@type":"SearchAction","target":{"@type":"EntryPoint","urlTemplate":"https:\/\/www.softub.ch\/fr\/?s={search_term_string}"},"query-input":{"@type":"PropertyValueSpecification","valueRequired":true,"valueName":"search_term_string"}}],"inLanguage":"fr-FR"},{"@type":"Organization","@id":"https:\/\/www.softub.ch\/fr\/#organization","name":"Softub Schweiz AG","url":"https:\/\/www.softub.ch\/fr\/","logo":{"@type":"ImageObject","inLanguage":"fr-FR","@id":"https:\/\/www.softub.ch\/fr\/#\/schema\/logo\/image\/","url":"https:\/\/www.softub.ch\/wp-content\/uploads\/Softub-Logo-Softub-Schweiz-.png","contentUrl":"https:\/\/www.softub.ch\/wp-content\/uploads\/Softub-Logo-Softub-Schweiz-.png","width":200,"height":73,"caption":"Softub Schweiz AG"},"image":{"@id":"https:\/\/www.softub.ch\/fr\/#\/schema\/logo\/image\/"},"sameAs":["https:\/\/www.facebook.com\/softubschweiz","https:\/\/www.instagram.com\/softub_schweiz\/","https:\/\/ch.pinterest.com\/softub_schweiz\/","https:\/\/www.linkedin.com\/company\/softub-schweiz-ag\/"]}]}},"_links":{"self":[{"href":"https:\/\/www.softub.ch\/fr\/wp-json\/wp\/v2\/product\/25463","targetHints":{"allow":["GET"]}}],"collection":[{"href":"https:\/\/www.softub.ch\/fr\/wp-json\/wp\/v2\/product"}],"about":[{"href":"https:\/\/www.softub.ch\/fr\/wp-json\/wp\/v2\/types\/product"}],"wp:featuredmedia":[{"embeddable":true,"href":"https:\/\/www.softub.ch\/fr\/wp-json\/wp\/v2\/media\/25739"}],"wp:attachment":[{"href":"https:\/\/www.softub.ch\/fr\/wp-json\/wp\/v2\/media?parent=25463"}],"wp:term":[{"taxonomy":"product_brand","embeddable":true,"href":"https:\/\/www.softub.ch\/fr\/wp-json\/wp\/v2\/product_brand?post=25463"},{"taxonomy":"product_cat","embeddable":true,"href":"https:\/\/www.softub.ch\/fr\/wp-json\/wp\/v2\/product_cat?post=25463"},{"taxonomy":"product_tag","embeddable":true,"href":"https:\/\/www.softub.ch\/fr\/wp-json\/wp\/v2\/product_tag?post=25463"},{"taxonomy":"woo-feed-brand","embeddable":true,"href":"https:\/\/www.softub.ch\/fr\/wp-json\/wp\/v2\/woo-feed-brand?post=25463"}],"curies":[{"name":"wp","href":"https:\/\/api.w.org\/{rel}","templated":true}]}}