{"id":26083,"date":"2021-03-10T08:32:14","date_gmt":"2021-03-10T08:32:14","guid":{"rendered":"http:\/\/www.softub.ch\/?post_type=product&#038;p=26083"},"modified":"2025-01-16T12:23:05","modified_gmt":"2025-01-16T11:23:05","slug":"weka-satteldach-gartenhaus","status":"publish","type":"product","link":"https:\/\/www.softub.ch\/fr\/produit\/weka-satteldach-gartenhaus\/","title":{"rendered":"Weka Gartenhaus 401 &#8211; mit Dreh- Kippfenster"},"content":{"rendered":"<div class=\"fusion-fullwidth fullwidth-box fusion-builder-row-1 fusion-flex-container nonhundred-percent-fullwidth non-hundred-percent-height-scrolling\" style=\"--awb-border-radius-top-left:0px;--awb-border-radius-top-right:0px;--awb-border-radius-bottom-right:0px;--awb-border-radius-bottom-left:0px;--awb-flex-wrap:wrap;\" ><div class=\"fusion-builder-row fusion-row fusion-flex-align-items-flex-start fusion-flex-content-wrap\" style=\"max-width:1248px;margin-left: calc(-4% \/ 2 );margin-right: calc(-4% \/ 2 );\"><div class=\"fusion-layout-column fusion_builder_column fusion-builder-column-0 fusion_builder_column_1_1 1_1 fusion-flex-column\" style=\"--awb-bg-size:cover;--awb-width-large:100%;--awb-margin-top-large:0px;--awb-spacing-right-large:1.92%;--awb-margin-bottom-large:0px;--awb-spacing-left-large:1.92%;--awb-width-medium:100%;--awb-spacing-right-medium:1.92%;--awb-spacing-left-medium:1.92%;--awb-width-small:100%;--awb-spacing-right-small:1.92%;--awb-spacing-left-small:1.92%;\"><div class=\"fusion-column-wrapper fusion-flex-justify-content-flex-start fusion-content-layout-column\"><div class=\"fusion-text fusion-text-1\"><h1><span style=\"color: #429bba;\">Weka Satteldach Gartenhaus\u00a0<\/span><\/h1>\n<p><strong>Weka Satteldach Gartenhaus\u00a0<\/strong>in stabiler Blockbohlenbauweise, 40 mm Wandst\u00e4rke, mit 18 mm Massivholzdach und Massivholzboden, 2 extra grossen Dreh-\/Kippfenstern und Doppelt\u00fcr. Optional mit farblicher Behandlung ab Werk in \u00a0t\u00fcrkis oder hellgrau erh\u00e4ltlich.<\/p>\n<h3>Vorteile:<\/h3>\n<ul class=\"list-bullet-point\">\n<li class=\"list-bullet-point-item\">40 mm Blockbohlen<\/li>\n<li>Massivholzdach &amp; -boden<\/li>\n<li>Extra hohe Rahmen Doppelt\u00fcr<\/li>\n<li>Farbliche Behandlung optional<\/li>\n<\/ul>\n<h3>Technische Daten:<\/h3>\n<ul>\n<li>Grundfl\u00e4che: 390 x 300 cm (Gr. 1), 390 x 390 cm (Gr. 2)<\/li>\n<li>Wand: 40 mm starke Blockbohlen mit Nut und Feder; klassisches Stecksystem<\/li>\n<li>Ausf\u00fchrung: naturbelassen und hellgrau<\/li>\n<li>Firsth\u00f6he: 257 cm<\/li>\n<li>Seitenwandh\u00f6he: 205 cm<\/li>\n<li>Wand: 40 mm starke Blockbohlen, klassisches Stecksystem<\/li>\n<li>Boden und Dach: 18 mm dicker Massivholzboden und starkes Massivholz-Satteldach<\/li>\n<li>Dach\u00fcberst\u00e4nde: vorn 70 cm, hinten 20 cm, Seiten ca. 27 cm<\/li>\n<li>Fenster: 2 extra grosse Dreh-\/Kippfenster B 129 x H 99 cm (lichtes mass)<\/li>\n<li>T\u00fcr: Rahmen-Doppelt\u00fcr B 150 x H 196 (lichtes Mass)<\/li>\n<li>Ausf\u00fchrung: naturbelassen, t\u00fcrkis oder hellgrau<\/li>\n<li>Material: Ausgesuchte, nordische Fichte<\/li>\n<li>WEKA Vorteil: witterungsgesch\u00fctzte Unterkonstruktion<\/li>\n<\/ul>\n<h3>Ausf\u00fchrung &amp; Masse (Breite x Tiefe x H\u00f6he cm):<\/h3>\n<p><strong>Ausf\u00fchrung:\u00a0<\/strong><\/p>\n<ul>\n<li>naturbelassen<\/li>\n<li>hellgrau<\/li>\n<\/ul>\n<p><strong>Masse:\u00a0<\/strong><\/p>\n<ul>\n<li>Gr. 1\n<ul>\n<li>Sockelmass: 390 x 300 cm<\/li>\n<li>Aussenmass: 445 x 390 x 256,5 cm<\/li>\n<\/ul>\n<\/li>\n<li>Gr. 2\n<ul>\n<li>Sockelmass: 390 x 390 cm<\/li>\n<li>Aussenmass: 445 x 480 x 256,5 cm<\/li>\n<\/ul>\n<\/li>\n<\/ul>\n<h3>Das Besondere an dieser Auswahl:<\/h3>\n<p>Einfach die Seele baumeln lassen! Geniessen Sie die sorgenfreie Ruhe und die herrliche Sonne im Garten. Vergessen Sie das l\u00e4stige Streichen ihres Gartenhauses und vertrauen Sie auf unser industrielles Holzschutzverfahren. Dieses einzigartige Oberfl\u00e4chenveredelungs-System spart Ihnen wertvolle Zeit und Geld. Die umweltfreundliche Lasur auf Wasserbasis ist ideal f\u00fcr den professionellen Einsatz im Freien geeignet und versiegelt ihr Gartenhaus dauerhaft. Mit der Auswahl an verschiedenen Farben machen Sie ihr Gartenhaus zum Blickfang in ihrem Heim. Lassen Sie sich inspirieren und gestalten Sie ihr Freizeitdomizil ganz nach ihren W\u00fcnschen. Einfach Zeit mit der Familie geniessen, zusammen lachen und Freude haben. So macht \u201eRuhe im Garten\u201c einfach Spass!<\/p>\n<h3>Empfohlenes Zubeh\u00f6r:<\/h3>\n<ul>\n<li>Mit Gartenhaus-Zubeh\u00f6rset mit 96 Feuchtigkeitspads und 4 Sturmwinkeln inkl. Befestigungsmaterial<\/li>\n<li>Mit Feuchtigkeitspads 90 x 90 x 8 mm<\/li>\n<li>Mit Sturmwinkel-Set f\u00fcr Fundamentbefestigung (Set \u00e0 4 Stk., inkl. Befestigungsmaterial)<\/li>\n<\/ul>\n<h3>Optionale Erweiterungen:<\/h3>\n<ul>\n<li>Dachschindeln<\/li>\n<li>Blenden<\/li>\n<li>Kunststoff-Dachrinne (zur Regenwassersammlung)<\/li>\n<\/ul>\n<h3>Montage:<\/h3>\n<p>F\u00fcr die Installation Ihres neuen Gartenhauses m\u00fcssen Sie sich keine Gedanken machen! Wir stellen Ihnen gerne unser Hauseigen, fachm\u00e4nnisches Installationsteam f\u00fcr die Montage zur Verf\u00fcgung.<\/p>\n<h3 data-fontsize=\"18\" data-lineheight=\"27\">Zubeh\u00f6r f\u00fcr Ihre pers\u00f6nliche Gartenoase:<\/h3>\n<p>Wir haben ein reichhaltiges Zubeh\u00f6rsortiment f\u00fcr Sie zusammengestellt, so dass Sie sich die passenden Produkte in Ruhe in unserem Onlineshop ausw\u00e4hlen k\u00f6nnen.<\/p>\n<p>Wenn Sie sich dar\u00fcber hinaus Ihre ganz pers\u00f6nliche Gartenoase schaffen wollen, so schauen Sie sich doch einfach unsere Softub <a href=\"https:\/\/softub.ch\/simply-relaxing\/softub-whirlpools\/\">Whirlpools<\/a> an \u2013 eventuell auch in Kombination mit einem <a href=\"https:\/\/meinschattenspender.ch\/\">Unosider-<\/a><a href=\"https:\/\/meinschattenspender.ch\/\">Pavillon<\/a>. Unsere Softubs sind bestens f\u00fcr den Sommer oder auch f\u00fcr den Winter geeignet.<\/p>\n<p>Wenn Sie zus\u00e4tzlichen Stauraum f\u00fcr Ihr pers\u00f6nliches Gartenzubeh\u00f6r brauchen, dann schauen Sie sich unseren\u00a0<a href=\"https:\/\/softub.ch\/produkt\/biohort-storemax-maximalen-stauraum-auf-wenig-platz\/\">biohort STOREMAX<\/a>\u00a0oder auch den<a href=\"https:\/\/softub.ch\/produkt\/biohort-highboard-das-formvollendete-multitalent-zum-aufbewahren\/\"> biohort HIGHBOARD<\/a> an. Ob als Stauraum f\u00fcr Kissen oder Gartenutensilien oder auch als ideale Erg\u00e4nzung zu Ihrer Outdoor-K\u00fcche \u2013 alles ist witterungsgesch\u00fctzt und ordentlich verstaut.<\/p>\n<p>Wir beraten Sie gerne, telefonisch, in einem unserer Showrooms oder bei Ihnen Zuhause.<\/p>\n<\/div><\/div><\/div><\/div><\/div>\n","protected":false},"excerpt":{"rendered":"<h1><span style=\"color: #429bba;\">Weka Satteldach Gartenhaus\u00a0<\/span><\/h1>\n<p>Mehr Spass. Mehr Zuhause. Mehr Entspannung.<\/p>\n<div class=\"product-detail-description lead text-secondary mb-5\">\n<div class=\"product-detail-description lead text-secondary mb-5\">\n<div class=\"product-detail-description lead text-secondary mb-5\">\n<div class=\"product-detail-description lead text-secondary mb-5\">\n<p><strong>Weka Satteldach Gartenhaus 401\u00a0<\/strong>in stabiler Blockbohlenbauweise, 40 mm Wandst\u00e4rke, mit 18 mm Massivholzdach und Massivholzboden, 2 extra grossen Dreh-\/Kippfenstern und Doppelt\u00fcr. Optional mit farblicher Behandlung ab Werk in t\u00fcrkis oder hellgrau erh\u00e4ltlich.<\/p>\n<p>Grundfl\u00e4chen: 390 x 300 cm (Gr. 1), 390 x 390 cm (Gr. 2)<br \/>\nFarben: naturbelassen und hellgrau<\/p>\n<\/div>\n<\/div>\n<\/div>\n<\/div>\n","protected":false},"featured_media":26090,"template":"","meta":{"_acf_changed":false},"product_brand":[],"product_cat":[852],"product_tag":[834,803,789,865,833,820,2705,2707,821,5460,835,2622,795,764,816,786,826,827,802,859,2706,776,5459,567,1179,823,431,5458,4077,822],"woo-feed-brand":[],"class_list":{"0":"post-26083","1":"product","2":"type-product","3":"status-publish","4":"has-post-thumbnail","6":"product_cat-gartenhaeuser","7":"product_tag-blockbohlen","8":"product_tag-draussen","9":"product_tag-garten","10":"product_tag-garten-zubehoer","11":"product_tag-gartendesign","12":"product_tag-gartenhaus","13":"product_tag-gartenhaus-mit-doppeltuer","14":"product_tag-gartenhaus-mit-satteldach","15":"product_tag-gartenhaeuser","16":"product_tag-gartenhaeuser-schweiz","17":"product_tag-gartenoase","18":"product_tag-helles-gartenhaus","19":"product_tag-holz","20":"product_tag-massivholz","21":"product_tag-massivholzdach","22":"product_tag-modern","23":"product_tag-natur","24":"product_tag-naturbelassen","25":"product_tag-outdoor","26":"product_tag-praktisch","27":"product_tag-praktisches-gartenhaus","28":"product_tag-qualitaet","29":"product_tag-schweiz-gartenhaeuser","30":"product_tag-softub","31":"product_tag-softub-schweiz","32":"product_tag-spass","33":"product_tag-weka","34":"product_tag-weka-gartenhaeuser-schweiz","35":"product_tag-weka-schweiz","36":"product_tag-zuhause","37":"product_shipping_class-lkw-mit-kran-390","39":"first","40":"instock","41":"sale","42":"taxable","43":"shipping-taxable","44":"purchasable","45":"product-type-variable"},"acf":[],"yoast_head":"<!-- This site is optimized with the Yoast SEO Premium plugin v27.4 (Yoast SEO v27.4) - https:\/\/yoast.com\/product\/yoast-seo-premium-wordpress\/ -->\n<title>Weka Satteldach Gartenhaus\u00a0\u00a0- mit Dreh- Kippfenster<\/title>\n<meta name=\"description\" content=\"Das Weka Satteldach Gartenhaus! Optional mit farblicher Behandlung ab Werk in t\u00fcrkis oder hellgrau erh\u00e4ltlich.\" \/>\n<meta name=\"robots\" content=\"index, follow, max-snippet:-1, max-image-preview:large, max-video-preview:-1\" \/>\n<link rel=\"canonical\" href=\"https:\/\/www.softub.ch\/produkt\/weka-satteldach-gartenhaus\/\" \/>\n<meta property=\"og:locale\" content=\"fr_FR\" \/>\n<meta property=\"og:type\" content=\"article\" \/>\n<meta property=\"og:title\" content=\"Weka Gartenhaus 401 - mit Dreh- Kippfenster\" \/>\n<meta property=\"og:description\" content=\"Das Weka Satteldach Gartenhaus! Optional mit farblicher Behandlung ab Werk in t\u00fcrkis oder hellgrau erh\u00e4ltlich.\" \/>\n<meta property=\"og:url\" content=\"https:\/\/www.softub.ch\/produkt\/weka-satteldach-gartenhaus\/\" \/>\n<meta property=\"og:site_name\" content=\"Softub Schweiz\" \/>\n<meta property=\"article:publisher\" content=\"https:\/\/www.facebook.com\/softubschweiz\" \/>\n<meta property=\"article:modified_time\" content=\"2025-01-16T11:23:05+00:00\" \/>\n<meta property=\"og:image\" content=\"https:\/\/www.softub.ch\/wp-content\/uploads\/Weka-Gartenhaus-401-Softub-Schweiz-0.jpg\" \/>\n\t<meta property=\"og:image:width\" content=\"2520\" \/>\n\t<meta property=\"og:image:height\" content=\"1680\" \/>\n\t<meta property=\"og:image:type\" content=\"image\/jpeg\" \/>\n<meta name=\"twitter:card\" content=\"summary_large_image\" \/>\n<meta name=\"twitter:label1\" content=\"Dur\u00e9e de lecture estim\u00e9e\" \/>\n\t<meta name=\"twitter:data1\" content=\"4 minutes\" \/>\n<script type=\"application\/ld+json\" class=\"yoast-schema-graph\">{\"@context\":\"https:\\\/\\\/schema.org\",\"@graph\":[{\"@type\":\"WebPage\",\"@id\":\"https:\\\/\\\/www.softub.ch\\\/produkt\\\/weka-satteldach-gartenhaus\\\/\",\"url\":\"https:\\\/\\\/www.softub.ch\\\/produkt\\\/weka-satteldach-gartenhaus\\\/\",\"name\":\"Weka Satteldach Gartenhaus\u00a0\u00a0- mit Dreh- Kippfenster\",\"isPartOf\":{\"@id\":\"https:\\\/\\\/www.softub.ch\\\/fr\\\/#website\"},\"primaryImageOfPage\":{\"@id\":\"https:\\\/\\\/www.softub.ch\\\/produkt\\\/weka-satteldach-gartenhaus\\\/#primaryimage\"},\"image\":{\"@id\":\"https:\\\/\\\/www.softub.ch\\\/produkt\\\/weka-satteldach-gartenhaus\\\/#primaryimage\"},\"thumbnailUrl\":\"https:\\\/\\\/www.softub.ch\\\/wp-content\\\/uploads\\\/Weka-Gartenhaus-401-Softub-Schweiz-0.jpg\",\"datePublished\":\"2021-03-10T08:32:14+00:00\",\"dateModified\":\"2025-01-16T11:23:05+00:00\",\"description\":\"Das Weka Satteldach Gartenhaus! Optional mit farblicher Behandlung ab Werk in t\u00fcrkis oder hellgrau erh\u00e4ltlich.\",\"breadcrumb\":{\"@id\":\"https:\\\/\\\/www.softub.ch\\\/produkt\\\/weka-satteldach-gartenhaus\\\/#breadcrumb\"},\"inLanguage\":\"fr-FR\",\"potentialAction\":[{\"@type\":\"ReadAction\",\"target\":[\"https:\\\/\\\/www.softub.ch\\\/produkt\\\/weka-satteldach-gartenhaus\\\/\"]}]},{\"@type\":\"ImageObject\",\"inLanguage\":\"fr-FR\",\"@id\":\"https:\\\/\\\/www.softub.ch\\\/produkt\\\/weka-satteldach-gartenhaus\\\/#primaryimage\",\"url\":\"https:\\\/\\\/www.softub.ch\\\/wp-content\\\/uploads\\\/Weka-Gartenhaus-401-Softub-Schweiz-0.jpg\",\"contentUrl\":\"https:\\\/\\\/www.softub.ch\\\/wp-content\\\/uploads\\\/Weka-Gartenhaus-401-Softub-Schweiz-0.jpg\",\"width\":2520,\"height\":1680,\"caption\":\"Naturbelassenes Gartenhaus mit offen, stehender T\u00fcr mit Satteldach. Das Gartenhaus steht in einem grossen Garten vor einem See.\"},{\"@type\":\"BreadcrumbList\",\"@id\":\"https:\\\/\\\/www.softub.ch\\\/produkt\\\/weka-satteldach-gartenhaus\\\/#breadcrumb\",\"itemListElement\":[{\"@type\":\"ListItem\",\"position\":1,\"name\":\"Startseite\",\"item\":\"https:\\\/\\\/www.softub.ch\\\/fr\\\/\"},{\"@type\":\"ListItem\",\"position\":2,\"name\":\"Shop\",\"item\":\"https:\\\/\\\/www.softub.ch\\\/fr\\\/softub-suisse-shop\\\/\"},{\"@type\":\"ListItem\",\"position\":3,\"name\":\"Weka Gartenhaus 401 &#8211; mit Dreh- Kippfenster\"}]},{\"@type\":\"WebSite\",\"@id\":\"https:\\\/\\\/www.softub.ch\\\/fr\\\/#website\",\"url\":\"https:\\\/\\\/www.softub.ch\\\/fr\\\/\",\"name\":\"Softub Schweiz\",\"description\":\"Softub - Wir machen Ferien Zuhause\",\"publisher\":{\"@id\":\"https:\\\/\\\/www.softub.ch\\\/fr\\\/#organization\"},\"potentialAction\":[{\"@type\":\"SearchAction\",\"target\":{\"@type\":\"EntryPoint\",\"urlTemplate\":\"https:\\\/\\\/www.softub.ch\\\/fr\\\/?s={search_term_string}\"},\"query-input\":{\"@type\":\"PropertyValueSpecification\",\"valueRequired\":true,\"valueName\":\"search_term_string\"}}],\"inLanguage\":\"fr-FR\"},{\"@type\":\"Organization\",\"@id\":\"https:\\\/\\\/www.softub.ch\\\/fr\\\/#organization\",\"name\":\"Softub Schweiz AG\",\"url\":\"https:\\\/\\\/www.softub.ch\\\/fr\\\/\",\"logo\":{\"@type\":\"ImageObject\",\"inLanguage\":\"fr-FR\",\"@id\":\"https:\\\/\\\/www.softub.ch\\\/fr\\\/#\\\/schema\\\/logo\\\/image\\\/\",\"url\":\"https:\\\/\\\/www.softub.ch\\\/wp-content\\\/uploads\\\/Softub-Logo-Softub-Schweiz-.png\",\"contentUrl\":\"https:\\\/\\\/www.softub.ch\\\/wp-content\\\/uploads\\\/Softub-Logo-Softub-Schweiz-.png\",\"width\":200,\"height\":73,\"caption\":\"Softub Schweiz AG\"},\"image\":{\"@id\":\"https:\\\/\\\/www.softub.ch\\\/fr\\\/#\\\/schema\\\/logo\\\/image\\\/\"},\"sameAs\":[\"https:\\\/\\\/www.facebook.com\\\/softubschweiz\",\"https:\\\/\\\/www.instagram.com\\\/softub_schweiz\\\/\",\"https:\\\/\\\/ch.pinterest.com\\\/softub_schweiz\\\/\",\"https:\\\/\\\/www.linkedin.com\\\/company\\\/softub-schweiz-ag\\\/\"]}]}<\/script>\n<!-- \/ Yoast SEO Premium plugin. -->","yoast_head_json":{"title":"Weka Satteldach Gartenhaus\u00a0\u00a0- mit Dreh- Kippfenster","description":"Das Weka Satteldach Gartenhaus! Optional mit farblicher Behandlung ab Werk in t\u00fcrkis oder hellgrau erh\u00e4ltlich.","robots":{"index":"index","follow":"follow","max-snippet":"max-snippet:-1","max-image-preview":"max-image-preview:large","max-video-preview":"max-video-preview:-1"},"canonical":"https:\/\/www.softub.ch\/produkt\/weka-satteldach-gartenhaus\/","og_locale":"fr_FR","og_type":"article","og_title":"Weka Gartenhaus 401 - mit Dreh- Kippfenster","og_description":"Das Weka Satteldach Gartenhaus! Optional mit farblicher Behandlung ab Werk in t\u00fcrkis oder hellgrau erh\u00e4ltlich.","og_url":"https:\/\/www.softub.ch\/produkt\/weka-satteldach-gartenhaus\/","og_site_name":"Softub Schweiz","article_publisher":"https:\/\/www.facebook.com\/softubschweiz","article_modified_time":"2025-01-16T11:23:05+00:00","og_image":[{"width":2520,"height":1680,"url":"https:\/\/www.softub.ch\/wp-content\/uploads\/Weka-Gartenhaus-401-Softub-Schweiz-0.jpg","type":"image\/jpeg"}],"twitter_card":"summary_large_image","twitter_misc":{"Dur\u00e9e de lecture estim\u00e9e":"4 minutes"},"schema":{"@context":"https:\/\/schema.org","@graph":[{"@type":"WebPage","@id":"https:\/\/www.softub.ch\/produkt\/weka-satteldach-gartenhaus\/","url":"https:\/\/www.softub.ch\/produkt\/weka-satteldach-gartenhaus\/","name":"Weka Satteldach Gartenhaus\u00a0\u00a0- mit Dreh- Kippfenster","isPartOf":{"@id":"https:\/\/www.softub.ch\/fr\/#website"},"primaryImageOfPage":{"@id":"https:\/\/www.softub.ch\/produkt\/weka-satteldach-gartenhaus\/#primaryimage"},"image":{"@id":"https:\/\/www.softub.ch\/produkt\/weka-satteldach-gartenhaus\/#primaryimage"},"thumbnailUrl":"https:\/\/www.softub.ch\/wp-content\/uploads\/Weka-Gartenhaus-401-Softub-Schweiz-0.jpg","datePublished":"2021-03-10T08:32:14+00:00","dateModified":"2025-01-16T11:23:05+00:00","description":"Das Weka Satteldach Gartenhaus! Optional mit farblicher Behandlung ab Werk in t\u00fcrkis oder hellgrau erh\u00e4ltlich.","breadcrumb":{"@id":"https:\/\/www.softub.ch\/produkt\/weka-satteldach-gartenhaus\/#breadcrumb"},"inLanguage":"fr-FR","potentialAction":[{"@type":"ReadAction","target":["https:\/\/www.softub.ch\/produkt\/weka-satteldach-gartenhaus\/"]}]},{"@type":"ImageObject","inLanguage":"fr-FR","@id":"https:\/\/www.softub.ch\/produkt\/weka-satteldach-gartenhaus\/#primaryimage","url":"https:\/\/www.softub.ch\/wp-content\/uploads\/Weka-Gartenhaus-401-Softub-Schweiz-0.jpg","contentUrl":"https:\/\/www.softub.ch\/wp-content\/uploads\/Weka-Gartenhaus-401-Softub-Schweiz-0.jpg","width":2520,"height":1680,"caption":"Naturbelassenes Gartenhaus mit offen, stehender T\u00fcr mit Satteldach. Das Gartenhaus steht in einem grossen Garten vor einem See."},{"@type":"BreadcrumbList","@id":"https:\/\/www.softub.ch\/produkt\/weka-satteldach-gartenhaus\/#breadcrumb","itemListElement":[{"@type":"ListItem","position":1,"name":"Startseite","item":"https:\/\/www.softub.ch\/fr\/"},{"@type":"ListItem","position":2,"name":"Shop","item":"https:\/\/www.softub.ch\/fr\/softub-suisse-shop\/"},{"@type":"ListItem","position":3,"name":"Weka Gartenhaus 401 &#8211; mit Dreh- Kippfenster"}]},{"@type":"WebSite","@id":"https:\/\/www.softub.ch\/fr\/#website","url":"https:\/\/www.softub.ch\/fr\/","name":"Softub Schweiz","description":"Softub - Wir machen Ferien Zuhause","publisher":{"@id":"https:\/\/www.softub.ch\/fr\/#organization"},"potentialAction":[{"@type":"SearchAction","target":{"@type":"EntryPoint","urlTemplate":"https:\/\/www.softub.ch\/fr\/?s={search_term_string}"},"query-input":{"@type":"PropertyValueSpecification","valueRequired":true,"valueName":"search_term_string"}}],"inLanguage":"fr-FR"},{"@type":"Organization","@id":"https:\/\/www.softub.ch\/fr\/#organization","name":"Softub Schweiz AG","url":"https:\/\/www.softub.ch\/fr\/","logo":{"@type":"ImageObject","inLanguage":"fr-FR","@id":"https:\/\/www.softub.ch\/fr\/#\/schema\/logo\/image\/","url":"https:\/\/www.softub.ch\/wp-content\/uploads\/Softub-Logo-Softub-Schweiz-.png","contentUrl":"https:\/\/www.softub.ch\/wp-content\/uploads\/Softub-Logo-Softub-Schweiz-.png","width":200,"height":73,"caption":"Softub Schweiz AG"},"image":{"@id":"https:\/\/www.softub.ch\/fr\/#\/schema\/logo\/image\/"},"sameAs":["https:\/\/www.facebook.com\/softubschweiz","https:\/\/www.instagram.com\/softub_schweiz\/","https:\/\/ch.pinterest.com\/softub_schweiz\/","https:\/\/www.linkedin.com\/company\/softub-schweiz-ag\/"]}]}},"_links":{"self":[{"href":"https:\/\/www.softub.ch\/fr\/wp-json\/wp\/v2\/product\/26083","targetHints":{"allow":["GET"]}}],"collection":[{"href":"https:\/\/www.softub.ch\/fr\/wp-json\/wp\/v2\/product"}],"about":[{"href":"https:\/\/www.softub.ch\/fr\/wp-json\/wp\/v2\/types\/product"}],"wp:featuredmedia":[{"embeddable":true,"href":"https:\/\/www.softub.ch\/fr\/wp-json\/wp\/v2\/media\/26090"}],"wp:attachment":[{"href":"https:\/\/www.softub.ch\/fr\/wp-json\/wp\/v2\/media?parent=26083"}],"wp:term":[{"taxonomy":"product_brand","embeddable":true,"href":"https:\/\/www.softub.ch\/fr\/wp-json\/wp\/v2\/product_brand?post=26083"},{"taxonomy":"product_cat","embeddable":true,"href":"https:\/\/www.softub.ch\/fr\/wp-json\/wp\/v2\/product_cat?post=26083"},{"taxonomy":"product_tag","embeddable":true,"href":"https:\/\/www.softub.ch\/fr\/wp-json\/wp\/v2\/product_tag?post=26083"},{"taxonomy":"woo-feed-brand","embeddable":true,"href":"https:\/\/www.softub.ch\/fr\/wp-json\/wp\/v2\/woo-feed-brand?post=26083"}],"curies":[{"name":"wp","href":"https:\/\/api.w.org\/{rel}","templated":true}]}}